{"id":9888,"date":"2018-09-29T13:14:45","date_gmt":"2018-09-29T12:14:45","guid":{"rendered":"https:\/\/www.zensol.net\/?page_id=9888\/"},"modified":"2018-12-14T19:28:34","modified_gmt":"2018-12-14T18:28:34","slug":"videos-module-2","status":"publish","type":"page","link":"https:\/\/www.zensol.com\/fr\/videos\/videos-module-2\/","title":{"rendered":"Notions de synchronisation de disjoncteur &#8211; Videos Module 2"},"content":{"rendered":"<section  class='av_textblock_section av-av_textblock-0366cc7376be6c9e82a3e9cc8987b64f'  itemscope=\"itemscope\" itemtype=\"https:\/\/schema.org\/CreativeWork\" ><div class='avia_textblock'  itemprop=\"text\" ><h2 style=\"text-align: center;\">Videos &#8211; Module 2 &#8211;\u00a0Notions de synchronisation de disjoncteur<\/h2>\n<\/div><\/section>\n\n<style type=\"text\/css\" data-created_by=\"avia_inline_auto\" id=\"style-css-av-av_one_fourth-6126cab7d8fab8d08143dd2dacdf673c\">\n.flex_column.av-av_one_fourth-6126cab7d8fab8d08143dd2dacdf673c{\n-webkit-border-radius:0px 0px 0px 0px;\n-moz-border-radius:0px 0px 0px 0px;\nborder-radius:0px 0px 0px 0px;\npadding:0px 0px 0px 0px;\n}\n<\/style>\n<div class='flex_column av-av_one_fourth-6126cab7d8fab8d08143dd2dacdf673c av_one_fourth  avia-builder-el-1  el_after_av_textblock  el_before_av_one_fourth  first flex_column_div av-zero-column-padding column-top-margin'     ><div  class='avia-button-wrap av-av_button-02adffa052f67a1cf6b44c6e0fc21d19-wrap avia-button-center  avia-builder-el-2  avia-builder-el-no-sibling '>\n<style type=\"text\/css\" data-created_by=\"avia_inline_auto\" id=\"style-css-av-av_button-02adffa052f67a1cf6b44c6e0fc21d19\">\n#top #wrap_all .avia-button.av-av_button-02adffa052f67a1cf6b44c6e0fc21d19{\nbackground-color:#bfbfbf;\nborder-color:#bfbfbf;\ncolor:#ffffff;\n-webkit-transition:all 0.4s ease-in-out;\n-moz-transition:all 0.4s ease-in-out;\n-ms-transition:all 0.4s ease-in-out;\n-o-transition:all 0.4s ease-in-out;\ntransition:all 0.4s ease-in-out;\n}\n<\/style>\n<a href='https:\/\/www.zensol.com\/fr\/videos\/videos-module-1\/'  class='avia-button av-av_button-02adffa052f67a1cf6b44c6e0fc21d19 avia-icon_select-yes-left-icon avia-size-small avia-position-center'  ><span class='avia_button_icon avia_button_icon_left' aria-hidden='true' data-av_icon='\ue871' data-av_iconfont='entypo-fontello'><\/span><span class='avia_iconbox_title' >Module 1: Notions fondamentales en coupure de circuit \u00e9lectrique<\/span><\/a><\/div><\/div>\n\n<style type=\"text\/css\" data-created_by=\"avia_inline_auto\" id=\"style-css-av-av_one_fourth-0aa7055fe62c3622faec82866afbaeb2\">\n.flex_column.av-av_one_fourth-0aa7055fe62c3622faec82866afbaeb2{\n-webkit-border-radius:0px 0px 0px 0px;\n-moz-border-radius:0px 0px 0px 0px;\nborder-radius:0px 0px 0px 0px;\npadding:0px 0px 0px 0px;\n}\n<\/style>\n<div class='flex_column av-av_one_fourth-0aa7055fe62c3622faec82866afbaeb2 av_one_fourth  avia-builder-el-3  el_after_av_one_fourth  el_before_av_one_fourth  flex_column_div av-zero-column-padding column-top-margin'     ><div  class='avia-button-wrap av-av_button-a36632d1c2c0354bf02fffd4adc345fd-wrap avia-button-center  avia-builder-el-4  avia-builder-el-no-sibling '><a href='https:\/\/www.zensol.com\/fr\/videos\/videos-module-2\/'  class='avia-button av-av_button-a36632d1c2c0354bf02fffd4adc345fd avia-icon_select-yes-left-icon avia-size-small avia-position-center avia-color-theme-color'  ><span class='avia_button_icon avia_button_icon_left' aria-hidden='true' data-av_icon='\ue871' data-av_iconfont='entypo-fontello'><\/span><span class='avia_iconbox_title' >Module 2: Notions de synchronisation de disjoncteur<\/span><\/a><\/div><\/div>\n\n<style type=\"text\/css\" data-created_by=\"avia_inline_auto\" id=\"style-css-av-av_one_fourth-0aa7055fe62c3622faec82866afbaeb2\">\n.flex_column.av-av_one_fourth-0aa7055fe62c3622faec82866afbaeb2{\n-webkit-border-radius:0px 0px 0px 0px;\n-moz-border-radius:0px 0px 0px 0px;\nborder-radius:0px 0px 0px 0px;\npadding:0px 0px 0px 0px;\n}\n<\/style>\n<div class='flex_column av-av_one_fourth-0aa7055fe62c3622faec82866afbaeb2 av_one_fourth  avia-builder-el-5  el_after_av_one_fourth  el_before_av_one_fourth  flex_column_div av-zero-column-padding column-top-margin'     ><div  class='avia-button-wrap av-av_button-de2f834870cf386564b212ed98784b60-wrap avia-button-center  avia-builder-el-6  avia-builder-el-no-sibling '>\n<style type=\"text\/css\" data-created_by=\"avia_inline_auto\" id=\"style-css-av-av_button-de2f834870cf386564b212ed98784b60\">\n#top #wrap_all .avia-button.av-av_button-de2f834870cf386564b212ed98784b60{\nbackground-color:#bfbfbf;\nborder-color:#bfbfbf;\ncolor:#ffffff;\n-webkit-transition:all 0.4s ease-in-out;\n-moz-transition:all 0.4s ease-in-out;\n-ms-transition:all 0.4s ease-in-out;\n-o-transition:all 0.4s ease-in-out;\ntransition:all 0.4s ease-in-out;\n}\n<\/style>\n<a href='https:\/\/www.zensol.com\/fr\/videos\/videos-module-3\/'  class='avia-button av-av_button-de2f834870cf386564b212ed98784b60 avia-icon_select-yes-left-icon avia-size-small avia-position-center'  ><span class='avia_button_icon avia_button_icon_left' aria-hidden='true' data-av_icon='\ue871' data-av_iconfont='entypo-fontello'><\/span><span class='avia_iconbox_title' >Module 3: Instrument de mesure CBA-32P de Zensol<\/span><\/a><\/div><\/div>\n\n<style type=\"text\/css\" data-created_by=\"avia_inline_auto\" id=\"style-css-av-av_one_fourth-0aa7055fe62c3622faec82866afbaeb2\">\n.flex_column.av-av_one_fourth-0aa7055fe62c3622faec82866afbaeb2{\n-webkit-border-radius:0px 0px 0px 0px;\n-moz-border-radius:0px 0px 0px 0px;\nborder-radius:0px 0px 0px 0px;\npadding:0px 0px 0px 0px;\n}\n<\/style>\n<div class='flex_column av-av_one_fourth-0aa7055fe62c3622faec82866afbaeb2 av_one_fourth  avia-builder-el-7  el_after_av_one_fourth  el_before_av_one_full  flex_column_div av-zero-column-padding column-top-margin'     ><div  class='avia-button-wrap av-av_button-11bc200148c7253d1bdba389339aa70b-wrap avia-button-center  avia-builder-el-8  avia-builder-el-no-sibling '>\n<style type=\"text\/css\" data-created_by=\"avia_inline_auto\" id=\"style-css-av-av_button-11bc200148c7253d1bdba389339aa70b\">\n#top #wrap_all .avia-button.av-av_button-11bc200148c7253d1bdba389339aa70b{\nbackground-color:#bfbfbf;\nborder-color:#bfbfbf;\ncolor:#ffffff;\n-webkit-transition:all 0.4s ease-in-out;\n-moz-transition:all 0.4s ease-in-out;\n-ms-transition:all 0.4s ease-in-out;\n-o-transition:all 0.4s ease-in-out;\ntransition:all 0.4s ease-in-out;\n}\n<\/style>\n<a href='https:\/\/www.zensol.com\/fr\/videos\/videos-module-3a\/'  class='avia-button av-av_button-11bc200148c7253d1bdba389339aa70b avia-icon_select-yes-left-icon avia-size-small avia-position-center'  ><span class='avia_button_icon avia_button_icon_left' aria-hidden='true' data-av_icon='\ue871' data-av_iconfont='entypo-fontello'><\/span><span class='avia_iconbox_title' >Module 3A: Le CBA-32P et CBAWin, Notions avanc\u00e9es <\/span><\/a><\/div><\/div>\n<div class='flex_column av-av_one_full-2a9015ff38129c418a3f2eafba3e9512 av_one_full  avia-builder-el-9  el_after_av_one_fourth  el_before_av_one_fourth  first flex_column_div column-top-margin'     ><section  class='av_textblock_section av-av_textblock-0366cc7376be6c9e82a3e9cc8987b64f'  itemscope=\"itemscope\" itemtype=\"https:\/\/schema.org\/CreativeWork\" ><div class='avia_textblock'  itemprop=\"text\" ><p>Ces vid\u00e9os s&rsquo;adressent aux professionnels de l&rsquo;industrie \u00e9lectrique et sont produites par Zensol Automation Inc. Cette soci\u00e9t\u00e9 se sp\u00e9cialise principalement dans les instruments pour l&rsquo;industrie de l&rsquo;\u00e9nergie \u00e9lectrique et les entreprises de services de maintenance.<\/p>\n<\/div><\/section><\/div>\n<div class='flex_column av-av_one_fourth-2a9015ff38129c418a3f2eafba3e9512 av_one_fourth  avia-builder-el-11  el_after_av_one_full  el_before_av_one_fourth  first flex_column_div column-top-margin'     ><div  class='avia-button-wrap avia-button-center  avia-builder-el-12  avia-builder-el-no-sibling '>\n<style type=\"text\/css\" data-created_by=\"avia_inline_auto\" id=\"style-css-av-av_button_big-2197d08fe6869c57ae5bde4d4f037d2f\">\n#top #wrap_all .avia-button.av-av_button_big-2197d08fe6869c57ae5bde4d4f037d2f{\ncolor:#ffffff;\n-webkit-transition:all 0.4s ease-in-out;\n-moz-transition:all 0.4s ease-in-out;\n-ms-transition:all 0.4s ease-in-out;\n-o-transition:all 0.4s ease-in-out;\ntransition:all 0.4s ease-in-out;\n}\n#top #wrap_all .avia-button.av-av_button_big-2197d08fe6869c57ae5bde4d4f037d2f:hover{\nbackground-color:green;\ncolor:#ffffff;\n-webkit-transition:all 0.4s ease-in-out;\n-moz-transition:all 0.4s ease-in-out;\n-ms-transition:all 0.4s ease-in-out;\n-o-transition:all 0.4s ease-in-out;\ntransition:all 0.4s ease-in-out;\n}\n<\/style>\n<a href='#section1' class='avia-color-grey avia-button avia-button-fullwidth av-av_button_big-2197d08fe6869c57ae5bde4d4f037d2f avia-icon_select-no avia-color-grey'  ><span class='avia_iconbox_title' >Notions de synchronisation<\/span><\/a><\/div><\/div>\n\n<style type=\"text\/css\" data-created_by=\"avia_inline_auto\" id=\"style-css-av-av_one_fourth-0aa7055fe62c3622faec82866afbaeb2\">\n.flex_column.av-av_one_fourth-0aa7055fe62c3622faec82866afbaeb2{\n-webkit-border-radius:0px 0px 0px 0px;\n-moz-border-radius:0px 0px 0px 0px;\nborder-radius:0px 0px 0px 0px;\npadding:0px 0px 0px 0px;\n}\n<\/style>\n<div class='flex_column av-av_one_fourth-0aa7055fe62c3622faec82866afbaeb2 av_one_fourth  avia-builder-el-13  el_after_av_one_fourth  el_before_av_one_fourth  flex_column_div av-zero-column-padding column-top-margin'     ><div  class='avia-button-wrap avia-button-center  avia-builder-el-14  avia-builder-el-no-sibling '>\n<style type=\"text\/css\" data-created_by=\"avia_inline_auto\" id=\"style-css-av-av_button_big-ed202ade52084f8f5bef59ac8ee034d6\">\n#top #wrap_all .avia-button.av-av_button_big-ed202ade52084f8f5bef59ac8ee034d6{\ncolor:#ffffff;\n-webkit-transition:all 0.4s ease-in-out;\n-moz-transition:all 0.4s ease-in-out;\n-ms-transition:all 0.4s ease-in-out;\n-o-transition:all 0.4s ease-in-out;\ntransition:all 0.4s ease-in-out;\n}\n#top #wrap_all .avia-button.av-av_button_big-ed202ade52084f8f5bef59ac8ee034d6:hover{\nbackground-color:green;\ncolor:#ffffff;\n-webkit-transition:all 0.4s ease-in-out;\n-moz-transition:all 0.4s ease-in-out;\n-ms-transition:all 0.4s ease-in-out;\n-o-transition:all 0.4s ease-in-out;\ntransition:all 0.4s ease-in-out;\n}\n<\/style>\n<a href='#section2' class='avia-color-grey avia-button avia-button-fullwidth av-av_button_big-ed202ade52084f8f5bef59ac8ee034d6 avia-icon_select-no avia-color-grey'  ><span class='avia_iconbox_title' >Identification des points de branchement de c\u00e2bles<\/span><\/a><\/div><\/div>\n\n<style type=\"text\/css\" data-created_by=\"avia_inline_auto\" id=\"style-css-av-av_one_fourth-0aa7055fe62c3622faec82866afbaeb2\">\n.flex_column.av-av_one_fourth-0aa7055fe62c3622faec82866afbaeb2{\n-webkit-border-radius:0px 0px 0px 0px;\n-moz-border-radius:0px 0px 0px 0px;\nborder-radius:0px 0px 0px 0px;\npadding:0px 0px 0px 0px;\n}\n<\/style>\n<div class='flex_column av-av_one_fourth-0aa7055fe62c3622faec82866afbaeb2 av_one_fourth  avia-builder-el-15  el_after_av_one_fourth  el_before_av_hr  flex_column_div av-zero-column-padding column-top-margin'     ><div  class='avia-button-wrap avia-button-center  avia-builder-el-16  avia-builder-el-no-sibling '>\n<style type=\"text\/css\" data-created_by=\"avia_inline_auto\" id=\"style-css-av-av_button_big-c66d542b30c2f8a1373ef60a31ffba89\">\n#top #wrap_all .avia-button.av-av_button_big-c66d542b30c2f8a1373ef60a31ffba89{\ncolor:#ffffff;\n-webkit-transition:all 0.4s ease-in-out;\n-moz-transition:all 0.4s ease-in-out;\n-ms-transition:all 0.4s ease-in-out;\n-o-transition:all 0.4s ease-in-out;\ntransition:all 0.4s ease-in-out;\n}\n#top #wrap_all .avia-button.av-av_button_big-c66d542b30c2f8a1373ef60a31ffba89:hover{\nbackground-color:green;\ncolor:#ffffff;\n-webkit-transition:all 0.4s ease-in-out;\n-moz-transition:all 0.4s ease-in-out;\n-ms-transition:all 0.4s ease-in-out;\n-o-transition:all 0.4s ease-in-out;\ntransition:all 0.4s ease-in-out;\n}\n<\/style>\n<a href='#section3' class='avia-color-grey avia-button avia-button-fullwidth av-av_button_big-c66d542b30c2f8a1373ef60a31ffba89 avia-icon_select-no avia-color-grey'  ><span class='avia_iconbox_title' >Emplacement des capteurs de d\u00e9placement et proc\u00e9dure d\u2019installation<\/span><\/a><\/div><\/div>\n<div  class='hr av-av_hr-dcd2069817a0e3d34ae04cad8f3443c7 hr-default  avia-builder-el-17  el_after_av_one_fourth  el_before_av_textblock '><span class='hr-inner '><span class=\"hr-inner-style\"><\/span><\/span><\/div>\n<section  class='av_textblock_section av-av_textblock-0366cc7376be6c9e82a3e9cc8987b64f'  itemscope=\"itemscope\" itemtype=\"https:\/\/schema.org\/CreativeWork\" ><div class='avia_textblock'  itemprop=\"text\" ><h3 id=\"section1\"><span style=\"color: #008000;\">Notions de synchronisation\u00a0<\/span><\/h3>\n<\/div><\/section>\n<section  class='av_textblock_section av-av_textblock-0366cc7376be6c9e82a3e9cc8987b64f'  itemscope=\"itemscope\" itemtype=\"https:\/\/schema.org\/CreativeWork\" ><div class='avia_textblock'  itemprop=\"text\" ><div>Cette vid\u00e9o explique la synchronisation du disjoncteur et quand elle est faite: Partie Haute tension et partie commande. V\u00e9rifier les temps d&rsquo;op\u00e9ration m\u00e9canique des disjoncteurs est primordiale.\u00a0 Ces temps constituent une sorte de signature fonctionnelle.<\/div>\n<div>Le fait de ne pas respecter les sp\u00e9cifications temporelles demand\u00e9es peut avoir des cons\u00e9quence graves sur l&rsquo;\u00e9quipement, allant jusqu&rsquo;\u00e0 sa destruction.<\/div>\n<\/div><\/section>\n\n<style type=\"text\/css\" data-created_by=\"avia_inline_auto\" id=\"style-css-av-av_four_fifth-6126cab7d8fab8d08143dd2dacdf673c\">\n.flex_column.av-av_four_fifth-6126cab7d8fab8d08143dd2dacdf673c{\n-webkit-border-radius:0px 0px 0px 0px;\n-moz-border-radius:0px 0px 0px 0px;\nborder-radius:0px 0px 0px 0px;\npadding:0px 0px 0px 0px;\n}\n<\/style>\n<div class='flex_column av-av_four_fifth-6126cab7d8fab8d08143dd2dacdf673c av_four_fifth  avia-builder-el-20  el_after_av_textblock  el_before_av_hr  first flex_column_div av-zero-column-padding column-top-margin'     ><div  class='avia-video av-av_video-bf954d215156a0c60e9eddef656d835d avia-video-16-9 av-no-preview-image avia-video-load-always avia-video-html5'  itemprop=\"video\" itemtype=\"https:\/\/schema.org\/VideoObject\"  data-original_url='https:\/\/www.zensol.com\/wp-content\/uploads\/2018\/09\/Module-2-VID\u00c9O-5FR_Reduit.mp4'><video class='avia_video'    preload=\"auto\"  controls id='player_9888_1349163747_1053134641'><source src='https:\/\/www.zensol.com\/wp-content\/uploads\/2018\/09\/Module-2-VID\u00c9O-5FR_Reduit.mp4' type='video\/mp4' \/><\/video><\/div><\/div>\n<div  class='hr av-av_hr-dcd2069817a0e3d34ae04cad8f3443c7 hr-default  avia-builder-el-22  el_after_av_four_fifth  el_before_av_textblock '><span class='hr-inner '><span class=\"hr-inner-style\"><\/span><\/span><\/div>\n<section  class='av_textblock_section av-av_textblock-0366cc7376be6c9e82a3e9cc8987b64f'  itemscope=\"itemscope\" itemtype=\"https:\/\/schema.org\/CreativeWork\" ><div class='avia_textblock'  itemprop=\"text\" ><h3 id=\"section2\"><span style=\"color: #339966;\">Identification des points de branchement de c\u00e2bles\u00a0<\/span><\/h3>\n<\/div><\/section>\n<section  class='av_textblock_section av-av_textblock-0366cc7376be6c9e82a3e9cc8987b64f'  itemscope=\"itemscope\" itemtype=\"https:\/\/schema.org\/CreativeWork\" ><div class='avia_textblock'  itemprop=\"text\" ><div>\n<div>Cette vid\u00e9o montre comment choisir un essai standard ou d\u00e9taill\u00e9 puis comment brancher les c\u00e2bles en fonction du plan d&rsquo;essai choisi.<\/div>\n<\/div>\n<\/div><\/section>\n\n<style type=\"text\/css\" data-created_by=\"avia_inline_auto\" id=\"style-css-av-av_four_fifth-6126cab7d8fab8d08143dd2dacdf673c\">\n.flex_column.av-av_four_fifth-6126cab7d8fab8d08143dd2dacdf673c{\n-webkit-border-radius:0px 0px 0px 0px;\n-moz-border-radius:0px 0px 0px 0px;\nborder-radius:0px 0px 0px 0px;\npadding:0px 0px 0px 0px;\n}\n<\/style>\n<div class='flex_column av-av_four_fifth-6126cab7d8fab8d08143dd2dacdf673c av_four_fifth  avia-builder-el-25  el_after_av_textblock  el_before_av_hr  first flex_column_div av-zero-column-padding column-top-margin'     ><div  class='avia-video av-av_video-39d455801334e7f2b4ac67906cde0d67 avia-video-16-9 av-no-preview-image avia-video-load-always avia-video-html5'  itemprop=\"video\" itemtype=\"https:\/\/schema.org\/VideoObject\"  data-original_url='https:\/\/www.zensol.com\/wp-content\/uploads\/2018\/09\/Module-2-VID\u00c9O-6FR_Reduit.mp4'><video class='avia_video'    preload=\"auto\"  controls id='player_9888_451054081_309165887'><source src='https:\/\/www.zensol.com\/wp-content\/uploads\/2018\/09\/Module-2-VID\u00c9O-6FR_Reduit.mp4' type='video\/mp4' \/><\/video><\/div><\/div>\n<div  class='hr av-av_hr-dcd2069817a0e3d34ae04cad8f3443c7 hr-default  avia-builder-el-27  el_after_av_four_fifth  el_before_av_textblock '><span class='hr-inner '><span class=\"hr-inner-style\"><\/span><\/span><\/div>\n<section  class='av_textblock_section av-av_textblock-0366cc7376be6c9e82a3e9cc8987b64f'  itemscope=\"itemscope\" itemtype=\"https:\/\/schema.org\/CreativeWork\" ><div class='avia_textblock'  itemprop=\"text\" ><h3 id=\"section3\"><span style=\"color: #339966;\">Emplacement des capteurs de d\u00e9placement et proc\u00e9dure d&rsquo;installation\u00a0<\/span><\/h3>\n<\/div><\/section>\n<section  class='av_textblock_section av-av_textblock-0366cc7376be6c9e82a3e9cc8987b64f'  itemscope=\"itemscope\" itemtype=\"https:\/\/schema.org\/CreativeWork\" ><div class='avia_textblock'  itemprop=\"text\" ><div>Cette vid\u00e9o introduit les diff\u00e9rents types de capteurs de d\u00e9placement, les exemples d\u2019installation de capteur de d\u00e9placement sur quelques disjoncteurs avec des courbes et quelques recommandations pour l\u2019installation des capteurs. Certains capteurs sont de nature analogique tels que les capteurs r\u00e9sistifs, lin\u00e9aires ou rotatifs. D\u2019autres sont de nature digitale tels que les encodeurs optiques. Pour \u00eatre op\u00e9rationnel, ces capteurs doivent etre mont\u00e9s sur des adaptateurs m\u00e9caniques pour capturer et enregistrer les mouvements des contacts mobiles des disjoncteurs.<\/div>\n<div>Le mouvement du m\u00e9canisme de d\u00e9placement du disjoncteur nous donne une bonne indication du type de capteur et de l\u2019adaptateur m\u00e9canique \u00e0 utiliser.<\/div>\n<\/div><\/section>\n\n<style type=\"text\/css\" data-created_by=\"avia_inline_auto\" id=\"style-css-av-av_four_fifth-6126cab7d8fab8d08143dd2dacdf673c\">\n.flex_column.av-av_four_fifth-6126cab7d8fab8d08143dd2dacdf673c{\n-webkit-border-radius:0px 0px 0px 0px;\n-moz-border-radius:0px 0px 0px 0px;\nborder-radius:0px 0px 0px 0px;\npadding:0px 0px 0px 0px;\n}\n<\/style>\n<div class='flex_column av-av_four_fifth-6126cab7d8fab8d08143dd2dacdf673c av_four_fifth  avia-builder-el-30  el_after_av_textblock  el_before_av_hr  first flex_column_div av-zero-column-padding column-top-margin'     ><div  class='avia-video av-av_video-798299b9cc94d85510ffce22414115b9 avia-video-16-9 av-no-preview-image avia-video-load-always avia-video-html5'  itemprop=\"video\" itemtype=\"https:\/\/schema.org\/VideoObject\"  data-original_url='https:\/\/www.zensol.com\/wp-content\/uploads\/2018\/09\/Module-2-VID\u00c9O-7FR_Reduit.mp4'><video class='avia_video'    preload=\"auto\"  controls id='player_9888_1386566229_1712457198'><source src='https:\/\/www.zensol.com\/wp-content\/uploads\/2018\/09\/Module-2-VID\u00c9O-7FR_Reduit.mp4' type='video\/mp4' \/><\/video><\/div><\/div>\n<div  class='hr av-av_hr-dcd2069817a0e3d34ae04cad8f3443c7 hr-default  avia-builder-el-32  el_after_av_four_fifth  avia-builder-el-last '><span class='hr-inner '><span class=\"hr-inner-style\"><\/span><\/span><\/div>\n","protected":false},"excerpt":{"rendered":"","protected":false},"author":1,"featured_media":0,"parent":9955,"menu_order":0,"comment_status":"closed","ping_status":"closed","template":"","meta":{"footnotes":""},"class_list":["post-9888","page","type-page","status-publish","hentry"],"yoast_head":"<!-- This site is optimized with the Yoast SEO plugin v26.3 - https:\/\/yoast.com\/wordpress\/plugins\/seo\/ -->\n<title>Notions de synchronisation de disjoncteur - Videos Module 2 - Zensol<\/title>\n<meta name=\"robots\" content=\"index, follow, max-snippet:-1, max-image-preview:large, max-video-preview:-1\" \/>\n<link rel=\"canonical\" href=\"https:\/\/www.zensol.com\/fr\/videos\/videos-module-2\/\" \/>\n<meta property=\"og:locale\" content=\"fr_FR\" \/>\n<meta property=\"og:type\" content=\"article\" \/>\n<meta property=\"og:title\" content=\"Notions de synchronisation de disjoncteur - Videos Module 2 - Zensol\" \/>\n<meta property=\"og:url\" content=\"https:\/\/www.zensol.com\/fr\/videos\/videos-module-2\/\" \/>\n<meta property=\"og:site_name\" content=\"Zensol\" \/>\n<meta property=\"article:modified_time\" content=\"2018-12-14T18:28:34+00:00\" \/>\n<meta name=\"twitter:label1\" content=\"Dur\u00e9e de lecture estim\u00e9e\" \/>\n\t<meta name=\"twitter:data1\" content=\"7 minutes\" \/>\n<script type=\"application\/ld+json\" class=\"yoast-schema-graph\">{\"@context\":\"https:\/\/schema.org\",\"@graph\":[{\"@type\":\"WebPage\",\"@id\":\"https:\/\/www.zensol.com\/fr\/videos\/videos-module-2\/\",\"url\":\"https:\/\/www.zensol.com\/fr\/videos\/videos-module-2\/\",\"name\":\"Notions de synchronisation de disjoncteur - Videos Module 2 - Zensol\",\"isPartOf\":{\"@id\":\"https:\/\/www.zensol.com\/#website\"},\"datePublished\":\"2018-09-29T12:14:45+00:00\",\"dateModified\":\"2018-12-14T18:28:34+00:00\",\"breadcrumb\":{\"@id\":\"https:\/\/www.zensol.com\/fr\/videos\/videos-module-2\/#breadcrumb\"},\"inLanguage\":\"fr-FR\",\"potentialAction\":[{\"@type\":\"ReadAction\",\"target\":[\"https:\/\/www.zensol.com\/fr\/videos\/videos-module-2\/\"]}]},{\"@type\":\"BreadcrumbList\",\"@id\":\"https:\/\/www.zensol.com\/fr\/videos\/videos-module-2\/#breadcrumb\",\"itemListElement\":[{\"@type\":\"ListItem\",\"position\":1,\"name\":\"Videos\",\"item\":\"https:\/\/www.zensol.com\/fr\/videos\/\"},{\"@type\":\"ListItem\",\"position\":2,\"name\":\"Notions de synchronisation de disjoncteur &#8211; Videos Module 2\"}]},{\"@type\":\"WebSite\",\"@id\":\"https:\/\/www.zensol.com\/#website\",\"url\":\"https:\/\/www.zensol.com\/\",\"name\":\"Zensol\",\"description\":\"The Circuit Breaker, Recloser and Tap-Changer Instrument Test Specialist\",\"potentialAction\":[{\"@type\":\"SearchAction\",\"target\":{\"@type\":\"EntryPoint\",\"urlTemplate\":\"https:\/\/www.zensol.com\/?s={search_term_string}\"},\"query-input\":{\"@type\":\"PropertyValueSpecification\",\"valueRequired\":true,\"valueName\":\"search_term_string\"}}],\"inLanguage\":\"fr-FR\"}]}<\/script>\n<!-- \/ Yoast SEO plugin. -->","yoast_head_json":{"title":"Notions de synchronisation de disjoncteur - Videos Module 2 - Zensol","robots":{"index":"index","follow":"follow","max-snippet":"max-snippet:-1","max-image-preview":"max-image-preview:large","max-video-preview":"max-video-preview:-1"},"canonical":"https:\/\/www.zensol.com\/fr\/videos\/videos-module-2\/","og_locale":"fr_FR","og_type":"article","og_title":"Notions de synchronisation de disjoncteur - Videos Module 2 - Zensol","og_url":"https:\/\/www.zensol.com\/fr\/videos\/videos-module-2\/","og_site_name":"Zensol","article_modified_time":"2018-12-14T18:28:34+00:00","twitter_misc":{"Dur\u00e9e de lecture estim\u00e9e":"7 minutes"},"schema":{"@context":"https:\/\/schema.org","@graph":[{"@type":"WebPage","@id":"https:\/\/www.zensol.com\/fr\/videos\/videos-module-2\/","url":"https:\/\/www.zensol.com\/fr\/videos\/videos-module-2\/","name":"Notions de synchronisation de disjoncteur - Videos Module 2 - Zensol","isPartOf":{"@id":"https:\/\/www.zensol.com\/#website"},"datePublished":"2018-09-29T12:14:45+00:00","dateModified":"2018-12-14T18:28:34+00:00","breadcrumb":{"@id":"https:\/\/www.zensol.com\/fr\/videos\/videos-module-2\/#breadcrumb"},"inLanguage":"fr-FR","potentialAction":[{"@type":"ReadAction","target":["https:\/\/www.zensol.com\/fr\/videos\/videos-module-2\/"]}]},{"@type":"BreadcrumbList","@id":"https:\/\/www.zensol.com\/fr\/videos\/videos-module-2\/#breadcrumb","itemListElement":[{"@type":"ListItem","position":1,"name":"Videos","item":"https:\/\/www.zensol.com\/fr\/videos\/"},{"@type":"ListItem","position":2,"name":"Notions de synchronisation de disjoncteur &#8211; Videos Module 2"}]},{"@type":"WebSite","@id":"https:\/\/www.zensol.com\/#website","url":"https:\/\/www.zensol.com\/","name":"Zensol","description":"The Circuit Breaker, Recloser and Tap-Changer Instrument Test Specialist","potentialAction":[{"@type":"SearchAction","target":{"@type":"EntryPoint","urlTemplate":"https:\/\/www.zensol.com\/?s={search_term_string}"},"query-input":{"@type":"PropertyValueSpecification","valueRequired":true,"valueName":"search_term_string"}}],"inLanguage":"fr-FR"}]}},"_links":{"self":[{"href":"https:\/\/www.zensol.com\/fr\/wp-json\/wp\/v2\/pages\/9888","targetHints":{"allow":["GET"]}}],"collection":[{"href":"https:\/\/www.zensol.com\/fr\/wp-json\/wp\/v2\/pages"}],"about":[{"href":"https:\/\/www.zensol.com\/fr\/wp-json\/wp\/v2\/types\/page"}],"author":[{"embeddable":true,"href":"https:\/\/www.zensol.com\/fr\/wp-json\/wp\/v2\/users\/1"}],"replies":[{"embeddable":true,"href":"https:\/\/www.zensol.com\/fr\/wp-json\/wp\/v2\/comments?post=9888"}],"version-history":[{"count":12,"href":"https:\/\/www.zensol.com\/fr\/wp-json\/wp\/v2\/pages\/9888\/revisions"}],"predecessor-version":[{"id":10576,"href":"https:\/\/www.zensol.com\/fr\/wp-json\/wp\/v2\/pages\/9888\/revisions\/10576"}],"up":[{"embeddable":true,"href":"https:\/\/www.zensol.com\/fr\/wp-json\/wp\/v2\/pages\/9955"}],"wp:attachment":[{"href":"https:\/\/www.zensol.com\/fr\/wp-json\/wp\/v2\/media?parent=9888"}],"curies":[{"name":"wp","href":"https:\/\/api.w.org\/{rel}","templated":true}]}}