{"id":6707,"date":"2017-10-27T16:48:05","date_gmt":"2017-10-27T15:48:05","guid":{"rendered":"https:\/\/www.zensol.net\/6697-2\/"},"modified":"2018-01-07T19:28:41","modified_gmt":"2018-01-07T18:28:41","slug":"6697-2","status":"publish","type":"page","link":"https:\/\/www.zensol.com\/fr\/6697-2\/","title":{"rendered":"Simplification des tests"},"content":{"rendered":"<div id='portfolio'  class='avia-section av-av_section-396cc88ea2a41bc1ffcb727f75912b01 alternate_color avia-section-large avia-shadow  avia-builder-el-0  avia-builder-el-no-sibling  avia-bg-style-scroll container_wrap sidebar_right'  ><div class='container av-section-cont-open' ><main  role=\"main\" itemprop=\"mainContentOfPage\"  class='template-page content  av-content-small alpha units'><div class='post-entry post-entry-type-page post-entry-6707'><div class='entry-content-wrapper clearfix'>\n<div class='flex_column av-av_one_full-2a9015ff38129c418a3f2eafba3e9512 av_one_full  avia-builder-el-1  avia-builder-el-no-sibling  first flex_column_div '     ><section  class='av_textblock_section av-av_textblock-0366cc7376be6c9e82a3e9cc8987b64f'  itemscope=\"itemscope\" itemtype=\"https:\/\/schema.org\/CreativeWork\" ><div class='avia_textblock'  itemprop=\"text\" ><p>Tr\u00e8s cher client,<\/p>\n<p>Nous vous avons \u00e9cout\u00e9 et nous avons travaill\u00e9 tr\u00e8s fort pour simplifier vos tests.\u00a0 Dans un processus d&rsquo;am\u00e9lioration continue, nous sommes arriv\u00e9s \u00e0 une nouvelle fa\u00e7on de faire qui allie:<\/p>\n<p><strong>Simplicit\u00e9 <\/strong>: D\u00e9sormais, pour pouvoir tester l&rsquo;ensemble de vos disjoncteurs vous n&rsquo;avez besoin que de <strong>4 plans d&rsquo;essais universels Zensol.<\/strong><\/p>\n<p><strong>Flexibilit\u00e9 <\/strong>: Un seul fichier calcul et un seul rapport tabulaire, compatible avec tous les CBA-32P et pour diagnostiquer tous les types de disjoncteurs.<\/p>\n<p><strong>Continuit\u00e9 <\/strong>: Si vous saviez utiliser votre CBA-32P hier, vous savez encore l&rsquo;utiliser aujourd&rsquo;hui.\u00a0 Rien ne change! Idem pour le transfert EVA.<\/p>\n<p>La solution ZEN!<\/p>\n<p>Hydro-Qu\u00e9bec et Zensol, c&rsquo;est plus de 28 ans de collaboration et nous en sommes tr\u00e8s fiers.<\/p>\n<p>Merci!<\/p>\n<p><em>Si vous \u00eates int\u00e9ress\u00e9s par nos 4 plans d\u2019essais universels, <\/em><\/p>\n<p><strong><em><a href=\"https:\/\/www.zensol.com\/fr\/contacter-zensol\/\">Contactez-nous:<\/a><\/em><\/strong><\/p>\n<p><em>(514) 333-3488 Ext#1<\/em><\/p>\n<p><em>info.support@zensol.com<\/em><\/p>\n<\/div><\/section><\/div>\n<\/div><\/div><\/main><!-- close content main element --><\/div><\/div><div id='after_section_1'  class='main_color av_default_container_wrap container_wrap sidebar_right'  ><div class='container av-section-cont-open' ><div class='template-page content  av-content-small alpha units'><div class='post-entry post-entry-type-page post-entry-6707'><div class='entry-content-wrapper clearfix'>\n","protected":false},"excerpt":{"rendered":"","protected":false},"author":1,"featured_media":0,"parent":0,"menu_order":0,"comment_status":"closed","ping_status":"closed","template":"","meta":{"footnotes":""},"class_list":["post-6707","page","type-page","status-publish","hentry"],"yoast_head":"<!-- This site is optimized with the Yoast SEO plugin v27.6 - https:\/\/yoast.com\/product\/yoast-seo-wordpress\/ -->\n<title>Simplification des tests - Zensol<\/title>\n<meta name=\"robots\" content=\"noindex, follow\" \/>\n<meta property=\"og:locale\" content=\"fr_FR\" \/>\n<meta property=\"og:type\" content=\"article\" \/>\n<meta property=\"og:title\" content=\"Simplification des tests - Zensol\" \/>\n<meta property=\"og:url\" content=\"https:\/\/www.zensol.com\/fr\/6697-2\/\" \/>\n<meta property=\"og:site_name\" content=\"Zensol\" \/>\n<meta property=\"article:modified_time\" content=\"2018-01-07T18:28:41+00:00\" \/>\n<meta name=\"twitter:label1\" content=\"Dur\u00e9e de lecture estim\u00e9e\" \/>\n\t<meta name=\"twitter:data1\" content=\"1 minute\" \/>\n<script type=\"application\/ld+json\" class=\"yoast-schema-graph\">{\"@context\":\"https:\\\/\\\/schema.org\",\"@graph\":[{\"@type\":\"WebPage\",\"@id\":\"https:\\\/\\\/www.zensol.com\\\/fr\\\/6697-2\\\/\",\"url\":\"https:\\\/\\\/www.zensol.com\\\/fr\\\/6697-2\\\/\",\"name\":\"Simplification des tests - Zensol\",\"isPartOf\":{\"@id\":\"https:\\\/\\\/www.zensol.com\\\/#website\"},\"datePublished\":\"2017-10-27T15:48:05+00:00\",\"dateModified\":\"2018-01-07T18:28:41+00:00\",\"inLanguage\":\"fr-FR\",\"potentialAction\":[{\"@type\":\"ReadAction\",\"target\":[\"https:\\\/\\\/www.zensol.com\\\/fr\\\/6697-2\\\/\"]}]},{\"@type\":\"WebSite\",\"@id\":\"https:\\\/\\\/www.zensol.com\\\/#website\",\"url\":\"https:\\\/\\\/www.zensol.com\\\/\",\"name\":\"Zensol\",\"description\":\"The Circuit Breaker, Recloser and Tap-Changer Instrument Test Specialist\",\"potentialAction\":[{\"@type\":\"SearchAction\",\"target\":{\"@type\":\"EntryPoint\",\"urlTemplate\":\"https:\\\/\\\/www.zensol.com\\\/?s={search_term_string}\"},\"query-input\":{\"@type\":\"PropertyValueSpecification\",\"valueRequired\":true,\"valueName\":\"search_term_string\"}}],\"inLanguage\":\"fr-FR\"}]}<\/script>\n<!-- \/ Yoast SEO plugin. -->","yoast_head_json":{"title":"Simplification des tests - Zensol","robots":{"index":"noindex","follow":"follow"},"og_locale":"fr_FR","og_type":"article","og_title":"Simplification des tests - Zensol","og_url":"https:\/\/www.zensol.com\/fr\/6697-2\/","og_site_name":"Zensol","article_modified_time":"2018-01-07T18:28:41+00:00","twitter_misc":{"Dur\u00e9e de lecture estim\u00e9e":"1 minute"},"schema":{"@context":"https:\/\/schema.org","@graph":[{"@type":"WebPage","@id":"https:\/\/www.zensol.com\/fr\/6697-2\/","url":"https:\/\/www.zensol.com\/fr\/6697-2\/","name":"Simplification des tests - Zensol","isPartOf":{"@id":"https:\/\/www.zensol.com\/#website"},"datePublished":"2017-10-27T15:48:05+00:00","dateModified":"2018-01-07T18:28:41+00:00","inLanguage":"fr-FR","potentialAction":[{"@type":"ReadAction","target":["https:\/\/www.zensol.com\/fr\/6697-2\/"]}]},{"@type":"WebSite","@id":"https:\/\/www.zensol.com\/#website","url":"https:\/\/www.zensol.com\/","name":"Zensol","description":"The Circuit Breaker, Recloser and Tap-Changer Instrument Test Specialist","potentialAction":[{"@type":"SearchAction","target":{"@type":"EntryPoint","urlTemplate":"https:\/\/www.zensol.com\/?s={search_term_string}"},"query-input":{"@type":"PropertyValueSpecification","valueRequired":true,"valueName":"search_term_string"}}],"inLanguage":"fr-FR"}]}},"_links":{"self":[{"href":"https:\/\/www.zensol.com\/fr\/wp-json\/wp\/v2\/pages\/6707","targetHints":{"allow":["GET"]}}],"collection":[{"href":"https:\/\/www.zensol.com\/fr\/wp-json\/wp\/v2\/pages"}],"about":[{"href":"https:\/\/www.zensol.com\/fr\/wp-json\/wp\/v2\/types\/page"}],"author":[{"embeddable":true,"href":"https:\/\/www.zensol.com\/fr\/wp-json\/wp\/v2\/users\/1"}],"replies":[{"embeddable":true,"href":"https:\/\/www.zensol.com\/fr\/wp-json\/wp\/v2\/comments?post=6707"}],"version-history":[{"count":14,"href":"https:\/\/www.zensol.com\/fr\/wp-json\/wp\/v2\/pages\/6707\/revisions"}],"predecessor-version":[{"id":6905,"href":"https:\/\/www.zensol.com\/fr\/wp-json\/wp\/v2\/pages\/6707\/revisions\/6905"}],"wp:attachment":[{"href":"https:\/\/www.zensol.com\/fr\/wp-json\/wp\/v2\/media?parent=6707"}],"curies":[{"name":"wp","href":"https:\/\/api.w.org\/{rel}","templated":true}]}}