{"id":5324,"date":"2016-07-07T17:17:02","date_gmt":"2016-07-07T16:17:02","guid":{"rendered":"https:\/\/www.zensol.net\/fr\/?page_id=5324"},"modified":"2016-07-09T06:59:22","modified_gmt":"2016-07-09T05:59:22","slug":"seminaire-sur-les-tests-de-reenclencheur","status":"publish","type":"page","link":"https:\/\/www.zensol.com\/fr\/seminaires\/seminaire-sur-les-tests-de-reenclencheur\/","title":{"rendered":"S\u00e9minaire sur les tests de r\u00e9enclencheur"},"content":{"rendered":"<h1>S\u00e9minaire sur les tests de r\u00e9enclencheur<\/h1>\n<div class='flex_column av-av_two_third-2a9015ff38129c418a3f2eafba3e9512 av_two_third  avia-builder-el-0  el_before_av_one_third  avia-builder-el-first  first flex_column_div '     ><p class=\"rubybold\">Zensol Automation Inc. vous invite \u00e0 participer \u00e0 un s\u00e9minaire d&rsquo;un jour sur la synchronisation des r\u00e9enclencheurs.<\/p>\n<p class=\"rubybold\">Ce s\u00e9minaire couvrira les th\u00e8mes suivants:<\/p>\n<ul class=\"listings\">\n<li><span class=\"aquamarina\">Pr\u00e9sentation des r\u00e9enclencheurs, essais et mesures des r\u00e9enclencheurs selon la norme ANSI C37.61-1973 et IEEE std.321-1973<\/span><\/li>\n<li><span class=\"aquamarina\">Caract\u00e9ristiques des r\u00e9enclencheurs:<\/span>\n<ul>\n<li><span class=\"aquamarina\">Courbes de protection<\/span><\/li>\n<li><span class=\"aquamarina\">S\u00e9quence de fonction<\/span><\/li>\n<li><span class=\"aquamarina\">Courant minimum de seuil<\/span><\/li>\n<\/ul>\n<\/li>\n<li><span class=\"aquamarina\">Pr\u00e9sentation d&rsquo;un r\u00e9enclencheur.<\/span><\/li>\n<li><span class=\"aquamarina\">Pr\u00e9sentation du GEN-3\/12.<\/span><\/li>\n<li><span class=\"aquamarina\">M\u00e9thodes de mesures du GEN-3 et introduction au logiciel GEN Win<\/span><\/li>\n<li><span class=\"aquamarina\">Exemples et exercices pratiques sur le GENWin<\/span><\/li>\n<\/ul>\n<p>La conf\u00e9rence sera divis\u00e9e en deux sessions :<\/p>\n<p>&#8211; La session du matin couvrira toute la th\u00e9orie concernant les essais de synchronisation de r\u00e9enclencheur,<br \/>\n&#8211; La session de l&rsquo;apr\u00e8s midi couvrira la pratique avec des exercices sur l&rsquo;utilisation du logiciel GENWin<\/p>\n<p>Pour cette raison, nous demandons \u00e0 chaque participant d&rsquo;apporter leur ordinateur portable.<\/p><\/div>\n<div class='flex_column av-av_one_third-f78fb3c186c5ceb3cf0bf54353219056 av_one_third  avia-builder-el-1  el_after_av_two_third  el_before_av_hr  flex_column_div '     ><p><img loading=\"lazy\" decoding=\"async\" class=\"alignright size-medium wp-image-5325\" src=\"https:\/\/www.zensol.com\/wp-content\/uploads\/2016\/07\/recloser1-225x300.jpg\" alt=\"recloser1\" width=\"225\" height=\"300\" \/><\/p><\/div>\n<p>&nbsp;<\/p>\n<p>&nbsp;<\/p>\n<p>&nbsp;<\/p>\n<p>&nbsp;<\/p>\n<p>&nbsp;<\/p>\n<p>&nbsp;<\/p>\n<p>&nbsp;<\/p>\n<div  class='hr av-av_hr-bad5bc90bcef2f12297bff634a297b07 hr-short  avia-builder-el-2  el_after_av_one_third  avia-builder-el-last  hr-center'><span class='hr-inner '><span class=\"hr-inner-style\"><\/span><\/span><\/div>\n<p><img loading=\"lazy\" decoding=\"async\" class=\"size-medium wp-image-5326 alignleft\" src=\"https:\/\/www.zensol.com\/wp-content\/uploads\/2016\/07\/image1-300x266.jpg\" alt=\"image1\" width=\"300\" height=\"266\" \/> <img loading=\"lazy\" decoding=\"async\" class=\"size-medium wp-image-5327 alignright\" src=\"https:\/\/www.zensol.com\/wp-content\/uploads\/2016\/07\/image2-300x266.jpg\" alt=\"image2\" width=\"300\" height=\"266\" \/><\/p>\n","protected":false},"excerpt":{"rendered":"<p>S\u00e9minaire sur les tests de r\u00e9enclencheur &nbsp; &nbsp; &nbsp; &nbsp; &nbsp; &nbsp; &nbsp;<\/p>\n","protected":false},"author":1,"featured_media":0,"parent":5299,"menu_order":0,"comment_status":"closed","ping_status":"closed","template":"","meta":{"footnotes":""},"class_list":["post-5324","page","type-page","status-publish","hentry"],"yoast_head":"<!-- This site is optimized with the Yoast SEO plugin v26.3 - https:\/\/yoast.com\/wordpress\/plugins\/seo\/ -->\n<title>S\u00e9minaire sur les tests de r\u00e9enclencheur - Zensol<\/title>\n<meta name=\"robots\" content=\"index, follow, max-snippet:-1, max-image-preview:large, max-video-preview:-1\" \/>\n<link rel=\"canonical\" href=\"https:\/\/www.zensol.com\/fr\/seminaires\/seminaire-sur-les-tests-de-reenclencheur\/\" \/>\n<meta property=\"og:locale\" content=\"fr_FR\" \/>\n<meta property=\"og:type\" content=\"article\" \/>\n<meta property=\"og:title\" content=\"S\u00e9minaire sur les tests de r\u00e9enclencheur - Zensol\" \/>\n<meta property=\"og:description\" content=\"S\u00e9minaire sur les tests de r\u00e9enclencheur &nbsp; &nbsp; &nbsp; &nbsp; &nbsp; &nbsp; &nbsp;\" \/>\n<meta property=\"og:url\" content=\"https:\/\/www.zensol.com\/fr\/seminaires\/seminaire-sur-les-tests-de-reenclencheur\/\" \/>\n<meta property=\"og:site_name\" content=\"Zensol\" \/>\n<meta property=\"article:modified_time\" content=\"2016-07-09T05:59:22+00:00\" \/>\n<meta property=\"og:image\" content=\"https:\/\/www.zensol.com\/wp-content\/uploads\/2016\/07\/recloser1-225x300.jpg\" \/>\n<meta name=\"twitter:label1\" content=\"Dur\u00e9e de lecture estim\u00e9e\" \/>\n\t<meta name=\"twitter:data1\" content=\"1 minute\" \/>\n<script type=\"application\/ld+json\" class=\"yoast-schema-graph\">{\"@context\":\"https:\/\/schema.org\",\"@graph\":[{\"@type\":\"WebPage\",\"@id\":\"https:\/\/www.zensol.com\/fr\/seminaires\/seminaire-sur-les-tests-de-reenclencheur\/\",\"url\":\"https:\/\/www.zensol.com\/fr\/seminaires\/seminaire-sur-les-tests-de-reenclencheur\/\",\"name\":\"S\u00e9minaire sur les tests de r\u00e9enclencheur - Zensol\",\"isPartOf\":{\"@id\":\"https:\/\/www.zensol.com\/#website\"},\"primaryImageOfPage\":{\"@id\":\"https:\/\/www.zensol.com\/fr\/seminaires\/seminaire-sur-les-tests-de-reenclencheur\/#primaryimage\"},\"image\":{\"@id\":\"https:\/\/www.zensol.com\/fr\/seminaires\/seminaire-sur-les-tests-de-reenclencheur\/#primaryimage\"},\"thumbnailUrl\":\"https:\/\/www.zensol.com\/wp-content\/uploads\/2016\/07\/recloser1-225x300.jpg\",\"datePublished\":\"2016-07-07T16:17:02+00:00\",\"dateModified\":\"2016-07-09T05:59:22+00:00\",\"breadcrumb\":{\"@id\":\"https:\/\/www.zensol.com\/fr\/seminaires\/seminaire-sur-les-tests-de-reenclencheur\/#breadcrumb\"},\"inLanguage\":\"fr-FR\",\"potentialAction\":[{\"@type\":\"ReadAction\",\"target\":[\"https:\/\/www.zensol.com\/fr\/seminaires\/seminaire-sur-les-tests-de-reenclencheur\/\"]}]},{\"@type\":\"ImageObject\",\"inLanguage\":\"fr-FR\",\"@id\":\"https:\/\/www.zensol.com\/fr\/seminaires\/seminaire-sur-les-tests-de-reenclencheur\/#primaryimage\",\"url\":\"https:\/\/www.zensol.com\/wp-content\/uploads\/2016\/07\/recloser1-225x300.jpg\",\"contentUrl\":\"https:\/\/www.zensol.com\/wp-content\/uploads\/2016\/07\/recloser1-225x300.jpg\"},{\"@type\":\"BreadcrumbList\",\"@id\":\"https:\/\/www.zensol.com\/fr\/seminaires\/seminaire-sur-les-tests-de-reenclencheur\/#breadcrumb\",\"itemListElement\":[{\"@type\":\"ListItem\",\"position\":1,\"name\":\"Service mondial de s\u00e9minaires\",\"item\":\"https:\/\/www.zensol.com\/fr\/seminaires\/\"},{\"@type\":\"ListItem\",\"position\":2,\"name\":\"S\u00e9minaire sur les tests de r\u00e9enclencheur\"}]},{\"@type\":\"WebSite\",\"@id\":\"https:\/\/www.zensol.com\/#website\",\"url\":\"https:\/\/www.zensol.com\/\",\"name\":\"Zensol\",\"description\":\"The Circuit Breaker, Recloser and Tap-Changer Instrument Test Specialist\",\"potentialAction\":[{\"@type\":\"SearchAction\",\"target\":{\"@type\":\"EntryPoint\",\"urlTemplate\":\"https:\/\/www.zensol.com\/?s={search_term_string}\"},\"query-input\":{\"@type\":\"PropertyValueSpecification\",\"valueRequired\":true,\"valueName\":\"search_term_string\"}}],\"inLanguage\":\"fr-FR\"}]}<\/script>\n<!-- \/ Yoast SEO plugin. -->","yoast_head_json":{"title":"S\u00e9minaire sur les tests de r\u00e9enclencheur - Zensol","robots":{"index":"index","follow":"follow","max-snippet":"max-snippet:-1","max-image-preview":"max-image-preview:large","max-video-preview":"max-video-preview:-1"},"canonical":"https:\/\/www.zensol.com\/fr\/seminaires\/seminaire-sur-les-tests-de-reenclencheur\/","og_locale":"fr_FR","og_type":"article","og_title":"S\u00e9minaire sur les tests de r\u00e9enclencheur - Zensol","og_description":"S\u00e9minaire sur les tests de r\u00e9enclencheur &nbsp; &nbsp; &nbsp; &nbsp; &nbsp; &nbsp; &nbsp;","og_url":"https:\/\/www.zensol.com\/fr\/seminaires\/seminaire-sur-les-tests-de-reenclencheur\/","og_site_name":"Zensol","article_modified_time":"2016-07-09T05:59:22+00:00","og_image":[{"url":"https:\/\/www.zensol.com\/wp-content\/uploads\/2016\/07\/recloser1-225x300.jpg","type":"","width":"","height":""}],"twitter_misc":{"Dur\u00e9e de lecture estim\u00e9e":"1 minute"},"schema":{"@context":"https:\/\/schema.org","@graph":[{"@type":"WebPage","@id":"https:\/\/www.zensol.com\/fr\/seminaires\/seminaire-sur-les-tests-de-reenclencheur\/","url":"https:\/\/www.zensol.com\/fr\/seminaires\/seminaire-sur-les-tests-de-reenclencheur\/","name":"S\u00e9minaire sur les tests de r\u00e9enclencheur - Zensol","isPartOf":{"@id":"https:\/\/www.zensol.com\/#website"},"primaryImageOfPage":{"@id":"https:\/\/www.zensol.com\/fr\/seminaires\/seminaire-sur-les-tests-de-reenclencheur\/#primaryimage"},"image":{"@id":"https:\/\/www.zensol.com\/fr\/seminaires\/seminaire-sur-les-tests-de-reenclencheur\/#primaryimage"},"thumbnailUrl":"https:\/\/www.zensol.com\/wp-content\/uploads\/2016\/07\/recloser1-225x300.jpg","datePublished":"2016-07-07T16:17:02+00:00","dateModified":"2016-07-09T05:59:22+00:00","breadcrumb":{"@id":"https:\/\/www.zensol.com\/fr\/seminaires\/seminaire-sur-les-tests-de-reenclencheur\/#breadcrumb"},"inLanguage":"fr-FR","potentialAction":[{"@type":"ReadAction","target":["https:\/\/www.zensol.com\/fr\/seminaires\/seminaire-sur-les-tests-de-reenclencheur\/"]}]},{"@type":"ImageObject","inLanguage":"fr-FR","@id":"https:\/\/www.zensol.com\/fr\/seminaires\/seminaire-sur-les-tests-de-reenclencheur\/#primaryimage","url":"https:\/\/www.zensol.com\/wp-content\/uploads\/2016\/07\/recloser1-225x300.jpg","contentUrl":"https:\/\/www.zensol.com\/wp-content\/uploads\/2016\/07\/recloser1-225x300.jpg"},{"@type":"BreadcrumbList","@id":"https:\/\/www.zensol.com\/fr\/seminaires\/seminaire-sur-les-tests-de-reenclencheur\/#breadcrumb","itemListElement":[{"@type":"ListItem","position":1,"name":"Service mondial de s\u00e9minaires","item":"https:\/\/www.zensol.com\/fr\/seminaires\/"},{"@type":"ListItem","position":2,"name":"S\u00e9minaire sur les tests de r\u00e9enclencheur"}]},{"@type":"WebSite","@id":"https:\/\/www.zensol.com\/#website","url":"https:\/\/www.zensol.com\/","name":"Zensol","description":"The Circuit Breaker, Recloser and Tap-Changer Instrument Test Specialist","potentialAction":[{"@type":"SearchAction","target":{"@type":"EntryPoint","urlTemplate":"https:\/\/www.zensol.com\/?s={search_term_string}"},"query-input":{"@type":"PropertyValueSpecification","valueRequired":true,"valueName":"search_term_string"}}],"inLanguage":"fr-FR"}]}},"_links":{"self":[{"href":"https:\/\/www.zensol.com\/fr\/wp-json\/wp\/v2\/pages\/5324","targetHints":{"allow":["GET"]}}],"collection":[{"href":"https:\/\/www.zensol.com\/fr\/wp-json\/wp\/v2\/pages"}],"about":[{"href":"https:\/\/www.zensol.com\/fr\/wp-json\/wp\/v2\/types\/page"}],"author":[{"embeddable":true,"href":"https:\/\/www.zensol.com\/fr\/wp-json\/wp\/v2\/users\/1"}],"replies":[{"embeddable":true,"href":"https:\/\/www.zensol.com\/fr\/wp-json\/wp\/v2\/comments?post=5324"}],"version-history":[{"count":3,"href":"https:\/\/www.zensol.com\/fr\/wp-json\/wp\/v2\/pages\/5324\/revisions"}],"predecessor-version":[{"id":5331,"href":"https:\/\/www.zensol.com\/fr\/wp-json\/wp\/v2\/pages\/5324\/revisions\/5331"}],"up":[{"embeddable":true,"href":"https:\/\/www.zensol.com\/fr\/wp-json\/wp\/v2\/pages\/5299"}],"wp:attachment":[{"href":"https:\/\/www.zensol.com\/fr\/wp-json\/wp\/v2\/media?parent=5324"}],"curies":[{"name":"wp","href":"https:\/\/api.w.org\/{rel}","templated":true}]}}