{"id":5316,"date":"2016-07-07T17:05:27","date_gmt":"2016-07-07T16:05:27","guid":{"rendered":"https:\/\/www.zensol.net\/fr\/?page_id=5316"},"modified":"2016-07-09T06:52:02","modified_gmt":"2016-07-09T05:52:02","slug":"maintenance-des-disjoncteurs-haute-tension","status":"publish","type":"page","link":"https:\/\/www.zensol.com\/fr\/seminaires\/maintenance-des-disjoncteurs-haute-tension\/","title":{"rendered":"S\u00e9minaire sur la Maintenance des disjoncteurs haute tension"},"content":{"rendered":"<h1>S\u00e9minaire sur la Maintenance des disjoncteurs haute tension<\/h1>\n<div class='flex_column av-av_two_third-2a9015ff38129c418a3f2eafba3e9512 av_two_third  avia-builder-el-0  el_before_av_one_third  avia-builder-el-first  first flex_column_div '     ><p class=\"bluebold\">Contenu du s\u00e9minaire<\/p>\n<p class=\"rubybold\">\u00a0\u00a0\u00a0\u00a0\u00a0 Les disjoncteurs sont des outils tr\u00e8s importants qui assurent la protection du r\u00e9seau de transport d&rsquo;\u00e9lectricit\u00e9. Une d\u00e9faillance de cet appareil peut avoir des cons\u00e9quences tr\u00e8s graves comme la perte de service et de revenus ainsi que des co\u00fbts de r\u00e9parations non n\u00e9gligeables.<\/p>\n<p class=\"rubybold\">\u00a0\u00a0\u00a0\u00a0\u00a0 Nous pr\u00e9sentons ici trois exemples de tests permettant un diagnostic des disjoncteurs.<\/p>\n<p class=\"rubybold\">\u00a0Quels sont les sujets trait\u00e9s?<\/p>\n<ul class=\"listings\">\n<li><span class=\"aquamarina\">Importance de la synchronisation entre chambres de coupure d&rsquo;un disjoncteur haute tension.<\/span><\/li>\n<li><span class=\"aquamarina\">Mesure de la r\u00e9sistance dynamique des contacts de disjoncteurs \u00e0 haute tension.<\/span><\/li>\n<li><span class=\"aquamarina\">Diagnostics vibro-acoustiques pour disjoncteurs \u00e0 haute tension.<\/span><\/li>\n<li><span class=\"aquamarina\">Exemple d&rsquo;un programme de maintenance.<\/span><\/li>\n<\/ul>\n<p class=\"bluebold\">Qu&rsquo;allez-vous apprendre?<\/p>\n<ul class=\"listings\">\n<li><span class=\"aquamarina\">Compr\u00e9hension compl\u00e8te et d\u00e9taill\u00e9e de l&rsquo;importance d&rsquo;une maintenance planifi\u00e9e et structur\u00e9e des disjoncteurs Haute Tension, fond\u00e9e sur des normes et des instruments d&rsquo;essais valid\u00e9s et homologu\u00e9s respectant ces normes.<\/span><\/li>\n<\/ul>\n<p class=\"bluebold\">Qui pourrait \u00eatre int\u00e9ress\u00e9?<\/p>\n<p class=\"rubybold\">Electriciens, techniciens, ing\u00e9nieur en chantier \u00e9lectrique, chef de projet, inspecteurs, superviseur et nouveau personnel, ing\u00e9nieur de maintenance, op\u00e9rateur et personnes en charge de la maintenance des disjoncteurs et toutes entreprises int\u00e9ress\u00e9e par les disjoncteurs petite, moyenne et haute tension.<\/p><\/div>\n<div class='flex_column av-av_one_third-f78fb3c186c5ceb3cf0bf54353219056 av_one_third  avia-builder-el-1  el_after_av_two_third  avia-builder-el-last  flex_column_div '     ><p><img loading=\"lazy\" decoding=\"async\" class=\"alignright size-full wp-image-5320\" src=\"https:\/\/www.zensol.com\/wp-content\/uploads\/2016\/07\/maintenance.jpg\" alt=\"maintenance\" width=\"193\" height=\"232\" \/><\/p>\n<div align=\"center\"><\/div><\/div>\n<p>&nbsp;<\/p>\n","protected":false},"excerpt":{"rendered":"<p>S\u00e9minaire sur la Maintenance des disjoncteurs haute tension &nbsp;<\/p>\n","protected":false},"author":1,"featured_media":0,"parent":5299,"menu_order":0,"comment_status":"closed","ping_status":"closed","template":"","meta":{"footnotes":""},"class_list":["post-5316","page","type-page","status-publish","hentry"],"yoast_head":"<!-- This site is optimized with the Yoast SEO plugin v26.3 - https:\/\/yoast.com\/wordpress\/plugins\/seo\/ -->\n<title>S\u00e9minaire sur la Maintenance des disjoncteurs haute tension - Zensol<\/title>\n<meta name=\"robots\" content=\"index, follow, max-snippet:-1, max-image-preview:large, max-video-preview:-1\" \/>\n<link rel=\"canonical\" href=\"https:\/\/www.zensol.com\/fr\/seminaires\/maintenance-des-disjoncteurs-haute-tension\/\" \/>\n<meta property=\"og:locale\" content=\"fr_FR\" \/>\n<meta property=\"og:type\" content=\"article\" \/>\n<meta property=\"og:title\" content=\"S\u00e9minaire sur la Maintenance des disjoncteurs haute tension - Zensol\" \/>\n<meta property=\"og:description\" content=\"S\u00e9minaire sur la Maintenance des disjoncteurs haute tension &nbsp;\" \/>\n<meta property=\"og:url\" content=\"https:\/\/www.zensol.com\/fr\/seminaires\/maintenance-des-disjoncteurs-haute-tension\/\" \/>\n<meta property=\"og:site_name\" content=\"Zensol\" \/>\n<meta property=\"article:modified_time\" content=\"2016-07-09T05:52:02+00:00\" \/>\n<meta property=\"og:image\" content=\"https:\/\/www.zensol.com\/wp-content\/uploads\/2016\/07\/maintenance.jpg\" \/>\n<meta name=\"twitter:label1\" content=\"Dur\u00e9e de lecture estim\u00e9e\" \/>\n\t<meta name=\"twitter:data1\" content=\"1 minute\" \/>\n<script type=\"application\/ld+json\" class=\"yoast-schema-graph\">{\"@context\":\"https:\/\/schema.org\",\"@graph\":[{\"@type\":\"WebPage\",\"@id\":\"https:\/\/www.zensol.com\/fr\/seminaires\/maintenance-des-disjoncteurs-haute-tension\/\",\"url\":\"https:\/\/www.zensol.com\/fr\/seminaires\/maintenance-des-disjoncteurs-haute-tension\/\",\"name\":\"S\u00e9minaire sur la Maintenance des disjoncteurs haute tension - Zensol\",\"isPartOf\":{\"@id\":\"https:\/\/www.zensol.com\/#website\"},\"primaryImageOfPage\":{\"@id\":\"https:\/\/www.zensol.com\/fr\/seminaires\/maintenance-des-disjoncteurs-haute-tension\/#primaryimage\"},\"image\":{\"@id\":\"https:\/\/www.zensol.com\/fr\/seminaires\/maintenance-des-disjoncteurs-haute-tension\/#primaryimage\"},\"thumbnailUrl\":\"https:\/\/www.zensol.com\/wp-content\/uploads\/2016\/07\/maintenance.jpg\",\"datePublished\":\"2016-07-07T16:05:27+00:00\",\"dateModified\":\"2016-07-09T05:52:02+00:00\",\"breadcrumb\":{\"@id\":\"https:\/\/www.zensol.com\/fr\/seminaires\/maintenance-des-disjoncteurs-haute-tension\/#breadcrumb\"},\"inLanguage\":\"fr-FR\",\"potentialAction\":[{\"@type\":\"ReadAction\",\"target\":[\"https:\/\/www.zensol.com\/fr\/seminaires\/maintenance-des-disjoncteurs-haute-tension\/\"]}]},{\"@type\":\"ImageObject\",\"inLanguage\":\"fr-FR\",\"@id\":\"https:\/\/www.zensol.com\/fr\/seminaires\/maintenance-des-disjoncteurs-haute-tension\/#primaryimage\",\"url\":\"https:\/\/www.zensol.com\/wp-content\/uploads\/2016\/07\/maintenance.jpg\",\"contentUrl\":\"https:\/\/www.zensol.com\/wp-content\/uploads\/2016\/07\/maintenance.jpg\"},{\"@type\":\"BreadcrumbList\",\"@id\":\"https:\/\/www.zensol.com\/fr\/seminaires\/maintenance-des-disjoncteurs-haute-tension\/#breadcrumb\",\"itemListElement\":[{\"@type\":\"ListItem\",\"position\":1,\"name\":\"Service mondial de s\u00e9minaires\",\"item\":\"https:\/\/www.zensol.com\/fr\/seminaires\/\"},{\"@type\":\"ListItem\",\"position\":2,\"name\":\"S\u00e9minaire sur la Maintenance des disjoncteurs haute tension\"}]},{\"@type\":\"WebSite\",\"@id\":\"https:\/\/www.zensol.com\/#website\",\"url\":\"https:\/\/www.zensol.com\/\",\"name\":\"Zensol\",\"description\":\"The Circuit Breaker, Recloser and Tap-Changer Instrument Test Specialist\",\"potentialAction\":[{\"@type\":\"SearchAction\",\"target\":{\"@type\":\"EntryPoint\",\"urlTemplate\":\"https:\/\/www.zensol.com\/?s={search_term_string}\"},\"query-input\":{\"@type\":\"PropertyValueSpecification\",\"valueRequired\":true,\"valueName\":\"search_term_string\"}}],\"inLanguage\":\"fr-FR\"}]}<\/script>\n<!-- \/ Yoast SEO plugin. -->","yoast_head_json":{"title":"S\u00e9minaire sur la Maintenance des disjoncteurs haute tension - Zensol","robots":{"index":"index","follow":"follow","max-snippet":"max-snippet:-1","max-image-preview":"max-image-preview:large","max-video-preview":"max-video-preview:-1"},"canonical":"https:\/\/www.zensol.com\/fr\/seminaires\/maintenance-des-disjoncteurs-haute-tension\/","og_locale":"fr_FR","og_type":"article","og_title":"S\u00e9minaire sur la Maintenance des disjoncteurs haute tension - Zensol","og_description":"S\u00e9minaire sur la Maintenance des disjoncteurs haute tension &nbsp;","og_url":"https:\/\/www.zensol.com\/fr\/seminaires\/maintenance-des-disjoncteurs-haute-tension\/","og_site_name":"Zensol","article_modified_time":"2016-07-09T05:52:02+00:00","og_image":[{"url":"https:\/\/www.zensol.com\/wp-content\/uploads\/2016\/07\/maintenance.jpg","type":"","width":"","height":""}],"twitter_misc":{"Dur\u00e9e de lecture estim\u00e9e":"1 minute"},"schema":{"@context":"https:\/\/schema.org","@graph":[{"@type":"WebPage","@id":"https:\/\/www.zensol.com\/fr\/seminaires\/maintenance-des-disjoncteurs-haute-tension\/","url":"https:\/\/www.zensol.com\/fr\/seminaires\/maintenance-des-disjoncteurs-haute-tension\/","name":"S\u00e9minaire sur la Maintenance des disjoncteurs haute tension - Zensol","isPartOf":{"@id":"https:\/\/www.zensol.com\/#website"},"primaryImageOfPage":{"@id":"https:\/\/www.zensol.com\/fr\/seminaires\/maintenance-des-disjoncteurs-haute-tension\/#primaryimage"},"image":{"@id":"https:\/\/www.zensol.com\/fr\/seminaires\/maintenance-des-disjoncteurs-haute-tension\/#primaryimage"},"thumbnailUrl":"https:\/\/www.zensol.com\/wp-content\/uploads\/2016\/07\/maintenance.jpg","datePublished":"2016-07-07T16:05:27+00:00","dateModified":"2016-07-09T05:52:02+00:00","breadcrumb":{"@id":"https:\/\/www.zensol.com\/fr\/seminaires\/maintenance-des-disjoncteurs-haute-tension\/#breadcrumb"},"inLanguage":"fr-FR","potentialAction":[{"@type":"ReadAction","target":["https:\/\/www.zensol.com\/fr\/seminaires\/maintenance-des-disjoncteurs-haute-tension\/"]}]},{"@type":"ImageObject","inLanguage":"fr-FR","@id":"https:\/\/www.zensol.com\/fr\/seminaires\/maintenance-des-disjoncteurs-haute-tension\/#primaryimage","url":"https:\/\/www.zensol.com\/wp-content\/uploads\/2016\/07\/maintenance.jpg","contentUrl":"https:\/\/www.zensol.com\/wp-content\/uploads\/2016\/07\/maintenance.jpg"},{"@type":"BreadcrumbList","@id":"https:\/\/www.zensol.com\/fr\/seminaires\/maintenance-des-disjoncteurs-haute-tension\/#breadcrumb","itemListElement":[{"@type":"ListItem","position":1,"name":"Service mondial de s\u00e9minaires","item":"https:\/\/www.zensol.com\/fr\/seminaires\/"},{"@type":"ListItem","position":2,"name":"S\u00e9minaire sur la Maintenance des disjoncteurs haute tension"}]},{"@type":"WebSite","@id":"https:\/\/www.zensol.com\/#website","url":"https:\/\/www.zensol.com\/","name":"Zensol","description":"The Circuit Breaker, Recloser and Tap-Changer Instrument Test Specialist","potentialAction":[{"@type":"SearchAction","target":{"@type":"EntryPoint","urlTemplate":"https:\/\/www.zensol.com\/?s={search_term_string}"},"query-input":{"@type":"PropertyValueSpecification","valueRequired":true,"valueName":"search_term_string"}}],"inLanguage":"fr-FR"}]}},"_links":{"self":[{"href":"https:\/\/www.zensol.com\/fr\/wp-json\/wp\/v2\/pages\/5316","targetHints":{"allow":["GET"]}}],"collection":[{"href":"https:\/\/www.zensol.com\/fr\/wp-json\/wp\/v2\/pages"}],"about":[{"href":"https:\/\/www.zensol.com\/fr\/wp-json\/wp\/v2\/types\/page"}],"author":[{"embeddable":true,"href":"https:\/\/www.zensol.com\/fr\/wp-json\/wp\/v2\/users\/1"}],"replies":[{"embeddable":true,"href":"https:\/\/www.zensol.com\/fr\/wp-json\/wp\/v2\/comments?post=5316"}],"version-history":[{"count":5,"href":"https:\/\/www.zensol.com\/fr\/wp-json\/wp\/v2\/pages\/5316\/revisions"}],"predecessor-version":[{"id":5322,"href":"https:\/\/www.zensol.com\/fr\/wp-json\/wp\/v2\/pages\/5316\/revisions\/5322"}],"up":[{"embeddable":true,"href":"https:\/\/www.zensol.com\/fr\/wp-json\/wp\/v2\/pages\/5299"}],"wp:attachment":[{"href":"https:\/\/www.zensol.com\/fr\/wp-json\/wp\/v2\/media?parent=5316"}],"curies":[{"name":"wp","href":"https:\/\/api.w.org\/{rel}","templated":true}]}}