{"id":5308,"date":"2016-07-07T16:49:47","date_gmt":"2016-07-07T15:49:47","guid":{"rendered":"https:\/\/www.zensol.net\/fr\/?page_id=5308"},"modified":"2016-07-09T06:55:49","modified_gmt":"2016-07-09T05:55:49","slug":"seminaire-sur-les-tests-de-synchronisation-des-contacts-de-disjoncteurs","status":"publish","type":"page","link":"https:\/\/www.zensol.com\/fr\/seminaires\/seminaire-sur-les-tests-de-synchronisation-des-contacts-de-disjoncteurs\/","title":{"rendered":"S\u00e9minaire sur les tests de synchronisation des contacts de disjoncteurs"},"content":{"rendered":"<h1>S\u00e9minaire sur les tests de synchronisation des contacts de disjoncteurs<\/h1>\n<div class='flex_column av-av_two_third-2a9015ff38129c418a3f2eafba3e9512 av_two_third  avia-builder-el-0  el_before_av_one_third  avia-builder-el-first  first flex_column_div '     ><p class=\"bluebold\">Zensol Automation Inc. vous invite \u00e0 un s\u00e9minaire d&rsquo;une journ\u00e9e sur l&rsquo;importance des tests de synchronisation de disjoncteurs.<\/p>\n<p class=\"rubybold\">Le s\u00e9minaire couvrira les th\u00e8mes suivants:<\/p>\n<ul class=\"listings\">\n<li><span class=\"aquamarina\">Pr\u00e9sentation des normes internationales r\u00e9gissant les essais de synchronisation et de d\u00e9placement des contacts des disjoncteurs (selon les normes internationales IEC56)<\/span><\/li>\n<li><span class=\"aquamarina\">Introduction aux m\u00e9thodes de mesures de l&rsquo;analyseur de disjoncteurs CBA-32P et de son logiciel CBA Win<\/span><\/li>\n<li><span class=\"aquamarina\">Les capteurs de d\u00e9placement et leurs installations sur les disjoncteurs avec des \u00e9tudes de cas sur les disjoncteurs:<\/span>\n<ul>\n<li><span class=\"aquamarina\">GL (Areva)<\/span><\/li>\n<li><span class=\"aquamarina\">HPL (ABB)<\/span><\/li>\n<li><span class=\"aquamarina\">HGF (Areva)<\/span><\/li>\n<li><span class=\"aquamarina\">KSO (GE)<\/span><\/li>\n<\/ul>\n<\/li>\n<li><span class=\"aquamarina\">Les capteurs de pression (\u00e9tude de cas en centrale \u00e9lectrique)<\/span><\/li>\n<li><span class=\"aquamarina\">Les capteurs de Courant et capteur de Tension (\u00e9tude de cas sur la mesure dynamique de r\u00e9sistances)<\/span><\/li>\n<li><span class=\"aquamarina\">Mesure de la premi\u00e8re ouverture \u00ab\u00a0First trip monitoring\u00a0\u00bb<\/span><\/li>\n<\/ul>\n<p>Le s\u00e9minaire sera divis\u00e9e en deux sessions:<\/p>\n<p>&#8211; La session du matin couvrira la th\u00e9orie concernant les essais de synchronisation sur disjoncteurs,<br \/>\n&#8211; La session de l&rsquo;apr\u00e8s midi sera constitu\u00e9e d&rsquo;exercices \u00e0 l&rsquo;aide de CBAWin<\/p>\n<p>Nous demandons aux participants d&rsquo;apporter leurs ordinateurs portables au s\u00e9minaire.<\/p><\/div>\n<div class='flex_column av-av_one_third-f78fb3c186c5ceb3cf0bf54353219056 av_one_third  avia-builder-el-1  el_after_av_two_third  avia-builder-el-last  flex_column_div '     ><div align=\"center\"><\/div><\/div>\n<p><img loading=\"lazy\" decoding=\"async\" class=\"alignright size-medium wp-image-5310\" src=\"https:\/\/www.zensol.com\/wp-content\/uploads\/2016\/07\/breaker-225x300.jpg\" alt=\"breaker\" width=\"225\" height=\"300\" \/><\/p>\n","protected":false},"excerpt":{"rendered":"<p>S\u00e9minaire sur les tests de synchronisation des contacts de disjoncteurs<\/p>\n","protected":false},"author":1,"featured_media":0,"parent":5299,"menu_order":0,"comment_status":"closed","ping_status":"closed","template":"","meta":{"footnotes":""},"class_list":["post-5308","page","type-page","status-publish","hentry"],"yoast_head":"<!-- This site is optimized with the Yoast SEO plugin v26.3 - https:\/\/yoast.com\/wordpress\/plugins\/seo\/ -->\n<title>S\u00e9minaire sur les tests de synchronisation des contacts de disjoncteurs - Zensol<\/title>\n<meta name=\"robots\" content=\"index, follow, max-snippet:-1, max-image-preview:large, max-video-preview:-1\" \/>\n<link rel=\"canonical\" href=\"https:\/\/www.zensol.com\/fr\/seminaires\/seminaire-sur-les-tests-de-synchronisation-des-contacts-de-disjoncteurs\/\" \/>\n<meta property=\"og:locale\" content=\"fr_FR\" \/>\n<meta property=\"og:type\" content=\"article\" \/>\n<meta property=\"og:title\" content=\"S\u00e9minaire sur les tests de synchronisation des contacts de disjoncteurs - Zensol\" \/>\n<meta property=\"og:description\" content=\"S\u00e9minaire sur les tests de synchronisation des contacts de disjoncteurs\" \/>\n<meta property=\"og:url\" content=\"https:\/\/www.zensol.com\/fr\/seminaires\/seminaire-sur-les-tests-de-synchronisation-des-contacts-de-disjoncteurs\/\" \/>\n<meta property=\"og:site_name\" content=\"Zensol\" \/>\n<meta property=\"article:modified_time\" content=\"2016-07-09T05:55:49+00:00\" \/>\n<meta property=\"og:image\" content=\"https:\/\/www.zensol.com\/wp-content\/uploads\/2016\/07\/breaker-225x300.jpg\" \/>\n<meta name=\"twitter:label1\" content=\"Dur\u00e9e de lecture estim\u00e9e\" \/>\n\t<meta name=\"twitter:data1\" content=\"1 minute\" \/>\n<script type=\"application\/ld+json\" class=\"yoast-schema-graph\">{\"@context\":\"https:\/\/schema.org\",\"@graph\":[{\"@type\":\"WebPage\",\"@id\":\"https:\/\/www.zensol.com\/fr\/seminaires\/seminaire-sur-les-tests-de-synchronisation-des-contacts-de-disjoncteurs\/\",\"url\":\"https:\/\/www.zensol.com\/fr\/seminaires\/seminaire-sur-les-tests-de-synchronisation-des-contacts-de-disjoncteurs\/\",\"name\":\"S\u00e9minaire sur les tests de synchronisation des contacts de disjoncteurs - Zensol\",\"isPartOf\":{\"@id\":\"https:\/\/www.zensol.com\/#website\"},\"primaryImageOfPage\":{\"@id\":\"https:\/\/www.zensol.com\/fr\/seminaires\/seminaire-sur-les-tests-de-synchronisation-des-contacts-de-disjoncteurs\/#primaryimage\"},\"image\":{\"@id\":\"https:\/\/www.zensol.com\/fr\/seminaires\/seminaire-sur-les-tests-de-synchronisation-des-contacts-de-disjoncteurs\/#primaryimage\"},\"thumbnailUrl\":\"https:\/\/www.zensol.com\/wp-content\/uploads\/2016\/07\/breaker-225x300.jpg\",\"datePublished\":\"2016-07-07T15:49:47+00:00\",\"dateModified\":\"2016-07-09T05:55:49+00:00\",\"breadcrumb\":{\"@id\":\"https:\/\/www.zensol.com\/fr\/seminaires\/seminaire-sur-les-tests-de-synchronisation-des-contacts-de-disjoncteurs\/#breadcrumb\"},\"inLanguage\":\"fr-FR\",\"potentialAction\":[{\"@type\":\"ReadAction\",\"target\":[\"https:\/\/www.zensol.com\/fr\/seminaires\/seminaire-sur-les-tests-de-synchronisation-des-contacts-de-disjoncteurs\/\"]}]},{\"@type\":\"ImageObject\",\"inLanguage\":\"fr-FR\",\"@id\":\"https:\/\/www.zensol.com\/fr\/seminaires\/seminaire-sur-les-tests-de-synchronisation-des-contacts-de-disjoncteurs\/#primaryimage\",\"url\":\"https:\/\/www.zensol.com\/wp-content\/uploads\/2016\/07\/breaker-225x300.jpg\",\"contentUrl\":\"https:\/\/www.zensol.com\/wp-content\/uploads\/2016\/07\/breaker-225x300.jpg\"},{\"@type\":\"BreadcrumbList\",\"@id\":\"https:\/\/www.zensol.com\/fr\/seminaires\/seminaire-sur-les-tests-de-synchronisation-des-contacts-de-disjoncteurs\/#breadcrumb\",\"itemListElement\":[{\"@type\":\"ListItem\",\"position\":1,\"name\":\"Service mondial de s\u00e9minaires\",\"item\":\"https:\/\/www.zensol.com\/fr\/seminaires\/\"},{\"@type\":\"ListItem\",\"position\":2,\"name\":\"S\u00e9minaire sur les tests de synchronisation des contacts de disjoncteurs\"}]},{\"@type\":\"WebSite\",\"@id\":\"https:\/\/www.zensol.com\/#website\",\"url\":\"https:\/\/www.zensol.com\/\",\"name\":\"Zensol\",\"description\":\"The Circuit Breaker, Recloser and Tap-Changer Instrument Test Specialist\",\"potentialAction\":[{\"@type\":\"SearchAction\",\"target\":{\"@type\":\"EntryPoint\",\"urlTemplate\":\"https:\/\/www.zensol.com\/?s={search_term_string}\"},\"query-input\":{\"@type\":\"PropertyValueSpecification\",\"valueRequired\":true,\"valueName\":\"search_term_string\"}}],\"inLanguage\":\"fr-FR\"}]}<\/script>\n<!-- \/ Yoast SEO plugin. -->","yoast_head_json":{"title":"S\u00e9minaire sur les tests de synchronisation des contacts de disjoncteurs - Zensol","robots":{"index":"index","follow":"follow","max-snippet":"max-snippet:-1","max-image-preview":"max-image-preview:large","max-video-preview":"max-video-preview:-1"},"canonical":"https:\/\/www.zensol.com\/fr\/seminaires\/seminaire-sur-les-tests-de-synchronisation-des-contacts-de-disjoncteurs\/","og_locale":"fr_FR","og_type":"article","og_title":"S\u00e9minaire sur les tests de synchronisation des contacts de disjoncteurs - Zensol","og_description":"S\u00e9minaire sur les tests de synchronisation des contacts de disjoncteurs","og_url":"https:\/\/www.zensol.com\/fr\/seminaires\/seminaire-sur-les-tests-de-synchronisation-des-contacts-de-disjoncteurs\/","og_site_name":"Zensol","article_modified_time":"2016-07-09T05:55:49+00:00","og_image":[{"url":"https:\/\/www.zensol.com\/wp-content\/uploads\/2016\/07\/breaker-225x300.jpg","type":"","width":"","height":""}],"twitter_misc":{"Dur\u00e9e de lecture estim\u00e9e":"1 minute"},"schema":{"@context":"https:\/\/schema.org","@graph":[{"@type":"WebPage","@id":"https:\/\/www.zensol.com\/fr\/seminaires\/seminaire-sur-les-tests-de-synchronisation-des-contacts-de-disjoncteurs\/","url":"https:\/\/www.zensol.com\/fr\/seminaires\/seminaire-sur-les-tests-de-synchronisation-des-contacts-de-disjoncteurs\/","name":"S\u00e9minaire sur les tests de synchronisation des contacts de disjoncteurs - Zensol","isPartOf":{"@id":"https:\/\/www.zensol.com\/#website"},"primaryImageOfPage":{"@id":"https:\/\/www.zensol.com\/fr\/seminaires\/seminaire-sur-les-tests-de-synchronisation-des-contacts-de-disjoncteurs\/#primaryimage"},"image":{"@id":"https:\/\/www.zensol.com\/fr\/seminaires\/seminaire-sur-les-tests-de-synchronisation-des-contacts-de-disjoncteurs\/#primaryimage"},"thumbnailUrl":"https:\/\/www.zensol.com\/wp-content\/uploads\/2016\/07\/breaker-225x300.jpg","datePublished":"2016-07-07T15:49:47+00:00","dateModified":"2016-07-09T05:55:49+00:00","breadcrumb":{"@id":"https:\/\/www.zensol.com\/fr\/seminaires\/seminaire-sur-les-tests-de-synchronisation-des-contacts-de-disjoncteurs\/#breadcrumb"},"inLanguage":"fr-FR","potentialAction":[{"@type":"ReadAction","target":["https:\/\/www.zensol.com\/fr\/seminaires\/seminaire-sur-les-tests-de-synchronisation-des-contacts-de-disjoncteurs\/"]}]},{"@type":"ImageObject","inLanguage":"fr-FR","@id":"https:\/\/www.zensol.com\/fr\/seminaires\/seminaire-sur-les-tests-de-synchronisation-des-contacts-de-disjoncteurs\/#primaryimage","url":"https:\/\/www.zensol.com\/wp-content\/uploads\/2016\/07\/breaker-225x300.jpg","contentUrl":"https:\/\/www.zensol.com\/wp-content\/uploads\/2016\/07\/breaker-225x300.jpg"},{"@type":"BreadcrumbList","@id":"https:\/\/www.zensol.com\/fr\/seminaires\/seminaire-sur-les-tests-de-synchronisation-des-contacts-de-disjoncteurs\/#breadcrumb","itemListElement":[{"@type":"ListItem","position":1,"name":"Service mondial de s\u00e9minaires","item":"https:\/\/www.zensol.com\/fr\/seminaires\/"},{"@type":"ListItem","position":2,"name":"S\u00e9minaire sur les tests de synchronisation des contacts de disjoncteurs"}]},{"@type":"WebSite","@id":"https:\/\/www.zensol.com\/#website","url":"https:\/\/www.zensol.com\/","name":"Zensol","description":"The Circuit Breaker, Recloser and Tap-Changer Instrument Test Specialist","potentialAction":[{"@type":"SearchAction","target":{"@type":"EntryPoint","urlTemplate":"https:\/\/www.zensol.com\/?s={search_term_string}"},"query-input":{"@type":"PropertyValueSpecification","valueRequired":true,"valueName":"search_term_string"}}],"inLanguage":"fr-FR"}]}},"_links":{"self":[{"href":"https:\/\/www.zensol.com\/fr\/wp-json\/wp\/v2\/pages\/5308","targetHints":{"allow":["GET"]}}],"collection":[{"href":"https:\/\/www.zensol.com\/fr\/wp-json\/wp\/v2\/pages"}],"about":[{"href":"https:\/\/www.zensol.com\/fr\/wp-json\/wp\/v2\/types\/page"}],"author":[{"embeddable":true,"href":"https:\/\/www.zensol.com\/fr\/wp-json\/wp\/v2\/users\/1"}],"replies":[{"embeddable":true,"href":"https:\/\/www.zensol.com\/fr\/wp-json\/wp\/v2\/comments?post=5308"}],"version-history":[{"count":9,"href":"https:\/\/www.zensol.com\/fr\/wp-json\/wp\/v2\/pages\/5308\/revisions"}],"predecessor-version":[{"id":5356,"href":"https:\/\/www.zensol.com\/fr\/wp-json\/wp\/v2\/pages\/5308\/revisions\/5356"}],"up":[{"embeddable":true,"href":"https:\/\/www.zensol.com\/fr\/wp-json\/wp\/v2\/pages\/5299"}],"wp:attachment":[{"href":"https:\/\/www.zensol.com\/fr\/wp-json\/wp\/v2\/media?parent=5308"}],"curies":[{"name":"wp","href":"https:\/\/api.w.org\/{rel}","templated":true}]}}