{"id":5299,"date":"2016-07-07T16:25:02","date_gmt":"2016-07-07T15:25:02","guid":{"rendered":"https:\/\/www.zensol.net\/fr\/?page_id=5299"},"modified":"2017-01-26T00:49:57","modified_gmt":"2017-01-25T23:49:57","slug":"seminaires","status":"publish","type":"page","link":"https:\/\/www.zensol.com\/fr\/seminaires\/","title":{"rendered":"Service mondial de s\u00e9minaires"},"content":{"rendered":"<h1 style=\"text-align: center;\">Service mondial de s\u00e9minaires<\/h1>\n<p><img loading=\"lazy\" decoding=\"async\" class=\"size-medium wp-image-5303 alignright\" src=\"https:\/\/www.zensol.com\/wp-content\/uploads\/2016\/07\/seminar-montage-300x263.jpg\" alt=\"seminar-montage\" width=\"300\" height=\"263\" srcset=\"https:\/\/www.zensol.com\/wp-content\/uploads\/2016\/07\/seminar-montage-300x263.jpg 300w, https:\/\/www.zensol.com\/wp-content\/uploads\/2016\/07\/seminar-montage.jpg 449w\" sizes=\"auto, (max-width: 300px) 100vw, 300px\" \/>Zensol n&rsquo;est pas seulement un manufacturier d&rsquo;instruments de test. Nous organisons aussi r\u00e9guli\u00e8rement des s\u00e9minaires techniques couvrant des aspects tr\u00e8s divers de la maintenance d&rsquo;une sous-station.<\/p>\n<p>Ces s\u00e9minaires sont organis\u00e9s:<\/p>\n<ul class=\"listing\">\n<li>Partout dans le monde.<\/li>\n<li>Sur simple demande \/ Selon notre emploi du temps.<\/li>\n<li>Et dispens\u00e9s par des sp\u00e9cialistes hautement qualifi\u00e9s, avec plus de 20 ans d&rsquo;exp\u00e9rience.<\/li>\n<\/ul>\n<p>Chez Zensol, nous aimons partager nos connaissances. Au cours de nos s\u00e9minaires, nous vous offrons th\u00e9orie et formation technique dans le domaine de notre expertise. Voici une liste de nos seminaires types:<\/p>\n<div id=\"tableproduct\">\n<table summary=\"Seminars\" width=\"100%\">\n<tbody>\n<tr>\n<td valign=\"top\" width=\"50%\">\n<ul>\n<li><a href=\"https:\/\/www.zensol.com\/fr\/seminaires\/maintenance-des-disjoncteurs-haute-tension\/\"><span class=\"rubybold\">S\u00e9minaire sur la maintenance des disjoncteurs:<\/span><\/a> Comprendre l&rsquo;importance de la planification et de la structuration de la maintenance pour disjoncteurs Haute Tension. Le tout bas\u00e9 sur les normes et les instruments (valid\u00e9s et approuv\u00e9s par ces normes).<\/li>\n<li><a href=\"https:\/\/www.zensol.com\/fr\/seminaires\/seminaire-sur-les-tests-de-synchronisation-des-contacts-de-disjoncteurs\/\"><span class=\"rubybold\">Essai de disjoncteurs:<\/span><\/a> Vous apprendrez tout \u00e0 propos du CBA et de ses accessoires, les mesures de mouvement et de synchronisation, le logiciel CBA Win, les normes.<\/li>\n<li><a href=\"https:\/\/www.zensol.com\/fr\/seminaires\/seminaire-sur-les-tests-de-reenclencheur\/\"><span class=\"rubybold\">Essai de r\u00e9enclencheurs:<\/span><\/a> Vous apprendrez tout \u00e0 propos des r\u00e9enclencheurs, la famille d&rsquo;instruments GEN, les m\u00e9thodes de mesure, le logiciel GEN Win.<\/li>\n<li><a href=\"https:\/\/www.zensol.com\/fr\/seminaires\/\"><span class=\"rubybold\">Essai vibro-acoustic sur changeur de prise en charge:<\/span><\/a> Comprendre de mani\u00e8re compl\u00e8te et d\u00e9taill\u00e9e le m\u00e9canisme: de la mesure \u00e0 l&rsquo;interpr\u00e9tation des r\u00e9sultats obtenus.<\/li>\n<li><a href=\"https:\/\/www.zensol.com\/fr\/seminaires\/seminaire-sur-la-demystification-des-methodes-de-calculs-dans-cbawin\/\"><span class=\"rubybold\">Calculs avec le CBA Win:<\/span><\/a> Une approche des dossiers de calculs, des m\u00e9thodes de programmation qui analysent math\u00e9matiquement les signaux enregistr\u00e9s, les principales fonctions de calcul, comment personnaliser vos propres dossiers de calculs, etc.<\/li>\n<\/ul>\n<p>Nous pouvons travailler sur des seminaires personnalis\u00e9s et des d\u00e9monstrations de tests r\u00e9els pour r\u00e9pondre aux besoins particuliers que vous pourriez avoir.<\/td>\n<\/tr>\n<\/tbody>\n<\/table>\n<\/div>\n","protected":false},"excerpt":{"rendered":"<p>Service mondial de s\u00e9minaires Zensol n&rsquo;est pas seulement un manufacturier d&rsquo;instruments de test. Nous organisons aussi r\u00e9guli\u00e8rement des s\u00e9minaires techniques couvrant des aspects tr\u00e8s divers de la maintenance d&rsquo;une sous-station. Ces s\u00e9minaires sont organis\u00e9s: Partout dans le monde. Sur simple demande \/ Selon notre emploi du temps. Et dispens\u00e9s par des sp\u00e9cialistes hautement qualifi\u00e9s, avec [&hellip;]<\/p>\n","protected":false},"author":1,"featured_media":0,"parent":0,"menu_order":0,"comment_status":"closed","ping_status":"closed","template":"","meta":{"footnotes":""},"class_list":["post-5299","page","type-page","status-publish","hentry"],"yoast_head":"<!-- This site is optimized with the Yoast SEO plugin v26.3 - https:\/\/yoast.com\/wordpress\/plugins\/seo\/ -->\n<title>Service mondial de s\u00e9minaires - Zensol<\/title>\n<meta name=\"robots\" content=\"index, follow, max-snippet:-1, max-image-preview:large, max-video-preview:-1\" \/>\n<link rel=\"canonical\" href=\"https:\/\/www.zensol.com\/fr\/seminaires\/\" \/>\n<meta property=\"og:locale\" content=\"fr_FR\" \/>\n<meta property=\"og:type\" content=\"article\" \/>\n<meta property=\"og:title\" content=\"Service mondial de s\u00e9minaires - Zensol\" \/>\n<meta property=\"og:description\" content=\"Service mondial de s\u00e9minaires Zensol n&rsquo;est pas seulement un manufacturier d&rsquo;instruments de test. Nous organisons aussi r\u00e9guli\u00e8rement des s\u00e9minaires techniques couvrant des aspects tr\u00e8s divers de la maintenance d&rsquo;une sous-station. Ces s\u00e9minaires sont organis\u00e9s: Partout dans le monde. Sur simple demande \/ Selon notre emploi du temps. Et dispens\u00e9s par des sp\u00e9cialistes hautement qualifi\u00e9s, avec [&hellip;]\" \/>\n<meta property=\"og:url\" content=\"https:\/\/www.zensol.com\/fr\/seminaires\/\" \/>\n<meta property=\"og:site_name\" content=\"Zensol\" \/>\n<meta property=\"article:modified_time\" content=\"2017-01-25T23:49:57+00:00\" \/>\n<meta property=\"og:image\" content=\"https:\/\/www.zensol.com\/wp-content\/uploads\/2016\/07\/seminar-montage-300x263.jpg\" \/>\n<meta name=\"twitter:label1\" content=\"Dur\u00e9e de lecture estim\u00e9e\" \/>\n\t<meta name=\"twitter:data1\" content=\"1 minute\" \/>\n<script type=\"application\/ld+json\" class=\"yoast-schema-graph\">{\"@context\":\"https:\/\/schema.org\",\"@graph\":[{\"@type\":\"WebPage\",\"@id\":\"https:\/\/www.zensol.com\/fr\/seminaires\/\",\"url\":\"https:\/\/www.zensol.com\/fr\/seminaires\/\",\"name\":\"Service mondial de s\u00e9minaires - Zensol\",\"isPartOf\":{\"@id\":\"https:\/\/www.zensol.com\/#website\"},\"primaryImageOfPage\":{\"@id\":\"https:\/\/www.zensol.com\/fr\/seminaires\/#primaryimage\"},\"image\":{\"@id\":\"https:\/\/www.zensol.com\/fr\/seminaires\/#primaryimage\"},\"thumbnailUrl\":\"https:\/\/www.zensol.com\/wp-content\/uploads\/2016\/07\/seminar-montage-300x263.jpg\",\"datePublished\":\"2016-07-07T15:25:02+00:00\",\"dateModified\":\"2017-01-25T23:49:57+00:00\",\"inLanguage\":\"fr-FR\",\"potentialAction\":[{\"@type\":\"ReadAction\",\"target\":[\"https:\/\/www.zensol.com\/fr\/seminaires\/\"]}]},{\"@type\":\"ImageObject\",\"inLanguage\":\"fr-FR\",\"@id\":\"https:\/\/www.zensol.com\/fr\/seminaires\/#primaryimage\",\"url\":\"https:\/\/www.zensol.com\/wp-content\/uploads\/2016\/07\/seminar-montage-300x263.jpg\",\"contentUrl\":\"https:\/\/www.zensol.com\/wp-content\/uploads\/2016\/07\/seminar-montage-300x263.jpg\"},{\"@type\":\"WebSite\",\"@id\":\"https:\/\/www.zensol.com\/#website\",\"url\":\"https:\/\/www.zensol.com\/\",\"name\":\"Zensol\",\"description\":\"The Circuit Breaker, Recloser and Tap-Changer Instrument Test Specialist\",\"potentialAction\":[{\"@type\":\"SearchAction\",\"target\":{\"@type\":\"EntryPoint\",\"urlTemplate\":\"https:\/\/www.zensol.com\/?s={search_term_string}\"},\"query-input\":{\"@type\":\"PropertyValueSpecification\",\"valueRequired\":true,\"valueName\":\"search_term_string\"}}],\"inLanguage\":\"fr-FR\"}]}<\/script>\n<!-- \/ Yoast SEO plugin. -->","yoast_head_json":{"title":"Service mondial de s\u00e9minaires - Zensol","robots":{"index":"index","follow":"follow","max-snippet":"max-snippet:-1","max-image-preview":"max-image-preview:large","max-video-preview":"max-video-preview:-1"},"canonical":"https:\/\/www.zensol.com\/fr\/seminaires\/","og_locale":"fr_FR","og_type":"article","og_title":"Service mondial de s\u00e9minaires - Zensol","og_description":"Service mondial de s\u00e9minaires Zensol n&rsquo;est pas seulement un manufacturier d&rsquo;instruments de test. Nous organisons aussi r\u00e9guli\u00e8rement des s\u00e9minaires techniques couvrant des aspects tr\u00e8s divers de la maintenance d&rsquo;une sous-station. Ces s\u00e9minaires sont organis\u00e9s: Partout dans le monde. Sur simple demande \/ Selon notre emploi du temps. Et dispens\u00e9s par des sp\u00e9cialistes hautement qualifi\u00e9s, avec [&hellip;]","og_url":"https:\/\/www.zensol.com\/fr\/seminaires\/","og_site_name":"Zensol","article_modified_time":"2017-01-25T23:49:57+00:00","og_image":[{"url":"https:\/\/www.zensol.com\/wp-content\/uploads\/2016\/07\/seminar-montage-300x263.jpg","type":"","width":"","height":""}],"twitter_misc":{"Dur\u00e9e de lecture estim\u00e9e":"1 minute"},"schema":{"@context":"https:\/\/schema.org","@graph":[{"@type":"WebPage","@id":"https:\/\/www.zensol.com\/fr\/seminaires\/","url":"https:\/\/www.zensol.com\/fr\/seminaires\/","name":"Service mondial de s\u00e9minaires - Zensol","isPartOf":{"@id":"https:\/\/www.zensol.com\/#website"},"primaryImageOfPage":{"@id":"https:\/\/www.zensol.com\/fr\/seminaires\/#primaryimage"},"image":{"@id":"https:\/\/www.zensol.com\/fr\/seminaires\/#primaryimage"},"thumbnailUrl":"https:\/\/www.zensol.com\/wp-content\/uploads\/2016\/07\/seminar-montage-300x263.jpg","datePublished":"2016-07-07T15:25:02+00:00","dateModified":"2017-01-25T23:49:57+00:00","inLanguage":"fr-FR","potentialAction":[{"@type":"ReadAction","target":["https:\/\/www.zensol.com\/fr\/seminaires\/"]}]},{"@type":"ImageObject","inLanguage":"fr-FR","@id":"https:\/\/www.zensol.com\/fr\/seminaires\/#primaryimage","url":"https:\/\/www.zensol.com\/wp-content\/uploads\/2016\/07\/seminar-montage-300x263.jpg","contentUrl":"https:\/\/www.zensol.com\/wp-content\/uploads\/2016\/07\/seminar-montage-300x263.jpg"},{"@type":"WebSite","@id":"https:\/\/www.zensol.com\/#website","url":"https:\/\/www.zensol.com\/","name":"Zensol","description":"The Circuit Breaker, Recloser and Tap-Changer Instrument Test Specialist","potentialAction":[{"@type":"SearchAction","target":{"@type":"EntryPoint","urlTemplate":"https:\/\/www.zensol.com\/?s={search_term_string}"},"query-input":{"@type":"PropertyValueSpecification","valueRequired":true,"valueName":"search_term_string"}}],"inLanguage":"fr-FR"}]}},"_links":{"self":[{"href":"https:\/\/www.zensol.com\/fr\/wp-json\/wp\/v2\/pages\/5299","targetHints":{"allow":["GET"]}}],"collection":[{"href":"https:\/\/www.zensol.com\/fr\/wp-json\/wp\/v2\/pages"}],"about":[{"href":"https:\/\/www.zensol.com\/fr\/wp-json\/wp\/v2\/types\/page"}],"author":[{"embeddable":true,"href":"https:\/\/www.zensol.com\/fr\/wp-json\/wp\/v2\/users\/1"}],"replies":[{"embeddable":true,"href":"https:\/\/www.zensol.com\/fr\/wp-json\/wp\/v2\/comments?post=5299"}],"version-history":[{"count":11,"href":"https:\/\/www.zensol.com\/fr\/wp-json\/wp\/v2\/pages\/5299\/revisions"}],"predecessor-version":[{"id":5977,"href":"https:\/\/www.zensol.com\/fr\/wp-json\/wp\/v2\/pages\/5299\/revisions\/5977"}],"wp:attachment":[{"href":"https:\/\/www.zensol.com\/fr\/wp-json\/wp\/v2\/media?parent=5299"}],"curies":[{"name":"wp","href":"https:\/\/api.w.org\/{rel}","templated":true}]}}