{"id":5012,"date":"2016-02-28T22:27:03","date_gmt":"2016-02-28T21:27:03","guid":{"rendered":"https:\/\/www.zensol.net\/fr\/?page_id=5012"},"modified":"2021-08-10T17:08:30","modified_gmt":"2021-08-10T16:08:30","slug":"nos-realisations","status":"publish","type":"page","link":"https:\/\/www.zensol.com\/fr\/a-propos-de-zensol\/nos-realisations\/","title":{"rendered":"Nos r\u00e9alisations"},"content":{"rendered":"<section  class='av_textblock_section av-av_textblock-0366cc7376be6c9e82a3e9cc8987b64f'  itemscope=\"itemscope\" itemtype=\"https:\/\/schema.org\/CreativeWork\" ><div class='avia_textblock'  itemprop=\"text\" ><h1 style=\"text-align: center;\">Nos r\u00e9alisations<\/h1>\n<\/div><\/section>\n<\/div><\/div><\/div><!-- close content main div --><\/div><\/div>\n<style type=\"text\/css\" data-created_by=\"avia_inline_auto\" id=\"style-css-av-av_section-a36ec92cd225ce4146f169c46e1aa022\">\n.avia-section.av-av_section-a36ec92cd225ce4146f169c46e1aa022{\nbackground-color:#e5e5e5;\nbackground-image:unset;\n}\n<\/style>\n<div id='av_section_1'  class='avia-section av-av_section-a36ec92cd225ce4146f169c46e1aa022 main_color avia-section-default avia-no-shadow  avia-builder-el-1  el_after_av_textblock  el_before_av_one_third  avia-bg-style-scroll container_wrap sidebar_right'  ><div class='container av-section-cont-open' ><div class='template-page content  av-content-small alpha units'><div class='post-entry post-entry-type-page post-entry-5012'><div class='entry-content-wrapper clearfix'>\n<div class='flex_column av-av_two_third-2a9015ff38129c418a3f2eafba3e9512 av_two_third  avia-builder-el-2  el_before_av_one_third  avia-builder-el-first  first flex_column_div '     ><section  class='av_textblock_section av-av_textblock-0366cc7376be6c9e82a3e9cc8987b64f'  itemscope=\"itemscope\" itemtype=\"https:\/\/schema.org\/CreativeWork\" ><div class='avia_textblock'  itemprop=\"text\" ><h2><span style=\"color: #008000;\">Notre gage de qualit\u00e9<\/span><\/h2>\n<p>Gr\u00e2ce \u00e0 notre travail consciencieux et appliqu\u00e9, nous r\u00e9pondons parfaitement au syst\u00e8me de gestion de qualit\u00e9 ISO depuis 1999<\/p>\n<ul>\n<li style=\"list-style-type: none;\">\n<ul>\n<li>En Juillet 2018, <strong>Zensol<\/strong> est pass\u00e9 \u00e0 ISO 9001: 2015<u>.<\/u><\/li>\n<\/ul>\n<\/li>\n<\/ul>\n<p>La certification ISO 9001: 2015, atteste d\u2019un certain niveau d\u2019exigence concernant la mise en place d&rsquo;un\u00a0<a href=\"https:\/\/fr.wikipedia.org\/wiki\/Syst%C3%A8me_de_management_de_la_qualit%C3%A9\">syst\u00e8me de gestion de la qualit\u00e9<\/a>.<\/p>\n<p>Pour conserver cette certification, au sein de <strong>Zensol<\/strong>, nous offrons \u00e0 nos clients\u00a0:<\/p>\n<ul>\n<li style=\"list-style-type: none;\">\n<ul>\n<li style=\"list-style-type: none;\">\n<ul>\n<li><strong>Des instruments\u00a0de haute qualit\u00e9 :<\/strong>\n<ul>\n<li style=\"list-style-type: none;\">\n<ul>\n<li style=\"list-style-type: none;\">\n<ul>\n<li>Fiables et \u00e0 la pointe<\/li>\n<\/ul>\n<\/li>\n<\/ul>\n<\/li>\n<\/ul>\n<ul>\n<li style=\"list-style-type: none;\">\n<ul>\n<li style=\"list-style-type: none;\">\n<ul>\n<li>Compatibles avec tout type de technologie<\/li>\n<\/ul>\n<\/li>\n<\/ul>\n<\/li>\n<\/ul>\n<ul>\n<li style=\"list-style-type: none;\">\n<ul>\n<li style=\"list-style-type: none;\">\n<ul>\n<li>Qui se d\u00e9marquent pour leur robustesse et leurs performances<\/li>\n<\/ul>\n<\/li>\n<\/ul>\n<\/li>\n<\/ul>\n<\/li>\n<\/ul>\n<\/li>\n<\/ul>\n<\/li>\n<\/ul>\n<ul>\n<li style=\"list-style-type: none;\">\n<ul>\n<li style=\"list-style-type: none;\">\n<ul>\n<li><strong>Un service \u00e0 la client\u00e8le fortement d\u00e9velopp\u00e9\u00a0:<\/strong>\n<ul>\n<li style=\"list-style-type: none;\">\n<ul>\n<li style=\"list-style-type: none;\">\n<ul>\n<li>Un suivi du client par une \u00e9quipe de professionnels qualifi\u00e9s<\/li>\n<\/ul>\n<\/li>\n<\/ul>\n<\/li>\n<\/ul>\n<ul>\n<li style=\"list-style-type: none;\">\n<ul>\n<li style=\"list-style-type: none;\">\n<ul>\n<li>Des s\u00e9minaires de maintenance, des formations th\u00e9oriques et des webinars<\/li>\n<\/ul>\n<\/li>\n<\/ul>\n<\/li>\n<\/ul>\n<ul>\n<li style=\"list-style-type: none;\">\n<ul>\n<li style=\"list-style-type: none;\">\n<ul>\n<li>une assistance technique en ligne quel que soit le pays, sous 48 heures<\/li>\n<\/ul>\n<\/li>\n<\/ul>\n<\/li>\n<\/ul>\n<\/li>\n<\/ul>\n<\/li>\n<\/ul>\n<\/li>\n<\/ul>\n<\/div><\/section><\/div>\n<style type=\"text\/css\" data-created_by=\"avia_inline_auto\" id=\"style-css-av-av_one_third-0aa7055fe62c3622faec82866afbaeb2\">\n.flex_column.av-av_one_third-0aa7055fe62c3622faec82866afbaeb2{\n-webkit-border-radius:0px 0px 0px 0px;\n-moz-border-radius:0px 0px 0px 0px;\nborder-radius:0px 0px 0px 0px;\npadding:0px 0px 0px 0px;\n}\n<\/style>\n<div class='flex_column av-av_one_third-0aa7055fe62c3622faec82866afbaeb2 av_one_third  avia-builder-el-4  el_after_av_two_third  avia-builder-el-last  flex_column_div av-zero-column-padding '     ><section  class='av_textblock_section av-av_textblock-0366cc7376be6c9e82a3e9cc8987b64f'  itemscope=\"itemscope\" itemtype=\"https:\/\/schema.org\/CreativeWork\" ><div class='avia_textblock'  itemprop=\"text\" ><p style=\"text-align: center;\"><strong>Certificat ISO <b>\u00a09001: 2015<\/b><\/strong><\/p>\n<\/div><\/section><br \/>\n\n<style type=\"text\/css\" data-created_by=\"avia_inline_auto\" id=\"style-css-av-av_image-950d371212b82b0e20ced870e3e49374\">\n.avia-image-container.av-av_image-950d371212b82b0e20ced870e3e49374 img.avia_image{\nbox-shadow:none;\n}\n.avia-image-container.av-av_image-950d371212b82b0e20ced870e3e49374 .av-image-caption-overlay-center{\ncolor:#ffffff;\n}\n<\/style>\n<div  class='avia-image-container av-av_image-950d371212b82b0e20ced870e3e49374 av-styling- avia-align-center  avia-builder-el-6  el_after_av_textblock  el_before_av_image '   itemprop=\"image\" itemscope=\"itemscope\" itemtype=\"https:\/\/schema.org\/ImageObject\" ><div class=\"avia-image-container-inner\"><div class=\"avia-image-overlay-wrap\"><img decoding=\"async\" class='wp-image-10314 avia-img-lazy-loading-not-10314 avia_image ' src=\"https:\/\/www.zensol.com\/wp-content\/uploads\/2016\/02\/iso9001_logo_w.png\" alt='' title='iso9001_logo_w'  height=\"172\" width=\"170\"  itemprop=\"thumbnailUrl\" srcset=\"https:\/\/www.zensol.com\/wp-content\/uploads\/2016\/02\/iso9001_logo_w.png 170w, https:\/\/www.zensol.com\/wp-content\/uploads\/2016\/02\/iso9001_logo_w-80x80.png 80w, https:\/\/www.zensol.com\/wp-content\/uploads\/2016\/02\/iso9001_logo_w-36x36.png 36w, https:\/\/www.zensol.com\/wp-content\/uploads\/2016\/02\/iso9001_logo_w-120x120.png 120w\" sizes=\"(max-width: 170px) 100vw, 170px\" \/><\/div><\/div><\/div><br \/>\n\n<style type=\"text\/css\" data-created_by=\"avia_inline_auto\" id=\"style-css-av-ks69cvzt-9910359333c4026bda94fa806872669e\">\n.avia-image-container.av-ks69cvzt-9910359333c4026bda94fa806872669e img.avia_image{\nbox-shadow:none;\n}\n.avia-image-container.av-ks69cvzt-9910359333c4026bda94fa806872669e .av-image-caption-overlay-center{\ncolor:#ffffff;\n}\n<\/style>\n<div  class='avia-image-container av-ks69cvzt-9910359333c4026bda94fa806872669e av-styling- avia-align-center  avia-builder-el-7  el_after_av_image  avia-builder-el-last '   itemprop=\"image\" itemscope=\"itemscope\" itemtype=\"https:\/\/schema.org\/ImageObject\" ><div class=\"avia-image-container-inner\"><div class=\"avia-image-overlay-wrap\"><a href=\"https:\/\/www.zensol.com\/wp-content\/uploads\/2021\/08\/Zensol-Automation-Inc._CAQ1843_ISO-9k_issue-9_final-certificate.pdf\" class='avia_image' ><img decoding=\"async\" class='wp-image- avia-img-lazy-loading-not- avia_image ' src=\"https:\/\/www.zensol.com\/wp-content\/uploads\/2016\/02\/ISO9001-2015Zensol-Automation_1843_RAU_TAA_Final_Certificate_Issue-8-pdf-232x300.jpg\" alt='' title=''   itemprop=\"thumbnailUrl\"  \/><\/a><\/div><\/div><\/div><\/p><\/div><\/div><\/div><\/div><!-- close content main div --><\/div><\/div><div id='after_section_1'  class='main_color av_default_container_wrap container_wrap sidebar_right'  ><div class='container av-section-cont-open' ><div class='template-page content  av-content-small alpha units'><div class='post-entry post-entry-type-page post-entry-5012'><div class='entry-content-wrapper clearfix'><div class='flex_column av-av_one_third-2a9015ff38129c418a3f2eafba3e9512 av_one_third  avia-builder-el-8  el_after_av_section  el_before_av_two_third  avia-builder-el-first  first flex_column_div '     ><section  class='av_textblock_section av-av_textblock-0366cc7376be6c9e82a3e9cc8987b64f'  itemscope=\"itemscope\" itemtype=\"https:\/\/schema.org\/CreativeWork\" ><div class='avia_textblock'  itemprop=\"text\" ><p><img loading=\"lazy\" decoding=\"async\" class=\"alignleft size-medium wp-image-5021\" src=\"https:\/\/www.zensol.com\/wp-content\/uploads\/2016\/02\/hydro-300x130.jpg\" alt=\"hydro\" width=\"300\" height=\"130\" srcset=\"https:\/\/www.zensol.com\/wp-content\/uploads\/2016\/02\/hydro-300x130.jpg 300w, https:\/\/www.zensol.com\/wp-content\/uploads\/2016\/02\/hydro.jpg 628w, https:\/\/www.zensol.com\/wp-content\/uploads\/2016\/02\/hydro-450x195.jpg 450w\" sizes=\"auto, (max-width: 300px) 100vw, 300px\" \/><\/p>\n<\/div><\/section><\/div><\/p>\n\n<style type=\"text\/css\" data-created_by=\"avia_inline_auto\" id=\"style-css-av-av_two_third-0aa7055fe62c3622faec82866afbaeb2\">\n.flex_column.av-av_two_third-0aa7055fe62c3622faec82866afbaeb2{\n-webkit-border-radius:0px 0px 0px 0px;\n-moz-border-radius:0px 0px 0px 0px;\nborder-radius:0px 0px 0px 0px;\npadding:0px 0px 0px 0px;\n}\n<\/style>\n<div class='flex_column av-av_two_third-0aa7055fe62c3622faec82866afbaeb2 av_two_third  avia-builder-el-10  el_after_av_one_third  el_before_av_section  avia-builder-el-last  flex_column_div av-zero-column-padding '     ><section  class='av_textblock_section av-av_textblock-0366cc7376be6c9e82a3e9cc8987b64f'  itemscope=\"itemscope\" itemtype=\"https:\/\/schema.org\/CreativeWork\" ><div class='avia_textblock'  itemprop=\"text\" ><h2><span style=\"color: #008000;\">Notre collaboration avec Hydro-Qu\u00e9bec<\/span><\/h2>\n<p>Partenaires et collaborateurs depuis plus de 20 ans, <strong>Zensol<\/strong> et Hydro-Qu\u00e9bec entretiennent une relation de confiance, sur le long terme.<\/p>\n<p>Fournisseur exclusif d\u2019\u00e9lectricit\u00e9 au Qu\u00e9bec, Hydro-Qu\u00e9bec n\u00e9cessite des instruments fiables, solides et faciles d\u2019utilisation, lui permettant d\u2019assurer la distribution d\u2019une \u00e9nergie propre et renouvelable aupr\u00e8s de ses clients.<\/p>\n<p>L\u2019\u00e9quipe <strong>Zensol<\/strong>, constitu\u00e9e d\u2019ing\u00e9nieurs hautement qualifi\u00e9s, travaille en permanence sur le d\u00e9veloppement d\u2019instruments et de logiciels capables de r\u00e9pondre aux besoins d\u2019Hydro-Qu\u00e9bec.<\/p>\n<p>Ces ann\u00e9es de collaboration ont conduit \u00e0 la cr\u00e9ation de m\u00e9thodes innovantes, telle que la vibroacoustique reconnue mondialement pour sa solution compl\u00e8te sur les changeurs de prises.<\/p>\n<p>Les temp\u00e9ratures extr\u00eames dans lesquelles nous \u00e9voluons nous ont incit\u00e9s \u00e0 d\u00e9velopper ces m\u00e9thodes ainsi que des instruments de qualit\u00e9, capables de faire face \u00e0 ces conditions climatiques.<\/p>\n<\/div><\/section><\/div>\n<\/div><\/div><\/div><!-- close content main div --><\/div><\/div>\n<style type=\"text\/css\" data-created_by=\"avia_inline_auto\" id=\"style-css-av-av_section-a36ec92cd225ce4146f169c46e1aa022\">\n.avia-section.av-av_section-a36ec92cd225ce4146f169c46e1aa022{\nbackground-color:#e5e5e5;\nbackground-image:unset;\n}\n<\/style>\n<div id='av_section_2'  class='avia-section av-av_section-a36ec92cd225ce4146f169c46e1aa022 main_color avia-section-default avia-no-shadow  avia-builder-el-12  el_after_av_two_third  avia-builder-el-last  avia-bg-style-scroll container_wrap sidebar_right'  ><div class='container av-section-cont-open' ><div class='template-page content  av-content-small alpha units'><div class='post-entry post-entry-type-page post-entry-5012'><div class='entry-content-wrapper clearfix'>\n<div class='flex_column av-av_two_third-2a9015ff38129c418a3f2eafba3e9512 av_two_third  avia-builder-el-13  el_before_av_one_third  avia-builder-el-first  first flex_column_div '     ><section  class='av_textblock_section av-av_textblock-0366cc7376be6c9e82a3e9cc8987b64f'  itemscope=\"itemscope\" itemtype=\"https:\/\/schema.org\/CreativeWork\" ><div class='avia_textblock'  itemprop=\"text\" ><h2><span style=\"color: #339966;\">Nos r\u00e9f\u00e9rences<\/span><\/h2>\n<p><strong>Zensol<\/strong> Automation Inc, c\u2019est plus de 1000 collaborations avec des grands noms de l\u2019\u00e9nergie \u00e9lectrique \u00e0 travers le monde. Forts de ces exp\u00e9riences, nous saurons nous adapter \u00e0 vos besoins et r\u00e9pondre au mieux \u00e0 vos attentes.<\/p>\n<p>Ces ann\u00e9es de collaboration ont conduit \u00e0 la cr\u00e9ation de m\u00e9thodes innovantes, telle que la vibroacoustique reconnue mondialement pour sa solution compl\u00e8te sur les changeurs de prises.<\/p>\n<p>Les temp\u00e9ratures extr\u00eames dans lesquelles nous \u00e9voluons nous ont incit\u00e9s \u00e0 d\u00e9velopper ces m\u00e9thodes ainsi que des instruments de qualit\u00e9, capables de faire face \u00e0 ces conditions climatiques.<\/p>\n<\/div><\/section><\/div><div class='flex_column av-av_one_third-f78fb3c186c5ceb3cf0bf54353219056 av_one_third  avia-builder-el-15  el_after_av_two_third  avia-builder-el-last  flex_column_div '     ><p>\n<style type=\"text\/css\" data-created_by=\"avia_inline_auto\" id=\"style-css-av-av_image-8d284417bee315c3f998a75f7633fd24\">\n.avia-image-container.av-av_image-8d284417bee315c3f998a75f7633fd24 img.avia_image{\nbox-shadow:none;\n}\n.avia-image-container.av-av_image-8d284417bee315c3f998a75f7633fd24 .av-image-caption-overlay-center{\ncolor:#ffffff;\n}\n<\/style>\n<div  class='avia-image-container av-av_image-8d284417bee315c3f998a75f7633fd24 av-styling- avia-align-center  avia-builder-el-16  el_before_av_image  avia-builder-el-first '   itemprop=\"image\" itemscope=\"itemscope\" itemtype=\"https:\/\/schema.org\/ImageObject\" ><div class=\"avia-image-container-inner\"><div class=\"avia-image-overlay-wrap\"><img decoding=\"async\" class='wp-image-8466 avia-img-lazy-loading-not-8466 avia_image ' src=\"https:\/\/www.zensol.com\/wp-content\/uploads\/2016\/02\/customers1-1-300x163.jpg\" alt='' title='customers1'  height=\"163\" width=\"300\"  itemprop=\"thumbnailUrl\" srcset=\"https:\/\/www.zensol.com\/wp-content\/uploads\/2016\/02\/customers1-1-300x163.jpg 300w, https:\/\/www.zensol.com\/wp-content\/uploads\/2016\/02\/customers1-1-450x244.jpg 450w, https:\/\/www.zensol.com\/wp-content\/uploads\/2016\/02\/customers1-1.jpg 639w\" sizes=\"(max-width: 300px) 100vw, 300px\" \/><\/div><\/div><\/div><br \/>\n\n<style type=\"text\/css\" data-created_by=\"avia_inline_auto\" id=\"style-css-av-av_image-66ae9be2400d9f6afe3836331a2288a3\">\n.avia-image-container.av-av_image-66ae9be2400d9f6afe3836331a2288a3 img.avia_image{\nbox-shadow:none;\n}\n.avia-image-container.av-av_image-66ae9be2400d9f6afe3836331a2288a3 .av-image-caption-overlay-center{\ncolor:#ffffff;\n}\n<\/style>\n<div  class='avia-image-container av-av_image-66ae9be2400d9f6afe3836331a2288a3 av-styling- avia-align-center  avia-builder-el-17  el_after_av_image  avia-builder-el-last '   itemprop=\"image\" itemscope=\"itemscope\" itemtype=\"https:\/\/schema.org\/ImageObject\" ><div class=\"avia-image-container-inner\"><div class=\"avia-image-overlay-wrap\"><img decoding=\"async\" class='wp-image-8463 avia-img-lazy-loading-not-8463 avia_image ' src=\"https:\/\/www.zensol.com\/wp-content\/uploads\/2016\/02\/customers2-300x148.jpg\" alt='' title='customers2'  height=\"148\" width=\"300\"  itemprop=\"thumbnailUrl\" srcset=\"https:\/\/www.zensol.com\/wp-content\/uploads\/2016\/02\/customers2-300x148.jpg 300w, https:\/\/www.zensol.com\/wp-content\/uploads\/2016\/02\/customers2-450x223.jpg 450w, https:\/\/www.zensol.com\/wp-content\/uploads\/2016\/02\/customers2.jpg 631w\" sizes=\"(max-width: 300px) 100vw, 300px\" \/><\/div><\/div><\/div><\/p><\/div>\n<\/div><\/div><\/div><!-- close content main div --><\/div><\/div><div id='after_section_2'  class='main_color av_default_container_wrap container_wrap sidebar_right'  ><div class='container av-section-cont-open' ><div class='template-page content  av-content-small alpha units'><div class='post-entry post-entry-type-page post-entry-5012'><div class='entry-content-wrapper clearfix'>\n","protected":false},"excerpt":{"rendered":"","protected":false},"author":1,"featured_media":0,"parent":4915,"menu_order":0,"comment_status":"closed","ping_status":"closed","template":"","meta":{"footnotes":""},"class_list":["post-5012","page","type-page","status-publish","hentry"],"yoast_head":"<!-- This site is optimized with the Yoast SEO plugin v27.5 - https:\/\/yoast.com\/product\/yoast-seo-wordpress\/ -->\n<title>Nos r\u00e9alisations - Zensol<\/title>\n<meta name=\"robots\" content=\"index, follow, max-snippet:-1, max-image-preview:large, max-video-preview:-1\" \/>\n<link rel=\"canonical\" href=\"https:\/\/www.zensol.com\/fr\/a-propos-de-zensol\/nos-realisations\/\" \/>\n<meta property=\"og:locale\" content=\"fr_FR\" \/>\n<meta property=\"og:type\" content=\"article\" \/>\n<meta property=\"og:title\" content=\"Nos r\u00e9alisations - Zensol\" \/>\n<meta property=\"og:url\" content=\"https:\/\/www.zensol.com\/fr\/a-propos-de-zensol\/nos-realisations\/\" \/>\n<meta property=\"og:site_name\" content=\"Zensol\" \/>\n<meta property=\"article:modified_time\" content=\"2021-08-10T16:08:30+00:00\" \/>\n<meta property=\"og:image\" content=\"https:\/\/www.zensol.com\/wp-content\/uploads\/2016\/02\/hydro-300x130.jpg\" \/>\n<meta name=\"twitter:label1\" content=\"Dur\u00e9e de lecture estim\u00e9e\" \/>\n\t<meta name=\"twitter:data1\" content=\"5 minutes\" \/>\n<script type=\"application\/ld+json\" class=\"yoast-schema-graph\">{\"@context\":\"https:\\\/\\\/schema.org\",\"@graph\":[{\"@type\":\"WebPage\",\"@id\":\"https:\\\/\\\/www.zensol.com\\\/fr\\\/a-propos-de-zensol\\\/nos-realisations\\\/\",\"url\":\"https:\\\/\\\/www.zensol.com\\\/fr\\\/a-propos-de-zensol\\\/nos-realisations\\\/\",\"name\":\"Nos r\u00e9alisations - Zensol\",\"isPartOf\":{\"@id\":\"https:\\\/\\\/www.zensol.com\\\/#website\"},\"primaryImageOfPage\":{\"@id\":\"https:\\\/\\\/www.zensol.com\\\/fr\\\/a-propos-de-zensol\\\/nos-realisations\\\/#primaryimage\"},\"image\":{\"@id\":\"https:\\\/\\\/www.zensol.com\\\/fr\\\/a-propos-de-zensol\\\/nos-realisations\\\/#primaryimage\"},\"thumbnailUrl\":\"https:\\\/\\\/www.zensol.com\\\/wp-content\\\/uploads\\\/2016\\\/02\\\/hydro-300x130.jpg\",\"datePublished\":\"2016-02-28T21:27:03+00:00\",\"dateModified\":\"2021-08-10T16:08:30+00:00\",\"breadcrumb\":{\"@id\":\"https:\\\/\\\/www.zensol.com\\\/fr\\\/a-propos-de-zensol\\\/nos-realisations\\\/#breadcrumb\"},\"inLanguage\":\"fr-FR\",\"potentialAction\":[{\"@type\":\"ReadAction\",\"target\":[\"https:\\\/\\\/www.zensol.com\\\/fr\\\/a-propos-de-zensol\\\/nos-realisations\\\/\"]}]},{\"@type\":\"ImageObject\",\"inLanguage\":\"fr-FR\",\"@id\":\"https:\\\/\\\/www.zensol.com\\\/fr\\\/a-propos-de-zensol\\\/nos-realisations\\\/#primaryimage\",\"url\":\"https:\\\/\\\/www.zensol.com\\\/wp-content\\\/uploads\\\/2016\\\/02\\\/hydro-300x130.jpg\",\"contentUrl\":\"https:\\\/\\\/www.zensol.com\\\/wp-content\\\/uploads\\\/2016\\\/02\\\/hydro-300x130.jpg\"},{\"@type\":\"BreadcrumbList\",\"@id\":\"https:\\\/\\\/www.zensol.com\\\/fr\\\/a-propos-de-zensol\\\/nos-realisations\\\/#breadcrumb\",\"itemListElement\":[{\"@type\":\"ListItem\",\"position\":1,\"name\":\"A propos de Zensol\",\"item\":\"https:\\\/\\\/www.zensol.com\\\/fr\\\/a-propos-de-zensol\\\/\"},{\"@type\":\"ListItem\",\"position\":2,\"name\":\"Nos r\u00e9alisations\"}]},{\"@type\":\"WebSite\",\"@id\":\"https:\\\/\\\/www.zensol.com\\\/#website\",\"url\":\"https:\\\/\\\/www.zensol.com\\\/\",\"name\":\"Zensol\",\"description\":\"The Circuit Breaker, Recloser and Tap-Changer Instrument Test Specialist\",\"potentialAction\":[{\"@type\":\"SearchAction\",\"target\":{\"@type\":\"EntryPoint\",\"urlTemplate\":\"https:\\\/\\\/www.zensol.com\\\/?s={search_term_string}\"},\"query-input\":{\"@type\":\"PropertyValueSpecification\",\"valueRequired\":true,\"valueName\":\"search_term_string\"}}],\"inLanguage\":\"fr-FR\"}]}<\/script>\n<!-- \/ Yoast SEO plugin. -->","yoast_head_json":{"title":"Nos r\u00e9alisations - Zensol","robots":{"index":"index","follow":"follow","max-snippet":"max-snippet:-1","max-image-preview":"max-image-preview:large","max-video-preview":"max-video-preview:-1"},"canonical":"https:\/\/www.zensol.com\/fr\/a-propos-de-zensol\/nos-realisations\/","og_locale":"fr_FR","og_type":"article","og_title":"Nos r\u00e9alisations - Zensol","og_url":"https:\/\/www.zensol.com\/fr\/a-propos-de-zensol\/nos-realisations\/","og_site_name":"Zensol","article_modified_time":"2021-08-10T16:08:30+00:00","og_image":[{"url":"https:\/\/www.zensol.com\/wp-content\/uploads\/2016\/02\/hydro-300x130.jpg","type":"","width":"","height":""}],"twitter_misc":{"Dur\u00e9e de lecture estim\u00e9e":"5 minutes"},"schema":{"@context":"https:\/\/schema.org","@graph":[{"@type":"WebPage","@id":"https:\/\/www.zensol.com\/fr\/a-propos-de-zensol\/nos-realisations\/","url":"https:\/\/www.zensol.com\/fr\/a-propos-de-zensol\/nos-realisations\/","name":"Nos r\u00e9alisations - Zensol","isPartOf":{"@id":"https:\/\/www.zensol.com\/#website"},"primaryImageOfPage":{"@id":"https:\/\/www.zensol.com\/fr\/a-propos-de-zensol\/nos-realisations\/#primaryimage"},"image":{"@id":"https:\/\/www.zensol.com\/fr\/a-propos-de-zensol\/nos-realisations\/#primaryimage"},"thumbnailUrl":"https:\/\/www.zensol.com\/wp-content\/uploads\/2016\/02\/hydro-300x130.jpg","datePublished":"2016-02-28T21:27:03+00:00","dateModified":"2021-08-10T16:08:30+00:00","breadcrumb":{"@id":"https:\/\/www.zensol.com\/fr\/a-propos-de-zensol\/nos-realisations\/#breadcrumb"},"inLanguage":"fr-FR","potentialAction":[{"@type":"ReadAction","target":["https:\/\/www.zensol.com\/fr\/a-propos-de-zensol\/nos-realisations\/"]}]},{"@type":"ImageObject","inLanguage":"fr-FR","@id":"https:\/\/www.zensol.com\/fr\/a-propos-de-zensol\/nos-realisations\/#primaryimage","url":"https:\/\/www.zensol.com\/wp-content\/uploads\/2016\/02\/hydro-300x130.jpg","contentUrl":"https:\/\/www.zensol.com\/wp-content\/uploads\/2016\/02\/hydro-300x130.jpg"},{"@type":"BreadcrumbList","@id":"https:\/\/www.zensol.com\/fr\/a-propos-de-zensol\/nos-realisations\/#breadcrumb","itemListElement":[{"@type":"ListItem","position":1,"name":"A propos de Zensol","item":"https:\/\/www.zensol.com\/fr\/a-propos-de-zensol\/"},{"@type":"ListItem","position":2,"name":"Nos r\u00e9alisations"}]},{"@type":"WebSite","@id":"https:\/\/www.zensol.com\/#website","url":"https:\/\/www.zensol.com\/","name":"Zensol","description":"The Circuit Breaker, Recloser and Tap-Changer Instrument Test Specialist","potentialAction":[{"@type":"SearchAction","target":{"@type":"EntryPoint","urlTemplate":"https:\/\/www.zensol.com\/?s={search_term_string}"},"query-input":{"@type":"PropertyValueSpecification","valueRequired":true,"valueName":"search_term_string"}}],"inLanguage":"fr-FR"}]}},"_links":{"self":[{"href":"https:\/\/www.zensol.com\/fr\/wp-json\/wp\/v2\/pages\/5012","targetHints":{"allow":["GET"]}}],"collection":[{"href":"https:\/\/www.zensol.com\/fr\/wp-json\/wp\/v2\/pages"}],"about":[{"href":"https:\/\/www.zensol.com\/fr\/wp-json\/wp\/v2\/types\/page"}],"author":[{"embeddable":true,"href":"https:\/\/www.zensol.com\/fr\/wp-json\/wp\/v2\/users\/1"}],"replies":[{"embeddable":true,"href":"https:\/\/www.zensol.com\/fr\/wp-json\/wp\/v2\/comments?post=5012"}],"version-history":[{"count":24,"href":"https:\/\/www.zensol.com\/fr\/wp-json\/wp\/v2\/pages\/5012\/revisions"}],"predecessor-version":[{"id":12503,"href":"https:\/\/www.zensol.com\/fr\/wp-json\/wp\/v2\/pages\/5012\/revisions\/12503"}],"up":[{"embeddable":true,"href":"https:\/\/www.zensol.com\/fr\/wp-json\/wp\/v2\/pages\/4915"}],"wp:attachment":[{"href":"https:\/\/www.zensol.com\/fr\/wp-json\/wp\/v2\/media?parent=5012"}],"curies":[{"name":"wp","href":"https:\/\/api.w.org\/{rel}","templated":true}]}}