{"id":4979,"date":"2016-02-28T20:56:20","date_gmt":"2016-02-28T19:56:20","guid":{"rendered":"https:\/\/www.zensol.net\/fr\/?page_id=4979"},"modified":"2018-02-26T10:46:48","modified_gmt":"2018-02-26T09:46:48","slug":"ou-sommes-nous","status":"publish","type":"page","link":"https:\/\/www.zensol.com\/fr\/a-propos-de-zensol\/ou-sommes-nous\/","title":{"rendered":"O\u00f9 sommes-nous ?"},"content":{"rendered":"<section  class='av_textblock_section av-av_textblock-0366cc7376be6c9e82a3e9cc8987b64f'  itemscope=\"itemscope\" itemtype=\"https:\/\/schema.org\/CreativeWork\" ><div class='avia_textblock'  itemprop=\"text\" ><h1 style=\"text-align: center;\">O\u00f9 sommes-nous\u00a0?<\/h1>\n<\/div><\/section>\n<\/div><\/div><\/div><!-- close content main div --><\/div><\/div>\n<style type=\"text\/css\" data-created_by=\"avia_inline_auto\" id=\"style-css-av-av_section-0a36bba90a1820ee0e911fad6b533ba2\">\n.avia-section.av-av_section-0a36bba90a1820ee0e911fad6b533ba2{\nbackground-color:#ffffff;\nbackground-image:unset;\n}\n<\/style>\n<div id='av_section_1'  class='avia-section av-av_section-0a36bba90a1820ee0e911fad6b533ba2 main_color avia-section-default avia-no-shadow  avia-builder-el-1  el_after_av_textblock  el_before_av_section  avia-bg-style-scroll container_wrap sidebar_right'  ><div class='container av-section-cont-open' ><div class='template-page content  av-content-small alpha units'><div class='post-entry post-entry-type-page post-entry-4979'><div class='entry-content-wrapper clearfix'>\n<div class='flex_column av-av_one_half-2a9015ff38129c418a3f2eafba3e9512 av_one_half  avia-builder-el-2  el_before_av_one_half  avia-builder-el-first  first flex_column_div '     ><p>\n<style type=\"text\/css\" data-created_by=\"avia_inline_auto\" id=\"style-css-av-av_textblock-bf8474c55b0e214cc4ae6a2aa919e5b9\">\n#top .av_textblock_section.av-av_textblock-bf8474c55b0e214cc4ae6a2aa919e5b9 .avia_textblock{\nfont-size:26px;\n}\n<\/style>\n<section  class='av_textblock_section av-av_textblock-bf8474c55b0e214cc4ae6a2aa919e5b9'  itemscope=\"itemscope\" itemtype=\"https:\/\/schema.org\/CreativeWork\" ><div class='avia_textblock'  itemprop=\"text\" ><p><span style=\"color: #008000;\"><strong>Zensol au Quebec<\/strong><\/span><\/p>\n<\/div><\/section><br \/>\n<section  class='av_textblock_section av-av_textblock-0366cc7376be6c9e82a3e9cc8987b64f'  itemscope=\"itemscope\" itemtype=\"https:\/\/schema.org\/CreativeWork\" ><div class='avia_textblock'  itemprop=\"text\" ><p>Fond\u00e9 dans cette province, Zensol est pr\u00e9sent partout au Qu\u00e9bec depuis plus de 25 ans !<\/p>\n<\/div><\/section><\/p><\/div><div class='flex_column av-av_one_half-f78fb3c186c5ceb3cf0bf54353219056 av_one_half  avia-builder-el-5  el_after_av_one_half  avia-builder-el-last  flex_column_div '     ><style type=\"text\/css\" data-created_by=\"avia_inline_auto\" id=\"style-css-av-av_image-9786545edebfb9b666a355f52356120f\">\n.avia-image-container.av-av_image-9786545edebfb9b666a355f52356120f img.avia_image{\nbox-shadow:none;\n}\n.avia-image-container.av-av_image-9786545edebfb9b666a355f52356120f .av-image-caption-overlay-center{\ncolor:#ffffff;\n}\n<\/style>\n<div  class='avia-image-container av-av_image-9786545edebfb9b666a355f52356120f av-styling- avia-align-center  avia-builder-el-6  avia-builder-el-no-sibling '   itemprop=\"image\" itemscope=\"itemscope\" itemtype=\"https:\/\/schema.org\/ImageObject\" ><div class=\"avia-image-container-inner\"><div class=\"avia-image-overlay-wrap\"><img decoding=\"async\" class='wp-image-8508 avia-img-lazy-loading-not-8508 avia_image ' src=\"https:\/\/www.zensol.com\/wp-content\/uploads\/2016\/02\/quebec-249x300.jpg\" alt='' title='quebec'  height=\"300\" width=\"249\"  itemprop=\"thumbnailUrl\" srcset=\"https:\/\/www.zensol.com\/wp-content\/uploads\/2016\/02\/quebec-249x300.jpg 249w, https:\/\/www.zensol.com\/wp-content\/uploads\/2016\/02\/quebec-768x924.jpg 768w, https:\/\/www.zensol.com\/wp-content\/uploads\/2016\/02\/quebec-586x705.jpg 586w, https:\/\/www.zensol.com\/wp-content\/uploads\/2016\/02\/quebec-450x541.jpg 450w, https:\/\/www.zensol.com\/wp-content\/uploads\/2016\/02\/quebec.jpg 851w\" sizes=\"(max-width: 249px) 100vw, 249px\" \/><\/div><\/div><\/div><\/div>\n\n<\/div><\/div><\/div><!-- close content main div --><\/div><\/div>\n<style type=\"text\/css\" data-created_by=\"avia_inline_auto\" id=\"style-css-av-av_section-b3898a4c3eeb610070f518774fd01885\">\n.avia-section.av-av_section-b3898a4c3eeb610070f518774fd01885{\nbackground-color:#fffff;\nbackground-image:unset;\n}\n<\/style>\n<div id='av_section_2'  class='avia-section av-av_section-b3898a4c3eeb610070f518774fd01885 main_color avia-section-default avia-no-shadow  avia-builder-el-7  el_after_av_section  avia-builder-el-last  avia-bg-style-scroll container_wrap sidebar_right'  ><div class='container av-section-cont-open' ><div class='template-page content  av-content-small alpha units'><div class='post-entry post-entry-type-page post-entry-4979'><div class='entry-content-wrapper clearfix'>\n<div class='flex_column av-av_two_fifth-2a9015ff38129c418a3f2eafba3e9512 av_two_fifth  avia-builder-el-8  el_before_av_three_fifth  avia-builder-el-first  first flex_column_div '     ><p>\n<style type=\"text\/css\" data-created_by=\"avia_inline_auto\" id=\"style-css-av-av_textblock-bf8474c55b0e214cc4ae6a2aa919e5b9\">\n#top .av_textblock_section.av-av_textblock-bf8474c55b0e214cc4ae6a2aa919e5b9 .avia_textblock{\nfont-size:26px;\n}\n<\/style>\n<section  class='av_textblock_section av-av_textblock-bf8474c55b0e214cc4ae6a2aa919e5b9'  itemscope=\"itemscope\" itemtype=\"https:\/\/schema.org\/CreativeWork\" ><div class='avia_textblock'  itemprop=\"text\" ><p><span style=\"color: #008000;\"><strong>Zensol\u00a0dans le monde<\/strong><\/span><\/p>\n<\/div><\/section><br \/>\n<section  class='av_textblock_section av-av_textblock-0366cc7376be6c9e82a3e9cc8987b64f'  itemscope=\"itemscope\" itemtype=\"https:\/\/schema.org\/CreativeWork\" ><div class='avia_textblock'  itemprop=\"text\" ><p><strong>Zensol<\/strong> est pr\u00e9sent dans plus de 50 pays sur 6 continents.<\/p>\n<p>Notre r\u00e9seau de distribution pr\u00e9sent \u00e0 travers le monde nous permet d\u2019offrir des services locaux \u00e0 nos clients tout en entretenant une relation de proximit\u00e9 avec eux malgr\u00e9 la distance.<\/p>\n<\/div><\/section><\/p><\/div><div class='flex_column av-av_three_fifth-f78fb3c186c5ceb3cf0bf54353219056 av_three_fifth  avia-builder-el-11  el_after_av_two_fifth  avia-builder-el-last  flex_column_div '     ><style type=\"text\/css\" data-created_by=\"avia_inline_auto\" id=\"style-css-av-av_image-621cb41d19c7a1d2699d6c6ed6108da3\">\n.avia-image-container.av-av_image-621cb41d19c7a1d2699d6c6ed6108da3 img.avia_image{\nbox-shadow:none;\n}\n.avia-image-container.av-av_image-621cb41d19c7a1d2699d6c6ed6108da3 .av-image-caption-overlay-center{\ncolor:#ffffff;\n}\n<\/style>\n<div  class='avia-image-container av-av_image-621cb41d19c7a1d2699d6c6ed6108da3 av-styling- avia-align-center  avia-builder-el-12  avia-builder-el-no-sibling '   itemprop=\"image\" itemscope=\"itemscope\" itemtype=\"https:\/\/schema.org\/ImageObject\" ><div class=\"avia-image-container-inner\"><div class=\"avia-image-overlay-wrap\"><img decoding=\"async\" class='wp-image-8505 avia-img-lazy-loading-not-8505 avia_image ' src=\"https:\/\/www.zensol.com\/wp-content\/uploads\/2016\/02\/google-maps-1030x427.jpg\" alt='' title='google-maps'  height=\"427\" width=\"1030\"  itemprop=\"thumbnailUrl\" srcset=\"https:\/\/www.zensol.com\/wp-content\/uploads\/2016\/02\/google-maps-1030x427.jpg 1030w, https:\/\/www.zensol.com\/wp-content\/uploads\/2016\/02\/google-maps-300x124.jpg 300w, https:\/\/www.zensol.com\/wp-content\/uploads\/2016\/02\/google-maps-768x319.jpg 768w, https:\/\/www.zensol.com\/wp-content\/uploads\/2016\/02\/google-maps-705x292.jpg 705w, https:\/\/www.zensol.com\/wp-content\/uploads\/2016\/02\/google-maps-450x187.jpg 450w, https:\/\/www.zensol.com\/wp-content\/uploads\/2016\/02\/google-maps.jpg 1355w\" sizes=\"(max-width: 1030px) 100vw, 1030px\" \/><\/div><\/div><\/div><\/div>\n<\/div><\/div><\/div><!-- close content main div --><\/div><\/div><div id='after_section_2'  class='main_color av_default_container_wrap container_wrap sidebar_right'  ><div class='container av-section-cont-open' ><div class='template-page content  av-content-small alpha units'><div class='post-entry post-entry-type-page post-entry-4979'><div class='entry-content-wrapper clearfix'>\n","protected":false},"excerpt":{"rendered":"","protected":false},"author":1,"featured_media":0,"parent":4915,"menu_order":0,"comment_status":"closed","ping_status":"closed","template":"","meta":{"footnotes":""},"class_list":["post-4979","page","type-page","status-publish","hentry"],"yoast_head":"<!-- This site is optimized with the Yoast SEO plugin v26.3 - https:\/\/yoast.com\/wordpress\/plugins\/seo\/ -->\n<title>O\u00f9 sommes-nous ? - Zensol<\/title>\n<meta name=\"robots\" content=\"index, follow, max-snippet:-1, max-image-preview:large, max-video-preview:-1\" \/>\n<link rel=\"canonical\" href=\"https:\/\/www.zensol.com\/fr\/a-propos-de-zensol\/ou-sommes-nous\/\" \/>\n<meta property=\"og:locale\" content=\"fr_FR\" \/>\n<meta property=\"og:type\" content=\"article\" \/>\n<meta property=\"og:title\" content=\"O\u00f9 sommes-nous ? - Zensol\" \/>\n<meta property=\"og:url\" content=\"https:\/\/www.zensol.com\/fr\/a-propos-de-zensol\/ou-sommes-nous\/\" \/>\n<meta property=\"og:site_name\" content=\"Zensol\" \/>\n<meta property=\"article:modified_time\" content=\"2018-02-26T09:46:48+00:00\" \/>\n<meta name=\"twitter:label1\" content=\"Dur\u00e9e de lecture estim\u00e9e\" \/>\n\t<meta name=\"twitter:data1\" content=\"2 minutes\" \/>\n<script type=\"application\/ld+json\" class=\"yoast-schema-graph\">{\"@context\":\"https:\/\/schema.org\",\"@graph\":[{\"@type\":\"WebPage\",\"@id\":\"https:\/\/www.zensol.com\/fr\/a-propos-de-zensol\/ou-sommes-nous\/\",\"url\":\"https:\/\/www.zensol.com\/fr\/a-propos-de-zensol\/ou-sommes-nous\/\",\"name\":\"O\u00f9 sommes-nous ? - Zensol\",\"isPartOf\":{\"@id\":\"https:\/\/www.zensol.com\/#website\"},\"datePublished\":\"2016-02-28T19:56:20+00:00\",\"dateModified\":\"2018-02-26T09:46:48+00:00\",\"breadcrumb\":{\"@id\":\"https:\/\/www.zensol.com\/fr\/a-propos-de-zensol\/ou-sommes-nous\/#breadcrumb\"},\"inLanguage\":\"fr-FR\",\"potentialAction\":[{\"@type\":\"ReadAction\",\"target\":[\"https:\/\/www.zensol.com\/fr\/a-propos-de-zensol\/ou-sommes-nous\/\"]}]},{\"@type\":\"BreadcrumbList\",\"@id\":\"https:\/\/www.zensol.com\/fr\/a-propos-de-zensol\/ou-sommes-nous\/#breadcrumb\",\"itemListElement\":[{\"@type\":\"ListItem\",\"position\":1,\"name\":\"A propos de Zensol\",\"item\":\"https:\/\/www.zensol.com\/fr\/a-propos-de-zensol\/\"},{\"@type\":\"ListItem\",\"position\":2,\"name\":\"O\u00f9 sommes-nous ?\"}]},{\"@type\":\"WebSite\",\"@id\":\"https:\/\/www.zensol.com\/#website\",\"url\":\"https:\/\/www.zensol.com\/\",\"name\":\"Zensol\",\"description\":\"The Circuit Breaker, Recloser and Tap-Changer Instrument Test Specialist\",\"potentialAction\":[{\"@type\":\"SearchAction\",\"target\":{\"@type\":\"EntryPoint\",\"urlTemplate\":\"https:\/\/www.zensol.com\/?s={search_term_string}\"},\"query-input\":{\"@type\":\"PropertyValueSpecification\",\"valueRequired\":true,\"valueName\":\"search_term_string\"}}],\"inLanguage\":\"fr-FR\"}]}<\/script>\n<!-- \/ Yoast SEO plugin. -->","yoast_head_json":{"title":"O\u00f9 sommes-nous ? - Zensol","robots":{"index":"index","follow":"follow","max-snippet":"max-snippet:-1","max-image-preview":"max-image-preview:large","max-video-preview":"max-video-preview:-1"},"canonical":"https:\/\/www.zensol.com\/fr\/a-propos-de-zensol\/ou-sommes-nous\/","og_locale":"fr_FR","og_type":"article","og_title":"O\u00f9 sommes-nous ? - Zensol","og_url":"https:\/\/www.zensol.com\/fr\/a-propos-de-zensol\/ou-sommes-nous\/","og_site_name":"Zensol","article_modified_time":"2018-02-26T09:46:48+00:00","twitter_misc":{"Dur\u00e9e de lecture estim\u00e9e":"2 minutes"},"schema":{"@context":"https:\/\/schema.org","@graph":[{"@type":"WebPage","@id":"https:\/\/www.zensol.com\/fr\/a-propos-de-zensol\/ou-sommes-nous\/","url":"https:\/\/www.zensol.com\/fr\/a-propos-de-zensol\/ou-sommes-nous\/","name":"O\u00f9 sommes-nous ? - Zensol","isPartOf":{"@id":"https:\/\/www.zensol.com\/#website"},"datePublished":"2016-02-28T19:56:20+00:00","dateModified":"2018-02-26T09:46:48+00:00","breadcrumb":{"@id":"https:\/\/www.zensol.com\/fr\/a-propos-de-zensol\/ou-sommes-nous\/#breadcrumb"},"inLanguage":"fr-FR","potentialAction":[{"@type":"ReadAction","target":["https:\/\/www.zensol.com\/fr\/a-propos-de-zensol\/ou-sommes-nous\/"]}]},{"@type":"BreadcrumbList","@id":"https:\/\/www.zensol.com\/fr\/a-propos-de-zensol\/ou-sommes-nous\/#breadcrumb","itemListElement":[{"@type":"ListItem","position":1,"name":"A propos de Zensol","item":"https:\/\/www.zensol.com\/fr\/a-propos-de-zensol\/"},{"@type":"ListItem","position":2,"name":"O\u00f9 sommes-nous ?"}]},{"@type":"WebSite","@id":"https:\/\/www.zensol.com\/#website","url":"https:\/\/www.zensol.com\/","name":"Zensol","description":"The Circuit Breaker, Recloser and Tap-Changer Instrument Test Specialist","potentialAction":[{"@type":"SearchAction","target":{"@type":"EntryPoint","urlTemplate":"https:\/\/www.zensol.com\/?s={search_term_string}"},"query-input":{"@type":"PropertyValueSpecification","valueRequired":true,"valueName":"search_term_string"}}],"inLanguage":"fr-FR"}]}},"_links":{"self":[{"href":"https:\/\/www.zensol.com\/fr\/wp-json\/wp\/v2\/pages\/4979","targetHints":{"allow":["GET"]}}],"collection":[{"href":"https:\/\/www.zensol.com\/fr\/wp-json\/wp\/v2\/pages"}],"about":[{"href":"https:\/\/www.zensol.com\/fr\/wp-json\/wp\/v2\/types\/page"}],"author":[{"embeddable":true,"href":"https:\/\/www.zensol.com\/fr\/wp-json\/wp\/v2\/users\/1"}],"replies":[{"embeddable":true,"href":"https:\/\/www.zensol.com\/fr\/wp-json\/wp\/v2\/comments?post=4979"}],"version-history":[{"count":39,"href":"https:\/\/www.zensol.com\/fr\/wp-json\/wp\/v2\/pages\/4979\/revisions"}],"predecessor-version":[{"id":4981,"href":"https:\/\/www.zensol.com\/fr\/wp-json\/wp\/v2\/pages\/4979\/revisions\/4981"}],"up":[{"embeddable":true,"href":"https:\/\/www.zensol.com\/fr\/wp-json\/wp\/v2\/pages\/4915"}],"wp:attachment":[{"href":"https:\/\/www.zensol.com\/fr\/wp-json\/wp\/v2\/media?parent=4979"}],"curies":[{"name":"wp","href":"https:\/\/api.w.org\/{rel}","templated":true}]}}