{"id":4944,"date":"2016-02-26T08:44:41","date_gmt":"2016-02-26T07:44:41","guid":{"rendered":"https:\/\/www.zensol.net\/fr\/?page_id=4944"},"modified":"2016-10-26T20:04:28","modified_gmt":"2016-10-26T19:04:28","slug":"ce-qui-nous-demarque","status":"publish","type":"page","link":"https:\/\/www.zensol.com\/fr\/a-propos-de-zensol\/ce-qui-nous-demarque\/","title":{"rendered":"Que faisons nous"},"content":{"rendered":"<section  class='av_textblock_section av-av_textblock-0366cc7376be6c9e82a3e9cc8987b64f'  itemscope=\"itemscope\" itemtype=\"https:\/\/schema.org\/CreativeWork\" ><div class='avia_textblock'  itemprop=\"text\" ><h1 style=\"text-align: center;\">Ce que nous faisons<\/h1>\n<\/div><\/section>\n\n<style type=\"text\/css\" data-created_by=\"avia_inline_auto\" id=\"style-css-av-av_hr-5ea7596238ed9f191e6b5e662093052f\">\n#top .hr.hr-invisible.av-av_hr-5ea7596238ed9f191e6b5e662093052f{\nheight:30px;\n}\n<\/style>\n<div  class='hr av-av_hr-5ea7596238ed9f191e6b5e662093052f hr-invisible  avia-builder-el-1  el_after_av_textblock  el_before_av_section  avia-builder-el-last '><span class='hr-inner '><span class=\"hr-inner-style\"><\/span><\/span><\/div>\n<\/div><\/div><\/div><!-- close content main div --><\/div><\/div>\n<style type=\"text\/css\" data-created_by=\"avia_inline_auto\" id=\"style-css-av-av_section-a36ec92cd225ce4146f169c46e1aa022\">\n.avia-section.av-av_section-a36ec92cd225ce4146f169c46e1aa022{\nbackground-color:#e5e5e5;\nbackground-image:unset;\n}\n<\/style>\n<div id='av_section_1'  class='avia-section av-av_section-a36ec92cd225ce4146f169c46e1aa022 main_color avia-section-default avia-no-shadow  avia-builder-el-2  el_after_av_hr  el_before_av_two_third  avia-bg-style-scroll container_wrap sidebar_right'  ><div class='container av-section-cont-open' ><div class='template-page content  av-content-small alpha units'><div class='post-entry post-entry-type-page post-entry-4944'><div class='entry-content-wrapper clearfix'>\n<div class='flex_column av-av_one_third-2a9015ff38129c418a3f2eafba3e9512 av_one_third  avia-builder-el-3  el_before_av_two_third  avia-builder-el-first  first flex_column_div '     ><style type=\"text\/css\" data-created_by=\"avia_inline_auto\" id=\"style-css-av-av_image-3b3363a2347921d719d5ee85a44b3d33\">\n.avia-image-container.av-av_image-3b3363a2347921d719d5ee85a44b3d33 img.avia_image{\nbox-shadow:none;\n}\n.avia-image-container.av-av_image-3b3363a2347921d719d5ee85a44b3d33 .av-image-caption-overlay-center{\ncolor:#ffffff;\n}\n<\/style>\n<div  class='avia-image-container av-av_image-3b3363a2347921d719d5ee85a44b3d33 av-styling- avia-align-center  avia-builder-el-4  avia-builder-el-no-sibling '   itemprop=\"image\" itemscope=\"itemscope\" itemtype=\"https:\/\/schema.org\/ImageObject\" ><div class=\"avia-image-container-inner\"><div class=\"avia-image-overlay-wrap\"><img decoding=\"async\" class='wp-image-8481 avia-img-lazy-loading-not-8481 avia_image ' src=\"https:\/\/www.zensol.com\/wp-content\/uploads\/2016\/02\/Ce-que-nous-faisons-270x300.jpg\" alt='' title='Ce que nous faisons'  height=\"300\" width=\"270\"  itemprop=\"thumbnailUrl\" srcset=\"https:\/\/www.zensol.com\/wp-content\/uploads\/2016\/02\/Ce-que-nous-faisons-270x300.jpg 270w, https:\/\/www.zensol.com\/wp-content\/uploads\/2016\/02\/Ce-que-nous-faisons-450x501.jpg 450w, https:\/\/www.zensol.com\/wp-content\/uploads\/2016\/02\/Ce-que-nous-faisons.jpg 460w\" sizes=\"(max-width: 270px) 100vw, 270px\" \/><\/div><\/div><\/div><\/div><div class='flex_column av-av_two_third-f78fb3c186c5ceb3cf0bf54353219056 av_two_third  avia-builder-el-5  el_after_av_one_third  avia-builder-el-last  flex_column_div '     ><section  class='av_textblock_section av-av_textblock-0366cc7376be6c9e82a3e9cc8987b64f'  itemscope=\"itemscope\" itemtype=\"https:\/\/schema.org\/CreativeWork\" ><div class='avia_textblock'  itemprop=\"text\" ><h2><span style=\"color: #008000;\">Nos instruments<\/span><\/h2>\n<p><strong>Zensol<\/strong> offre \u00e0 ses clients diff\u00e9rents instruments de pointe pour tester et analyser les disjoncteurs (CBA-32P, CBV-X, SIM-CB6), les changeurs de prises en charge (TAP-4, OTM-X) et les r\u00e9enclencheurs (GEN-X).<\/p>\n<p>Con\u00e7us par nos ing\u00e9nieurs, ils sont portatifs et adapt\u00e9s \u00e0 des environnements difficiles (temp\u00e9ratures extr\u00eames de -40\u00b0C \u00e0 +60\u00b0C). Ils sont r\u00e9put\u00e9s pour leur robustesse et leurs performances. En effet, leur esp\u00e9rance de vie est sup\u00e9rieure \u00e0 15 ans. Vous n\u2019y trouverez aucun composant fragile tel qu\u2019une imprimante, un clavier ou un \u00e9cran int\u00e9gr\u00e9.<\/p>\n<p>Nos valises renforc\u00e9es en poly\u00e9thyl\u00e8ne permettent une protection maximale de nos appareils<br \/>\n<img loading=\"lazy\" decoding=\"async\" class=\"wp-image-5110 aligncenter\" src=\"https:\/\/www.zensol.com\/wp-content\/uploads\/2016\/02\/instruments-300x300.png\" alt=\"instruments\" width=\"219\" height=\"219\" srcset=\"https:\/\/www.zensol.com\/wp-content\/uploads\/2016\/02\/instruments-300x300.png 300w, https:\/\/www.zensol.com\/wp-content\/uploads\/2016\/02\/instruments-80x80.png 80w, https:\/\/www.zensol.com\/wp-content\/uploads\/2016\/02\/instruments-36x36.png 36w, https:\/\/www.zensol.com\/wp-content\/uploads\/2016\/02\/instruments-180x180.png 180w, https:\/\/www.zensol.com\/wp-content\/uploads\/2016\/02\/instruments-120x120.png 120w, https:\/\/www.zensol.com\/wp-content\/uploads\/2016\/02\/instruments.png 368w\" sizes=\"auto, (max-width: 219px) 100vw, 219px\" \/><\/p>\n<\/div><\/section><\/div>\n<\/div><\/div><\/div><!-- close content main div --><\/div><\/div><div id='after_section_1'  class='main_color av_default_container_wrap container_wrap sidebar_right'  ><div class='container av-section-cont-open' ><div class='template-page content  av-content-small alpha units'><div class='post-entry post-entry-type-page post-entry-4944'><div class='entry-content-wrapper clearfix'>\n<div class='flex_column av-av_two_third-2a9015ff38129c418a3f2eafba3e9512 av_two_third  avia-builder-el-7  el_after_av_section  el_before_av_one_third  avia-builder-el-first  first flex_column_div '     ><section  class='av_textblock_section av-av_textblock-0366cc7376be6c9e82a3e9cc8987b64f'  itemscope=\"itemscope\" itemtype=\"https:\/\/schema.org\/CreativeWork\" ><div class='avia_textblock'  itemprop=\"text\" ><h2><span style=\"color: #008000;\">Nos logiciels<\/span><\/h2>\n<p>Tous nos instruments sont pilot\u00e9s par nos logiciels gr\u00e2ce \u00e0 des ordinateurs portatifs.<\/p>\n<p>Nos logiciels destin\u00e9s aux professionnels de l\u2019\u00e9lectricit\u00e9 permettent une analyse approfondie des enregistrements faits sur vos disjoncteurs et transformateurs.<\/p>\n<p>Ils ont la particularit\u00e9 de poss\u00e9der la m\u00eame interface, r\u00e9duisant consid\u00e9rablement la courbe d\u2019apprentissage inh\u00e9rent \u00e0 tout logiciel sp\u00e9cialis\u00e9.<\/p>\n<\/div><\/section><\/div>\n<div class='flex_column av-av_one_third-f78fb3c186c5ceb3cf0bf54353219056 av_one_third  avia-builder-el-9  el_after_av_two_third  el_before_av_section  avia-builder-el-last  flex_column_div '     ><section  class='av_textblock_section av-av_textblock-0366cc7376be6c9e82a3e9cc8987b64f'  itemscope=\"itemscope\" itemtype=\"https:\/\/schema.org\/CreativeWork\" ><div class='avia_textblock'  itemprop=\"text\" ><p><img loading=\"lazy\" decoding=\"async\" class=\" wp-image-4957 aligncenter\" src=\"https:\/\/www.zensol.com\/wp-content\/uploads\/2016\/02\/courbes-1.jpg\" alt=\"courbes\" width=\"401\" height=\"320\" srcset=\"https:\/\/www.zensol.com\/wp-content\/uploads\/2016\/02\/courbes-1.jpg 598w, https:\/\/www.zensol.com\/wp-content\/uploads\/2016\/02\/courbes-1-300x240.jpg 300w, https:\/\/www.zensol.com\/wp-content\/uploads\/2016\/02\/courbes-1-450x360.jpg 450w\" sizes=\"auto, (max-width: 401px) 100vw, 401px\" \/><\/p>\n<\/div><\/section><\/div>\n<\/div><\/div><\/div><!-- close content main div --><\/div><\/div>\n<style type=\"text\/css\" data-created_by=\"avia_inline_auto\" id=\"style-css-av-av_section-a36ec92cd225ce4146f169c46e1aa022\">\n.avia-section.av-av_section-a36ec92cd225ce4146f169c46e1aa022{\nbackground-color:#e5e5e5;\nbackground-image:unset;\n}\n<\/style>\n<div id='av_section_2'  class='avia-section av-av_section-a36ec92cd225ce4146f169c46e1aa022 main_color avia-section-default avia-no-shadow  avia-builder-el-11  el_after_av_one_third  avia-builder-el-last  avia-bg-style-scroll container_wrap sidebar_right'  ><div class='container av-section-cont-open' ><div class='template-page content  av-content-small alpha units'><div class='post-entry post-entry-type-page post-entry-4944'><div class='entry-content-wrapper clearfix'>\n<div class='flex_column av-av_one_third-2a9015ff38129c418a3f2eafba3e9512 av_one_third  avia-builder-el-12  el_before_av_two_third  avia-builder-el-first  first flex_column_div '     ><section  class='av_textblock_section av-av_textblock-0366cc7376be6c9e82a3e9cc8987b64f'  itemscope=\"itemscope\" itemtype=\"https:\/\/schema.org\/CreativeWork\" ><div class='avia_textblock'  itemprop=\"text\" ><p><img loading=\"lazy\" decoding=\"async\" class=\"alignleft wp-image-5108\" src=\"https:\/\/www.zensol.com\/wp-content\/uploads\/2016\/02\/services-1-300x84.jpg\" alt=\"services\" width=\"418\" height=\"117\" srcset=\"https:\/\/www.zensol.com\/wp-content\/uploads\/2016\/02\/services-1-300x84.jpg 300w, https:\/\/www.zensol.com\/wp-content\/uploads\/2016\/02\/services-1.jpg 443w\" sizes=\"auto, (max-width: 418px) 100vw, 418px\" \/><\/p>\n<\/div><\/section><\/div><div class='flex_column av-av_two_third-f78fb3c186c5ceb3cf0bf54353219056 av_two_third  avia-builder-el-14  el_after_av_one_third  avia-builder-el-last  flex_column_div '     ><section  class='av_textblock_section av-av_textblock-0366cc7376be6c9e82a3e9cc8987b64f'  itemscope=\"itemscope\" itemtype=\"https:\/\/schema.org\/CreativeWork\" ><div class='avia_textblock'  itemprop=\"text\" ><h2><span style=\"color: #008000;\">Nos services<\/span><\/h2>\n<p>Nos professionnels qualifi\u00e9s vous proposent des services sous forme de s\u00e9minaires de maintenance adapt\u00e9s \u00e0 vos besoins, de formations th\u00e9oriques et pratiques ou encore de webinaires.<\/p>\n<p>Forts de leurs exp\u00e9riences, ils sauront vous apporter les connaissances n\u00e9cessaires \u00e0 la bonne utilisation de nos syst\u00e8mes pour vous rendre efficaces dans vos diagnostics.<\/p>\n<\/div><\/section><\/div><\/div><\/div><\/div><!-- close content main div --><\/div><\/div><div id='after_section_2'  class='main_color av_default_container_wrap container_wrap sidebar_right'  ><div class='container av-section-cont-open' ><div class='template-page content  av-content-small alpha units'><div class='post-entry post-entry-type-page post-entry-4944'><div class='entry-content-wrapper clearfix'>\n","protected":false},"excerpt":{"rendered":"","protected":false},"author":1,"featured_media":0,"parent":4915,"menu_order":0,"comment_status":"closed","ping_status":"closed","template":"","meta":{"footnotes":""},"class_list":["post-4944","page","type-page","status-publish","hentry"],"yoast_head":"<!-- This site is optimized with the Yoast SEO plugin v26.3 - https:\/\/yoast.com\/wordpress\/plugins\/seo\/ -->\n<title>Que faisons nous - Zensol<\/title>\n<meta name=\"robots\" content=\"index, follow, max-snippet:-1, max-image-preview:large, max-video-preview:-1\" \/>\n<link rel=\"canonical\" href=\"https:\/\/www.zensol.com\/fr\/a-propos-de-zensol\/ce-qui-nous-demarque\/\" \/>\n<meta property=\"og:locale\" content=\"fr_FR\" \/>\n<meta property=\"og:type\" content=\"article\" \/>\n<meta property=\"og:title\" content=\"Que faisons nous - Zensol\" \/>\n<meta property=\"og:url\" content=\"https:\/\/www.zensol.com\/fr\/a-propos-de-zensol\/ce-qui-nous-demarque\/\" \/>\n<meta property=\"og:site_name\" content=\"Zensol\" \/>\n<meta property=\"article:modified_time\" content=\"2016-10-26T19:04:28+00:00\" \/>\n<meta property=\"og:image\" content=\"https:\/\/www.zensol.com\/wp-content\/uploads\/2016\/02\/instruments-300x300.png\" \/>\n<meta name=\"twitter:label1\" content=\"Dur\u00e9e de lecture estim\u00e9e\" \/>\n\t<meta name=\"twitter:data1\" content=\"3 minutes\" \/>\n<script type=\"application\/ld+json\" class=\"yoast-schema-graph\">{\"@context\":\"https:\/\/schema.org\",\"@graph\":[{\"@type\":\"WebPage\",\"@id\":\"https:\/\/www.zensol.com\/fr\/a-propos-de-zensol\/ce-qui-nous-demarque\/\",\"url\":\"https:\/\/www.zensol.com\/fr\/a-propos-de-zensol\/ce-qui-nous-demarque\/\",\"name\":\"Que faisons nous - Zensol\",\"isPartOf\":{\"@id\":\"https:\/\/www.zensol.com\/#website\"},\"primaryImageOfPage\":{\"@id\":\"https:\/\/www.zensol.com\/fr\/a-propos-de-zensol\/ce-qui-nous-demarque\/#primaryimage\"},\"image\":{\"@id\":\"https:\/\/www.zensol.com\/fr\/a-propos-de-zensol\/ce-qui-nous-demarque\/#primaryimage\"},\"thumbnailUrl\":\"https:\/\/www.zensol.com\/wp-content\/uploads\/2016\/02\/instruments-300x300.png\",\"datePublished\":\"2016-02-26T07:44:41+00:00\",\"dateModified\":\"2016-10-26T19:04:28+00:00\",\"breadcrumb\":{\"@id\":\"https:\/\/www.zensol.com\/fr\/a-propos-de-zensol\/ce-qui-nous-demarque\/#breadcrumb\"},\"inLanguage\":\"fr-FR\",\"potentialAction\":[{\"@type\":\"ReadAction\",\"target\":[\"https:\/\/www.zensol.com\/fr\/a-propos-de-zensol\/ce-qui-nous-demarque\/\"]}]},{\"@type\":\"ImageObject\",\"inLanguage\":\"fr-FR\",\"@id\":\"https:\/\/www.zensol.com\/fr\/a-propos-de-zensol\/ce-qui-nous-demarque\/#primaryimage\",\"url\":\"https:\/\/www.zensol.com\/wp-content\/uploads\/2016\/02\/instruments-300x300.png\",\"contentUrl\":\"https:\/\/www.zensol.com\/wp-content\/uploads\/2016\/02\/instruments-300x300.png\"},{\"@type\":\"BreadcrumbList\",\"@id\":\"https:\/\/www.zensol.com\/fr\/a-propos-de-zensol\/ce-qui-nous-demarque\/#breadcrumb\",\"itemListElement\":[{\"@type\":\"ListItem\",\"position\":1,\"name\":\"A propos de Zensol\",\"item\":\"https:\/\/www.zensol.com\/fr\/a-propos-de-zensol\/\"},{\"@type\":\"ListItem\",\"position\":2,\"name\":\"Que faisons nous\"}]},{\"@type\":\"WebSite\",\"@id\":\"https:\/\/www.zensol.com\/#website\",\"url\":\"https:\/\/www.zensol.com\/\",\"name\":\"Zensol\",\"description\":\"The Circuit Breaker, Recloser and Tap-Changer Instrument Test Specialist\",\"potentialAction\":[{\"@type\":\"SearchAction\",\"target\":{\"@type\":\"EntryPoint\",\"urlTemplate\":\"https:\/\/www.zensol.com\/?s={search_term_string}\"},\"query-input\":{\"@type\":\"PropertyValueSpecification\",\"valueRequired\":true,\"valueName\":\"search_term_string\"}}],\"inLanguage\":\"fr-FR\"}]}<\/script>\n<!-- \/ Yoast SEO plugin. -->","yoast_head_json":{"title":"Que faisons nous - Zensol","robots":{"index":"index","follow":"follow","max-snippet":"max-snippet:-1","max-image-preview":"max-image-preview:large","max-video-preview":"max-video-preview:-1"},"canonical":"https:\/\/www.zensol.com\/fr\/a-propos-de-zensol\/ce-qui-nous-demarque\/","og_locale":"fr_FR","og_type":"article","og_title":"Que faisons nous - Zensol","og_url":"https:\/\/www.zensol.com\/fr\/a-propos-de-zensol\/ce-qui-nous-demarque\/","og_site_name":"Zensol","article_modified_time":"2016-10-26T19:04:28+00:00","og_image":[{"url":"https:\/\/www.zensol.com\/wp-content\/uploads\/2016\/02\/instruments-300x300.png","type":"","width":"","height":""}],"twitter_misc":{"Dur\u00e9e de lecture estim\u00e9e":"3 minutes"},"schema":{"@context":"https:\/\/schema.org","@graph":[{"@type":"WebPage","@id":"https:\/\/www.zensol.com\/fr\/a-propos-de-zensol\/ce-qui-nous-demarque\/","url":"https:\/\/www.zensol.com\/fr\/a-propos-de-zensol\/ce-qui-nous-demarque\/","name":"Que faisons nous - Zensol","isPartOf":{"@id":"https:\/\/www.zensol.com\/#website"},"primaryImageOfPage":{"@id":"https:\/\/www.zensol.com\/fr\/a-propos-de-zensol\/ce-qui-nous-demarque\/#primaryimage"},"image":{"@id":"https:\/\/www.zensol.com\/fr\/a-propos-de-zensol\/ce-qui-nous-demarque\/#primaryimage"},"thumbnailUrl":"https:\/\/www.zensol.com\/wp-content\/uploads\/2016\/02\/instruments-300x300.png","datePublished":"2016-02-26T07:44:41+00:00","dateModified":"2016-10-26T19:04:28+00:00","breadcrumb":{"@id":"https:\/\/www.zensol.com\/fr\/a-propos-de-zensol\/ce-qui-nous-demarque\/#breadcrumb"},"inLanguage":"fr-FR","potentialAction":[{"@type":"ReadAction","target":["https:\/\/www.zensol.com\/fr\/a-propos-de-zensol\/ce-qui-nous-demarque\/"]}]},{"@type":"ImageObject","inLanguage":"fr-FR","@id":"https:\/\/www.zensol.com\/fr\/a-propos-de-zensol\/ce-qui-nous-demarque\/#primaryimage","url":"https:\/\/www.zensol.com\/wp-content\/uploads\/2016\/02\/instruments-300x300.png","contentUrl":"https:\/\/www.zensol.com\/wp-content\/uploads\/2016\/02\/instruments-300x300.png"},{"@type":"BreadcrumbList","@id":"https:\/\/www.zensol.com\/fr\/a-propos-de-zensol\/ce-qui-nous-demarque\/#breadcrumb","itemListElement":[{"@type":"ListItem","position":1,"name":"A propos de Zensol","item":"https:\/\/www.zensol.com\/fr\/a-propos-de-zensol\/"},{"@type":"ListItem","position":2,"name":"Que faisons nous"}]},{"@type":"WebSite","@id":"https:\/\/www.zensol.com\/#website","url":"https:\/\/www.zensol.com\/","name":"Zensol","description":"The Circuit Breaker, Recloser and Tap-Changer Instrument Test Specialist","potentialAction":[{"@type":"SearchAction","target":{"@type":"EntryPoint","urlTemplate":"https:\/\/www.zensol.com\/?s={search_term_string}"},"query-input":{"@type":"PropertyValueSpecification","valueRequired":true,"valueName":"search_term_string"}}],"inLanguage":"fr-FR"}]}},"_links":{"self":[{"href":"https:\/\/www.zensol.com\/fr\/wp-json\/wp\/v2\/pages\/4944","targetHints":{"allow":["GET"]}}],"collection":[{"href":"https:\/\/www.zensol.com\/fr\/wp-json\/wp\/v2\/pages"}],"about":[{"href":"https:\/\/www.zensol.com\/fr\/wp-json\/wp\/v2\/types\/page"}],"author":[{"embeddable":true,"href":"https:\/\/www.zensol.com\/fr\/wp-json\/wp\/v2\/users\/1"}],"replies":[{"embeddable":true,"href":"https:\/\/www.zensol.com\/fr\/wp-json\/wp\/v2\/comments?post=4944"}],"version-history":[{"count":19,"href":"https:\/\/www.zensol.com\/fr\/wp-json\/wp\/v2\/pages\/4944\/revisions"}],"predecessor-version":[{"id":5521,"href":"https:\/\/www.zensol.com\/fr\/wp-json\/wp\/v2\/pages\/4944\/revisions\/5521"}],"up":[{"embeddable":true,"href":"https:\/\/www.zensol.com\/fr\/wp-json\/wp\/v2\/pages\/4915"}],"wp:attachment":[{"href":"https:\/\/www.zensol.com\/fr\/wp-json\/wp\/v2\/media?parent=4944"}],"curies":[{"name":"wp","href":"https:\/\/api.w.org\/{rel}","templated":true}]}}