{"id":4930,"date":"2016-02-25T13:29:01","date_gmt":"2016-02-25T12:29:01","guid":{"rendered":"https:\/\/www.zensol.net\/fr\/?page_id=4930"},"modified":"2020-12-12T16:55:27","modified_gmt":"2020-12-12T15:55:27","slug":"qui-sommes-nous","status":"publish","type":"page","link":"https:\/\/www.zensol.com\/fr\/a-propos-de-zensol\/qui-sommes-nous\/","title":{"rendered":"Qui sommes nous"},"content":{"rendered":"<section  class='av_textblock_section av-o1qatu-c5f8dc002363be6e002f1ed862ca8e7d'  itemscope=\"itemscope\" itemtype=\"https:\/\/schema.org\/CreativeWork\" ><div class='avia_textblock'  itemprop=\"text\" ><h1 style=\"text-align: center;\">Qui sommes nous<\/h1>\n<\/div><\/section>\n<\/div><\/div><\/div><!-- close content main div --><\/div><\/div>\n<style type=\"text\/css\" data-created_by=\"avia_inline_auto\" id=\"style-css-av-m4ql8y-3f6927e05268a89d4864f9d353c86657\">\n.avia-section.av-m4ql8y-3f6927e05268a89d4864f9d353c86657{\nbackground-color:#e5e5e5;\nbackground-image:unset;\n}\n<\/style>\n<div id='av_section_1'  class='avia-section av-m4ql8y-3f6927e05268a89d4864f9d353c86657 main_color avia-section-default avia-no-shadow  avia-builder-el-1  el_after_av_textblock  el_before_av_one_half  avia-bg-style-scroll container_wrap sidebar_right'  ><div class='container av-section-cont-open' ><div class='template-page content  av-content-small alpha units'><div class='post-entry post-entry-type-page post-entry-4930'><div class='entry-content-wrapper clearfix'>\n<div class='flex_column av-lbmhrm-04d97c3c836aee822d0a8269a33c700d av_one_half  avia-builder-el-2  el_before_av_one_half  avia-builder-el-first  first flex_column_div '     ><section  class='av_textblock_section av-kf841n0f-0bde801ca2832dd626339febc7a5b25d'  itemscope=\"itemscope\" itemtype=\"https:\/\/schema.org\/CreativeWork\" ><div class='avia_textblock'  itemprop=\"text\" ><h2><span style=\"color: #008000;\">Notre histoire<\/span><\/h2>\n<p>Fouad Brikci Ph. D. a fond\u00e9 Zensol en 1990 dans la ville de Montr\u00e9al.<\/p>\n<p>Depuis plus de 30 ans, cette compagnie se sp\u00e9cialise principalement dans les instruments destin\u00e9s aux entreprises de l\u2019\u00e9nergie \u00e9lectrique et des services de maintenance.<\/p>\n<p>Au fil des ann\u00e9es, Zensol a connu un \u00e9norme succ\u00e8s dans le monde\u00a0gr\u00e2ce \u00e0 la qualit\u00e9 et la diversit\u00e9 de ses produits et services hautement qualifi\u00e9s.<\/p>\n<\/div><\/section><\/div>\n<style type=\"text\/css\" data-created_by=\"avia_inline_auto\" id=\"style-css-av-j9bdr6-b2ab99e4831d00de66a24ffcb5edbb58\">\n.flex_column.av-j9bdr6-b2ab99e4831d00de66a24ffcb5edbb58{\n-webkit-border-radius:0px 0px 0px 0px;\n-moz-border-radius:0px 0px 0px 0px;\nborder-radius:0px 0px 0px 0px;\npadding:0px 0px 0px 0px;\n}\n<\/style>\n<div class='flex_column av-j9bdr6-b2ab99e4831d00de66a24ffcb5edbb58 av_one_half  avia-builder-el-4  el_after_av_one_half  avia-builder-el-last  flex_column_div av-zero-column-padding '     ><section  class='av_textblock_section av-hvntwi-bf0b81e52577472bfcb4bcf4551afc39'  itemscope=\"itemscope\" itemtype=\"https:\/\/schema.org\/CreativeWork\" ><div class='avia_textblock'  itemprop=\"text\" ><p><img loading=\"lazy\" decoding=\"async\" class=\"alignleft wp-image-5099\" src=\"https:\/\/www.zensol.com\/wp-content\/uploads\/2016\/02\/Notre-histoire-300x96.png\" alt=\"Notre histoire\" width=\"480\" height=\"152\" \/><\/p>\n<\/div><\/section><\/div><\/div><\/div><\/div><!-- close content main div --><\/div><\/div><div id='after_section_1'  class='main_color av_default_container_wrap container_wrap sidebar_right'  ><div class='container av-section-cont-open' ><div class='template-page content  av-content-small alpha units'><div class='post-entry post-entry-type-page post-entry-4930'><div class='entry-content-wrapper clearfix'><div class='flex_column av-gagadu-5a2d071c9377946278f47e3e31ca4199 av_one_half  avia-builder-el-6  el_after_av_section  el_before_av_one_half  avia-builder-el-first  first flex_column_div '     ><section  class='av_textblock_section av-e0z48y-59e5ced446b432947daa2a9659e59d75'  itemscope=\"itemscope\" itemtype=\"https:\/\/schema.org\/CreativeWork\" ><div class='avia_textblock'  itemprop=\"text\" ><p><img loading=\"lazy\" decoding=\"async\" class=\"wp-image-4939 size-medium aligncenter\" src=\"https:\/\/www.zensol.com\/wp-content\/uploads\/2016\/02\/notre-equipe-300x300.jpg\" alt=\"notre-equipe\" width=\"300\" height=\"300\" srcset=\"https:\/\/www.zensol.com\/wp-content\/uploads\/2016\/02\/notre-equipe-300x300.jpg 300w, https:\/\/www.zensol.com\/wp-content\/uploads\/2016\/02\/notre-equipe-80x80.jpg 80w, https:\/\/www.zensol.com\/wp-content\/uploads\/2016\/02\/notre-equipe-36x36.jpg 36w, https:\/\/www.zensol.com\/wp-content\/uploads\/2016\/02\/notre-equipe-180x180.jpg 180w, https:\/\/www.zensol.com\/wp-content\/uploads\/2016\/02\/notre-equipe-705x705.jpg 705w, https:\/\/www.zensol.com\/wp-content\/uploads\/2016\/02\/notre-equipe-120x120.jpg 120w, https:\/\/www.zensol.com\/wp-content\/uploads\/2016\/02\/notre-equipe-450x450.jpg 450w, https:\/\/www.zensol.com\/wp-content\/uploads\/2016\/02\/notre-equipe.jpg 720w\" sizes=\"auto, (max-width: 300px) 100vw, 300px\" \/><\/p>\n<\/div><\/section><\/div><\/p>\n\n<style type=\"text\/css\" data-created_by=\"avia_inline_auto\" id=\"style-css-av-bwj26a-b6f58d7d759a92a00561ee43f5c5a7e3\">\n.flex_column.av-bwj26a-b6f58d7d759a92a00561ee43f5c5a7e3{\n-webkit-border-radius:0px 0px 0px 0px;\n-moz-border-radius:0px 0px 0px 0px;\nborder-radius:0px 0px 0px 0px;\npadding:0px 0px 0px 0px;\n}\n<\/style>\n<div class='flex_column av-bwj26a-b6f58d7d759a92a00561ee43f5c5a7e3 av_one_half  avia-builder-el-8  el_after_av_one_half  el_before_av_section  avia-builder-el-last  flex_column_div av-zero-column-padding '     ><section  class='av_textblock_section av-aq6a76-bc658016e1f5b48da33719ab3c217f63'  itemscope=\"itemscope\" itemtype=\"https:\/\/schema.org\/CreativeWork\" ><div class='avia_textblock'  itemprop=\"text\" ><h2><span style=\"color: #008000;\">Notre\u00a0\u00e9quipe<\/span><\/h2>\n<p>Nous sommes une \u00e9quipe compos\u00e9e d\u2019ing\u00e9nieurs et techniciens qualifi\u00e9s alliant connaissances, expertise et comp\u00e9tences.<\/p>\n<p>Ces valeurs sont \u00e0 la base de notre vision qui combine l\u2019innovation et la qualit\u00e9.<\/p>\n<p>Gr\u00e2ce \u00e0 notre travail consciencieux et appliqu\u00e9, nous r\u00e9pondons parfaitement au syst\u00e8me de gestion de qualit\u00e9 qualit\u00e9 ISO 9001 depuis 1999 (ISO 9001-2015 depuis 2018).<\/p>\n<\/div><\/section><\/div>\n<\/div><\/div><\/div><!-- close content main div --><\/div><\/div>\n<style type=\"text\/css\" data-created_by=\"avia_inline_auto\" id=\"style-css-av-z66ia-b4b53f5aca822e4ac6a025968e5c3c8c\">\n.avia-section.av-z66ia-b4b53f5aca822e4ac6a025968e5c3c8c{\nbackground-color:#e5e5e5;\nbackground-image:unset;\n}\n<\/style>\n<div id='av_section_2'  class='avia-section av-z66ia-b4b53f5aca822e4ac6a025968e5c3c8c main_color avia-section-default avia-no-shadow  avia-builder-el-10  el_after_av_one_half  avia-builder-el-last  avia-bg-style-scroll container_wrap sidebar_right'  ><div class='container av-section-cont-open' ><div class='template-page content  av-content-small alpha units'><div class='post-entry post-entry-type-page post-entry-4930'><div class='entry-content-wrapper clearfix'>\n<div class='flex_column av-7vb80i-820b8bb1af943c3acc523b195ac17d3e av_one_half  avia-builder-el-11  el_before_av_one_half  avia-builder-el-first  first flex_column_div '     ><section  class='av_textblock_section av-5p5fpu-3230891c3bcd6038a0d29465fabe5c9c'  itemscope=\"itemscope\" itemtype=\"https:\/\/schema.org\/CreativeWork\" ><div class='avia_textblock'  itemprop=\"text\" ><h2><span style=\"color: #008000;\">Ce qui nous d\u00e9marque<\/span><\/h2>\n<p><strong>Zensol<\/strong> est devenu le pionnier d\u2019une nouvelle approche de tests pour d\u00e9tecter les d\u00e9faillances des changeurs de prises en charge et des disjoncteurs.<\/p>\n<p>Nous savons utiliser cette technologie innovante alors que les transformateurs et les disjoncteurs sont en service.<\/p>\n<p><strong>Zensol<\/strong> d\u00e9veloppe ses produits et services en \u00e9troite collaboration avec ses clients. Cette proximit\u00e9 nous permet d\u2019offrir des instruments fiables et de haute qualit\u00e9 adapt\u00e9s \u00e0 tous les besoins sur tous les continents.<\/p>\n<p>Nous produisons nos instruments localement, assurant ainsi une qualit\u00e9 et un suivi irr\u00e9prochables.<\/p>\n<\/div><\/section><\/div><div class='flex_column av-4ao3c2-35c91ed49a3e466c7aeb63b9031571ef av_one_half  avia-builder-el-13  el_after_av_one_half  avia-builder-el-last  flex_column_div '     ><section  class='av_textblock_section av-2dvo3m-ae0115ef603159a929192de45b23eb3c'  itemscope=\"itemscope\" itemtype=\"https:\/\/schema.org\/CreativeWork\" ><div class='avia_textblock'  itemprop=\"text\" ><p><img loading=\"lazy\" decoding=\"async\" class=\"alignleft wp-image-5102\" src=\"https:\/\/www.zensol.com\/wp-content\/uploads\/2016\/02\/Ce-qui-nous-d\u00e9marque-300x169.jpg\" alt=\"Ce qui nous d\u00e9marque\" width=\"474\" height=\"267\" srcset=\"https:\/\/www.zensol.com\/wp-content\/uploads\/2016\/02\/Ce-qui-nous-d\u00e9marque-300x169.jpg 300w, https:\/\/www.zensol.com\/wp-content\/uploads\/2016\/02\/Ce-qui-nous-d\u00e9marque-450x253.jpg 450w, https:\/\/www.zensol.com\/wp-content\/uploads\/2016\/02\/Ce-qui-nous-d\u00e9marque.jpg 490w\" sizes=\"auto, (max-width: 474px) 100vw, 474px\" \/><\/p>\n<\/div><\/section><\/div>\n<\/div><\/div><\/div><!-- close content main div --><\/div><\/div><div id='after_section_2'  class='main_color av_default_container_wrap container_wrap sidebar_right'  ><div class='container av-section-cont-open' ><div class='template-page content  av-content-small alpha units'><div class='post-entry post-entry-type-page post-entry-4930'><div class='entry-content-wrapper clearfix'>\n","protected":false},"excerpt":{"rendered":"","protected":false},"author":1,"featured_media":0,"parent":4915,"menu_order":0,"comment_status":"closed","ping_status":"closed","template":"","meta":{"footnotes":""},"class_list":["post-4930","page","type-page","status-publish","hentry"],"yoast_head":"<!-- This site is optimized with the Yoast SEO plugin v26.3 - https:\/\/yoast.com\/wordpress\/plugins\/seo\/ -->\n<title>Qui sommes nous - Zensol<\/title>\n<meta name=\"robots\" content=\"index, follow, max-snippet:-1, max-image-preview:large, max-video-preview:-1\" \/>\n<link rel=\"canonical\" href=\"https:\/\/www.zensol.com\/fr\/a-propos-de-zensol\/qui-sommes-nous\/\" \/>\n<meta property=\"og:locale\" content=\"fr_FR\" \/>\n<meta property=\"og:type\" content=\"article\" \/>\n<meta property=\"og:title\" content=\"Qui sommes nous - Zensol\" \/>\n<meta property=\"og:url\" content=\"https:\/\/www.zensol.com\/fr\/a-propos-de-zensol\/qui-sommes-nous\/\" \/>\n<meta property=\"og:site_name\" content=\"Zensol\" \/>\n<meta property=\"article:modified_time\" content=\"2020-12-12T15:55:27+00:00\" \/>\n<meta property=\"og:image\" content=\"https:\/\/www.zensol.com\/wp-content\/uploads\/2016\/02\/Notre-histoire-300x96.png\" \/>\n<meta name=\"twitter:label1\" content=\"Dur\u00e9e de lecture estim\u00e9e\" \/>\n\t<meta name=\"twitter:data1\" content=\"3 minutes\" \/>\n<script type=\"application\/ld+json\" class=\"yoast-schema-graph\">{\"@context\":\"https:\/\/schema.org\",\"@graph\":[{\"@type\":\"WebPage\",\"@id\":\"https:\/\/www.zensol.com\/fr\/a-propos-de-zensol\/qui-sommes-nous\/\",\"url\":\"https:\/\/www.zensol.com\/fr\/a-propos-de-zensol\/qui-sommes-nous\/\",\"name\":\"Qui sommes nous - Zensol\",\"isPartOf\":{\"@id\":\"https:\/\/www.zensol.com\/#website\"},\"primaryImageOfPage\":{\"@id\":\"https:\/\/www.zensol.com\/fr\/a-propos-de-zensol\/qui-sommes-nous\/#primaryimage\"},\"image\":{\"@id\":\"https:\/\/www.zensol.com\/fr\/a-propos-de-zensol\/qui-sommes-nous\/#primaryimage\"},\"thumbnailUrl\":\"https:\/\/www.zensol.com\/wp-content\/uploads\/2016\/02\/Notre-histoire-300x96.png\",\"datePublished\":\"2016-02-25T12:29:01+00:00\",\"dateModified\":\"2020-12-12T15:55:27+00:00\",\"breadcrumb\":{\"@id\":\"https:\/\/www.zensol.com\/fr\/a-propos-de-zensol\/qui-sommes-nous\/#breadcrumb\"},\"inLanguage\":\"fr-FR\",\"potentialAction\":[{\"@type\":\"ReadAction\",\"target\":[\"https:\/\/www.zensol.com\/fr\/a-propos-de-zensol\/qui-sommes-nous\/\"]}]},{\"@type\":\"ImageObject\",\"inLanguage\":\"fr-FR\",\"@id\":\"https:\/\/www.zensol.com\/fr\/a-propos-de-zensol\/qui-sommes-nous\/#primaryimage\",\"url\":\"https:\/\/www.zensol.com\/wp-content\/uploads\/2016\/02\/Notre-histoire-300x96.png\",\"contentUrl\":\"https:\/\/www.zensol.com\/wp-content\/uploads\/2016\/02\/Notre-histoire-300x96.png\"},{\"@type\":\"BreadcrumbList\",\"@id\":\"https:\/\/www.zensol.com\/fr\/a-propos-de-zensol\/qui-sommes-nous\/#breadcrumb\",\"itemListElement\":[{\"@type\":\"ListItem\",\"position\":1,\"name\":\"A propos de Zensol\",\"item\":\"https:\/\/www.zensol.com\/fr\/a-propos-de-zensol\/\"},{\"@type\":\"ListItem\",\"position\":2,\"name\":\"Qui sommes nous\"}]},{\"@type\":\"WebSite\",\"@id\":\"https:\/\/www.zensol.com\/#website\",\"url\":\"https:\/\/www.zensol.com\/\",\"name\":\"Zensol\",\"description\":\"The Circuit Breaker, Recloser and Tap-Changer Instrument Test Specialist\",\"potentialAction\":[{\"@type\":\"SearchAction\",\"target\":{\"@type\":\"EntryPoint\",\"urlTemplate\":\"https:\/\/www.zensol.com\/?s={search_term_string}\"},\"query-input\":{\"@type\":\"PropertyValueSpecification\",\"valueRequired\":true,\"valueName\":\"search_term_string\"}}],\"inLanguage\":\"fr-FR\"}]}<\/script>\n<!-- \/ Yoast SEO plugin. -->","yoast_head_json":{"title":"Qui sommes nous - Zensol","robots":{"index":"index","follow":"follow","max-snippet":"max-snippet:-1","max-image-preview":"max-image-preview:large","max-video-preview":"max-video-preview:-1"},"canonical":"https:\/\/www.zensol.com\/fr\/a-propos-de-zensol\/qui-sommes-nous\/","og_locale":"fr_FR","og_type":"article","og_title":"Qui sommes nous - Zensol","og_url":"https:\/\/www.zensol.com\/fr\/a-propos-de-zensol\/qui-sommes-nous\/","og_site_name":"Zensol","article_modified_time":"2020-12-12T15:55:27+00:00","og_image":[{"url":"https:\/\/www.zensol.com\/wp-content\/uploads\/2016\/02\/Notre-histoire-300x96.png","type":"","width":"","height":""}],"twitter_misc":{"Dur\u00e9e de lecture estim\u00e9e":"3 minutes"},"schema":{"@context":"https:\/\/schema.org","@graph":[{"@type":"WebPage","@id":"https:\/\/www.zensol.com\/fr\/a-propos-de-zensol\/qui-sommes-nous\/","url":"https:\/\/www.zensol.com\/fr\/a-propos-de-zensol\/qui-sommes-nous\/","name":"Qui sommes nous - Zensol","isPartOf":{"@id":"https:\/\/www.zensol.com\/#website"},"primaryImageOfPage":{"@id":"https:\/\/www.zensol.com\/fr\/a-propos-de-zensol\/qui-sommes-nous\/#primaryimage"},"image":{"@id":"https:\/\/www.zensol.com\/fr\/a-propos-de-zensol\/qui-sommes-nous\/#primaryimage"},"thumbnailUrl":"https:\/\/www.zensol.com\/wp-content\/uploads\/2016\/02\/Notre-histoire-300x96.png","datePublished":"2016-02-25T12:29:01+00:00","dateModified":"2020-12-12T15:55:27+00:00","breadcrumb":{"@id":"https:\/\/www.zensol.com\/fr\/a-propos-de-zensol\/qui-sommes-nous\/#breadcrumb"},"inLanguage":"fr-FR","potentialAction":[{"@type":"ReadAction","target":["https:\/\/www.zensol.com\/fr\/a-propos-de-zensol\/qui-sommes-nous\/"]}]},{"@type":"ImageObject","inLanguage":"fr-FR","@id":"https:\/\/www.zensol.com\/fr\/a-propos-de-zensol\/qui-sommes-nous\/#primaryimage","url":"https:\/\/www.zensol.com\/wp-content\/uploads\/2016\/02\/Notre-histoire-300x96.png","contentUrl":"https:\/\/www.zensol.com\/wp-content\/uploads\/2016\/02\/Notre-histoire-300x96.png"},{"@type":"BreadcrumbList","@id":"https:\/\/www.zensol.com\/fr\/a-propos-de-zensol\/qui-sommes-nous\/#breadcrumb","itemListElement":[{"@type":"ListItem","position":1,"name":"A propos de Zensol","item":"https:\/\/www.zensol.com\/fr\/a-propos-de-zensol\/"},{"@type":"ListItem","position":2,"name":"Qui sommes nous"}]},{"@type":"WebSite","@id":"https:\/\/www.zensol.com\/#website","url":"https:\/\/www.zensol.com\/","name":"Zensol","description":"The Circuit Breaker, Recloser and Tap-Changer Instrument Test Specialist","potentialAction":[{"@type":"SearchAction","target":{"@type":"EntryPoint","urlTemplate":"https:\/\/www.zensol.com\/?s={search_term_string}"},"query-input":{"@type":"PropertyValueSpecification","valueRequired":true,"valueName":"search_term_string"}}],"inLanguage":"fr-FR"}]}},"_links":{"self":[{"href":"https:\/\/www.zensol.com\/fr\/wp-json\/wp\/v2\/pages\/4930","targetHints":{"allow":["GET"]}}],"collection":[{"href":"https:\/\/www.zensol.com\/fr\/wp-json\/wp\/v2\/pages"}],"about":[{"href":"https:\/\/www.zensol.com\/fr\/wp-json\/wp\/v2\/types\/page"}],"author":[{"embeddable":true,"href":"https:\/\/www.zensol.com\/fr\/wp-json\/wp\/v2\/users\/1"}],"replies":[{"embeddable":true,"href":"https:\/\/www.zensol.com\/fr\/wp-json\/wp\/v2\/comments?post=4930"}],"version-history":[{"count":26,"href":"https:\/\/www.zensol.com\/fr\/wp-json\/wp\/v2\/pages\/4930\/revisions"}],"predecessor-version":[{"id":12312,"href":"https:\/\/www.zensol.com\/fr\/wp-json\/wp\/v2\/pages\/4930\/revisions\/12312"}],"up":[{"embeddable":true,"href":"https:\/\/www.zensol.com\/fr\/wp-json\/wp\/v2\/pages\/4915"}],"wp:attachment":[{"href":"https:\/\/www.zensol.com\/fr\/wp-json\/wp\/v2\/media?parent=4930"}],"curies":[{"name":"wp","href":"https:\/\/api.w.org\/{rel}","templated":true}]}}