{"id":4319,"date":"2015-05-24T15:54:04","date_gmt":"2015-05-24T14:54:04","guid":{"rendered":"https:\/\/www.zensol.net\/general-articles-about-oltc-testing-tap-changer-testing-2\/"},"modified":"2024-06-22T17:02:08","modified_gmt":"2024-06-22T16:02:08","slug":"articles-sur-les-tests-de-changeurs-de-prises","status":"publish","type":"page","link":"https:\/\/www.zensol.com\/fr\/articles-sur-les-tests-de-changeurs-de-prises\/","title":{"rendered":"ARTICLES SUR LES TESTS DE CHANGEURS DE PRISES"},"content":{"rendered":"<section  class='av_textblock_section av-11jvcxr-a77a5be9db5a777fd8b075c72e6e4477'  itemscope=\"itemscope\" itemtype=\"https:\/\/schema.org\/CreativeWork\" ><div class='avia_textblock'  itemprop=\"text\" ><h1 style=\"text-align: center;\">Partage des connaissances<\/h1>\n<\/div><\/section>\n<\/div><\/div><\/div><!-- close content main div --><\/div><\/div><div class='clear'><\/div><div id='sub_menu1'  class='av-submenu-container av-zlwxcv-1b2da1c515c66d21ae4cae1bc0f47ae0 main_color  avia-builder-el-1  el_after_av_textblock  el_before_av_textblock  av-sticky-submenu submenu-not-first container_wrap sidebar_right' style='z-index:301' ><div class='container av-menu-mobile-disabled av-submenu-pos-center'><ul id=\"menu-menu-partagec\" class=\"av-subnav-menu\"><li role=\"menuitem\" id=\"menu-item-4323\" class=\"menu-item menu-item-type-post_type menu-item-object-page menu-item-top-level menu-item-top-level-1\"><a href=\"https:\/\/www.zensol.com\/fr\/articles-sur-les-tests-de-changeurs-de-prises\/\" itemprop=\"url\" tabindex=\"0\"><span class=\"avia-bullet\"><\/span><span class=\"avia-menu-text\">Tests de changeurs de prises<\/span><span class=\"avia-menu-fx\"><span class=\"avia-arrow-wrap\"><span class=\"avia-arrow\"><\/span><\/span><\/span><\/a><\/li>\n<li role=\"menuitem\" id=\"menu-item-4325\" class=\"menu-item menu-item-type-post_type menu-item-object-page menu-item-top-level menu-item-top-level-2\"><a href=\"https:\/\/www.zensol.com\/fr\/articles-generaux-sur-les-tests-de-disjoncteurs\/\" itemprop=\"url\" tabindex=\"0\"><span class=\"avia-bullet\"><\/span><span class=\"avia-menu-text\">Tests de disjoncteurs<\/span><span class=\"avia-menu-fx\"><span class=\"avia-arrow-wrap\"><span class=\"avia-arrow\"><\/span><\/span><\/span><\/a><\/li>\n<\/ul><\/div><\/div><div class='sticky_placeholder'><\/div><div id='after_submenu_1'  class='main_color av_default_container_wrap container_wrap sidebar_right'  ><div class='container av-section-cont-open' ><div class='template-page content  av-content-small alpha units'><div class='post-entry post-entry-type-page post-entry-4319'><div class='entry-content-wrapper clearfix'>\n<section  class='av_textblock_section av-3c6v7z-fa80c3e88e7453cd1346269f0c19b0ca'  itemscope=\"itemscope\" itemtype=\"https:\/\/schema.org\/CreativeWork\" ><div class='avia_textblock'  itemprop=\"text\" ><h3><span style=\"color: #008000;\">ARTICLES SUR LES TESTS DE CHANGEURS DE PRISE<\/span><\/h3>\n<\/div><\/section>\n<div class='flex_column av-win0e7-d8afa942192ef05e5fd441b57138e5a5 av_three_fourth  avia-builder-el-3  el_after_av_textblock  el_before_av_one_fourth  first flex_column_div column-top-margin'     ><section  class='av_textblock_section av-ukafjz-05a038319a538d359cae5f3a021b8697'  itemscope=\"itemscope\" itemtype=\"https:\/\/schema.org\/CreativeWork\" ><div class='avia_textblock'  itemprop=\"text\" ><h3>Vibro-Acoustic Testing Applied on Tap Changers and Circuit Breakers (pdf)<\/h3>\n<p>Article d\u00e9crivant une m\u00e9thode pour d\u00e9tecter des probl\u00e8mes sur des disjoncteurs haute tension et changeurs de prises \u00e0 l&rsquo;aide de l&rsquo;analyse vibro-accoustique.<\/p>\n<p><a title=\"Maintenance of MV and HV Power Circuit Breakers\" href=\"https:\/\/www.zensol.com\/pdf\/Article-TechCon-2010_.PDF\">Plus &gt;&gt;<\/a><\/p>\n<\/div><\/section><\/div>\n\n<style type=\"text\/css\" data-created_by=\"avia_inline_auto\" id=\"style-css-av-sq7j4f-f49a54369b55cdae5c98783910d6fa87\">\n.flex_column.av-sq7j4f-f49a54369b55cdae5c98783910d6fa87{\n-webkit-border-radius:0px 0px 0px 0px;\n-moz-border-radius:0px 0px 0px 0px;\nborder-radius:0px 0px 0px 0px;\npadding:0px 0px 0px 0px;\n}\n<\/style>\n<div class='flex_column av-sq7j4f-f49a54369b55cdae5c98783910d6fa87 av_one_fourth  avia-builder-el-5  el_after_av_three_fourth  el_before_av_three_fourth  flex_column_div av-zero-column-padding column-top-margin'     ><section  class='av_textblock_section av-qu9ra7-5d11d880ee7072abd1d6989eb8df6024'  itemscope=\"itemscope\" itemtype=\"https:\/\/schema.org\/CreativeWork\" ><div class='avia_textblock'  itemprop=\"text\" ><article  class='iconbox iconbox_left av-paj5mn-f1a0519240b2edfefc2de2e2b1ba9f0f  avia-builder-el-7  avia-builder-el-no-sibling '  itemscope=\"itemscope\" itemtype=\"https:\/\/schema.org\/CreativeWork\" ><div class=\"iconbox_content\"><header class=\"entry-content-header\"><div class=\"iconbox_icon heading-color\" aria-hidden='true' data-av_icon='\ue871' data-av_iconfont='entypo-fontello'><\/div><h3 class='iconbox_content_title '  itemprop=\"headline\" >Produits connexes: <a title=\"Analyseur de Changeur de Prises en Charge \u2013 TAP4\" href=\"https:\/\/www.zensol.com\/fr\/product\/analyseur-changeur-prises-en-charge-tap4\/\">TAP-4<\/a>, <a title=\"Analyseur de Vibration pour Disjoncteur HT \u2013 CBV-19\" href=\"https:\/\/www.zensol.com\/fr\/product\/2807\/\">CBV-17 <\/a>et <a title=\"Analyseur de Vibration pour Disjoncteur HT \u2013 CBV-19\" href=\"https:\/\/www.zensol.com\/fr\/product\/2807\/\">CBV-19<\/a>, <a title=\"Analyseur de Vibration pour Disjoncteur HT \u2013 CBV-29\" href=\"https:\/\/www.zensol.com\/fr\/product\/2818\/\">CBV-26<\/a>, CBV-27 <\/h3><\/header><div class='iconbox_content_container '  itemprop=\"text\" ><\/div><\/div><footer class=\"entry-footer\"><\/footer><\/article>\n<\/div><\/section><\/div>\n<div class='flex_column av-occ8cv-a195c06ad2b01f804487934fe3eef248 av_three_fourth  avia-builder-el-8  el_after_av_one_fourth  el_before_av_one_fourth  first flex_column_div column-top-margin'     ><section  class='av_textblock_section av-mvm30v-db448ab4c003b91a615229dd02a9b9f8'  itemscope=\"itemscope\" itemtype=\"https:\/\/schema.org\/CreativeWork\" ><div class='avia_textblock'  itemprop=\"text\" ><h3>Condition Analysis and Assessment of On Load Tap Changer Acoustic Monitoring Principles and Techniques (pdf)<\/h3>\n<p>Cet article pr\u00e9sente une m\u00e9thode efficace, s\u00e9curitaire et facile pour effectuer la collection de donn\u00e9es sur des changeurs de prises en service.<\/p>\n<p><a title=\"Maintenance of MV and HV Power Circuit Breakers\" href=\"https:\/\/www.zensol.com\/pdf\/Condition-Analysis-and-Assessment-of-On-Load-Tap-Changer-Acoustic-Monitoring-Principles-and%20Techniques_.PDF\">Plus &gt;&gt;<\/a><\/p>\n<\/div><\/section><\/div>\n\n<style type=\"text\/css\" data-created_by=\"avia_inline_auto\" id=\"style-css-av-22arwv-4daa01fe721193a8563bfafdd7ffbb8e\">\n.flex_column.av-22arwv-4daa01fe721193a8563bfafdd7ffbb8e{\n-webkit-border-radius:0px 0px 0px 0px;\n-moz-border-radius:0px 0px 0px 0px;\nborder-radius:0px 0px 0px 0px;\npadding:0px 0px 0px 0px;\n}\n<\/style>\n<div class='flex_column av-22arwv-4daa01fe721193a8563bfafdd7ffbb8e av_one_fourth  avia-builder-el-10  el_after_av_three_fourth  el_before_av_three_fourth  flex_column_div av-zero-column-padding column-top-margin'     ><section  class='av_textblock_section av-j2vvy7-9402b02455f0ae856616e09887d31324'  itemscope=\"itemscope\" itemtype=\"https:\/\/schema.org\/CreativeWork\" ><div class='avia_textblock'  itemprop=\"text\" ><article  class='iconbox iconbox_left av-1ry1pb-9d3312b241bab607d6a681022fc2c26c  avia-builder-el-12  avia-builder-el-no-sibling '  itemscope=\"itemscope\" itemtype=\"https:\/\/schema.org\/CreativeWork\" ><div class=\"iconbox_content\"><header class=\"entry-content-header\"><div class=\"iconbox_icon heading-color\" aria-hidden='true' data-av_icon='\ue871' data-av_iconfont='entypo-fontello'><\/div><h3 class='iconbox_content_title '  itemprop=\"headline\" >Produits connexes:<a title=\"Analyseur de Changeur de Prises en Charge \u2013 TAP4\" href=\"https:\/\/www.zensol.com\/fr\/product\/analyseur-changeur-prises-en-charge-tap4\/\"> TAP-4<\/a> <\/h3><\/header><div class='iconbox_content_container '  itemprop=\"text\" ><\/div><\/div><footer class=\"entry-footer\"><\/footer><\/article>\n<\/div><\/section><\/div>\n<div class='flex_column av-g30cun-d499d3192da9df18e7cf392d9f8e597e av_three_fourth  avia-builder-el-13  el_after_av_one_fourth  el_before_av_one_fourth  first flex_column_div column-top-margin'     ><section  class='av_textblock_section av-eoeapr-874d042cadad37cf52b11133f5f622b6'  itemscope=\"itemscope\" itemtype=\"https:\/\/schema.org\/CreativeWork\" ><div class='avia_textblock'  itemprop=\"text\" ><h3>Note d&rsquo;application pour les m\u00e9thodes vibro-acoustique appliqu\u00e9es sur les r\u00e9gulateurs de tension<\/h3>\n<p>Article pour connaitre la signature vibro-acoustique d\u2019un r\u00e9gulateur de tension et savoir si on peut utiliser le TAP-4 comme un instrument capable de d\u00e9tecter des fautes comme il est actuellement utilis\u00e9 pour les changeurs de prises en charge des transformateurs.<\/p>\n<p><a title=\"Maintenance Programs for MV &amp; HV Power Circuit Breakers\" href=\"https:\/\/www.zensol.com\/pdf\/Application_Note_Vibration_method_applied_on_voltage_regulator.PDF\">Plus &gt;&gt;<\/a><\/p>\n<\/div><\/section><\/div>\n\n<style type=\"text\/css\" data-created_by=\"avia_inline_auto\" id=\"style-css-av-bxwrtr-d6a5bf00abad18ce07375b471dddf64c\">\n.flex_column.av-bxwrtr-d6a5bf00abad18ce07375b471dddf64c{\n-webkit-border-radius:0px 0px 0px 0px;\n-moz-border-radius:0px 0px 0px 0px;\nborder-radius:0px 0px 0px 0px;\npadding:0px 0px 0px 0px;\n}\n<\/style>\n<div class='flex_column av-bxwrtr-d6a5bf00abad18ce07375b471dddf64c av_one_fourth  avia-builder-el-15  el_after_av_three_fourth  el_before_av_three_fourth  flex_column_div av-zero-column-padding column-top-margin'     ><section  class='av_textblock_section av-a3lar3-7b003a056614a8bada0fe1e93f9b2f90'  itemscope=\"itemscope\" itemtype=\"https:\/\/schema.org\/CreativeWork\" ><div class='avia_textblock'  itemprop=\"text\" ><article  class='iconbox iconbox_left av-x5ian-935dab67990c088da68637dc2fcd8124  avia-builder-el-17  avia-builder-el-no-sibling '  itemscope=\"itemscope\" itemtype=\"https:\/\/schema.org\/CreativeWork\" ><div class=\"iconbox_content\"><header class=\"entry-content-header\"><div class=\"iconbox_icon heading-color\" aria-hidden='true' data-av_icon='\ue871' data-av_iconfont='entypo-fontello'><\/div><h3 class='iconbox_content_title '  itemprop=\"headline\" >Produits connexes: <a title=\"Analyseur de Changeur de Prises en Charge \u2013 TAP4\" href=\"https:\/\/www.zensol.com\/fr\/product\/analyseur-changeur-prises-en-charge-tap4\/\">TAP4 <\/a> <\/h3><\/header><div class='iconbox_content_container '  itemprop=\"text\" ><\/div><\/div><footer class=\"entry-footer\"><\/footer><\/article>\n<\/div><\/section><\/div>\n<div class='flex_column av-79hvxr-6b37c3360b2a32b032ab3583dadb4a8c av_three_fourth  avia-builder-el-18  el_after_av_one_fourth  el_before_av_three_fourth  first flex_column_div column-top-margin'     ><section  class='av_textblock_section av-6gj5cv-7e18412a13d16897c50daeadeee4d3cf'  itemscope=\"itemscope\" itemtype=\"https:\/\/schema.org\/CreativeWork\" ><div class='avia_textblock'  itemprop=\"text\" ><h3>Expert Systems With Applications<\/h3>\n<p>An expert system for acoustic diagnosis of power circuit breakers and on-load tap changers.<\/p>\n<p><a title=\"Maintenance Programs for MV &amp; HV Power Circuit Breakers\" href=\"https:\/\/www.zensol.com\/wp-content\/uploads\/2017\/12\/1-s2.0-S0957417415005436-main-1.pdf\">Read more &gt;&gt;<\/a><\/p>\n<\/div><\/section><\/div>\n<div class='flex_column av-4hha0v-27cab8158c5279e6853f4dea10e5e52a av_three_fourth  avia-builder-el-20  el_after_av_three_fourth  el_before_av_three_fourth  first flex_column_div column-top-margin'     ><section  class='av_textblock_section av-koe0huy3-66c772b6de84491e2754eaee80758018'  itemscope=\"itemscope\" itemtype=\"https:\/\/schema.org\/CreativeWork\" ><div class='avia_textblock'  itemprop=\"text\" ><h3 id=\"section5\">The vibro-acoustic method as fast diagnostic tool onload tap changers through the simultaneous analysis of vibration, dynamic resistance and high speed camera recordings.<\/h3>\n<p>Les techniques d&rsquo;essai classiques donnent tr\u00e8s peu d&rsquo;informations sur les probl\u00e8mes m\u00e9caniques survenant \u00e0 l&rsquo;int\u00e9rieur d&rsquo;un changeur de prise en charge (OLTC) en service. La m\u00e9thode vibro-acoustique est bas\u00e9e sur le principe que toutes les op\u00e9rations m\u00e9caniques produisent un mod\u00e8le vibro-acoustique pendant le fonctionnement. Ce mod\u00e8le est enregistr\u00e9 par un acc\u00e9l\u00e9rom\u00e8tre et converti en une signature vibro-acoustique unique pour chaque changeur de prise et stable dans le temps dans le cas d&rsquo;un m\u00e9canisme sain.<\/p>\n<p><a title=\"Breaker timing\" href=\"https:\/\/www.zensol.com\/wp-content\/uploads\/2017\/08\/CIGRERoumanierev3.pdf\">Plus &gt;&gt;<\/a><\/p>\n<\/div><\/section><\/div><div class='flex_column av-av_three_fourth-516b7eac7a9c6cd1b746245801c7486c av_three_fourth  avia-builder-el-22  el_after_av_three_fourth  el_before_av_hr  first flex_column_div column-top-margin'     ><section  class='av_textblock_section av-av_textblock-23482006190359359522c957f3a311aa'  itemscope=\"itemscope\" itemtype=\"https:\/\/schema.org\/CreativeWork\" ><div class='avia_textblock'  itemprop=\"text\" ><h3>Nouvel instrument de\u00a0<span class=\"il\">Zensol<\/span>\u00a0pour tester les changeurs de prises (publi\u00e9 dans le magazine Reliable Power testing SE 2021 Volume 34 No. 1 de Electricity Today sous le titre \u2018<span class=\"il\">Zensol<\/span>\u00a0new instrument for OLTC testing\u2018)<\/h3>\n<p style=\"font-weight: 400;\">Le TAP-4-PLUS avec l\u2019accessoire TAP-DRM permet d\u2019effectuer simultan\u00e9ment des enregistrements de r\u00e9sistance dynamique, de vibrations et courant moteur. De cette fa\u00e7on, vous comprendrez facilement les impacts des vibrations.<\/p>\n<p><a title=\"Maintenance Programs for MV &amp; HV Power Circuit Breakers\" href=\"https:\/\/www.zensol.com\/wp-content\/uploads\/2021\/04\/et_Reliable-power-testing_jan_feb_2021_ZENSOL.pdf\">Plus\u00a0 &gt;&gt;<\/a><\/p>\n<\/div><\/section><\/div><\/p>\n<div  class='hr av-2gzr4f-9e082dfc1eb0864269ae17273047fe24 hr-default  avia-builder-el-24  el_after_av_three_fourth  avia-builder-el-last '><span class='hr-inner '><span class=\"hr-inner-style\"><\/span><\/span><\/div>\n","protected":false},"excerpt":{"rendered":"","protected":false},"author":1,"featured_media":0,"parent":0,"menu_order":0,"comment_status":"closed","ping_status":"closed","template":"","meta":{"footnotes":""},"class_list":["post-4319","page","type-page","status-publish","hentry"],"yoast_head":"<!-- This site is optimized with the Yoast SEO plugin v26.3 - https:\/\/yoast.com\/wordpress\/plugins\/seo\/ -->\n<title>ARTICLES SUR LES TESTS DE CHANGEURS DE PRISES - Zensol<\/title>\n<meta name=\"robots\" content=\"index, follow, max-snippet:-1, max-image-preview:large, max-video-preview:-1\" \/>\n<link rel=\"canonical\" href=\"https:\/\/www.zensol.com\/fr\/articles-sur-les-tests-de-changeurs-de-prises\/\" \/>\n<meta property=\"og:locale\" content=\"fr_FR\" \/>\n<meta property=\"og:type\" content=\"article\" \/>\n<meta property=\"og:title\" content=\"ARTICLES SUR LES TESTS DE CHANGEURS DE PRISES - Zensol\" \/>\n<meta property=\"og:url\" content=\"https:\/\/www.zensol.com\/fr\/articles-sur-les-tests-de-changeurs-de-prises\/\" \/>\n<meta property=\"og:site_name\" content=\"Zensol\" \/>\n<meta property=\"article:modified_time\" content=\"2024-06-22T16:02:08+00:00\" \/>\n<meta name=\"twitter:label1\" content=\"Dur\u00e9e de lecture estim\u00e9e\" \/>\n\t<meta name=\"twitter:data1\" content=\"2 minutes\" \/>\n<script type=\"application\/ld+json\" class=\"yoast-schema-graph\">{\"@context\":\"https:\/\/schema.org\",\"@graph\":[{\"@type\":\"WebPage\",\"@id\":\"https:\/\/www.zensol.com\/fr\/articles-sur-les-tests-de-changeurs-de-prises\/\",\"url\":\"https:\/\/www.zensol.com\/fr\/articles-sur-les-tests-de-changeurs-de-prises\/\",\"name\":\"ARTICLES SUR LES TESTS DE CHANGEURS DE PRISES - Zensol\",\"isPartOf\":{\"@id\":\"https:\/\/www.zensol.com\/#website\"},\"datePublished\":\"2015-05-24T14:54:04+00:00\",\"dateModified\":\"2024-06-22T16:02:08+00:00\",\"inLanguage\":\"fr-FR\",\"potentialAction\":[{\"@type\":\"ReadAction\",\"target\":[\"https:\/\/www.zensol.com\/fr\/articles-sur-les-tests-de-changeurs-de-prises\/\"]}]},{\"@type\":\"WebSite\",\"@id\":\"https:\/\/www.zensol.com\/#website\",\"url\":\"https:\/\/www.zensol.com\/\",\"name\":\"Zensol\",\"description\":\"The Circuit Breaker, Recloser and Tap-Changer Instrument Test Specialist\",\"potentialAction\":[{\"@type\":\"SearchAction\",\"target\":{\"@type\":\"EntryPoint\",\"urlTemplate\":\"https:\/\/www.zensol.com\/?s={search_term_string}\"},\"query-input\":{\"@type\":\"PropertyValueSpecification\",\"valueRequired\":true,\"valueName\":\"search_term_string\"}}],\"inLanguage\":\"fr-FR\"}]}<\/script>\n<!-- \/ Yoast SEO plugin. -->","yoast_head_json":{"title":"ARTICLES SUR LES TESTS DE CHANGEURS DE PRISES - Zensol","robots":{"index":"index","follow":"follow","max-snippet":"max-snippet:-1","max-image-preview":"max-image-preview:large","max-video-preview":"max-video-preview:-1"},"canonical":"https:\/\/www.zensol.com\/fr\/articles-sur-les-tests-de-changeurs-de-prises\/","og_locale":"fr_FR","og_type":"article","og_title":"ARTICLES SUR LES TESTS DE CHANGEURS DE PRISES - Zensol","og_url":"https:\/\/www.zensol.com\/fr\/articles-sur-les-tests-de-changeurs-de-prises\/","og_site_name":"Zensol","article_modified_time":"2024-06-22T16:02:08+00:00","twitter_misc":{"Dur\u00e9e de lecture estim\u00e9e":"2 minutes"},"schema":{"@context":"https:\/\/schema.org","@graph":[{"@type":"WebPage","@id":"https:\/\/www.zensol.com\/fr\/articles-sur-les-tests-de-changeurs-de-prises\/","url":"https:\/\/www.zensol.com\/fr\/articles-sur-les-tests-de-changeurs-de-prises\/","name":"ARTICLES SUR LES TESTS DE CHANGEURS DE PRISES - Zensol","isPartOf":{"@id":"https:\/\/www.zensol.com\/#website"},"datePublished":"2015-05-24T14:54:04+00:00","dateModified":"2024-06-22T16:02:08+00:00","inLanguage":"fr-FR","potentialAction":[{"@type":"ReadAction","target":["https:\/\/www.zensol.com\/fr\/articles-sur-les-tests-de-changeurs-de-prises\/"]}]},{"@type":"WebSite","@id":"https:\/\/www.zensol.com\/#website","url":"https:\/\/www.zensol.com\/","name":"Zensol","description":"The Circuit Breaker, Recloser and Tap-Changer Instrument Test Specialist","potentialAction":[{"@type":"SearchAction","target":{"@type":"EntryPoint","urlTemplate":"https:\/\/www.zensol.com\/?s={search_term_string}"},"query-input":{"@type":"PropertyValueSpecification","valueRequired":true,"valueName":"search_term_string"}}],"inLanguage":"fr-FR"}]}},"_links":{"self":[{"href":"https:\/\/www.zensol.com\/fr\/wp-json\/wp\/v2\/pages\/4319","targetHints":{"allow":["GET"]}}],"collection":[{"href":"https:\/\/www.zensol.com\/fr\/wp-json\/wp\/v2\/pages"}],"about":[{"href":"https:\/\/www.zensol.com\/fr\/wp-json\/wp\/v2\/types\/page"}],"author":[{"embeddable":true,"href":"https:\/\/www.zensol.com\/fr\/wp-json\/wp\/v2\/users\/1"}],"replies":[{"embeddable":true,"href":"https:\/\/www.zensol.com\/fr\/wp-json\/wp\/v2\/comments?post=4319"}],"version-history":[{"count":14,"href":"https:\/\/www.zensol.com\/fr\/wp-json\/wp\/v2\/pages\/4319\/revisions"}],"predecessor-version":[{"id":14370,"href":"https:\/\/www.zensol.com\/fr\/wp-json\/wp\/v2\/pages\/4319\/revisions\/14370"}],"wp:attachment":[{"href":"https:\/\/www.zensol.com\/fr\/wp-json\/wp\/v2\/media?parent=4319"}],"curies":[{"name":"wp","href":"https:\/\/api.w.org\/{rel}","templated":true}]}}