{"id":2954,"date":"2014-09-09T19:29:41","date_gmt":"2014-09-09T18:29:41","guid":{"rendered":"https:\/\/www.zensol.net\/?page_id=2954"},"modified":"2018-01-09T19:10:27","modified_gmt":"2018-01-09T18:10:27","slug":"services-2","status":"publish","type":"page","link":"https:\/\/www.zensol.com\/fr\/services-2\/","title":{"rendered":"Services"},"content":{"rendered":"<section  class='av_textblock_section av-av_textblock-0366cc7376be6c9e82a3e9cc8987b64f'  itemscope=\"itemscope\" itemtype=\"https:\/\/schema.org\/CreativeWork\" ><div class='avia_textblock'  itemprop=\"text\" ><h1 style=\"text-align: center;\">Services<\/h1>\n<\/div><\/section>\n<div  class='tabcontainer av-av_tab_container-0bacd910096d11a3cec6dfb538798966 top_tab  avia-builder-el-1  el_after_av_textblock  avia-builder-el-last ' role='tablist'>\n<section class='av_tab_section av_tab_section av-av_tab-3235ad8c4c0cbb35c133beb6426babfb'  itemscope=\"itemscope\" itemtype=\"https:\/\/schema.org\/CreativeWork\" ><div class='tab active_tab' role='tab' tabindex='0' data-fake-id='#tab-id-1' aria-controls='tab-id-1-content'  itemprop=\"headline\" >WEBINAIRE CPC<\/div><div id='tab-id-1-content' class='tab_content active_tab_content' aria-hidden=\"false\"><div class='tab_inner_content invers-color'  itemprop=\"text\" ><h3>LA METHODE VIBRO-ACOUSTIQUE APPLIQUEE AUX CPC<\/h3>\n<p style=\"text-align: left;\"><img decoding=\"async\" class=\"alignright\" src=\"https:\/\/www.zensol.com\/images\/webinar.jpg\" alt=\"\" width=\"500px\" height=\"285\" \/>Langues : Fran\u00e7ais, Anglais et Chinois<br \/>\nDur\u00e9e : 30 min. de pr\u00e9sentation et une session de questions \/ r\u00e9ponses<\/p>\n<h3 style=\"text-align: left;\">Description :<\/h3>\n<p style=\"text-align: left;\">Le diagnostic utilisant la vibro-acoustique pour les CPC est une technologie relativement nouvelle dont les premiers d\u00e9veloppements ont commenc\u00e9 il y a 15 ans. Ce webinar introduit rapidement la m\u00e9thode qui est utilis\u00e9e par plusieurs compagnies d&rsquo;\u00e9lectricit\u00e9 car elle d\u00e9tecte bons nombres de probl\u00e8mes et permet d\u2019\u00e9viter d\u2019importantes pannes.<\/p>\n<h3 style=\"text-align: left;\">Points clefs :<\/h3>\n<ul>\n<li style=\"list-style-type: none;\">\n<ul>\n<li>Pourquoi \/ Comment \/ Quand utiliser la m\u00e9thode vibro-acoustique?<\/li>\n<\/ul>\n<\/li>\n<\/ul>\n<ul>\n<li style=\"list-style-type: none;\">\n<ul>\n<li>Exemple de probl\u00e8me : l&rsquo;usure de contact<\/li>\n<\/ul>\n<\/li>\n<\/ul>\n<ul>\n<li style=\"list-style-type: none;\">\n<ul>\n<li>Autres applications<\/li>\n<\/ul>\n<\/li>\n<\/ul>\n<h3>A qui s&rsquo;adresse ce s\u00e9minaire?<\/h3>\n<p>Ce s\u00e9minaire b\u00e9n\u00e9ficiera \u00e0 un large \u00e9ventail d&rsquo;organisations travaillant dans l\u2019industrie \u00e9lectrique et dans l&rsquo;\u00e9nergie, permettant d&rsquo;acqu\u00e9rir de pr\u00e9cieuses informations sur la m\u00e9thode vibro-acoustique.<\/p>\n<h3 style=\"text-align: center;\"><a title=\"Nous contacter \u2013 Zensol\" href=\"https:\/\/www.zensol.com\/fr\/contacter-zensol\/\" target=\"_blank\" rel=\"noopener\"><b>INSCRIVEZ-VOUS!<\/b><\/a><\/h3>\n<\/div><\/div><\/section>\n<section class='av_tab_section av_tab_section av-av_tab-7ebcec7034567314b0b49ef05bbbabd9'  itemscope=\"itemscope\" itemtype=\"https:\/\/schema.org\/CreativeWork\" ><div class='tab' role='tab' tabindex='0' data-fake-id='#tab-id-2' aria-controls='tab-id-2-content'  itemprop=\"headline\" >WEBINAIRE DISJONCTEURS<\/div><div id='tab-id-2-content' class='tab_content' aria-hidden=\"true\"><div class='tab_inner_content invers-color'  itemprop=\"text\" ><h3>LA METHODE VIRBO-ACOUSTIQUE APPLIQUEE AUX DISJONCTEURS<\/h3>\n<p style=\"text-align: left;\">Langue : Anglais<br \/>\nDur\u00e9e : 30 min. de pr\u00e9sentation et 15 min. de questions \/ r\u00e9ponses.<\/p>\n<h3 style=\"text-align: left;\">Description :<\/h3>\n<p style=\"text-align: left;\">Les probl\u00e8mes m\u00e9caniques sont la cause de 40% des d\u00e9faillances dans les disjoncteurs. Les tests classiques tels que la synchronisation, le d\u00e9placement et la r\u00e9sistance dynamique \/ statique des contacts sont souvent incapables de d\u00e9tecter ce type de probl\u00e8me. Le proc\u00e9d\u00e9 de vibro-acoustique r\u00e9ussit, et c&rsquo;est sa principale contribution. En plus, il permet d&rsquo;effectuer des tests de vibration en ligne.<\/p>\n<h3 style=\"text-align: left;\">Points clefs :<\/h3>\n<ul>\n<li style=\"list-style-type: none;\">\n<ul>\n<li style=\"list-style-type: none;\">\n<ul>\n<li style=\"list-style-type: none;\">\n<ul>\n<li>Pourquoi \/ Comment \/ Quand utiliser la m\u00e9thode vibro-acoustique?<\/li>\n<\/ul>\n<\/li>\n<\/ul>\n<\/li>\n<\/ul>\n<\/li>\n<\/ul>\n<ul>\n<li style=\"list-style-type: none;\">\n<ul>\n<li style=\"list-style-type: none;\">\n<ul>\n<li style=\"list-style-type: none;\">\n<ul>\n<li>Quelle est la contribution comparativement \u00e0 des tests classiques?<\/li>\n<\/ul>\n<\/li>\n<\/ul>\n<\/li>\n<\/ul>\n<\/li>\n<\/ul>\n<ul>\n<li style=\"list-style-type: none;\">\n<ul>\n<li style=\"list-style-type: none;\">\n<ul>\n<li style=\"list-style-type: none;\">\n<ul>\n<li>Exemple de d\u00e9faillances dans les disjoncteurs: parties m\u00e9caniques assembl\u00e9es \u00e0 l&rsquo;inverse,\u00a0asynchronisme (en ligne et hors ligne), mauvais ajustements.<\/li>\n<\/ul>\n<\/li>\n<\/ul>\n<\/li>\n<\/ul>\n<\/li>\n<\/ul>\n<ul>\n<li style=\"list-style-type: none;\">\n<ul>\n<li style=\"list-style-type: none;\">\n<ul>\n<li style=\"list-style-type: none;\">\n<ul>\n<li>Autres applications: CPC, r\u00e9gulateurs de voltage et compresseurs.<\/li>\n<\/ul>\n<\/li>\n<\/ul>\n<\/li>\n<\/ul>\n<\/li>\n<\/ul>\n<h3>\u00c0 qui s&rsquo;adresse ce s\u00e9minaire?<\/h3>\n<p>Ce s\u00e9minaire b\u00e9n\u00e9ficiera \u00e0 un large \u00e9ventail d&rsquo;organisations travaillant dans l&rsquo;industrie \u00e9lectrique et dans l&rsquo;\u00e9nergie, permettant d&rsquo;acqu\u00e9rir de pr\u00e9cieuses informations sur la m\u00e9thode vibro-acoustique.<\/p>\n<h3 style=\"text-align: center;\"><a title=\"Nous contacter \u2013 Zensol\" href=\"https:\/\/www.zensol.com\/fr\/contacter-zensol\/\" target=\"_blank\" rel=\"noopener\"><b>INSCRIVEZ-VOUS!<\/b><\/a><\/h3>\n<\/div><\/div><\/section>\n<section class='av_tab_section av_tab_section av-av_tab-194a4e2870ad0068369b1d90f30865e7'  itemscope=\"itemscope\" itemtype=\"https:\/\/schema.org\/CreativeWork\" ><div class='tab' role='tab' tabindex='0' data-fake-id='#tab-id-3' aria-controls='tab-id-3-content'  itemprop=\"headline\" >TESTS CPC<\/div><div id='tab-id-3-content' class='tab_content' aria-hidden=\"true\"><div class='tab_inner_content invers-color'  itemprop=\"text\" ><h3>TESTS DE CHARGEUR DE PRISES<\/h3>\n<p>Zensol met son exp\u00e9rience \u00e0 votre service et peut vous aider avec votre plan de maintenance pr\u00e9ventive.<\/p>\n<h3>Service de Tests et d&rsquo;Analyse :<a href=\"https:\/\/www.zensol.com\/wp-content\/uploads\/2014\/03\/Interpretation_training.jpg\"><img loading=\"lazy\" decoding=\"async\" class=\"size-medium wp-image-2630 alignright\" src=\"https:\/\/www.zensol.com\/wp-content\/uploads\/2014\/03\/Interpretation_training-300x240.jpg\" alt=\"Interpretation_training\" width=\"300\" height=\"240\" srcset=\"https:\/\/www.zensol.com\/wp-content\/uploads\/2014\/03\/Interpretation_training-300x240.jpg 300w, https:\/\/www.zensol.com\/wp-content\/uploads\/2014\/03\/Interpretation_training-705x564.jpg 705w, https:\/\/www.zensol.com\/wp-content\/uploads\/2014\/03\/Interpretation_training-450x360.jpg 450w, https:\/\/www.zensol.com\/wp-content\/uploads\/2014\/03\/Interpretation_training.jpg 1000w\" sizes=\"auto, (max-width: 300px) 100vw, 300px\" \/><\/a><\/h3>\n<p>Pour votre tranquillit\u00e9, nous traitons votre CPC! Gr\u00e2ce au TAP-4, Zensol effectuera des tests chaque ann\u00e9e et vous fournira un rapport complet par transformateur.<\/p>\n<h3>Service d&rsquo;Analyse :<\/h3>\n<p>Vous avez d\u00e9j\u00e0 effectu\u00e9 un test vibro-acoustique avec le TAP-4 sur votre CPC et vous voulez que nous analysions les r\u00e9sultats? Vous pouvez compter sur notre solide exp\u00e9rience dans le domaine de la vibro-acoustique!<\/p>\n<h3>Formation d&rsquo;Analyse :<\/h3>\n<p>Vous souhaitez ma\u00eetriser l&rsquo;analyse des signaux vibro-acoustiques enregistr\u00e9s par votre TAP-4? Zensol peut vous aider!<\/p>\n<h3 style=\"text-align: center;\"><a title=\"Nous contacter \u2013 Zensol\" href=\"https:\/\/www.zensol.com\/fr\/contacter-zensol\/\" target=\"_blank\" rel=\"noopener\"><b>CONTACTEZ-NOUS!<\/b><\/a><\/h3>\n<\/div><\/div><\/section>\n<section class='av_tab_section av_tab_section av-av_tab-f669a075738b4a40bfb9522586ae2854'  itemscope=\"itemscope\" itemtype=\"https:\/\/schema.org\/CreativeWork\" ><div class='tab' role='tab' tabindex='0' data-fake-id='#tab-id-4' aria-controls='tab-id-4-content'  itemprop=\"headline\" >TESTS DISJONCTEURS<\/div><div id='tab-id-4-content' class='tab_content' aria-hidden=\"true\"><div class='tab_inner_content invers-color'  itemprop=\"text\" ><h3>TESTS DE DISJONCTEURS<a href=\"https:\/\/www.zensol.com\/wp-content\/uploads\/2014\/03\/circuit_breaker_testing.jpg\"><img loading=\"lazy\" decoding=\"async\" class=\"size-medium wp-image-2634 alignright\" src=\"https:\/\/www.zensol.com\/wp-content\/uploads\/2014\/03\/circuit_breaker_testing-267x300.jpg\" alt=\"circuit_breaker_testing\" width=\"267\" height=\"300\" srcset=\"https:\/\/www.zensol.com\/wp-content\/uploads\/2014\/03\/circuit_breaker_testing-267x300.jpg 267w, https:\/\/www.zensol.com\/wp-content\/uploads\/2014\/03\/circuit_breaker_testing-917x1030.jpg 917w, https:\/\/www.zensol.com\/wp-content\/uploads\/2014\/03\/circuit_breaker_testing-627x705.jpg 627w, https:\/\/www.zensol.com\/wp-content\/uploads\/2014\/03\/circuit_breaker_testing-450x505.jpg 450w, https:\/\/www.zensol.com\/wp-content\/uploads\/2014\/03\/circuit_breaker_testing.jpg 1221w\" sizes=\"auto, (max-width: 267px) 100vw, 267px\" \/><\/a><\/h3>\n<p>Zensol met son exp\u00e9rience \u00e0 votre service et peut vous aider avec votre plan de maintenance pr\u00e9ventive.<\/p>\n<h3>Service de Tests et d&rsquo;Analyse :<\/h3>\n<p>Pour votre tranquillit\u00e9, nous traitons votre Disjoncteur! Gr\u00e2ce au CBV, Zensol effectuera des tests et vous fournira un rapport complet.<\/p>\n<h3>Service d&rsquo;Analyse :<\/h3>\n<p>Vous avez d\u00e9j\u00e0 effectu\u00e9 un test vibro-acoustique avec le CBV sur votre Disjoncteur et vous voulez que nous analysions les r\u00e9sultats? Vous pouvez compter sur notre solide exp\u00e9rience dans le domaine de la vibro-acoustique!<\/p>\n<h3>Formation d&rsquo;Analyse :<\/h3>\n<p>Vous souhaitez ma\u00eetriser l&rsquo;analyse des signaux vibro-acoustiques enregistr\u00e9s par votre CBV? Zensol peut vous aider!<\/p>\n<h3 style=\"text-align: center;\"><a title=\"Nous contacter \u2013 Zensol\" href=\"https:\/\/www.zensol.com\/fr\/contacter-zensol\/\" target=\"_blank\" rel=\"noopener\"><b>CONTACTEZ-NOUS!<\/b><\/a><\/h3>\n<\/div><\/div><\/section>\n<section class='av_tab_section av_tab_section av-av_tab-497054f903b2edec2f16db55d48d5c13'  itemscope=\"itemscope\" itemtype=\"https:\/\/schema.org\/CreativeWork\" ><div class='tab' role='tab' tabindex='0' data-fake-id='#tab-id-5' aria-controls='tab-id-5-content'  itemprop=\"headline\" >S\u00cbMINAIRES ET FORMATIONS<\/div><div id='tab-id-5-content' class='tab_content' aria-hidden=\"true\"><div class='tab_inner_content invers-color'  itemprop=\"text\" ><p><div id='avia-messagebox-' class='avia_message_box av_notification av-av_notification-524a96739c67d1860c469f64a71c31d7 avia-color-silver avia-size-large avia-icon_select-no avia-border-dashed  avia-builder-el-2  el_before_av_notification  avia-builder-el-first ' ><div class=\"avia_message_box_content\"><p><a href=\"https:\/\/www.zensol.com\/fr\/seminaires\/\">DESCRIPTION DES S\u00c9MINAIRES<\/a><\/p>\n<\/div><\/div><br \/>\n<div id='avia-messagebox-' class='avia_message_box av_notification av-av_notification-96c05590ba6f0fbce9b825c6d46adb70 avia-color-green avia-size-large avia-icon_select-yes avia-border-  avia-builder-el-3  el_after_av_notification  el_before_av_notification ' ><span class='avia_message_box_title' >S\u00e9minaire 1<\/span><div class=\"avia_message_box_content\"><span class='avia_message_box_icon' aria-hidden='true' data-av_icon='\ue812' data-av_iconfont='entypo-fontello'><\/span><p><a href=\"https:\/\/www.zensol.com\/fr\/seminaires\/seminaire-sur-les-tests-de-synchronisation-des-contacts-de-disjoncteurs\/\">S\u00e9minaire sur les tests des disjoncteurs<\/a><\/p>\n<\/div><\/div><br \/>\n<div id='avia-messagebox-' class='avia_message_box av_notification av-av_notification-b914e08cb38cf8d18d15ca1283818bf4 avia-color-green avia-size-large avia-icon_select-yes avia-border-  avia-builder-el-4  el_after_av_notification  el_before_av_notification ' ><span class='avia_message_box_title' >S\u00e9minaire 2<\/span><div class=\"avia_message_box_content\"><span class='avia_message_box_icon' aria-hidden='true' data-av_icon='\ue812' data-av_iconfont='entypo-fontello'><\/span><p><a href=\"https:\/\/www.zensol.com\/fr\/seminaires\/maintenance-des-disjoncteurs-haute-tension\/\">S\u00e9minaire sur la maintenance\u00a0des disjoncteurs<\/a><\/p>\n<\/div><\/div><br \/>\n<div id='avia-messagebox-' class='avia_message_box av_notification av-av_notification-11acd6fd880e3702a40aee6bd2470241 avia-color-green avia-size-large avia-icon_select-yes avia-border-  avia-builder-el-5  el_after_av_notification  el_before_av_notification ' ><span class='avia_message_box_title' >S\u00e9minaire 3<\/span><div class=\"avia_message_box_content\"><span class='avia_message_box_icon' aria-hidden='true' data-av_icon='\ue812' data-av_iconfont='entypo-fontello'><\/span><p><a href=\"https:\/\/www.zensol.com\/fr\/seminaires\/seminaire-sur-les-tests-de-reenclencheur\/\">S\u00e9minaire sur les tests de r\u00e9enclencheurs<\/a><\/p>\n<\/div><\/div><br \/>\n<div id='avia-messagebox-' class='avia_message_box av_notification av-av_notification-6a900d8d1a9b8dcb79d5a98159c13ae5 avia-color-green avia-size-large avia-icon_select-yes avia-border-  avia-builder-el-6  el_after_av_notification  el_before_av_notification ' ><span class='avia_message_box_title' >S\u00e9minaire 4<\/span><div class=\"avia_message_box_content\"><span class='avia_message_box_icon' aria-hidden='true' data-av_icon='\ue812' data-av_iconfont='entypo-fontello'><\/span><p><a href=\"https:\/\/www.zensol.com\/fr\/seminaires\/seminaire-sur-la-demystification-des-methodes-de-calculs-dans-cbawin\/\">S\u00e9minaire sur les calculs dans CBAWIN<\/a><\/p>\n<\/div><\/div><\/p>\n<\/div><\/div><\/section>\n<section class='av_tab_section av_tab_section av-av_tab-0f2a71461d83494a3b0733458477c507'  itemscope=\"itemscope\" itemtype=\"https:\/\/schema.org\/CreativeWork\" ><div class='tab' role='tab' tabindex='0' data-fake-id='#tab-id-6' aria-controls='tab-id-6-content'  itemprop=\"headline\" >COURS <\/div><div id='tab-id-6-content' class='tab_content' aria-hidden=\"true\"><div class='tab_inner_content invers-color'  itemprop=\"text\" ><div id='avia-messagebox-' class='avia_message_box av_notification av-av_notification-524a96739c67d1860c469f64a71c31d7 avia-color-silver avia-size-large avia-icon_select-no avia-border-dashed  avia-builder-el-7  el_after_av_notification  avia-builder-el-last ' ><div class=\"avia_message_box_content\"><p><a href=\"https:\/\/www.zensol.com\/fr\/product\/cours-en-ligne\/\">DESCRIPTION DES\u00a0COURS EN LIGNE<\/a><\/p>\n<\/div><\/div>\n<\/div><\/div><\/section>\n<section class='av_tab_section av_tab_section av-av_tab-bb9441ad8c464b8daec5ccb8691f4556'  itemscope=\"itemscope\" itemtype=\"https:\/\/schema.org\/CreativeWork\" ><div class='tab' role='tab' tabindex='0' data-fake-id='#tab-id-7' aria-controls='tab-id-7-content'  itemprop=\"headline\" >CALIBRATION<\/div><div id='tab-id-7-content' class='tab_content' aria-hidden=\"true\"><div class='tab_inner_content invers-color'  itemprop=\"text\" ><p>Cher client,<\/p>\n<p>Afin de toujours mieux vous servir, Zensol a rassembl\u00e9 les 5 raisons principales de l\u2019importance de la calibration pour vos instruments. Les politiques de qualit\u00e9 l&rsquo;exigent, les agences gouvernementales nous y obligent et les organismes de normalisation internationaux nous supervisent.<\/p>\n<p><strong>1.Souhaitez-vous prendre des mesures ou des estimations?<\/strong><\/p>\n<p>Les composants \u00e9lectroniques d\u00e9rivent naturellement avec le temps, ce qui peut entra\u00eener des incertitudes dans vos mesures.\u00a0La calibration y rem\u00e9die.<\/p>\n<p><strong>2.Pouvez-vous vous permettre de faire apparaitre des mesures inexactes sur vos produits ?<\/strong><\/p>\n<p>Fausses Passes &#8211; des mesures inexactes font appara\u00eetre une mauvaise unit\u00e9 r\u00e9ussissant un test.\u00a0Un \u00ab faux passage \u00bb peut \u00eatre tr\u00e8s dangereux, surtout si le produit que vous testez a le potentiel de causer des dommages.<\/p>\n<p>Faux \u00e9checs \u2013 Une mesure prise avec un instrument non calibr\u00e9 et\/ou inexact peut faire \u00e9chouer un test \u00e0 une bonne unit\u00e9.\u00a0Ces \u00ab fausses d\u00e9faillances \u00bb peuvent n\u00e9cessiter des tests plus \u00e9tendus (et co\u00fbteux) et un d\u00e9lai suppl\u00e9mentaire de mise en service.<\/p>\n<p><strong>3.\u00cates-vous conforme aux normes ?<\/strong><\/p>\n<p>De nombreuses industries plus grandes ou plus r\u00e9glement\u00e9es suivent des normes internationales qui n\u00e9cessitent un \u00e9talonnage.\u00a0Des normes telles que ISO 9001, ISO \/ IEC 17025 dictent pourquoi et comment calibrer.<\/p>\n<p><strong>4.Vos temps d&rsquo;arr\u00eat impr\u00e9vus \u00e0 cause d\u2019un instrument non calibr\u00e9 sont-ils co\u00fbteux ?<br \/>\n<\/strong>Il est important de garder \u00e0 l&rsquo;esprit la diff\u00e9rence entre les temps d&rsquo;arr\u00eat planifi\u00e9s pour la maintenance et les temps d&rsquo;arr\u00eat impr\u00e9vus. Profitez des temps pendant lesquels vos instruments sont inutilis\u00e9s pour planifier la calibration de vos instruments.<\/p>\n<p><strong>5.Comment savez-vous que votre mesure est exacte?<\/strong><\/p>\n<p>En comparant toutes les mesures \u00e0 une unit\u00e9 \u00e9talon, ou au syst\u00e8me international d&rsquo;unit\u00e9s SI, vous pouvez \u00eatre s\u00fbr que votre mesure est une bonne mesure.\u00a0 Il est important \u00e9galement de respecter la <strong>tra\u00e7abilit\u00e9 <\/strong>de votre calibration par r\u00e9f\u00e9rence \u00e0 une <strong>cha\u00eene d&rsquo;\u00e9talonnage<\/strong> ininterrompue et document\u00e9e.<\/p>\n<p>L&rsquo;\u00e9talonnage est clairement une partie importante de la maintenance ad\u00e9quate de vos instruments de mesure.\u00a0En \u00e9talonnant r\u00e9guli\u00e8rement, vous pouvez \u00e9conomiser du temps et de l&rsquo;argent et vous assurer que vous r\u00e9pondez \u00e0 toutes les exigences requises par votre profession.<\/p>\n<p><em>Si vous \u00eates int\u00e9ress\u00e9s par la calibration de votre instrument,<\/em><\/p>\n<h2><strong><em><a href=\"https:\/\/www.zensol.com\/fr\/contacter-zensol\/\">Contactez-nous:<\/a><\/em><\/strong><\/h2>\n<p><em>(514) 333-3488 Ext#1<\/em><\/p>\n<p><em>info.support@zensol.com<\/em><\/p>\n<p>Inspir\u00e9 de \u00ab\u00a0Top 5 reasons to Calibrate you NI Hardware\u00bb par National Instruments\u00a0\u00bb<\/p>\n<\/div><\/div><\/section>\n<\/div>\n","protected":false},"excerpt":{"rendered":"","protected":false},"author":2,"featured_media":0,"parent":0,"menu_order":0,"comment_status":"closed","ping_status":"closed","template":"","meta":{"footnotes":""},"class_list":["post-2954","page","type-page","status-publish","hentry"],"yoast_head":"<!-- This site is optimized with the Yoast SEO plugin v26.3 - https:\/\/yoast.com\/wordpress\/plugins\/seo\/ -->\n<title>Services - Zensol<\/title>\n<meta name=\"description\" content=\"Zensol offre des services de Test &amp; maintenance des Disjoncteurs, R\u00e9enclencheurs et CPC, en plus de s\u00e9minaires et webinaires de formation.\" \/>\n<meta name=\"robots\" content=\"index, follow, max-snippet:-1, max-image-preview:large, max-video-preview:-1\" \/>\n<link rel=\"canonical\" href=\"https:\/\/www.zensol.com\/fr\/services-2\/\" \/>\n<meta property=\"og:locale\" content=\"fr_FR\" \/>\n<meta property=\"og:type\" content=\"article\" \/>\n<meta property=\"og:title\" content=\"Services - Zensol\" \/>\n<meta property=\"og:description\" content=\"Zensol offre des services de Test &amp; maintenance des Disjoncteurs, R\u00e9enclencheurs et CPC, en plus de s\u00e9minaires et webinaires de formation.\" \/>\n<meta property=\"og:url\" content=\"https:\/\/www.zensol.com\/fr\/services-2\/\" \/>\n<meta property=\"og:site_name\" content=\"Zensol\" \/>\n<meta property=\"article:modified_time\" content=\"2018-01-09T18:10:27+00:00\" \/>\n<meta property=\"og:image\" content=\"https:\/\/www.zensol.com\/images\/webinar.jpg\" \/>\n<meta name=\"twitter:label1\" content=\"Dur\u00e9e de lecture estim\u00e9e\" \/>\n\t<meta name=\"twitter:data1\" content=\"6 minutes\" \/>\n<script type=\"application\/ld+json\" class=\"yoast-schema-graph\">{\"@context\":\"https:\/\/schema.org\",\"@graph\":[{\"@type\":\"WebPage\",\"@id\":\"https:\/\/www.zensol.com\/fr\/services-2\/\",\"url\":\"https:\/\/www.zensol.com\/fr\/services-2\/\",\"name\":\"Services - Zensol\",\"isPartOf\":{\"@id\":\"https:\/\/www.zensol.com\/#website\"},\"primaryImageOfPage\":{\"@id\":\"https:\/\/www.zensol.com\/fr\/services-2\/#primaryimage\"},\"image\":{\"@id\":\"https:\/\/www.zensol.com\/fr\/services-2\/#primaryimage\"},\"thumbnailUrl\":\"https:\/\/www.zensol.com\/images\/webinar.jpg\",\"datePublished\":\"2014-09-09T18:29:41+00:00\",\"dateModified\":\"2018-01-09T18:10:27+00:00\",\"description\":\"Zensol offre des services de Test & maintenance des Disjoncteurs, R\u00e9enclencheurs et CPC, en plus de s\u00e9minaires et webinaires de formation.\",\"inLanguage\":\"fr-FR\",\"potentialAction\":[{\"@type\":\"ReadAction\",\"target\":[\"https:\/\/www.zensol.com\/fr\/services-2\/\"]}]},{\"@type\":\"ImageObject\",\"inLanguage\":\"fr-FR\",\"@id\":\"https:\/\/www.zensol.com\/fr\/services-2\/#primaryimage\",\"url\":\"https:\/\/www.zensol.com\/images\/webinar.jpg\",\"contentUrl\":\"https:\/\/www.zensol.com\/images\/webinar.jpg\"},{\"@type\":\"WebSite\",\"@id\":\"https:\/\/www.zensol.com\/#website\",\"url\":\"https:\/\/www.zensol.com\/\",\"name\":\"Zensol\",\"description\":\"The Circuit Breaker, Recloser and Tap-Changer Instrument Test Specialist\",\"potentialAction\":[{\"@type\":\"SearchAction\",\"target\":{\"@type\":\"EntryPoint\",\"urlTemplate\":\"https:\/\/www.zensol.com\/?s={search_term_string}\"},\"query-input\":{\"@type\":\"PropertyValueSpecification\",\"valueRequired\":true,\"valueName\":\"search_term_string\"}}],\"inLanguage\":\"fr-FR\"}]}<\/script>\n<!-- \/ Yoast SEO plugin. -->","yoast_head_json":{"title":"Services - Zensol","description":"Zensol offre des services de Test & maintenance des Disjoncteurs, R\u00e9enclencheurs et CPC, en plus de s\u00e9minaires et webinaires de formation.","robots":{"index":"index","follow":"follow","max-snippet":"max-snippet:-1","max-image-preview":"max-image-preview:large","max-video-preview":"max-video-preview:-1"},"canonical":"https:\/\/www.zensol.com\/fr\/services-2\/","og_locale":"fr_FR","og_type":"article","og_title":"Services - Zensol","og_description":"Zensol offre des services de Test & maintenance des Disjoncteurs, R\u00e9enclencheurs et CPC, en plus de s\u00e9minaires et webinaires de formation.","og_url":"https:\/\/www.zensol.com\/fr\/services-2\/","og_site_name":"Zensol","article_modified_time":"2018-01-09T18:10:27+00:00","og_image":[{"url":"https:\/\/www.zensol.com\/images\/webinar.jpg","type":"","width":"","height":""}],"twitter_misc":{"Dur\u00e9e de lecture estim\u00e9e":"6 minutes"},"schema":{"@context":"https:\/\/schema.org","@graph":[{"@type":"WebPage","@id":"https:\/\/www.zensol.com\/fr\/services-2\/","url":"https:\/\/www.zensol.com\/fr\/services-2\/","name":"Services - Zensol","isPartOf":{"@id":"https:\/\/www.zensol.com\/#website"},"primaryImageOfPage":{"@id":"https:\/\/www.zensol.com\/fr\/services-2\/#primaryimage"},"image":{"@id":"https:\/\/www.zensol.com\/fr\/services-2\/#primaryimage"},"thumbnailUrl":"https:\/\/www.zensol.com\/images\/webinar.jpg","datePublished":"2014-09-09T18:29:41+00:00","dateModified":"2018-01-09T18:10:27+00:00","description":"Zensol offre des services de Test & maintenance des Disjoncteurs, R\u00e9enclencheurs et CPC, en plus de s\u00e9minaires et webinaires de formation.","inLanguage":"fr-FR","potentialAction":[{"@type":"ReadAction","target":["https:\/\/www.zensol.com\/fr\/services-2\/"]}]},{"@type":"ImageObject","inLanguage":"fr-FR","@id":"https:\/\/www.zensol.com\/fr\/services-2\/#primaryimage","url":"https:\/\/www.zensol.com\/images\/webinar.jpg","contentUrl":"https:\/\/www.zensol.com\/images\/webinar.jpg"},{"@type":"WebSite","@id":"https:\/\/www.zensol.com\/#website","url":"https:\/\/www.zensol.com\/","name":"Zensol","description":"The Circuit Breaker, Recloser and Tap-Changer Instrument Test Specialist","potentialAction":[{"@type":"SearchAction","target":{"@type":"EntryPoint","urlTemplate":"https:\/\/www.zensol.com\/?s={search_term_string}"},"query-input":{"@type":"PropertyValueSpecification","valueRequired":true,"valueName":"search_term_string"}}],"inLanguage":"fr-FR"}]}},"_links":{"self":[{"href":"https:\/\/www.zensol.com\/fr\/wp-json\/wp\/v2\/pages\/2954","targetHints":{"allow":["GET"]}}],"collection":[{"href":"https:\/\/www.zensol.com\/fr\/wp-json\/wp\/v2\/pages"}],"about":[{"href":"https:\/\/www.zensol.com\/fr\/wp-json\/wp\/v2\/types\/page"}],"author":[{"embeddable":true,"href":"https:\/\/www.zensol.com\/fr\/wp-json\/wp\/v2\/users\/2"}],"replies":[{"embeddable":true,"href":"https:\/\/www.zensol.com\/fr\/wp-json\/wp\/v2\/comments?post=2954"}],"version-history":[{"count":40,"href":"https:\/\/www.zensol.com\/fr\/wp-json\/wp\/v2\/pages\/2954\/revisions"}],"predecessor-version":[{"id":12663,"href":"https:\/\/www.zensol.com\/fr\/wp-json\/wp\/v2\/pages\/2954\/revisions\/12663"}],"wp:attachment":[{"href":"https:\/\/www.zensol.com\/fr\/wp-json\/wp\/v2\/media?parent=2954"}],"curies":[{"name":"wp","href":"https:\/\/api.w.org\/{rel}","templated":true}]}}