{"id":2950,"date":"2014-09-09T19:18:54","date_gmt":"2014-09-09T18:18:54","guid":{"rendered":"https:\/\/www.zensol.net\/?page_id=2950"},"modified":"2024-03-05T12:01:24","modified_gmt":"2024-03-05T11:01:24","slug":"contacter-zensol","status":"publish","type":"page","link":"https:\/\/www.zensol.com\/fr\/contacter-zensol\/","title":{"rendered":"Nous contacter"},"content":{"rendered":"<section  class='av_textblock_section av-rxqc7a-8bcfb5f8efd37b517e3dd3092c93ee55'  itemscope=\"itemscope\" itemtype=\"https:\/\/schema.org\/CreativeWork\" ><div class='avia_textblock'  itemprop=\"text\" ><h1 style=\"text-align: center;\"><span style=\"color: #008000;\">Contacter Zensol<\/span><\/h1>\n<\/div><\/section>\n\n<style type=\"text\/css\" data-created_by=\"avia_inline_auto\" id=\"style-css-av-prvwuu-d1cb58cf7a4b15e655e0de71e13be7c0\">\n#top .hr.av-prvwuu-d1cb58cf7a4b15e655e0de71e13be7c0{\nmargin-top:10px;\nmargin-bottom:10px;\n}\n.hr.av-prvwuu-d1cb58cf7a4b15e655e0de71e13be7c0 .hr-inner{\nwidth:50px;\nborder-color:#000000;\nmax-width:45%;\n}\n.hr.av-prvwuu-d1cb58cf7a4b15e655e0de71e13be7c0 .av-seperator-icon{\ncolor:#000000;\n}\n<\/style>\n<div  class='hr av-prvwuu-d1cb58cf7a4b15e655e0de71e13be7c0 hr-custom  avia-builder-el-1  el_after_av_textblock  el_before_av_one_half  hr-center hr-icon-yes'><span class='hr-inner inner-border-av-border-thin'><span class=\"hr-inner-style\"><\/span><\/span><span class='av-seperator-icon' aria-hidden='true' data-av_icon='\ue808' data-av_iconfont='entypo-fontello'><\/span><span class='hr-inner inner-border-av-border-thin'><span class=\"hr-inner-style\"><\/span><\/span><\/div>\n<div class='flex_column av-2gs0ae-b271cd5ba688529015ea98df83ee5c59 av_one_half  avia-builder-el-2  el_after_av_hr  el_before_av_one_half  first flex_column_div '     ><section  class='av_textblock_section av-kmgvxi-88c36c17376f30e4079c1d2b75f92ada'  itemscope=\"itemscope\" itemtype=\"https:\/\/schema.org\/CreativeWork\" ><div class='avia_textblock'  itemprop=\"text\" ><h2><strong><span style=\"color: green !important;\">Nous contacter par t\u00e9l\u00e9phone<\/span><\/strong><\/h2>\n<p>Ventes +1 (514) 333-3488 Ext. #1<br \/>\nSupport technique +1 (514) 333-3488 Ext. #2<br \/>\nComptabilit\u00e9 +1 (514) 333-3488 Ext. #3<br \/>\nFax +1 (514) 333-3499<\/p>\n<\/div><\/section><br \/>\n<section  class='av_textblock_section av-hedcyu-9ed5b3963d0cba5b89fa7b7acc4ccac8'  itemscope=\"itemscope\" itemtype=\"https:\/\/schema.org\/CreativeWork\" ><div class='avia_textblock'  itemprop=\"text\" ><h2><strong><span style=\"color: green !important;\">Nous contacter par email<\/span><\/strong><\/h2>\n<p>Envoyez nous un mail \u00e0 info.support@zensol.com<br \/>\nEnvoyez vos factures \u00e0 accountpayable@zensol.com<\/p>\n<\/div><\/section><br \/>\n<section  class='av_textblock_section av-dtnfza-dadd6e30864bd60ecd7f210220ef9847'  itemscope=\"itemscope\" itemtype=\"https:\/\/schema.org\/CreativeWork\" ><div class='avia_textblock'  itemprop=\"text\" ><h2><strong><span style=\"color: green !important;\">Nous contacter en personne<\/span><\/strong><\/h2>\n<p>Nos bureaux sont situ\u00e9s \u00e0<\/p>\n<p>ZENSOL AUTOMATION INC.<br \/>\n2281 Rue Gu\u00e9nette, Saint-Laurent, (QC) H4R 2E9<br \/>\nCanada<\/p>\n<\/div><\/section><br \/>\n<section  class='av_textblock_section av-c5yb5i-b912867c0a391f86ca9587cfc8ae4c37'  itemscope=\"itemscope\" itemtype=\"https:\/\/schema.org\/CreativeWork\" ><div class='avia_textblock'  itemprop=\"text\" ><h2><strong><span style=\"color: green !important;\">Nous suivre sur LinkedIn<\/span><\/strong><\/h2>\n\n<style type=\"text\/css\" data-created_by=\"avia_inline_auto\" id=\"style-css-av-b43s86-55fd44d0839a1b00d1fc897a9b4d176b\">\n.av_font_icon.av-b43s86-55fd44d0839a1b00d1fc897a9b4d176b{\ncolor:green;\nborder-color:green;\n}\n.av_font_icon.av-b43s86-55fd44d0839a1b00d1fc897a9b4d176b .av-icon-char{\nfont-size:50px;\nline-height:50px;\n}\n<\/style>\n<span  class='av_font_icon av-b43s86-55fd44d0839a1b00d1fc897a9b4d176b avia_animate_when_visible av-icon-style- avia-icon-pos-left avia-icon-animate'><a href='https:\/\/www.linkedin.com\/company\/zensol-automation-inc.' target=\"_blank\" rel=\"noopener noreferrer\" class='av-icon-char' aria-hidden='true' data-av_icon='\ue8fc' data-av_iconfont='entypo-fontello'><\/a><\/span>\n<\/div><\/section><\/p><\/div>\n<style type=\"text\/css\" data-created_by=\"avia_inline_auto\" id=\"style-css-av-8kooae-37da1eac978320cf399dc7bae017a61c\">\n.flex_column.av-8kooae-37da1eac978320cf399dc7bae017a61c{\n-webkit-border-radius:0px 0px 0px 0px;\n-moz-border-radius:0px 0px 0px 0px;\nborder-radius:0px 0px 0px 0px;\npadding:0px 0px 0px 0px;\n}\n<\/style>\n<div class='flex_column av-8kooae-37da1eac978320cf399dc7bae017a61c av_one_half  avia-builder-el-8  el_after_av_one_half  avia-builder-el-last  flex_column_div av-zero-column-padding '     ><section  class='av_textblock_section av-7krld2-3e6be6e67bace1629f5645a4688525b8'  itemscope=\"itemscope\" itemtype=\"https:\/\/schema.org\/CreativeWork\" ><div class='avia_textblock'  itemprop=\"text\" ><h2><strong><span style=\"color: green !important;\">Nous envoyer un email<\/span><\/strong><\/h2>\n<\/div><\/section><br \/>\n<section  class='av_textblock_section av-6jw05i-9a85303696930ac670048c16c4d68f61'  itemscope=\"itemscope\" itemtype=\"https:\/\/schema.org\/CreativeWork\" ><div class='avia_textblock'  itemprop=\"text\" >\n<div class=\"wpcf7 no-js\" id=\"wpcf7-f6533-o1\" lang=\"fr-FR\" dir=\"ltr\" data-wpcf7-id=\"6533\">\n<div class=\"screen-reader-response\"><p role=\"status\" aria-live=\"polite\" aria-atomic=\"true\"><\/p> <ul><\/ul><\/div>\n<form action=\"\/fr\/wp-json\/wp\/v2\/pages\/2950#wpcf7-f6533-o1\" method=\"post\" class=\"wpcf7-form init\" aria-label=\"Formulaire de contact\" novalidate=\"novalidate\" data-status=\"init\">\n<fieldset class=\"hidden-fields-container\"><input type=\"hidden\" name=\"_wpcf7\" value=\"6533\" \/><input type=\"hidden\" name=\"_wpcf7_version\" value=\"6.1.5\" \/><input type=\"hidden\" name=\"_wpcf7_locale\" value=\"fr_FR\" \/><input type=\"hidden\" name=\"_wpcf7_unit_tag\" value=\"wpcf7-f6533-o1\" \/><input type=\"hidden\" name=\"_wpcf7_container_post\" value=\"0\" \/><input type=\"hidden\" name=\"_wpcf7_posted_data_hash\" value=\"\" \/>\n<\/fieldset>\n<p>Nom complet *\n<\/p>\n<p><span class=\"wpcf7-form-control-wrap\" data-name=\"your-name\"><input size=\"40\" maxlength=\"400\" class=\"wpcf7-form-control wpcf7-text wpcf7-validates-as-required\" aria-required=\"true\" aria-invalid=\"false\" value=\"\" type=\"text\" name=\"your-name\" \/><\/span>\n<\/p>\n<p>Email *\n<\/p>\n<p><span class=\"wpcf7-form-control-wrap\" data-name=\"your-email\"><input size=\"40\" maxlength=\"400\" class=\"wpcf7-form-control wpcf7-email wpcf7-validates-as-required wpcf7-text wpcf7-validates-as-email\" aria-required=\"true\" aria-invalid=\"false\" value=\"\" type=\"email\" name=\"your-email\" \/><\/span>\n<\/p>\n<p>Compagnie\n<\/p>\n<p><span class=\"wpcf7-form-control-wrap\" data-name=\"textarea-158\"><input size=\"40\" maxlength=\"400\" class=\"wpcf7-form-control wpcf7-text\" aria-invalid=\"false\" value=\"\" type=\"text\" name=\"textarea-158\" \/><\/span>\n<\/p>\n<p>Addresse et pays\n<\/p>\n<p><span class=\"wpcf7-form-control-wrap\" data-name=\"AdressCountry\"><input size=\"40\" maxlength=\"400\" class=\"wpcf7-form-control wpcf7-text\" aria-invalid=\"false\" value=\"\" type=\"text\" name=\"AdressCountry\" \/><\/span>\n<\/p>\n<p>T\u00e9l\u00e9phone\n<\/p>\n<p><span class=\"wpcf7-form-control-wrap\" data-name=\"tel-178\"><input size=\"40\" maxlength=\"400\" class=\"wpcf7-form-control wpcf7-tel wpcf7-text wpcf7-validates-as-tel\" aria-invalid=\"false\" value=\"\" type=\"tel\" name=\"tel-178\" \/><\/span>\n<\/p>\n<p>Raison du contact\n<\/p>\n<p><span class=\"wpcf7-form-control-wrap\" data-name=\"menu-235\"><select class=\"wpcf7-form-control wpcf7-select\" aria-invalid=\"false\" multiple=\"multiple\" name=\"menu-235[]\"><option value=\"Demande d&#039;information sur nos produits\">Demande d&#039;information sur nos produits<\/option><option value=\"Webinars\">Webinars<\/option><option value=\"Services d&#039;Interpretation\">Services d&#039;Interpretation<\/option><option value=\"Formations\">Formations<\/option><option value=\"Commander un produit\">Commander un produit<\/option><option value=\"D\u00e9monstration de produit\">D\u00e9monstration de produit<\/option><option value=\"Proposer un projet de R&amp;D\">Proposer un projet de R&amp;D<\/option><option value=\"Autres\">Autres<\/option><\/select><\/span>\n<\/p>\n<p>Donnez-nous plus d'informations au sujet de votre demande *\n<\/p>\n<p><span class=\"wpcf7-form-control-wrap\" data-name=\"textarea-884\"><textarea cols=\"40\" rows=\"10\" maxlength=\"2000\" class=\"wpcf7-form-control wpcf7-textarea\" aria-invalid=\"false\" name=\"textarea-884\"><\/textarea><\/span>\n<\/p>\n<p>Veuillez cocher la case ci-dessous pour prouver que vous n'etes pas un robot<br \/>\n<div id=\"cf7sr-69e7310de4cab\" class=\"cf7sr-g-recaptcha\" data-theme=\"light\" data-type=\"image\" data-size=\"normal\" data-sitekey=\"6LfGKY4UAAAAAA7HjXVQ3v93u1QXLYwWJa3E6R7z\"><\/div><span class=\"wpcf7-form-control-wrap cf7sr-recaptcha\" data-name=\"cf7sr-recaptcha\"><input type=\"hidden\" name=\"cf7sr-recaptcha\" value=\"\" class=\"wpcf7-form-control\"><\/span>\n<\/p>\n<p><input class=\"wpcf7-form-control wpcf7-submit has-spinner\" type=\"submit\" value=\"Envoyer\" \/>\n<\/p><div class=\"wpcf7-response-output\" aria-hidden=\"true\"><\/div>\n<\/form>\n<\/div>\n\n<\/div><\/section><\/p><\/div><\/p>\n","protected":false},"excerpt":{"rendered":"","protected":false},"author":2,"featured_media":0,"parent":0,"menu_order":0,"comment_status":"closed","ping_status":"closed","template":"","meta":{"footnotes":""},"class_list":["post-2950","page","type-page","status-publish","hentry"],"yoast_head":"<!-- This site is optimized with the Yoast SEO plugin v26.3 - https:\/\/yoast.com\/wordpress\/plugins\/seo\/ -->\n<title>Nous contacter - Zensol<\/title>\n<meta name=\"description\" content=\"Contactez-nous directement par e-mail et t\u00e9l\u00e9phone aux coordonn\u00e9es qui suivent. T\u00e9l\u00e9phone : (514) 333-3488 E-mail : info.support@zensol.com\" \/>\n<meta name=\"robots\" content=\"index, follow, max-snippet:-1, max-image-preview:large, max-video-preview:-1\" \/>\n<link rel=\"canonical\" href=\"https:\/\/www.zensol.com\/fr\/contacter-zensol\/\" \/>\n<meta property=\"og:locale\" content=\"fr_FR\" \/>\n<meta property=\"og:type\" content=\"article\" \/>\n<meta property=\"og:title\" content=\"Nous contacter - Zensol\" \/>\n<meta property=\"og:description\" content=\"Contactez-nous directement par e-mail et t\u00e9l\u00e9phone aux coordonn\u00e9es qui suivent. T\u00e9l\u00e9phone : (514) 333-3488 E-mail : info.support@zensol.com\" \/>\n<meta property=\"og:url\" content=\"https:\/\/www.zensol.com\/fr\/contacter-zensol\/\" \/>\n<meta property=\"og:site_name\" content=\"Zensol\" \/>\n<meta property=\"article:modified_time\" content=\"2024-03-05T11:01:24+00:00\" \/>\n<meta name=\"twitter:label1\" content=\"Dur\u00e9e de lecture estim\u00e9e\" \/>\n\t<meta name=\"twitter:data1\" content=\"1 minute\" \/>\n<script type=\"application\/ld+json\" class=\"yoast-schema-graph\">{\"@context\":\"https:\/\/schema.org\",\"@graph\":[{\"@type\":\"WebPage\",\"@id\":\"https:\/\/www.zensol.com\/fr\/contacter-zensol\/\",\"url\":\"https:\/\/www.zensol.com\/fr\/contacter-zensol\/\",\"name\":\"Nous contacter - Zensol\",\"isPartOf\":{\"@id\":\"https:\/\/www.zensol.com\/#website\"},\"datePublished\":\"2014-09-09T18:18:54+00:00\",\"dateModified\":\"2024-03-05T11:01:24+00:00\",\"description\":\"Contactez-nous directement par e-mail et t\u00e9l\u00e9phone aux coordonn\u00e9es qui suivent. T\u00e9l\u00e9phone : (514) 333-3488 E-mail : info.support@zensol.com\",\"inLanguage\":\"fr-FR\",\"potentialAction\":[{\"@type\":\"ReadAction\",\"target\":[\"https:\/\/www.zensol.com\/fr\/contacter-zensol\/\"]}]},{\"@type\":\"WebSite\",\"@id\":\"https:\/\/www.zensol.com\/#website\",\"url\":\"https:\/\/www.zensol.com\/\",\"name\":\"Zensol\",\"description\":\"The Circuit Breaker, Recloser and Tap-Changer Instrument Test Specialist\",\"potentialAction\":[{\"@type\":\"SearchAction\",\"target\":{\"@type\":\"EntryPoint\",\"urlTemplate\":\"https:\/\/www.zensol.com\/?s={search_term_string}\"},\"query-input\":{\"@type\":\"PropertyValueSpecification\",\"valueRequired\":true,\"valueName\":\"search_term_string\"}}],\"inLanguage\":\"fr-FR\"}]}<\/script>\n<!-- \/ Yoast SEO plugin. -->","yoast_head_json":{"title":"Nous contacter - Zensol","description":"Contactez-nous directement par e-mail et t\u00e9l\u00e9phone aux coordonn\u00e9es qui suivent. T\u00e9l\u00e9phone : (514) 333-3488 E-mail : info.support@zensol.com","robots":{"index":"index","follow":"follow","max-snippet":"max-snippet:-1","max-image-preview":"max-image-preview:large","max-video-preview":"max-video-preview:-1"},"canonical":"https:\/\/www.zensol.com\/fr\/contacter-zensol\/","og_locale":"fr_FR","og_type":"article","og_title":"Nous contacter - Zensol","og_description":"Contactez-nous directement par e-mail et t\u00e9l\u00e9phone aux coordonn\u00e9es qui suivent. T\u00e9l\u00e9phone : (514) 333-3488 E-mail : info.support@zensol.com","og_url":"https:\/\/www.zensol.com\/fr\/contacter-zensol\/","og_site_name":"Zensol","article_modified_time":"2024-03-05T11:01:24+00:00","twitter_misc":{"Dur\u00e9e de lecture estim\u00e9e":"1 minute"},"schema":{"@context":"https:\/\/schema.org","@graph":[{"@type":"WebPage","@id":"https:\/\/www.zensol.com\/fr\/contacter-zensol\/","url":"https:\/\/www.zensol.com\/fr\/contacter-zensol\/","name":"Nous contacter - Zensol","isPartOf":{"@id":"https:\/\/www.zensol.com\/#website"},"datePublished":"2014-09-09T18:18:54+00:00","dateModified":"2024-03-05T11:01:24+00:00","description":"Contactez-nous directement par e-mail et t\u00e9l\u00e9phone aux coordonn\u00e9es qui suivent. T\u00e9l\u00e9phone : (514) 333-3488 E-mail : info.support@zensol.com","inLanguage":"fr-FR","potentialAction":[{"@type":"ReadAction","target":["https:\/\/www.zensol.com\/fr\/contacter-zensol\/"]}]},{"@type":"WebSite","@id":"https:\/\/www.zensol.com\/#website","url":"https:\/\/www.zensol.com\/","name":"Zensol","description":"The Circuit Breaker, Recloser and Tap-Changer Instrument Test Specialist","potentialAction":[{"@type":"SearchAction","target":{"@type":"EntryPoint","urlTemplate":"https:\/\/www.zensol.com\/?s={search_term_string}"},"query-input":{"@type":"PropertyValueSpecification","valueRequired":true,"valueName":"search_term_string"}}],"inLanguage":"fr-FR"}]}},"_links":{"self":[{"href":"https:\/\/www.zensol.com\/fr\/wp-json\/wp\/v2\/pages\/2950","targetHints":{"allow":["GET"]}}],"collection":[{"href":"https:\/\/www.zensol.com\/fr\/wp-json\/wp\/v2\/pages"}],"about":[{"href":"https:\/\/www.zensol.com\/fr\/wp-json\/wp\/v2\/types\/page"}],"author":[{"embeddable":true,"href":"https:\/\/www.zensol.com\/fr\/wp-json\/wp\/v2\/users\/2"}],"replies":[{"embeddable":true,"href":"https:\/\/www.zensol.com\/fr\/wp-json\/wp\/v2\/comments?post=2950"}],"version-history":[{"count":49,"href":"https:\/\/www.zensol.com\/fr\/wp-json\/wp\/v2\/pages\/2950\/revisions"}],"predecessor-version":[{"id":14311,"href":"https:\/\/www.zensol.com\/fr\/wp-json\/wp\/v2\/pages\/2950\/revisions\/14311"}],"wp:attachment":[{"href":"https:\/\/www.zensol.com\/fr\/wp-json\/wp\/v2\/media?parent=2950"}],"curies":[{"name":"wp","href":"https:\/\/api.w.org\/{rel}","templated":true}]}}