{"id":2880,"date":"2014-09-03T20:46:33","date_gmt":"2014-09-03T19:46:33","guid":{"rendered":"https:\/\/www.zensol.net\/?page_id=2880"},"modified":"2024-01-06T17:16:16","modified_gmt":"2024-01-06T16:16:16","slug":"diagnostic-disjoncteurs","status":"publish","type":"page","link":"https:\/\/www.zensol.com\/fr\/diagnostic-disjoncteurs\/","title":{"rendered":"Diagnostic de Disjoncteurs"},"content":{"rendered":"<section  class='av_textblock_section av-r9i7jk-294f10be75649b21e2f815c2b01332c6'  itemscope=\"itemscope\" itemtype=\"https:\/\/schema.org\/CreativeWork\" ><div class='avia_textblock'  itemprop=\"text\" ><h1 style=\"text-align: center;\">Diagnostic de Disjoncteurs<\/h1>\n<\/div><\/section>\n<div class='flex_column av-bhihc-c7ed4cf89c827f2b3d1c2d0e215956ec av_one_full  avia-builder-el-1  el_after_av_textblock  avia-builder-el-last  first flex_column_div column-top-margin'     ><div  id=\"av-sc-portfolio-1\"  class=' grid-sort-container isotope   no_margin-container with-excerpt-container grid-total-even grid-col-3 grid-links-' data-portfolio-id='1'><div data-ajax-id='2818' class=' grid-entry flex_column isotope-item all_sort no_margin post-entry post-entry-2818 grid-entry-overview grid-loop-1 grid-parity-odd  analyseurs-de-vibration-cbv_sort diagnostic-disjoncteur_sort  av_one_third first default_av_fullwidth '><article class='main_color inner-entry'  itemscope=\"itemscope\" itemtype=\"https:\/\/schema.org\/CreativeWork\" ><a href=\"https:\/\/www.zensol.com\/fr\/product\/analyseur-disjoncteur-haute-performance-cbv-32\/\" title='Analyseur de disjoncteur de haute performance CBV-32'  data-rel='grid-1' class='grid-image avia-hover-fx'> <img decoding=\"async\" width=\"495\" height=\"400\" src=\"https:\/\/www.zensol.com\/wp-content\/uploads\/2014\/08\/cbv32_2_resize-2-1030x1030-1-495x400.jpg\" class=\"wp-image-10632 avia-img-lazy-loading-not-10632 attachment-portfolio size-portfolio wp-post-image\" alt=\"\" srcset=\"https:\/\/www.zensol.com\/wp-content\/uploads\/2014\/08\/cbv32_2_resize-2-1030x1030-1-495x400.jpg 495w, https:\/\/www.zensol.com\/wp-content\/uploads\/2014\/08\/cbv32_2_resize-2-1030x1030-1-845x684.jpg 845w\" sizes=\"(max-width: 495px) 100vw, 495px\" \/><\/a><div class='grid-content'><div class='avia-arrow'><\/div><header class=\"entry-content-header\"><h3 class='grid-entry-title entry-title '  itemprop=\"headline\" ><a href='https:\/\/www.zensol.com\/fr\/product\/analyseur-disjoncteur-haute-performance-cbv-32\/' title='Analyseur de disjoncteur de haute performance CBV-32'>Analyseur de disjoncteur de haute performance CBV-32<\/a><\/h3><\/header><\/div><footer class=\"entry-footer\"><\/footer><\/article><\/div><div data-ajax-id='2823' class=' grid-entry flex_column isotope-item all_sort no_margin post-entry post-entry-2823 grid-entry-overview grid-loop-2 grid-parity-even  analyseurs-de-disjoncteurs-cba-32p_sort diagnostic-disjoncteur_sort  av_one_third  default_av_fullwidth '><article class='main_color inner-entry'  itemscope=\"itemscope\" itemtype=\"https:\/\/schema.org\/CreativeWork\" ><a href=\"https:\/\/www.zensol.com\/fr\/product\/analyseur-disjoncteur-ht-cba-32p-24c\/\" title='Analyseur de Disjoncteur HT &#8211; CBA-32P'  data-rel='grid-1' class='grid-image avia-hover-fx'> <img decoding=\"async\" width=\"495\" height=\"400\" src=\"https:\/\/www.zensol.com\/wp-content\/uploads\/2014\/08\/CBA32P_24C_Standard-495x400.png\" class=\"wp-image-10677 avia-img-lazy-loading-not-10677 attachment-portfolio size-portfolio wp-post-image\" alt=\"\" \/><\/a><div class='grid-content'><div class='avia-arrow'><\/div><header class=\"entry-content-header\"><h3 class='grid-entry-title entry-title '  itemprop=\"headline\" ><a href='https:\/\/www.zensol.com\/fr\/product\/analyseur-disjoncteur-ht-cba-32p-24c\/' title='Analyseur de Disjoncteur HT &#8211; CBA-32P'>Analyseur de Disjoncteur HT &#8211; CBA-32P<\/a><\/h3><\/header><\/div><footer class=\"entry-footer\"><\/footer><\/article><\/div><div data-ajax-id='2836' class=' grid-entry flex_column isotope-item all_sort no_margin post-entry post-entry-2836 grid-entry-overview grid-loop-3 grid-parity-odd  diagnostic-disjoncteur_sort simulateurs-sim_sort  av_one_third  default_av_fullwidth '><article class='main_color inner-entry'  itemscope=\"itemscope\" itemtype=\"https:\/\/schema.org\/CreativeWork\" ><a href=\"https:\/\/www.zensol.com\/fr\/product\/simulateur-disjoncteur-cabinet-controle-sim-cb6\/\" title='Simulateur de Disjoncteur et de Cabinet de Contr\u00f4le &#8211; SIM-CB6'  data-rel='grid-1' class='grid-image avia-hover-fx'> <img decoding=\"async\" width=\"450\" height=\"350\" src=\"https:\/\/www.zensol.com\/wp-content\/uploads\/2014\/03\/SIM-CB6_Previsualisation_450x350.jpg\" class=\"wp-image-2781 avia-img-lazy-loading-not-2781 attachment-portfolio size-portfolio wp-post-image\" alt=\"\" srcset=\"https:\/\/www.zensol.com\/wp-content\/uploads\/2014\/03\/SIM-CB6_Previsualisation_450x350.jpg 450w, https:\/\/www.zensol.com\/wp-content\/uploads\/2014\/03\/SIM-CB6_Previsualisation_450x350-300x233.jpg 300w\" sizes=\"(max-width: 450px) 100vw, 450px\" \/><\/a><div class='grid-content'><div class='avia-arrow'><\/div><header class=\"entry-content-header\"><h3 class='grid-entry-title entry-title '  itemprop=\"headline\" ><a href='https:\/\/www.zensol.com\/fr\/product\/simulateur-disjoncteur-cabinet-controle-sim-cb6\/' title='Simulateur de Disjoncteur et de Cabinet de Contr\u00f4le &#8211; SIM-CB6'>Simulateur de Disjoncteur et de Cabinet de Contr\u00f4le &#8211; SIM-CB6<\/a><\/h3><\/header><\/div><footer class=\"entry-footer\"><\/footer><\/article><\/div><div data-ajax-id='2807' class=' grid-entry flex_column isotope-item all_sort no_margin post-entry post-entry-2807 grid-entry-overview grid-loop-4 grid-parity-even  analyseurs-de-vibration-cbv_sort diagnostic-disjoncteur_sort  av_one_third first default_av_fullwidth '><article class='main_color inner-entry'  itemscope=\"itemscope\" itemtype=\"https:\/\/schema.org\/CreativeWork\" ><a href=\"https:\/\/www.zensol.com\/fr\/product\/analyseur-de-disjoncteur-de-haute-performance-cbv-19\/\" title='Analyseur de disjoncteur de haute performance CBV-19'  data-rel='grid-1' class='grid-image avia-hover-fx'> <img decoding=\"async\" width=\"495\" height=\"400\" src=\"https:\/\/www.zensol.com\/wp-content\/uploads\/2014\/08\/CBV-19-homologue-495x400.jpg\" class=\"wp-image-10874 avia-img-lazy-loading-not-10874 attachment-portfolio size-portfolio wp-post-image\" alt=\"\" \/><\/a><div class='grid-content'><div class='avia-arrow'><\/div><header class=\"entry-content-header\"><h3 class='grid-entry-title entry-title '  itemprop=\"headline\" ><a href='https:\/\/www.zensol.com\/fr\/product\/analyseur-de-disjoncteur-de-haute-performance-cbv-19\/' title='Analyseur de disjoncteur de haute performance CBV-19'>Analyseur de disjoncteur de haute performance CBV-19<\/a><\/h3><\/header><\/div><footer class=\"entry-footer\"><\/footer><\/article><\/div><div data-ajax-id='6809' class=' grid-entry flex_column isotope-item all_sort no_margin post-entry post-entry-6809 grid-entry-overview grid-loop-5 grid-parity-odd  analyseurs-de-disjoncteur-3-contacts_sort diagnostic-disjoncteur_sort  av_one_third  default_av_fullwidth '><article class='main_color inner-entry'  itemscope=\"itemscope\" itemtype=\"https:\/\/schema.org\/CreativeWork\" ><a href=\"https:\/\/www.zensol.com\/fr\/product\/analyseur-de-disjoncteur-cb14\/\" title='6 contacts &#8211; Analyseur de disjoncteur &#8211; CB14'  data-rel='grid-1' class='grid-image avia-hover-fx'> <img decoding=\"async\" width=\"450\" height=\"350\" src=\"https:\/\/www.zensol.com\/wp-content\/uploads\/2014\/08\/CB11_Previsualisation_450x350.jpg\" class=\"wp-image-2775 avia-img-lazy-loading-not-2775 attachment-portfolio size-portfolio wp-post-image\" alt=\"\" srcset=\"https:\/\/www.zensol.com\/wp-content\/uploads\/2014\/08\/CB11_Previsualisation_450x350.jpg 450w, https:\/\/www.zensol.com\/wp-content\/uploads\/2014\/08\/CB11_Previsualisation_450x350-300x233.jpg 300w\" sizes=\"(max-width: 450px) 100vw, 450px\" \/><\/a><div class='grid-content'><div class='avia-arrow'><\/div><header class=\"entry-content-header\"><h3 class='grid-entry-title entry-title '  itemprop=\"headline\" ><a href='https:\/\/www.zensol.com\/fr\/product\/analyseur-de-disjoncteur-cb14\/' title='6 contacts &#8211; Analyseur de disjoncteur &#8211; CB14'>6 contacts &#8211; Analyseur de disjoncteur &#8211; CB14<\/a><\/h3><\/header><\/div><footer class=\"entry-footer\"><\/footer><\/article><\/div><div data-ajax-id='2850' class=' grid-entry flex_column isotope-item all_sort no_margin post-entry post-entry-2850 grid-entry-overview grid-loop-6 grid-parity-even  post-entry-last  diagnostic-de-cpc_sort diagnostic-disjoncteur_sort  av_one_third  default_av_fullwidth '><article class='main_color inner-entry'  itemscope=\"itemscope\" itemtype=\"https:\/\/schema.org\/CreativeWork\" ><a href=\"https:\/\/www.zensol.com\/fr\/product\/enregistreur-autonome-cpc-otm-x\/\" title='Enregistreur Autonome d&rsquo;Ev\u00e9nements pour CPC &#8211; OTM-X'  data-rel='grid-1' class='grid-image avia-hover-fx'> <img decoding=\"async\" width=\"495\" height=\"400\" src=\"https:\/\/www.zensol.com\/wp-content\/uploads\/2014\/08\/otmx2019-1-495x400.jpg\" class=\"wp-image-10852 avia-img-lazy-loading-not-10852 attachment-portfolio size-portfolio wp-post-image\" alt=\"\" srcset=\"https:\/\/www.zensol.com\/wp-content\/uploads\/2014\/08\/otmx2019-1-495x400.jpg 495w, https:\/\/www.zensol.com\/wp-content\/uploads\/2014\/08\/otmx2019-1-845x684.jpg 845w\" sizes=\"(max-width: 495px) 100vw, 495px\" \/><\/a><div class='grid-content'><div class='avia-arrow'><\/div><header class=\"entry-content-header\"><h3 class='grid-entry-title entry-title '  itemprop=\"headline\" ><a href='https:\/\/www.zensol.com\/fr\/product\/enregistreur-autonome-cpc-otm-x\/' title='Enregistreur Autonome d&rsquo;Ev\u00e9nements pour CPC &#8211; OTM-X'>Enregistreur Autonome d&rsquo;Ev\u00e9nements pour CPC &#8211; OTM-X<\/a><\/h3><\/header><\/div><footer class=\"entry-footer\"><\/footer><\/article><\/div><\/div><\/div>\n","protected":false},"excerpt":{"rendered":"","protected":false},"author":2,"featured_media":0,"parent":0,"menu_order":0,"comment_status":"closed","ping_status":"closed","template":"","meta":{"footnotes":""},"class_list":["post-2880","page","type-page","status-publish","hentry"],"yoast_head":"<!-- This site is optimized with the Yoast SEO plugin v26.3 - https:\/\/yoast.com\/wordpress\/plugins\/seo\/ -->\n<title>Circuit Breaker diagnosis by Zensol Automation Inc.<\/title>\n<meta name=\"description\" content=\"Zensol offre une gamme compl\u00e8te de diagnostics pour Disjoncteurs. D\u00e9placement, Synchronisation et R\u00e9sistance Dynamique des contacts en un seul test !\" \/>\n<meta name=\"robots\" content=\"index, follow, max-snippet:-1, max-image-preview:large, max-video-preview:-1\" \/>\n<link rel=\"canonical\" href=\"https:\/\/www.zensol.com\/fr\/diagnostic-disjoncteurs\/\" \/>\n<meta property=\"og:locale\" content=\"fr_FR\" \/>\n<meta property=\"og:type\" content=\"article\" \/>\n<meta property=\"og:title\" content=\"Circuit Breaker diagnosis by Zensol Automation Inc.\" \/>\n<meta property=\"og:description\" content=\"Zensol offre une gamme compl\u00e8te de diagnostics pour Disjoncteurs. D\u00e9placement, Synchronisation et R\u00e9sistance Dynamique des contacts en un seul test !\" \/>\n<meta property=\"og:url\" content=\"https:\/\/www.zensol.com\/fr\/diagnostic-disjoncteurs\/\" \/>\n<meta property=\"og:site_name\" content=\"Zensol\" \/>\n<meta property=\"article:modified_time\" content=\"2024-01-06T16:16:16+00:00\" \/>\n<meta name=\"twitter:label1\" content=\"Dur\u00e9e de lecture estim\u00e9e\" \/>\n\t<meta name=\"twitter:data1\" content=\"2 minutes\" \/>\n<script type=\"application\/ld+json\" class=\"yoast-schema-graph\">{\"@context\":\"https:\/\/schema.org\",\"@graph\":[{\"@type\":\"WebPage\",\"@id\":\"https:\/\/www.zensol.com\/fr\/diagnostic-disjoncteurs\/\",\"url\":\"https:\/\/www.zensol.com\/fr\/diagnostic-disjoncteurs\/\",\"name\":\"Circuit Breaker diagnosis by Zensol Automation Inc.\",\"isPartOf\":{\"@id\":\"https:\/\/www.zensol.com\/#website\"},\"datePublished\":\"2014-09-03T19:46:33+00:00\",\"dateModified\":\"2024-01-06T16:16:16+00:00\",\"description\":\"Zensol offre une gamme compl\u00e8te de diagnostics pour Disjoncteurs. D\u00e9placement, Synchronisation et R\u00e9sistance Dynamique des contacts en un seul test !\",\"inLanguage\":\"fr-FR\",\"potentialAction\":[{\"@type\":\"ReadAction\",\"target\":[\"https:\/\/www.zensol.com\/fr\/diagnostic-disjoncteurs\/\"]}]},{\"@type\":\"WebSite\",\"@id\":\"https:\/\/www.zensol.com\/#website\",\"url\":\"https:\/\/www.zensol.com\/\",\"name\":\"Zensol\",\"description\":\"The Circuit Breaker, Recloser and Tap-Changer Instrument Test Specialist\",\"potentialAction\":[{\"@type\":\"SearchAction\",\"target\":{\"@type\":\"EntryPoint\",\"urlTemplate\":\"https:\/\/www.zensol.com\/?s={search_term_string}\"},\"query-input\":{\"@type\":\"PropertyValueSpecification\",\"valueRequired\":true,\"valueName\":\"search_term_string\"}}],\"inLanguage\":\"fr-FR\"}]}<\/script>\n<!-- \/ Yoast SEO plugin. -->","yoast_head_json":{"title":"Circuit Breaker diagnosis by Zensol Automation Inc.","description":"Zensol offre une gamme compl\u00e8te de diagnostics pour Disjoncteurs. D\u00e9placement, Synchronisation et R\u00e9sistance Dynamique des contacts en un seul test !","robots":{"index":"index","follow":"follow","max-snippet":"max-snippet:-1","max-image-preview":"max-image-preview:large","max-video-preview":"max-video-preview:-1"},"canonical":"https:\/\/www.zensol.com\/fr\/diagnostic-disjoncteurs\/","og_locale":"fr_FR","og_type":"article","og_title":"Circuit Breaker diagnosis by Zensol Automation Inc.","og_description":"Zensol offre une gamme compl\u00e8te de diagnostics pour Disjoncteurs. D\u00e9placement, Synchronisation et R\u00e9sistance Dynamique des contacts en un seul test !","og_url":"https:\/\/www.zensol.com\/fr\/diagnostic-disjoncteurs\/","og_site_name":"Zensol","article_modified_time":"2024-01-06T16:16:16+00:00","twitter_misc":{"Dur\u00e9e de lecture estim\u00e9e":"2 minutes"},"schema":{"@context":"https:\/\/schema.org","@graph":[{"@type":"WebPage","@id":"https:\/\/www.zensol.com\/fr\/diagnostic-disjoncteurs\/","url":"https:\/\/www.zensol.com\/fr\/diagnostic-disjoncteurs\/","name":"Circuit Breaker diagnosis by Zensol Automation Inc.","isPartOf":{"@id":"https:\/\/www.zensol.com\/#website"},"datePublished":"2014-09-03T19:46:33+00:00","dateModified":"2024-01-06T16:16:16+00:00","description":"Zensol offre une gamme compl\u00e8te de diagnostics pour Disjoncteurs. D\u00e9placement, Synchronisation et R\u00e9sistance Dynamique des contacts en un seul test !","inLanguage":"fr-FR","potentialAction":[{"@type":"ReadAction","target":["https:\/\/www.zensol.com\/fr\/diagnostic-disjoncteurs\/"]}]},{"@type":"WebSite","@id":"https:\/\/www.zensol.com\/#website","url":"https:\/\/www.zensol.com\/","name":"Zensol","description":"The Circuit Breaker, Recloser and Tap-Changer Instrument Test Specialist","potentialAction":[{"@type":"SearchAction","target":{"@type":"EntryPoint","urlTemplate":"https:\/\/www.zensol.com\/?s={search_term_string}"},"query-input":{"@type":"PropertyValueSpecification","valueRequired":true,"valueName":"search_term_string"}}],"inLanguage":"fr-FR"}]}},"_links":{"self":[{"href":"https:\/\/www.zensol.com\/fr\/wp-json\/wp\/v2\/pages\/2880","targetHints":{"allow":["GET"]}}],"collection":[{"href":"https:\/\/www.zensol.com\/fr\/wp-json\/wp\/v2\/pages"}],"about":[{"href":"https:\/\/www.zensol.com\/fr\/wp-json\/wp\/v2\/types\/page"}],"author":[{"embeddable":true,"href":"https:\/\/www.zensol.com\/fr\/wp-json\/wp\/v2\/users\/2"}],"replies":[{"embeddable":true,"href":"https:\/\/www.zensol.com\/fr\/wp-json\/wp\/v2\/comments?post=2880"}],"version-history":[{"count":77,"href":"https:\/\/www.zensol.com\/fr\/wp-json\/wp\/v2\/pages\/2880\/revisions"}],"predecessor-version":[{"id":14043,"href":"https:\/\/www.zensol.com\/fr\/wp-json\/wp\/v2\/pages\/2880\/revisions\/14043"}],"wp:attachment":[{"href":"https:\/\/www.zensol.com\/fr\/wp-json\/wp\/v2\/media?parent=2880"}],"curies":[{"name":"wp","href":"https:\/\/api.w.org\/{rel}","templated":true}]}}