{"id":2251,"date":"2013-06-18T17:29:28","date_gmt":"2013-06-18T17:29:28","guid":{"rendered":"http:\/\/www.kriesi.at\/themes\/enfold\/?page_id=2251"},"modified":"2025-08-02T16:07:22","modified_gmt":"2025-08-02T15:07:22","slug":"home","status":"publish","type":"page","link":"https:\/\/www.zensol.com\/fr\/","title":{"rendered":"Zensol &#8211; Accueil"},"content":{"rendered":"<div id='full_slider_1'  class='avia-fullwidth-slider main_color avia-shadow   avia-builder-el-0  el_before_av_section  avia-builder-el-first   container_wrap sidebar_right'  ><div  class='avia-slideshow av-l3vuwx42-3e135ac4bac8024b8aa550681a35268d avia-slideshow-no scaling av_slideshow_full avia-slide-slider av-slideshow-ui av-control-default av-slideshow-manual av-loop-once av-loop-manual-endless av-default-height-applied   avia-slideshow-1' data-slideshow-options=\"{&quot;animation&quot;:&quot;slide&quot;,&quot;autoplay&quot;:false,&quot;loop_autoplay&quot;:&quot;once&quot;,&quot;interval&quot;:5,&quot;loop_manual&quot;:&quot;manual-endless&quot;,&quot;autoplay_stopper&quot;:false,&quot;noNavigation&quot;:false,&quot;bg_slider&quot;:false,&quot;keep_padding&quot;:false,&quot;hoverpause&quot;:false,&quot;show_slide_delay&quot;:0}\"  itemprop=\"image\" itemscope=\"itemscope\" itemtype=\"https:\/\/schema.org\/ImageObject\" ><ul class='avia-slideshow-inner ' style='padding-bottom: 28.666666666667%;'><li  class='avia-slideshow-slide av-l3vuwx42-3e135ac4bac8024b8aa550681a35268d__0  av-single-slide slide-1 slide-odd'><a href=\"https:\/\/www.zensol.com\/sharing-knowledge\/\"  data-rel='slideshow-1' class='avia-slide-wrap '   ><img decoding=\"async\" class=\"wp-image-14641 avia-img-lazy-loading-not-14641\"  src=\"https:\/\/www.zensol.com\/wp-content\/uploads\/2025\/08\/1-2.jpg\" width=\"1500\" height=\"430\" title='1' alt=''  itemprop=\"thumbnailUrl\" srcset=\"https:\/\/www.zensol.com\/wp-content\/uploads\/2025\/08\/1-2.jpg 1500w, https:\/\/www.zensol.com\/wp-content\/uploads\/2025\/08\/1-2-300x86.jpg 300w, https:\/\/www.zensol.com\/wp-content\/uploads\/2025\/08\/1-2-1030x295.jpg 1030w, https:\/\/www.zensol.com\/wp-content\/uploads\/2025\/08\/1-2-768x220.jpg 768w, https:\/\/www.zensol.com\/wp-content\/uploads\/2025\/08\/1-2-705x202.jpg 705w\" sizes=\"(max-width: 1500px) 100vw, 1500px\" \/><\/a><\/li><\/ul><\/div><\/div>\n<div id='portfolio'  class='avia-section av-rtduy3-674e219c23610bc62c6b800b2183fe82 alternate_color avia-section-large avia-shadow  avia-builder-el-1  el_after_av_slideshow_full  el_before_av_section  avia-bg-style-scroll container_wrap sidebar_right'  ><div class='container av-section-cont-open' ><div class='template-page content  av-content-small alpha units'><div class='post-entry post-entry-type-page post-entry-2251'><div class='entry-content-wrapper clearfix'>\n<div class='flex_column av-pcjccb-0593a0d8e62edbcd6d1a33e2e596e12d av_one_full  avia-builder-el-2  avia-builder-el-no-sibling  first flex_column_div '     ><section  class='av_textblock_section av-ngyn6j-e946e80d7e8ff5085fee1e1dd1f9c84b'  itemscope=\"itemscope\" itemtype=\"https:\/\/schema.org\/CreativeWork\" ><div class='avia_textblock'  itemprop=\"text\" ><h3 style=\"text-align: center;\"><span style=\"color: #000000;\">Zensol Automation Inc. est une entreprise qu\u00e9b\u00e9coise sp\u00e9cialis\u00e9e dans le d\u00e9veloppement, la production et la vente d&rsquo;instruments destin\u00e9s aux entreprises de l&rsquo;\u00e9nergie \u00e9lectrique, des services de maintenance ainsi qu&rsquo;aux centres de formation et de recherche.<\/span><\/h3>\n<\/div><\/section><br \/>\n<div  class='hr av-mz7xcr-c81147dffdf588858bc12b7cfa72647a hr-short  avia-builder-el-4  el_after_av_textblock  el_before_av_textblock  hr-center'><span class='hr-inner '><span class=\"hr-inner-style\"><\/span><\/span><\/div><br \/>\n<section  class='av_textblock_section av-l6y6ln-840cb446c909104757a8133e848d7c00'  itemscope=\"itemscope\" itemtype=\"https:\/\/schema.org\/CreativeWork\" ><div class='avia_textblock'  itemprop=\"text\" ><p style=\"text-align: center;\">Au fil des ans, Zensol a d\u00e9velopp\u00e9 plusieurs produits de pointe pour tester et analyser les disjoncteurs (CBA-32P, CBV-X, SIM-CB6), changeurs de prises en charge (TAP-4), con\u00e7us pour assurer les meilleures performances dans des environnements difficiles.<\/p>\n<p style=\"text-align: center;\">En d\u00e9veloppant le diagnostic par m\u00e9thode vibro-acoustique, Zensol est devenu le pionnier d&rsquo;une nouvelle approche de tests pour d\u00e9tecter les d\u00e9faillances des changeurs de prise en charge et des disjoncteurs. De plus, cette technologie vous permet de diagnostiquer vos transformateurs et vos disjoncteurs alors qu&rsquo;ils sont encore en service.<\/p>\n<\/div><\/section><\/p><\/div>\n\n<\/div><\/div><\/div><!-- close content main div --><\/div><\/div>\n<style type=\"text\/css\" data-created_by=\"avia_inline_auto\" id=\"style-css-av-isbm2z-81583dbc33295fb2d5d3b3b7d4ae46e7\">\n.avia-section.av-isbm2z-81583dbc33295fb2d5d3b3b7d4ae46e7{\nbackground-color:#f7f7f7;\nbackground-image:unset;\n}\n<\/style>\n<div id='about-us'  class='avia-section av-isbm2z-81583dbc33295fb2d5d3b3b7d4ae46e7 alternate_color avia-section-small avia-shadow  avia-builder-el-6  el_after_av_section  avia-builder-el-last  avia-bg-style-scroll container_wrap sidebar_right'  ><div class='container av-section-cont-open' ><div class='template-page content  av-content-small alpha units'><div class='post-entry post-entry-type-page post-entry-2251'><div class='entry-content-wrapper clearfix'>\n<div class='flex_column av-hrhqln-175957ba401b60b5ed1ff36b65e2a4bf av_one_half  avia-builder-el-7  el_before_av_one_half  avia-builder-el-first  first flex_column_div '     ><section  class='av_textblock_section av-feojh7-9cb9cabe7bca311454b875c9ed4e4d5a'  itemscope=\"itemscope\" itemtype=\"https:\/\/schema.org\/CreativeWork\" ><div class='avia_textblock'  itemprop=\"text\" ><h2 style=\"text-align: right;\">Qui sommes-nous ?<\/h2>\n<\/div><\/section><br \/>\n<div  class='hr av-dqxh7f-4d7c27ca1e4ce2a8c1511d281fb4ea10 hr-short  avia-builder-el-9  el_after_av_textblock  el_before_av_textblock  hr-right'><span class='hr-inner '><span class=\"hr-inner-style\"><\/span><\/span><\/div><br \/>\n<section  class='av_textblock_section av-cz9ofv-d1a1972f0337ef0eb47c3f3fbc483738'  itemscope=\"itemscope\" itemtype=\"https:\/\/schema.org\/CreativeWork\" ><div class='avia_textblock'  itemprop=\"text\" ><p style=\"text-align: right;\">Fond\u00e9e en 1990, Zensol Automation Inc. est une entreprise qu\u00e9b\u00e9coise sp\u00e9cialis\u00e9e dans le d\u00e9veloppement, la production et la vente d&rsquo;instruments destin\u00e9s \u00e0 l&rsquo;industrie de l&rsquo;\u00e9nergie. Au fil des ans, nous avons d\u00e9velopp\u00e9 plusieurs produits de pointe pour tester et analyser les disjoncteurs, changeurs de prises en charge et r\u00e9enclencheurs, con\u00e7us pour assurer les meilleures performances dans des environnements difficiles.<\/p>\n<p style=\"text-align: right;\">Depuis plus de 25 ans, tous nos instruments sont accompagn\u00e9s de services d&rsquo;assistance de qualit\u00e9 sous forme de s\u00e9minaires, de formations (en personne ou \u00e0 distance) et de webinaires. Nous sommes une \u00e9quipe passionn\u00e9e par ce que nous faisons et nous travaillons sans rel\u00e2che pour que Zensol devienne une r\u00e9f\u00e9rence mondiale dans le diagnostic d&rsquo;installations \u00e9lectriques.<\/p>\n<\/div><\/section><br \/>\n<div  class='hr av-azfil7-d14a1b0ed1c04de8dcd7573711dcad3f hr-short  avia-builder-el-11  el_after_av_textblock  avia-builder-el-last  hr-right'><span class='hr-inner '><span class=\"hr-inner-style\"><\/span><\/span><\/div><\/p><\/div>\n<style type=\"text\/css\" data-created_by=\"avia_inline_auto\" id=\"style-css-av-8ki89n-8c086f90e552442967464c48dca58c0b\">\n.flex_column.av-8ki89n-8c086f90e552442967464c48dca58c0b{\n-webkit-border-radius:0px 0px 0px 0px;\n-moz-border-radius:0px 0px 0px 0px;\nborder-radius:0px 0px 0px 0px;\npadding:0px 0px 0px 0px;\n}\n<\/style>\n<div class='flex_column av-8ki89n-8c086f90e552442967464c48dca58c0b av_one_half  avia-builder-el-12  el_after_av_one_half  avia-builder-el-last  flex_column_div av-zero-column-padding '     ><div  class='avia-icon-list-container av-7rya3f-47c0f07a7ab4ad7a4c45c87076c020fe  avia-builder-el-13  avia-builder-el-no-sibling '><ul class='avia-icon-list avia_animate_when_almost_visible avia-icon-list-left av-iconlist-big av-7rya3f-47c0f07a7ab4ad7a4c45c87076c020fe avia-iconlist-animate'>\n<li><div class='iconlist_icon av-5ld28r-58a097b6c88b50b614b7eed281d8ab04 avia-font-entypo-fontello'><span class='iconlist-char' aria-hidden='true' data-av_icon='\ue812' data-av_iconfont='entypo-fontello'><\/span><\/div><article class=\"article-icon-entry \"  itemscope=\"itemscope\" itemtype=\"https:\/\/schema.org\/CreativeWork\" ><div class=\"iconlist_content_wrap\"><header class=\"entry-content-header\"><h4 class='av_iconlist_title iconlist_title  '  itemprop=\"headline\" >Zensol est certifi\u00e9e ISO 9001.<\/h4><\/header><div class='iconlist_content '  itemprop=\"text\" ><p>Depuis Juillet 2018, Zensol est pass\u00e9e avec succ\u00e8s \u00e0 ISO 9001 : 2015. . Cela signifie que l&rsquo;entreprise r\u00e9pond \u00e0 des crit\u00e8res lui permettant d&rsquo;affirmer qu&rsquo;elle est organis\u00e9e de mani\u00e8re \u00e0 satisfaire sa client\u00e8le.<\/p>\n<\/div><\/div><footer class=\"entry-footer\"><\/footer><\/article><div class=\"iconlist-timeline\"><\/div><\/li>\n<li><div class='iconlist_icon av-3te90b-efca91bb858b266671542f6df6a9561e avia-font-entypo-fontello'><span class='iconlist-char' aria-hidden='true' data-av_icon='\ue812' data-av_iconfont='entypo-fontello'><\/span><\/div><article class=\"article-icon-entry \"  itemscope=\"itemscope\" itemtype=\"https:\/\/schema.org\/CreativeWork\" ><div class=\"iconlist_content_wrap\"><header class=\"entry-content-header\"><h4 class='av_iconlist_title iconlist_title  '  itemprop=\"headline\" >Services de R&amp;D<\/h4><\/header><div class='iconlist_content '  itemprop=\"text\" ><p>Zensol offre aussi des services de Recherche &amp; D\u00e9veloppement en plus de ses activit\u00e9s de tests et de formation.<\/p>\n<\/div><\/div><footer class=\"entry-footer\"><\/footer><\/article><div class=\"iconlist-timeline\"><\/div><\/li>\n<li><div class='iconlist_icon av-37pffv-d670405c2b956355272692975e5d2e0f avia-font-entypo-fontello'><span class='iconlist-char' aria-hidden='true' data-av_icon='\ue812' data-av_iconfont='entypo-fontello'><\/span><\/div><article class=\"article-icon-entry \"  itemscope=\"itemscope\" itemtype=\"https:\/\/schema.org\/CreativeWork\" ><div class=\"iconlist_content_wrap\"><header class=\"entry-content-header\"><h4 class='av_iconlist_title iconlist_title  '  itemprop=\"headline\" >Service Client<\/h4><\/header><div class='iconlist_content '  itemprop=\"text\" ><p>Zensol d\u00e9veloppe depuis pr\u00e8s de 25 ans ses instruments en proposant des <a href=\"https:\/\/www.zensol.com\/fr\/services\/\">services d&rsquo;assistance<\/a> de qualit\u00e9 sous forme de s\u00e9minaires, de formations (en personne ou \u00e0 distance) et de webinaires. Notre assistance est accessible dans le monde entier et nous garantissons une r\u00e9ponse \u00e0 tous nos clients sous 48 heures.<\/p>\n<\/div><\/div><footer class=\"entry-footer\"><\/footer><\/article><div class=\"iconlist-timeline\"><\/div><\/li>\n<\/ul><\/div><\/div>\n<\/div><\/div><\/div><!-- close content main div --><\/div><\/div><div id='after_section_2'  class='main_color av_default_container_wrap container_wrap sidebar_right'  ><div class='container av-section-cont-open' ><div class='template-page content  av-content-small alpha units'><div class='post-entry post-entry-type-page post-entry-2251'><div class='entry-content-wrapper clearfix'>\n","protected":false},"excerpt":{"rendered":"","protected":false},"author":1,"featured_media":0,"parent":0,"menu_order":0,"comment_status":"closed","ping_status":"closed","template":"","meta":{"footnotes":""},"class_list":["post-2251","page","type-page","status-publish","hentry"],"yoast_head":"<!-- This site is optimized with the Yoast SEO plugin v26.3 - https:\/\/yoast.com\/wordpress\/plugins\/seo\/ -->\n<title>Zensol - fabricant d&#039;instruments de diagnostic<\/title>\n<meta name=\"description\" content=\"Zensol d\u00e9veloppe, produit et vent des instruments de diagnostic pour le secteur de l&#039;\u00e9nergie \u00e9lectrique, les services de maintenance, et les universit\u00e9s.\" \/>\n<meta name=\"robots\" content=\"index, follow, max-snippet:-1, max-image-preview:large, max-video-preview:-1\" \/>\n<link rel=\"canonical\" href=\"https:\/\/www.zensol.com\/fr\/\" \/>\n<meta property=\"og:locale\" content=\"fr_FR\" \/>\n<meta property=\"og:type\" content=\"article\" \/>\n<meta property=\"og:title\" content=\"Zensol - fabricant d&#039;instruments de diagnostic\" \/>\n<meta property=\"og:description\" content=\"Zensol d\u00e9veloppe, produit et vent des instruments de diagnostic pour le secteur de l&#039;\u00e9nergie \u00e9lectrique, les services de maintenance, et les universit\u00e9s.\" \/>\n<meta property=\"og:url\" content=\"https:\/\/www.zensol.com\/fr\/\" \/>\n<meta property=\"og:site_name\" content=\"Zensol\" \/>\n<meta property=\"article:modified_time\" content=\"2025-08-02T15:07:22+00:00\" \/>\n<meta name=\"twitter:label1\" content=\"Dur\u00e9e de lecture estim\u00e9e\" \/>\n\t<meta name=\"twitter:data1\" content=\"2 minutes\" \/>\n<script type=\"application\/ld+json\" class=\"yoast-schema-graph\">{\"@context\":\"https:\/\/schema.org\",\"@graph\":[{\"@type\":\"WebPage\",\"@id\":\"https:\/\/www.zensol.com\/fr\/\",\"url\":\"https:\/\/www.zensol.com\/fr\/\",\"name\":\"Zensol - fabricant d'instruments de diagnostic\",\"isPartOf\":{\"@id\":\"https:\/\/www.zensol.com\/#website\"},\"datePublished\":\"2013-06-18T17:29:28+00:00\",\"dateModified\":\"2025-08-02T15:07:22+00:00\",\"description\":\"Zensol d\u00e9veloppe, produit et vent des instruments de diagnostic pour le secteur de l'\u00e9nergie \u00e9lectrique, les services de maintenance, et les universit\u00e9s.\",\"inLanguage\":\"fr-FR\",\"potentialAction\":[{\"@type\":\"ReadAction\",\"target\":[\"https:\/\/www.zensol.com\/fr\/\"]}]},{\"@type\":\"WebSite\",\"@id\":\"https:\/\/www.zensol.com\/#website\",\"url\":\"https:\/\/www.zensol.com\/\",\"name\":\"Zensol\",\"description\":\"The Circuit Breaker, Recloser and Tap-Changer Instrument Test Specialist\",\"potentialAction\":[{\"@type\":\"SearchAction\",\"target\":{\"@type\":\"EntryPoint\",\"urlTemplate\":\"https:\/\/www.zensol.com\/?s={search_term_string}\"},\"query-input\":{\"@type\":\"PropertyValueSpecification\",\"valueRequired\":true,\"valueName\":\"search_term_string\"}}],\"inLanguage\":\"fr-FR\"}]}<\/script>\n<!-- \/ Yoast SEO plugin. -->","yoast_head_json":{"title":"Zensol - fabricant d'instruments de diagnostic","description":"Zensol d\u00e9veloppe, produit et vent des instruments de diagnostic pour le secteur de l'\u00e9nergie \u00e9lectrique, les services de maintenance, et les universit\u00e9s.","robots":{"index":"index","follow":"follow","max-snippet":"max-snippet:-1","max-image-preview":"max-image-preview:large","max-video-preview":"max-video-preview:-1"},"canonical":"https:\/\/www.zensol.com\/fr\/","og_locale":"fr_FR","og_type":"article","og_title":"Zensol - fabricant d'instruments de diagnostic","og_description":"Zensol d\u00e9veloppe, produit et vent des instruments de diagnostic pour le secteur de l'\u00e9nergie \u00e9lectrique, les services de maintenance, et les universit\u00e9s.","og_url":"https:\/\/www.zensol.com\/fr\/","og_site_name":"Zensol","article_modified_time":"2025-08-02T15:07:22+00:00","twitter_misc":{"Dur\u00e9e de lecture estim\u00e9e":"2 minutes"},"schema":{"@context":"https:\/\/schema.org","@graph":[{"@type":"WebPage","@id":"https:\/\/www.zensol.com\/fr\/","url":"https:\/\/www.zensol.com\/fr\/","name":"Zensol - fabricant d'instruments de diagnostic","isPartOf":{"@id":"https:\/\/www.zensol.com\/#website"},"datePublished":"2013-06-18T17:29:28+00:00","dateModified":"2025-08-02T15:07:22+00:00","description":"Zensol d\u00e9veloppe, produit et vent des instruments de diagnostic pour le secteur de l'\u00e9nergie \u00e9lectrique, les services de maintenance, et les universit\u00e9s.","inLanguage":"fr-FR","potentialAction":[{"@type":"ReadAction","target":["https:\/\/www.zensol.com\/fr\/"]}]},{"@type":"WebSite","@id":"https:\/\/www.zensol.com\/#website","url":"https:\/\/www.zensol.com\/","name":"Zensol","description":"The Circuit Breaker, Recloser and Tap-Changer Instrument Test Specialist","potentialAction":[{"@type":"SearchAction","target":{"@type":"EntryPoint","urlTemplate":"https:\/\/www.zensol.com\/?s={search_term_string}"},"query-input":{"@type":"PropertyValueSpecification","valueRequired":true,"valueName":"search_term_string"}}],"inLanguage":"fr-FR"}]}},"_links":{"self":[{"href":"https:\/\/www.zensol.com\/fr\/wp-json\/wp\/v2\/pages\/2251","targetHints":{"allow":["GET"]}}],"collection":[{"href":"https:\/\/www.zensol.com\/fr\/wp-json\/wp\/v2\/pages"}],"about":[{"href":"https:\/\/www.zensol.com\/fr\/wp-json\/wp\/v2\/types\/page"}],"author":[{"embeddable":true,"href":"https:\/\/www.zensol.com\/fr\/wp-json\/wp\/v2\/users\/1"}],"replies":[{"embeddable":true,"href":"https:\/\/www.zensol.com\/fr\/wp-json\/wp\/v2\/comments?post=2251"}],"version-history":[{"count":59,"href":"https:\/\/www.zensol.com\/fr\/wp-json\/wp\/v2\/pages\/2251\/revisions"}],"predecessor-version":[{"id":14646,"href":"https:\/\/www.zensol.com\/fr\/wp-json\/wp\/v2\/pages\/2251\/revisions\/14646"}],"wp:attachment":[{"href":"https:\/\/www.zensol.com\/fr\/wp-json\/wp\/v2\/media?parent=2251"}],"curies":[{"name":"wp","href":"https:\/\/api.w.org\/{rel}","templated":true}]}}