{"id":14489,"date":"2025-03-28T07:58:04","date_gmt":"2025-03-28T06:58:04","guid":{"rendered":"https:\/\/www.zensol.com\/video-15-vibro-acoustic-for-oltcs-how\/"},"modified":"2025-03-31T10:16:04","modified_gmt":"2025-03-31T09:16:04","slug":"video-15-vibro-acoustic-for-oltcs-how","status":"publish","type":"page","link":"https:\/\/www.zensol.com\/fr\/video-15-vibro-acoustic-for-oltcs-how\/","title":{"rendered":"Video 15: Vibro Acoustic for OLTCs: HOW"},"content":{"rendered":"\n<style type=\"text\/css\" data-created_by=\"avia_inline_auto\" id=\"style-css-av-1yttfmo-fee9852cd0f575d33965f0d2999e75b8\">\n.flex_column.av-1yttfmo-fee9852cd0f575d33965f0d2999e75b8{\n-webkit-border-radius:0px 0px 0px 0px;\n-moz-border-radius:0px 0px 0px 0px;\nborder-radius:0px 0px 0px 0px;\npadding:0px 0px 0px 0px;\n}\n<\/style>\n<div class='flex_column av-1yttfmo-fee9852cd0f575d33965f0d2999e75b8 av_one_full  avia-builder-el-0  el_before_av_one_full  avia-builder-el-first  first flex_column_div av-zero-column-padding '     ><section  class='av_textblock_section av-m8sfhvwy-03c599a9e349f105c253c0b71dc8d26d'  itemscope=\"itemscope\" itemtype=\"https:\/\/schema.org\/CreativeWork\" ><div class='avia_textblock'  itemprop=\"text\" ><h3><span style=\"color: #488113;\"><strong>Vid\u00e9o 15 : M\u00e9thode vibro-acoustique pour les changeurs de prises en charge (OLTC) : COMMENT<br \/>\n<\/strong><\/span><\/h3>\n<\/div><\/section><br \/>\n<section  class='av_textblock_section av-m8sfiwnd-c73fa70580623ea5e54242536d9d6a68'  itemscope=\"itemscope\" itemtype=\"https:\/\/schema.org\/CreativeWork\" ><div class='avia_textblock'  itemprop=\"text\" ><p>Cette vid\u00e9o montre comment configurer vos instruments et accessoires Zensol pour effectuer des tests sur les changeurs de prises en charge (OLTC) en utilisant la m\u00e9thode vibro-acoustique. Plus pr\u00e9cis\u00e9ment, la vid\u00e9o pr\u00e9sente :<\/p>\n<ul>\n<li>La configuration g\u00e9n\u00e9rale<\/li>\n<li>L\u2019installation de l\u2019acc\u00e9l\u00e9rom\u00e8tre<\/li>\n<li>L\u2019installation de la pince de courant<\/li>\n<li>La s\u00e9quence de test<\/li>\n<\/ul>\n<p>Dur\u00e9e : 3 min 54 s<\/p>\n<p>Sujet : Changeurs de prises en charge en charge (OLTC)<\/p>\n<\/div><\/section><\/p><\/div><div class='flex_column av-1oif8gw-11d1da8c9c87c588dc1bb11a2cf80f38 av_one_full  avia-builder-el-3  el_after_av_one_full  el_before_av_one_full  first flex_column_div column-top-margin'     ><div  class='avia-video av-m8sfkl2f-bf23a5d915182be179edccdfcb111873 avia-video-16-9 av-no-preview-image avia-video-load-always av-lazyload-immediate av-lazyload-video-embed'  itemprop=\"video\" itemtype=\"https:\/\/schema.org\/VideoObject\"  data-original_url='https:\/\/youtu.be\/T3k5jz27VEI?si=0FQTmlWp5OaNZFFj'><script type='text\/html' class='av-video-tmpl'><div class='avia-iframe-wrap'><iframe loading=\"lazy\" title=\"Video 15:  Vibro Acoustic for OLTCs:  HOW\" width=\"1500\" height=\"844\" src=\"https:\/\/www.youtube.com\/embed\/T3k5jz27VEI?feature=oembed&autoplay=0&loop=0&controls=1&mute=0\" frameborder=\"0\" allow=\"accelerometer; autoplay; clipboard-write; encrypted-media; gyroscope; picture-in-picture; web-share\" referrerpolicy=\"strict-origin-when-cross-origin\" allowfullscreen><\/iframe><\/div><\/script><div class='av-click-to-play-overlay'><div class=\"avia_playpause_icon\"><\/div><\/div><\/div><\/div><\/p>\n\n<style type=\"text\/css\" data-created_by=\"avia_inline_auto\" id=\"style-css-av-11a3n0g-62fb2281661e6e29c714fad7b32e0d33\">\n.flex_column.av-11a3n0g-62fb2281661e6e29c714fad7b32e0d33{\n-webkit-border-radius:0px 0px 0px 0px;\n-moz-border-radius:0px 0px 0px 0px;\nborder-radius:0px 0px 0px 0px;\npadding:0px 0px 0px 0px;\n}\n<\/style>\n<div class='flex_column av-11a3n0g-62fb2281661e6e29c714fad7b32e0d33 av_one_full  avia-builder-el-5  el_after_av_one_full  avia-builder-el-last  first flex_column_div av-zero-column-padding column-top-margin'     ><\/div>\n","protected":false},"excerpt":{"rendered":"","protected":false},"author":1,"featured_media":0,"parent":0,"menu_order":0,"comment_status":"closed","ping_status":"closed","template":"","meta":{"footnotes":""},"class_list":["post-14489","page","type-page","status-publish","hentry"],"yoast_head":"<!-- This site is optimized with the Yoast SEO plugin v26.3 - https:\/\/yoast.com\/wordpress\/plugins\/seo\/ -->\n<title>Video 15: Vibro Acoustic for OLTCs: HOW - Zensol<\/title>\n<meta name=\"robots\" content=\"index, follow, max-snippet:-1, max-image-preview:large, max-video-preview:-1\" \/>\n<link rel=\"canonical\" href=\"https:\/\/www.zensol.com\/fr\/video-15-vibro-acoustic-for-oltcs-how\/\" \/>\n<meta property=\"og:locale\" content=\"fr_FR\" \/>\n<meta property=\"og:type\" content=\"article\" \/>\n<meta property=\"og:title\" content=\"Video 15: Vibro Acoustic for OLTCs: HOW - Zensol\" \/>\n<meta property=\"og:url\" content=\"https:\/\/www.zensol.com\/fr\/video-15-vibro-acoustic-for-oltcs-how\/\" \/>\n<meta property=\"og:site_name\" content=\"Zensol\" \/>\n<meta property=\"article:modified_time\" content=\"2025-03-31T09:16:04+00:00\" \/>\n<meta name=\"twitter:label1\" content=\"Dur\u00e9e de lecture estim\u00e9e\" \/>\n\t<meta name=\"twitter:data1\" content=\"1 minute\" \/>\n<script type=\"application\/ld+json\" class=\"yoast-schema-graph\">{\"@context\":\"https:\/\/schema.org\",\"@graph\":[{\"@type\":\"WebPage\",\"@id\":\"https:\/\/www.zensol.com\/fr\/video-15-vibro-acoustic-for-oltcs-how\/\",\"url\":\"https:\/\/www.zensol.com\/fr\/video-15-vibro-acoustic-for-oltcs-how\/\",\"name\":\"Video 15: Vibro Acoustic for OLTCs: HOW - Zensol\",\"isPartOf\":{\"@id\":\"https:\/\/www.zensol.com\/#website\"},\"datePublished\":\"2025-03-28T06:58:04+00:00\",\"dateModified\":\"2025-03-31T09:16:04+00:00\",\"inLanguage\":\"fr-FR\",\"potentialAction\":[{\"@type\":\"ReadAction\",\"target\":[\"https:\/\/www.zensol.com\/fr\/video-15-vibro-acoustic-for-oltcs-how\/\"]}]},{\"@type\":\"WebSite\",\"@id\":\"https:\/\/www.zensol.com\/#website\",\"url\":\"https:\/\/www.zensol.com\/\",\"name\":\"Zensol\",\"description\":\"The Circuit Breaker, Recloser and Tap-Changer Instrument Test Specialist\",\"potentialAction\":[{\"@type\":\"SearchAction\",\"target\":{\"@type\":\"EntryPoint\",\"urlTemplate\":\"https:\/\/www.zensol.com\/?s={search_term_string}\"},\"query-input\":{\"@type\":\"PropertyValueSpecification\",\"valueRequired\":true,\"valueName\":\"search_term_string\"}}],\"inLanguage\":\"fr-FR\"}]}<\/script>\n<!-- \/ Yoast SEO plugin. -->","yoast_head_json":{"title":"Video 15: Vibro Acoustic for OLTCs: HOW - Zensol","robots":{"index":"index","follow":"follow","max-snippet":"max-snippet:-1","max-image-preview":"max-image-preview:large","max-video-preview":"max-video-preview:-1"},"canonical":"https:\/\/www.zensol.com\/fr\/video-15-vibro-acoustic-for-oltcs-how\/","og_locale":"fr_FR","og_type":"article","og_title":"Video 15: Vibro Acoustic for OLTCs: HOW - Zensol","og_url":"https:\/\/www.zensol.com\/fr\/video-15-vibro-acoustic-for-oltcs-how\/","og_site_name":"Zensol","article_modified_time":"2025-03-31T09:16:04+00:00","twitter_misc":{"Dur\u00e9e de lecture estim\u00e9e":"1 minute"},"schema":{"@context":"https:\/\/schema.org","@graph":[{"@type":"WebPage","@id":"https:\/\/www.zensol.com\/fr\/video-15-vibro-acoustic-for-oltcs-how\/","url":"https:\/\/www.zensol.com\/fr\/video-15-vibro-acoustic-for-oltcs-how\/","name":"Video 15: Vibro Acoustic for OLTCs: HOW - Zensol","isPartOf":{"@id":"https:\/\/www.zensol.com\/#website"},"datePublished":"2025-03-28T06:58:04+00:00","dateModified":"2025-03-31T09:16:04+00:00","inLanguage":"fr-FR","potentialAction":[{"@type":"ReadAction","target":["https:\/\/www.zensol.com\/fr\/video-15-vibro-acoustic-for-oltcs-how\/"]}]},{"@type":"WebSite","@id":"https:\/\/www.zensol.com\/#website","url":"https:\/\/www.zensol.com\/","name":"Zensol","description":"The Circuit Breaker, Recloser and Tap-Changer Instrument Test Specialist","potentialAction":[{"@type":"SearchAction","target":{"@type":"EntryPoint","urlTemplate":"https:\/\/www.zensol.com\/?s={search_term_string}"},"query-input":{"@type":"PropertyValueSpecification","valueRequired":true,"valueName":"search_term_string"}}],"inLanguage":"fr-FR"}]}},"_links":{"self":[{"href":"https:\/\/www.zensol.com\/fr\/wp-json\/wp\/v2\/pages\/14489","targetHints":{"allow":["GET"]}}],"collection":[{"href":"https:\/\/www.zensol.com\/fr\/wp-json\/wp\/v2\/pages"}],"about":[{"href":"https:\/\/www.zensol.com\/fr\/wp-json\/wp\/v2\/types\/page"}],"author":[{"embeddable":true,"href":"https:\/\/www.zensol.com\/fr\/wp-json\/wp\/v2\/users\/1"}],"replies":[{"embeddable":true,"href":"https:\/\/www.zensol.com\/fr\/wp-json\/wp\/v2\/comments?post=14489"}],"version-history":[{"count":2,"href":"https:\/\/www.zensol.com\/fr\/wp-json\/wp\/v2\/pages\/14489\/revisions"}],"predecessor-version":[{"id":14491,"href":"https:\/\/www.zensol.com\/fr\/wp-json\/wp\/v2\/pages\/14489\/revisions\/14491"}],"wp:attachment":[{"href":"https:\/\/www.zensol.com\/fr\/wp-json\/wp\/v2\/media?parent=14489"}],"curies":[{"name":"wp","href":"https:\/\/api.w.org\/{rel}","templated":true}]}}