{"id":14444,"date":"2025-03-20T08:40:50","date_gmt":"2025-03-20T07:40:50","guid":{"rendered":"https:\/\/www.zensol.com\/landing-guide\/"},"modified":"2025-04-03T08:14:40","modified_gmt":"2025-04-03T07:14:40","slug":"landing-guide","status":"publish","type":"page","link":"https:\/\/www.zensol.com\/fr\/landing-guide\/","title":{"rendered":"landing guide"},"content":{"rendered":"<div id='full_slider_1'  class='avia-fullwidth-slider main_color avia-shadow   avia-builder-el-0  el_before_av_section  avia-builder-el-first   container_wrap sidebar_right'  ><div  class='avia-slideshow av-8pjj1ny-3fbeb0bd9d53f474963bc7665c22ee4a avia-slideshow-featured av_slideshow_full avia-slide-slider av-slideshow-ui av-control-default av-slideshow-manual av-loop-once av-loop-manual-endless av-default-height-applied   avia-slideshow-1' data-slideshow-options=\"{&quot;animation&quot;:&quot;slide&quot;,&quot;autoplay&quot;:false,&quot;loop_autoplay&quot;:&quot;once&quot;,&quot;interval&quot;:5,&quot;loop_manual&quot;:&quot;manual-endless&quot;,&quot;autoplay_stopper&quot;:false,&quot;noNavigation&quot;:false,&quot;bg_slider&quot;:false,&quot;keep_padding&quot;:false,&quot;hoverpause&quot;:false,&quot;show_slide_delay&quot;:0}\"  itemprop=\"image\" itemscope=\"itemscope\" itemtype=\"https:\/\/schema.org\/ImageObject\" ><ul class='avia-slideshow-inner ' style='padding-bottom: 28.820375335121%;'><li  class='avia-slideshow-slide av-8pjj1ny-3fbeb0bd9d53f474963bc7665c22ee4a__0  av-single-slide slide-1 slide-odd'><div data-rel='slideshow-1' class='avia-slide-wrap '   ><img decoding=\"async\" class=\"wp-image-14440 avia-img-lazy-loading-not-14440\"  src=\"https:\/\/www.zensol.com\/wp-content\/uploads\/2025\/03\/image-zensol2-1492x430.jpg\" width=\"1492\" height=\"430\" title='image-zensol2' alt=''  itemprop=\"thumbnailUrl\"   \/><\/div><\/li><\/ul><\/div><\/div>\n<div id='portfolio'  class='avia-section av-7j8i32m-07996ccaa76e88b67fc32d28a20b91d3 alternate_color avia-section-large avia-shadow  avia-builder-el-1  el_after_av_slideshow_full  el_before_av_section  avia-bg-style-scroll container_wrap sidebar_right'  ><div class='container av-section-cont-open' ><div class='template-page content  av-content-small alpha units'><div class='post-entry post-entry-type-page post-entry-14444'><div class='entry-content-wrapper clearfix'>\n<div class='flex_column av-2mhstq-4b35209765b5091a59db79c382ff1dfc av_one_full  avia-builder-el-2  avia-builder-el-no-sibling  first flex_column_div '     ><section  class='av_textblock_section av-6vbakj2-4f400f8225079ab51323f72d8f086ac0'  itemscope=\"itemscope\" itemtype=\"https:\/\/schema.org\/CreativeWork\" ><div class='avia_textblock'  itemprop=\"text\" ><h1 style=\"text-align: center;\">Guide de voyage pour un \u00e9t\u00e9 au Qu\u00e9bec<\/h1>\n<\/div><\/section><br \/>\n<section  class='av_textblock_section av-5xkbaby-e8f558bfeec9150b403b0eae1bb41bdb'  itemscope=\"itemscope\" itemtype=\"https:\/\/schema.org\/CreativeWork\" ><div class='avia_textblock'  itemprop=\"text\" ><h3 style=\"text-align: center;\">Alors que nous nous appr\u00eatons \u00e0 accueillir les beaux jours, nous voulons aussi prendre un moment pour c\u00e9l\u00e9brer notre province\u2014notre chez-nous et le berceau de Zensol\u2014le Qu\u00e9bec. Entre paysages grandioses, lieux incontournables et une richesse de saveurs fa\u00e7onn\u00e9es par son territoire et ses traditions, notre terroir a de quoi rendre fier.<\/h3>\n<\/div><\/section><\/p><\/div>\n\n<\/div><\/div><\/div><!-- close content main div --><\/div><\/div>\n<style type=\"text\/css\" data-created_by=\"avia_inline_auto\" id=\"style-css-av-5epep7y-69cc44854a0ec52442d159a7eaeb9069\">\n.avia-section.av-5epep7y-69cc44854a0ec52442d159a7eaeb9069{\nbackground-color:#f7f7f7;\nbackground-image:unset;\n}\n<\/style>\n<div id='about-us'  class='avia-section av-5epep7y-69cc44854a0ec52442d159a7eaeb9069 alternate_color avia-section-small avia-shadow  avia-builder-el-5  el_after_av_section  avia-builder-el-last  avia-bg-style-scroll container_wrap sidebar_right'  ><div class='container av-section-cont-open' ><div class='template-page content  av-content-small alpha units'><div class='post-entry post-entry-type-page post-entry-14444'><div class='entry-content-wrapper clearfix'>\n<div class='flex_column av-507ojta-72b2d1e6727ca76827ddcb5c77a92de1 av_three_fifth  avia-builder-el-6  el_before_av_two_fifth  avia-builder-el-first  first flex_column_div '     ><p>\n<style type=\"text\/css\" data-created_by=\"avia_inline_auto\" id=\"style-css-av-rxrvce-d47edba18fc40cc930560182e628a18b\">\n#top .hr.hr-invisible.av-rxrvce-d47edba18fc40cc930560182e628a18b{\nheight:70px;\n}\n<\/style>\n<div  class='hr av-rxrvce-d47edba18fc40cc930560182e628a18b hr-invisible  avia-builder-el-7  el_before_av_textblock  avia-builder-el-first '><span class='hr-inner '><span class=\"hr-inner-style\"><\/span><\/span><\/div><br \/>\n<section  class='av_textblock_section av-ck4vwu-9781a7dec9200c8a9c92006b2a878da5'  itemscope=\"itemscope\" itemtype=\"https:\/\/schema.org\/CreativeWork\" ><div class='avia_textblock'  itemprop=\"text\" ><p>Ce guide de voyage a \u00e9t\u00e9 cr\u00e9\u00e9 en collaboration avec L&rsquo;escale Voyage et Terroir Saveurs du Qu\u00e9bec pour vous inspirer \u00e0 explorer notre belle province. Des distilleries de Montr\u00e9al aux mielleries artisanales, en passant par des restaurants o\u00f9 les chefs qu\u00e9b\u00e9cois brillent \u00e0 travers leurs assiettes, ce guide est l\u00e0 pour vous aider \u00e0 planifier un \u00e9t\u00e9 m\u00e9morable tout en vous remerciant pour votre soutien au fil des ann\u00e9es.<\/p>\n<div>\n<p>Il ne reste plus qu\u2019\u00e0 pr\u00e9parer votre valise et partir \u00e0 la d\u00e9couverte de cette province que nous ch\u00e9rissons tant. En route !<\/p>\n<\/div>\n<\/div><\/section><br \/>\n\n<style type=\"text\/css\" data-created_by=\"avia_inline_auto\" id=\"style-css-av-kbhgy6-a1f014a194c4120491d0f9856bc01df3\">\n#top .hr.hr-invisible.av-kbhgy6-a1f014a194c4120491d0f9856bc01df3{\nheight:70px;\n}\n<\/style>\n<div  class='hr av-kbhgy6-a1f014a194c4120491d0f9856bc01df3 hr-invisible  avia-builder-el-9  el_after_av_textblock  avia-builder-el-last '><span class='hr-inner '><span class=\"hr-inner-style\"><\/span><\/span><\/div><\/p><\/div>\n<style type=\"text\/css\" data-created_by=\"avia_inline_auto\" id=\"style-css-av-2h133zi-c836cf85459b1723aa1b2428a9821a7c\">\n.flex_column.av-2h133zi-c836cf85459b1723aa1b2428a9821a7c{\n-webkit-border-radius:0px 0px 0px 0px;\n-moz-border-radius:0px 0px 0px 0px;\nborder-radius:0px 0px 0px 0px;\npadding:0px 0px 0px 0px;\n}\n<\/style>\n<div class='flex_column av-2h133zi-c836cf85459b1723aa1b2428a9821a7c av_two_fifth  avia-builder-el-10  el_after_av_three_fifth  avia-builder-el-last  flex_column_div av-zero-column-padding '     ><p>\n<style type=\"text\/css\" data-created_by=\"avia_inline_auto\" id=\"style-css-av-348vezy-d3f91da17ceba5be6830fa91b24e0fa2\">\n#top .hr.hr-invisible.av-348vezy-d3f91da17ceba5be6830fa91b24e0fa2{\nheight:70px;\n}\n<\/style>\n<div  class='hr av-348vezy-d3f91da17ceba5be6830fa91b24e0fa2 hr-invisible  avia-builder-el-11  el_before_av_button_big  avia-builder-el-no-sibling '><span class='hr-inner '><span class=\"hr-inner-style\"><\/span><\/span><\/div><br \/>\n<div  class='avia-button-wrap avia-button-center  avia-builder-el-12  el_after_av_hr  el_before_av_hr '>\n<style type=\"text\/css\" data-created_by=\"avia_inline_auto\" id=\"style-css-av-m910lmx2-7cf289938fa7396fecfb40e0c5dbb47b\">\n#top #wrap_all .avia-button.av-m910lmx2-7cf289938fa7396fecfb40e0c5dbb47b:hover{\ncolor:white;\n-webkit-transition:all 0.4s ease-in-out;\n-moz-transition:all 0.4s ease-in-out;\n-ms-transition:all 0.4s ease-in-out;\n-o-transition:all 0.4s ease-in-out;\ntransition:all 0.4s ease-in-out;\n}\n<\/style>\n<a href='https:\/\/zensol.com\/catalogues\/FR_Guide%20Voyage_Lescale%20x%20Terroir%20et%20Saveurs_2025.pdf' class='avia-color-grey avia-font-color-white avia-button avia-button-fullwidth av-m910lmx2-7cf289938fa7396fecfb40e0c5dbb47b avia-icon_select-yes-left-icon avia-color-grey'  ><span class='avia_button_icon avia_button_icon_left' aria-hidden='true' data-av_icon='\ue834' data-av_iconfont='entypo-fontello'><\/span><span class='avia_iconbox_title' >Catalogue version Desktop<\/span><span class='avia_button_background avia-button avia-button-fullwidth avia-color-theme-color-highlight'><\/span><\/a><\/div><br \/>\n\n<style type=\"text\/css\" data-created_by=\"avia_inline_auto\" id=\"style-css-av-m910t4x3-ad48c795e2a6bbcd0798c0d5e25c1e8b\">\n#top .hr.hr-invisible.av-m910t4x3-ad48c795e2a6bbcd0798c0d5e25c1e8b{\nheight:20px;\n}\n<\/style>\n<div  class='hr av-m910t4x3-ad48c795e2a6bbcd0798c0d5e25c1e8b hr-invisible  avia-builder-el-13  el_after_av_button_big  el_before_av_button_big  avia-builder-el-no-sibling '><span class='hr-inner '><span class=\"hr-inner-style\"><\/span><\/span><\/div><br \/>\n<div  class='avia-button-wrap avia-button-center  avia-builder-el-14  el_after_av_hr  avia-builder-el-last '>\n<style type=\"text\/css\" data-created_by=\"avia_inline_auto\" id=\"style-css-av-vj12ss-721767d2c72b3536cd7ba8b42ec58e87\">\n#top #wrap_all .avia-button.av-vj12ss-721767d2c72b3536cd7ba8b42ec58e87:hover{\ncolor:white;\n-webkit-transition:all 0.4s ease-in-out;\n-moz-transition:all 0.4s ease-in-out;\n-ms-transition:all 0.4s ease-in-out;\n-o-transition:all 0.4s ease-in-out;\ntransition:all 0.4s ease-in-out;\n}\n<\/style>\n<a href='https:\/\/www.lescale-voyage.com\/' class='avia-color-theme-color avia-font-color-theme-color avia-button avia-button-fullwidth av-vj12ss-721767d2c72b3536cd7ba8b42ec58e87 avia-icon_select-yes-left-icon avia-color-theme-color'  ><span class='avia_button_icon avia_button_icon_left' aria-hidden='true' data-av_icon='\ue866' data-av_iconfont='entypo-fontello'><\/span><span class='avia_iconbox_title' >Explorez le monde \u00e0 travers l\u2019\u0153il de L\u2019escale Voyage<\/span><span class='avia_button_background avia-button avia-button-fullwidth avia-color-theme-color-highlight'><\/span><\/a><\/div><\/p><\/div><\/div><\/div><\/div><!-- close content main div --><\/div><\/div><div id='after_section_2'  class='main_color av_default_container_wrap container_wrap sidebar_right'  ><div class='container av-section-cont-open' ><div class='template-page content  av-content-small alpha units'><div class='post-entry post-entry-type-page post-entry-14444'><div class='entry-content-wrapper clearfix'>\n","protected":false},"excerpt":{"rendered":"","protected":false},"author":1,"featured_media":0,"parent":0,"menu_order":0,"comment_status":"closed","ping_status":"closed","template":"","meta":{"footnotes":""},"class_list":["post-14444","page","type-page","status-publish","hentry"],"yoast_head":"<!-- This site is optimized with the Yoast SEO plugin v26.3 - https:\/\/yoast.com\/wordpress\/plugins\/seo\/ -->\n<title>landing guide - Zensol<\/title>\n<meta name=\"robots\" content=\"index, follow, max-snippet:-1, max-image-preview:large, max-video-preview:-1\" \/>\n<link rel=\"canonical\" href=\"https:\/\/www.zensol.com\/fr\/landing-guide\/\" \/>\n<meta property=\"og:locale\" content=\"fr_FR\" \/>\n<meta property=\"og:type\" content=\"article\" \/>\n<meta property=\"og:title\" content=\"landing guide - Zensol\" \/>\n<meta property=\"og:url\" content=\"https:\/\/www.zensol.com\/fr\/landing-guide\/\" \/>\n<meta property=\"og:site_name\" content=\"Zensol\" \/>\n<meta property=\"article:modified_time\" content=\"2025-04-03T07:14:40+00:00\" \/>\n<meta name=\"twitter:label1\" content=\"Dur\u00e9e de lecture estim\u00e9e\" \/>\n\t<meta name=\"twitter:data1\" content=\"1 minute\" \/>\n<script type=\"application\/ld+json\" class=\"yoast-schema-graph\">{\"@context\":\"https:\/\/schema.org\",\"@graph\":[{\"@type\":\"WebPage\",\"@id\":\"https:\/\/www.zensol.com\/fr\/landing-guide\/\",\"url\":\"https:\/\/www.zensol.com\/fr\/landing-guide\/\",\"name\":\"landing guide - Zensol\",\"isPartOf\":{\"@id\":\"https:\/\/www.zensol.com\/#website\"},\"datePublished\":\"2025-03-20T07:40:50+00:00\",\"dateModified\":\"2025-04-03T07:14:40+00:00\",\"inLanguage\":\"fr-FR\",\"potentialAction\":[{\"@type\":\"ReadAction\",\"target\":[\"https:\/\/www.zensol.com\/fr\/landing-guide\/\"]}]},{\"@type\":\"WebSite\",\"@id\":\"https:\/\/www.zensol.com\/#website\",\"url\":\"https:\/\/www.zensol.com\/\",\"name\":\"Zensol\",\"description\":\"The Circuit Breaker, Recloser and Tap-Changer Instrument Test Specialist\",\"potentialAction\":[{\"@type\":\"SearchAction\",\"target\":{\"@type\":\"EntryPoint\",\"urlTemplate\":\"https:\/\/www.zensol.com\/?s={search_term_string}\"},\"query-input\":{\"@type\":\"PropertyValueSpecification\",\"valueRequired\":true,\"valueName\":\"search_term_string\"}}],\"inLanguage\":\"fr-FR\"}]}<\/script>\n<!-- \/ Yoast SEO plugin. -->","yoast_head_json":{"title":"landing guide - Zensol","robots":{"index":"index","follow":"follow","max-snippet":"max-snippet:-1","max-image-preview":"max-image-preview:large","max-video-preview":"max-video-preview:-1"},"canonical":"https:\/\/www.zensol.com\/fr\/landing-guide\/","og_locale":"fr_FR","og_type":"article","og_title":"landing guide - Zensol","og_url":"https:\/\/www.zensol.com\/fr\/landing-guide\/","og_site_name":"Zensol","article_modified_time":"2025-04-03T07:14:40+00:00","twitter_misc":{"Dur\u00e9e de lecture estim\u00e9e":"1 minute"},"schema":{"@context":"https:\/\/schema.org","@graph":[{"@type":"WebPage","@id":"https:\/\/www.zensol.com\/fr\/landing-guide\/","url":"https:\/\/www.zensol.com\/fr\/landing-guide\/","name":"landing guide - Zensol","isPartOf":{"@id":"https:\/\/www.zensol.com\/#website"},"datePublished":"2025-03-20T07:40:50+00:00","dateModified":"2025-04-03T07:14:40+00:00","inLanguage":"fr-FR","potentialAction":[{"@type":"ReadAction","target":["https:\/\/www.zensol.com\/fr\/landing-guide\/"]}]},{"@type":"WebSite","@id":"https:\/\/www.zensol.com\/#website","url":"https:\/\/www.zensol.com\/","name":"Zensol","description":"The Circuit Breaker, Recloser and Tap-Changer Instrument Test Specialist","potentialAction":[{"@type":"SearchAction","target":{"@type":"EntryPoint","urlTemplate":"https:\/\/www.zensol.com\/?s={search_term_string}"},"query-input":{"@type":"PropertyValueSpecification","valueRequired":true,"valueName":"search_term_string"}}],"inLanguage":"fr-FR"}]}},"_links":{"self":[{"href":"https:\/\/www.zensol.com\/fr\/wp-json\/wp\/v2\/pages\/14444","targetHints":{"allow":["GET"]}}],"collection":[{"href":"https:\/\/www.zensol.com\/fr\/wp-json\/wp\/v2\/pages"}],"about":[{"href":"https:\/\/www.zensol.com\/fr\/wp-json\/wp\/v2\/types\/page"}],"author":[{"embeddable":true,"href":"https:\/\/www.zensol.com\/fr\/wp-json\/wp\/v2\/users\/1"}],"replies":[{"embeddable":true,"href":"https:\/\/www.zensol.com\/fr\/wp-json\/wp\/v2\/comments?post=14444"}],"version-history":[{"count":6,"href":"https:\/\/www.zensol.com\/fr\/wp-json\/wp\/v2\/pages\/14444\/revisions"}],"predecessor-version":[{"id":14504,"href":"https:\/\/www.zensol.com\/fr\/wp-json\/wp\/v2\/pages\/14444\/revisions\/14504"}],"wp:attachment":[{"href":"https:\/\/www.zensol.com\/fr\/wp-json\/wp\/v2\/media?parent=14444"}],"curies":[{"name":"wp","href":"https:\/\/api.w.org\/{rel}","templated":true}]}}