{"id":13350,"date":"2023-07-29T10:04:39","date_gmt":"2023-07-29T09:04:39","guid":{"rendered":"https:\/\/www.zensol.net\/about-zensol-2-2\/"},"modified":"2025-11-09T17:35:49","modified_gmt":"2025-11-09T16:35:49","slug":"a-propos-de-zensol-2","status":"publish","type":"page","link":"https:\/\/www.zensol.com\/fr\/a-propos-de-zensol-2\/","title":{"rendered":"A propos de Zensol 2"},"content":{"rendered":"\n<style type=\"text\/css\" data-created_by=\"avia_inline_auto\" id=\"style-css-av-lknsdjp7-6f0b73bf4845a853a059bf61ae52de2c\">\n.avia-section.av-lknsdjp7-6f0b73bf4845a853a059bf61ae52de2c .av-parallax .av-parallax-inner{\nbackground-repeat:no-repeat;\nbackground-image:url(https:\/\/www.zensol.com\/wp-content\/uploads\/2023\/08\/Calque-4.jpg);\nbackground-position:50% 50%;\nbackground-attachment:scroll;\n}\n<\/style>\n<div id='av_section_1'  class='avia-section av-lknsdjp7-6f0b73bf4845a853a059bf61ae52de2c main_color avia-section-default avia-no-border-styling  avia-builder-el-0  el_before_av_textblock  avia-builder-el-first  av-parallax-section avia-bg-style-parallax av-minimum-height av-minimum-height-custom  container_wrap sidebar_right'  data-section-bg-repeat='no-repeat' data-av_minimum_height_px='350'><div class='av-parallax' data-avia-parallax-ratio='0.3' ><div class='av-parallax-inner main_color avia-full-stretch'><\/div><\/div><div class='container av-section-cont-open' style='height:350px'><main  role=\"main\" itemprop=\"mainContentOfPage\"  class='template-page content  av-content-small alpha units'><div class='post-entry post-entry-type-page post-entry-13350'><div class='entry-content-wrapper clearfix'>\n<section  class='av_textblock_section av-lknsjuu3-fadef2a87c395d117653847e4fda6181'  itemscope=\"itemscope\" itemtype=\"https:\/\/schema.org\/CreativeWork\" ><div class='avia_textblock'  itemprop=\"text\" ><h1 id=\"section1\" style=\"text-align: right;\"><span style=\"font-size: 48px; color: #ffffff;\">Qui nous sommes<\/span><\/h1>\n<\/div><\/section>\n<\/div><\/div><\/main><!-- close content main element --><\/div><\/div><div id='after_section_1'  class='main_color av_default_container_wrap container_wrap sidebar_right'  ><div class='container av-section-cont-open' ><div class='template-page content  av-content-small alpha units'><div class='post-entry post-entry-type-page post-entry-13350'><div class='entry-content-wrapper clearfix'>\n<section  class='av_textblock_section av-lknsqjgp-df5da19bdb214fe05a0cfb7e5d42a374'  itemscope=\"itemscope\" itemtype=\"https:\/\/schema.org\/CreativeWork\" ><div class='avia_textblock'  itemprop=\"text\" ><p>Fond\u00e9e \u00e0 Montr\u00e9al par Fouad Brikci, Ph.D., en 1990, Zensol Automation Inc. est une entreprise canadienne sp\u00e9cialis\u00e9e dans le d\u00e9veloppement, la production et la vente d&rsquo;instruments de test pour les compagnies d&rsquo;\u00e9nergie \u00e9lectrique, les entreprises de service, les centres de formation et de recherche.<\/p>\n<p>Fort de plus de 30 ans d&rsquo;exp\u00e9rience, Zensol est un leader de l&rsquo;industrie, reconnu pour la qualit\u00e9 et la diversit\u00e9 de ses produits hautement qualifi\u00e9s et ses services de maintenance. L&rsquo;entreprise a connu un grand succ\u00e8s \u00e0 l&rsquo;\u00e9chelle mondiale, consolidant sa r\u00e9putation en tant que fournisseur de confiance de solutions innovantes pour l&rsquo;industrie de l&rsquo;\u00e9nergie \u00e9lectrique.<\/p>\n<\/div><\/section>\n<section  class='av_textblock_section av-4outfe-429780a21f1c4e6612c2fb83903aa47a'  itemscope=\"itemscope\" itemtype=\"https:\/\/schema.org\/CreativeWork\" ><div class='avia_textblock'  itemprop=\"text\" ><h1 id=\"section2\"><\/h1>\n<h1><span style=\"font-size: 48px; color: #000000;\">Ce qui nous distingue<\/span><\/h1>\n<\/div><\/section>\n<section  class='av_textblock_section av-mifiwq-a453bf5b5db155a8e9278819a855f8e2'  itemscope=\"itemscope\" itemtype=\"https:\/\/schema.org\/CreativeWork\" ><div class='avia_textblock'  itemprop=\"text\" ><p>Comme un st\u00e9thoscope, notre technologie de diagnostic vibro-acoustique nous permet d&rsquo;\u00e9valuer l&rsquo;\u00e9tat des transformateurs et des disjoncteurs, \u00e0 la fois en ligne et hors ligne. D\u00e9velopp\u00e9 et brevet\u00e9 par Hydro-Qu\u00e9bec en 2001, Zensol est le leader des diagnostics vibro-acoustiques pour les \u00e9quipements haute tension depuis 2006. Gr\u00e2ce \u00e0 cette technologie innovante, Zensol vous aide \u00e0 passer \u00e0 l&rsquo;entretien pr\u00e9dictif et \u00e0 maintenir votre \u00e9quipement en bon \u00e9tat de fonctionnement.<\/p>\n<p>En raison du r\u00f4le critique des disjoncteurs et des transformateurs, la maintenance pr\u00e9dictive devient essentielle pour maintenir leurs performances optimales et minimiser le risque de pannes impr\u00e9vues. Gr\u00e2ce \u00e0 la compr\u00e9hension et \u00e0 l&rsquo;interpr\u00e9tation des \u00ab\u00a0sons\u00a0\u00bb \u00e9mis par vos disjoncteurs et vos RTO, nous avons appris \u00e0 \u00e9tablir et \u00e0 \u00e9valuer leur \u00e9tat de sant\u00e9. Nous avons donc acquis le savoir-faire pour \u00e9laborer facilement des plans d&rsquo;action de maintenance sp\u00e9cifiques pour vos disjoncteurs et vos RTO.<\/p>\n<p>En \u00ab\u00a0\u00e9coutant\u00a0\u00bb les performances des RTO et des disjoncteurs et en identifiant les tendances, vos techniciens peuvent facilement prendre des mesures pr\u00e9ventives pour r\u00e9parer ou remplacer les composants avant qu&rsquo;un probl\u00e8me ne survienne. En fait, gr\u00e2ce \u00e0 nos instruments (TAP-4, CBV, OTM) sp\u00e9cialis\u00e9s dans \u00ab\u00a0l&rsquo;\u00e9coute\u00a0\u00bb vibro-acoustique, nous pouvons vous aider \u00e0 entrer dans le monde de l&rsquo;entretien pr\u00e9dictif.<\/p>\n<\/div><\/section>\n<section  class='av_textblock_section av-lknz8iwj-b7c2f585b0f9ebdf2061cfd79950e871'  itemscope=\"itemscope\" itemtype=\"https:\/\/schema.org\/CreativeWork\" ><div class='avia_textblock'  itemprop=\"text\" ><h1 id=\"section1\"><span style=\"font-size: 28px; color: #000;\">Nous fabriquons des instruments<\/span><\/h1>\n<\/div><\/section>\n<section  class='av_textblock_section av-lknz91z1-051bdeb0e271b7027ca02d5b1f73d575'  itemscope=\"itemscope\" itemtype=\"https:\/\/schema.org\/CreativeWork\" ><div class='avia_textblock'  itemprop=\"text\" ><p>Zensol fabrique des instruments portables et robustes adapt\u00e9s aux environnements difficiles avec des temp\u00e9ratures extr\u00eames allant de -40 \u00e0 +60 degr\u00e9s. Reconnus pour leur durabilit\u00e9 et leurs performances exceptionnelles, ces instruments ont une dur\u00e9e de vie de plus de 15 ans. De plus, il n&rsquo;y a pas de composants fragiles tels que des imprimantes, des claviers ou des \u00e9crans, assurant une protection maximale pour les outils.<\/p>\n<\/div><\/section>\n<section  class='av_textblock_section av-lknzvjhj-5363cd03832f9ea34b40dd9c8e36e5ba'  itemscope=\"itemscope\" itemtype=\"https:\/\/schema.org\/CreativeWork\" ><div class='avia_textblock'  itemprop=\"text\" ><h1><span style=\"font-size: 28px; color: #000;\">Nous d\u00e9veloppons des logiciels<\/span><\/h1>\n<\/div><\/section>\n<section  class='av_textblock_section av-lknzaje5-c16861a8b3a3f8de01ddce49139112c2'  itemscope=\"itemscope\" itemtype=\"https:\/\/schema.org\/CreativeWork\" ><div class='avia_textblock'  itemprop=\"text\" ><p>Nos instruments sont aliment\u00e9s par nos logiciels, accessibles via des ordinateurs portables. Con\u00e7us sp\u00e9cifiquement pour les professionnels de l&rsquo;industrie \u00e9lectrique, ces logiciels offrent une analyse approfondie des enregistrements effectu\u00e9s sur les disjoncteurs et les transformateurs. Les programmes partagent une interface utilisateur commune, r\u00e9duisant ainsi consid\u00e9rablement la courbe d&rsquo;apprentissage g\u00e9n\u00e9ralement associ\u00e9e aux logiciels sp\u00e9cialis\u00e9s.<\/p>\n<\/div><\/section>\n<section  class='av_textblock_section av-lknzvwgo-26fa1aa7ba8b0c9c6e66f3d9ce070a8a'  itemscope=\"itemscope\" itemtype=\"https:\/\/schema.org\/CreativeWork\" ><div class='avia_textblock'  itemprop=\"text\" ><h1><span style=\"font-size: 28px; color: #000;\">Nos services<\/span><\/h1>\n<\/div><\/section>\n<section  class='av_textblock_section av-lknzbil2-40f1406ba5f78161bc538201e0983bb4'  itemscope=\"itemscope\" itemtype=\"https:\/\/schema.org\/CreativeWork\" ><div class='avia_textblock'  itemprop=\"text\" ><p>Nos experts hautement qualifi\u00e9s proposent des s\u00e9minaires de maintenance sur mesure, une formation th\u00e9orique et pratique, ainsi que des webinaires. S&rsquo;appuyant sur leur vaste exp\u00e9rience, ils transmettent les connaissances n\u00e9cessaires pour utiliser efficacement nos syst\u00e8mes et am\u00e9liorer vos comp\u00e9tences en diagnostic.<\/p>\n<\/div><\/section>\n<section  class='av_textblock_section av-lko0fl5z-2610048211fd1ce090cc6b28b7103c58'  itemscope=\"itemscope\" itemtype=\"https:\/\/schema.org\/CreativeWork\" ><div class='avia_textblock'  itemprop=\"text\" ><h1><span style=\"font-size: 28px; color: #000;\">Partage des connaissances<\/span><\/h1>\n<\/div><\/section>\n<section  class='av_textblock_section av-lknzdno5-3e77cf43e87c05bb51c3ee6be24fa1a6'  itemscope=\"itemscope\" itemtype=\"https:\/\/schema.org\/CreativeWork\" ><div class='avia_textblock'  itemprop=\"text\" ><p>Le partage de connaissances est une ressource pr\u00e9cieuse pour tous ceux qui sont impliqu\u00e9s dans la maintenance et l&rsquo;entretien \u00e9lectrique. Avec un grand nombre d&rsquo;articles et de vid\u00e9os sur le diagnostic des disjoncteurs et des RTO, le partage de connaissances est une source de premier plan pour ceux qui cherchent \u00e0 am\u00e9liorer leurs comp\u00e9tences en maintenance \u00e9lectrique. Notre objectif est de partager notre savoir et notre expertise pour aider nos clients \u00e0 prendre des d\u00e9cisions \u00e9clair\u00e9es et \u00e0 maintenir leur \u00e9quipement \u00e9lectrique au plus haut niveau.<\/p>\n<\/div><\/section>\n<section  class='av_textblock_section av-lknzempp-405e1ad19ec09e441f11ba72847e3e25'  itemscope=\"itemscope\" itemtype=\"https:\/\/schema.org\/CreativeWork\" ><div class='avia_textblock'  itemprop=\"text\" ><h1><span style=\"font-size: 28px; color: #000;\">Qui sont nos clients?<\/span><\/h1>\n<\/div><\/section>\n<section  class='av_textblock_section av-lknzffya-cce26d8d42582e25bc3601d445870b80'  itemscope=\"itemscope\" itemtype=\"https:\/\/schema.org\/CreativeWork\" ><div class='avia_textblock'  itemprop=\"text\" ><h3><strong>Quelques un de nos clients \u00e0 travers le monde<\/strong><\/h3>\n<\/div><\/section>\n\n<style type=\"text\/css\" data-created_by=\"avia_inline_auto\" id=\"style-css-av-lknzqvnf-1fef10d6ba6b72ad1c0dd77423e95b42\">\n.avia-image-container.av-lknzqvnf-1fef10d6ba6b72ad1c0dd77423e95b42 img.avia_image{\nbox-shadow:none;\n}\n.avia-image-container.av-lknzqvnf-1fef10d6ba6b72ad1c0dd77423e95b42 .av-image-caption-overlay-center{\ncolor:#ffffff;\n}\n<\/style>\n<div  class='avia-image-container av-lknzqvnf-1fef10d6ba6b72ad1c0dd77423e95b42 av-styling- avia-align-center  avia-builder-el-15  el_after_av_textblock  el_before_av_textblock '   itemprop=\"image\" itemscope=\"itemscope\" itemtype=\"https:\/\/schema.org\/ImageObject\" ><div class=\"avia-image-container-inner\"><div class=\"avia-image-overlay-wrap\"><img decoding=\"async\" class='wp-image-13000 avia-img-lazy-loading-not-13000 avia_image ' src=\"https:\/\/www.zensol.com\/wp-content\/uploads\/2023\/01\/customers.png\" alt='' title='customers'  height=\"815\" width=\"1239\"  itemprop=\"thumbnailUrl\" srcset=\"https:\/\/www.zensol.com\/wp-content\/uploads\/2023\/01\/customers.png 1239w, https:\/\/www.zensol.com\/wp-content\/uploads\/2023\/01\/customers-300x197.png 300w, https:\/\/www.zensol.com\/wp-content\/uploads\/2023\/01\/customers-1030x678.png 1030w, https:\/\/www.zensol.com\/wp-content\/uploads\/2023\/01\/customers-768x505.png 768w, https:\/\/www.zensol.com\/wp-content\/uploads\/2023\/01\/customers-705x464.png 705w\" sizes=\"(max-width: 1239px) 100vw, 1239px\" \/><\/div><\/div><\/div>\n<section  class='av_textblock_section av-p2yacm-ca823e9d4bdfb1c334a88a8855299157'  itemscope=\"itemscope\" itemtype=\"https:\/\/schema.org\/CreativeWork\" ><div class='avia_textblock'  itemprop=\"text\" ><h1><span style=\"font-size: 28px; color: #000;\">Une envergure mondiale<\/span><\/h1>\n<\/div><\/section>\n<section  class='av_textblock_section av-lr2fa67n-b9f8944acd1bce236ddb33d89021a9ba'  itemscope=\"itemscope\" itemtype=\"https:\/\/schema.org\/CreativeWork\" ><div class='avia_textblock'  itemprop=\"text\" ><p>Des ventes dans plus de 50 pays. Plus de 500 clients.<\/p>\n<\/div><\/section>\n\n<style type=\"text\/css\" data-created_by=\"avia_inline_auto\" id=\"style-css-av-lr2fb2mr-967707777dd331476e10063a388fa07c\">\n.avia-image-container.av-lr2fb2mr-967707777dd331476e10063a388fa07c img.avia_image{\nbox-shadow:none;\n}\n.avia-image-container.av-lr2fb2mr-967707777dd331476e10063a388fa07c .av-image-caption-overlay-center{\ncolor:#ffffff;\n}\n<\/style>\n<div  class='avia-image-container av-lr2fb2mr-967707777dd331476e10063a388fa07c av-styling- avia-align-center  avia-builder-el-18  el_after_av_textblock  el_before_av_section  avia-builder-el-last '   itemprop=\"image\" itemscope=\"itemscope\" itemtype=\"https:\/\/schema.org\/ImageObject\" ><div class=\"avia-image-container-inner\"><div class=\"avia-image-overlay-wrap\"><img decoding=\"async\" class='wp-image-13541 avia-img-lazy-loading-not-13541 avia_image ' src=\"https:\/\/www.zensol.com\/wp-content\/uploads\/2023\/08\/Untitled-1200-\u00d7-630-px-3.jpg\" alt='' title='Untitled (1200 \u00d7 630 px) (3)'  height=\"630\" width=\"1200\"  itemprop=\"thumbnailUrl\" srcset=\"https:\/\/www.zensol.com\/wp-content\/uploads\/2023\/08\/Untitled-1200-\u00d7-630-px-3.jpg 1200w, https:\/\/www.zensol.com\/wp-content\/uploads\/2023\/08\/Untitled-1200-\u00d7-630-px-3-300x158.jpg 300w, https:\/\/www.zensol.com\/wp-content\/uploads\/2023\/08\/Untitled-1200-\u00d7-630-px-3-1030x541.jpg 1030w, https:\/\/www.zensol.com\/wp-content\/uploads\/2023\/08\/Untitled-1200-\u00d7-630-px-3-768x403.jpg 768w, https:\/\/www.zensol.com\/wp-content\/uploads\/2023\/08\/Untitled-1200-\u00d7-630-px-3-705x370.jpg 705w\" sizes=\"(max-width: 1200px) 100vw, 1200px\" \/><\/div><\/div><\/div>\n<\/div><\/div><\/div><!-- close content main div --><\/div><\/div>\n<style type=\"text\/css\" data-created_by=\"avia_inline_auto\" id=\"style-css-av-lr2flgvn-7b351eb0af2ce421336de552e6db9a18\">\n.avia-section.av-lr2flgvn-7b351eb0af2ce421336de552e6db9a18 .av-parallax .av-parallax-inner{\nbackground-repeat:no-repeat;\nbackground-image:url(https:\/\/www.zensol.com\/wp-content\/uploads\/2023\/08\/Layer-24.jpg);\nbackground-position:50% 50%;\nbackground-attachment:scroll;\n}\n<\/style>\n<div id='av_section_2'  class='avia-section av-lr2flgvn-7b351eb0af2ce421336de552e6db9a18 main_color avia-section-default avia-no-border-styling  avia-builder-el-19  el_after_av_image  el_before_av_button  av-parallax-section avia-bg-style-parallax av-minimum-height av-minimum-height-custom  container_wrap sidebar_right'  data-section-bg-repeat='no-repeat' data-av_minimum_height_px='200'><div class='av-parallax' data-avia-parallax-ratio='0.3' ><div class='av-parallax-inner main_color avia-full-stretch'><\/div><\/div><div class='container av-section-cont-open' style='height:200px'><div class='template-page content  av-content-small alpha units'><div class='post-entry post-entry-type-page post-entry-13350'><div class='entry-content-wrapper clearfix'>\n<section  class='av_textblock_section av-lr2flsbm-b5eeddb73930cea517d2fff37c766a71'  itemscope=\"itemscope\" itemtype=\"https:\/\/schema.org\/CreativeWork\" ><div class='avia_textblock'  itemprop=\"text\" ><h1><span style=\"color: #ffffff;\">ISO 9001 : 2015 CERTIFICATE<\/span><\/h1>\n<\/div><\/section>\n<\/div><\/div><\/div><!-- close content main div --><\/div><\/div><div id='after_section_2'  class='main_color av_default_container_wrap container_wrap sidebar_right'  ><div class='container av-section-cont-open' ><div class='template-page content  av-content-small alpha units'><div class='post-entry post-entry-type-page post-entry-13350'><div class='entry-content-wrapper clearfix'>\n<div  class='avia-button-wrap av-lr2fk7lw-02f3c0fe392333ff5c0a1271d9d1a13a-wrap avia-button-center  avia-builder-el-21  el_after_av_section  avia-builder-el-no-sibling '><a href='https:\/\/www.zensol.com\/wp-content\/uploads\/2024\/08\/246_Certificat-ISO-9001-2015-2024-2027.pdf'  class='avia-button av-lr2fk7lw-02f3c0fe392333ff5c0a1271d9d1a13a avia-icon_select-no avia-size-small avia-position-center avia-color-theme-color'  ><span class='avia_iconbox_title' >ISO 9001 : 2015 CERTIFICATE<\/span><\/a><\/div>\n","protected":false},"excerpt":{"rendered":"","protected":false},"author":1,"featured_media":0,"parent":0,"menu_order":0,"comment_status":"closed","ping_status":"closed","template":"","meta":{"footnotes":""},"class_list":["post-13350","page","type-page","status-publish","hentry"],"yoast_head":"<!-- This site is optimized with the Yoast SEO plugin v26.3 - https:\/\/yoast.com\/wordpress\/plugins\/seo\/ -->\n<title>A propos de Zensol 2 - Zensol<\/title>\n<meta name=\"robots\" content=\"index, follow, max-snippet:-1, max-image-preview:large, max-video-preview:-1\" \/>\n<link rel=\"canonical\" href=\"https:\/\/www.zensol.com\/fr\/a-propos-de-zensol-2\/\" \/>\n<meta property=\"og:locale\" content=\"fr_FR\" \/>\n<meta property=\"og:type\" content=\"article\" \/>\n<meta property=\"og:title\" content=\"A propos de Zensol 2 - Zensol\" \/>\n<meta property=\"og:url\" content=\"https:\/\/www.zensol.com\/fr\/a-propos-de-zensol-2\/\" \/>\n<meta property=\"og:site_name\" content=\"Zensol\" \/>\n<meta property=\"article:modified_time\" content=\"2025-11-09T16:35:49+00:00\" \/>\n<meta name=\"twitter:label1\" content=\"Dur\u00e9e de lecture estim\u00e9e\" \/>\n\t<meta name=\"twitter:data1\" content=\"4 minutes\" \/>\n<script type=\"application\/ld+json\" class=\"yoast-schema-graph\">{\"@context\":\"https:\/\/schema.org\",\"@graph\":[{\"@type\":\"WebPage\",\"@id\":\"https:\/\/www.zensol.com\/fr\/a-propos-de-zensol-2\/\",\"url\":\"https:\/\/www.zensol.com\/fr\/a-propos-de-zensol-2\/\",\"name\":\"A propos de Zensol 2 - Zensol\",\"isPartOf\":{\"@id\":\"https:\/\/www.zensol.com\/#website\"},\"datePublished\":\"2023-07-29T09:04:39+00:00\",\"dateModified\":\"2025-11-09T16:35:49+00:00\",\"inLanguage\":\"fr-FR\",\"potentialAction\":[{\"@type\":\"ReadAction\",\"target\":[\"https:\/\/www.zensol.com\/fr\/a-propos-de-zensol-2\/\"]}]},{\"@type\":\"WebSite\",\"@id\":\"https:\/\/www.zensol.com\/#website\",\"url\":\"https:\/\/www.zensol.com\/\",\"name\":\"Zensol\",\"description\":\"The Circuit Breaker, Recloser and Tap-Changer Instrument Test Specialist\",\"potentialAction\":[{\"@type\":\"SearchAction\",\"target\":{\"@type\":\"EntryPoint\",\"urlTemplate\":\"https:\/\/www.zensol.com\/?s={search_term_string}\"},\"query-input\":{\"@type\":\"PropertyValueSpecification\",\"valueRequired\":true,\"valueName\":\"search_term_string\"}}],\"inLanguage\":\"fr-FR\"}]}<\/script>\n<!-- \/ Yoast SEO plugin. -->","yoast_head_json":{"title":"A propos de Zensol 2 - Zensol","robots":{"index":"index","follow":"follow","max-snippet":"max-snippet:-1","max-image-preview":"max-image-preview:large","max-video-preview":"max-video-preview:-1"},"canonical":"https:\/\/www.zensol.com\/fr\/a-propos-de-zensol-2\/","og_locale":"fr_FR","og_type":"article","og_title":"A propos de Zensol 2 - Zensol","og_url":"https:\/\/www.zensol.com\/fr\/a-propos-de-zensol-2\/","og_site_name":"Zensol","article_modified_time":"2025-11-09T16:35:49+00:00","twitter_misc":{"Dur\u00e9e de lecture estim\u00e9e":"4 minutes"},"schema":{"@context":"https:\/\/schema.org","@graph":[{"@type":"WebPage","@id":"https:\/\/www.zensol.com\/fr\/a-propos-de-zensol-2\/","url":"https:\/\/www.zensol.com\/fr\/a-propos-de-zensol-2\/","name":"A propos de Zensol 2 - Zensol","isPartOf":{"@id":"https:\/\/www.zensol.com\/#website"},"datePublished":"2023-07-29T09:04:39+00:00","dateModified":"2025-11-09T16:35:49+00:00","inLanguage":"fr-FR","potentialAction":[{"@type":"ReadAction","target":["https:\/\/www.zensol.com\/fr\/a-propos-de-zensol-2\/"]}]},{"@type":"WebSite","@id":"https:\/\/www.zensol.com\/#website","url":"https:\/\/www.zensol.com\/","name":"Zensol","description":"The Circuit Breaker, Recloser and Tap-Changer Instrument Test Specialist","potentialAction":[{"@type":"SearchAction","target":{"@type":"EntryPoint","urlTemplate":"https:\/\/www.zensol.com\/?s={search_term_string}"},"query-input":{"@type":"PropertyValueSpecification","valueRequired":true,"valueName":"search_term_string"}}],"inLanguage":"fr-FR"}]}},"_links":{"self":[{"href":"https:\/\/www.zensol.com\/fr\/wp-json\/wp\/v2\/pages\/13350","targetHints":{"allow":["GET"]}}],"collection":[{"href":"https:\/\/www.zensol.com\/fr\/wp-json\/wp\/v2\/pages"}],"about":[{"href":"https:\/\/www.zensol.com\/fr\/wp-json\/wp\/v2\/types\/page"}],"author":[{"embeddable":true,"href":"https:\/\/www.zensol.com\/fr\/wp-json\/wp\/v2\/users\/1"}],"replies":[{"embeddable":true,"href":"https:\/\/www.zensol.com\/fr\/wp-json\/wp\/v2\/comments?post=13350"}],"version-history":[{"count":12,"href":"https:\/\/www.zensol.com\/fr\/wp-json\/wp\/v2\/pages\/13350\/revisions"}],"predecessor-version":[{"id":14753,"href":"https:\/\/www.zensol.com\/fr\/wp-json\/wp\/v2\/pages\/13350\/revisions\/14753"}],"wp:attachment":[{"href":"https:\/\/www.zensol.com\/fr\/wp-json\/wp\/v2\/media?parent=13350"}],"curies":[{"name":"wp","href":"https:\/\/api.w.org\/{rel}","templated":true}]}}