{"id":11681,"date":"2020-04-09T18:42:37","date_gmt":"2020-04-09T17:42:37","guid":{"rendered":"https:\/\/www.zensol.net\/?page_id=11681"},"modified":"2023-07-28T17:25:56","modified_gmt":"2023-07-28T16:25:56","slug":"video-13-le-cba-32p-et-cbawin-notions-avancees-partie-2","status":"publish","type":"page","link":"https:\/\/www.zensol.com\/fr\/videos-2\/video-13-le-cba-32p-et-cbawin-notions-avancees-partie-2\/","title":{"rendered":"Video 13: Le CBA-32P et CbaWin Notions avanc\u00e9es: Partie 2"},"content":{"rendered":"\n<style type=\"text\/css\" data-created_by=\"avia_inline_auto\" id=\"style-css-av-av_one_full-6126cab7d8fab8d08143dd2dacdf673c\">\n.flex_column.av-av_one_full-6126cab7d8fab8d08143dd2dacdf673c{\n-webkit-border-radius:0px 0px 0px 0px;\n-moz-border-radius:0px 0px 0px 0px;\nborder-radius:0px 0px 0px 0px;\npadding:0px 0px 0px 0px;\n}\n<\/style>\n<div class='flex_column av-av_one_full-6126cab7d8fab8d08143dd2dacdf673c av_one_full  avia-builder-el-0  el_before_av_one_full  avia-builder-el-first  first flex_column_div av-zero-column-padding '     ><section  class='av_textblock_section av-av_textblock-0366cc7376be6c9e82a3e9cc8987b64f'  itemscope=\"itemscope\" itemtype=\"https:\/\/schema.org\/CreativeWork\" ><div class='avia_textblock'  itemprop=\"text\" ><h3><span style=\"color: #488113;\"><strong>Video 13: Le CBA-32P et CbaWin Notions avanc\u00e9es: Partie 2<br \/>\n<\/strong><\/span><\/h3>\n<\/div><\/section><br \/>\n<section  class='av_textblock_section av-av_textblock-0366cc7376be6c9e82a3e9cc8987b64f'  itemscope=\"itemscope\" itemtype=\"https:\/\/schema.org\/CreativeWork\" ><div class='avia_textblock'  itemprop=\"text\" ><p>Notions avanc\u00e9es avec le CBA-32P et le Cbawin: Partie 2. Comprendre ce qu\u2019est une entr\u00e9e analogique, un encodeur optique, et une entr\u00e9e commande et apprendre \u00e0 les activer et les configurer. Apprendre aussi \u00e0 analyser et exporter les r\u00e9sultats, et mesurer la r\u00e9sistance dynamique \u00e0 l\u2019aide du kit MO-SD.<br \/>\nDur\u00e9e: 13mn 40s<br \/>\n<strong>Th\u00e8me:<\/strong> Le CBA-32P et CBAWin, Notions avanc\u00e9es<\/p>\n<\/div><\/section><\/p><\/div><div class='flex_column av-av_one_full-2a9015ff38129c418a3f2eafba3e9512 av_one_full  avia-builder-el-3  el_after_av_one_full  el_before_av_one_full  first flex_column_div column-top-margin'     ><div  class='avia-video av-av_video-08e23139a55637506e6d438601d03018 avia-video-16-9 av-no-preview-image avia-video-load-always av-lazyload-immediate av-lazyload-video-embed'  itemprop=\"video\" itemtype=\"https:\/\/schema.org\/VideoObject\"  data-original_url='https:\/\/www.youtube.com\/watch?v=pFTVh8F4LEo'><script type='text\/html' class='av-video-tmpl'><div class='avia-iframe-wrap'><iframe loading=\"lazy\" width=\"1500\" height=\"844\" src=\"https:\/\/www.youtube.com\/embed\/pFTVh8F4LEo?feature=oembed&autoplay=0&loop=0&controls=1&mute=0\" frameborder=\"0\" allow=\"accelerometer; autoplay; encrypted-media; gyroscope; picture-in-picture\" allowfullscreen><\/iframe><\/div><\/script><div class='av-click-to-play-overlay'><div class=\"avia_playpause_icon\"><\/div><\/div><\/div><\/div>\n<style type=\"text\/css\" data-created_by=\"avia_inline_auto\" id=\"style-css-av-av_one_full-6126cab7d8fab8d08143dd2dacdf673c\">\n.flex_column.av-av_one_full-6126cab7d8fab8d08143dd2dacdf673c{\n-webkit-border-radius:0px 0px 0px 0px;\n-moz-border-radius:0px 0px 0px 0px;\nborder-radius:0px 0px 0px 0px;\npadding:0px 0px 0px 0px;\n}\n<\/style>\n<div class='flex_column av-av_one_full-6126cab7d8fab8d08143dd2dacdf673c av_one_full  avia-builder-el-5  el_after_av_one_full  avia-builder-el-last  first flex_column_div av-zero-column-padding column-top-margin'     ><section  class='av_textblock_section av-av_textblock-0366cc7376be6c9e82a3e9cc8987b64f'  itemscope=\"itemscope\" itemtype=\"https:\/\/schema.org\/CreativeWork\" ><div class='avia_textblock'  itemprop=\"text\" ><p><strong><span style=\"color: #488113;\">Transcription compl\u00e8te de la video<\/span><\/strong><\/p>\n<p>Bonjour et bienvenue \u00e0 cette formation en ligne.<br \/>\nNous continuerons \u00e0 aborder quelques notions avanc\u00e9es sur l\u2019utilisations du CBA-32P et de CbaWin.<br \/>\nR\u00e9alis\u00e9 par Zensol Automation Inc. en collaboration avec Hydro-Qu\u00e9bec.<\/p>\n<p>A la fin de cette vid\u00e9o, vous serez capable d\u2019enregistrer et de voir n\u2019importe quel signal pr\u00e9sent dans les postes hautes tensions \u00e0 l\u2019exception des signaux vibro acoustique et \u00e9lectromagn\u00e9tique.<\/p>\n<p>Qu\u2019est-ce qu\u2019il y\u2019a derri\u00e8re une entr\u00e9e analogique<br \/>\nUne ou deux colonnes d\u2019entr\u00e9es analogiques sont disponibles pour un total de 3 ou 6 entr\u00e9es analogiques.<br \/>\nCes entr\u00e9es analogiques procurent au CBA-32P toute sa puissance et sa grande adaptabilit\u00e9 \u00e0 vos besoins.<br \/>\nEn effet, il suffit de se poser quelques questions cl\u00e9s pour vous permettre d\u2019enregistrer n&rsquo;importe quel \u00e9v\u00e8nement physique.<br \/>\nDe quelle nature est le signal que je cherche \u00e0 enregistrer?<br \/>\nEst-ce un courant, une tension, une pression, un d\u00e9placement, une temp\u00e9rature?<br \/>\nPendant combien de temps mon signal existe-t-il?<br \/>\nEst-il lent, rapide, ultra rapide?<br \/>\nEst-il r\u00e9p\u00e9titif?<br \/>\nQuel genre de capteur dois-je chercher pour le capturer?<br \/>\nEn effet, ces entr\u00e9es analogiques acceptent tous types de capteurs ayant une sortie analogique de 0-10 Volts CC.<br \/>\nUne fois que vous trouv\u00e9 le bon capteur, il suffit alors de fixer les 2 param\u00e8tres cl\u00e9s du temps d\u2019\u00e9chantillonnage et de la dur\u00e9e totale de l\u2019enregistrement.<br \/>\nCes entr\u00e9es analogiques sont surtout utilis\u00e9es pour les tests de d\u00e9placements. Cependant, certains \u00e9lectriciens, les utilisent \u00e9galement pour des tests de tension, de courant, de pression mais aussi pour les tests de r\u00e9sistance dynamique des contacts.<\/p>\n<p>Comment activer une entr\u00e9e analogique \u00e0 l\u2019aide du bouton vert 3 ?<br \/>\nIl suffit de cliquer sur le troisi\u00e8me bouton vert et d\u2019activer ou non les entr\u00e9es qui s\u2019afficheront ensuite sur la face avant.<br \/>\nLe num\u00e9ro du premier canal analogique est le un qui est le courant de fermeture. Le num\u00e9ro deux est le courant d\u2019ouverture. Les entr\u00e9es analogiques trois \u00e0 huit sont les entr\u00e9es multifonctions disponibles pour l\u2019utilisateur. La connaissance de ce num\u00e9ro vous permettra de le visualiser.<br \/>\nCe num\u00e9ro est indiqu\u00e9 sur la face avant de l\u2019instrument ou encore sur les \u00e9crans tels que celui-ci.<br \/>\nPar exemple, l\u2019\u00e9lectricien a choisi de connecter sur l\u2019entr\u00e9e analogique un capteur de d\u00e9placement lin\u00e9aire pour un disjoncteur KSO. Il faut chercher sur le capteur la valeur de calibration inscrite par Zensol. Ces valeurs de calibration doivent \u00eatre donn\u00e9es \u00e0 CbaWin pour la correspondance exacte entre les valeurs \u00e9lectrique, m\u00e9canique et binaire. On voit ici que le z\u00e9ro est associ\u00e9 \u00e0 z\u00e9ro, alors que le 10 volts est associ\u00e9 \u00e0 614 millim\u00e8tres.<br \/>\nEnfin, l\u2019op\u00e9rateur a choisi ici la couleur verte pour le signal de d\u00e9placement.<\/p>\n<p>Qu\u2019est-ce qu\u2019il y\u2019a derri\u00e8re une entr\u00e9e encodeur optique?<br \/>\nL\u2019encodeur optique est un capteur de mouvements rotatifs. L\u2019encodeur Omron utilis\u00e9e par Zensol, produit environ 2000 impulsions par r\u00e9volution.<br \/>\nDe mani\u00e8re simplifi\u00e9e, il suffit de les compter et nous obtenons alors avec une grande pr\u00e9cision, le d\u00e9placement angulaire \u00e0 chaque instant. Cette information combin\u00e9e \u00e0 la connaissance m\u00e9canique du disjoncteur ainsi que de la connaissance de l\u2019interface m\u00e9canique utilis\u00e9, il est alors plus ou moins facile d\u2019en d\u00e9duire math\u00e9matiquement la distance et la vitesse parcourue par le contact mobile du disjoncteur.<br \/>\nEn r\u00e9alit\u00e9, le CBA-32P int\u00e8gre deux compteurs qui aident \u00e0 capter \u00e9galement le changement de rotation.<br \/>\nToutes ces valeurs binaires sont ensuite stock\u00e9es en m\u00e9moire sous format 16 bits. L\u2019avantage d\u2019un tel capteur est qu\u2019il ne n\u00e9cessite aucun positionnement pr\u00e9alable dans son utilisation, \u00e0 la diff\u00e9rence des capteurs analogiques r\u00e9sistifs.<\/p>\n<p>Comment activer une entr\u00e9e encodeur optique \u00e0 l\u2019aide du bouton vert 5 ?<br \/>\nIl suffit de cliquer sur le cinqui\u00e8me bouton vert et d\u2019activer ou non les entr\u00e9es qui s\u2019afficheront sur la face avant.<br \/>\nLe num\u00e9ro du premier canal d\u2019encodeur optique est le 89, le dernier est le 94. La connaissance de ce num\u00e9ro vous permettra de le visualiser.<br \/>\nCe num\u00e9ro est indiqu\u00e9 sur la face avant de l\u2019instrument ou encore sur les \u00e9crans tels que celui-ci.<br \/>\nIl est facile de modifier le nom, la couleur, l\u2019unit\u00e9, la proportion du signal choisi gr\u00e2ce au bouton propri\u00e9t\u00e9s.<\/p>\n<p>Qu\u2019est-ce qu\u2019il y\u2019a derri\u00e8re le connecteur commande?<br \/>\nUne fois le c\u00e2ble de commande connect\u00e9 au cabinet du disjoncteur, le CBA-32P prend alors le contr\u00f4le total des op\u00e9rations de fermeture et d\u2019ouverture du disjoncteur.<br \/>\nLe c\u00e2ble est constitu\u00e9 de telle mani\u00e8re qu\u2019il compl\u00e8te le circuit de commande de l\u2019op\u00e9ration de fermeture et d\u2019ouverture.<br \/>\nIl est compos\u00e9 de 4 conducteurs, deux communs, un pour la bobine de fermeture et l\u2019autre pour la bobine d\u2019ouverture.<br \/>\nLes entr\u00e9es analogiques 1 et 2 sont jumel\u00e9es aux sorties de commandes.<br \/>\nLe circuit interne de commande de fermeture est constitu\u00e9 d\u2019un contacteur en s\u00e9rie avec un capteur de courant \u00e0 effet Hall. Ce circuit est r\u00e9p\u00e9t\u00e9 deux fois, une fois pour la commande d\u2019ouverture et une autre fois pour la commande de fermeture. Le contacteur est n\u00e9cessaire pour piquer la bobine de fermeture ou d\u2019ouverture du disjoncteur. Ce temps qui doit \u00eatre tr\u00e8s bref, au risque de bruler la bobine, est configurable enti\u00e8rement par CbaWin.<br \/>\nLe capteur de courant est n\u00e9cessaire pour enregistrer le signal de courant. Ce signal est important car c\u2019est gr\u00e2ce \u00e0 lui que les temps de fermeture et d\u2019ouverture sont calcul\u00e9s. Sans cette information du d\u00e9but du courant, nous ne pouvons pas calculer les temps d\u2019op\u00e9rations n\u00e9cessaires \u00e0 la synchronisation.<\/p>\n<p>Comment configurer les commandes de fermeture et d\u2019ouverture \u00e0 l\u2019aide du bouton vert 1 ?<br \/>\nLe circuit de commande est important car il permet de faire faire n\u2019importe quelle op\u00e9ration au disjoncteur. Des ordres tel que F, O, F-O, O-F-O ou encore d\u2019autres ordres sp\u00e9ciaux tels que le F-O trois cent millisecondes puis F-O ou encore O-F. sont facilement configurables. Il suffit de savoir remplir les 4 champs des lignes de commande de fermeture et ouverture.<br \/>\nPar exemple, cette diapositive montre la programmation d\u2019un ordre d\u2019ouverture. Nous commen\u00e7ons par ins\u00e9rer quatre z\u00e9ros dans les champs de la commande de fermeture.<br \/>\nQuant \u00e0 l\u2019ordre d\u2019ouverture, les champs tels que 0-100-0-0 indique au CBA-32P, de piquer la bobine d\u2019ouverture sans d\u00e9lai puis de maintenir le contacteur enclench\u00e9 pendant 100 millisecondes.<br \/>\nPour visualiser les ordres dans les graphiques. Il suffit de les faire apparaitre par leur num\u00e9ro, soit 61 pour la fermeture et 62 pour l\u2019ouverture.<\/p>\n<p>Comment changer d\u2019\u00e9chelle de mesure des courants lors des commandes F et O \u00e0 l\u2019aide du bouton vert 3 ?<br \/>\nNous avons vu pr\u00e9c\u00e9demment que le circuit de commande du CBA-32P int\u00e8gre un capteur de courant \u00e0 effet Hall. Ce capteur de courant est configurable par CbaWin, gr\u00e2ce au troisi\u00e8me bouton vert. CbaWin vous permet de choisir parmi 8 gammes de courant : 4 \u00e9chelles C C, 1 amp\u00e8re, 5 amp\u00e8res, 10 amp\u00e8res, 20 amp\u00e8res ainsi que 4 \u00e9chelles A C, 1 amp\u00e8re, 5 amp\u00e8res, 10 amp\u00e8res, 20 amp\u00e8res.<br \/>\nSi vous faites une mesure de courant d\u2019un amp\u00e8re alors que l\u2019\u00e9chelle choisie est 20 amp\u00e8res, vous n\u2019obtiendrez pas n\u00e9cessairement le meilleur signal. Il faut donc penser \u00e0 changer d\u2019\u00e9chelle pour obtenir la meilleure pr\u00e9cision possible.<br \/>\nLes vieux disjoncteurs tiraient un tr\u00e8s fort courant de bobine alors que nouveaux disjoncteurs tirent un courant tr\u00e8s faible, souvent inf\u00e9rieures \u00e0 un amp\u00e8re.<br \/>\nUne bonne pratique consiste \u00e0 utiliser les plans normalis\u00e9s Hydro Qu\u00e9bec qui tiennent d\u00e9j\u00e0 compte de toutes ces particularit\u00e9s.<br \/>\nLe circuit de commande du CBA-32P dispose de protections en courant via le c\u00e2ble commande qui int\u00e8gre des fusibles de 25 amp\u00e8res, facilement accessibles pour leur changement \u00e9ventuel.<br \/>\nLe CBA-32P dispose \u00e9galement d\u2019une protection interne qui lui permet de se prot\u00e9ger contre les surtensions g\u00e9n\u00e9r\u00e9es par les cabinets de contr\u00f4le. Ces surtensions sont coup\u00e9es \u00e0 300 Volts par le CBA-32P.<\/p>\n<p>Comment modifier le fichier calcul et le rapport tabulaire \u00e0 l\u2019aide du bouton vert 6 ?<br \/>\nLe logiciel CbaWin int\u00e8gre plus de 70 fonctions de calculs sp\u00e9cialis\u00e9s dans le domaine des disjoncteurs haute tension. Pour en b\u00e9n\u00e9ficier pleinement, contactez le soutien technique \u00e0 Zensol et faites leur part de vos besoins sp\u00e9cifiques.<br \/>\nLe bouton vert 6 est un bouton extr\u00eamement puissant car il permet de configurer n\u2019importe quel traitement math\u00e9matique sur les signaux bruts enregistr\u00e9s lors de vos tests. Cela vous \u00e9vite ainsi d\u2019avoir \u00e0 recalculer chaque param\u00e8tre manuellement. Ce fichier calcul dit \u00e0 CbaWin les calculs qu\u2019il doit faire sur chaque signal. Ces calculs faits, ils sont ensuite incrust\u00e9s directement dans les rapports tabulaires accessibles par le bouton rouge T. Notons que les rapports tabulaires mod\u00e8les sont facilement configurables par l\u2019utilisateur lui-m\u00eame.<br \/>\nPar exemple, cette diapositive montre que le fichier calcul 841 et le num\u00e9ro du rapport tabulaire 542 sont utilis\u00e9s.<br \/>\nNous vous conseillons de ne pas modifier ces num\u00e9ros. En effet, le concepteur du plan sait exactement pourquoi il a associ\u00e9 le 841 avec le 542. Il est inutile de se souvenir de ces num\u00e9ros car ils sont disponibles directement dans le plan d\u2019essai avec l\u2019extension w c f.<\/p>\n<p>Comment exporter les r\u00e9sultats des tests vers Excel \u00e0 l\u2019aide du bouton vert 6 ?<br \/>\nApr\u00e8s avoir sauvegard\u00e9 vos donn\u00e9es en fichier point wdt, vous pouvez les exporter en format Excel.<br \/>\nIl suffit de cliquer sur le grand x rouge et vous les verrez appara\u00eetre dans un tableau Excel.<br \/>\nCbaWin a besoin de connaitre le mod\u00e8le du fichier Excel qui va \u00eatre utilis\u00e9 pour cet export.<br \/>\nExcel est un logiciel extr\u00eamement puissant qui permet de cr\u00e9er sans trop de difficult\u00e9s toutes sortes de beaux rapports. De plus en plus d\u2019utilisateurs font des rapports avec Excel. Ils ins\u00e8rent ainsi leur logo dans leurs rapports. Ils tirent profit des couleurs vertes et rouges pour \u00e9mettre des avertissements conditionnels \u00e0 des \u00e9checs dans les param\u00e8tres hors limites.<br \/>\nDu fait que CbaWin est un logiciel ouvert, vous pouvez extraire toutes les valeurs d\u00e9j\u00e0 calcul\u00e9s dans CbaWin et les int\u00e9grer exactement \u00e0 l\u2019endroit d\u00e9fini au pr\u00e9alable par votre mod\u00e8le Excel.<br \/>\nPour indiquer \u00e0 CbaWin ou trouver votre mod\u00e8le, il suffit de l\u2019ins\u00e9rer dans la case indiqu\u00e9e par cette diapositive.<br \/>\nPar exemple, dans cette diapositive, cliquez d\u2019abord sur le dernier bouton vert 6 qui est le symbole sigma, \u00ab traitements \u00bb.<br \/>\nA la derni\u00e8re case identifi\u00e9e fichier rapport Excel, cliquez sur les trois petits points. Allez chercher, dans le r\u00e9pertoire de CBAwin, le fichier \u00ab CBA32P Rapport Excel 3C.xls \u00bb.<br \/>\nCliquez sur ok. Vous venez de pr\u00e9ciser \u00e0 CbaWin le mod\u00e8le \u00e0 utiliser pour ce plan d\u2019essais.<br \/>\nUne fois le test compl\u00e9t\u00e9, pour voir vos r\u00e9sultats dans votre rapport Excel, il suffit de cliquer sur le bouton grand x, rouge pour l\u2019export et vous verrez les donn\u00e9es s\u2019inscrire dans le rapport. Le lien entre Excel et CbaWin est fait de cette fa\u00e7on.<\/p>\n<p>Comment mesurer la r\u00e9sistance dynamique des contacts d\u2019arc \u00e0 l\u2019aide du kit MO-SD ?<br \/>\nLa mesure de la r\u00e9sistance dynamique des contacts, connue sous l\u2019acronyme DRM, est une m\u00e9thode de test largement reconnue, pour connaitre l\u2019\u00e9tat des contacts principaux et des contacts d\u2019arc sans avoir \u00e0 ouvrir le disjoncteur. Le CBA-32P associ\u00e9 au kit MO-SD permet de mesurer la r\u00e9sistance de n\u2019importe quel contact en fonction du temps. Pour les disjoncteurs, ce test se fait \u00e0 vitesse nominale, ou encore \u00e0 vitesse lente, lors d\u2019une op\u00e9ration d\u2019ouverture.<br \/>\nLe principal avantage de ce test est qu\u2019il nous permet de connaitre l\u2019usure des contacts, la longueur des contacts d\u2019arc, le mauvais alignement ou ajustement des contacts ainsi que d\u2019autres anomalies, par simple analyse de la r\u00e9sistance micro ohmique du contact en fonction du temps.<br \/>\nLa source de courant du kit MO-SD injecte un courant C C de 100 amp\u00e8res dans le disjoncteur lors de son ouverture.<br \/>\nSur cet exemple, en plus de la br\u00e8ve apparition du contact d\u2019arc, on voit la courbe de d\u00e9placement du contact, la vibration et l\u2019\u00e9tat ferm\u00e9 puis ouvert du contact principal. En analysant ces signaux on voit que le contact d\u2019arc a \u00e9t\u00e9 pr\u00e9sent durant 11 millisecondes environ. La corr\u00e9lation avec le d\u00e9placement permet ensuite de d\u00e9duire l\u2019usure du contact d\u2019arc et un diagnostic peut ensuite \u00eatre \u00e9tabli.<br \/>\nPour votre information, le module kit MO-SD est de plus en plus populaire car ces tests sont de plus en plus exig\u00e9s lors des installations de nouveaux disjoncteurs. Le but de ces nouveaux tests est de prendre les signatures initiales des disjoncteurs. Lors des diff\u00e9rentes maintenances subs\u00e9quentes, il est facile ensuite de comparer les signatures initiales aux signatures pr\u00e9sentes.<\/p>\n<p>Question<br \/>\nComment configurer les commandes d\u2019ouverture et de fermeture ?<br \/>\nA. \u00c0 l\u2019aide du premier bouton vert.<br \/>\nB. \u00c0 l\u2019aide du deuxi\u00e8me bouton bleu.<br \/>\nC. \u00c0 l\u2019aide du troisi\u00e8me bouton vert<br \/>\nLa r\u00e9ponse est, A, \u00c0 l\u2019aide du premier bouton vert. Voir diapositive 8 pour plus de d\u00e9tails.<\/p>\n<p>Conclusion.<br \/>\nCette vid\u00e9o aura permis d\u2019atteindre les objectifs d\u2019apprentissage suivants :<br \/>\nCompr\u00e9hension avanc\u00e9e des diff\u00e9rentes options offertes par le CBA-32P et CbaWin.<\/p>\n<\/div><\/section><\/div><\/p>\n","protected":false},"excerpt":{"rendered":"","protected":false},"author":1,"featured_media":0,"parent":10504,"menu_order":0,"comment_status":"closed","ping_status":"closed","template":"","meta":{"footnotes":""},"class_list":["post-11681","page","type-page","status-publish","hentry"],"yoast_head":"<!-- This site is optimized with the Yoast SEO plugin v26.3 - https:\/\/yoast.com\/wordpress\/plugins\/seo\/ -->\n<title>Video 13: Le CBA-32P et CbaWin Notions avanc\u00e9es: Partie 2 - Zensol<\/title>\n<meta name=\"robots\" content=\"index, follow, max-snippet:-1, max-image-preview:large, max-video-preview:-1\" \/>\n<link rel=\"canonical\" href=\"https:\/\/www.zensol.com\/fr\/videos-2\/video-13-le-cba-32p-et-cbawin-notions-avancees-partie-2\/\" \/>\n<meta property=\"og:locale\" content=\"fr_FR\" \/>\n<meta property=\"og:type\" content=\"article\" \/>\n<meta property=\"og:title\" content=\"Video 13: Le CBA-32P et CbaWin Notions avanc\u00e9es: Partie 2 - Zensol\" \/>\n<meta property=\"og:url\" content=\"https:\/\/www.zensol.com\/fr\/videos-2\/video-13-le-cba-32p-et-cbawin-notions-avancees-partie-2\/\" \/>\n<meta property=\"og:site_name\" content=\"Zensol\" \/>\n<meta property=\"article:modified_time\" content=\"2023-07-28T16:25:56+00:00\" \/>\n<meta name=\"twitter:label1\" content=\"Dur\u00e9e de lecture estim\u00e9e\" \/>\n\t<meta name=\"twitter:data1\" content=\"10 minutes\" \/>\n<script type=\"application\/ld+json\" class=\"yoast-schema-graph\">{\"@context\":\"https:\/\/schema.org\",\"@graph\":[{\"@type\":\"WebPage\",\"@id\":\"https:\/\/www.zensol.com\/fr\/videos-2\/video-13-le-cba-32p-et-cbawin-notions-avancees-partie-2\/\",\"url\":\"https:\/\/www.zensol.com\/fr\/videos-2\/video-13-le-cba-32p-et-cbawin-notions-avancees-partie-2\/\",\"name\":\"Video 13: Le CBA-32P et CbaWin Notions avanc\u00e9es: Partie 2 - Zensol\",\"isPartOf\":{\"@id\":\"https:\/\/www.zensol.com\/#website\"},\"datePublished\":\"2020-04-09T17:42:37+00:00\",\"dateModified\":\"2023-07-28T16:25:56+00:00\",\"breadcrumb\":{\"@id\":\"https:\/\/www.zensol.com\/fr\/videos-2\/video-13-le-cba-32p-et-cbawin-notions-avancees-partie-2\/#breadcrumb\"},\"inLanguage\":\"fr-FR\",\"potentialAction\":[{\"@type\":\"ReadAction\",\"target\":[\"https:\/\/www.zensol.com\/fr\/videos-2\/video-13-le-cba-32p-et-cbawin-notions-avancees-partie-2\/\"]}]},{\"@type\":\"BreadcrumbList\",\"@id\":\"https:\/\/www.zensol.com\/fr\/videos-2\/video-13-le-cba-32p-et-cbawin-notions-avancees-partie-2\/#breadcrumb\",\"itemListElement\":[{\"@type\":\"ListItem\",\"position\":1,\"name\":\"videos\",\"item\":\"https:\/\/www.zensol.com\/fr\/videos-2\/\"},{\"@type\":\"ListItem\",\"position\":2,\"name\":\"Video 13: Le CBA-32P et CbaWin Notions avanc\u00e9es: Partie 2\"}]},{\"@type\":\"WebSite\",\"@id\":\"https:\/\/www.zensol.com\/#website\",\"url\":\"https:\/\/www.zensol.com\/\",\"name\":\"Zensol\",\"description\":\"The Circuit Breaker, Recloser and Tap-Changer Instrument Test Specialist\",\"potentialAction\":[{\"@type\":\"SearchAction\",\"target\":{\"@type\":\"EntryPoint\",\"urlTemplate\":\"https:\/\/www.zensol.com\/?s={search_term_string}\"},\"query-input\":{\"@type\":\"PropertyValueSpecification\",\"valueRequired\":true,\"valueName\":\"search_term_string\"}}],\"inLanguage\":\"fr-FR\"}]}<\/script>\n<!-- \/ Yoast SEO plugin. -->","yoast_head_json":{"title":"Video 13: Le CBA-32P et CbaWin Notions avanc\u00e9es: Partie 2 - Zensol","robots":{"index":"index","follow":"follow","max-snippet":"max-snippet:-1","max-image-preview":"max-image-preview:large","max-video-preview":"max-video-preview:-1"},"canonical":"https:\/\/www.zensol.com\/fr\/videos-2\/video-13-le-cba-32p-et-cbawin-notions-avancees-partie-2\/","og_locale":"fr_FR","og_type":"article","og_title":"Video 13: Le CBA-32P et CbaWin Notions avanc\u00e9es: Partie 2 - Zensol","og_url":"https:\/\/www.zensol.com\/fr\/videos-2\/video-13-le-cba-32p-et-cbawin-notions-avancees-partie-2\/","og_site_name":"Zensol","article_modified_time":"2023-07-28T16:25:56+00:00","twitter_misc":{"Dur\u00e9e de lecture estim\u00e9e":"10 minutes"},"schema":{"@context":"https:\/\/schema.org","@graph":[{"@type":"WebPage","@id":"https:\/\/www.zensol.com\/fr\/videos-2\/video-13-le-cba-32p-et-cbawin-notions-avancees-partie-2\/","url":"https:\/\/www.zensol.com\/fr\/videos-2\/video-13-le-cba-32p-et-cbawin-notions-avancees-partie-2\/","name":"Video 13: Le CBA-32P et CbaWin Notions avanc\u00e9es: Partie 2 - Zensol","isPartOf":{"@id":"https:\/\/www.zensol.com\/#website"},"datePublished":"2020-04-09T17:42:37+00:00","dateModified":"2023-07-28T16:25:56+00:00","breadcrumb":{"@id":"https:\/\/www.zensol.com\/fr\/videos-2\/video-13-le-cba-32p-et-cbawin-notions-avancees-partie-2\/#breadcrumb"},"inLanguage":"fr-FR","potentialAction":[{"@type":"ReadAction","target":["https:\/\/www.zensol.com\/fr\/videos-2\/video-13-le-cba-32p-et-cbawin-notions-avancees-partie-2\/"]}]},{"@type":"BreadcrumbList","@id":"https:\/\/www.zensol.com\/fr\/videos-2\/video-13-le-cba-32p-et-cbawin-notions-avancees-partie-2\/#breadcrumb","itemListElement":[{"@type":"ListItem","position":1,"name":"videos","item":"https:\/\/www.zensol.com\/fr\/videos-2\/"},{"@type":"ListItem","position":2,"name":"Video 13: Le CBA-32P et CbaWin Notions avanc\u00e9es: Partie 2"}]},{"@type":"WebSite","@id":"https:\/\/www.zensol.com\/#website","url":"https:\/\/www.zensol.com\/","name":"Zensol","description":"The Circuit Breaker, Recloser and Tap-Changer Instrument Test Specialist","potentialAction":[{"@type":"SearchAction","target":{"@type":"EntryPoint","urlTemplate":"https:\/\/www.zensol.com\/?s={search_term_string}"},"query-input":{"@type":"PropertyValueSpecification","valueRequired":true,"valueName":"search_term_string"}}],"inLanguage":"fr-FR"}]}},"_links":{"self":[{"href":"https:\/\/www.zensol.com\/fr\/wp-json\/wp\/v2\/pages\/11681","targetHints":{"allow":["GET"]}}],"collection":[{"href":"https:\/\/www.zensol.com\/fr\/wp-json\/wp\/v2\/pages"}],"about":[{"href":"https:\/\/www.zensol.com\/fr\/wp-json\/wp\/v2\/types\/page"}],"author":[{"embeddable":true,"href":"https:\/\/www.zensol.com\/fr\/wp-json\/wp\/v2\/users\/1"}],"replies":[{"embeddable":true,"href":"https:\/\/www.zensol.com\/fr\/wp-json\/wp\/v2\/comments?post=11681"}],"version-history":[{"count":4,"href":"https:\/\/www.zensol.com\/fr\/wp-json\/wp\/v2\/pages\/11681\/revisions"}],"predecessor-version":[{"id":13289,"href":"https:\/\/www.zensol.com\/fr\/wp-json\/wp\/v2\/pages\/11681\/revisions\/13289"}],"up":[{"embeddable":true,"href":"https:\/\/www.zensol.com\/fr\/wp-json\/wp\/v2\/pages\/10504"}],"wp:attachment":[{"href":"https:\/\/www.zensol.com\/fr\/wp-json\/wp\/v2\/media?parent=11681"}],"curies":[{"name":"wp","href":"https:\/\/api.w.org\/{rel}","templated":true}]}}