{"id":11676,"date":"2020-04-09T18:32:30","date_gmt":"2020-04-09T17:32:30","guid":{"rendered":"https:\/\/www.zensol.net\/?page_id=11676"},"modified":"2023-08-11T09:48:21","modified_gmt":"2023-08-11T08:48:21","slug":"video-12-le-cba-32p-et-cbawin-notions-avancees-partie-1","status":"publish","type":"page","link":"https:\/\/www.zensol.com\/fr\/videos-2\/video-12-le-cba-32p-et-cbawin-notions-avancees-partie-1\/","title":{"rendered":"Video 12: Le CBA-32P et CbaWin Notions avanc\u00e9es: Partie 1"},"content":{"rendered":"\n<style type=\"text\/css\" data-created_by=\"avia_inline_auto\" id=\"style-css-av-318igsc-d061effab46bbaff39a65accf40d6488\">\n.flex_column.av-318igsc-d061effab46bbaff39a65accf40d6488{\n-webkit-border-radius:0px 0px 0px 0px;\n-moz-border-radius:0px 0px 0px 0px;\nborder-radius:0px 0px 0px 0px;\npadding:0px 0px 0px 0px;\n}\n<\/style>\n<div class='flex_column av-318igsc-d061effab46bbaff39a65accf40d6488 av_one_full  avia-builder-el-0  el_before_av_one_full  avia-builder-el-first  first flex_column_div av-zero-column-padding '     ><section  class='av_textblock_section av-2dc2tbw-b428976e16ea41d646ce3f7f2f6675df'  itemscope=\"itemscope\" itemtype=\"https:\/\/schema.org\/CreativeWork\" ><div class='avia_textblock'  itemprop=\"text\" ><h3><span style=\"color: #488113;\"><strong>Video 12: Le CBA-32P et CbaWin Notions avanc\u00e9es: Partie 1<\/strong><\/span><\/h3>\n<\/div><\/section><br \/>\n<section  class='av_textblock_section av-7tspmk-412912d4f3d14fabebc5187554991882'  itemscope=\"itemscope\" itemtype=\"https:\/\/schema.org\/CreativeWork\" ><div class='avia_textblock'  itemprop=\"text\" ><p>Notions avanc\u00e9es avec le CBA-32P et le Cbawin: Partie 1. Comprendre le menu du Cbawin et apprendre \u00e0 activer et configurer les entr\u00e9es contacts.<br \/>\nDur\u00e9e: 12mn 37s<br \/>\n<strong>Th\u00e8me :<\/strong> Le CBA-32P et CBAWin, Notions avanc\u00e9es<\/p>\n<\/div><\/section><\/p><\/div>\n<div class='flex_column av-1qgobp8-75ecd8333d5dab7fb2ff51958c5a5aac av_one_full  avia-builder-el-3  el_after_av_one_full  el_before_av_one_full  first flex_column_div column-top-margin'     ><div  class='avia-video av-lkmsl1sy-ee0aa26db87269514e4f7b954f4b04d6 avia-video-16-9 av-no-preview-image avia-video-load-always av-lazyload-immediate av-lazyload-video-embed'  itemprop=\"video\" itemtype=\"https:\/\/schema.org\/VideoObject\"  data-original_url='https:\/\/www.youtube.com\/watch?v=LZnnFEVV45A'><script type='text\/html' class='av-video-tmpl'><div class='avia-iframe-wrap'><iframe loading=\"lazy\" width=\"1500\" height=\"844\" src=\"https:\/\/www.youtube.com\/embed\/LZnnFEVV45A?feature=oembed&autoplay=0&loop=0&controls=1&mute=0\" frameborder=\"0\" allow=\"accelerometer; autoplay; encrypted-media; gyroscope; picture-in-picture\" allowfullscreen><\/iframe><\/div><\/script><div class='av-click-to-play-overlay'><div class=\"avia_playpause_icon\"><\/div><\/div><\/div><\/div>\n<style type=\"text\/css\" data-created_by=\"avia_inline_auto\" id=\"style-css-av-1d668t8-604484e1246a3f05310213e6d5294a4b\">\n.flex_column.av-1d668t8-604484e1246a3f05310213e6d5294a4b{\n-webkit-border-radius:0px 0px 0px 0px;\n-moz-border-radius:0px 0px 0px 0px;\nborder-radius:0px 0px 0px 0px;\npadding:0px 0px 0px 0px;\n}\n<\/style>\n<div class='flex_column av-1d668t8-604484e1246a3f05310213e6d5294a4b av_one_full  avia-builder-el-5  el_after_av_one_full  avia-builder-el-last  first flex_column_div av-zero-column-padding column-top-margin'     ><section  class='av_textblock_section av-b0rp8-ee25cfc06b9523b6ac8c4361832ff718'  itemscope=\"itemscope\" itemtype=\"https:\/\/schema.org\/CreativeWork\" ><div class='avia_textblock'  itemprop=\"text\" ><p><strong><span style=\"color: #488113;\">Transcription compl\u00e8te de la video<\/span><\/strong><\/p>\n<p>Bonjour et bienvenue \u00e0 cette formation en ligne.<br \/>\nNous commencerons par aborder quelques notions avanc\u00e9es sur l\u2019utilisation du C-B-A 32 p et de CbaWin.<br \/>\nR\u00e9alis\u00e9 par Zensol Automation Inc. en collaboration avec Hydro-Qu\u00e9bec.<\/p>\n<p>A la fin de cette video, vous serez capable d\u2019enregistrer et de voir n\u2019importe quel signal pr\u00e9sent dans les postes hautes tensions \u00e0 l\u2019exception des signaux vibro acoustique et \u00e9lectromagn\u00e9tique.<\/p>\n<p>Voulez-vous en faire plus avec le CBA-32P et CbaWin ?<br \/>\nSi vous comprenez et apprenez ce que nous vous montrons dans cette pr\u00e9sentation, vous pourrez enregistrer et voir n\u2019importe quel signal qui existe dans les postes haute tension.<br \/>\nLes seuls signaux que vous ne pourrez pas enregistrer avec le CBA-32P, sont les signaux de nature vibro acoustiques ou de nature \u00e9lectromagn\u00e9tique.<br \/>\nSi vous souhaitez voir ce type de signal, nous vous recommandons nos nouvelles familles d\u2019instruments tels que le TAP-4 ou encore le CBV.<br \/>\nPour pouvoir prendre le contr\u00f4le total du CBA-32P et lui faire faire ce que vous voulez, il faut connaitre son architecture interne et avoir une bonne connaissance des boutons de couleur verte dans le logiciel CbaWin.<br \/>\nApr\u00e8s un bref rappel de quelques \u00e9l\u00e9ments importants de CbaWin, nous montrons de mani\u00e8re simplifi\u00e9e et vulgaris\u00e9e ce qu\u2019il y a derri\u00e8re chaque entr\u00e9e du CBA-32P.<br \/>\nCette information essentielle \u00e0 la compr\u00e9hension globale de la solution modulaire CBA-32P, vous permettra d\u2019imaginer ensuite comment vous pourrez compl\u00e9ter les circuits \u00e9lectriques avec le disjoncteur ou son cabinet de contr\u00f4le.<br \/>\nLa seule connaissance \u00e9lectrique en tant que pr\u00e9requis \u00e0 maitriser, est la loi d\u2019Ohm. Une bonne connaissance de Windows Microsoft, Word et Excel constituent un plus et vous avantagera consid\u00e9rablement dans la manipulation des r\u00e9sultats g\u00e9n\u00e9r\u00e9s par les tests de synchronisation.<\/p>\n<p>Pourquoi la compr\u00e9hension de ces chiffres est-elle primordiale ?<br \/>\nAvant d\u2019aller plus loin, revenons sur les fameux num\u00e9ros logiciel dont nous vous avons parl\u00e9 tout au long des vid\u00e9os pr\u00e9c\u00e9dentes.<br \/>\nVous savez d\u00e9j\u00e0 que chaque entr\u00e9e physique est associ\u00e9e \u00e0 un num\u00e9ro logiciel.<br \/>\nPar exemple, le d\u00e9placement enregistr\u00e9 sur l\u2019entr\u00e9e analogique 3 est un signal physique r\u00e9el.<br \/>\nSi vous analysez attentivement ce signal, vous pouvez connaitre la position exacte du contact mobile \u00e0 chaque instant.<br \/>\nCette information vous permet de calculer la vitesse du contact mobile \u00e0 chaque instant. En reportant sur une courbe toutes ces valeurs calcul\u00e9es \u00e0 chaque instant, nous obtenons une nouvelle courbe fonction du temps. Cette courbe calcul\u00e9e math\u00e9matiquement est appel\u00e9e signal virtuel que nous avons besoin de visualiser comme tous les autres signaux de synchronisation.<br \/>\nCbaWin dispose en fait de 14 signaux virtuels qui sont expos\u00e9s dans cette diapositive.<br \/>\nLe signal virtuel le plus populaire est le num\u00e9ro 9 qui est le signal de vitesse instantan\u00e9e du signal de d\u00e9placement enregistr\u00e9 sur l\u2019entr\u00e9e analogique num\u00e9ro 3.<br \/>\nPar extension, un signal de d\u00e9placement enregistr\u00e9 sur le canal analogique 4, sera visible sur le canal 10, le 5 sur le signal virtuel 11 et ainsi de suite.<br \/>\nDe m\u00eame, la vitesse instantan\u00e9e du signal de d\u00e9placement enregistr\u00e9e sur l\u2019entr\u00e9e digitale encodeur optique 89 sera visible sur le signal virtuel 95.<br \/>\nCette diapositive montre le tableau r\u00e9capitulatif de tout ce qu\u2019il faut savoir sur les num\u00e9ros logiciels de chaque type d\u2019entr\u00e9e.<br \/>\nCe tableau est \u00e9galement disponible dans votre job aide ainsi que dans le guide d\u2019installation rapide.<br \/>\nIl est inutile de retenir ces num\u00e9ros par c\u0153ur, car ils sont entour\u00e9s sur la face avant du CBA-32P. Vous devez seulement comprendre le principe.<br \/>\nAnalysons les chiffres ensemble.<br \/>\nSur la face avant du CBA-32P, la 1\u00e8re entr\u00e9e mesure les contacts C1 et C2, qui correspondent pour CbaWin aux signaux 17 et 18.<br \/>\nLa 2\u00e8me entr\u00e9e mesure les contacts C3 et C4, soit les signaux 19 et 20. Ainsi de suite\u2026<br \/>\nPour les entr\u00e9es analogiques, la 1\u00e8re est le signal 3, la 2\u00e8me est le signal 4, la derni\u00e8re est le signal 8.<br \/>\nPour les encodeurs optiques, la 1\u00e8re entr\u00e9e a pour signal physique le 89, la seconde 90 et ainsi de suite<br \/>\nPour les commandes, le courant mesur\u00e9 lors de la commande de fermeture est le num\u00e9ro 1, le 2 repr\u00e9sente le courant d\u2019ouverture.<br \/>\nLe signal 61 vous permet de visualiser la commande de fermeture alors que le 62 est celle de l\u2019ouverture.<br \/>\nPour visualiser n\u2019importe quel signal, il suffit donc d\u2019introduire son chiffre dans les tableaux accessibles par le septi\u00e8me bouton rouge. Ce bouton rouge est le bouton de conception des rapports graphiques. Les signaux se pr\u00e9sentent de bas en haut. Si vous voulez donc voir le courant de fermeture en bas il faut donc introduire le 1 en premier tout \u00e0 gauche. Si vous voulez voir le m\u00eame courant en haut, il suffit de l\u2019introduire en dernier dans la liste des signaux particuliers.<\/p>\n<p>Comment configurer la dur\u00e9e d\u2019un test \u00e0 l\u2019aide du bouton vert num\u00e9ro un ?<br \/>\nPour configurer la dur\u00e9e d\u2019un test de fermeture ou d\u2019ouverture d\u2019un disjoncteur, il est n\u00e9cessaire de connaitre la dur\u00e9e approximative de l\u2019enregistrement recherch\u00e9.<br \/>\nEn cliquant sur le premier bouton vert, il suffit de remplir ensuite le champ, dur\u00e9e du test en micro secondes, millisecondes, en secondes ou encore en minutes. Si par exemple, bien que non commun, nous souhaitons performer un test d\u2019une dur\u00e9e de 1 min 30 secondes, nous introduirons 1 dans la case des minutes et 30 dans la case des secondes. Pour un test d\u2019une dur\u00e9e de 300 millisecondes et 85 microsecondes, nous introduirons 300 dans la case des millisecondes et 85 dans la case des microsecondes. Pour information, une milliseconde \u00e9quivaut \u00e0 diviser une seconde 1000 fois (10 exposant-3). Une microseconde \u00e9quivaut \u00e0 diviser une seconde par un million (10 exposant-6).<br \/>\nCe temps inscrit dans la dur\u00e9e du test est ensuite indiqu\u00e9 sur l\u2019axe des X ou l\u2019axe des temps sur vos graphiques. Il apparait en bas en millisecondes \u00e0 droite de votre \u00e9cran.<br \/>\nPortez attention ensuite aux champs intervalle puis usage de la m\u00e9moire. CbaWin vous fait part, par des avertissements, de ces limites physiques \u00e0 ex\u00e9cuter ce que vous lui demandez de faire. Prenez note que plus la dur\u00e9e du test est grande et plus l\u2019intervalle, c\u2019est-\u00e0-dire le temps d\u2019\u00e9chantillonnage est court et plus la m\u00e9moire sera sollicit\u00e9e. Il faut donc faire attention \u00e0 ces limites. Quand la barre m\u00e9moire devient rouge, CBA WIN vous pr\u00e9vient que sa limite de stockage est d\u00e9pass\u00e9e.<\/p>\n<p>Configurer le temps d\u2019\u00e9chantillonnage d\u2019un test \u00e0 l\u2019aide du bouton vert num\u00e9ro un ?<br \/>\nCe param\u00e8tre, qu\u2019il est bon de comprendre, mais qu\u2019on ne vous recommande pas de modifier en tant que d\u00e9butant, est le temps d\u2019\u00e9chantillonnage. Ce temps repr\u00e9sente simplement l\u2019intervalle de temps entre deux lectures d\u2019un signal. Cette valeur, typiquement entre 100 et 300 microsecondes pour les tests de fermeture et d\u2019ouverture, repr\u00e9sente en fait la pr\u00e9cision et le niveau du d\u00e9tail que vous voulez voir dans vos signaux. Par analogie, une photo prise avec un cellulaire sera de moins bonne qualit\u00e9 qu\u2019une photo prise avec un appareil photo professionnel.<br \/>\nCette diapositive montre l\u2019enregistrement d\u2019une op\u00e9ration F O de 450 millisecondes d\u2019un simulateur de disjoncteurs. Cet enregistrement a \u00e9t\u00e9 fait avec un intervalle de temps fix\u00e9 \u00e0 100 microsecondes.<br \/>\nLe test a dur\u00e9 450 millisecondes, le CBA-32P a donc fait 4501 lectures avec un intervalle de temps de 100 microsecondes entre chaque mesure pour chacun des signaux enregistr\u00e9s.<br \/>\nRemarquez le niveau de d\u00e9tail des signaux. Vous pouvez voir les moindres d\u00e9tails des rebondissements des relais de contacts, la sur course, les petits bruits sur les courants.<\/p>\n<p>A l\u2019oppos\u00e9, cette diapositive montre un autre enregistrement de la m\u00eame op\u00e9ration F O de 450 millisecondes, du m\u00eame simulateur de disjoncteurs.<br \/>\nL\u2019enregistrement que vous voyez ici a \u00e9t\u00e9 fait avec un temps d\u2019\u00e9chantillonnage de 32 000 microsecondes alors que le pr\u00e9c\u00e9dent a \u00e9t\u00e9 fait \u00e0 100 microsecondes.<br \/>\nRemarquez la d\u00e9formation compl\u00e8te du signal. Nous ne voyons plus rien. C\u2019est comme si la photo des signaux enregistr\u00e9s \u00e9tait une photo de tr\u00e8s mauvaise qualit\u00e9. La diff\u00e9rence entre un enregistrement de bonne qualit\u00e9 et un enregistrement de mauvaise qualit\u00e9 se situe simplement dans l\u2019intervalle de temps entre les lectures du signal. Pour la m\u00eame dur\u00e9e de test fix\u00e9 \u00e0 450 millisecondes, seulement 15 lectures ont \u00e9t\u00e9 prises dans cet exemple.<\/p>\n<p>Qu\u2019est-ce qu\u2019il y\u2019a derri\u00e8re une entr\u00e9e contact ?<br \/>\nTel que nous l\u2019avons vu dans les vid\u00e9os pr\u00e9c\u00e9dentes, le disjoncteur le plus g\u00e9n\u00e9ral est symbolis\u00e9 par un contact principal en parall\u00e8le avec un contact r\u00e9sistif d\u2019insertion.<br \/>\nLe circuit interne des entr\u00e9es contacts du CBA-32P, est quant \u00e0 lui symbolis\u00e9 par une lampe et une batterie de 40 Volts CC.<br \/>\nPour voir l\u2019\u00e9tat du contact sur les graphiques il suffit de demander \u00e0 CbaWin d\u2019afficher le signal gr\u00e2ce \u00e0 son num\u00e9ro logiciel. Cet exemple montre les contacts C1 et C2 qui sont respectivement affich\u00e9s par les num\u00e9ros 17 et 18.<br \/>\nDerri\u00e8re le connecteur \u00e0 3 pins femelle des entr\u00e9es contacts de la face avant, il existe en fait deux circuits ind\u00e9pendants reli\u00e9s par un point commun.<br \/>\nLe c\u00e2ble contact constitu\u00e9 de 3 pinces vient compl\u00e9ter le circuit entre le CBA-32P et le disjoncteur en T de cet exemple.<br \/>\nSi la lampe est \u00e9teinte, on en d\u00e9duit que le disjoncteur est ouvert, et le graphique montre un \u00e9tat z\u00e9ro.<br \/>\nSi la lampe est allum\u00e9e brillamment, on en d\u00e9duit que le disjoncteur est ferm\u00e9, et le graphique montre un \u00e9tat un.<br \/>\nSi la lampe est \u00e0 moiti\u00e9 allum\u00e9, on en d\u00e9duit que le disjoncteur est dans un \u00e9tat r\u00e9sistif, et le graphique montre alors un \u00e9tat demi.<br \/>\nIl est donc facile ensuite de connaitre avec pr\u00e9cision \u00e0 quels instants le disjoncteur change d\u2019\u00e9tat,<br \/>\nOn peut ensuite analyser l\u2019\u00e9volution des contacts les uns par rapport aux autres. C\u2019est cet exercice de comparaison qui est appel\u00e9 test de synchronisation.<br \/>\nIl est important de savoir que le CBA-32P est pr\u00e9r\u00e9gl\u00e9 en usine pour deux raisons. La premi\u00e8re est de se prot\u00e9ger contre les bruits tr\u00e8s forts alors que la seconde est de vous permettre de voir des signaux digitaux nets et non bruit\u00e9s. En effet, les postes haute tension tels que les postes 735 Kilovolts pr\u00e9sentent de tr\u00e8s fortes inductions \u00e9lectriques et \u00e9lectromagn\u00e9tiques surtout proches des lignes haute tension dites vivantes.<br \/>\nL\u2019\u00e9tiquette du num\u00e9ro de s\u00e9rie \u00e0 l\u2019arri\u00e8re de l\u2019instrument pr\u00e9cise le r\u00e9glage de votre instrument.<br \/>\nSi vous voyez 800 Kilovolts, l\u2019\u00e9tat moiti\u00e9 indique un contact r\u00e9sistif entre 30 et 2400 ohms.<br \/>\nSi vous voyez 400 Kilovolts, l\u2019\u00e9tat moiti\u00e9 indique un \u00e9tat r\u00e9sistif entre 30 ohms et 4000 ohms.<br \/>\nEn fonction des disjoncteurs, Zensol proc\u00e8de \u00e0 des r\u00e9glages sp\u00e9cifiques aux besoins du client. Par exemple, des r\u00e9glages de 30 ohms \u00e0 6000 ohms sont courants surtout pour les instruments destin\u00e9s \u00e0 faire des tests sur les gros volume d\u2019huile.<\/p>\n<p>Comment activer une entr\u00e9e contact \u00e0 l\u2019aide du bouton vert 4?<br \/>\nIl suffit de cliquer sur le quatri\u00e8me bouton vert montrant et d\u2019activer ou non les contacts qui s\u2019afficheront en jaune ou rouge. Le jaune et rouge sont associ\u00e9s aux couleurs des pinces batterie qui sont ou jaune ou rouge.<br \/>\nIl est aussi important de connaitre le num\u00e9ro logiciel entre 17 et 40 des c\u00e2bles contacts que vous utilisez. Ainsi, il vous sera facile de les visualiser sur votre \u00e9cran graphique lorsque viendra le temps de les analyser.<br \/>\nCe num\u00e9ro est indiqu\u00e9 sur la face avant de l\u2019instrument ou encore sur les \u00e9crans relatifs aux contacts.<br \/>\nIl est facile de modifier le nom ou la couleur d\u2019un signal contact gr\u00e2ce au bouton propri\u00e9t\u00e9s. Par exemple, sur cette diapositive ou on voit un 24 contacts, le concepteur du plan d\u2019essai a appel\u00e9 le premier contact de la phase A, A1, le second contact A2, le troisi\u00e8me contact A3 et ainsi de suite. Les contacts de la phase B ont \u00e9t\u00e9 nomm\u00e9s B1, B2 et ainsi de suite.<\/p>\n<\/div><\/section><\/div><\/p>\n","protected":false},"excerpt":{"rendered":"","protected":false},"author":1,"featured_media":0,"parent":10504,"menu_order":0,"comment_status":"closed","ping_status":"closed","template":"","meta":{"footnotes":""},"class_list":["post-11676","page","type-page","status-publish","hentry"],"yoast_head":"<!-- This site is optimized with the Yoast SEO plugin v27.5 - https:\/\/yoast.com\/product\/yoast-seo-wordpress\/ -->\n<title>Video 12: Le CBA-32P et CbaWin Notions avanc\u00e9es: Partie 1 - Zensol<\/title>\n<meta name=\"robots\" content=\"index, follow, max-snippet:-1, max-image-preview:large, max-video-preview:-1\" \/>\n<link rel=\"canonical\" href=\"https:\/\/www.zensol.com\/fr\/videos-2\/video-12-le-cba-32p-et-cbawin-notions-avancees-partie-1\/\" \/>\n<meta property=\"og:locale\" content=\"fr_FR\" \/>\n<meta property=\"og:type\" content=\"article\" \/>\n<meta property=\"og:title\" content=\"Video 12: Le CBA-32P et CbaWin Notions avanc\u00e9es: Partie 1 - Zensol\" \/>\n<meta property=\"og:url\" content=\"https:\/\/www.zensol.com\/fr\/videos-2\/video-12-le-cba-32p-et-cbawin-notions-avancees-partie-1\/\" \/>\n<meta property=\"og:site_name\" content=\"Zensol\" \/>\n<meta property=\"article:modified_time\" content=\"2023-08-11T08:48:21+00:00\" \/>\n<meta name=\"twitter:label1\" content=\"Dur\u00e9e de lecture estim\u00e9e\" \/>\n\t<meta name=\"twitter:data1\" content=\"9 minutes\" \/>\n<script type=\"application\/ld+json\" class=\"yoast-schema-graph\">{\"@context\":\"https:\\\/\\\/schema.org\",\"@graph\":[{\"@type\":\"WebPage\",\"@id\":\"https:\\\/\\\/www.zensol.com\\\/fr\\\/videos-2\\\/video-12-le-cba-32p-et-cbawin-notions-avancees-partie-1\\\/\",\"url\":\"https:\\\/\\\/www.zensol.com\\\/fr\\\/videos-2\\\/video-12-le-cba-32p-et-cbawin-notions-avancees-partie-1\\\/\",\"name\":\"Video 12: Le CBA-32P et CbaWin Notions avanc\u00e9es: Partie 1 - Zensol\",\"isPartOf\":{\"@id\":\"https:\\\/\\\/www.zensol.com\\\/#website\"},\"datePublished\":\"2020-04-09T17:32:30+00:00\",\"dateModified\":\"2023-08-11T08:48:21+00:00\",\"breadcrumb\":{\"@id\":\"https:\\\/\\\/www.zensol.com\\\/fr\\\/videos-2\\\/video-12-le-cba-32p-et-cbawin-notions-avancees-partie-1\\\/#breadcrumb\"},\"inLanguage\":\"fr-FR\",\"potentialAction\":[{\"@type\":\"ReadAction\",\"target\":[\"https:\\\/\\\/www.zensol.com\\\/fr\\\/videos-2\\\/video-12-le-cba-32p-et-cbawin-notions-avancees-partie-1\\\/\"]}]},{\"@type\":\"BreadcrumbList\",\"@id\":\"https:\\\/\\\/www.zensol.com\\\/fr\\\/videos-2\\\/video-12-le-cba-32p-et-cbawin-notions-avancees-partie-1\\\/#breadcrumb\",\"itemListElement\":[{\"@type\":\"ListItem\",\"position\":1,\"name\":\"videos\",\"item\":\"https:\\\/\\\/www.zensol.com\\\/fr\\\/videos-2\\\/\"},{\"@type\":\"ListItem\",\"position\":2,\"name\":\"Video 12: Le CBA-32P et CbaWin Notions avanc\u00e9es: Partie 1\"}]},{\"@type\":\"WebSite\",\"@id\":\"https:\\\/\\\/www.zensol.com\\\/#website\",\"url\":\"https:\\\/\\\/www.zensol.com\\\/\",\"name\":\"Zensol\",\"description\":\"The Circuit Breaker, Recloser and Tap-Changer Instrument Test Specialist\",\"potentialAction\":[{\"@type\":\"SearchAction\",\"target\":{\"@type\":\"EntryPoint\",\"urlTemplate\":\"https:\\\/\\\/www.zensol.com\\\/?s={search_term_string}\"},\"query-input\":{\"@type\":\"PropertyValueSpecification\",\"valueRequired\":true,\"valueName\":\"search_term_string\"}}],\"inLanguage\":\"fr-FR\"}]}<\/script>\n<!-- \/ Yoast SEO plugin. -->","yoast_head_json":{"title":"Video 12: Le CBA-32P et CbaWin Notions avanc\u00e9es: Partie 1 - Zensol","robots":{"index":"index","follow":"follow","max-snippet":"max-snippet:-1","max-image-preview":"max-image-preview:large","max-video-preview":"max-video-preview:-1"},"canonical":"https:\/\/www.zensol.com\/fr\/videos-2\/video-12-le-cba-32p-et-cbawin-notions-avancees-partie-1\/","og_locale":"fr_FR","og_type":"article","og_title":"Video 12: Le CBA-32P et CbaWin Notions avanc\u00e9es: Partie 1 - Zensol","og_url":"https:\/\/www.zensol.com\/fr\/videos-2\/video-12-le-cba-32p-et-cbawin-notions-avancees-partie-1\/","og_site_name":"Zensol","article_modified_time":"2023-08-11T08:48:21+00:00","twitter_misc":{"Dur\u00e9e de lecture estim\u00e9e":"9 minutes"},"schema":{"@context":"https:\/\/schema.org","@graph":[{"@type":"WebPage","@id":"https:\/\/www.zensol.com\/fr\/videos-2\/video-12-le-cba-32p-et-cbawin-notions-avancees-partie-1\/","url":"https:\/\/www.zensol.com\/fr\/videos-2\/video-12-le-cba-32p-et-cbawin-notions-avancees-partie-1\/","name":"Video 12: Le CBA-32P et CbaWin Notions avanc\u00e9es: Partie 1 - Zensol","isPartOf":{"@id":"https:\/\/www.zensol.com\/#website"},"datePublished":"2020-04-09T17:32:30+00:00","dateModified":"2023-08-11T08:48:21+00:00","breadcrumb":{"@id":"https:\/\/www.zensol.com\/fr\/videos-2\/video-12-le-cba-32p-et-cbawin-notions-avancees-partie-1\/#breadcrumb"},"inLanguage":"fr-FR","potentialAction":[{"@type":"ReadAction","target":["https:\/\/www.zensol.com\/fr\/videos-2\/video-12-le-cba-32p-et-cbawin-notions-avancees-partie-1\/"]}]},{"@type":"BreadcrumbList","@id":"https:\/\/www.zensol.com\/fr\/videos-2\/video-12-le-cba-32p-et-cbawin-notions-avancees-partie-1\/#breadcrumb","itemListElement":[{"@type":"ListItem","position":1,"name":"videos","item":"https:\/\/www.zensol.com\/fr\/videos-2\/"},{"@type":"ListItem","position":2,"name":"Video 12: Le CBA-32P et CbaWin Notions avanc\u00e9es: Partie 1"}]},{"@type":"WebSite","@id":"https:\/\/www.zensol.com\/#website","url":"https:\/\/www.zensol.com\/","name":"Zensol","description":"The Circuit Breaker, Recloser and Tap-Changer Instrument Test Specialist","potentialAction":[{"@type":"SearchAction","target":{"@type":"EntryPoint","urlTemplate":"https:\/\/www.zensol.com\/?s={search_term_string}"},"query-input":{"@type":"PropertyValueSpecification","valueRequired":true,"valueName":"search_term_string"}}],"inLanguage":"fr-FR"}]}},"_links":{"self":[{"href":"https:\/\/www.zensol.com\/fr\/wp-json\/wp\/v2\/pages\/11676","targetHints":{"allow":["GET"]}}],"collection":[{"href":"https:\/\/www.zensol.com\/fr\/wp-json\/wp\/v2\/pages"}],"about":[{"href":"https:\/\/www.zensol.com\/fr\/wp-json\/wp\/v2\/types\/page"}],"author":[{"embeddable":true,"href":"https:\/\/www.zensol.com\/fr\/wp-json\/wp\/v2\/users\/1"}],"replies":[{"embeddable":true,"href":"https:\/\/www.zensol.com\/fr\/wp-json\/wp\/v2\/comments?post=11676"}],"version-history":[{"count":5,"href":"https:\/\/www.zensol.com\/fr\/wp-json\/wp\/v2\/pages\/11676\/revisions"}],"predecessor-version":[{"id":13548,"href":"https:\/\/www.zensol.com\/fr\/wp-json\/wp\/v2\/pages\/11676\/revisions\/13548"}],"up":[{"embeddable":true,"href":"https:\/\/www.zensol.com\/fr\/wp-json\/wp\/v2\/pages\/10504"}],"wp:attachment":[{"href":"https:\/\/www.zensol.com\/fr\/wp-json\/wp\/v2\/media?parent=11676"}],"curies":[{"name":"wp","href":"https:\/\/api.w.org\/{rel}","templated":true}]}}