{"id":11673,"date":"2020-04-09T18:27:00","date_gmt":"2020-04-09T17:27:00","guid":{"rendered":"https:\/\/www.zensol.net\/?page_id=11673"},"modified":"2023-08-10T15:38:29","modified_gmt":"2023-08-10T14:38:29","slug":"video-11-execution-des-essais-et-analyse-des-resultats","status":"publish","type":"page","link":"https:\/\/www.zensol.com\/fr\/videos-2\/video-11-execution-des-essais-et-analyse-des-resultats\/","title":{"rendered":"Video 11: Ex\u00e9cution des essais et analyse des r\u00e9sultats"},"content":{"rendered":"\n<style type=\"text\/css\" data-created_by=\"avia_inline_auto\" id=\"style-css-av-31ypjeh-32e45c69c1273ffe4254a6494c51fa47\">\n.flex_column.av-31ypjeh-32e45c69c1273ffe4254a6494c51fa47{\n-webkit-border-radius:0px 0px 0px 0px;\n-moz-border-radius:0px 0px 0px 0px;\nborder-radius:0px 0px 0px 0px;\npadding:0px 0px 0px 0px;\n}\n<\/style>\n<div class='flex_column av-31ypjeh-32e45c69c1273ffe4254a6494c51fa47 av_one_full  avia-builder-el-0  el_before_av_one_full  avia-builder-el-first  first flex_column_div av-zero-column-padding '     ><section  class='av_textblock_section av-2fijqux-52aed056678f27e02a0b1bb4c362335a'  itemscope=\"itemscope\" itemtype=\"https:\/\/schema.org\/CreativeWork\" ><div class='avia_textblock'  itemprop=\"text\" ><h3><span style=\"color: #488113;\"><strong>Video 11: Ex\u00e9cution des essais et analyse des r\u00e9sultats<br \/>\n<\/strong><\/span><\/h3>\n<\/div><\/section><br \/>\n<section  class='av_textblock_section av-1wzujnd-e6322837d6ce747ef563205379ce5db9'  itemscope=\"itemscope\" itemtype=\"https:\/\/schema.org\/CreativeWork\" ><div class='avia_textblock'  itemprop=\"text\" ><p>Cette vid\u00e9o explique la proc\u00e9dure \u00e0 suivre avant de d\u00e9marrer un test avec CbaWin, et pour ex\u00e9cuter un test, sauvegarder, analyser, et exporter les r\u00e9sultats du test avec les diff\u00e9rents rapports. La vid\u00e9o explique aussi comment faire un test de d\u00e9placement avec un kit ZLR et un kit ZMS<\/p>\n<p>Dur\u00e9e: 11mn 43s<\/p>\n<p><strong>Th\u00e8me :<\/strong> Instrument de mesure CBA-32P de Zensol<\/p>\n<\/div><\/section><\/p><\/div>\n<div class='flex_column av-1s2fddl-9ba14755d76f976f44fe4c5160c1579a av_one_full  avia-builder-el-3  el_after_av_one_full  el_before_av_one_full  first flex_column_div column-top-margin'     ><div  class='avia-video av-lkmsik1e-3776bd895f0a84e767153ac67a8fa2af avia-video-16-9 av-no-preview-image avia-video-load-always av-lazyload-immediate av-lazyload-video-embed'  itemprop=\"video\" itemtype=\"https:\/\/schema.org\/VideoObject\"  data-original_url='https:\/\/www.youtube.com\/watch?v=HAv1L89Ufkw'><script type='text\/html' class='av-video-tmpl'><div class='avia-iframe-wrap'><iframe loading=\"lazy\" width=\"1500\" height=\"844\" src=\"https:\/\/www.youtube.com\/embed\/HAv1L89Ufkw?feature=oembed&autoplay=0&loop=0&controls=1&mute=0\" frameborder=\"0\" allow=\"accelerometer; autoplay; encrypted-media; gyroscope; picture-in-picture\" allowfullscreen><\/iframe><\/div><\/script><div class='av-click-to-play-overlay'><div class=\"avia_playpause_icon\"><\/div><\/div><\/div><\/div>\n<style type=\"text\/css\" data-created_by=\"avia_inline_auto\" id=\"style-css-av-13nnkhl-340a21986784a03d948a5b04aaea887a\">\n.flex_column.av-13nnkhl-340a21986784a03d948a5b04aaea887a{\n-webkit-border-radius:0px 0px 0px 0px;\n-moz-border-radius:0px 0px 0px 0px;\nborder-radius:0px 0px 0px 0px;\npadding:0px 0px 0px 0px;\n}\n<\/style>\n<div class='flex_column av-13nnkhl-340a21986784a03d948a5b04aaea887a av_one_full  avia-builder-el-5  el_after_av_one_full  avia-builder-el-last  first flex_column_div av-zero-column-padding column-top-margin'     ><section  class='av_textblock_section av-pemcih-63dd1c3f671dde0fd1dcbb68986379a8'  itemscope=\"itemscope\" itemtype=\"https:\/\/schema.org\/CreativeWork\" ><div class='avia_textblock'  itemprop=\"text\" ><p><strong><span style=\"color: #488113;\">Transcription compl\u00e8te de la video<\/span><\/strong><\/p>\n<p>Bonjour et bienvenue \u00e0 cette formation.<br \/>\nNous effectuerons un survol de l\u2019instrument de mesure de Zensol le CBA-32P<br \/>\nR\u00e9alis\u00e9 par Zensol Automation. en collaboration avec Hydro-Qu\u00e9bec.<\/p>\n<p>A la fin de cette vid\u00e9o, le participant sera en mesure d\u2019utiliser l\u2019analyseur de performance de disjoncteur CBA 32P.<\/p>\n<p>Ex\u00e9cution des essai et analyse des r\u00e9sultats.<br \/>\nQuelles informations doit-on v\u00e9rifier avant de d\u00e9marrer un test avec CbaWin ?<br \/>\nComment v\u00e9rifier la communication entre le CBA-32P et CbaWin ?<br \/>\nComment ex\u00e9cuter un test c\u00e2ble \u00e0 l\u2019aide de CbaWin ?<br \/>\nComment ex\u00e9cuter un test \u00e0 l\u2019aide de CbaWin ?<br \/>\nComment sauvegarder un test avec CbaWin ?<br \/>\nComment analyser les signaux avec CbaWin ?<br \/>\nComment faire une expansion d\u2019\u00e9chelle en X, en Y ou examiner la valeur d\u2019un signal avec CbaWin ?<br \/>\nComment afficher les rapports tabulaires ?<br \/>\nComment exporter vers Excel avec CbaWin ?<br \/>\nComment tester le d\u00e9placement avec un kit m\u00e9canique ZLR ?<br \/>\nComment tester le d\u00e9placement avec un kit m\u00e9canique ZMS ?<\/p>\n<p>Quelles informations doit-on v\u00e9rifier avant de d\u00e9marrer un test avec CbaWin ?<br \/>\nEn chantier, l\u2019attention est surtout port\u00e9e aux boutons bleus qui doivent \u00eatre utilis\u00e9s dans l\u2019ordre dans lesquels ils nous sont pr\u00e9sent\u00e9s, soit de gauche \u00e0 droite. Le premier bouton bleu, permet \u00e0 CbaWin de connaitre l\u2019identit\u00e9 du CBA-32P que vous avez connect\u00e9 \u00e0 votre ordinateur. CBAwin r\u00e9cup\u00e8re ainsi son num\u00e9ro de s\u00e9rie, son ann\u00e9e de fabrication ainsi que les caract\u00e9ristiques propres \u00e0 sa fabrication. Si rien ne s\u2019affiche, cela veut dire que vous avez un CBA-32P de premi\u00e8re g\u00e9n\u00e9ration et nous vous recommandons de mettre \u00e0 jour son firmware.<br \/>\nLe num\u00e9ro de s\u00e9rie en m\u00eame temps que l\u2019heure du test s\u2019afficheront automatiquement en bas de votre \u00e9cran graphique. Par exemple, cette information vous permettra de savoir que le m\u00eame disjoncteur a \u00e9t\u00e9 test\u00e9 avec deux CB A 32 P diff\u00e9rents.<br \/>\nLe retra\u00e7age exig\u00e9 par la norme ISO-9001 devient alors beaucoup plus facile \u00e0 appliquer.<\/p>\n<p>En cliquant sur le bouton d\u00e9marrer, v\u00e9rifier que les informations du CBA-32P s\u2019ins\u00e8rent bien dans les<br \/>\ncases.<br \/>\nLa section de notes vous donne certaines informations pertinentes sur votre CB A-32P, par exemple si le plan de test est compatible avec l\u2019instrument ou si l\u2019instrument a bien la gamme 0-1 amp\u00e8re. La gamme 1 amp\u00e8re est int\u00e9ressante \u00e0 avoir dans son CB A-32P, surtout pour les nouveaux disjoncteurs qui tirent tr\u00e8s peu de courants de bobines de fermeture ou d\u2019ouverture.<br \/>\nIl faut surtout v\u00e9rifier qu\u2019il n\u2019y a pas d\u2019avertissement d\u2019incompatibilit\u00e9.<br \/>\nDans cet exemple, on sait que le plan d\u2019essais est compatible avec le CBA-32P utilis\u00e9, qu\u2019il a la gamme 0-1 amp\u00e8re et que les entr\u00e9es optiques 89, 90 et 91 sont actives.<\/p>\n<p>Comment v\u00e9rifier la communication entre le CBA-32P et l\u2019ordinateur ?<br \/>\nOn clique sur le 2\u00e8me bouton bleu, pour v\u00e9rifier la stabilit\u00e9 de la communication entre le logiciel CbaWin et l\u2019appareil CBA-32P.<br \/>\nVous verrez en bas \u00e0 gauche les tests de communication en cours. Vous devez obtenir 100%.<br \/>\nSi ce n\u2019est pas le cas, aller dans le guide d\u2019installation, dans l\u2019annexe 2 intitul\u00e9e \u00ab test de communication \u00bb, vous y trouverez des recommandations de points \u00e0 v\u00e9rifier.<\/p>\n<p>Comment ex\u00e9cuter un test c\u00e2ble \u00e0 l\u2019aide de CbaWin<br \/>\nOn passe au 3\u00e8me bouton bleu : test c\u00e2bles et \u00e9tat du disjoncteur.<br \/>\nCette fonction tr\u00e8s utile lors des v\u00e9rifications pr\u00e9alables aux tests, sert \u00e0 connaitre l\u2019\u00e9tat des disjoncteurs \u00e0 distance. Elle sert \u00e9galement \u00e0 fermer ou ouvrir les disjoncteurs. Cette fonction est tr\u00e8s utile \u00e9galement pour d\u00e9tecter les c\u00e2bles d\u00e9fectueux ou mal install\u00e9s. Enfin, elle sert \u00e0 connaitre la position absolue des capteurs de d\u00e9placements analogiques.<br \/>\nOn clique sur \u00ab rafraichir \u00bb.<br \/>\nLa partie gauche vous indique l\u2019\u00e9tat des c\u00e2bles et des contacts. Si c\u2019est vert, c\u2019est ouvert. Si c\u2019est rouge, c\u2019est ferm\u00e9. Si c\u2019est gris, le signal n\u2019a pas \u00e9t\u00e9 activ\u00e9 dans le plan d\u2019essai.<br \/>\nLa section du milieu v\u00e9rifie les entr\u00e9es analogiques et les capteurs r\u00e9sistifs connect\u00e9s. Si c\u2019est blanc, l\u2019entr\u00e9e est active. Si c\u2019est gris, elle est inactive.<br \/>\nId\u00e9alement, les capteurs r\u00e9sistifs devraient se situer autour de 50%, pour \u00e9viter qu\u2019ils ne tombent \u00e0 0. Dans ce cas-ci, les entr\u00e9es analogiques sont grises, elles ne sont pas activ\u00e9es.<br \/>\nLa section de droite concerne l\u2019\u00e9tat des encodeurs optiques. Ici aussi, blanc l\u2019entr\u00e9e est active, gris c\u2019est inactif. Dans cet exemple, seules les trois premi\u00e8res entr\u00e9es encodeurs optiques sont actives.<br \/>\nSi, par exemple, vous voulez faire un test de fermeture, mais que vos contacts sont en rouge, cela veut dire qu\u2019ils sont d\u00e9j\u00e0 ferm\u00e9s. Vous devez donc les ouvrir avant de lancer votre test de fermeture. Vous pouvez le faire en cliquant sur le bouton \u00ab ouverture \u00bb. Le logiciel enverra un ordre d\u2019ouverture sans prendre les mesures. Apr\u00e8s avoir cliqu\u00e9 sur \u00ab rafraichir \u00bb, les contacts devraient normalement appara\u00eetre en vert sur cette fen\u00eatre.<br \/>\nDans un cas o\u00f9 l\u2019\u00e9tat des contacts est anormal, v\u00e9rifiez que les pinces soient bien install\u00e9es sur les contacts et que ceux-ci soient propres, pour garantir une bonne adh\u00e9rence. Si cela persiste, changez le c\u00e2ble d\u2019entr\u00e9e et voir si la couleur change de canal. Si tel est le cas, il se peut que votre c\u00e2ble ait un probl\u00e8me.<\/p>\n<p>Comment ex\u00e9cuter un test \u00e0 l\u2019aide de CbaWin?<br \/>\nUne fois que tout est correct, on clique sur l\u2019ic\u00f4ne de l\u2019homme bleu qui court pour ex\u00e9cuter le test.<br \/>\nUn message vous demandera si vous voulez vraiment lancer le test, cliquer sur \u00ab oui \u00bb si c\u2019est le cas.<br \/>\nPour passer au test suivant, cliquer sur la fl\u00e8che bleue. Puis, \u00e0 nouveau sur l\u2019homme qui court pour lancer le test suivant. Et ainsi de suite.<\/p>\n<p>Comment sauvegarder un test avec CbaWin?<br \/>\nUne fois la s\u00e9quence de test r\u00e9alis\u00e9e, il faut sauvegarder votre travail.<br \/>\nCliquer sur l\u2019ic\u00f4ne de la disquette.<br \/>\nDans une situation o\u00f9 vous voyez quelque chose de sp\u00e9cial sur les courbes, enregistrez. Vous pourrez transf\u00e9rer vos donn\u00e9es \u00e0 votre support technique et comprendra mieux la situation et saura comment vous aider.<\/p>\n<p>Comment analyser les signaux avec CbaWin ?<br \/>\nVoici un exemple de donn\u00e9es sur le fichier kso.wdt qui se trouve dans le r\u00e9pertoire exemple de CbaWin.<br \/>\nLa page graphique configur\u00e9e au pr\u00e9alable dans le plan d\u2019essai montre de bas en haut, le courant de la bobine de fermeture indiqu\u00e9e par son num\u00e9ro logiciel 1.<br \/>\nAucun signal pour le courant d\u2019ouverture en num\u00e9ro 2 car, comme le titre l\u2019indique, c\u2019est un test de fermeture.<br \/>\nEnsuite, la course du d\u00e9placement sous le num\u00e9ro 3, puis la vitesse signal virtuel indiqu\u00e9 par son num\u00e9ro logiciel 9 tel que vue pr\u00e9c\u00e9demment<br \/>\npuis les contacts des trois phases A branch\u00e9 sur le 17, la phase B sur le 19 et enfin la phase C branch\u00e9e sur le 21.<br \/>\nIl faut remarquer ici que l\u2019utilisateur a utilis\u00e9 3 c\u00e2bles contacts s\u00e9par\u00e9s et dans chaque c\u00e2ble il a utilis\u00e9 seulement la pince jaune.<br \/>\nLes calculs relatifs aux diff\u00e9rents signaux se trouvent sur la droite.<\/p>\n<p>Comment faire une expansion d\u2019\u00e9chelle en X, en Y ou examiner la valeur d\u2019un signal avec CbaWin ?<br \/>\nTel que mentionn\u00e9 pr\u00e9c\u00e9demment, on utilise les boutons rouges pour analyser les diff\u00e9rents signaux.<br \/>\nPour zoomer sur les courbes, utilisez les \u00ab expansions d\u2019\u00e9chelles horizontale et verticale \u00bb.<br \/>\nPour zoomer sur les calculs \u00e0 droite, utilisez l\u2019ic\u00f4ne de la loupe.<br \/>\nCette diapositive montre la course d\u2019un signal de d\u00e9placement d\u2019un disjoncteur K S O amplifi\u00e9 en X et en Y.<br \/>\nPar test, vous avez la possibilit\u00e9 d\u2019avoir jusqu\u2019\u00e0 10 pr\u00e9sentations graphiques diff\u00e9rentes. CBAWin les appelle des pages. Pour passer d\u2019une page \u00e0 l\u2019autre, donc d\u2019une pr\u00e9sentation graphique \u00e0 l\u2019autre, utilisez les fl\u00e8ches rouges.<br \/>\nCela est tr\u00e8s utile notamment pour les disjoncteurs 24 contacts dans le 735 kilo volts, afin de faciliter l\u2019analyse des phases.<br \/>\nPar exemple, dans les plans d\u2019essai, la page 1 montre tous les signaux, la page 2 la phase A, la page 3 la phase B, la page 4 la phase C, la page 5 les d\u00e9placements, la page 6 les vitesses.<br \/>\nL\u2019int\u00e9r\u00eat de ces plans d\u2019essai universels, c\u2019est que les pages sont d\u00e9j\u00e0 pr\u00e9configur\u00e9s dans les plans d\u2019essais donnant ainsi \u00e0 l\u2019op\u00e9rateur la pr\u00e9sentation graphique id\u00e9ale.<\/p>\n<p>Comment afficher les rapports tabulaires ?<br \/>\nPour exporter en rapport tabulaire, cliquez sur l\u2019ic\u00f4ne avec le grand T.<\/p>\n<p>Comment exporter vers Excel avec CbaWin.<br \/>\nApr\u00e8s avoir sauvegard\u00e9 vos donn\u00e9es en fichier point wdt, vous pouvez les exporter en format Excel.<br \/>\nIl suffit de cliquer sur le grand x rouge et vous les verrez appara\u00eetre dans un tableau Excel.<\/p>\n<p>Comment tester le d\u00e9placement avec un kit m\u00e9canique ZLR.<br \/>\nLe KIT-ZLR permet de v\u00e9rifier le d\u00e9placement des contacts pour un m\u00e9canisme lin\u00e9aire.<br \/>\nC\u2019est un kit commercialis\u00e9 par Zensol, cr\u00e9\u00e9 en partenariat avec Hydro Qu\u00e9bec.<br \/>\nIl est utilis\u00e9 avec un capteur rotatif, soit analogique, soit encodeur optique, selon le plan de test choisi.<br \/>\nIl est tr\u00e8s utile lorsque la place est limit\u00e9e pour les grands capteurs r\u00e9sistifs lin\u00e9aires du KIT-ZLB.<br \/>\nLe KIT-ZLR est fix\u00e9 par des pinces. La tige du m\u00e9canisme fait tourner les roues du ZLR, produisant ainsi un mouvement rotatif mesur\u00e9 par le capteur rotatif, qui se trouve de l\u2019autre c\u00f4t\u00e9 des roues.<br \/>\nVoici un exemple obtenu sur un contact de la phase B d\u2019un disjoncteur GL315.<br \/>\nPour voir la vitesse associ\u00e9e au d\u00e9placement, allez sur la page 6 gr\u00e2ce aux fl\u00e8ches rouges.<br \/>\nOn voit en haut la vitesse, ensuite la courbe de d\u00e9placement, puis le temps de fermeture du contact.<\/p>\n<p>Comment tester le d\u00e9placement avec un kit m\u00e9canique ZMS ?<br \/>\nPour un m\u00e9canisme rotatif, le KIT-ZMS de Zensol est tr\u00e8s flexible et peut s\u2019adapter \u00e0 de nombreuses situations.<br \/>\nOn fixe la pince sur le disjoncteur, on visse le bras noir qui am\u00e8ne le capteur rotatif en axe avec le m\u00e9canisme du disjoncteur.<br \/>\nLe KIT-ZMS est un kit universel qui comprend divers boulons qui s\u2019adaptent \u00e0 plusieurs disjoncteurs, tels que les HPL par exemple.<br \/>\nIl s\u2019utilise soit avec un capteur rotatif r\u00e9sistif, qui se connecte sur les entr\u00e9es analogiques, soit avec un encodeur optique, qui se connecte aux entr\u00e9es encodeurs optiques.<br \/>\nVoici un exemple de ce qu\u2019on obtient sur un contact de la phase A d\u2019un disjoncteur \u00e0 mouvement rotatif.<br \/>\nPour voir toutes les mesures li\u00e9es au contact A1, ainsi que sa vitesse, allez sur la page 5 gr\u00e2ce aux fl\u00e8ches rouges.<br \/>\nOn voit au haut la vitesse, ensuite la courbe de d\u00e9placement, puis le temps de fermeture du contact A1.<\/p>\n<p>Question Le\u00e7on 4.<br \/>\nComment v\u00e9rifier facilement qu\u2019un c\u00e2ble n\u2019est pas d\u00e9fectueux \u00e0 l\u2019aide de CbaWin ?<br \/>\nA. le bonhomme bleu,<br \/>\nB. le test lien,<br \/>\nC. Le test c\u00e2bles.<br \/>\nLa R\u00e9ponse est, C, test c\u00e2bles. Voir diapositive 7 pour plus d\u2019informations.<\/p>\n<p>R\u00e9f\u00e9rences<br \/>\nZensol : Aide \u00e0 la t\u00e2che.<br \/>\nZensol : Guide d\u2019utilisation rapide.<\/p>\n<\/div><\/section><\/div><\/p>\n","protected":false},"excerpt":{"rendered":"","protected":false},"author":1,"featured_media":0,"parent":10504,"menu_order":0,"comment_status":"closed","ping_status":"closed","template":"","meta":{"footnotes":""},"class_list":["post-11673","page","type-page","status-publish","hentry"],"yoast_head":"<!-- This site is optimized with the Yoast SEO plugin v27.5 - https:\/\/yoast.com\/product\/yoast-seo-wordpress\/ -->\n<title>Video 11: Ex\u00e9cution des essais et analyse des r\u00e9sultats - Zensol<\/title>\n<meta name=\"robots\" content=\"index, follow, max-snippet:-1, max-image-preview:large, max-video-preview:-1\" \/>\n<link rel=\"canonical\" href=\"https:\/\/www.zensol.com\/fr\/videos-2\/video-11-execution-des-essais-et-analyse-des-resultats\/\" \/>\n<meta property=\"og:locale\" content=\"fr_FR\" \/>\n<meta property=\"og:type\" content=\"article\" \/>\n<meta property=\"og:title\" content=\"Video 11: Ex\u00e9cution des essais et analyse des r\u00e9sultats - Zensol\" \/>\n<meta property=\"og:url\" content=\"https:\/\/www.zensol.com\/fr\/videos-2\/video-11-execution-des-essais-et-analyse-des-resultats\/\" \/>\n<meta property=\"og:site_name\" content=\"Zensol\" \/>\n<meta property=\"article:modified_time\" content=\"2023-08-10T14:38:29+00:00\" \/>\n<meta name=\"twitter:label1\" content=\"Dur\u00e9e de lecture estim\u00e9e\" \/>\n\t<meta name=\"twitter:data1\" content=\"9 minutes\" \/>\n<script type=\"application\/ld+json\" class=\"yoast-schema-graph\">{\"@context\":\"https:\\\/\\\/schema.org\",\"@graph\":[{\"@type\":\"WebPage\",\"@id\":\"https:\\\/\\\/www.zensol.com\\\/fr\\\/videos-2\\\/video-11-execution-des-essais-et-analyse-des-resultats\\\/\",\"url\":\"https:\\\/\\\/www.zensol.com\\\/fr\\\/videos-2\\\/video-11-execution-des-essais-et-analyse-des-resultats\\\/\",\"name\":\"Video 11: Ex\u00e9cution des essais et analyse des r\u00e9sultats - Zensol\",\"isPartOf\":{\"@id\":\"https:\\\/\\\/www.zensol.com\\\/#website\"},\"datePublished\":\"2020-04-09T17:27:00+00:00\",\"dateModified\":\"2023-08-10T14:38:29+00:00\",\"breadcrumb\":{\"@id\":\"https:\\\/\\\/www.zensol.com\\\/fr\\\/videos-2\\\/video-11-execution-des-essais-et-analyse-des-resultats\\\/#breadcrumb\"},\"inLanguage\":\"fr-FR\",\"potentialAction\":[{\"@type\":\"ReadAction\",\"target\":[\"https:\\\/\\\/www.zensol.com\\\/fr\\\/videos-2\\\/video-11-execution-des-essais-et-analyse-des-resultats\\\/\"]}]},{\"@type\":\"BreadcrumbList\",\"@id\":\"https:\\\/\\\/www.zensol.com\\\/fr\\\/videos-2\\\/video-11-execution-des-essais-et-analyse-des-resultats\\\/#breadcrumb\",\"itemListElement\":[{\"@type\":\"ListItem\",\"position\":1,\"name\":\"videos\",\"item\":\"https:\\\/\\\/www.zensol.com\\\/fr\\\/videos-2\\\/\"},{\"@type\":\"ListItem\",\"position\":2,\"name\":\"Video 11: Ex\u00e9cution des essais et analyse des r\u00e9sultats\"}]},{\"@type\":\"WebSite\",\"@id\":\"https:\\\/\\\/www.zensol.com\\\/#website\",\"url\":\"https:\\\/\\\/www.zensol.com\\\/\",\"name\":\"Zensol\",\"description\":\"The Circuit Breaker, Recloser and Tap-Changer Instrument Test Specialist\",\"potentialAction\":[{\"@type\":\"SearchAction\",\"target\":{\"@type\":\"EntryPoint\",\"urlTemplate\":\"https:\\\/\\\/www.zensol.com\\\/?s={search_term_string}\"},\"query-input\":{\"@type\":\"PropertyValueSpecification\",\"valueRequired\":true,\"valueName\":\"search_term_string\"}}],\"inLanguage\":\"fr-FR\"}]}<\/script>\n<!-- \/ Yoast SEO plugin. -->","yoast_head_json":{"title":"Video 11: Ex\u00e9cution des essais et analyse des r\u00e9sultats - Zensol","robots":{"index":"index","follow":"follow","max-snippet":"max-snippet:-1","max-image-preview":"max-image-preview:large","max-video-preview":"max-video-preview:-1"},"canonical":"https:\/\/www.zensol.com\/fr\/videos-2\/video-11-execution-des-essais-et-analyse-des-resultats\/","og_locale":"fr_FR","og_type":"article","og_title":"Video 11: Ex\u00e9cution des essais et analyse des r\u00e9sultats - Zensol","og_url":"https:\/\/www.zensol.com\/fr\/videos-2\/video-11-execution-des-essais-et-analyse-des-resultats\/","og_site_name":"Zensol","article_modified_time":"2023-08-10T14:38:29+00:00","twitter_misc":{"Dur\u00e9e de lecture estim\u00e9e":"9 minutes"},"schema":{"@context":"https:\/\/schema.org","@graph":[{"@type":"WebPage","@id":"https:\/\/www.zensol.com\/fr\/videos-2\/video-11-execution-des-essais-et-analyse-des-resultats\/","url":"https:\/\/www.zensol.com\/fr\/videos-2\/video-11-execution-des-essais-et-analyse-des-resultats\/","name":"Video 11: Ex\u00e9cution des essais et analyse des r\u00e9sultats - Zensol","isPartOf":{"@id":"https:\/\/www.zensol.com\/#website"},"datePublished":"2020-04-09T17:27:00+00:00","dateModified":"2023-08-10T14:38:29+00:00","breadcrumb":{"@id":"https:\/\/www.zensol.com\/fr\/videos-2\/video-11-execution-des-essais-et-analyse-des-resultats\/#breadcrumb"},"inLanguage":"fr-FR","potentialAction":[{"@type":"ReadAction","target":["https:\/\/www.zensol.com\/fr\/videos-2\/video-11-execution-des-essais-et-analyse-des-resultats\/"]}]},{"@type":"BreadcrumbList","@id":"https:\/\/www.zensol.com\/fr\/videos-2\/video-11-execution-des-essais-et-analyse-des-resultats\/#breadcrumb","itemListElement":[{"@type":"ListItem","position":1,"name":"videos","item":"https:\/\/www.zensol.com\/fr\/videos-2\/"},{"@type":"ListItem","position":2,"name":"Video 11: Ex\u00e9cution des essais et analyse des r\u00e9sultats"}]},{"@type":"WebSite","@id":"https:\/\/www.zensol.com\/#website","url":"https:\/\/www.zensol.com\/","name":"Zensol","description":"The Circuit Breaker, Recloser and Tap-Changer Instrument Test Specialist","potentialAction":[{"@type":"SearchAction","target":{"@type":"EntryPoint","urlTemplate":"https:\/\/www.zensol.com\/?s={search_term_string}"},"query-input":{"@type":"PropertyValueSpecification","valueRequired":true,"valueName":"search_term_string"}}],"inLanguage":"fr-FR"}]}},"_links":{"self":[{"href":"https:\/\/www.zensol.com\/fr\/wp-json\/wp\/v2\/pages\/11673","targetHints":{"allow":["GET"]}}],"collection":[{"href":"https:\/\/www.zensol.com\/fr\/wp-json\/wp\/v2\/pages"}],"about":[{"href":"https:\/\/www.zensol.com\/fr\/wp-json\/wp\/v2\/types\/page"}],"author":[{"embeddable":true,"href":"https:\/\/www.zensol.com\/fr\/wp-json\/wp\/v2\/users\/1"}],"replies":[{"embeddable":true,"href":"https:\/\/www.zensol.com\/fr\/wp-json\/wp\/v2\/comments?post=11673"}],"version-history":[{"count":4,"href":"https:\/\/www.zensol.com\/fr\/wp-json\/wp\/v2\/pages\/11673\/revisions"}],"predecessor-version":[{"id":13544,"href":"https:\/\/www.zensol.com\/fr\/wp-json\/wp\/v2\/pages\/11673\/revisions\/13544"}],"up":[{"embeddable":true,"href":"https:\/\/www.zensol.com\/fr\/wp-json\/wp\/v2\/pages\/10504"}],"wp:attachment":[{"href":"https:\/\/www.zensol.com\/fr\/wp-json\/wp\/v2\/media?parent=11673"}],"curies":[{"name":"wp","href":"https:\/\/api.w.org\/{rel}","templated":true}]}}