{"id":11670,"date":"2020-04-09T18:20:32","date_gmt":"2020-04-09T17:20:32","guid":{"rendered":"https:\/\/www.zensol.net\/?page_id=11670"},"modified":"2023-07-28T17:12:38","modified_gmt":"2023-07-28T16:12:38","slug":"video-10-loading-test-plans-and-cable-connections-with-cbawin","status":"publish","type":"page","link":"https:\/\/www.zensol.com\/fr\/videos-2\/video-10-loading-test-plans-and-cable-connections-with-cbawin\/","title":{"rendered":"Video 10: Chargement des plans d\u2019essais et branchements des c\u00e2bles \u00e0 l\u2019aide de CbaWin"},"content":{"rendered":"\n<style type=\"text\/css\" data-created_by=\"avia_inline_auto\" id=\"style-css-av-av_one_full-6126cab7d8fab8d08143dd2dacdf673c\">\n.flex_column.av-av_one_full-6126cab7d8fab8d08143dd2dacdf673c{\n-webkit-border-radius:0px 0px 0px 0px;\n-moz-border-radius:0px 0px 0px 0px;\nborder-radius:0px 0px 0px 0px;\npadding:0px 0px 0px 0px;\n}\n<\/style>\n<div class='flex_column av-av_one_full-6126cab7d8fab8d08143dd2dacdf673c av_one_full  avia-builder-el-0  el_before_av_one_full  avia-builder-el-first  first flex_column_div av-zero-column-padding '     ><section  class='av_textblock_section av-av_textblock-0366cc7376be6c9e82a3e9cc8987b64f'  itemscope=\"itemscope\" itemtype=\"https:\/\/schema.org\/CreativeWork\" ><div class='avia_textblock'  itemprop=\"text\" ><h3><span style=\"color: #488113;\"><strong>Video 10: Chargement des plans d\u2019essais et branchements des c\u00e2bles \u00e0 l\u2019aide de CbaWin<br \/>\n<\/strong><\/span><\/h3>\n<\/div><\/section><br \/>\n<section  class='av_textblock_section av-av_textblock-0366cc7376be6c9e82a3e9cc8987b64f'  itemscope=\"itemscope\" itemtype=\"https:\/\/schema.org\/CreativeWork\" ><div class='avia_textblock'  itemprop=\"text\" ><p><strong><span style=\"color: #488113;\">R\u00e9sum\u00e9<\/span><\/strong><\/p>\n<p style=\"text-align: justify;\">Cette vid\u00e9o explique ce qui se passe quand on coupe un circuit en HT et les moyens pour que l&rsquo;arc ne se r\u00e9amorce pas dans diff\u00e9rents milieux isolants. La coupure dans un r\u00e9seau \u00e9lectrique de distribution ou de transport permet d\u2019isoler une partie du r\u00e9seau de l\u2019ensemble du parc \u00e9lectrique. Dans le domaine de la haute tension la s\u00e9paration des contacts ne suffit pas pour couper le courant instantan\u00e9ment. Lorsque les contacts se s\u00e9parent, le courant continue de circuler et un arc \u00e9lectrique temporaire se forme entre les contacts mobiles et les contacts fixes. Pour \u00e9teindre l\u2019arc \u00e9lectrique, il faut que le courant d\u2019arc devienne et reste nul. En faisant varier la vitesse d\u2019ouverture et la distance entre les contacts, on influence grandement la puissance et la dur\u00e9e de l\u2019arc \u00e9lectrique. Le fait d\u2019espacer suffisamment les contacts pour certains milieux isolants aide grandement au refroidissement et \u00e0 l\u2019extinction de l\u2019arc.<\/p>\n<\/div><\/section><\/p><\/div><div class='flex_column av-av_one_full-2a9015ff38129c418a3f2eafba3e9512 av_one_full  avia-builder-el-3  el_after_av_one_full  el_before_av_one_full  first flex_column_div column-top-margin'     ><div  class='avia-video av-av_video-6f59b804158f086fcca1240aa975e58c avia-video-16-9 av-no-preview-image avia-video-load-always av-lazyload-immediate av-lazyload-video-embed'  itemprop=\"video\" itemtype=\"https:\/\/schema.org\/VideoObject\"  data-original_url='https:\/\/www.youtube.com\/watch?v=gwV91M5JtRQ'><script type='text\/html' class='av-video-tmpl'><div class='avia-iframe-wrap'><iframe loading=\"lazy\" width=\"1500\" height=\"844\" src=\"https:\/\/www.youtube.com\/embed\/gwV91M5JtRQ?feature=oembed&autoplay=0&loop=0&controls=1&mute=0\" frameborder=\"0\" allow=\"accelerometer; autoplay; encrypted-media; gyroscope; picture-in-picture\" allowfullscreen><\/iframe><\/div><\/script><div class='av-click-to-play-overlay'><div class=\"avia_playpause_icon\"><\/div><\/div><\/div><\/div>\n<style type=\"text\/css\" data-created_by=\"avia_inline_auto\" id=\"style-css-av-av_one_full-6126cab7d8fab8d08143dd2dacdf673c\">\n.flex_column.av-av_one_full-6126cab7d8fab8d08143dd2dacdf673c{\n-webkit-border-radius:0px 0px 0px 0px;\n-moz-border-radius:0px 0px 0px 0px;\nborder-radius:0px 0px 0px 0px;\npadding:0px 0px 0px 0px;\n}\n<\/style>\n<div class='flex_column av-av_one_full-6126cab7d8fab8d08143dd2dacdf673c av_one_full  avia-builder-el-5  el_after_av_one_full  avia-builder-el-last  first flex_column_div av-zero-column-padding column-top-margin'     ><section  class='av_textblock_section av-av_textblock-0366cc7376be6c9e82a3e9cc8987b64f'  itemscope=\"itemscope\" itemtype=\"https:\/\/schema.org\/CreativeWork\" ><div class='avia_textblock'  itemprop=\"text\" ><p><strong><span style=\"color: #488113;\">Transcription compl\u00e8te de la video<\/span><\/strong><\/p>\n<p>Bonjour et bienvenue \u00e0 cette formation.<br \/>\nNous effectuerons un survol de l\u2019instrument de mesure de Zensol le CBA-32P<br \/>\nR\u00e9alis\u00e9 par Zensol Automation. en collaboration avec Hydro-Qu\u00e9bec<\/p>\n<p>A la fin de cette vid\u00e9o, le participant sera en mesure d\u2019utiliser l\u2019analyseur de performance de disjoncteur CBA 32P.<\/p>\n<p>Chargement de plan d\u2019essai et branchements des c\u00e2bles avec CbaWin .<br \/>\nCharger un plan de test avec CbaWin<br \/>\nCharger un test de la librairie plan d\u2019essai universel Zensol avec CbaWin<br \/>\nCharger un test avec encodeur optique<br \/>\nR\u00e9aliser les branchements \u00e0 l\u2019aide de CbaWin<br \/>\nBrancher les c\u00e2bles sur un G.V.H.<br \/>\nBrancher les c\u00e2bles sur un HPL 330 B2<\/p>\n<p>Comment charger un plan d\u2019essai avec CbaWin ?<br \/>\nIl faut au pr\u00e9alable, charger un plan d\u2019essai existant. Si vous avez cliqu\u00e9 sur le mauvais choix, vous pouvez toujours retrouver cette fen\u00eatre en cliquant sur l\u2019ic\u00f4ne de la baguette magique, le premier bouton de la barre d\u2019outils. Vous pouvez \u00e9galement ouvrir un plan de test en cliquant sur le deuxi\u00e8me bouton \u00ab ouvrir plan \u00bb.<\/p>\n<p>Comment charger un test de la librairie \u00ab plan d\u2019essai universel Zensol \u00bb avec CbaWin?<br \/>\nA partir du r\u00e9pertoire ou est install\u00e9 CbaWin, allez dans \u00ab plans universel Zensol \u00bb, puis, choisissez le plan appropri\u00e9.<\/p>\n<p>Comment charger un plan d\u2019essai avec encodeur optique ?<br \/>\nS\u2019il y a des tests de d\u00e9placement de contact, il faut savoir si l\u2019on utilise des capteurs encodeurs optiques digitaux ou r\u00e9sistifs analogiques. Tel que mentionn\u00e9 pr\u00e9c\u00e9demment, les \u00e9lectriciens utilisent de plus en plus les capteurs optiques, car ils sont plus pr\u00e9cis et plus faciles \u00e0 utiliser.<br \/>\nUne fois le type de capteurs utilis\u00e9s connus, il faut choisir le plan de test ad\u00e9quat. C\u2019est un fichier se terminant par point wcf.<br \/>\nWcf pour configuration de plan de test.<\/p>\n<p>Comment r\u00e9aliser les branchements \u00e0 l\u2019aide de CbaWin?<br \/>\nUne fois le plan de test wcf choisi, la face avant du CB A-32P s\u2019affiche ainsi que les branchements \u00e0 faire sur les disjoncteurs.<br \/>\nBien v\u00e9rifier que les connexions des c\u00e2bles contacts avec leurs pinces jaunes et rouges, ainsi que les entr\u00e9es utilis\u00e9es pour les capteurs, concordent avec ce qui est affich\u00e9 sur l\u2019image. On s\u2019assure ainsi de visualiser les r\u00e9sultats des tests sur le graphique.<br \/>\nDans cet exemple, on voit qu\u2019il faut connecter 3 c\u00e2bles contact aux trois premi\u00e8res entr\u00e9es contact. Il faut connecter seulement les pinces jaunes pour activer uniquement les signaux 17, 19 et 21. Seuls les 3 premiers encodeurs optiques sont activ\u00e9s, les signaux 89, 90 et 91. Il faudra donc connecter les encodeurs optiques \u00e0 ces entr\u00e9es.<br \/>\nEn bas, lire les notes importantes.<br \/>\nEn bas \u00e0 gauche, les fl\u00e8ches bleu-fonc\u00e9 servent \u00e0 voir la configuration des tests suivants. Important de regarder quels tests on va faire pour v\u00e9rifier que cela correspond bien aux sp\u00e9cifications du disjoncteur.<br \/>\nDans la section de droite, rentrez les informations concernant le disjoncteur, le poste haute tension, le num\u00e9ro de s\u00e9rie, le lieu et toute autre information utiles. Il faut cliquer sur l\u2019horloge pour mettre l\u2019heure et la date \u00e0 jour.<br \/>\nLes petites fl\u00e8ches permettent d\u2019aller vers les cases 10 et plus.<br \/>\nApr\u00e8s avoir tout v\u00e9rifi\u00e9, Cliquer sur OK.<br \/>\nVous pouvez toujours retourner sur cette page durant vos tests, si vous avez oubli\u00e9 de rentrer une information. Pour cela, cliquer sur le 6\u00e8me bouton bleu \u00ab branchements et informations \u00bb. Les informations ins\u00e9r\u00e9es se retrouveront dans vos rapport tabulaires et rapports Excel apr\u00e8s l\u2019export.<\/p>\n<p>Comment brancher les c\u00e2bles contacts sur un disjoncteur gros volume d\u2019huile ?<br \/>\nEn premier, on branche le c\u00e2ble de mise \u00e0 la terre.<br \/>\nNotons que ce c\u00e2ble sera le dernier \u00e0 \u00eatre enlev\u00e9 \u00e0 la toute fin des tests.<br \/>\nBranchez ensuite le c\u00e2ble d\u2019alimentation sur la face avant du CBA-32P.<br \/>\nReliez le module de communication fibre-optique \u00e0 l\u2019ordinateur. Faites attention aux indications Tx et Rx.<br \/>\nT pour transmission et R pour r\u00e9ception. Vous trouverez l\u2019explication dans le manuel de Zensol, le Guide d\u2019installation rapide.<br \/>\nOn branche le c\u00e2ble de commande aux bobines ou sur leurs relais, selon le disjoncteur.<br \/>\nCe type de disjoncteur a 2 contacts par phase ins\u00e9parables, situ\u00e9s \u00e0 l\u2019int\u00e9rieur du disjoncteur. Il y a deux m\u00e9thodes de branchement.<br \/>\nSoit on utilise un c\u00e2ble par contact, dans ce cas on aura besoin de 3 c\u00e2bles contacts s\u00e9par\u00e9s.<br \/>\nSoit on utilise seulement 2 c\u00e2bles contacts, comme nous allons le voir ensemble.<br \/>\nSi le plan d\u2019essai utilis\u00e9 demande 2 c\u00e2bles contacts, tel que pr\u00e9sent\u00e9 ici, voici ce que vous devrez faire.<br \/>\nPour les contacts : Prendre un c\u00e2ble contact et le connecter \u00e0 la premi\u00e8re entr\u00e9e contact. Connecter la pince jaune au contact de la phase A, la pince rouge au contact de la phase B, la pince noire au commun d\u2019une de ces deux phases. Puis, rajouter un cavalier qui relie le commun des deux phases A et B.<br \/>\nPrendre le deuxi\u00e8me c\u00e2ble connect\u00e9 \u00e0 la deuxi\u00e8me entr\u00e9e contact. Connecter la pince jaune au contact de la phase C, la pince noire au commun de la phase C, et ne pas utiliser la pince rouge.<br \/>\nOn aura ainsi, la phase A sur le signal 17, la phase B sur le signal 18 et la phase C sur le signal 19, tel que demand\u00e9 par le plan d\u2019essais.<\/p>\n<p>Comment brancher les c\u00e2bles sur les disjoncteurs HPL 330 B2<br \/>\nLes branchements entre l\u2019ordinateur et le CBA-32P sont identiques \u00e0 la diapositive pr\u00e9c\u00e9dente.<br \/>\nPour ce qui est des c\u00e2bles contacts, voici un exemple d\u2019un disjoncteur HPL 330 B2, \u00e0 2 contacts par phase, avec r\u00e9sistances d\u2019insertion.<br \/>\nLes c\u00e2bles contacts Zensol ont 3 pinces batteries, une jaune et une rouge pour 2 contacts secs, une noire pour le commun. Dans ce cas, 1 seul c\u00e2ble par phase suffit.<br \/>\n\u00c0 l\u2019ouverture du plan de test universel Zensol, la fen\u00eatre du logiciel indique les entr\u00e9es actives auxquelles les c\u00e2bles doivent \u00eatre connect\u00e9s. Il est suffisant de suivre les branchements.<br \/>\nOn a ici, la premi\u00e8re entr\u00e9e contact reli\u00e9e \u00e0 la phase A, la 2\u00e8me entr\u00e9e \u00e0 la phase B et la 3\u00e8me entr\u00e9e \u00e0 la phase C.<br \/>\nPour chaque phase, la pince jaune est sur le contact 1, la pince rouge sur le contact 2 et la pince noire sur le commun.<\/p>\n<p>Question le\u00e7on 3.<br \/>\nQuelle est l\u2019extension d\u2019un fichier de plan de test :<br \/>\nA .wcf. B .wdt. C .gcf.<br \/>\nLa R\u00e9ponse est, A . WCF<br \/>\nVoir diapositive 6 pour plus de d\u00e9tails.<\/p>\n<p>Zensol : Aide \u00e0 la t\u00e2che.<br \/>\nZensol : Guide d\u2019utilisation rapide.<\/p>\n<\/div><\/section><\/div><\/p>\n","protected":false},"excerpt":{"rendered":"","protected":false},"author":1,"featured_media":0,"parent":10504,"menu_order":0,"comment_status":"closed","ping_status":"closed","template":"","meta":{"footnotes":""},"class_list":["post-11670","page","type-page","status-publish","hentry"],"yoast_head":"<!-- This site is optimized with the Yoast SEO plugin v26.3 - https:\/\/yoast.com\/wordpress\/plugins\/seo\/ -->\n<title>Video 10: Chargement des plans d\u2019essais et branchements des c\u00e2bles \u00e0 l\u2019aide de CbaWin - Zensol<\/title>\n<meta name=\"robots\" content=\"index, follow, max-snippet:-1, max-image-preview:large, max-video-preview:-1\" \/>\n<link rel=\"canonical\" href=\"https:\/\/www.zensol.com\/fr\/videos-2\/video-10-loading-test-plans-and-cable-connections-with-cbawin\/\" \/>\n<meta property=\"og:locale\" content=\"fr_FR\" \/>\n<meta property=\"og:type\" content=\"article\" \/>\n<meta property=\"og:title\" content=\"Video 10: Chargement des plans d\u2019essais et branchements des c\u00e2bles \u00e0 l\u2019aide de CbaWin - Zensol\" \/>\n<meta property=\"og:url\" content=\"https:\/\/www.zensol.com\/fr\/videos-2\/video-10-loading-test-plans-and-cable-connections-with-cbawin\/\" \/>\n<meta property=\"og:site_name\" content=\"Zensol\" \/>\n<meta property=\"article:modified_time\" content=\"2023-07-28T16:12:38+00:00\" \/>\n<meta name=\"twitter:label1\" content=\"Dur\u00e9e de lecture estim\u00e9e\" \/>\n\t<meta name=\"twitter:data1\" content=\"6 minutes\" \/>\n<script type=\"application\/ld+json\" class=\"yoast-schema-graph\">{\"@context\":\"https:\/\/schema.org\",\"@graph\":[{\"@type\":\"WebPage\",\"@id\":\"https:\/\/www.zensol.com\/fr\/videos-2\/video-10-loading-test-plans-and-cable-connections-with-cbawin\/\",\"url\":\"https:\/\/www.zensol.com\/fr\/videos-2\/video-10-loading-test-plans-and-cable-connections-with-cbawin\/\",\"name\":\"Video 10: Chargement des plans d\u2019essais et branchements des c\u00e2bles \u00e0 l\u2019aide de CbaWin - Zensol\",\"isPartOf\":{\"@id\":\"https:\/\/www.zensol.com\/#website\"},\"datePublished\":\"2020-04-09T17:20:32+00:00\",\"dateModified\":\"2023-07-28T16:12:38+00:00\",\"breadcrumb\":{\"@id\":\"https:\/\/www.zensol.com\/fr\/videos-2\/video-10-loading-test-plans-and-cable-connections-with-cbawin\/#breadcrumb\"},\"inLanguage\":\"fr-FR\",\"potentialAction\":[{\"@type\":\"ReadAction\",\"target\":[\"https:\/\/www.zensol.com\/fr\/videos-2\/video-10-loading-test-plans-and-cable-connections-with-cbawin\/\"]}]},{\"@type\":\"BreadcrumbList\",\"@id\":\"https:\/\/www.zensol.com\/fr\/videos-2\/video-10-loading-test-plans-and-cable-connections-with-cbawin\/#breadcrumb\",\"itemListElement\":[{\"@type\":\"ListItem\",\"position\":1,\"name\":\"videos\",\"item\":\"https:\/\/www.zensol.com\/fr\/videos-2\/\"},{\"@type\":\"ListItem\",\"position\":2,\"name\":\"Video 10: Chargement des plans d\u2019essais et branchements des c\u00e2bles \u00e0 l\u2019aide de CbaWin\"}]},{\"@type\":\"WebSite\",\"@id\":\"https:\/\/www.zensol.com\/#website\",\"url\":\"https:\/\/www.zensol.com\/\",\"name\":\"Zensol\",\"description\":\"The Circuit Breaker, Recloser and Tap-Changer Instrument Test Specialist\",\"potentialAction\":[{\"@type\":\"SearchAction\",\"target\":{\"@type\":\"EntryPoint\",\"urlTemplate\":\"https:\/\/www.zensol.com\/?s={search_term_string}\"},\"query-input\":{\"@type\":\"PropertyValueSpecification\",\"valueRequired\":true,\"valueName\":\"search_term_string\"}}],\"inLanguage\":\"fr-FR\"}]}<\/script>\n<!-- \/ Yoast SEO plugin. -->","yoast_head_json":{"title":"Video 10: Chargement des plans d\u2019essais et branchements des c\u00e2bles \u00e0 l\u2019aide de CbaWin - Zensol","robots":{"index":"index","follow":"follow","max-snippet":"max-snippet:-1","max-image-preview":"max-image-preview:large","max-video-preview":"max-video-preview:-1"},"canonical":"https:\/\/www.zensol.com\/fr\/videos-2\/video-10-loading-test-plans-and-cable-connections-with-cbawin\/","og_locale":"fr_FR","og_type":"article","og_title":"Video 10: Chargement des plans d\u2019essais et branchements des c\u00e2bles \u00e0 l\u2019aide de CbaWin - Zensol","og_url":"https:\/\/www.zensol.com\/fr\/videos-2\/video-10-loading-test-plans-and-cable-connections-with-cbawin\/","og_site_name":"Zensol","article_modified_time":"2023-07-28T16:12:38+00:00","twitter_misc":{"Dur\u00e9e de lecture estim\u00e9e":"6 minutes"},"schema":{"@context":"https:\/\/schema.org","@graph":[{"@type":"WebPage","@id":"https:\/\/www.zensol.com\/fr\/videos-2\/video-10-loading-test-plans-and-cable-connections-with-cbawin\/","url":"https:\/\/www.zensol.com\/fr\/videos-2\/video-10-loading-test-plans-and-cable-connections-with-cbawin\/","name":"Video 10: Chargement des plans d\u2019essais et branchements des c\u00e2bles \u00e0 l\u2019aide de CbaWin - Zensol","isPartOf":{"@id":"https:\/\/www.zensol.com\/#website"},"datePublished":"2020-04-09T17:20:32+00:00","dateModified":"2023-07-28T16:12:38+00:00","breadcrumb":{"@id":"https:\/\/www.zensol.com\/fr\/videos-2\/video-10-loading-test-plans-and-cable-connections-with-cbawin\/#breadcrumb"},"inLanguage":"fr-FR","potentialAction":[{"@type":"ReadAction","target":["https:\/\/www.zensol.com\/fr\/videos-2\/video-10-loading-test-plans-and-cable-connections-with-cbawin\/"]}]},{"@type":"BreadcrumbList","@id":"https:\/\/www.zensol.com\/fr\/videos-2\/video-10-loading-test-plans-and-cable-connections-with-cbawin\/#breadcrumb","itemListElement":[{"@type":"ListItem","position":1,"name":"videos","item":"https:\/\/www.zensol.com\/fr\/videos-2\/"},{"@type":"ListItem","position":2,"name":"Video 10: Chargement des plans d\u2019essais et branchements des c\u00e2bles \u00e0 l\u2019aide de CbaWin"}]},{"@type":"WebSite","@id":"https:\/\/www.zensol.com\/#website","url":"https:\/\/www.zensol.com\/","name":"Zensol","description":"The Circuit Breaker, Recloser and Tap-Changer Instrument Test Specialist","potentialAction":[{"@type":"SearchAction","target":{"@type":"EntryPoint","urlTemplate":"https:\/\/www.zensol.com\/?s={search_term_string}"},"query-input":{"@type":"PropertyValueSpecification","valueRequired":true,"valueName":"search_term_string"}}],"inLanguage":"fr-FR"}]}},"_links":{"self":[{"href":"https:\/\/www.zensol.com\/fr\/wp-json\/wp\/v2\/pages\/11670","targetHints":{"allow":["GET"]}}],"collection":[{"href":"https:\/\/www.zensol.com\/fr\/wp-json\/wp\/v2\/pages"}],"about":[{"href":"https:\/\/www.zensol.com\/fr\/wp-json\/wp\/v2\/types\/page"}],"author":[{"embeddable":true,"href":"https:\/\/www.zensol.com\/fr\/wp-json\/wp\/v2\/users\/1"}],"replies":[{"embeddable":true,"href":"https:\/\/www.zensol.com\/fr\/wp-json\/wp\/v2\/comments?post=11670"}],"version-history":[{"count":5,"href":"https:\/\/www.zensol.com\/fr\/wp-json\/wp\/v2\/pages\/11670\/revisions"}],"predecessor-version":[{"id":13246,"href":"https:\/\/www.zensol.com\/fr\/wp-json\/wp\/v2\/pages\/11670\/revisions\/13246"}],"up":[{"embeddable":true,"href":"https:\/\/www.zensol.com\/fr\/wp-json\/wp\/v2\/pages\/10504"}],"wp:attachment":[{"href":"https:\/\/www.zensol.com\/fr\/wp-json\/wp\/v2\/media?parent=11670"}],"curies":[{"name":"wp","href":"https:\/\/api.w.org\/{rel}","templated":true}]}}