{"id":11667,"date":"2020-04-09T18:14:11","date_gmt":"2020-04-09T17:14:11","guid":{"rendered":"https:\/\/www.zensol.net\/?page_id=11667"},"modified":"2023-07-28T17:15:56","modified_gmt":"2023-07-28T16:15:56","slug":"video-9-description-of-the-cba-32p-front-panel-layout","status":"publish","type":"page","link":"https:\/\/www.zensol.com\/fr\/videos-2\/video-9-description-of-the-cba-32p-front-panel-layout\/","title":{"rendered":"Video 9: Description de l\u2019organisation de la face avant du CBA-32P"},"content":{"rendered":"\n<style type=\"text\/css\" data-created_by=\"avia_inline_auto\" id=\"style-css-av-av_one_full-6126cab7d8fab8d08143dd2dacdf673c\">\n.flex_column.av-av_one_full-6126cab7d8fab8d08143dd2dacdf673c{\n-webkit-border-radius:0px 0px 0px 0px;\n-moz-border-radius:0px 0px 0px 0px;\nborder-radius:0px 0px 0px 0px;\npadding:0px 0px 0px 0px;\n}\n<\/style>\n<div class='flex_column av-av_one_full-6126cab7d8fab8d08143dd2dacdf673c av_one_full  avia-builder-el-0  el_before_av_one_full  avia-builder-el-first  first flex_column_div av-zero-column-padding '     ><section  class='av_textblock_section av-av_textblock-0366cc7376be6c9e82a3e9cc8987b64f'  itemscope=\"itemscope\" itemtype=\"https:\/\/schema.org\/CreativeWork\" ><div class='avia_textblock'  itemprop=\"text\" ><h3><span style=\"color: #488113;\"><strong>Video 9: Description de l\u2019organisation de la face avant du CBA-32P<br \/>\n<\/strong><\/span><\/h3>\n<\/div><\/section><br \/>\n<section  class='av_textblock_section av-av_textblock-0366cc7376be6c9e82a3e9cc8987b64f'  itemscope=\"itemscope\" itemtype=\"https:\/\/schema.org\/CreativeWork\" ><div class='avia_textblock'  itemprop=\"text\" ><p>Cette vid\u00e9o explique l\u2019organisation de la face avant du CBA-32P, les r\u00f4les des diff\u00e9rentes entr\u00e9es et le module interne RES. De nombreux CBA-32P disposent du module optionnel interne RES. Le module RES a la particularit\u00e9 de mesurer la valeur ohmique de la r\u00e9sistance des contacts de pr\u00e9-insertion en milieu tr\u00e8s bruit\u00e9.<\/p>\n<p>Dur\u00e9e: 7mn 57s<\/p>\n<p><strong>Th\u00e8me :<\/strong> Instrument de mesure CBA-32P de Zensol<\/p>\n<\/div><\/section><\/p><\/div><div class='flex_column av-av_one_full-2a9015ff38129c418a3f2eafba3e9512 av_one_full  avia-builder-el-3  el_after_av_one_full  el_before_av_one_full  first flex_column_div column-top-margin'     ><div  class='avia-video av-av_video-4a8e5b46ba39fc9e0f968a5623a12346 avia-video-16-9 av-no-preview-image avia-video-load-always av-lazyload-immediate av-lazyload-video-embed'  itemprop=\"video\" itemtype=\"https:\/\/schema.org\/VideoObject\"  data-original_url='https:\/\/www.youtube.com\/watch?v=OSO-5yxXRng'><script type='text\/html' class='av-video-tmpl'><div class='avia-iframe-wrap'><iframe loading=\"lazy\" width=\"1500\" height=\"844\" src=\"https:\/\/www.youtube.com\/embed\/OSO-5yxXRng?feature=oembed&autoplay=0&loop=0&controls=1&mute=0\" frameborder=\"0\" allow=\"accelerometer; autoplay; encrypted-media; gyroscope; picture-in-picture\" allowfullscreen><\/iframe><\/div><\/script><div class='av-click-to-play-overlay'><div class=\"avia_playpause_icon\"><\/div><\/div><\/div><\/div><\/p>\n\n<style type=\"text\/css\" data-created_by=\"avia_inline_auto\" id=\"style-css-av-av_one_full-6126cab7d8fab8d08143dd2dacdf673c\">\n.flex_column.av-av_one_full-6126cab7d8fab8d08143dd2dacdf673c{\n-webkit-border-radius:0px 0px 0px 0px;\n-moz-border-radius:0px 0px 0px 0px;\nborder-radius:0px 0px 0px 0px;\npadding:0px 0px 0px 0px;\n}\n<\/style>\n<div class='flex_column av-av_one_full-6126cab7d8fab8d08143dd2dacdf673c av_one_full  avia-builder-el-5  el_after_av_one_full  avia-builder-el-last  first flex_column_div av-zero-column-padding column-top-margin'     ><section  class='av_textblock_section av-av_textblock-0366cc7376be6c9e82a3e9cc8987b64f'  itemscope=\"itemscope\" itemtype=\"https:\/\/schema.org\/CreativeWork\" ><div class='avia_textblock'  itemprop=\"text\" ><p><strong><span style=\"color: #488113;\">Transcription compl\u00e8te de la video<\/span><\/strong><\/p>\n<p>Bonjour et bienvenue \u00e0 cette formation.<br \/>\nNous effectuerons un survol de l\u2019instrument de mesure de Zensol le CBA-32P<br \/>\nR\u00e9alis\u00e9 par Zensol Automation. en collaboration avec Hydro-Qu\u00e9bec<\/p>\n<p>A la fin de cette vid\u00e9o, le participant sera en mesure d\u2019utiliser l\u2019analyseur de performance de disjoncteur CBA 32P.<\/p>\n<p>Description du CBA-32P.<br \/>\nComment est organis\u00e9e la face avant du CBA-32P?<br \/>\nQuel est le r\u00f4le des entr\u00e9es contacts?<br \/>\nQuel est le r\u00f4le des entr\u00e9es analogiques?<br \/>\nQuel est le r\u00f4le des entr\u00e9es encodeurs optiques digitales?<br \/>\nQuel est le r\u00f4le de l\u2019entr\u00e9e commande?<br \/>\nQuel est le r\u00f4le du module interne RES?<\/p>\n<p>Comment est organis\u00e9e la face avant du CBA-32P?<br \/>\n\u00c9tudions de plus pr\u00e8s la face avant du CBA-32P de 24 Contacts.<br \/>\nDe gauche \u00e0 droite, nous avons : Les entr\u00e9es contacts, Les entr\u00e9es analogiques, Les entr\u00e9es encodeurs optiques, L\u2019entr\u00e9e sortie de la commande et le courant des bobines d\u2019ouverture et fermeture.<br \/>\nEn dessous:<br \/>\n&#8211; Les LEDs clignotent lors de l\u2019apparition des ordres de fermeture ou d\u2019ouverture du disjoncteur.<br \/>\n&#8211; La LED de mesure, informe que l\u2019acquisition de donn\u00e9es est en cours.<br \/>\n&#8211; La LED orange informe de la mise sous tension du C BA-32P.<br \/>\nLe c\u00e2ble de fibre optique \u00e0 deux brins permet les \u00e9changes de donn\u00e9es entre le CBA-32P et l\u2019ordinateur. La sortie Tx transmet les donn\u00e9es, alors que l\u2019entr\u00e9e Rx re\u00e7oit les donn\u00e9es sous le contr\u00f4le du logiciel CbaWin.<br \/>\nEn bas au centre, le connecteur de la mise \u00e0 la terre.<br \/>\nEt enfin, en bas \u00e0 gauche, la prise d\u2019alimentation du CBA-32P.<br \/>\npour comprendre leurs fonctionnalit\u00e9s, d\u00e9taillons maintenant chaque connecteur d\u2019entr\u00e9e.<\/p>\n<p>Quel est le r\u00f4le des entr\u00e9es contacts?<br \/>\nSupposons que les pinces batteries jaune, rouge et noire sont connect\u00e9s sur un disjoncteur en T. L\u2019autre bout qui est un connecteur neutrik doit \u00eatre ins\u00e9r\u00e9 dans l\u2019entr\u00e9e contact indiqu\u00e9e C1-C2 \u00e0 l\u2019horizontale et 17, 18 \u00e0 la verticale. Notons que chaque entr\u00e9e peut tester simultan\u00e9ment 2 contacts secs, avec ou sans r\u00e9sistance d\u2019insertion.<br \/>\nOn se rep\u00e8re facilement au niveau des pinces, car le jaune est le contact 1, le rouge est le contact 2 et la pince noire leur commun. De plus, les num\u00e9ros encercl\u00e9s 17 et 18. sont des num\u00e9ros logiciels qu\u2019il est important de m\u00e9moriser. En effet, ces num\u00e9ros permettent de visualiser les signaux enregistr\u00e9s gr\u00e2ce au bouton rouge conception de rapports graphiques.<br \/>\nSur la face avant du 8 contacts, vous trouverez une seule rang\u00e9e horizontale de 4 entr\u00e9es contacts num\u00e9rot\u00e9s C1 \u00e0 C8 ou encore 17 \u00e0 24 en num\u00e9ros logiciels.<br \/>\nPour le 16 contacts, une autre rang\u00e9e suppl\u00e9mentaire num\u00e9rot\u00e9e C9 \u00e0 C32 ou encore 25 \u00e0 32 en num\u00e9ros logiciels.<br \/>\nEnfin, pour le 24 contacts, une autre rang\u00e9e suppl\u00e9mentaire C17 \u00e0 C24 ou encore 33 \u00e0 40 en num\u00e9ros logiciels.<br \/>\nCes entr\u00e9es contacts sont \u00e0 fonction multiples et servent \u00e9galement \u00e0 tester les contacts secs 52a \/ 52b. Il est n\u00e9cessaire alors d\u2019utiliser des petits c\u00e2bles avec petites pinces alligators.<br \/>\nSi les contacts \u00e0 mesurer pr\u00e9sentent une tension AC ou CC jusqu\u2019\u00e0 300 Volts, il suffit d\u2019utiliser les c\u00e2bles sp\u00e9ciaux wet contacts.<\/p>\n<p>Quel est le r\u00f4le des entr\u00e9es analogiques?<br \/>\nUne ou deux colonnes d\u2019entr\u00e9es analogiques sont disponibles pour un total de 3 ou 6 entr\u00e9es analogiques.<br \/>\nCes entr\u00e9es analogiques procurent au CB A-32P toute sa puissance et sa flexibilit\u00e9.<br \/>\nLes num\u00e9ros logiciels des entr\u00e9es analogiques multi usages vont de 3 jusqu&rsquo;\u00e0 8.<br \/>\nAssoci\u00e9 \u00e0 la flexibilit\u00e9 de l\u2019intervalle de temps entre les lectures des temps d\u2019\u00e9chantillonnage, et la dur\u00e9e totale d\u2019enregistrements de CbaWin, elles vous permettent d\u2019enregistrer n&rsquo;importe quel \u00e9v\u00e8nement physique bref de l\u2019ordre de quelques dizaines de millisecondes pour les disjoncteurs, ou encore quelques secondes tel que les sectionneurs ou quelques minutes pour l\u2019enregistrement d\u2019\u00e9v\u00e8nements inusit\u00e9s lors d\u2019une op\u00e9ration d\u2019ouverture ou fermeture.<br \/>\nEn effet, vue que ces entr\u00e9es acceptent toutes sortes de capteurs industriels standard ayant une sortie analogique de 0-10 Volts CC, elles sont tr\u00e8s flexibles.<br \/>\nIl faut retenir cependant que la plupart de ces entr\u00e9es sont surtout utilis\u00e9es pour les tests de d\u00e9placements.<br \/>\nCertains \u00e9lectriciens les utilisent \u00e9galement pour des tests de tension, de courant, de pression mais aussi pour les tests de r\u00e9sistance dynamique des contacts.<\/p>\n<p>Quel est le r\u00f4le des entr\u00e9es digitales encodeurs optiques ?<br \/>\nUne ou deux colonnes d\u2019entr\u00e9es encodeurs optiques de nature digitale sont disponibles pour un total de 3 ou 6 encodeurs optiques.<br \/>\nElles sont utilis\u00e9es pour des tests de d\u00e9placement rotatifs et lin\u00e9aires en utilisant un convertisseur de mouvement lin\u00e9aire en mouvement rotatif tel que le kit ZLR.<br \/>\nDepuis 2010 environ, les \u00e9lectriciens les utilisent de plus en plus. En effet, les encodeurs optiques digitaux donnent une valeur num\u00e9rique cod\u00e9e sur 16 bits.<br \/>\nEn comparaison, les capteurs de d\u00e9placements de type r\u00e9sistif permettent des enregistrements analogiques cod\u00e9es sur 12 bits.<br \/>\nLes encodeurs optiques ne n\u00e9cessitent pas de positionnement pr\u00e9alable comme les capteurs analogiques, ils sont donc plus faciles d\u2019utilisation.<br \/>\nNotez que les num\u00e9ros logiciels des encodeurs optiques sont 89 \u00e0 94.<\/p>\n<p>Quel est le r\u00f4le de l\u2019entr\u00e9e sortie commande ?<br \/>\nElle sert au branchement du c\u00e2ble de commande.<br \/>\nIl faut se r\u00e9f\u00e9rer aux vid\u00e9os pr\u00e9c\u00e9dentes, pour plus d\u2019explications sur le sch\u00e9ma du branchement du c\u00e2ble commande aux bobines du disjoncteur.<br \/>\nIl faut connecter les c\u00e2bles noir et blanc au positif du 129 V, le c\u00e2ble rouge au circuit de fermeture et le c\u00e2ble vert au circuit d\u2019ouverture.<\/p>\n<p>Quel est le r\u00f4le du module interne RES?<br \/>\nDe nombreux C B A-32P disposent du module optionnel interne RES. Ce module a la particularit\u00e9 de mesurer la valeur ohmique de la r\u00e9sistance des contacts de pr\u00e9insertion en milieu tr\u00e8s bruit\u00e9. Dans les vid\u00e9os pr\u00e9c\u00e9dentes, nous avons expliqu\u00e9 le fonctionnement des contacts de pr\u00e9insertion qui apparaissent bri\u00e8vement durant les op\u00e9rations d\u2019ouverture et fermeture.<br \/>\nPour savoir si votre appareil zensol a ce module, il suffit de regarder sur la face arri\u00e8re, la petite plaque en aluminium du num\u00e9ro de s\u00e9rie.<br \/>\nN2<br \/>\nPour r\u00e9aliser un test de mesure de r\u00e9sistances auxiliaires, il suffit de laisser les c\u00e2bles sur les contacts, d\u2019ouvrir le plan d\u2019essai d\u00e9faut RES 24 dans CbaWin, et d\u2019effectuer une fermeture et une ouverture.<br \/>\nCette diapositive montre en bas un signal contact digital cod\u00e9 sur 3 \u00e9tats, 0, un ou un demi.<br \/>\nLe m\u00eame signal en haut est donn\u00e9 par le module RES, mais il a \u00e9t\u00e9 cod\u00e9 sur 12 bits. Ce codage ultra pr\u00e9cis, nous permet d\u2019en d\u00e9duire la valeur ohmique. Vous pouvez voir la br\u00e8ve apparition du contact de pr\u00e9insertion comme un plateau indiqu\u00e9 avec des points rouges. Un calcul math\u00e9matique sophistiqu\u00e9 permet de filtrer le bruit d\u00fb aux inductions \u00e9lectriques puis de calculer ensuite la valeur de la r\u00e9sistance ohmique du contact de pr\u00e9insertion.<br \/>\nSur le graphique, cette valeur en Ohms est indiqu\u00e9e \u00e0 droite.<\/p>\n<p>Question le\u00e7on 2<br \/>\nQuels num\u00e9ros logiciels portent les entr\u00e9es analogiques du C BA 32P.<br \/>\nA.3 \u00e0 8<br \/>\nB. 3 \u00e0 12<br \/>\nC. 4 \u00e0 10.<br \/>\nLa r\u00e9ponse est : A . 3 \u00e0 8.<br \/>\nVoir diapositive 6 pour plus de d\u00e9tails.<\/p>\n<p>R\u00e9f\u00e9rences<br \/>\nZensol : Aide \u00e0 la t\u00e2che.<br \/>\nZensol : Guide d\u2019utilisation rapide.<\/p>\n<\/div><\/section><\/div>\n","protected":false},"excerpt":{"rendered":"","protected":false},"author":1,"featured_media":0,"parent":10504,"menu_order":0,"comment_status":"closed","ping_status":"closed","template":"","meta":{"footnotes":""},"class_list":["post-11667","page","type-page","status-publish","hentry"],"yoast_head":"<!-- This site is optimized with the Yoast SEO plugin v26.3 - https:\/\/yoast.com\/wordpress\/plugins\/seo\/ -->\n<title>Video 9: Description de l\u2019organisation de la face avant du CBA-32P - Zensol<\/title>\n<meta name=\"description\" content=\"Cette vid\u00e9o explique l\u2019organisation de la face avant du CBA-32P, les r\u00f4les des diff\u00e9rentes entr\u00e9es et le module interne RES. De nombreux CBA-32P disposent du module optionnel interne RES.\" \/>\n<meta name=\"robots\" content=\"index, follow, max-snippet:-1, max-image-preview:large, max-video-preview:-1\" \/>\n<link rel=\"canonical\" href=\"https:\/\/www.zensol.com\/fr\/videos-2\/video-9-description-of-the-cba-32p-front-panel-layout\/\" \/>\n<meta property=\"og:locale\" content=\"fr_FR\" \/>\n<meta property=\"og:type\" content=\"article\" \/>\n<meta property=\"og:title\" content=\"Video 9: Description de l\u2019organisation de la face avant du CBA-32P - Zensol\" \/>\n<meta property=\"og:description\" content=\"Cette vid\u00e9o explique l\u2019organisation de la face avant du CBA-32P, les r\u00f4les des diff\u00e9rentes entr\u00e9es et le module interne RES. De nombreux CBA-32P disposent du module optionnel interne RES.\" \/>\n<meta property=\"og:url\" content=\"https:\/\/www.zensol.com\/fr\/videos-2\/video-9-description-of-the-cba-32p-front-panel-layout\/\" \/>\n<meta property=\"og:site_name\" content=\"Zensol\" \/>\n<meta property=\"article:modified_time\" content=\"2023-07-28T16:15:56+00:00\" \/>\n<meta name=\"twitter:label1\" content=\"Dur\u00e9e de lecture estim\u00e9e\" \/>\n\t<meta name=\"twitter:data1\" content=\"6 minutes\" \/>\n<script type=\"application\/ld+json\" class=\"yoast-schema-graph\">{\"@context\":\"https:\/\/schema.org\",\"@graph\":[{\"@type\":\"WebPage\",\"@id\":\"https:\/\/www.zensol.com\/fr\/videos-2\/video-9-description-of-the-cba-32p-front-panel-layout\/\",\"url\":\"https:\/\/www.zensol.com\/fr\/videos-2\/video-9-description-of-the-cba-32p-front-panel-layout\/\",\"name\":\"Video 9: Description de l\u2019organisation de la face avant du CBA-32P - Zensol\",\"isPartOf\":{\"@id\":\"https:\/\/www.zensol.com\/#website\"},\"datePublished\":\"2020-04-09T17:14:11+00:00\",\"dateModified\":\"2023-07-28T16:15:56+00:00\",\"description\":\"Cette vid\u00e9o explique l\u2019organisation de la face avant du CBA-32P, les r\u00f4les des diff\u00e9rentes entr\u00e9es et le module interne RES. De nombreux CBA-32P disposent du module optionnel interne RES.\",\"breadcrumb\":{\"@id\":\"https:\/\/www.zensol.com\/fr\/videos-2\/video-9-description-of-the-cba-32p-front-panel-layout\/#breadcrumb\"},\"inLanguage\":\"fr-FR\",\"potentialAction\":[{\"@type\":\"ReadAction\",\"target\":[\"https:\/\/www.zensol.com\/fr\/videos-2\/video-9-description-of-the-cba-32p-front-panel-layout\/\"]}]},{\"@type\":\"BreadcrumbList\",\"@id\":\"https:\/\/www.zensol.com\/fr\/videos-2\/video-9-description-of-the-cba-32p-front-panel-layout\/#breadcrumb\",\"itemListElement\":[{\"@type\":\"ListItem\",\"position\":1,\"name\":\"videos\",\"item\":\"https:\/\/www.zensol.com\/fr\/videos-2\/\"},{\"@type\":\"ListItem\",\"position\":2,\"name\":\"Video 9: Description de l\u2019organisation de la face avant du CBA-32P\"}]},{\"@type\":\"WebSite\",\"@id\":\"https:\/\/www.zensol.com\/#website\",\"url\":\"https:\/\/www.zensol.com\/\",\"name\":\"Zensol\",\"description\":\"The Circuit Breaker, Recloser and Tap-Changer Instrument Test Specialist\",\"potentialAction\":[{\"@type\":\"SearchAction\",\"target\":{\"@type\":\"EntryPoint\",\"urlTemplate\":\"https:\/\/www.zensol.com\/?s={search_term_string}\"},\"query-input\":{\"@type\":\"PropertyValueSpecification\",\"valueRequired\":true,\"valueName\":\"search_term_string\"}}],\"inLanguage\":\"fr-FR\"}]}<\/script>\n<!-- \/ Yoast SEO plugin. -->","yoast_head_json":{"title":"Video 9: Description de l\u2019organisation de la face avant du CBA-32P - Zensol","description":"Cette vid\u00e9o explique l\u2019organisation de la face avant du CBA-32P, les r\u00f4les des diff\u00e9rentes entr\u00e9es et le module interne RES. De nombreux CBA-32P disposent du module optionnel interne RES.","robots":{"index":"index","follow":"follow","max-snippet":"max-snippet:-1","max-image-preview":"max-image-preview:large","max-video-preview":"max-video-preview:-1"},"canonical":"https:\/\/www.zensol.com\/fr\/videos-2\/video-9-description-of-the-cba-32p-front-panel-layout\/","og_locale":"fr_FR","og_type":"article","og_title":"Video 9: Description de l\u2019organisation de la face avant du CBA-32P - Zensol","og_description":"Cette vid\u00e9o explique l\u2019organisation de la face avant du CBA-32P, les r\u00f4les des diff\u00e9rentes entr\u00e9es et le module interne RES. De nombreux CBA-32P disposent du module optionnel interne RES.","og_url":"https:\/\/www.zensol.com\/fr\/videos-2\/video-9-description-of-the-cba-32p-front-panel-layout\/","og_site_name":"Zensol","article_modified_time":"2023-07-28T16:15:56+00:00","twitter_misc":{"Dur\u00e9e de lecture estim\u00e9e":"6 minutes"},"schema":{"@context":"https:\/\/schema.org","@graph":[{"@type":"WebPage","@id":"https:\/\/www.zensol.com\/fr\/videos-2\/video-9-description-of-the-cba-32p-front-panel-layout\/","url":"https:\/\/www.zensol.com\/fr\/videos-2\/video-9-description-of-the-cba-32p-front-panel-layout\/","name":"Video 9: Description de l\u2019organisation de la face avant du CBA-32P - Zensol","isPartOf":{"@id":"https:\/\/www.zensol.com\/#website"},"datePublished":"2020-04-09T17:14:11+00:00","dateModified":"2023-07-28T16:15:56+00:00","description":"Cette vid\u00e9o explique l\u2019organisation de la face avant du CBA-32P, les r\u00f4les des diff\u00e9rentes entr\u00e9es et le module interne RES. De nombreux CBA-32P disposent du module optionnel interne RES.","breadcrumb":{"@id":"https:\/\/www.zensol.com\/fr\/videos-2\/video-9-description-of-the-cba-32p-front-panel-layout\/#breadcrumb"},"inLanguage":"fr-FR","potentialAction":[{"@type":"ReadAction","target":["https:\/\/www.zensol.com\/fr\/videos-2\/video-9-description-of-the-cba-32p-front-panel-layout\/"]}]},{"@type":"BreadcrumbList","@id":"https:\/\/www.zensol.com\/fr\/videos-2\/video-9-description-of-the-cba-32p-front-panel-layout\/#breadcrumb","itemListElement":[{"@type":"ListItem","position":1,"name":"videos","item":"https:\/\/www.zensol.com\/fr\/videos-2\/"},{"@type":"ListItem","position":2,"name":"Video 9: Description de l\u2019organisation de la face avant du CBA-32P"}]},{"@type":"WebSite","@id":"https:\/\/www.zensol.com\/#website","url":"https:\/\/www.zensol.com\/","name":"Zensol","description":"The Circuit Breaker, Recloser and Tap-Changer Instrument Test Specialist","potentialAction":[{"@type":"SearchAction","target":{"@type":"EntryPoint","urlTemplate":"https:\/\/www.zensol.com\/?s={search_term_string}"},"query-input":{"@type":"PropertyValueSpecification","valueRequired":true,"valueName":"search_term_string"}}],"inLanguage":"fr-FR"}]}},"_links":{"self":[{"href":"https:\/\/www.zensol.com\/fr\/wp-json\/wp\/v2\/pages\/11667","targetHints":{"allow":["GET"]}}],"collection":[{"href":"https:\/\/www.zensol.com\/fr\/wp-json\/wp\/v2\/pages"}],"about":[{"href":"https:\/\/www.zensol.com\/fr\/wp-json\/wp\/v2\/types\/page"}],"author":[{"embeddable":true,"href":"https:\/\/www.zensol.com\/fr\/wp-json\/wp\/v2\/users\/1"}],"replies":[{"embeddable":true,"href":"https:\/\/www.zensol.com\/fr\/wp-json\/wp\/v2\/comments?post=11667"}],"version-history":[{"count":9,"href":"https:\/\/www.zensol.com\/fr\/wp-json\/wp\/v2\/pages\/11667\/revisions"}],"predecessor-version":[{"id":13255,"href":"https:\/\/www.zensol.com\/fr\/wp-json\/wp\/v2\/pages\/11667\/revisions\/13255"}],"up":[{"embeddable":true,"href":"https:\/\/www.zensol.com\/fr\/wp-json\/wp\/v2\/pages\/10504"}],"wp:attachment":[{"href":"https:\/\/www.zensol.com\/fr\/wp-json\/wp\/v2\/media?parent=11667"}],"curies":[{"name":"wp","href":"https:\/\/api.w.org\/{rel}","templated":true}]}}