{"id":11661,"date":"2020-04-09T18:04:53","date_gmt":"2020-04-09T17:04:53","guid":{"rendered":"https:\/\/www.zensol.net\/?page_id=11661"},"modified":"2020-04-09T18:05:53","modified_gmt":"2020-04-09T17:05:53","slug":"video-7-emplacement-des-capteurs-de-deplacement-et-procedure-dinstallation","status":"publish","type":"page","link":"https:\/\/www.zensol.com\/fr\/videos-2\/video-7-emplacement-des-capteurs-de-deplacement-et-procedure-dinstallation\/","title":{"rendered":"Video 7: Emplacement des capteurs de d\u00e9placement et proc\u00e9dure d&rsquo;installation"},"content":{"rendered":"\n<style type=\"text\/css\" data-created_by=\"avia_inline_auto\" id=\"style-css-av-av_one_full-6126cab7d8fab8d08143dd2dacdf673c\">\n.flex_column.av-av_one_full-6126cab7d8fab8d08143dd2dacdf673c{\n-webkit-border-radius:0px 0px 0px 0px;\n-moz-border-radius:0px 0px 0px 0px;\nborder-radius:0px 0px 0px 0px;\npadding:0px 0px 0px 0px;\n}\n<\/style>\n<div class='flex_column av-av_one_full-6126cab7d8fab8d08143dd2dacdf673c av_one_full  avia-builder-el-0  el_before_av_one_full  avia-builder-el-first  first flex_column_div av-zero-column-padding '     ><section  class='av_textblock_section av-av_textblock-0366cc7376be6c9e82a3e9cc8987b64f'  itemscope=\"itemscope\" itemtype=\"https:\/\/schema.org\/CreativeWork\" ><div class='avia_textblock'  itemprop=\"text\" ><h3><span style=\"color: #488113;\"><strong>Video 7: Emplacement des capteurs de d\u00e9placement et proc\u00e9dure d&rsquo;installation<br \/>\n<\/strong><\/span><\/h3>\n<\/div><\/section><br \/>\n<section  class='av_textblock_section av-av_textblock-0366cc7376be6c9e82a3e9cc8987b64f'  itemscope=\"itemscope\" itemtype=\"https:\/\/schema.org\/CreativeWork\" ><div class='avia_textblock'  itemprop=\"text\" ><div>\n<div>Cette vid\u00e9o introduit les diff\u00e9rents types de capteurs de d\u00e9placement, les exemples d\u2019installation de capteur de d\u00e9placement sur quelques disjoncteurs avec des courbes et quelques recommandations pour l\u2019installation des capteurs. Certains capteurs sont de nature analogique tels que les capteurs r\u00e9sistifs, lin\u00e9aires ou rotatifs. D\u2019autres sont de nature digitale tels que les encodeurs optiques. Pour \u00eatre op\u00e9rationnel, ces capteurs doivent etre mont\u00e9s sur des adaptateurs m\u00e9caniques pour capturer et enregistrer les mouvements des contacts mobiles des disjoncteurs.<\/div>\n<div>Le mouvement du m\u00e9canisme de d\u00e9placement du disjoncteur nous donne une bonne indication du type de capteur et de l\u2019adaptateur m\u00e9canique \u00e0 utiliser.<\/div>\n<\/div>\n<p>Dur\u00e9e: 4mn 49s<br \/>\n<strong>Th\u00e8me :<\/strong> Notions de synchronisation de disjoncteur<\/p>\n<\/div><\/section><\/p><\/div><div class='flex_column av-av_one_full-2a9015ff38129c418a3f2eafba3e9512 av_one_full  avia-builder-el-3  el_after_av_one_full  el_before_av_one_full  first flex_column_div column-top-margin'     ><div  class='avia-video av-av_video-3abe3290c15cc158d035013e93ef93a0 avia-video-16-9 av-no-preview-image avia-video-load-always av-lazyload-immediate av-lazyload-video-embed'  itemprop=\"video\" itemtype=\"https:\/\/schema.org\/VideoObject\"  data-original_url='https:\/\/www.youtube.com\/watch?v=jvuWdpFe9fE'><script type='text\/html' class='av-video-tmpl'><div class='avia-iframe-wrap'><iframe loading=\"lazy\" width=\"1500\" height=\"844\" src=\"https:\/\/www.youtube.com\/embed\/jvuWdpFe9fE?feature=oembed&autoplay=0&loop=0&controls=1&mute=0\" frameborder=\"0\" allow=\"accelerometer; autoplay; encrypted-media; gyroscope; picture-in-picture\" allowfullscreen><\/iframe><\/div><\/script><div class='av-click-to-play-overlay'><div class=\"avia_playpause_icon\"><\/div><\/div><\/div><\/div>\n<style type=\"text\/css\" data-created_by=\"avia_inline_auto\" id=\"style-css-av-av_one_full-6126cab7d8fab8d08143dd2dacdf673c\">\n.flex_column.av-av_one_full-6126cab7d8fab8d08143dd2dacdf673c{\n-webkit-border-radius:0px 0px 0px 0px;\n-moz-border-radius:0px 0px 0px 0px;\nborder-radius:0px 0px 0px 0px;\npadding:0px 0px 0px 0px;\n}\n<\/style>\n<div class='flex_column av-av_one_full-6126cab7d8fab8d08143dd2dacdf673c av_one_full  avia-builder-el-5  el_after_av_one_full  avia-builder-el-last  first flex_column_div av-zero-column-padding column-top-margin'     ><section  class='av_textblock_section av-av_textblock-0366cc7376be6c9e82a3e9cc8987b64f'  itemscope=\"itemscope\" itemtype=\"https:\/\/schema.org\/CreativeWork\" ><div class='avia_textblock'  itemprop=\"text\" ><p><strong><span style=\"color: #488113;\">Transcription compl\u00e8te de la video<\/span><\/strong><\/p>\n<p>Bonjour \u00e0 tous et bienvenue \u00e0 cette formation en ligne.<br \/>\nDans cette vid\u00e9o, nous nous int\u00e9ressons aux notions de synchronisation appliqu\u00e9es aux disjoncteurs.<br \/>\nCe cours a \u00e9t\u00e9 r\u00e9alis\u00e9 par Zensol Automation en collaboration avec Hydro-Qu\u00e9bec.<\/p>\n<p>A la fin de cette vid\u00e9o, le participant sera en mesure de distinguer les capteurs de d\u00e9placement et leur proc\u00e9dure d\u2019installation.<\/p>\n<p>Emplacement des capteurs de d\u00e9placement et proc\u00e9dure d\u2019installation.<br \/>\nquels sont les types de capteurs de d\u00e9placement?<br \/>\nexemples d\u2019installation de capteur de d\u00e9placement.<br \/>\nQuelques recommandations pour l\u2019installation des capteurs.<\/p>\n<p>Quels sont les types de capteurs de d\u00e9placement ?<br \/>\nIl en existe plusieurs types.<br \/>\nCertains sont d\u00e9di\u00e9s aux mouvements lin\u00e9aires.<br \/>\nD\u2019autres sont d\u00e9di\u00e9s aux mouvements rotatifs.<br \/>\nCertains sont de nature analogique tels que les capteurs r\u00e9sistifs, lin\u00e9aires ou rotatifs.<br \/>\nD\u2019autres sont de nature digitale tels que les encodeurs optiques.<br \/>\nLes manufacturiers d\u2019analyseurs de disjoncteurs tels que Zensol ou Doble, sont en mesure de vous donner tous les d\u00e9tails sur les capteurs accept\u00e9s par leurs instruments respectifs.<br \/>\nPour \u00eatre op\u00e9rationnel, ces capteurs doivent \u00eatre mont\u00e9s sur des adaptateurs m\u00e9caniques pour capturer et enregistrer les mouvements des contacts mobiles des disjoncteurs.<br \/>\nPar exemple, le kit m\u00e9canique ZLR utilise des capteurs rotatifs car il transforme tout mouvement lin\u00e9aire en mouvement rotatif.<\/p>\n<p>Exemple d\u2019installation pour disjoncteurs Gros Volume d\u2019Huile KSO.<br \/>\nLe mouvement du m\u00e9canisme de d\u00e9placement du disjoncteur nous donne une bonne indication du capteur et de l\u2019adaptateur m\u00e9canique \u00e0 utiliser.<br \/>\nS\u2019il est strictement lin\u00e9aire, comme dans le cas du KSO, on utilise le capteur ZLT 600 et l\u2019adaptateur m\u00e9canique ZLB, tel que montr\u00e9 sur cette diapositive.<\/p>\n<p>Exemple de courbe de d\u00e9placement et de vitesse instantan\u00e9e obtenus sur un GVH.<\/p>\n<p>Exemple d\u2019installations pour disjoncteur HGF de AREVA.<br \/>\nDans cet exemple, trois capteurs rotatifs ont \u00e9t\u00e9 utilis\u00e9s sur chacune des phases.<br \/>\nEn plus de Trois adapteurs m\u00e9caniques ZMS Zensol, il a fallu d\u00e9velopper des pi\u00e8ces d\u2019accouplement tel qu\u2019indiqu\u00e9 dans cette diapositive.<\/p>\n<p>Voici les courbes obtenues sur le disjoncteur triphas\u00e9 HGF d\u2019Areva.<\/p>\n<p>Quelques recommandations pour l\u2019installation des capteurs.<br \/>\nDeux \u00e9tapes sont n\u00e9cessaires pour mesurer le d\u00e9placement des contacts mobiles dans les disjoncteurs.<br \/>\nLa premi\u00e8re \u00e9tape, consiste \u00e0 trouver le bon capteur pour qu\u2019il enregistre avec pr\u00e9cision le mouvement du contact mobile.<br \/>\nLa seconde \u00e9tape, consiste \u00e0 trouver la bonne embase m\u00e9canique et tous les accessoires associ\u00e9s tels que les tiges sp\u00e9ciales, les boulons sp\u00e9cifiques, les accouplements particuliers qui s\u2019adapteront le mieux au disjoncteur.<br \/>\nCette photo montre comment on peut v\u00e9rifier le parall\u00e9lisme du m\u00e9canisme du mouvement avec un bon niveau d\u2019eau. L\u2019embase Z, L, R est mont\u00e9e dans cet exemple \u00e0 la verticale.<br \/>\nIl faut \u00e9galement s\u2019assurer que les tiges viss\u00e9es sur les contacts mobiles comportent des stries dent\u00e9es pour \u00e9viter le glissement de la tige lors des man\u0153uvres.<br \/>\nDans le cas des capteurs lin\u00e9aires, une bonne habitude consiste \u00e0 v\u00e9rifier que la course totale du disjoncteur est dans les limites haute et basse du capteur. En effet, si ce n\u2019est pas le cas, le capteur se brisera lors d\u2019une man\u0153uvre de fermeture ou d\u2019ouverture.<\/p>\n<p>Question le\u00e7on 3.<br \/>\nPour r\u00e9aliser un test de d\u00e9placement sur un disjoncteur GVH de type KSO, quel est le type de capteur \u00e0 utiliser :<br \/>\nCapteur lin\u00e9aire.<br \/>\nCapteur rotatif.<br \/>\nCapteur rotatif avec un convertisseur de mouvement lin\u00e9aire \u00e0 rotatif<br \/>\nDeux r\u00e9ponses : A, Capteur lin\u00e9aire (voir diapositive 4) ou C, capteur rotatif avec convertisseur de mouvement lin\u00e9aire \u00e0 rotatif (voir diapositive 4 et 5).<\/p>\n<p>R\u00e9f\u00e9rences<br \/>\nSynchronisation et chronom\u00e9trage des disjoncteurs.<br \/>\nLibrairies des disjoncteurs<\/p>\n<\/div><\/section><\/div><\/p>\n","protected":false},"excerpt":{"rendered":"","protected":false},"author":1,"featured_media":0,"parent":10504,"menu_order":0,"comment_status":"closed","ping_status":"closed","template":"","meta":{"footnotes":""},"class_list":["post-11661","page","type-page","status-publish","hentry"],"yoast_head":"<!-- This site is optimized with the Yoast SEO plugin v26.3 - https:\/\/yoast.com\/wordpress\/plugins\/seo\/ -->\n<title>Video 7: Emplacement des capteurs de d\u00e9placement et proc\u00e9dure d&#039;installation - Zensol<\/title>\n<meta name=\"robots\" content=\"index, follow, max-snippet:-1, max-image-preview:large, max-video-preview:-1\" \/>\n<link rel=\"canonical\" href=\"https:\/\/www.zensol.com\/fr\/videos-2\/video-7-emplacement-des-capteurs-de-deplacement-et-procedure-dinstallation\/\" \/>\n<meta property=\"og:locale\" content=\"fr_FR\" \/>\n<meta property=\"og:type\" content=\"article\" \/>\n<meta property=\"og:title\" content=\"Video 7: Emplacement des capteurs de d\u00e9placement et proc\u00e9dure d&#039;installation - Zensol\" \/>\n<meta property=\"og:url\" content=\"https:\/\/www.zensol.com\/fr\/videos-2\/video-7-emplacement-des-capteurs-de-deplacement-et-procedure-dinstallation\/\" \/>\n<meta property=\"og:site_name\" content=\"Zensol\" \/>\n<meta property=\"article:modified_time\" content=\"2020-04-09T17:05:53+00:00\" \/>\n<meta name=\"twitter:label1\" content=\"Dur\u00e9e de lecture estim\u00e9e\" \/>\n\t<meta name=\"twitter:data1\" content=\"5 minutes\" \/>\n<script type=\"application\/ld+json\" class=\"yoast-schema-graph\">{\"@context\":\"https:\/\/schema.org\",\"@graph\":[{\"@type\":\"WebPage\",\"@id\":\"https:\/\/www.zensol.com\/fr\/videos-2\/video-7-emplacement-des-capteurs-de-deplacement-et-procedure-dinstallation\/\",\"url\":\"https:\/\/www.zensol.com\/fr\/videos-2\/video-7-emplacement-des-capteurs-de-deplacement-et-procedure-dinstallation\/\",\"name\":\"Video 7: Emplacement des capteurs de d\u00e9placement et proc\u00e9dure d'installation - Zensol\",\"isPartOf\":{\"@id\":\"https:\/\/www.zensol.com\/#website\"},\"datePublished\":\"2020-04-09T17:04:53+00:00\",\"dateModified\":\"2020-04-09T17:05:53+00:00\",\"breadcrumb\":{\"@id\":\"https:\/\/www.zensol.com\/fr\/videos-2\/video-7-emplacement-des-capteurs-de-deplacement-et-procedure-dinstallation\/#breadcrumb\"},\"inLanguage\":\"fr-FR\",\"potentialAction\":[{\"@type\":\"ReadAction\",\"target\":[\"https:\/\/www.zensol.com\/fr\/videos-2\/video-7-emplacement-des-capteurs-de-deplacement-et-procedure-dinstallation\/\"]}]},{\"@type\":\"BreadcrumbList\",\"@id\":\"https:\/\/www.zensol.com\/fr\/videos-2\/video-7-emplacement-des-capteurs-de-deplacement-et-procedure-dinstallation\/#breadcrumb\",\"itemListElement\":[{\"@type\":\"ListItem\",\"position\":1,\"name\":\"videos\",\"item\":\"https:\/\/www.zensol.com\/fr\/videos-2\/\"},{\"@type\":\"ListItem\",\"position\":2,\"name\":\"Video 7: Emplacement des capteurs de d\u00e9placement et proc\u00e9dure d&rsquo;installation\"}]},{\"@type\":\"WebSite\",\"@id\":\"https:\/\/www.zensol.com\/#website\",\"url\":\"https:\/\/www.zensol.com\/\",\"name\":\"Zensol\",\"description\":\"The Circuit Breaker, Recloser and Tap-Changer Instrument Test Specialist\",\"potentialAction\":[{\"@type\":\"SearchAction\",\"target\":{\"@type\":\"EntryPoint\",\"urlTemplate\":\"https:\/\/www.zensol.com\/?s={search_term_string}\"},\"query-input\":{\"@type\":\"PropertyValueSpecification\",\"valueRequired\":true,\"valueName\":\"search_term_string\"}}],\"inLanguage\":\"fr-FR\"}]}<\/script>\n<!-- \/ Yoast SEO plugin. -->","yoast_head_json":{"title":"Video 7: Emplacement des capteurs de d\u00e9placement et proc\u00e9dure d'installation - Zensol","robots":{"index":"index","follow":"follow","max-snippet":"max-snippet:-1","max-image-preview":"max-image-preview:large","max-video-preview":"max-video-preview:-1"},"canonical":"https:\/\/www.zensol.com\/fr\/videos-2\/video-7-emplacement-des-capteurs-de-deplacement-et-procedure-dinstallation\/","og_locale":"fr_FR","og_type":"article","og_title":"Video 7: Emplacement des capteurs de d\u00e9placement et proc\u00e9dure d'installation - Zensol","og_url":"https:\/\/www.zensol.com\/fr\/videos-2\/video-7-emplacement-des-capteurs-de-deplacement-et-procedure-dinstallation\/","og_site_name":"Zensol","article_modified_time":"2020-04-09T17:05:53+00:00","twitter_misc":{"Dur\u00e9e de lecture estim\u00e9e":"5 minutes"},"schema":{"@context":"https:\/\/schema.org","@graph":[{"@type":"WebPage","@id":"https:\/\/www.zensol.com\/fr\/videos-2\/video-7-emplacement-des-capteurs-de-deplacement-et-procedure-dinstallation\/","url":"https:\/\/www.zensol.com\/fr\/videos-2\/video-7-emplacement-des-capteurs-de-deplacement-et-procedure-dinstallation\/","name":"Video 7: Emplacement des capteurs de d\u00e9placement et proc\u00e9dure d'installation - Zensol","isPartOf":{"@id":"https:\/\/www.zensol.com\/#website"},"datePublished":"2020-04-09T17:04:53+00:00","dateModified":"2020-04-09T17:05:53+00:00","breadcrumb":{"@id":"https:\/\/www.zensol.com\/fr\/videos-2\/video-7-emplacement-des-capteurs-de-deplacement-et-procedure-dinstallation\/#breadcrumb"},"inLanguage":"fr-FR","potentialAction":[{"@type":"ReadAction","target":["https:\/\/www.zensol.com\/fr\/videos-2\/video-7-emplacement-des-capteurs-de-deplacement-et-procedure-dinstallation\/"]}]},{"@type":"BreadcrumbList","@id":"https:\/\/www.zensol.com\/fr\/videos-2\/video-7-emplacement-des-capteurs-de-deplacement-et-procedure-dinstallation\/#breadcrumb","itemListElement":[{"@type":"ListItem","position":1,"name":"videos","item":"https:\/\/www.zensol.com\/fr\/videos-2\/"},{"@type":"ListItem","position":2,"name":"Video 7: Emplacement des capteurs de d\u00e9placement et proc\u00e9dure d&rsquo;installation"}]},{"@type":"WebSite","@id":"https:\/\/www.zensol.com\/#website","url":"https:\/\/www.zensol.com\/","name":"Zensol","description":"The Circuit Breaker, Recloser and Tap-Changer Instrument Test Specialist","potentialAction":[{"@type":"SearchAction","target":{"@type":"EntryPoint","urlTemplate":"https:\/\/www.zensol.com\/?s={search_term_string}"},"query-input":{"@type":"PropertyValueSpecification","valueRequired":true,"valueName":"search_term_string"}}],"inLanguage":"fr-FR"}]}},"_links":{"self":[{"href":"https:\/\/www.zensol.com\/fr\/wp-json\/wp\/v2\/pages\/11661","targetHints":{"allow":["GET"]}}],"collection":[{"href":"https:\/\/www.zensol.com\/fr\/wp-json\/wp\/v2\/pages"}],"about":[{"href":"https:\/\/www.zensol.com\/fr\/wp-json\/wp\/v2\/types\/page"}],"author":[{"embeddable":true,"href":"https:\/\/www.zensol.com\/fr\/wp-json\/wp\/v2\/users\/1"}],"replies":[{"embeddable":true,"href":"https:\/\/www.zensol.com\/fr\/wp-json\/wp\/v2\/comments?post=11661"}],"version-history":[{"count":2,"href":"https:\/\/www.zensol.com\/fr\/wp-json\/wp\/v2\/pages\/11661\/revisions"}],"predecessor-version":[{"id":11663,"href":"https:\/\/www.zensol.com\/fr\/wp-json\/wp\/v2\/pages\/11661\/revisions\/11663"}],"up":[{"embeddable":true,"href":"https:\/\/www.zensol.com\/fr\/wp-json\/wp\/v2\/pages\/10504"}],"wp:attachment":[{"href":"https:\/\/www.zensol.com\/fr\/wp-json\/wp\/v2\/media?parent=11661"}],"curies":[{"name":"wp","href":"https:\/\/api.w.org\/{rel}","templated":true}]}}