{"id":11655,"date":"2020-04-09T17:52:45","date_gmt":"2020-04-09T16:52:45","guid":{"rendered":"https:\/\/www.zensol.net\/?page_id=11655"},"modified":"2020-04-09T17:53:44","modified_gmt":"2020-04-09T16:53:44","slug":"video-5-notions-de-synchronisation","status":"publish","type":"page","link":"https:\/\/www.zensol.com\/fr\/videos-2\/video-5-notions-de-synchronisation\/","title":{"rendered":"Video 5: Notions de synchronisation"},"content":{"rendered":"\n<style type=\"text\/css\" data-created_by=\"avia_inline_auto\" id=\"style-css-av-av_one_full-6126cab7d8fab8d08143dd2dacdf673c\">\n.flex_column.av-av_one_full-6126cab7d8fab8d08143dd2dacdf673c{\n-webkit-border-radius:0px 0px 0px 0px;\n-moz-border-radius:0px 0px 0px 0px;\nborder-radius:0px 0px 0px 0px;\npadding:0px 0px 0px 0px;\n}\n<\/style>\n<div class='flex_column av-av_one_full-6126cab7d8fab8d08143dd2dacdf673c av_one_full  avia-builder-el-0  el_before_av_one_full  avia-builder-el-first  first flex_column_div av-zero-column-padding '     ><section  class='av_textblock_section av-av_textblock-0366cc7376be6c9e82a3e9cc8987b64f'  itemscope=\"itemscope\" itemtype=\"https:\/\/schema.org\/CreativeWork\" ><div class='avia_textblock'  itemprop=\"text\" ><h3><span style=\"color: #488113;\"><strong>Video 5: Notions de synchronisation<br \/>\n<\/strong><\/span><\/h3>\n<\/div><\/section><br \/>\n<section  class='av_textblock_section av-av_textblock-0366cc7376be6c9e82a3e9cc8987b64f'  itemscope=\"itemscope\" itemtype=\"https:\/\/schema.org\/CreativeWork\" ><div class='avia_textblock'  itemprop=\"text\" ><p>Cette vid\u00e9o explique la synchronisation du disjoncteur et quand elle est faite: Partie Haute tension et partie commande. V\u00e9rifier les temps d\u2019op\u00e9ration m\u00e9canique des disjoncteurs est primordiale. Ces temps constituent une sorte de signature fonctionnelle. Le fait de ne pas respecter les sp\u00e9cifications temporelles demand\u00e9es peut avoir des cons\u00e9quence graves sur l\u2019\u00e9quipement, allant jusqu\u2019\u00e0 sa destruction.<\/p>\n<p>Dur\u00e9e: 14mn 19s<\/p>\n<p><strong>Th\u00e8me:<\/strong> Notions de synchronisation de disjoncteur<\/p>\n<\/div><\/section><\/p><\/div><div class='flex_column av-av_one_full-2a9015ff38129c418a3f2eafba3e9512 av_one_full  avia-builder-el-3  el_after_av_one_full  el_before_av_one_full  first flex_column_div column-top-margin'     ><div  class='avia-video av-av_video-f9020e07c88f0155a6d1ae9f88d68498 avia-video-16-9 av-no-preview-image avia-video-load-always av-lazyload-immediate av-lazyload-video-embed'  itemprop=\"video\" itemtype=\"https:\/\/schema.org\/VideoObject\"  data-original_url='https:\/\/www.youtube.com\/watch?v=QccWZXk_B0k'><script type='text\/html' class='av-video-tmpl'><div class='avia-iframe-wrap'><iframe loading=\"lazy\" width=\"1500\" height=\"844\" src=\"https:\/\/www.youtube.com\/embed\/QccWZXk_B0k?feature=oembed&autoplay=0&loop=0&controls=1&mute=0\" frameborder=\"0\" allow=\"accelerometer; autoplay; encrypted-media; gyroscope; picture-in-picture\" allowfullscreen><\/iframe><\/div><\/script><div class='av-click-to-play-overlay'><div class=\"avia_playpause_icon\"><\/div><\/div><\/div><\/div>\n<style type=\"text\/css\" data-created_by=\"avia_inline_auto\" id=\"style-css-av-av_one_full-6126cab7d8fab8d08143dd2dacdf673c\">\n.flex_column.av-av_one_full-6126cab7d8fab8d08143dd2dacdf673c{\n-webkit-border-radius:0px 0px 0px 0px;\n-moz-border-radius:0px 0px 0px 0px;\nborder-radius:0px 0px 0px 0px;\npadding:0px 0px 0px 0px;\n}\n<\/style>\n<div class='flex_column av-av_one_full-6126cab7d8fab8d08143dd2dacdf673c av_one_full  avia-builder-el-5  el_after_av_one_full  avia-builder-el-last  first flex_column_div av-zero-column-padding column-top-margin'     ><section  class='av_textblock_section av-av_textblock-0366cc7376be6c9e82a3e9cc8987b64f'  itemscope=\"itemscope\" itemtype=\"https:\/\/schema.org\/CreativeWork\" ><div class='avia_textblock'  itemprop=\"text\" ><p><strong><span style=\"color: #488113;\">Transcription compl\u00e8te de la video<\/span><\/strong><\/p>\n<p>Bonjour \u00e0 tous et bienvenue \u00e0 cette formation en ligne.<\/p>\n<p>Dans cette vid\u00e9o, nous nous int\u00e9ressons aux notions de synchronisation appliqu\u00e9es aux disjoncteurs.<\/p>\n<p>Ce cours a \u00e9t\u00e9 r\u00e9alis\u00e9 par Zensol Automation en collaboration avec Hydro-Qu\u00e9bec.<\/p>\n<p>A la fin de cette vid\u00e9o, le participant sera en mesure de distinguer les crit\u00e8res d\u2019acceptation et de r\u00e9aliser tous les branchements requis lors des essais de synchronisation.<\/p>\n<p>Notions de synchronisations.<\/p>\n<p>qu\u2019est-ce que la synchronisation.<\/p>\n<p>Partie haute tension.<\/p>\n<p>Partie commande.<\/p>\n<p>Qu\u2019est-ce que la synchronisation ?<\/p>\n<p>Synchroniser des disjoncteurs, consiste \u00e0 s\u2019assurer que les temps d\u2019op\u00e9ration m\u00e9canique d\u2019ouverture et de fermeture de tous les contacts des disjoncteurs respectent une limite minimale et une limite maximale acceptable.<\/p>\n<p>On entend par op\u00e9ration m\u00e9canique toute man\u0153uvre ou cycle de man\u0153uvres que le disjoncteur est suppos\u00e9 effectuer lors d\u2019une op\u00e9ration de fermeture ou d\u2019ouverture.<\/p>\n<p>Cette op\u00e9ration est effectu\u00e9e lorsque le disjoncteur est isol\u00e9 du r\u00e9seau \u00e9lectrique haute tension.<\/p>\n<p>En usine, la synchronisation est faite lors des essais types ou de contr\u00f4le qualit\u00e9 finale.<\/p>\n<p>La synchronisation est r\u00e9p\u00e9t\u00e9e ensuite lors de la premi\u00e8re installation en chantier.<\/p>\n<p>Elle constitue alors la r\u00e9f\u00e9rence de mesure pour toutes les synchronisations subs\u00e9quentes.<\/p>\n<p>V\u00e9rifier les temps d&rsquo;op\u00e9ration m\u00e9canique des disjoncteurs est primordiale.\u00a0 Ces temps constituent une sorte de<\/p>\n<p>signature fonctionnelle.<\/p>\n<p>Le fait de ne pas respecter les sp\u00e9cifications temporelles demand\u00e9es peut avoir des cons\u00e9quence graves sur l&rsquo;\u00e9quipement, allant jusqu&rsquo;\u00e0 sa destruction.<\/p>\n<p>Partie haute tension. On d\u00e9signe par partie haute tension tous les \u00e9l\u00e9ments du disjoncteur qui forment la partie o\u00f9 le courant de ligne circule.<\/p>\n<p>On y retrouve le contact principal, le contact de pr\u00e9insertion, la r\u00e9sistance d\u2019insertion.<\/p>\n<p>Comment d\u00e9finit-on les temps de fermeture et d\u2019ouverture des contacts principaux et des contacts de pr\u00e9insertion ?<\/p>\n<p>Le temps d\u2019ouverture d\u2019un contact principal d\u00e9bute \u00e0 l\u2019instant o\u00f9 le courant commence \u00e0 circuler dans la bobine d\u2019ouverture jusqu\u2019au moment o\u00f9 le contact principal ouvre.<\/p>\n<p>Le temps d\u2019ouverture du contact de pr\u00e9insertion est d\u00e9fini de la m\u00eame fa\u00e7on sauf qu\u2019il est indiqu\u00e9 par un demi-\u00e9tat dans les enregistrements graphiques.<\/p>\n<p>Le temps de fermeture d\u2019un contact principal d\u00e9bute \u00e0 l\u2019instant o\u00f9 le courant commence \u00e0 circuler dans la bobine de fermeture jusqu\u2019au moment o\u00f9 le contact principal ferme.<\/p>\n<p>Le temps de fermeture du contact de pr\u00e9insertion est d\u00e9fini de la m\u00eame fa\u00e7on sauf qu\u2019il est indiqu\u00e9 par un demi-\u00e9tat.<\/p>\n<p>Comment d\u00e9finit-on la dur\u00e9e de l\u2019insertion?<\/p>\n<p>La dur\u00e9e de l\u2019insertion est le temps pendant lequel la r\u00e9sistance auxiliaire est pr\u00e9sente \u00e9lectriquement dans le circuit.<\/p>\n<p>Dans le cas de l\u2019op\u00e9ration de fermeture par exemple, c\u2019est la diff\u00e9rence de temps entre la fermeture du contact de pr\u00e9insertion et la fermeture du contact principal.<\/p>\n<p>Comment d\u00e9finit-on le temps de chevauchement ?<\/p>\n<p>Pour mesurer le temps de chevauchement, il est n\u00e9cessaire d\u2019effectuer un essai d\u00e9taill\u00e9. L\u2019essai d\u00e9taill\u00e9 est un essai qui n\u00e9cessite des branchements particuliers qui seront expliqu\u00e9s plus loin dans les vid\u00e9os subs\u00e9quentes.<\/p>\n<p>Cet essai est le seul essai qui donne acc\u00e8s s\u00e9par\u00e9ment et simultan\u00e9ment aux contacts principaux et aux contacts de pr\u00e9-insertions.<\/p>\n<p>Le temps de chevauchement se d\u00e9finit alors par la dur\u00e9e, pendant laquelle les contacts principaux et de pr\u00e9insertion sont en position ferm\u00e9 simultan\u00e9ment.<\/p>\n<p>Comment d\u00e9finit-on le temps de court-circuit?<\/p>\n<p>Le temps de court-circuit se d\u00e9finit en calculant la diff\u00e9rence de temps entre la fermeture du contact le plus long et l\u2019ouverture du contact le plus court.<\/p>\n<p>La figure repr\u00e9sente le cas d\u2019un disjoncteur \u00e0 deux contacts par phase.<\/p>\n<p>Comment d\u00e9finit-on le temps d\u2019isolation?<\/p>\n<p>Le temps d\u2019isolation se d\u00e9finit en calculant la diff\u00e9rence de temps entre l\u2019ouverture du contact le plus rapide et la fermeture du contact le plus lent.<\/p>\n<p>La figure repr\u00e9sente le cas d\u2019un disjoncteur \u00e0 deux contacts par phase.<\/p>\n<p>Qu&rsquo;est-ce que le rebondissement des contacts?<\/p>\n<p>Le rebondissement des contacts du disjoncteur est un ph\u00e9nom\u00e8ne physique qui se produit lors d\u2019une fermeture ou d\u2019une ouverture des contacts du disjoncteur.<\/p>\n<p>Ces rebondissements apparaissent comme des sautillements sur les enregistrements graphiques.<\/p>\n<p>Cela peut pr\u00e9sager d\u2019un fonctionnement anormal des amortisseurs.<\/p>\n<p>Il n\u2019est pas n\u00e9cessaire de signaler des rebondissements de moins d\u2019une milliseconde.<\/p>\n<p>Dans l\u2019exemple montrant les rebondissements \u00e0 la fermeture, il faut consid\u00e9rer le contact ferm\u00e9 \u00e0 quarante-deux millisecondes.<\/p>\n<p>Dans l\u2019exemple montrant les rebondissements \u00e0 l\u2019ouverture, il faut consid\u00e9rer le contact ouvert \u00e0 vingt-cinq millisecondes.<\/p>\n<p>Pourquoi parle-t-on de r\u00e9sistance statique et de r\u00e9sistance dynamique dans un disjoncteur ?<\/p>\n<p>Les micro-ohmm\u00e8tres mesurent la r\u00e9sistance des contacts principaux en position ferm\u00e9e,<\/p>\n<p>On parle alors de mesure de la r\u00e9sistance statique des contacts.<\/p>\n<p>Un contact en bon \u00e9tat, donne des valeurs de quelques dizaines de micro-ohms \u00e0 quelques centaines de micro-ohms.\u00a0 Cette valeur d\u00e9pend de la technologie utilis\u00e9e dans la fabrication des contacts de la chambre de coupure du disjoncteur.<\/p>\n<p>Les micro-ohmm\u00e8tres statiques ne peuvent pas mesurer les contacts d\u2019arc qui apparaissent bri\u00e8vement<\/p>\n<p>durant l\u2019op\u00e9ration d\u2019ouverture.<\/p>\n<p>Pour capturer l\u2019\u00e9volution de leur valeur micro ohmique dans le temps, il est n\u00e9cessaire de recourir \u00e0 des modules sp\u00e9cialis\u00e9s qui sont directement connect\u00e9s aux analyseurs de disjoncteurs.<\/p>\n<p>L\u2019analyse de la courbe enregistr\u00e9e repr\u00e9sente la r\u00e9sistance dynamique de contact.\u00a0 Elle donne des informations pertinentes sur l\u2019\u00e9tat et les conditions du fonctionnement des contacts d\u2019arc.\u00a0 On en d\u00e9duit facilement l\u2019\u00e9tat d\u2019usure des contacts d\u2019arc en portant attention \u00e0 la dur\u00e9e d\u2019apparition du contact d\u2019arc.<\/p>\n<p>Quelles sont les man\u0153uvres standards r\u00e9alisables sur un disjoncteur ?<\/p>\n<p>Les man\u0153uvres r\u00e9alis\u00e9es sur les disjoncteurs sont des actions m\u00e9caniques qui permettent de couper ou de r\u00e9tablir le courant sur les lignes haute tension.<\/p>\n<p>On distingue essentiellement quatre man\u0153uvres :<\/p>\n<p>La Man\u0153uvre d\u2019ouverture<\/p>\n<p>La Man\u0153uvre de fermeture<\/p>\n<p>La Man\u0153uvre Fermeture-Ouverture<\/p>\n<p>La Man\u0153uvre Ouverture&#8211;Fermeture-Ouverture<\/p>\n<p>Voyons plus en d\u00e9tails ces man\u0153uvres dans les animations suivantes.<\/p>\n<p>Man\u0153uvre d\u2019ouverture.<\/p>\n<p>Cette op\u00e9ration permet de couper le courant \u00e9lectrique.<\/p>\n<p>Les contacts prennent un certain temps \u00e0 r\u00e9agir \u00e0 la commande d\u2018ouverture.<\/p>\n<p>Le temps de r\u00e9ponse d\u00e9bute au moment o\u00f9 le courant commence \u00e0 circuler dans la bobine de commande du disjoncteur jusqu\u2019\u00e0 l\u2019op\u00e9ration du premier contact de celui-ci.<\/p>\n<p>Le temps que prend le disjoncteur pour ouvrir compl\u00e8tement est appel\u00e9 temps d\u2019op\u00e9ration.<\/p>\n<p>Ce temps d\u00e9bute au moment o\u00f9 le courant commence \u00e0 circuler dans la bobine de commande jusqu\u2019\u00e0 l\u2019op\u00e9ration du dernier contact.<\/p>\n<p>La diff\u00e9rence entre le temps d\u2019op\u00e9ration le plus long et le temps de r\u00e9ponse le plus court du disjoncteur correspond au temps d\u2019\u00e9cart.<\/p>\n<p>Man\u0153uvre de fermeture.<\/p>\n<p>Cette op\u00e9ration permet de r\u00e9tablir le courant \u00e9lectrique.<\/p>\n<p>On retrouve dans cette man\u0153uvre exactement les m\u00eames crit\u00e8res temporels que dans la man\u0153uvre d\u2019ouverture.<\/p>\n<p>On y retrouve aussi le temps de r\u00e9ponse, le temps d\u2019op\u00e9ration et le temps d\u2019\u00e9cart.<\/p>\n<p>Man\u0153uvre de Fermeture-Ouverture.<\/p>\n<p>Le but de cette man\u0153uvre est de conna\u00eetre le comportement du disjoncteur lors de l&rsquo;op\u00e9ration de fermeture sur un court-circuit.<\/p>\n<p>Le disjoncteur ferme en premier, les relais de protection d\u00e9tectent un court-circuit et renvoient imm\u00e9diatement une commande d&rsquo;ouverture.<\/p>\n<p>Tout de suite apr\u00e8s que la commande d\u2019ouverture soit arriv\u00e9e, le disjoncteur coupe alors le circuit.<\/p>\n<p>Le temps de court-circuit est calcul\u00e9 par la diff\u00e9rence de temps entre la fermeture du contact<\/p>\n<p>le plus lent avec l\u2019ouverture du contact le plus rapide.<\/p>\n<p>Man\u0153uvre O F O.<\/p>\n<p>Cette man\u0153uvre est r\u00e9alis\u00e9e lorsque le disjoncteur est assujetti \u00e0 un r\u00e9enclenchement sur un d\u00e9faut.<\/p>\n<p>D\u00e8s que la premi\u00e8re ouverture est r\u00e9alis\u00e9e, la prochaine commande de fermeture est retard\u00e9e de 300 millisecondes. Ce d\u00e9lai qui est standardis\u00e9, permet au milieu isolant du disjoncteur de se r\u00e9g\u00e9n\u00e9rer.\u00a0 Il permet \u00e9galement aux d\u00e9fauts fugitifs de disparaitre.<\/p>\n<p>La commande d\u2019ouverture suit imm\u00e9diatement la fermeture sur un d\u00e9faut.\u00a0 Lors des essais de synchronisation, la derni\u00e8re op\u00e9ration de Fermeture-Ouverture de ce test, est de laisser les contacts finir leur course.<\/p>\n<p>Le contact 52A qui est dans le cabinet de contr\u00f4le, suit m\u00e9caniquement l\u2019\u00e9tat du contact principal.<\/p>\n<p>D\u00e8s que le contact principal a effectu\u00e9 toute sa course et qu\u2019il est compl\u00e8tement ferm\u00e9, le contact 52A change son \u00e9tat.<\/p>\n<p>C&rsquo;est \u00e0 partir de ce moment que le r\u00e9enclencheur ouvre.<\/p>\n<p>Cette animation montre le principe du calcul du temps d\u2019isolation.<\/p>\n<p>La Partie commande.<\/p>\n<p>On d\u00e9signe par partie commande, la partie du disjoncteur o\u00f9 l\u2019\u00e9nergie n\u00e9cessaire au d\u00e9placement du contact mobile est assur\u00e9e. Cette commande comporte des dispositifs \u00e0 accumulation d&rsquo;\u00e9nergie appel\u00e9s accumulateurs d&rsquo;\u00e9nergie.\u00a0 Leur r\u00f4le est d&rsquo;accumuler l&rsquo;\u00e9nergie n\u00e9cessaire pour garantir la coupure ou la fermeture du disjoncteur \u00e0 tout instant.<\/p>\n<p>Les accumulateurs d&rsquo;\u00e9nergie les plus courants sont les ressorts et les cylindres pr\u00e9-gonfl\u00e9s en azote.<\/p>\n<p>Le type de la commande peut \u00eatre m\u00e9canique \u00e0 ressort, hydraulique ou pneumatique.<\/p>\n<p>Comment mesurer le courant de la commande F ou O?<\/p>\n<p>Le courant de la commande de fermeture ou d\u2019ouverture peut \u00eatre connu en mesurant le courant circulant dans la bobine d\u2019ouverture ou de fermeture gr\u00e2ce \u00e0 des capteurs de courant.<\/p>\n<p>L\u2019analyseur de disjoncteurs tels que le CBA-32P de Zensol int\u00e8gre deux capteurs de courant \u00e0 effet Hall dont l\u2019un est destin\u00e9 \u00e0 la mesure du courant de fermeture alors que l\u2019autre est destin\u00e9 \u00e0 la mesure du courant d\u2019ouverture.<\/p>\n<p>L\u2019analyse des signaux de courant nous permet de d\u00e9terminer avec pr\u00e9cision l\u2019instant o\u00f9 le courant d\u00e9bute pour nous permettre de calculer le temps de fermeture ou d\u2019ouverture.<\/p>\n<p>Sans cette information, les temps d\u2019op\u00e9ration ne peuvent pas \u00eatre calcul\u00e9es.<\/p>\n<p>La seconde information est la valeur maximum atteinte par le courant de fermeture ou d\u2019ouverture. Ces maximums peuvent varier de quelques centaines de milliamp\u00e8res \u00e0 quelques dizaines d\u2019amp\u00e8res.\u00a0 Le CBA-32P, par exemple, int\u00e8gre 4 \u00e9chelles de courant continu, un amp\u00e8re, cinq amp\u00e8res, dix amp\u00e8res et vingt amp\u00e8res ainsi que 4 \u00e9chelles de courant alternatif.<\/p>\n<p>Qu\u2019est-ce qu\u2019un sch\u00e9ma de commande d\u2019un disjoncteur?<\/p>\n<p>Cette figure illustre la commande classique d\u2019un disjoncteur.<\/p>\n<p>On y retrouve les diff\u00e9rents relais de commande, tels que les relais interm\u00e9diaires cinquante-deux X, les relais de signaux cinquante-deux A et cinquante-deux B.<\/p>\n<p>On y voit \u00e9galement les bobines de commande d\u2019ouverture et fermeture ainsi que les boutons poussoir d\u2019ouverture et de fermeture.<\/p>\n<p>Bien comprendre ce sch\u00e9ma est primordial pour un branchement ad\u00e9quat des c\u00e2bles de commandes des analyseurs de disjoncteurs tels que le CBA-32P.<\/p>\n<p>Qu\u2019est-ce qu\u2019une courbe de d\u00e9placement des contacts ?<\/p>\n<p>Grace \u00e0 un capteur de d\u00e9placement ad\u00e9quatement positionn\u00e9 sur le disjoncteur, il est facile d\u2019enregistrer un signal proportionnel au d\u00e9placement du contact mobile du disjoncteur.<\/p>\n<p>Cette animation tr\u00e8s proche de la r\u00e9alit\u00e9 montre la fermeture d\u2019un disjoncteur a gros volume d\u2019huile.<\/p>\n<p>Les param\u00e8tres sp\u00e9cifiques recherch\u00e9s sont la course totale, la surcourse, le rebondissement, la p\u00e9n\u00e9tration.<\/p>\n<p>Ils sont g\u00e9n\u00e9ralement compar\u00e9s \u00e0 des valeurs types donn\u00e9s par les manufacturiers de disjoncteurs.<\/p>\n<p>L\u2019analyse des courbes de d\u00e9placement donnent des informations que les rapports tabulaires ne peuvent pas montrer.\u00a0 Par exemple, les temps d\u2019op\u00e9rations peuvent \u00eatre exacts mais le disjoncteur peut pr\u00e9senter malgr\u00e9 tout un probl\u00e8me de rebondissement li\u00e9 \u00e0 un amortisseur d\u00e9fectueux.\u00a0 La seule fa\u00e7on de voir ces probl\u00e8mes est d\u2019enregistrer puis analyser les d\u00e9placements des contacts mobiles.<\/p>\n<p>Comment mesurer la courbe de d\u00e9placement des contacts ?<\/p>\n<p>Cette animation montre que gr\u00e2ce \u00e0 l\u2019enregistrement de la courbe de d\u00e9placement, il est facile de calculer et tracer le signal de vitesse instantan\u00e9e lors d\u2019une ouverture de contacts.\u00a0 On calcule aussi facilement la vitesse moyenne.<\/p>\n<p>Il faut retenir que le calcul de la vitesse pour un gros volume d\u2019huile \u00e0 cent vingt kilos volts et plus, se mesure \u00e0 vingt centim\u00e8tres de la s\u00e9paration des contacts.<\/p>\n<p>Pour les disjoncteurs de 69 kilos volts et moins, on la mesure \u00e0 sept point cinq centim\u00e8tres de la s\u00e9paration des contacts.<\/p>\n<p>Question le\u00e7on une.<\/p>\n<p>Quel est le temps de chevauchement du chronographe suivant<\/p>\n<p>Le temps de chevauchement est de vingt milli secondes. Voir diapositive 8 pour plus de d\u00e9tails<\/p>\n<p>R\u00e9f\u00e9rences<\/p>\n<p>Synchronisation et chronom\u00e9trage des disjoncteurs.<\/p>\n<p>Librairies des disjoncteurs<\/p>\n<\/div><\/section><\/div><\/p>\n","protected":false},"excerpt":{"rendered":"","protected":false},"author":1,"featured_media":0,"parent":10504,"menu_order":0,"comment_status":"closed","ping_status":"closed","template":"","meta":{"footnotes":""},"class_list":["post-11655","page","type-page","status-publish","hentry"],"yoast_head":"<!-- This site is optimized with the Yoast SEO plugin v26.3 - https:\/\/yoast.com\/wordpress\/plugins\/seo\/ -->\n<title>Video 5: Notions de synchronisation - Zensol<\/title>\n<meta name=\"robots\" content=\"index, follow, max-snippet:-1, max-image-preview:large, max-video-preview:-1\" \/>\n<link rel=\"canonical\" href=\"https:\/\/www.zensol.com\/fr\/videos-2\/video-5-notions-de-synchronisation\/\" \/>\n<meta property=\"og:locale\" content=\"fr_FR\" \/>\n<meta property=\"og:type\" content=\"article\" \/>\n<meta property=\"og:title\" content=\"Video 5: Notions de synchronisation - Zensol\" \/>\n<meta property=\"og:url\" content=\"https:\/\/www.zensol.com\/fr\/videos-2\/video-5-notions-de-synchronisation\/\" \/>\n<meta property=\"og:site_name\" content=\"Zensol\" \/>\n<meta property=\"article:modified_time\" content=\"2020-04-09T16:53:44+00:00\" \/>\n<meta name=\"twitter:label1\" content=\"Dur\u00e9e de lecture estim\u00e9e\" \/>\n\t<meta name=\"twitter:data1\" content=\"12 minutes\" \/>\n<script type=\"application\/ld+json\" class=\"yoast-schema-graph\">{\"@context\":\"https:\/\/schema.org\",\"@graph\":[{\"@type\":\"WebPage\",\"@id\":\"https:\/\/www.zensol.com\/fr\/videos-2\/video-5-notions-de-synchronisation\/\",\"url\":\"https:\/\/www.zensol.com\/fr\/videos-2\/video-5-notions-de-synchronisation\/\",\"name\":\"Video 5: Notions de synchronisation - Zensol\",\"isPartOf\":{\"@id\":\"https:\/\/www.zensol.com\/#website\"},\"datePublished\":\"2020-04-09T16:52:45+00:00\",\"dateModified\":\"2020-04-09T16:53:44+00:00\",\"breadcrumb\":{\"@id\":\"https:\/\/www.zensol.com\/fr\/videos-2\/video-5-notions-de-synchronisation\/#breadcrumb\"},\"inLanguage\":\"fr-FR\",\"potentialAction\":[{\"@type\":\"ReadAction\",\"target\":[\"https:\/\/www.zensol.com\/fr\/videos-2\/video-5-notions-de-synchronisation\/\"]}]},{\"@type\":\"BreadcrumbList\",\"@id\":\"https:\/\/www.zensol.com\/fr\/videos-2\/video-5-notions-de-synchronisation\/#breadcrumb\",\"itemListElement\":[{\"@type\":\"ListItem\",\"position\":1,\"name\":\"videos\",\"item\":\"https:\/\/www.zensol.com\/fr\/videos-2\/\"},{\"@type\":\"ListItem\",\"position\":2,\"name\":\"Video 5: Notions de synchronisation\"}]},{\"@type\":\"WebSite\",\"@id\":\"https:\/\/www.zensol.com\/#website\",\"url\":\"https:\/\/www.zensol.com\/\",\"name\":\"Zensol\",\"description\":\"The Circuit Breaker, Recloser and Tap-Changer Instrument Test Specialist\",\"potentialAction\":[{\"@type\":\"SearchAction\",\"target\":{\"@type\":\"EntryPoint\",\"urlTemplate\":\"https:\/\/www.zensol.com\/?s={search_term_string}\"},\"query-input\":{\"@type\":\"PropertyValueSpecification\",\"valueRequired\":true,\"valueName\":\"search_term_string\"}}],\"inLanguage\":\"fr-FR\"}]}<\/script>\n<!-- \/ Yoast SEO plugin. -->","yoast_head_json":{"title":"Video 5: Notions de synchronisation - Zensol","robots":{"index":"index","follow":"follow","max-snippet":"max-snippet:-1","max-image-preview":"max-image-preview:large","max-video-preview":"max-video-preview:-1"},"canonical":"https:\/\/www.zensol.com\/fr\/videos-2\/video-5-notions-de-synchronisation\/","og_locale":"fr_FR","og_type":"article","og_title":"Video 5: Notions de synchronisation - Zensol","og_url":"https:\/\/www.zensol.com\/fr\/videos-2\/video-5-notions-de-synchronisation\/","og_site_name":"Zensol","article_modified_time":"2020-04-09T16:53:44+00:00","twitter_misc":{"Dur\u00e9e de lecture estim\u00e9e":"12 minutes"},"schema":{"@context":"https:\/\/schema.org","@graph":[{"@type":"WebPage","@id":"https:\/\/www.zensol.com\/fr\/videos-2\/video-5-notions-de-synchronisation\/","url":"https:\/\/www.zensol.com\/fr\/videos-2\/video-5-notions-de-synchronisation\/","name":"Video 5: Notions de synchronisation - Zensol","isPartOf":{"@id":"https:\/\/www.zensol.com\/#website"},"datePublished":"2020-04-09T16:52:45+00:00","dateModified":"2020-04-09T16:53:44+00:00","breadcrumb":{"@id":"https:\/\/www.zensol.com\/fr\/videos-2\/video-5-notions-de-synchronisation\/#breadcrumb"},"inLanguage":"fr-FR","potentialAction":[{"@type":"ReadAction","target":["https:\/\/www.zensol.com\/fr\/videos-2\/video-5-notions-de-synchronisation\/"]}]},{"@type":"BreadcrumbList","@id":"https:\/\/www.zensol.com\/fr\/videos-2\/video-5-notions-de-synchronisation\/#breadcrumb","itemListElement":[{"@type":"ListItem","position":1,"name":"videos","item":"https:\/\/www.zensol.com\/fr\/videos-2\/"},{"@type":"ListItem","position":2,"name":"Video 5: Notions de synchronisation"}]},{"@type":"WebSite","@id":"https:\/\/www.zensol.com\/#website","url":"https:\/\/www.zensol.com\/","name":"Zensol","description":"The Circuit Breaker, Recloser and Tap-Changer Instrument Test Specialist","potentialAction":[{"@type":"SearchAction","target":{"@type":"EntryPoint","urlTemplate":"https:\/\/www.zensol.com\/?s={search_term_string}"},"query-input":{"@type":"PropertyValueSpecification","valueRequired":true,"valueName":"search_term_string"}}],"inLanguage":"fr-FR"}]}},"_links":{"self":[{"href":"https:\/\/www.zensol.com\/fr\/wp-json\/wp\/v2\/pages\/11655","targetHints":{"allow":["GET"]}}],"collection":[{"href":"https:\/\/www.zensol.com\/fr\/wp-json\/wp\/v2\/pages"}],"about":[{"href":"https:\/\/www.zensol.com\/fr\/wp-json\/wp\/v2\/types\/page"}],"author":[{"embeddable":true,"href":"https:\/\/www.zensol.com\/fr\/wp-json\/wp\/v2\/users\/1"}],"replies":[{"embeddable":true,"href":"https:\/\/www.zensol.com\/fr\/wp-json\/wp\/v2\/comments?post=11655"}],"version-history":[{"count":2,"href":"https:\/\/www.zensol.com\/fr\/wp-json\/wp\/v2\/pages\/11655\/revisions"}],"predecessor-version":[{"id":11657,"href":"https:\/\/www.zensol.com\/fr\/wp-json\/wp\/v2\/pages\/11655\/revisions\/11657"}],"up":[{"embeddable":true,"href":"https:\/\/www.zensol.com\/fr\/wp-json\/wp\/v2\/pages\/10504"}],"wp:attachment":[{"href":"https:\/\/www.zensol.com\/fr\/wp-json\/wp\/v2\/media?parent=11655"}],"curies":[{"name":"wp","href":"https:\/\/api.w.org\/{rel}","templated":true}]}}