{"id":11652,"date":"2020-04-09T17:45:36","date_gmt":"2020-04-09T16:45:36","guid":{"rendered":"https:\/\/www.zensol.net\/?page_id=11652"},"modified":"2020-04-09T17:45:36","modified_gmt":"2020-04-09T16:45:36","slug":"video-4-les-condensateurs-de-repartition","status":"publish","type":"page","link":"https:\/\/www.zensol.com\/fr\/videos-2\/video-4-les-condensateurs-de-repartition\/","title":{"rendered":"Video 4: Les condensateurs de r\u00e9partition"},"content":{"rendered":"\n<style type=\"text\/css\" data-created_by=\"avia_inline_auto\" id=\"style-css-av-av_one_full-6126cab7d8fab8d08143dd2dacdf673c\">\n.flex_column.av-av_one_full-6126cab7d8fab8d08143dd2dacdf673c{\n-webkit-border-radius:0px 0px 0px 0px;\n-moz-border-radius:0px 0px 0px 0px;\nborder-radius:0px 0px 0px 0px;\npadding:0px 0px 0px 0px;\n}\n<\/style>\n<div class='flex_column av-av_one_full-6126cab7d8fab8d08143dd2dacdf673c av_one_full  avia-builder-el-0  el_before_av_one_full  avia-builder-el-first  first flex_column_div av-zero-column-padding '     ><section  class='av_textblock_section av-av_textblock-0366cc7376be6c9e82a3e9cc8987b64f'  itemscope=\"itemscope\" itemtype=\"https:\/\/schema.org\/CreativeWork\" ><div class='avia_textblock'  itemprop=\"text\" ><h3><span style=\"color: #488113;\"><strong>Video 4: Les condensateurs de r\u00e9partition<br \/>\n<\/strong><\/span><\/h3>\n<\/div><\/section><br \/>\n<section  class='av_textblock_section av-av_textblock-0366cc7376be6c9e82a3e9cc8987b64f'  itemscope=\"itemscope\" itemtype=\"https:\/\/schema.org\/CreativeWork\" ><div class='avia_textblock'  itemprop=\"text\" ><div>Cette vid\u00e9o explique ce qu&rsquo;est un condensateur de r\u00e9partition et dans quels cas il est utilis\u00e9. Ces condensateurs sont install\u00e9s sur les disjoncteurs pour \u00e9viter qu\u2019un contact se retrouve en pr\u00e9sence de surtension.<\/div>\n<p>Dur\u00e9e: 2mn 05s<br \/>\n<strong>Th\u00e8me :<\/strong> Notions fondamentales en coupure de circuit \u00e9lectrique<\/p>\n<\/div><\/section><\/p><\/div><div class='flex_column av-av_one_full-2a9015ff38129c418a3f2eafba3e9512 av_one_full  avia-builder-el-3  el_after_av_one_full  el_before_av_one_full  first flex_column_div column-top-margin'     ><div  class='avia-video av-av_video-e36ef6014645be8ee79053177a20a93f avia-video-16-9 av-no-preview-image avia-video-load-always av-lazyload-immediate av-lazyload-video-embed'  itemprop=\"video\" itemtype=\"https:\/\/schema.org\/VideoObject\"  data-original_url='https:\/\/www.youtube.com\/watch?v=fcq-7aNLWoo'><script type='text\/html' class='av-video-tmpl'><div class='avia-iframe-wrap'><iframe loading=\"lazy\" width=\"1500\" height=\"844\" src=\"https:\/\/www.youtube.com\/embed\/fcq-7aNLWoo?feature=oembed&autoplay=0&loop=0&controls=1&mute=0\" frameborder=\"0\" allow=\"accelerometer; autoplay; encrypted-media; gyroscope; picture-in-picture\" allowfullscreen><\/iframe><\/div><\/script><div class='av-click-to-play-overlay'><div class=\"avia_playpause_icon\"><\/div><\/div><\/div><\/div>\n<style type=\"text\/css\" data-created_by=\"avia_inline_auto\" id=\"style-css-av-av_one_full-6126cab7d8fab8d08143dd2dacdf673c\">\n.flex_column.av-av_one_full-6126cab7d8fab8d08143dd2dacdf673c{\n-webkit-border-radius:0px 0px 0px 0px;\n-moz-border-radius:0px 0px 0px 0px;\nborder-radius:0px 0px 0px 0px;\npadding:0px 0px 0px 0px;\n}\n<\/style>\n<div class='flex_column av-av_one_full-6126cab7d8fab8d08143dd2dacdf673c av_one_full  avia-builder-el-5  el_after_av_one_full  avia-builder-el-last  first flex_column_div av-zero-column-padding column-top-margin'     ><section  class='av_textblock_section av-av_textblock-0366cc7376be6c9e82a3e9cc8987b64f'  itemscope=\"itemscope\" itemtype=\"https:\/\/schema.org\/CreativeWork\" ><div class='avia_textblock'  itemprop=\"text\" ><p><strong><span style=\"color: #488113;\">Transcription compl\u00e8te de la video<\/span><\/strong><\/p>\n<p>Bonjour \u00e0 tous et bienvenue \u00e0 cette formation en ligne.<br \/>\nDans cette quatri\u00e8me vid\u00e9o, nous effectuerons un survol des notions de coupures de circuit \u00e9lectrique.<br \/>\nR\u00e9alis\u00e9 par Zensol Automation en collaboration avec Hydro-Qu\u00e9bec.<\/p>\n<p>A la fin de cette vid\u00e9o, le participant sera en mesure de comprendre le r\u00f4le des condensateurs de<br \/>\nr\u00e9partition.<\/p>\n<p>Les Condensateurs de r\u00e9partition.<br \/>\nQu\u2019est-ce qu\u2019un condensateur de r\u00e9partition.<br \/>\nQuel est le r\u00f4le des condensateurs de r\u00e9partition.<\/p>\n<p>Qu\u2019est-ce qu\u2019un condensateur de r\u00e9partition?<br \/>\nLes condensateurs de r\u00e9partition ont des valeurs de l\u2019ordre de quelques picofarads. Ils sont install\u00e9s sur<br \/>\nles disjoncteurs poss\u00e9dant plusieurs contacts dans un m\u00eame p\u00f4le.<\/p>\n<p>Quel est le r\u00f4le des condensateurs de r\u00e9partition ?<br \/>\nCes condensateurs sont des diviseurs de tensions.<br \/>\nIls sont plac\u00e9s en parall\u00e8le avec chaque contact pour repartir la tension aux bornes des contacts<br \/>\nprincipaux du disjoncteur.<br \/>\nCela est fait pour \u00e9viter qu\u2019un contact se retrouve en pr\u00e9sence de surtension.<\/p>\n<p>Question le\u00e7on 4.<br \/>\nDans quel cas utilise-t-on les condensateurs de r\u00e9partition ?<br \/>\nA) R\u00e9duire l\u2019asym\u00e9trie du courant lors d\u2019une ouverture d\u2019un disjoncteur.<br \/>\nB) \u00e9viter les d\u00e9passements de seuils des charges pr\u00e9sentes dans le r\u00e9seau.<br \/>\nC) \u00c9viter qu\u2018un contact d\u2019un disjoncteur se retrouve en surtension.<br \/>\nLa bonne r\u00e9ponse est. C). \u00c9viter qu\u2018un contact d\u2019un disjoncteur se retrouve en surtension. Voir<br \/>\ndiapositive 5 pour plus de d\u00e9tails.<\/p>\n<\/div><\/section><\/div><\/p>\n","protected":false},"excerpt":{"rendered":"","protected":false},"author":1,"featured_media":0,"parent":10504,"menu_order":0,"comment_status":"closed","ping_status":"closed","template":"","meta":{"footnotes":""},"class_list":["post-11652","page","type-page","status-publish","hentry"],"yoast_head":"<!-- This site is optimized with the Yoast SEO plugin v26.3 - https:\/\/yoast.com\/wordpress\/plugins\/seo\/ -->\n<title>Video 4: Les condensateurs de r\u00e9partition - Zensol<\/title>\n<meta name=\"robots\" content=\"index, follow, max-snippet:-1, max-image-preview:large, max-video-preview:-1\" \/>\n<link rel=\"canonical\" href=\"https:\/\/www.zensol.com\/fr\/videos-2\/video-4-les-condensateurs-de-repartition\/\" \/>\n<meta property=\"og:locale\" content=\"fr_FR\" \/>\n<meta property=\"og:type\" content=\"article\" \/>\n<meta property=\"og:title\" content=\"Video 4: Les condensateurs de r\u00e9partition - Zensol\" \/>\n<meta property=\"og:url\" content=\"https:\/\/www.zensol.com\/fr\/videos-2\/video-4-les-condensateurs-de-repartition\/\" \/>\n<meta property=\"og:site_name\" content=\"Zensol\" \/>\n<meta name=\"twitter:label1\" content=\"Dur\u00e9e de lecture estim\u00e9e\" \/>\n\t<meta name=\"twitter:data1\" content=\"2 minutes\" \/>\n<script type=\"application\/ld+json\" class=\"yoast-schema-graph\">{\"@context\":\"https:\/\/schema.org\",\"@graph\":[{\"@type\":\"WebPage\",\"@id\":\"https:\/\/www.zensol.com\/fr\/videos-2\/video-4-les-condensateurs-de-repartition\/\",\"url\":\"https:\/\/www.zensol.com\/fr\/videos-2\/video-4-les-condensateurs-de-repartition\/\",\"name\":\"Video 4: Les condensateurs de r\u00e9partition - Zensol\",\"isPartOf\":{\"@id\":\"https:\/\/www.zensol.com\/#website\"},\"datePublished\":\"2020-04-09T16:45:36+00:00\",\"breadcrumb\":{\"@id\":\"https:\/\/www.zensol.com\/fr\/videos-2\/video-4-les-condensateurs-de-repartition\/#breadcrumb\"},\"inLanguage\":\"fr-FR\",\"potentialAction\":[{\"@type\":\"ReadAction\",\"target\":[\"https:\/\/www.zensol.com\/fr\/videos-2\/video-4-les-condensateurs-de-repartition\/\"]}]},{\"@type\":\"BreadcrumbList\",\"@id\":\"https:\/\/www.zensol.com\/fr\/videos-2\/video-4-les-condensateurs-de-repartition\/#breadcrumb\",\"itemListElement\":[{\"@type\":\"ListItem\",\"position\":1,\"name\":\"videos\",\"item\":\"https:\/\/www.zensol.com\/fr\/videos-2\/\"},{\"@type\":\"ListItem\",\"position\":2,\"name\":\"Video 4: Les condensateurs de r\u00e9partition\"}]},{\"@type\":\"WebSite\",\"@id\":\"https:\/\/www.zensol.com\/#website\",\"url\":\"https:\/\/www.zensol.com\/\",\"name\":\"Zensol\",\"description\":\"The Circuit Breaker, Recloser and Tap-Changer Instrument Test Specialist\",\"potentialAction\":[{\"@type\":\"SearchAction\",\"target\":{\"@type\":\"EntryPoint\",\"urlTemplate\":\"https:\/\/www.zensol.com\/?s={search_term_string}\"},\"query-input\":{\"@type\":\"PropertyValueSpecification\",\"valueRequired\":true,\"valueName\":\"search_term_string\"}}],\"inLanguage\":\"fr-FR\"}]}<\/script>\n<!-- \/ Yoast SEO plugin. -->","yoast_head_json":{"title":"Video 4: Les condensateurs de r\u00e9partition - Zensol","robots":{"index":"index","follow":"follow","max-snippet":"max-snippet:-1","max-image-preview":"max-image-preview:large","max-video-preview":"max-video-preview:-1"},"canonical":"https:\/\/www.zensol.com\/fr\/videos-2\/video-4-les-condensateurs-de-repartition\/","og_locale":"fr_FR","og_type":"article","og_title":"Video 4: Les condensateurs de r\u00e9partition - Zensol","og_url":"https:\/\/www.zensol.com\/fr\/videos-2\/video-4-les-condensateurs-de-repartition\/","og_site_name":"Zensol","twitter_misc":{"Dur\u00e9e de lecture estim\u00e9e":"2 minutes"},"schema":{"@context":"https:\/\/schema.org","@graph":[{"@type":"WebPage","@id":"https:\/\/www.zensol.com\/fr\/videos-2\/video-4-les-condensateurs-de-repartition\/","url":"https:\/\/www.zensol.com\/fr\/videos-2\/video-4-les-condensateurs-de-repartition\/","name":"Video 4: Les condensateurs de r\u00e9partition - Zensol","isPartOf":{"@id":"https:\/\/www.zensol.com\/#website"},"datePublished":"2020-04-09T16:45:36+00:00","breadcrumb":{"@id":"https:\/\/www.zensol.com\/fr\/videos-2\/video-4-les-condensateurs-de-repartition\/#breadcrumb"},"inLanguage":"fr-FR","potentialAction":[{"@type":"ReadAction","target":["https:\/\/www.zensol.com\/fr\/videos-2\/video-4-les-condensateurs-de-repartition\/"]}]},{"@type":"BreadcrumbList","@id":"https:\/\/www.zensol.com\/fr\/videos-2\/video-4-les-condensateurs-de-repartition\/#breadcrumb","itemListElement":[{"@type":"ListItem","position":1,"name":"videos","item":"https:\/\/www.zensol.com\/fr\/videos-2\/"},{"@type":"ListItem","position":2,"name":"Video 4: Les condensateurs de r\u00e9partition"}]},{"@type":"WebSite","@id":"https:\/\/www.zensol.com\/#website","url":"https:\/\/www.zensol.com\/","name":"Zensol","description":"The Circuit Breaker, Recloser and Tap-Changer Instrument Test Specialist","potentialAction":[{"@type":"SearchAction","target":{"@type":"EntryPoint","urlTemplate":"https:\/\/www.zensol.com\/?s={search_term_string}"},"query-input":{"@type":"PropertyValueSpecification","valueRequired":true,"valueName":"search_term_string"}}],"inLanguage":"fr-FR"}]}},"_links":{"self":[{"href":"https:\/\/www.zensol.com\/fr\/wp-json\/wp\/v2\/pages\/11652","targetHints":{"allow":["GET"]}}],"collection":[{"href":"https:\/\/www.zensol.com\/fr\/wp-json\/wp\/v2\/pages"}],"about":[{"href":"https:\/\/www.zensol.com\/fr\/wp-json\/wp\/v2\/types\/page"}],"author":[{"embeddable":true,"href":"https:\/\/www.zensol.com\/fr\/wp-json\/wp\/v2\/users\/1"}],"replies":[{"embeddable":true,"href":"https:\/\/www.zensol.com\/fr\/wp-json\/wp\/v2\/comments?post=11652"}],"version-history":[{"count":2,"href":"https:\/\/www.zensol.com\/fr\/wp-json\/wp\/v2\/pages\/11652\/revisions"}],"predecessor-version":[{"id":11654,"href":"https:\/\/www.zensol.com\/fr\/wp-json\/wp\/v2\/pages\/11652\/revisions\/11654"}],"up":[{"embeddable":true,"href":"https:\/\/www.zensol.com\/fr\/wp-json\/wp\/v2\/pages\/10504"}],"wp:attachment":[{"href":"https:\/\/www.zensol.com\/fr\/wp-json\/wp\/v2\/media?parent=11652"}],"curies":[{"name":"wp","href":"https:\/\/api.w.org\/{rel}","templated":true}]}}