{"id":11649,"date":"2020-04-09T17:38:19","date_gmt":"2020-04-09T16:38:19","guid":{"rendered":"https:\/\/www.zensol.net\/?page_id=11649"},"modified":"2020-04-09T17:38:55","modified_gmt":"2020-04-09T16:38:55","slug":"video-3-la-commande-synchrone-icos","status":"publish","type":"page","link":"https:\/\/www.zensol.com\/fr\/videos-2\/video-3-la-commande-synchrone-icos\/","title":{"rendered":"Video 3: La commande synchrone ICOS"},"content":{"rendered":"\n<style type=\"text\/css\" data-created_by=\"avia_inline_auto\" id=\"style-css-av-av_one_full-6126cab7d8fab8d08143dd2dacdf673c\">\n.flex_column.av-av_one_full-6126cab7d8fab8d08143dd2dacdf673c{\n-webkit-border-radius:0px 0px 0px 0px;\n-moz-border-radius:0px 0px 0px 0px;\nborder-radius:0px 0px 0px 0px;\npadding:0px 0px 0px 0px;\n}\n<\/style>\n<div class='flex_column av-av_one_full-6126cab7d8fab8d08143dd2dacdf673c av_one_full  avia-builder-el-0  el_before_av_one_full  avia-builder-el-first  first flex_column_div av-zero-column-padding '     ><section  class='av_textblock_section av-av_textblock-0366cc7376be6c9e82a3e9cc8987b64f'  itemscope=\"itemscope\" itemtype=\"https:\/\/schema.org\/CreativeWork\" ><div class='avia_textblock'  itemprop=\"text\" ><h3><span style=\"color: #488113;\"><strong>Video 3: La commande synchrone ICOS<br \/>\n<\/strong><\/span><\/h3>\n<\/div><\/section><br \/>\n<section  class='av_textblock_section av-av_textblock-0366cc7376be6c9e82a3e9cc8987b64f'  itemscope=\"itemscope\" itemtype=\"https:\/\/schema.org\/CreativeWork\" ><div class='avia_textblock'  itemprop=\"text\" ><div>Cette vid\u00e9o d\u00e9crit le principe de la commande synchrone ICOS et les cas dans lesquels il faut l&rsquo;utiliser. Cette commande est utilis\u00e9e uniquement pour les man\u0153uvres contr\u00f4l\u00e9es c\u2019est-\u00e0-dire, les man\u0153uvres d&rsquo;ouverture et de fermeture volontaires. La commande ICOS est un syst\u00e8me utilis\u00e9 \u00e9galement sur d\u2019autres appareillages \u00e9lectriques tels que les inductances shunt, les batteries de condensateurs et certains transformateurs \u00e0 315 kV et 735 kV.<\/div>\n<div>Il constitue une alternative int\u00e9ressante \u00e0 l\u2019\u00e9limination de certains contacts de pr\u00e9insertion.<\/div>\n<p>Dur\u00e9e: 4mn 37s<br \/>\n<strong>Th\u00e8me :<\/strong> Notions fondamentales en coupure de circuit \u00e9lectrique<\/p>\n<\/div><\/section><\/p><\/div><div class='flex_column av-av_one_full-2a9015ff38129c418a3f2eafba3e9512 av_one_full  avia-builder-el-3  el_after_av_one_full  el_before_av_one_full  first flex_column_div column-top-margin'     ><div  class='avia-video av-av_video-7b4f04eea0aef64692e38af208e5c422 avia-video-16-9 av-no-preview-image avia-video-load-always av-lazyload-immediate av-lazyload-video-embed'  itemprop=\"video\" itemtype=\"https:\/\/schema.org\/VideoObject\"  data-original_url='https:\/\/www.youtube.com\/watch?v=SDf4NeMwfrM'><script type='text\/html' class='av-video-tmpl'><div class='avia-iframe-wrap'><iframe loading=\"lazy\" width=\"1500\" height=\"844\" src=\"https:\/\/www.youtube.com\/embed\/SDf4NeMwfrM?feature=oembed&autoplay=0&loop=0&controls=1&mute=0\" frameborder=\"0\" allow=\"accelerometer; autoplay; encrypted-media; gyroscope; picture-in-picture\" allowfullscreen><\/iframe><\/div><\/script><div class='av-click-to-play-overlay'><div class=\"avia_playpause_icon\"><\/div><\/div><\/div><\/div>\n<style type=\"text\/css\" data-created_by=\"avia_inline_auto\" id=\"style-css-av-av_one_full-6126cab7d8fab8d08143dd2dacdf673c\">\n.flex_column.av-av_one_full-6126cab7d8fab8d08143dd2dacdf673c{\n-webkit-border-radius:0px 0px 0px 0px;\n-moz-border-radius:0px 0px 0px 0px;\nborder-radius:0px 0px 0px 0px;\npadding:0px 0px 0px 0px;\n}\n<\/style>\n<div class='flex_column av-av_one_full-6126cab7d8fab8d08143dd2dacdf673c av_one_full  avia-builder-el-5  el_after_av_one_full  avia-builder-el-last  first flex_column_div av-zero-column-padding column-top-margin'     ><section  class='av_textblock_section av-av_textblock-0366cc7376be6c9e82a3e9cc8987b64f'  itemscope=\"itemscope\" itemtype=\"https:\/\/schema.org\/CreativeWork\" ><div class='avia_textblock'  itemprop=\"text\" ><p><strong><span style=\"color: #488113;\">Transcription compl\u00e8te de la video<\/span><\/strong><\/p>\n<p>Bonjour \u00e0 tous et bienvenue \u00e0 cette formation en ligne.<br \/>\nDans cette troisi\u00e8me vid\u00e9o, nous effectuerons un survol des notions de coupures de circuit \u00e9lectrique.<br \/>\nR\u00e9alis\u00e9 par Zensol Automation en collaboration avec Hydro-Qu\u00e9bec.<\/p>\n<p>\u00c0 la fin de cette vid\u00e9o, le participant sera en mesure de comprendre le principe de la commande<br \/>\nsynchrone ICOS.<\/p>\n<p>La commande synchrone ICOS.<br \/>\nQuel est le principe de la commande synchrone ICOS.<br \/>\nExemple d\u2019ouverture d\u2019un disjoncteur sur une inductance mise \u00e0 la terre.<br \/>\nExemple de fermeture d\u2019un disjoncteur sur une inductance.<\/p>\n<p>Quel est le principe de la commande synchrone ICOS? ICOS est un acronyme pour Interface de<br \/>\nCommande d\u2019Ordre Synchrone.<br \/>\nC\u2019est un \u00e9quipement permettant d\u2019acheminer une commande d\u2019ouverture ou de fermeture au<br \/>\ndisjoncteur afin de synchroniser ses man\u0153uvres lors du passage par z\u00e9ro de l\u2019amplitude du courant.<br \/>\nICOS est utilis\u00e9e uniquement pour les man\u0153uvres contr\u00f4l\u00e9es c\u2019est-\u00e0-dire, les man\u0153uvres volontaires.<br \/>\nCette commande n\u2019intervient pas lors des man\u0153uvres de protection tel que la coupure d\u2019un court-<br \/>\ncircuit.<br \/>\nICOS est un syst\u00e8me utilis\u00e9 \u00e9galement sur d\u2019autres appareillages \u00e9lectriques tels que les inductances<br \/>\nshunt, les batteries de condensateurs et certains transformateurs \u00e0 315 mille volts et 735 mille volts.<br \/>\nA l\u2019ouverture, ICOS permet d\u2019\u00e9viter le rallumage ou le r\u00e9amor\u00e7age du disjoncteur.<br \/>\nA la fermeture, ICOS limite les courants d\u2019appel \u00e9lev\u00e9s.<br \/>\nIl constitue une alternative int\u00e9ressante \u00e0 l\u2019\u00e9limination de certains contacts de pr\u00e9insertion.<\/p>\n<p>Exemple d\u2019ouverture d\u2019un disjoncteur sur une inductance mise \u00e0 la terre.<br \/>\nL\u2019ouverture contr\u00f4l\u00e9e d\u2019une inductance shunt sert \u00e0 \u00e9viter les r\u00e9-allumages du disjoncteur. Un r\u00e9-<br \/>\nallumage se produit lorsque la tenue di\u00e9lectrique entre les contacts du disjoncteur, lors d\u2019une tentative<br \/>\nd\u2019interruption au z\u00e9ro du courant est trop faible par rapport \u00e0 la tension pr\u00e9sente \u00e0 ces bornes. Pour<br \/>\n\u00e9viter cette situation, on r\u00e8gle l\u2019ouverture des contacts de fa\u00e7on \u00e0 obtenir un temps d\u2019arc (d\u00e9lai entre le<br \/>\nd\u00e9but de l\u2019ouverture m\u00e9canique des contacts et l\u2019apparition d\u2019un z\u00e9ro de courant) de l\u2019ordre de 5 \u00e0 6<br \/>\nmillisecondes d\u00e9pendant des caract\u00e9ristiques des disjoncteurs.<\/p>\n<p>Dans certaines applications pour une inductance mise \u00e0 la terre, la r\u00e9f\u00e9rence pour la d\u00e9tection du<br \/>\npassage par z\u00e9ro est le courant de la phase A sur la pente n\u00e9gative du signal. Les angles vis\u00e9s pour<br \/>\nchacune des phases \u00e0 partir du signal de r\u00e9f\u00e9rence sont de 180 sur la phase A, 300 sur la phase B et 240<br \/>\ndegr\u00e9s sur la phase C. Ainsi \u00e0 partir des temps d\u2019ouverture, des temps d\u2019arc et des angles vis\u00e9s, le relai<br \/>\ncalcule le d\u00e9lai n\u00e9cessaire avant d\u2019envoyer les commandes d\u2019ouverture pour chacune des phases du<br \/>\ndisjoncteur.<\/p>\n<p>Exemple de fermeture d\u2019un disjoncteur sur une inductance.<br \/>\nPlusieurs strat\u00e9gies peuvent \u00eatre programm\u00e9s pour r\u00e9aliser la fermeture contr\u00f4l\u00e9e selon les<br \/>\nperturbations que nous voulons \u00e9viter\u00a0:<br \/>\n&#8211; Maximum de la tension pour \u00e9liminer l\u2019asym\u00e9trie du courant.<br \/>\n&#8211; Z\u00e9ro de tension pour r\u00e9duire le stresse di\u00e9lectrique dans l\u2019inductance.<br \/>\n&#8211; Valeur interm\u00e9diaire de tension pour \u00e9viter les cas extr\u00eames de contraintes di\u00e9lectriques et<br \/>\nm\u00e9caniques.<br \/>\nUne strat\u00e9gie est de fermer chacune des phases afin d\u2019\u00e9tablir le d\u00e9but de la conduction \u00e9lectrique<br \/>\n(d\u00e9but de l\u2019arc \u00e9lectrique) au moment o\u00f9 sa tension est \u00e9gale \u00e0 la moiti\u00e9 de sa tension cr\u00eate. Puisqu&amp;#39;il<br \/>\nn\u2019y a aucun courant qui circule dans l\u2019inductance avant la fermeture du disjoncteur. Le signal de<br \/>\nr\u00e9f\u00e9rence est la tension sur la phase A (z\u00e9ro de tension sur la pente n\u00e9gative du signal). Ainsi, \u00e0 partir<br \/>\ndes temps de fermeture, des temps de pr\u00e9-arc et des angles vis\u00e9s, le relai calcule le d\u00e9lai n\u00e9cessaire<br \/>\navant d\u2019envoyer les commandes de fermeture pour chacune des phases du disjoncteur.<\/p>\n<p>Question le\u00e7on 3.<br \/>\nDans quel cas se sert-on de la commande ICOS ?<br \/>\nA, Man\u0153uvre volontaire,<br \/>\nB, Court-circuit fugitif,<br \/>\nC, Court-circuit permanent,<\/p>\n<p>La r\u00e9ponse est, A) man\u0153uvre volontaire. Voir la diapositive 4 pour plus de d\u00e9tail.<\/p>\n<p>R\u00e9f\u00e9rences<br \/>\nZensol, librairie de disjoncteurs.<br \/>\nZensol, Synchronisation des disjoncteurs.<br \/>\nSchneider \u00e9lectrique, Cahier technique 125.<\/p>\n<\/div><\/section><\/div><\/p>\n","protected":false},"excerpt":{"rendered":"","protected":false},"author":1,"featured_media":0,"parent":10504,"menu_order":0,"comment_status":"closed","ping_status":"closed","template":"","meta":{"footnotes":""},"class_list":["post-11649","page","type-page","status-publish","hentry"],"yoast_head":"<!-- This site is optimized with the Yoast SEO plugin v26.3 - https:\/\/yoast.com\/wordpress\/plugins\/seo\/ -->\n<title>Video 3: La commande synchrone ICOS - Zensol<\/title>\n<meta name=\"robots\" content=\"index, follow, max-snippet:-1, max-image-preview:large, max-video-preview:-1\" \/>\n<link rel=\"canonical\" href=\"https:\/\/www.zensol.com\/fr\/videos-2\/video-3-la-commande-synchrone-icos\/\" \/>\n<meta property=\"og:locale\" content=\"fr_FR\" \/>\n<meta property=\"og:type\" content=\"article\" \/>\n<meta property=\"og:title\" content=\"Video 3: La commande synchrone ICOS - Zensol\" \/>\n<meta property=\"og:url\" content=\"https:\/\/www.zensol.com\/fr\/videos-2\/video-3-la-commande-synchrone-icos\/\" \/>\n<meta property=\"og:site_name\" content=\"Zensol\" \/>\n<meta property=\"article:modified_time\" content=\"2020-04-09T16:38:55+00:00\" \/>\n<meta name=\"twitter:label1\" content=\"Dur\u00e9e de lecture estim\u00e9e\" \/>\n\t<meta name=\"twitter:data1\" content=\"5 minutes\" \/>\n<script type=\"application\/ld+json\" class=\"yoast-schema-graph\">{\"@context\":\"https:\/\/schema.org\",\"@graph\":[{\"@type\":\"WebPage\",\"@id\":\"https:\/\/www.zensol.com\/fr\/videos-2\/video-3-la-commande-synchrone-icos\/\",\"url\":\"https:\/\/www.zensol.com\/fr\/videos-2\/video-3-la-commande-synchrone-icos\/\",\"name\":\"Video 3: La commande synchrone ICOS - Zensol\",\"isPartOf\":{\"@id\":\"https:\/\/www.zensol.com\/#website\"},\"datePublished\":\"2020-04-09T16:38:19+00:00\",\"dateModified\":\"2020-04-09T16:38:55+00:00\",\"breadcrumb\":{\"@id\":\"https:\/\/www.zensol.com\/fr\/videos-2\/video-3-la-commande-synchrone-icos\/#breadcrumb\"},\"inLanguage\":\"fr-FR\",\"potentialAction\":[{\"@type\":\"ReadAction\",\"target\":[\"https:\/\/www.zensol.com\/fr\/videos-2\/video-3-la-commande-synchrone-icos\/\"]}]},{\"@type\":\"BreadcrumbList\",\"@id\":\"https:\/\/www.zensol.com\/fr\/videos-2\/video-3-la-commande-synchrone-icos\/#breadcrumb\",\"itemListElement\":[{\"@type\":\"ListItem\",\"position\":1,\"name\":\"videos\",\"item\":\"https:\/\/www.zensol.com\/fr\/videos-2\/\"},{\"@type\":\"ListItem\",\"position\":2,\"name\":\"Video 3: La commande synchrone ICOS\"}]},{\"@type\":\"WebSite\",\"@id\":\"https:\/\/www.zensol.com\/#website\",\"url\":\"https:\/\/www.zensol.com\/\",\"name\":\"Zensol\",\"description\":\"The Circuit Breaker, Recloser and Tap-Changer Instrument Test Specialist\",\"potentialAction\":[{\"@type\":\"SearchAction\",\"target\":{\"@type\":\"EntryPoint\",\"urlTemplate\":\"https:\/\/www.zensol.com\/?s={search_term_string}\"},\"query-input\":{\"@type\":\"PropertyValueSpecification\",\"valueRequired\":true,\"valueName\":\"search_term_string\"}}],\"inLanguage\":\"fr-FR\"}]}<\/script>\n<!-- \/ Yoast SEO plugin. -->","yoast_head_json":{"title":"Video 3: La commande synchrone ICOS - Zensol","robots":{"index":"index","follow":"follow","max-snippet":"max-snippet:-1","max-image-preview":"max-image-preview:large","max-video-preview":"max-video-preview:-1"},"canonical":"https:\/\/www.zensol.com\/fr\/videos-2\/video-3-la-commande-synchrone-icos\/","og_locale":"fr_FR","og_type":"article","og_title":"Video 3: La commande synchrone ICOS - Zensol","og_url":"https:\/\/www.zensol.com\/fr\/videos-2\/video-3-la-commande-synchrone-icos\/","og_site_name":"Zensol","article_modified_time":"2020-04-09T16:38:55+00:00","twitter_misc":{"Dur\u00e9e de lecture estim\u00e9e":"5 minutes"},"schema":{"@context":"https:\/\/schema.org","@graph":[{"@type":"WebPage","@id":"https:\/\/www.zensol.com\/fr\/videos-2\/video-3-la-commande-synchrone-icos\/","url":"https:\/\/www.zensol.com\/fr\/videos-2\/video-3-la-commande-synchrone-icos\/","name":"Video 3: La commande synchrone ICOS - Zensol","isPartOf":{"@id":"https:\/\/www.zensol.com\/#website"},"datePublished":"2020-04-09T16:38:19+00:00","dateModified":"2020-04-09T16:38:55+00:00","breadcrumb":{"@id":"https:\/\/www.zensol.com\/fr\/videos-2\/video-3-la-commande-synchrone-icos\/#breadcrumb"},"inLanguage":"fr-FR","potentialAction":[{"@type":"ReadAction","target":["https:\/\/www.zensol.com\/fr\/videos-2\/video-3-la-commande-synchrone-icos\/"]}]},{"@type":"BreadcrumbList","@id":"https:\/\/www.zensol.com\/fr\/videos-2\/video-3-la-commande-synchrone-icos\/#breadcrumb","itemListElement":[{"@type":"ListItem","position":1,"name":"videos","item":"https:\/\/www.zensol.com\/fr\/videos-2\/"},{"@type":"ListItem","position":2,"name":"Video 3: La commande synchrone ICOS"}]},{"@type":"WebSite","@id":"https:\/\/www.zensol.com\/#website","url":"https:\/\/www.zensol.com\/","name":"Zensol","description":"The Circuit Breaker, Recloser and Tap-Changer Instrument Test Specialist","potentialAction":[{"@type":"SearchAction","target":{"@type":"EntryPoint","urlTemplate":"https:\/\/www.zensol.com\/?s={search_term_string}"},"query-input":{"@type":"PropertyValueSpecification","valueRequired":true,"valueName":"search_term_string"}}],"inLanguage":"fr-FR"}]}},"_links":{"self":[{"href":"https:\/\/www.zensol.com\/fr\/wp-json\/wp\/v2\/pages\/11649","targetHints":{"allow":["GET"]}}],"collection":[{"href":"https:\/\/www.zensol.com\/fr\/wp-json\/wp\/v2\/pages"}],"about":[{"href":"https:\/\/www.zensol.com\/fr\/wp-json\/wp\/v2\/types\/page"}],"author":[{"embeddable":true,"href":"https:\/\/www.zensol.com\/fr\/wp-json\/wp\/v2\/users\/1"}],"replies":[{"embeddable":true,"href":"https:\/\/www.zensol.com\/fr\/wp-json\/wp\/v2\/comments?post=11649"}],"version-history":[{"count":2,"href":"https:\/\/www.zensol.com\/fr\/wp-json\/wp\/v2\/pages\/11649\/revisions"}],"predecessor-version":[{"id":11651,"href":"https:\/\/www.zensol.com\/fr\/wp-json\/wp\/v2\/pages\/11649\/revisions\/11651"}],"up":[{"embeddable":true,"href":"https:\/\/www.zensol.com\/fr\/wp-json\/wp\/v2\/pages\/10504"}],"wp:attachment":[{"href":"https:\/\/www.zensol.com\/fr\/wp-json\/wp\/v2\/media?parent=11649"}],"curies":[{"name":"wp","href":"https:\/\/api.w.org\/{rel}","templated":true}]}}