{"id":11642,"date":"2020-04-09T17:29:17","date_gmt":"2020-04-09T16:29:17","guid":{"rendered":"https:\/\/www.zensol.net\/?page_id=11642"},"modified":"2020-04-10T07:03:56","modified_gmt":"2020-04-10T06:03:56","slug":"video-2-les-contacts-auxiliaires11642-2","status":"publish","type":"page","link":"https:\/\/www.zensol.com\/fr\/videos-2\/video-2-les-contacts-auxiliaires11642-2\/","title":{"rendered":"Video 2: Les contacts auxiliaires"},"content":{"rendered":"\n<style type=\"text\/css\" data-created_by=\"avia_inline_auto\" id=\"style-css-av-av_one_full-6126cab7d8fab8d08143dd2dacdf673c\">\n.flex_column.av-av_one_full-6126cab7d8fab8d08143dd2dacdf673c{\n-webkit-border-radius:0px 0px 0px 0px;\n-moz-border-radius:0px 0px 0px 0px;\nborder-radius:0px 0px 0px 0px;\npadding:0px 0px 0px 0px;\n}\n<\/style>\n<div class='flex_column av-av_one_full-6126cab7d8fab8d08143dd2dacdf673c av_one_full  avia-builder-el-0  el_before_av_one_full  avia-builder-el-first  first flex_column_div av-zero-column-padding '     ><section  class='av_textblock_section av-av_textblock-0366cc7376be6c9e82a3e9cc8987b64f'  itemscope=\"itemscope\" itemtype=\"https:\/\/schema.org\/CreativeWork\" ><div class='avia_textblock'  itemprop=\"text\" ><h3><span style=\"color: #488113;\"><strong>Video 2: Les contacts auxiliaires<br \/>\n<\/strong><\/span><\/h3>\n<\/div><\/section><br \/>\n<section  class='av_textblock_section av-av_textblock-0366cc7376be6c9e82a3e9cc8987b64f'  itemscope=\"itemscope\" itemtype=\"https:\/\/schema.org\/CreativeWork\" ><div class='avia_textblock'  itemprop=\"text\" ><p>Les contacts de pr\u00e9-insertions et les contacts signaux sont appel\u00e9s commun\u00e9ment contacts auxiliaires et il est important de les diff\u00e9rencier. Cette vid\u00e9o d\u00e9crit la diff\u00e9rence entre les deux types de contacts auxiliaires et leurs r\u00f4les respectifs.<\/p>\n<p>Dur\u00e9e: 4mn 50s<br \/>\n<strong>Th\u00e8me :<\/strong> Notions fondamentales en coupure de circuit \u00e9lectrique<\/p>\n<\/div><\/section><\/p><\/div>\n<div class='flex_column av-av_one_full-2a9015ff38129c418a3f2eafba3e9512 av_one_full  avia-builder-el-3  el_after_av_one_full  el_before_av_one_full  first flex_column_div column-top-margin'     ><div  class='avia-video av-av_video-2bd1c312b75bc4df609cfae7f9432f09 avia-video-16-9 av-no-preview-image avia-video-load-always av-lazyload-immediate av-lazyload-video-embed'  itemprop=\"video\" itemtype=\"https:\/\/schema.org\/VideoObject\"  data-original_url='https:\/\/www.youtube.com\/watch?v=rk01U3FVQPk'><script type='text\/html' class='av-video-tmpl'><div class='avia-iframe-wrap'><iframe loading=\"lazy\" width=\"1500\" height=\"844\" src=\"https:\/\/www.youtube.com\/embed\/rk01U3FVQPk?feature=oembed&autoplay=0&loop=0&controls=1&mute=0\" frameborder=\"0\" allow=\"accelerometer; autoplay; encrypted-media; gyroscope; picture-in-picture\" allowfullscreen><\/iframe><\/div><\/script><div class='av-click-to-play-overlay'><div class=\"avia_playpause_icon\"><\/div><\/div><\/div><\/div>\n\n<style type=\"text\/css\" data-created_by=\"avia_inline_auto\" id=\"style-css-av-av_one_full-6126cab7d8fab8d08143dd2dacdf673c\">\n.flex_column.av-av_one_full-6126cab7d8fab8d08143dd2dacdf673c{\n-webkit-border-radius:0px 0px 0px 0px;\n-moz-border-radius:0px 0px 0px 0px;\nborder-radius:0px 0px 0px 0px;\npadding:0px 0px 0px 0px;\n}\n<\/style>\n<div class='flex_column av-av_one_full-6126cab7d8fab8d08143dd2dacdf673c av_one_full  avia-builder-el-5  el_after_av_one_full  avia-builder-el-last  first flex_column_div av-zero-column-padding column-top-margin'     ><section  class='av_textblock_section av-av_textblock-0366cc7376be6c9e82a3e9cc8987b64f'  itemscope=\"itemscope\" itemtype=\"https:\/\/schema.org\/CreativeWork\" ><div class='avia_textblock'  itemprop=\"text\" ><p><strong><span style=\"color: #488113;\">Transcription compl\u00e8te de la video<\/span><\/strong><\/p>\n<p>Bonjour \u00e0 tous et bienvenue \u00e0 cette formation en ligne.<\/p>\n<p>Dans cette deuxi\u00e8me vid\u00e9o, nous effectuerons un survol des notions de coupures de circuit \u00e9lectrique.<\/p>\n<p>R\u00e9alis\u00e9 par Zensol Automation en collaboration avec Hydro-Qu\u00e9bec.<\/p>\n<p>A la fin de cette vid\u00e9o, le participant sera en mesure de d\u00e9crire les principes de coupure et de faire les liens avec la vitesse des disjoncteurs<\/p>\n<p>LES CONTACTS AUXILIAIRES.<\/p>\n<p>quels sont les types de contacts auxiliaires ?<\/p>\n<p>quel est le r\u00f4le de chaque type de contact ?<\/p>\n<p>Quels sont les types de contacts auxiliaires ?<\/p>\n<p>Pour r\u00e9pondre \u00e0 cette question, regardons d\u2019abord les sch\u00e9mas \u00e9lectriques suivants,<\/p>\n<p>Le disjoncteur simple, est repr\u00e9sent\u00e9 uniquement par son contact principal.<\/p>\n<p>Le disjoncteur avec contact de pr\u00e9-insertion, est compos\u00e9 d\u2019un contact principal En parall\u00e8le avec un contact suivi d\u2019une r\u00e9sistance d\u2019insertion.<\/p>\n<p>De plus, on trouve les contacts signaux dans le boitier de contr\u00f4le.<\/p>\n<p>Les contacts de pr\u00e9-insertions et les contacts signaux sont appel\u00e9s commun\u00e9ment contacts auxiliaires. Il est donc important de les diff\u00e9rencier.<\/p>\n<p>L\u2019animation suivante explique le r\u00f4le des contacts de pr\u00e9 insertion \u00e0 l\u2019ouverture.<\/p>\n<p>\u00c0 l\u2019origine le contact principal est ferm\u00e9 tandis que le contact de pr\u00e9 insertion est ouvert.<\/p>\n<p>Notez la r\u00e9sistance \u00e9gale \u00e0 z\u00e9ro, le courant qui circule est donc \u00e0 son maximum.<\/p>\n<p>La premi\u00e8re \u00e9tape est la fermeture du contact de pr\u00e9 insertion.<\/p>\n<p>Cela permet d\u2019introduire la r\u00e9sistance d\u2019insertion tout en gardant le contact principal ferm\u00e9.<\/p>\n<p>la deuxi\u00e8me \u00e9tape est l\u2019ouverture du contact principal.<\/p>\n<p>Le courant circule donc dans le contact r\u00e9sistif et on peut noter alors une demi-d\u00e9flection caus\u00e9e par la r\u00e9sistance d\u2019insertion.<\/p>\n<p>La troisi\u00e8me \u00e9tape est l\u2019ouverture du contact de pr\u00e9 insertion.<\/p>\n<p>Une autre demi-d\u00e9flection caus\u00e9e par l\u2019ouverture de celui-ci. Le circuit \u00e9tant ouvert la r\u00e9sistance est \u00e0 l\u2019infini, le circuit est compl\u00e8tement ouvert.<\/p>\n<p>Cette fa\u00e7on de faire op\u00e9rer les contacts de pr\u00e9 insertion permet de limiter les surtensions lors de l\u2019ouverture des disjoncteurs.<\/p>\n<p>Leur pr\u00e9sence est requise dans les cas de circuits inductifs tels que les inductances des transformateurs.<\/p>\n<p>L\u2019animation suivante explique le r\u00f4le des contacts de pr\u00e9 insertion \u00e0 la fermeture.<\/p>\n<p>\u00c0 l\u2019origine le contact principal est ouvert tandis que le contact de pr\u00e9 insertion est ouvert.<\/p>\n<p>Notez la valeur de r\u00e9sistance infinie, le courant qui y circule est nul.<\/p>\n<p>La premi\u00e8re \u00e9tape est la fermeture du contact de pr\u00e9 insertion.<\/p>\n<p>Une demi-inflexion, caus\u00e9e par la r\u00e9sistance du contact de pr\u00e9 insertion, apparait.<\/p>\n<p>Le courant, limit\u00e9 par la pr\u00e9sence de la r\u00e9sistance d\u2019insertion se met \u00e0 circuler.<\/p>\n<p>la deuxi\u00e8me \u00e9tape est la fermeture du contact principal.<\/p>\n<p>une autre demi-inflexion apparait, prouvant que courant est totalement r\u00e9tabli.<\/p>\n<p>La troisi\u00e8me \u00e9tape est l\u2019ouverture du contact de pr\u00e9 insertion.<\/p>\n<p>Cette fa\u00e7on de faire op\u00e9rer les contacts de pr\u00e9 insertion permet de limiter les surintensit\u00e9s lors de la fermeture des disjoncteurs.<\/p>\n<p>Leur pr\u00e9sence est requise dans le cas des circuits capacitifs, tels que les bancs de condensateurs, ou les longues lignes \u00e0 vide.<\/p>\n<p>Les deuxi\u00e8mes types de contacts auxiliaires sont les contacts signaux.\u00a0 Commun\u00e9ment, appel\u00e9s 52a et 52b.<\/p>\n<p>Ils nous permettent de connaitre l\u2019\u00e9tat du disjoncteur.<\/p>\n<p>Les contacts 52a suivent l\u2019\u00e9tat des contacts principaux. Ils sont donc ouverts lorsque le disjoncteur est ouvert et ferm\u00e9s lorsque le disjoncteur est ferm\u00e9.<\/p>\n<p>Les contacts 52b op\u00e8rent \u00e0 l\u2019inverse des 52a.<\/p>\n<p>Ils sont n\u00e9cessaires pour commander ou inter-verrouiller les op\u00e9rations de fermeture et d\u2019ouverture.<\/p>\n<p>En effet, ils font partie du bloc de contacts signaux li\u00e9s au m\u00e9canisme de commande du disjoncteur et sont actionn\u00e9s en m\u00eame temps que celui-ci.<\/p>\n<p>Question le\u00e7on 2<\/p>\n<p>Quel est le r\u00f4le des contacts de pr\u00e9-insertion lors de la fermeture des disjoncteurs ?<\/p>\n<p>1) Limiter les surintensit\u00e9s.<\/p>\n<p>2) Limiter les surtensions.<\/p>\n<p>3) Augmenter la tension de ligne.<\/p>\n<p>4) Ne sert \u00e0 rien.<\/p>\n<p>La bonne r\u00e9ponse est : Limiter les surintensit\u00e9s (Voir diapositive 6)<\/p>\n<p>R\u00e9f\u00e9rences<\/p>\n<p>Zensol, librairie de disjoncteurs.<\/p>\n<p>Zensol, Synchronisation des disjoncteurs.<\/p>\n<p>Schneider \u00e9lectrique, Cahier technique chronom\u00e9trage 125.<\/p>\n<\/div><\/section><\/div>\n","protected":false},"excerpt":{"rendered":"","protected":false},"author":1,"featured_media":0,"parent":10504,"menu_order":0,"comment_status":"closed","ping_status":"closed","template":"","meta":{"footnotes":""},"class_list":["post-11642","page","type-page","status-publish","hentry"],"yoast_head":"<!-- This site is optimized with the Yoast SEO plugin v26.3 - https:\/\/yoast.com\/wordpress\/plugins\/seo\/ -->\n<title>Video 2: Les contacts auxiliaires - Zensol<\/title>\n<meta name=\"robots\" content=\"index, follow, max-snippet:-1, max-image-preview:large, max-video-preview:-1\" \/>\n<link rel=\"canonical\" href=\"https:\/\/www.zensol.com\/fr\/videos-2\/video-2-les-contacts-auxiliaires11642-2\/\" \/>\n<meta property=\"og:locale\" content=\"fr_FR\" \/>\n<meta property=\"og:type\" content=\"article\" \/>\n<meta property=\"og:title\" content=\"Video 2: Les contacts auxiliaires - Zensol\" \/>\n<meta property=\"og:url\" content=\"https:\/\/www.zensol.com\/fr\/videos-2\/video-2-les-contacts-auxiliaires11642-2\/\" \/>\n<meta property=\"og:site_name\" content=\"Zensol\" \/>\n<meta property=\"article:modified_time\" content=\"2020-04-10T06:03:56+00:00\" \/>\n<meta name=\"twitter:label1\" content=\"Dur\u00e9e de lecture estim\u00e9e\" \/>\n\t<meta name=\"twitter:data1\" content=\"5 minutes\" \/>\n<script type=\"application\/ld+json\" class=\"yoast-schema-graph\">{\"@context\":\"https:\/\/schema.org\",\"@graph\":[{\"@type\":\"WebPage\",\"@id\":\"https:\/\/www.zensol.com\/fr\/videos-2\/video-2-les-contacts-auxiliaires11642-2\/\",\"url\":\"https:\/\/www.zensol.com\/fr\/videos-2\/video-2-les-contacts-auxiliaires11642-2\/\",\"name\":\"Video 2: Les contacts auxiliaires - Zensol\",\"isPartOf\":{\"@id\":\"https:\/\/www.zensol.com\/#website\"},\"datePublished\":\"2020-04-09T16:29:17+00:00\",\"dateModified\":\"2020-04-10T06:03:56+00:00\",\"breadcrumb\":{\"@id\":\"https:\/\/www.zensol.com\/fr\/videos-2\/video-2-les-contacts-auxiliaires11642-2\/#breadcrumb\"},\"inLanguage\":\"fr-FR\",\"potentialAction\":[{\"@type\":\"ReadAction\",\"target\":[\"https:\/\/www.zensol.com\/fr\/videos-2\/video-2-les-contacts-auxiliaires11642-2\/\"]}]},{\"@type\":\"BreadcrumbList\",\"@id\":\"https:\/\/www.zensol.com\/fr\/videos-2\/video-2-les-contacts-auxiliaires11642-2\/#breadcrumb\",\"itemListElement\":[{\"@type\":\"ListItem\",\"position\":1,\"name\":\"videos\",\"item\":\"https:\/\/www.zensol.com\/fr\/videos-2\/\"},{\"@type\":\"ListItem\",\"position\":2,\"name\":\"Video 2: Les contacts auxiliaires\"}]},{\"@type\":\"WebSite\",\"@id\":\"https:\/\/www.zensol.com\/#website\",\"url\":\"https:\/\/www.zensol.com\/\",\"name\":\"Zensol\",\"description\":\"The Circuit Breaker, Recloser and Tap-Changer Instrument Test Specialist\",\"potentialAction\":[{\"@type\":\"SearchAction\",\"target\":{\"@type\":\"EntryPoint\",\"urlTemplate\":\"https:\/\/www.zensol.com\/?s={search_term_string}\"},\"query-input\":{\"@type\":\"PropertyValueSpecification\",\"valueRequired\":true,\"valueName\":\"search_term_string\"}}],\"inLanguage\":\"fr-FR\"}]}<\/script>\n<!-- \/ Yoast SEO plugin. -->","yoast_head_json":{"title":"Video 2: Les contacts auxiliaires - Zensol","robots":{"index":"index","follow":"follow","max-snippet":"max-snippet:-1","max-image-preview":"max-image-preview:large","max-video-preview":"max-video-preview:-1"},"canonical":"https:\/\/www.zensol.com\/fr\/videos-2\/video-2-les-contacts-auxiliaires11642-2\/","og_locale":"fr_FR","og_type":"article","og_title":"Video 2: Les contacts auxiliaires - Zensol","og_url":"https:\/\/www.zensol.com\/fr\/videos-2\/video-2-les-contacts-auxiliaires11642-2\/","og_site_name":"Zensol","article_modified_time":"2020-04-10T06:03:56+00:00","twitter_misc":{"Dur\u00e9e de lecture estim\u00e9e":"5 minutes"},"schema":{"@context":"https:\/\/schema.org","@graph":[{"@type":"WebPage","@id":"https:\/\/www.zensol.com\/fr\/videos-2\/video-2-les-contacts-auxiliaires11642-2\/","url":"https:\/\/www.zensol.com\/fr\/videos-2\/video-2-les-contacts-auxiliaires11642-2\/","name":"Video 2: Les contacts auxiliaires - Zensol","isPartOf":{"@id":"https:\/\/www.zensol.com\/#website"},"datePublished":"2020-04-09T16:29:17+00:00","dateModified":"2020-04-10T06:03:56+00:00","breadcrumb":{"@id":"https:\/\/www.zensol.com\/fr\/videos-2\/video-2-les-contacts-auxiliaires11642-2\/#breadcrumb"},"inLanguage":"fr-FR","potentialAction":[{"@type":"ReadAction","target":["https:\/\/www.zensol.com\/fr\/videos-2\/video-2-les-contacts-auxiliaires11642-2\/"]}]},{"@type":"BreadcrumbList","@id":"https:\/\/www.zensol.com\/fr\/videos-2\/video-2-les-contacts-auxiliaires11642-2\/#breadcrumb","itemListElement":[{"@type":"ListItem","position":1,"name":"videos","item":"https:\/\/www.zensol.com\/fr\/videos-2\/"},{"@type":"ListItem","position":2,"name":"Video 2: Les contacts auxiliaires"}]},{"@type":"WebSite","@id":"https:\/\/www.zensol.com\/#website","url":"https:\/\/www.zensol.com\/","name":"Zensol","description":"The Circuit Breaker, Recloser and Tap-Changer Instrument Test Specialist","potentialAction":[{"@type":"SearchAction","target":{"@type":"EntryPoint","urlTemplate":"https:\/\/www.zensol.com\/?s={search_term_string}"},"query-input":{"@type":"PropertyValueSpecification","valueRequired":true,"valueName":"search_term_string"}}],"inLanguage":"fr-FR"}]}},"_links":{"self":[{"href":"https:\/\/www.zensol.com\/fr\/wp-json\/wp\/v2\/pages\/11642","targetHints":{"allow":["GET"]}}],"collection":[{"href":"https:\/\/www.zensol.com\/fr\/wp-json\/wp\/v2\/pages"}],"about":[{"href":"https:\/\/www.zensol.com\/fr\/wp-json\/wp\/v2\/types\/page"}],"author":[{"embeddable":true,"href":"https:\/\/www.zensol.com\/fr\/wp-json\/wp\/v2\/users\/1"}],"replies":[{"embeddable":true,"href":"https:\/\/www.zensol.com\/fr\/wp-json\/wp\/v2\/comments?post=11642"}],"version-history":[{"count":4,"href":"https:\/\/www.zensol.com\/fr\/wp-json\/wp\/v2\/pages\/11642\/revisions"}],"predecessor-version":[{"id":11687,"href":"https:\/\/www.zensol.com\/fr\/wp-json\/wp\/v2\/pages\/11642\/revisions\/11687"}],"up":[{"embeddable":true,"href":"https:\/\/www.zensol.com\/fr\/wp-json\/wp\/v2\/pages\/10504"}],"wp:attachment":[{"href":"https:\/\/www.zensol.com\/fr\/wp-json\/wp\/v2\/media?parent=11642"}],"curies":[{"name":"wp","href":"https:\/\/api.w.org\/{rel}","templated":true}]}}