{"id":11568,"date":"2020-03-25T14:18:28","date_gmt":"2020-03-25T13:18:28","guid":{"rendered":"https:\/\/www.zensol.net\/?page_id=11568"},"modified":"2020-04-10T07:00:55","modified_gmt":"2020-04-10T06:00:55","slug":"video-1-notions-fondamentales-en-coupure-de-circuit-electrique","status":"publish","type":"page","link":"https:\/\/www.zensol.com\/fr\/videos-2\/video-1-notions-fondamentales-en-coupure-de-circuit-electrique\/","title":{"rendered":"Video 1: Notions fondamentales en coupure de circuit \u00e9lectrique"},"content":{"rendered":"\n<style type=\"text\/css\" data-created_by=\"avia_inline_auto\" id=\"style-css-av-av_one_full-6126cab7d8fab8d08143dd2dacdf673c\">\n.flex_column.av-av_one_full-6126cab7d8fab8d08143dd2dacdf673c{\n-webkit-border-radius:0px 0px 0px 0px;\n-moz-border-radius:0px 0px 0px 0px;\nborder-radius:0px 0px 0px 0px;\npadding:0px 0px 0px 0px;\n}\n<\/style>\n<div class='flex_column av-av_one_full-6126cab7d8fab8d08143dd2dacdf673c av_one_full  avia-builder-el-0  el_before_av_one_full  avia-builder-el-first  first flex_column_div av-zero-column-padding '     ><section  class='av_textblock_section av-av_textblock-0366cc7376be6c9e82a3e9cc8987b64f'  itemscope=\"itemscope\" itemtype=\"https:\/\/schema.org\/CreativeWork\" ><div class='avia_textblock'  itemprop=\"text\" ><h3><span style=\"color: #488113;\"><strong>Video 1: Notions fondamentales en coupure de circuit \u00e9lectrique<br \/>\n<\/strong><\/span><\/h3>\n<\/div><\/section><br \/>\n<section  class='av_textblock_section av-av_textblock-0366cc7376be6c9e82a3e9cc8987b64f'  itemscope=\"itemscope\" itemtype=\"https:\/\/schema.org\/CreativeWork\" ><div class='avia_textblock'  itemprop=\"text\" ><p>Cette vid\u00e9o explique ce qui se passe quand on coupe un circuit en HT et les moyens pour que l&rsquo;arc ne se r\u00e9amorce pas dans diff\u00e9rents milieux isolants. La coupure dans un r\u00e9seau \u00e9lectrique de distribution ou de transport permet d\u2019isoler une partie du r\u00e9seau de l\u2019ensemble du parc \u00e9lectrique. Dans le domaine de la haute tension la s\u00e9paration des contacts ne suffit pas pour couper le courant instantan\u00e9ment.<\/p>\n<p>Lorsque les contacts se s\u00e9parent, le courant continue de circuler et un arc \u00e9lectrique temporaire se forme entre les contacts mobiles et les contacts fixes. Pour \u00e9teindre l\u2019arc \u00e9lectrique, il faut que le courant d\u2019arc devienne et reste nul. En faisant varier la vitesse d\u2019ouverture et la distance entre les contacts, on influence grandement la puissance et la dur\u00e9e de l\u2019arc \u00e9lectrique. Le fait d\u2019espacer suffisamment les contacts pour certains milieux isolants aide grandement au refroidissement et \u00e0 l\u2019extinction de l\u2019arc.<\/p>\n<p>Dur\u00e9e: 9mn 14s<br \/>\n<strong>Th\u00e8me :<\/strong> Notions fondamentales en coupure de circuit \u00e9lectrique<\/p>\n<\/div><\/section><\/p><\/div><div class='flex_column av-av_one_full-2a9015ff38129c418a3f2eafba3e9512 av_one_full  avia-builder-el-3  el_after_av_one_full  el_before_av_one_full  first flex_column_div column-top-margin'     ><div  class='avia-video av-av_video-7d518ddfef73db0c35036171f757a5ff avia-video-16-9 av-no-preview-image avia-video-load-always av-lazyload-immediate av-lazyload-video-embed'  itemprop=\"video\" itemtype=\"https:\/\/schema.org\/VideoObject\"  data-original_url='https:\/\/www.youtube.com\/watch?v=mlsJ32izWZo'><script type='text\/html' class='av-video-tmpl'><div class='avia-iframe-wrap'><iframe loading=\"lazy\" width=\"1500\" height=\"844\" src=\"https:\/\/www.youtube.com\/embed\/mlsJ32izWZo?feature=oembed&autoplay=0&loop=0&controls=1&mute=0\" frameborder=\"0\" allow=\"accelerometer; autoplay; encrypted-media; gyroscope; picture-in-picture\" allowfullscreen><\/iframe><\/div><\/script><div class='av-click-to-play-overlay'><div class=\"avia_playpause_icon\"><\/div><\/div><\/div><\/div><\/p>\n\n<style type=\"text\/css\" data-created_by=\"avia_inline_auto\" id=\"style-css-av-av_one_full-6126cab7d8fab8d08143dd2dacdf673c\">\n.flex_column.av-av_one_full-6126cab7d8fab8d08143dd2dacdf673c{\n-webkit-border-radius:0px 0px 0px 0px;\n-moz-border-radius:0px 0px 0px 0px;\nborder-radius:0px 0px 0px 0px;\npadding:0px 0px 0px 0px;\n}\n<\/style>\n<div class='flex_column av-av_one_full-6126cab7d8fab8d08143dd2dacdf673c av_one_full  avia-builder-el-5  el_after_av_one_full  avia-builder-el-last  first flex_column_div av-zero-column-padding column-top-margin'     ><section  class='av_textblock_section av-av_textblock-0366cc7376be6c9e82a3e9cc8987b64f'  itemscope=\"itemscope\" itemtype=\"https:\/\/schema.org\/CreativeWork\" ><div class='avia_textblock'  itemprop=\"text\" ><p><strong><span style=\"color: #488113;\">Transcription compl\u00e8te de la video<\/span><\/strong><\/p>\n<p>Bonjour \u00e0 tous et bienvenue \u00e0 cette formation en ligne.<br \/>\nDans ce premier module, nous effectuerons un survol des notions de coupures de circuit \u00e9lectrique.<br \/>\nR\u00e9alis\u00e9 par Zensol Automation en collaboration avec Hydro-Qu\u00e9bec,<br \/>\nTrans\u00e9nergie, soutien appareillage.<\/p>\n<p>Objectifs de ce module<br \/>\nA la fin de ce module, le participant sera en mesure de d\u00e9crire les principes de coupure et de faire les liens avec la vitesse des disjoncteurs<br \/>\nLE\u00c7ON 1, Notions fondamentales en coupure de circuit \u00e9lectrique.<br \/>\npourquoi couper un circuit \u00e9lectrique.<br \/>\nQue se passe-t-il lors d\u2019une coupure en haute tension.<br \/>\nQuels sont les moyens pour que l\u2019arc ne se r\u00e9amorce pas.<\/p>\n<p>Pourquoi couper un circuit \u00e9lectrique?<br \/>\nLa coupure dans un r\u00e9seau \u00e9lectrique de distribution ou de transport permet d\u2019isoler une partie du r\u00e9seau de l\u2019ensemble du parc \u00e9lectrique.<br \/>\nOn coupe principalement un circuit \u00e9lectrique en haute tension dans les trois cas suivants.<br \/>\nLe Premier cas pour r\u00e9pondre aux besoins de maintenances ou encore dans les cas d\u2019une nouvelle installation<br \/>\nLe second cas lorsque les protections d\u00e9tectent des d\u00e9passements de seuils ou de limites.<br \/>\nPar exemple lors de la pr\u00e9sence d\u2019une surcharge \u00e9lectrique dans le r\u00e9seau !P0500! g\u00e9n\u00e9ralement caus\u00e9e par une consommation excessive de la client\u00e8le. Il y a d\u00e9passement de seuil !P0500! Donc coupure de circuit.<br \/>\nDe plus Des limites de fonctionnement sont impos\u00e9es aux appareillages \u00e9lectriques!P0500! pour \u00e9viter leur d\u00e9gradation pr\u00e9matur\u00e9e.<br \/>\nLe troisi\u00e8me cas est celui des Court circuit \u00e9lectriques de type fugitif ou permanent.<br \/>\nLes courts circuits fugitifs sont generalement dus \u00e0 de fortes temp\u00eates !P0500!des coups de foudre !P0500! Des branches d\u2019arbres !P0500! ou des animaux.<br \/>\nPar contre, les courts circuits de type permanent, provoquent une coupure d\u00e9finitive qui n\u00e9cessite en g\u00e9n\u00e9ral l\u2019intervention du personnel de maintenance.<\/p>\n<p>Que se passe-t-il lors d\u2019une coupure en haute tension ?<br \/>\nDans le domaine de la haute tension la s\u00e9paration des contacts ne suffit pas pour couper le courant instantan\u00e9ment.<br \/>\nLorsque les contacts se s\u00e9parent le courant continue de circuler et un arc \u00e9lectrique temporaire se forme entre les contacts mobiles et les contacts fixes.<br \/>\nPour comprendre les d\u00e9g\u00e2ts caus\u00e9s par les arcs \u00e9lectriques passons en revue quelques-unes de ses caract\u00e9ristiques.<br \/>\nSa temp\u00e9rature peut d\u00e9passer parfois 20 000 degr\u00e9s Celsius.<br \/>\nSa dur\u00e9e d\u2019existence d\u00e9pend du niveau de tension de la valeur du courant \u00e0 interrompre. Ainsi que du milieu isolant dans lequel il se produit.<br \/>\nL\u2019arc \u00e9lectrique ionise les milieux dans lesquels il circule.<br \/>\nL\u2019ionisation transforme un milieu non conducteur en un milieu conducteur.<br \/>\nLe d\u00e9fi technologique qui se pose \u00e0 nous est ensuite de retransformer ce milieu conducteur en un milieu isolant donc !P0500! non conducteur.<br \/>\nLa rapidit\u00e9 de cette transformation d\u00e9pend en fait des caract\u00e9ristiques thermiques et di\u00e9lectriques du milieu isolant.<br \/>\nVoyons les risques et dangers engendr\u00e9s par l\u2019arc \u00e9lectrique.<br \/>\nL\u2019arc \u00e9lectrique d\u00e9grade l\u2019int\u00e9grit\u00e9 m\u00e9canique des contacts principaux et auxiliaires<br \/>\nL\u2019arc \u00e9lectrique g\u00e9n\u00e8re des transformations chimiques dangereuses Qui peuvent produire des gaz explosifs Nocifs Corrosifs ainsi que des gazs dus \u00e0 la d\u00e9composition du SF6 par exemple.<\/p>\n<p>Quels sont les moyens pour que l\u2019arc s&rsquo;\u00e9teigne et ne se r\u00e9amorce pas ?<br \/>\nPour \u00e9teindre l\u2019arc \u00e9lectrique, il faut que le courant d\u2019arc devienne et reste nul.<br \/>\nEn faisant varier la vitesse d\u2019ouverture et la distance entre les contacts, on influence grandement la puissance et la dur\u00e9e de l\u2019arc \u00e9lectrique.<br \/>\nLe fait d\u2019espacer suffisamment les contacts pour certains milieux isolants aide grandement au refroidissement et \u00e0 l\u2019extinction de l\u2019arc.<br \/>\nQue veut dire r\u00e9g\u00e9n\u00e9rer le milieu isolant?<br \/>\nC\u2019est la capacit\u00e9 du milieu isolant \u00e0 retrouver ses propri\u00e9t\u00e9s \u00e9lectriques apr\u00e8s l\u2019extinction de l\u2019arc.<br \/>\nLa rapidit\u00e9 d\u2019extinction d\u2019un arc \u00e9lectrique d\u00e9pend fortement de la vitesse de r\u00e9g\u00e9n\u00e9ration du milieu isolant On parle alors de vitesse de d\u00e9sionisation du milieu isolant.<\/p>\n<p>Quels sont Les milieux isolants les plus fr\u00e9quents?<br \/>\nCe tableau est divis\u00e9 en trois colonnes.<br \/>\nLa premi\u00e8re colonne repr\u00e9sente les diff\u00e9rents types de milieu isolant La deuxi\u00e8me colonne sp\u00e9cifie la vitesse de r\u00e9g\u00e9n\u00e9ration du milieu utilis\u00e9 et la derni\u00e8re colonne montre les inconv\u00e9nients inh\u00e9rents au milieu choisi.<br \/>\nNotons que ce tableau prend l\u2019air atmosph\u00e9rique comme r\u00e9f\u00e9rence.<br \/>\nSi le milieu isolant est constitu\u00e9 d\u2019air atmosph\u00e9rique la vitesse de r\u00e9g\u00e9n\u00e9ration est tr\u00e8s lente<br \/>\nSi l\u2019air est comprim\u00e9, alors la vitesse de r\u00e9g\u00e9n\u00e9ration est bonne. Par contre les coupures sont tr\u00e8s bruyantes. Il faut noter \u00e9galement l\u2019encombrement des syst\u00e8mes de compression et de d\u00e9shumidification de l\u2019air.<br \/>\nLorsque le milieu isolant est constitu\u00e9 d\u2019huile sa vitesse de r\u00e9g\u00e9n\u00e9ration est meilleur que celle de l\u2019air.<br \/>\nLe probl\u00e8me de l\u2019huile en tant qu\u2019isolant est qu\u2019il se d\u00e9compose. Ceci engendre des entretiens fr\u00e9quents donc des co\u00fbts de maintenance \u00e9lev\u00e9s.<br \/>\nSi le milieu isolant est le vide on ne parle pas de vitesse de r\u00e9g\u00e9n\u00e9ration du milieu car th\u00e9oriquement l\u2019arc ne se cr\u00e9\u00e9 pas.<br \/>\nLe probl\u00e8me des chambres \u00e0 vide est qu\u2019il est difficile de mesurer le vide donc de suivre sa d\u00e9gradation.<br \/>\nAvec le gaz SF6 comme milieu isolant on obtient une tr\u00e8s bonne vitesse de r\u00e9g\u00e9n\u00e9ration.<br \/>\nL\u2019inconv\u00e9nient de ce milieu est qu\u2019il g\u00e9n\u00e8re des gaz \u00e0 effet de serre polluant pour notre atmosph\u00e8re.<br \/>\nIl faut \u00e9galement noter que le gaz SF6 peut \u00eatre combin\u00e9 avec d\u2019autre gaz Tel que l\u2019azote N2 ou encore le gaz CF4.<br \/>\nCes m\u00e9langes \u00e9vitent la liqu\u00e9faction des milieux lors des basses temp\u00e9ratures d\u2019hiver.<\/p>\n<p>Passant au Refroidissement du milieu isolant et des contacts dans les disjoncteurs.<br \/>\nUn autre moyen pour que l\u2019arc ne se r\u00e9amorce pas est de refroidir le milieu isolant en plus de refroidir les contacts.<br \/>\nPour comprendre ces ph\u00e9nom\u00e8nes analysons les diff\u00e9rentes technologies de coupures utilis\u00e9es dans les disjoncteurs haute tension et les techniques utilis\u00e9es pour refroidir leur milieu et leurs contacts.<br \/>\nMais avant tout, qu\u2019est ce qu\u2019un disjoncteur et quel est son r\u00f4le?<br \/>\nLe disjoncteur est un appareil \u00e9lectrom\u00e9canique qui permet d\u2019interrompre les courants dans des conditions normales ou anormales de service.<br \/>\nEn condition normale de service il met hors tension les charges pr\u00e9sentes dans le r\u00e9seau.<br \/>\nEn conditions anormales de services il op\u00e8re en pr\u00e9sence de d\u00e9fauts \u00e9lectriques.<\/p>\n<p>Tel que mentionn\u00e9 pr\u00e9c\u00e9demment il existe diff\u00e9rent milieux de coupure.<br \/>\nCette photo montre un disjoncteur \u00e0 air comprim\u00e9.<br \/>\nCe type de disjoncteur a un ou plusieurs contacts creux reli\u00e9s \u00e0 un r\u00e9servoir d\u2019air comprim\u00e9.<br \/>\nLorsqu\u2019une commande d\u2019ouverture survient, les contacts se s\u00e9parent l\u2019arc est alors \u00e9teint par un puissant soufflage d\u2019air de haute pression entre 20 \u00e0 35 bars.<br \/>\nLe milieu isolant et les contacts sont ainsi refroidis.<\/p>\n<p>On distingue deux mod\u00e8les dans les disjoncteurs fonctionnant avec de l\u2019huile les gros volumes d\u2019huile dits GVH et les petits volumes d\u2019huile dits PVH.<\/p>\n<p>Dans les disjoncteurs \u00e0 gros volume d\u2019huile les contacts sont plong\u00e9s dans un bain d\u2019huile.<br \/>\nSous l\u2019action de l\u2019arc \u00e9lectrique une boule d\u2019hydrog\u00e8ne se produit ce qui entra\u00eene un soufflage par l\u2019huile.<br \/>\nDans les disjoncteurs \u00e0 petit volume d\u2019huile l\u2019huile est directement inject\u00e9e vers l\u2019arc par le biais d\u2019orto injecteur.<\/p>\n<p>Pour ce qui est des disjoncteurs dont la chambre de coupure est du vide Le principe est de garder le milieu sous une tr\u00e8s basse pression de l\u2019ordre de dix \u00e0 la puissance moins huit pascal.<br \/>\nDans ce type de milieu l\u2019arc est \u00e9limin\u00e9 par les particules des contacts qui le forcent \u00e0 suivre un chemin bien sp\u00e9cifique jusqu&rsquo; \u00e0 son extinction.<\/p>\n<p>Le principe des disjoncteurs au gaz SF6 fait en sorte que lors du d\u00e9placement des contacts mobiles le gaz qui est comprim\u00e9 est ensuite dirig\u00e9 vers l\u2019arc pour l\u2019\u00e9teindre et le refroidir.<br \/>\nLes propri\u00e9t\u00e9s de ce gaz font en sorte que le milieu se r\u00e9g\u00e9n\u00e8re rapidement et que les contacts sont aussi refroidis rapidement.<\/p>\n<p>Question, le\u00e7on une.<br \/>\nParmi les choix suivants, lequel est un inconv\u00e9nient d\u2019utiliser l\u2019huile comme milieu isolant ?<br \/>\n1) Tr\u00e8s faible capacit\u00e9 de coupure<br \/>\n2) Pollution atmosph\u00e9rique<br \/>\n3) Entretiens fr\u00e9quents<br \/>\nLa bonne r\u00e9ponse est : 3) Entretiens fr\u00e9quents (Voir diapositive 8).<\/p>\n<p>R\u00e9f\u00e9rences<br \/>\nZensol, librairie de disjoncteurs.<br \/>\nZensol, Synchronisation et des disjoncteurs.<br \/>\nSchneider \u00e9lectrique, Cahier technique chronom\u00e9trage 125.<\/p>\n<\/div><\/section><\/div>\n","protected":false},"excerpt":{"rendered":"","protected":false},"author":1,"featured_media":0,"parent":10504,"menu_order":0,"comment_status":"closed","ping_status":"closed","template":"","meta":{"footnotes":""},"class_list":["post-11568","page","type-page","status-publish","hentry"],"yoast_head":"<!-- This site is optimized with the Yoast SEO plugin v26.3 - https:\/\/yoast.com\/wordpress\/plugins\/seo\/ -->\n<title>Video 1: Notions fondamentales en coupure de circuit \u00e9lectrique - Zensol<\/title>\n<meta name=\"robots\" content=\"index, follow, max-snippet:-1, max-image-preview:large, max-video-preview:-1\" \/>\n<link rel=\"canonical\" href=\"https:\/\/www.zensol.com\/fr\/videos-2\/video-1-notions-fondamentales-en-coupure-de-circuit-electrique\/\" \/>\n<meta property=\"og:locale\" content=\"fr_FR\" \/>\n<meta property=\"og:type\" content=\"article\" \/>\n<meta property=\"og:title\" content=\"Video 1: Notions fondamentales en coupure de circuit \u00e9lectrique - Zensol\" \/>\n<meta property=\"og:url\" content=\"https:\/\/www.zensol.com\/fr\/videos-2\/video-1-notions-fondamentales-en-coupure-de-circuit-electrique\/\" \/>\n<meta property=\"og:site_name\" content=\"Zensol\" \/>\n<meta property=\"article:modified_time\" content=\"2020-04-10T06:00:55+00:00\" \/>\n<meta name=\"twitter:label1\" content=\"Dur\u00e9e de lecture estim\u00e9e\" \/>\n\t<meta name=\"twitter:data1\" content=\"9 minutes\" \/>\n<script type=\"application\/ld+json\" class=\"yoast-schema-graph\">{\"@context\":\"https:\/\/schema.org\",\"@graph\":[{\"@type\":\"WebPage\",\"@id\":\"https:\/\/www.zensol.com\/fr\/videos-2\/video-1-notions-fondamentales-en-coupure-de-circuit-electrique\/\",\"url\":\"https:\/\/www.zensol.com\/fr\/videos-2\/video-1-notions-fondamentales-en-coupure-de-circuit-electrique\/\",\"name\":\"Video 1: Notions fondamentales en coupure de circuit \u00e9lectrique - Zensol\",\"isPartOf\":{\"@id\":\"https:\/\/www.zensol.com\/#website\"},\"datePublished\":\"2020-03-25T13:18:28+00:00\",\"dateModified\":\"2020-04-10T06:00:55+00:00\",\"breadcrumb\":{\"@id\":\"https:\/\/www.zensol.com\/fr\/videos-2\/video-1-notions-fondamentales-en-coupure-de-circuit-electrique\/#breadcrumb\"},\"inLanguage\":\"fr-FR\",\"potentialAction\":[{\"@type\":\"ReadAction\",\"target\":[\"https:\/\/www.zensol.com\/fr\/videos-2\/video-1-notions-fondamentales-en-coupure-de-circuit-electrique\/\"]}]},{\"@type\":\"BreadcrumbList\",\"@id\":\"https:\/\/www.zensol.com\/fr\/videos-2\/video-1-notions-fondamentales-en-coupure-de-circuit-electrique\/#breadcrumb\",\"itemListElement\":[{\"@type\":\"ListItem\",\"position\":1,\"name\":\"videos\",\"item\":\"https:\/\/www.zensol.com\/fr\/videos-2\/\"},{\"@type\":\"ListItem\",\"position\":2,\"name\":\"Video 1: Notions fondamentales en coupure de circuit \u00e9lectrique\"}]},{\"@type\":\"WebSite\",\"@id\":\"https:\/\/www.zensol.com\/#website\",\"url\":\"https:\/\/www.zensol.com\/\",\"name\":\"Zensol\",\"description\":\"The Circuit Breaker, Recloser and Tap-Changer Instrument Test Specialist\",\"potentialAction\":[{\"@type\":\"SearchAction\",\"target\":{\"@type\":\"EntryPoint\",\"urlTemplate\":\"https:\/\/www.zensol.com\/?s={search_term_string}\"},\"query-input\":{\"@type\":\"PropertyValueSpecification\",\"valueRequired\":true,\"valueName\":\"search_term_string\"}}],\"inLanguage\":\"fr-FR\"}]}<\/script>\n<!-- \/ Yoast SEO plugin. -->","yoast_head_json":{"title":"Video 1: Notions fondamentales en coupure de circuit \u00e9lectrique - Zensol","robots":{"index":"index","follow":"follow","max-snippet":"max-snippet:-1","max-image-preview":"max-image-preview:large","max-video-preview":"max-video-preview:-1"},"canonical":"https:\/\/www.zensol.com\/fr\/videos-2\/video-1-notions-fondamentales-en-coupure-de-circuit-electrique\/","og_locale":"fr_FR","og_type":"article","og_title":"Video 1: Notions fondamentales en coupure de circuit \u00e9lectrique - Zensol","og_url":"https:\/\/www.zensol.com\/fr\/videos-2\/video-1-notions-fondamentales-en-coupure-de-circuit-electrique\/","og_site_name":"Zensol","article_modified_time":"2020-04-10T06:00:55+00:00","twitter_misc":{"Dur\u00e9e de lecture estim\u00e9e":"9 minutes"},"schema":{"@context":"https:\/\/schema.org","@graph":[{"@type":"WebPage","@id":"https:\/\/www.zensol.com\/fr\/videos-2\/video-1-notions-fondamentales-en-coupure-de-circuit-electrique\/","url":"https:\/\/www.zensol.com\/fr\/videos-2\/video-1-notions-fondamentales-en-coupure-de-circuit-electrique\/","name":"Video 1: Notions fondamentales en coupure de circuit \u00e9lectrique - Zensol","isPartOf":{"@id":"https:\/\/www.zensol.com\/#website"},"datePublished":"2020-03-25T13:18:28+00:00","dateModified":"2020-04-10T06:00:55+00:00","breadcrumb":{"@id":"https:\/\/www.zensol.com\/fr\/videos-2\/video-1-notions-fondamentales-en-coupure-de-circuit-electrique\/#breadcrumb"},"inLanguage":"fr-FR","potentialAction":[{"@type":"ReadAction","target":["https:\/\/www.zensol.com\/fr\/videos-2\/video-1-notions-fondamentales-en-coupure-de-circuit-electrique\/"]}]},{"@type":"BreadcrumbList","@id":"https:\/\/www.zensol.com\/fr\/videos-2\/video-1-notions-fondamentales-en-coupure-de-circuit-electrique\/#breadcrumb","itemListElement":[{"@type":"ListItem","position":1,"name":"videos","item":"https:\/\/www.zensol.com\/fr\/videos-2\/"},{"@type":"ListItem","position":2,"name":"Video 1: Notions fondamentales en coupure de circuit \u00e9lectrique"}]},{"@type":"WebSite","@id":"https:\/\/www.zensol.com\/#website","url":"https:\/\/www.zensol.com\/","name":"Zensol","description":"The Circuit Breaker, Recloser and Tap-Changer Instrument Test Specialist","potentialAction":[{"@type":"SearchAction","target":{"@type":"EntryPoint","urlTemplate":"https:\/\/www.zensol.com\/?s={search_term_string}"},"query-input":{"@type":"PropertyValueSpecification","valueRequired":true,"valueName":"search_term_string"}}],"inLanguage":"fr-FR"}]}},"_links":{"self":[{"href":"https:\/\/www.zensol.com\/fr\/wp-json\/wp\/v2\/pages\/11568","targetHints":{"allow":["GET"]}}],"collection":[{"href":"https:\/\/www.zensol.com\/fr\/wp-json\/wp\/v2\/pages"}],"about":[{"href":"https:\/\/www.zensol.com\/fr\/wp-json\/wp\/v2\/types\/page"}],"author":[{"embeddable":true,"href":"https:\/\/www.zensol.com\/fr\/wp-json\/wp\/v2\/users\/1"}],"replies":[{"embeddable":true,"href":"https:\/\/www.zensol.com\/fr\/wp-json\/wp\/v2\/comments?post=11568"}],"version-history":[{"count":12,"href":"https:\/\/www.zensol.com\/fr\/wp-json\/wp\/v2\/pages\/11568\/revisions"}],"predecessor-version":[{"id":11686,"href":"https:\/\/www.zensol.com\/fr\/wp-json\/wp\/v2\/pages\/11568\/revisions\/11686"}],"up":[{"embeddable":true,"href":"https:\/\/www.zensol.com\/fr\/wp-json\/wp\/v2\/pages\/10504"}],"wp:attachment":[{"href":"https:\/\/www.zensol.com\/fr\/wp-json\/wp\/v2\/media?parent=11568"}],"curies":[{"name":"wp","href":"https:\/\/api.w.org\/{rel}","templated":true}]}}