{"id":10042,"date":"2018-10-15T14:33:46","date_gmt":"2018-10-15T13:33:46","guid":{"rendered":"https:\/\/www.zensol.net\/?page_id=10042\/"},"modified":"2018-10-24T10:28:04","modified_gmt":"2018-10-24T09:28:04","slug":"videos-module-3a","status":"publish","type":"page","link":"https:\/\/www.zensol.com\/fr\/videos\/videos-module-3a\/","title":{"rendered":"Videos module 3A: Le CBA-32P et CBAWin, Notions avanc\u00e9es"},"content":{"rendered":"<section  class='av_textblock_section av-av_textblock-0366cc7376be6c9e82a3e9cc8987b64f'  itemscope=\"itemscope\" itemtype=\"https:\/\/schema.org\/CreativeWork\" ><div class='avia_textblock'  itemprop=\"text\" ><h2 style=\"text-align: center;\">Videos Module 3A: Le CBA-32P et CBAWin, Notions avanc\u00e9es<\/h2>\n<\/div><\/section>\n\n<style type=\"text\/css\" data-created_by=\"avia_inline_auto\" id=\"style-css-av-av_one_fourth-6126cab7d8fab8d08143dd2dacdf673c\">\n.flex_column.av-av_one_fourth-6126cab7d8fab8d08143dd2dacdf673c{\n-webkit-border-radius:0px 0px 0px 0px;\n-moz-border-radius:0px 0px 0px 0px;\nborder-radius:0px 0px 0px 0px;\npadding:0px 0px 0px 0px;\n}\n<\/style>\n<div class='flex_column av-av_one_fourth-6126cab7d8fab8d08143dd2dacdf673c av_one_fourth  avia-builder-el-1  el_after_av_textblock  el_before_av_one_fourth  first flex_column_div av-zero-column-padding column-top-margin'     ><div  class='avia-button-wrap av-av_button-4e31e6862e71386035ba6963098ad976-wrap avia-button-center  avia-builder-el-2  avia-builder-el-no-sibling '>\n<style type=\"text\/css\" data-created_by=\"avia_inline_auto\" id=\"style-css-av-av_button-4e31e6862e71386035ba6963098ad976\">\n#top #wrap_all .avia-button.av-av_button-4e31e6862e71386035ba6963098ad976{\nbackground-color:#bfbfbf;\nborder-color:#bfbfbf;\ncolor:#ffffff;\n-webkit-transition:all 0.4s ease-in-out;\n-moz-transition:all 0.4s ease-in-out;\n-ms-transition:all 0.4s ease-in-out;\n-o-transition:all 0.4s ease-in-out;\ntransition:all 0.4s ease-in-out;\n}\n<\/style>\n<a href='https:\/\/www.zensol.com\/fr\/videos\/videos-module-1\/'  class='avia-button av-av_button-4e31e6862e71386035ba6963098ad976 avia-icon_select-yes-left-icon avia-size-small avia-position-center'  ><span class='avia_button_icon avia_button_icon_left' aria-hidden='true' data-av_icon='\ue871' data-av_iconfont='entypo-fontello'><\/span><span class='avia_iconbox_title' >Module 1 Test: Notions fondamentales en coupure de circuit \u00e9lectrique<\/span><\/a><\/div><\/div>\n\n<style type=\"text\/css\" data-created_by=\"avia_inline_auto\" id=\"style-css-av-av_one_fourth-0aa7055fe62c3622faec82866afbaeb2\">\n.flex_column.av-av_one_fourth-0aa7055fe62c3622faec82866afbaeb2{\n-webkit-border-radius:0px 0px 0px 0px;\n-moz-border-radius:0px 0px 0px 0px;\nborder-radius:0px 0px 0px 0px;\npadding:0px 0px 0px 0px;\n}\n<\/style>\n<div class='flex_column av-av_one_fourth-0aa7055fe62c3622faec82866afbaeb2 av_one_fourth  avia-builder-el-3  el_after_av_one_fourth  el_before_av_one_fourth  flex_column_div av-zero-column-padding column-top-margin'     ><div  class='avia-button-wrap av-av_button-ccb59cdf458a36dd5d7f61dc24d70211-wrap avia-button-center  avia-builder-el-4  avia-builder-el-no-sibling '>\n<style type=\"text\/css\" data-created_by=\"avia_inline_auto\" id=\"style-css-av-av_button-ccb59cdf458a36dd5d7f61dc24d70211\">\n#top #wrap_all .avia-button.av-av_button-ccb59cdf458a36dd5d7f61dc24d70211{\nbackground-color:#bfbfbf;\nborder-color:#bfbfbf;\ncolor:#ffffff;\n-webkit-transition:all 0.4s ease-in-out;\n-moz-transition:all 0.4s ease-in-out;\n-ms-transition:all 0.4s ease-in-out;\n-o-transition:all 0.4s ease-in-out;\ntransition:all 0.4s ease-in-out;\n}\n<\/style>\n<a href='https:\/\/www.zensol.com\/fr\/videos\/videos-module-2\/'  class='avia-button av-av_button-ccb59cdf458a36dd5d7f61dc24d70211 avia-icon_select-yes-left-icon avia-size-small avia-position-center'  ><span class='avia_button_icon avia_button_icon_left' aria-hidden='true' data-av_icon='\ue871' data-av_iconfont='entypo-fontello'><\/span><span class='avia_iconbox_title' >Module 2: Notions de synchronisation de disjoncteur<\/span><\/a><\/div><\/div>\n\n<style type=\"text\/css\" data-created_by=\"avia_inline_auto\" id=\"style-css-av-av_one_fourth-0aa7055fe62c3622faec82866afbaeb2\">\n.flex_column.av-av_one_fourth-0aa7055fe62c3622faec82866afbaeb2{\n-webkit-border-radius:0px 0px 0px 0px;\n-moz-border-radius:0px 0px 0px 0px;\nborder-radius:0px 0px 0px 0px;\npadding:0px 0px 0px 0px;\n}\n<\/style>\n<div class='flex_column av-av_one_fourth-0aa7055fe62c3622faec82866afbaeb2 av_one_fourth  avia-builder-el-5  el_after_av_one_fourth  el_before_av_one_fourth  flex_column_div av-zero-column-padding column-top-margin'     ><div  class='avia-button-wrap av-av_button-de2f834870cf386564b212ed98784b60-wrap avia-button-center  avia-builder-el-6  avia-builder-el-no-sibling '>\n<style type=\"text\/css\" data-created_by=\"avia_inline_auto\" id=\"style-css-av-av_button-de2f834870cf386564b212ed98784b60\">\n#top #wrap_all .avia-button.av-av_button-de2f834870cf386564b212ed98784b60{\nbackground-color:#bfbfbf;\nborder-color:#bfbfbf;\ncolor:#ffffff;\n-webkit-transition:all 0.4s ease-in-out;\n-moz-transition:all 0.4s ease-in-out;\n-ms-transition:all 0.4s ease-in-out;\n-o-transition:all 0.4s ease-in-out;\ntransition:all 0.4s ease-in-out;\n}\n<\/style>\n<a href='https:\/\/www.zensol.com\/fr\/videos\/videos-module-3\/'  class='avia-button av-av_button-de2f834870cf386564b212ed98784b60 avia-icon_select-yes-left-icon avia-size-small avia-position-center'  ><span class='avia_button_icon avia_button_icon_left' aria-hidden='true' data-av_icon='\ue871' data-av_iconfont='entypo-fontello'><\/span><span class='avia_iconbox_title' >Module 3: Instrument de mesure CBA-32P de Zensol<\/span><\/a><\/div><\/div>\n\n<style type=\"text\/css\" data-created_by=\"avia_inline_auto\" id=\"style-css-av-av_one_fourth-0aa7055fe62c3622faec82866afbaeb2\">\n.flex_column.av-av_one_fourth-0aa7055fe62c3622faec82866afbaeb2{\n-webkit-border-radius:0px 0px 0px 0px;\n-moz-border-radius:0px 0px 0px 0px;\nborder-radius:0px 0px 0px 0px;\npadding:0px 0px 0px 0px;\n}\n<\/style>\n<div class='flex_column av-av_one_fourth-0aa7055fe62c3622faec82866afbaeb2 av_one_fourth  avia-builder-el-7  el_after_av_one_fourth  el_before_av_one_full  flex_column_div av-zero-column-padding column-top-margin'     ><div  class='avia-button-wrap av-av_button-dc188eede11ce9c613245865179e29bd-wrap avia-button-center  avia-builder-el-8  avia-builder-el-no-sibling '><a href='https:\/\/www.zensol.com\/fr\/videos\/videos-module-3a\/'  class='avia-button av-av_button-dc188eede11ce9c613245865179e29bd avia-icon_select-yes-left-icon avia-size-small avia-position-center avia-color-theme-color'  ><span class='avia_button_icon avia_button_icon_left' aria-hidden='true' data-av_icon='\ue871' data-av_iconfont='entypo-fontello'><\/span><span class='avia_iconbox_title' >Module 3A: Le CBA-32P et CBAWin, Notions avanc\u00e9es <\/span><\/a><\/div><\/div>\n<div class='flex_column av-av_one_full-2a9015ff38129c418a3f2eafba3e9512 av_one_full  avia-builder-el-9  el_after_av_one_fourth  el_before_av_one_fourth  first flex_column_div column-top-margin'     ><section  class='av_textblock_section av-av_textblock-0366cc7376be6c9e82a3e9cc8987b64f'  itemscope=\"itemscope\" itemtype=\"https:\/\/schema.org\/CreativeWork\" ><div class='avia_textblock'  itemprop=\"text\" ><p>Ces vid\u00e9os s&rsquo;adressent aux professionnels de l&rsquo;industrie \u00e9lectrique et sont produites par Zensol Automation Inc. Cette soci\u00e9t\u00e9 se sp\u00e9cialise principalement dans les instruments pour l&rsquo;industrie de l&rsquo;\u00e9nergie \u00e9lectrique et les entreprises de services de maintenance.<\/p>\n<\/div><\/section><\/div>\n<div class='flex_column av-av_one_fourth-2a9015ff38129c418a3f2eafba3e9512 av_one_fourth  avia-builder-el-11  el_after_av_one_full  el_before_av_one_fourth  first flex_column_div column-top-margin'     ><div  class='avia-button-wrap avia-button-center  avia-builder-el-12  avia-builder-el-no-sibling '>\n<style type=\"text\/css\" data-created_by=\"avia_inline_auto\" id=\"style-css-av-av_button_big-25f6c810ac8d0d613cb7d61810ed38c4\">\n#top #wrap_all .avia-button.av-av_button_big-25f6c810ac8d0d613cb7d61810ed38c4{\ncolor:#ffffff;\n-webkit-transition:all 0.4s ease-in-out;\n-moz-transition:all 0.4s ease-in-out;\n-ms-transition:all 0.4s ease-in-out;\n-o-transition:all 0.4s ease-in-out;\ntransition:all 0.4s ease-in-out;\n}\n#top #wrap_all .avia-button.av-av_button_big-25f6c810ac8d0d613cb7d61810ed38c4:hover{\nbackground-color:green;\ncolor:#ffffff;\n-webkit-transition:all 0.4s ease-in-out;\n-moz-transition:all 0.4s ease-in-out;\n-ms-transition:all 0.4s ease-in-out;\n-o-transition:all 0.4s ease-in-out;\ntransition:all 0.4s ease-in-out;\n}\n<\/style>\n<a href='#section1' class='avia-color-grey avia-button avia-button-fullwidth av-av_button_big-25f6c810ac8d0d613cb7d61810ed38c4 avia-icon_select-no avia-color-grey'  ><span class='avia_iconbox_title' >Le CBA-32P et CbaWin Notions avanc\u00e9es: Partie 1<\/span><\/a><\/div><\/div>\n\n<style type=\"text\/css\" data-created_by=\"avia_inline_auto\" id=\"style-css-av-av_one_fourth-0aa7055fe62c3622faec82866afbaeb2\">\n.flex_column.av-av_one_fourth-0aa7055fe62c3622faec82866afbaeb2{\n-webkit-border-radius:0px 0px 0px 0px;\n-moz-border-radius:0px 0px 0px 0px;\nborder-radius:0px 0px 0px 0px;\npadding:0px 0px 0px 0px;\n}\n<\/style>\n<div class='flex_column av-av_one_fourth-0aa7055fe62c3622faec82866afbaeb2 av_one_fourth  avia-builder-el-13  el_after_av_one_fourth  el_before_av_hr  flex_column_div av-zero-column-padding column-top-margin'     ><div  class='avia-button-wrap avia-button-center  avia-builder-el-14  avia-builder-el-no-sibling '>\n<style type=\"text\/css\" data-created_by=\"avia_inline_auto\" id=\"style-css-av-av_button_big-879155ab00a60016af9f5b724e0e2314\">\n#top #wrap_all .avia-button.av-av_button_big-879155ab00a60016af9f5b724e0e2314{\ncolor:#ffffff;\n-webkit-transition:all 0.4s ease-in-out;\n-moz-transition:all 0.4s ease-in-out;\n-ms-transition:all 0.4s ease-in-out;\n-o-transition:all 0.4s ease-in-out;\ntransition:all 0.4s ease-in-out;\n}\n#top #wrap_all .avia-button.av-av_button_big-879155ab00a60016af9f5b724e0e2314:hover{\nbackground-color:green;\ncolor:#ffffff;\n-webkit-transition:all 0.4s ease-in-out;\n-moz-transition:all 0.4s ease-in-out;\n-ms-transition:all 0.4s ease-in-out;\n-o-transition:all 0.4s ease-in-out;\ntransition:all 0.4s ease-in-out;\n}\n<\/style>\n<a href='#section2' class='avia-color-grey avia-button avia-button-fullwidth av-av_button_big-879155ab00a60016af9f5b724e0e2314 avia-icon_select-no avia-color-grey'  ><span class='avia_iconbox_title' >Le CBA-32P et CbaWin Notions avanc\u00e9es: Partie 2<\/span><\/a><\/div><\/div>\n<div  class='hr av-av_hr-dcd2069817a0e3d34ae04cad8f3443c7 hr-default  avia-builder-el-15  el_after_av_one_fourth  el_before_av_textblock '><span class='hr-inner '><span class=\"hr-inner-style\"><\/span><\/span><\/div>\n<section  class='av_textblock_section av-av_textblock-0366cc7376be6c9e82a3e9cc8987b64f'  itemscope=\"itemscope\" itemtype=\"https:\/\/schema.org\/CreativeWork\" ><div class='avia_textblock'  itemprop=\"text\" ><h3 id=\"section1\"><span style=\"color: #339966;\">Le CBA-32P et CbaWin Notions avanc\u00e9es: Partie 1<\/span><\/h3>\n<\/div><\/section>\n<section  class='av_textblock_section av-av_textblock-0366cc7376be6c9e82a3e9cc8987b64f'  itemscope=\"itemscope\" itemtype=\"https:\/\/schema.org\/CreativeWork\" ><div class='avia_textblock'  itemprop=\"text\" ><p><span class=\"il\">Notions<\/span>\u00a0<span class=\"il\">avanc\u00e9es<\/span>\u00a0avec le CBA-32P et le\u00a0<span class=\"il\">Cbawin<\/span>:\u00a0<span class=\"il\">Partie<\/span>\u00a01. Comprendre le menu du\u00a0<span class=\"il\">Cbawin<\/span>\u00a0et apprendre \u00e0 activer et configurer les entr\u00e9es contacts.<\/p>\n<\/div><\/section>\n\n<style type=\"text\/css\" data-created_by=\"avia_inline_auto\" id=\"style-css-av-av_four_fifth-6126cab7d8fab8d08143dd2dacdf673c\">\n.flex_column.av-av_four_fifth-6126cab7d8fab8d08143dd2dacdf673c{\n-webkit-border-radius:0px 0px 0px 0px;\n-moz-border-radius:0px 0px 0px 0px;\nborder-radius:0px 0px 0px 0px;\npadding:0px 0px 0px 0px;\n}\n<\/style>\n<div class='flex_column av-av_four_fifth-6126cab7d8fab8d08143dd2dacdf673c av_four_fifth  avia-builder-el-18  el_after_av_textblock  el_before_av_hr  first flex_column_div av-zero-column-padding column-top-margin'     ><div  class='avia-video av-av_video-cf4f3ce5f469a435f9af2b39d44179e8 avia-video-16-9 av-no-preview-image avia-video-load-always avia-video-html5'  itemprop=\"video\" itemtype=\"https:\/\/schema.org\/VideoObject\"  data-original_url='https:\/\/www.zensol.com\/wp-content\/uploads\/2018\/10\/Module-3aFR-VID\u00c9O-12-Le-CBA-32P-et-CbaWin-Notions-avanc\u00e9es-Partie-1.mp4'><video class='avia_video'    preload=\"auto\"  controls id='player_10042_1607702272_954318224'><source src='https:\/\/www.zensol.com\/wp-content\/uploads\/2018\/10\/Module-3aFR-VID\u00c9O-12-Le-CBA-32P-et-CbaWin-Notions-avanc\u00e9es-Partie-1.mp4' type='video\/mp4' \/><\/video><\/div><\/div>\n<div  class='hr av-av_hr-dcd2069817a0e3d34ae04cad8f3443c7 hr-default  avia-builder-el-20  el_after_av_four_fifth  el_before_av_textblock '><span class='hr-inner '><span class=\"hr-inner-style\"><\/span><\/span><\/div>\n<section  class='av_textblock_section av-av_textblock-0366cc7376be6c9e82a3e9cc8987b64f'  itemscope=\"itemscope\" itemtype=\"https:\/\/schema.org\/CreativeWork\" ><div class='avia_textblock'  itemprop=\"text\" ><h3 id=\"section2\"><span style=\"color: #339966;\">Le CBA-32P et CbaWin Notions avanc\u00e9es: Partie 2<\/span><\/h3>\n<\/div><\/section>\n<section  class='av_textblock_section av-av_textblock-0366cc7376be6c9e82a3e9cc8987b64f'  itemscope=\"itemscope\" itemtype=\"https:\/\/schema.org\/CreativeWork\" ><div class='avia_textblock'  itemprop=\"text\" ><p><span class=\"il\">Notions<\/span>\u00a0<span class=\"il\">avanc\u00e9es<\/span>\u00a0avec le CBA-32P et le\u00a0<span class=\"il\">Cbawin<\/span>:\u00a0<span class=\"il\">Partie<\/span>\u00a0<span class=\"il\">2<\/span>. Comprendre ce qu&rsquo;est une entr\u00e9e analogique, un encodeur optique, et une entr\u00e9e commande et apprendre \u00e0 les activer et les configurer. Apprendre aussi \u00e0 analyser et exporter les r\u00e9sultats, et mesurer la r\u00e9sistance dynamique \u00e0 l&rsquo;aide du kit MO-SD.<\/p>\n<\/div><\/section>\n\n<style type=\"text\/css\" data-created_by=\"avia_inline_auto\" id=\"style-css-av-av_four_fifth-6126cab7d8fab8d08143dd2dacdf673c\">\n.flex_column.av-av_four_fifth-6126cab7d8fab8d08143dd2dacdf673c{\n-webkit-border-radius:0px 0px 0px 0px;\n-moz-border-radius:0px 0px 0px 0px;\nborder-radius:0px 0px 0px 0px;\npadding:0px 0px 0px 0px;\n}\n<\/style>\n<div class='flex_column av-av_four_fifth-6126cab7d8fab8d08143dd2dacdf673c av_four_fifth  avia-builder-el-23  el_after_av_textblock  el_before_av_hr  first flex_column_div av-zero-column-padding column-top-margin'     ><div  class='avia-video av-av_video-449441391e11e469e976e0f9d23d92d8 avia-video-16-9 av-no-preview-image avia-video-load-always avia-video-html5'  itemprop=\"video\" itemtype=\"https:\/\/schema.org\/VideoObject\"  data-original_url='https:\/\/www.zensol.com\/wp-content\/uploads\/2018\/10\/Module-3aFR-VID\u00c9O-13-Le-CBA-32P-et-CbaWin-Notions-avanc\u00e9es-Partie-2.mp4'><video class='avia_video'    preload=\"auto\"  controls id='player_10042_936328350_807097527'><source src='https:\/\/www.zensol.com\/wp-content\/uploads\/2018\/10\/Module-3aFR-VID\u00c9O-13-Le-CBA-32P-et-CbaWin-Notions-avanc\u00e9es-Partie-2.mp4' type='video\/mp4' \/><\/video><\/div><\/div><div  class='hr av-av_hr-dcd2069817a0e3d34ae04cad8f3443c7 hr-default  avia-builder-el-25  el_after_av_four_fifth  avia-builder-el-last '><span class='hr-inner '><span class=\"hr-inner-style\"><\/span><\/span><\/div><\/p>\n","protected":false},"excerpt":{"rendered":"","protected":false},"author":1,"featured_media":0,"parent":9955,"menu_order":0,"comment_status":"closed","ping_status":"closed","template":"","meta":{"footnotes":""},"class_list":["post-10042","page","type-page","status-publish","hentry"],"yoast_head":"<!-- This site is optimized with the Yoast SEO plugin v26.3 - https:\/\/yoast.com\/wordpress\/plugins\/seo\/ -->\n<title>Videos module 3A: Le CBA-32P et CBAWin, Notions avanc\u00e9es - Zensol<\/title>\n<meta name=\"robots\" content=\"index, follow, max-snippet:-1, max-image-preview:large, max-video-preview:-1\" \/>\n<link rel=\"canonical\" href=\"https:\/\/www.zensol.com\/fr\/videos\/videos-module-3a\/\" \/>\n<meta property=\"og:locale\" content=\"fr_FR\" \/>\n<meta property=\"og:type\" content=\"article\" \/>\n<meta property=\"og:title\" content=\"Videos module 3A: Le CBA-32P et CBAWin, Notions avanc\u00e9es - Zensol\" \/>\n<meta property=\"og:url\" content=\"https:\/\/www.zensol.com\/fr\/videos\/videos-module-3a\/\" \/>\n<meta property=\"og:site_name\" content=\"Zensol\" \/>\n<meta property=\"article:modified_time\" content=\"2018-10-24T09:28:04+00:00\" \/>\n<meta name=\"twitter:label1\" content=\"Dur\u00e9e de lecture estim\u00e9e\" \/>\n\t<meta name=\"twitter:data1\" content=\"5 minutes\" \/>\n<script type=\"application\/ld+json\" class=\"yoast-schema-graph\">{\"@context\":\"https:\/\/schema.org\",\"@graph\":[{\"@type\":\"WebPage\",\"@id\":\"https:\/\/www.zensol.com\/fr\/videos\/videos-module-3a\/\",\"url\":\"https:\/\/www.zensol.com\/fr\/videos\/videos-module-3a\/\",\"name\":\"Videos module 3A: Le CBA-32P et CBAWin, Notions avanc\u00e9es - Zensol\",\"isPartOf\":{\"@id\":\"https:\/\/www.zensol.com\/#website\"},\"datePublished\":\"2018-10-15T13:33:46+00:00\",\"dateModified\":\"2018-10-24T09:28:04+00:00\",\"breadcrumb\":{\"@id\":\"https:\/\/www.zensol.com\/fr\/videos\/videos-module-3a\/#breadcrumb\"},\"inLanguage\":\"fr-FR\",\"potentialAction\":[{\"@type\":\"ReadAction\",\"target\":[\"https:\/\/www.zensol.com\/fr\/videos\/videos-module-3a\/\"]}]},{\"@type\":\"BreadcrumbList\",\"@id\":\"https:\/\/www.zensol.com\/fr\/videos\/videos-module-3a\/#breadcrumb\",\"itemListElement\":[{\"@type\":\"ListItem\",\"position\":1,\"name\":\"Videos\",\"item\":\"https:\/\/www.zensol.com\/fr\/videos\/\"},{\"@type\":\"ListItem\",\"position\":2,\"name\":\"Videos module 3A: Le CBA-32P et CBAWin, Notions avanc\u00e9es\"}]},{\"@type\":\"WebSite\",\"@id\":\"https:\/\/www.zensol.com\/#website\",\"url\":\"https:\/\/www.zensol.com\/\",\"name\":\"Zensol\",\"description\":\"The Circuit Breaker, Recloser and Tap-Changer Instrument Test Specialist\",\"potentialAction\":[{\"@type\":\"SearchAction\",\"target\":{\"@type\":\"EntryPoint\",\"urlTemplate\":\"https:\/\/www.zensol.com\/?s={search_term_string}\"},\"query-input\":{\"@type\":\"PropertyValueSpecification\",\"valueRequired\":true,\"valueName\":\"search_term_string\"}}],\"inLanguage\":\"fr-FR\"}]}<\/script>\n<!-- \/ Yoast SEO plugin. -->","yoast_head_json":{"title":"Videos module 3A: Le CBA-32P et CBAWin, Notions avanc\u00e9es - Zensol","robots":{"index":"index","follow":"follow","max-snippet":"max-snippet:-1","max-image-preview":"max-image-preview:large","max-video-preview":"max-video-preview:-1"},"canonical":"https:\/\/www.zensol.com\/fr\/videos\/videos-module-3a\/","og_locale":"fr_FR","og_type":"article","og_title":"Videos module 3A: Le CBA-32P et CBAWin, Notions avanc\u00e9es - Zensol","og_url":"https:\/\/www.zensol.com\/fr\/videos\/videos-module-3a\/","og_site_name":"Zensol","article_modified_time":"2018-10-24T09:28:04+00:00","twitter_misc":{"Dur\u00e9e de lecture estim\u00e9e":"5 minutes"},"schema":{"@context":"https:\/\/schema.org","@graph":[{"@type":"WebPage","@id":"https:\/\/www.zensol.com\/fr\/videos\/videos-module-3a\/","url":"https:\/\/www.zensol.com\/fr\/videos\/videos-module-3a\/","name":"Videos module 3A: Le CBA-32P et CBAWin, Notions avanc\u00e9es - Zensol","isPartOf":{"@id":"https:\/\/www.zensol.com\/#website"},"datePublished":"2018-10-15T13:33:46+00:00","dateModified":"2018-10-24T09:28:04+00:00","breadcrumb":{"@id":"https:\/\/www.zensol.com\/fr\/videos\/videos-module-3a\/#breadcrumb"},"inLanguage":"fr-FR","potentialAction":[{"@type":"ReadAction","target":["https:\/\/www.zensol.com\/fr\/videos\/videos-module-3a\/"]}]},{"@type":"BreadcrumbList","@id":"https:\/\/www.zensol.com\/fr\/videos\/videos-module-3a\/#breadcrumb","itemListElement":[{"@type":"ListItem","position":1,"name":"Videos","item":"https:\/\/www.zensol.com\/fr\/videos\/"},{"@type":"ListItem","position":2,"name":"Videos module 3A: Le CBA-32P et CBAWin, Notions avanc\u00e9es"}]},{"@type":"WebSite","@id":"https:\/\/www.zensol.com\/#website","url":"https:\/\/www.zensol.com\/","name":"Zensol","description":"The Circuit Breaker, Recloser and Tap-Changer Instrument Test Specialist","potentialAction":[{"@type":"SearchAction","target":{"@type":"EntryPoint","urlTemplate":"https:\/\/www.zensol.com\/?s={search_term_string}"},"query-input":{"@type":"PropertyValueSpecification","valueRequired":true,"valueName":"search_term_string"}}],"inLanguage":"fr-FR"}]}},"_links":{"self":[{"href":"https:\/\/www.zensol.com\/fr\/wp-json\/wp\/v2\/pages\/10042","targetHints":{"allow":["GET"]}}],"collection":[{"href":"https:\/\/www.zensol.com\/fr\/wp-json\/wp\/v2\/pages"}],"about":[{"href":"https:\/\/www.zensol.com\/fr\/wp-json\/wp\/v2\/types\/page"}],"author":[{"embeddable":true,"href":"https:\/\/www.zensol.com\/fr\/wp-json\/wp\/v2\/users\/1"}],"replies":[{"embeddable":true,"href":"https:\/\/www.zensol.com\/fr\/wp-json\/wp\/v2\/comments?post=10042"}],"version-history":[{"count":9,"href":"https:\/\/www.zensol.com\/fr\/wp-json\/wp\/v2\/pages\/10042\/revisions"}],"predecessor-version":[{"id":10656,"href":"https:\/\/www.zensol.com\/fr\/wp-json\/wp\/v2\/pages\/10042\/revisions\/10656"}],"up":[{"embeddable":true,"href":"https:\/\/www.zensol.com\/fr\/wp-json\/wp\/v2\/pages\/9955"}],"wp:attachment":[{"href":"https:\/\/www.zensol.com\/fr\/wp-json\/wp\/v2\/media?parent=10042"}],"curies":[{"name":"wp","href":"https:\/\/api.w.org\/{rel}","templated":true}]}}