{"id":6009,"date":"2017-01-26T23:02:50","date_gmt":"2017-01-26T22:02:50","guid":{"rendered":"https:\/\/www.zensol.net\/es\/catalogs\/"},"modified":"2023-04-28T10:33:18","modified_gmt":"2023-04-28T09:33:18","slug":"catalogos","status":"publish","type":"page","link":"https:\/\/www.zensol.com\/es\/catalogos\/","title":{"rendered":"Cat\u00e1logos"},"content":{"rendered":"<section  class='av_textblock_section av-fua6fd-63b3c89e2fde3dc61ac9c5597a97663a'  itemscope=\"itemscope\" itemtype=\"https:\/\/schema.org\/CreativeWork\" ><div class='avia_textblock'  itemprop=\"text\" ><p>Ver y bajar nuestros cat\u00e1logos seleccionando los botones de su elecci\u00f3n. Catal\u00f3gos en ingl\u00e9s.<\/p>\n<\/div><\/section>\n\n<style type=\"text\/css\" data-created_by=\"avia_inline_auto\" id=\"style-css-av-1f6c2x-80d60ba6cbafd209f4f102261d1a6ba7\">\n#top .hr.hr-invisible.av-1f6c2x-80d60ba6cbafd209f4f102261d1a6ba7{\nheight:30px;\n}\n<\/style>\n<div  class='hr av-1f6c2x-80d60ba6cbafd209f4f102261d1a6ba7 hr-invisible  avia-builder-el-1  el_after_av_textblock  el_before_av_button '><span class='hr-inner '><span class=\"hr-inner-style\"><\/span><\/span><\/div>\n<div  class='avia-button-wrap av-kig5vlnd-d3f6a71fb70e799055af23666d592d04-wrap avia-button-left  avia-builder-el-2  el_after_av_hr  el_before_av_hr '><a href='https:\/\/zensol.com\/catalogues\/Zensolpresentation_English-compressed.pdf' class='avia-button av-kig5vlnd-d3f6a71fb70e799055af23666d592d04 avia-icon_select-yes-left-icon avia-size-large avia-position-left avia-color-theme-color' target=\"_blank\" rel=\"noopener noreferrer\"><span class='avia_button_icon avia_button_icon_left' aria-hidden='true' data-av_icon='\ue82d' data-av_iconfont='entypo-fontello'><\/span><span class='avia_iconbox_title' >Presentaci\u00f3n Zensol<\/span><\/a><\/div>\n\n<style type=\"text\/css\" data-created_by=\"avia_inline_auto\" id=\"style-css-av-c1iwrt-4fa27a1c02904567513986b3973a971a\">\n#top .hr.hr-invisible.av-c1iwrt-4fa27a1c02904567513986b3973a971a{\nheight:30px;\n}\n<\/style>\n<div  class='hr av-c1iwrt-4fa27a1c02904567513986b3973a971a hr-invisible  avia-builder-el-3  el_after_av_button  el_before_av_button '><span class='hr-inner '><span class=\"hr-inner-style\"><\/span><\/span><\/div>\n<div  class='avia-button-wrap av-a3tozd-0331ca46ee4f45958f2b50ca28054196-wrap avia-button-left  avia-builder-el-4  el_after_av_hr  el_before_av_hr '><a href='https:\/\/zensol.com\/catalogues\/Diagnostic_Breakers_English-compressed.pdf' class='avia-button av-a3tozd-0331ca46ee4f45958f2b50ca28054196 avia-icon_select-yes-left-icon avia-size-large avia-position-left avia-color-theme-color' target=\"_blank\" rel=\"noopener noreferrer\"><span class='avia_button_icon avia_button_icon_left' aria-hidden='true' data-av_icon='\ue82d' data-av_iconfont='entypo-fontello'><\/span><span class='avia_iconbox_title' >Diagn\u00f3stico de interruptores autom\u00e1ticos de alta tensi\u00f3n CBA-32P, CBV-32, CBV-19, OTM-XB, CB14<\/span><\/a><\/div>\n\n<style type=\"text\/css\" data-created_by=\"avia_inline_auto\" id=\"style-css-av-9fs7kp-93e54c39f2987884b05d1a68cc4e673f\">\n#top .hr.hr-invisible.av-9fs7kp-93e54c39f2987884b05d1a68cc4e673f{\nheight:30px;\n}\n<\/style>\n<div  class='hr av-9fs7kp-93e54c39f2987884b05d1a68cc4e673f hr-invisible  avia-builder-el-5  el_after_av_button  el_before_av_button '><span class='hr-inner '><span class=\"hr-inner-style\"><\/span><\/span><\/div>\n<div  class='avia-button-wrap av-7p4zax-fbf48e15bdcfc48edb963c078c1660f5-wrap avia-button-left  avia-builder-el-6  el_after_av_hr  el_before_av_hr '><a href='https:\/\/zensol.com\/catalogues\/Diagnostic_Tap_English-compressed.pdf' class='avia-button av-7p4zax-fbf48e15bdcfc48edb963c078c1660f5 avia-icon_select-yes-left-icon avia-size-large avia-position-left avia-color-theme-color' target=\"_blank\" rel=\"noopener noreferrer\"><span class='avia_button_icon avia_button_icon_left' aria-hidden='true' data-av_icon='\ue82d' data-av_iconfont='entypo-fontello'><\/span><span class='avia_iconbox_title' >OLTC Diagnosis guide<\/span><\/a><\/div>\n\n<style type=\"text\/css\" data-created_by=\"avia_inline_auto\" id=\"style-css-av-68l1qh-30b17188f54b1b5ccbccc38af2916334\">\n#top .hr.hr-invisible.av-68l1qh-30b17188f54b1b5ccbccc38af2916334{\nheight:30px;\n}\n<\/style>\n<div  class='hr av-68l1qh-30b17188f54b1b5ccbccc38af2916334 hr-invisible  avia-builder-el-7  el_after_av_button  avia-builder-el-last '><span class='hr-inner '><span class=\"hr-inner-style\"><\/span><\/span><\/div>\n","protected":false},"excerpt":{"rendered":"","protected":false},"author":1,"featured_media":0,"parent":0,"menu_order":0,"comment_status":"closed","ping_status":"closed","template":"","meta":{"footnotes":""},"class_list":["post-6009","page","type-page","status-publish","hentry"],"yoast_head":"<!-- This site is optimized with the Yoast SEO plugin v26.3 - https:\/\/yoast.com\/wordpress\/plugins\/seo\/ -->\n<title>Cat\u00e1logos - zensol<\/title>\n<meta name=\"robots\" content=\"index, follow, max-snippet:-1, max-image-preview:large, max-video-preview:-1\" \/>\n<link rel=\"canonical\" href=\"https:\/\/www.zensol.com\/es\/catalogos\/\" \/>\n<meta property=\"og:locale\" content=\"es_ES\" \/>\n<meta property=\"og:type\" content=\"article\" \/>\n<meta property=\"og:title\" content=\"Cat\u00e1logos - zensol\" \/>\n<meta property=\"og:url\" content=\"https:\/\/www.zensol.com\/es\/catalogos\/\" \/>\n<meta property=\"og:site_name\" content=\"zensol\" \/>\n<meta property=\"article:modified_time\" content=\"2023-04-28T09:33:18+00:00\" \/>\n<meta name=\"twitter:label1\" content=\"Tiempo de lectura\" \/>\n\t<meta name=\"twitter:data1\" content=\"1 minuto\" \/>\n<script type=\"application\/ld+json\" class=\"yoast-schema-graph\">{\"@context\":\"https:\/\/schema.org\",\"@graph\":[{\"@type\":\"WebPage\",\"@id\":\"https:\/\/www.zensol.com\/es\/catalogos\/\",\"url\":\"https:\/\/www.zensol.com\/es\/catalogos\/\",\"name\":\"Cat\u00e1logos - zensol\",\"isPartOf\":{\"@id\":\"https:\/\/www.zensol.com\/#website\"},\"datePublished\":\"2017-01-26T22:02:50+00:00\",\"dateModified\":\"2023-04-28T09:33:18+00:00\",\"inLanguage\":\"es\",\"potentialAction\":[{\"@type\":\"ReadAction\",\"target\":[\"https:\/\/www.zensol.com\/es\/catalogos\/\"]}]},{\"@type\":\"WebSite\",\"@id\":\"https:\/\/www.zensol.com\/#website\",\"url\":\"https:\/\/www.zensol.com\/\",\"name\":\"zensol\",\"description\":\"The Circuit Breaker, Recloser and Tap-Changer Instrument Test Specialist\",\"potentialAction\":[{\"@type\":\"SearchAction\",\"target\":{\"@type\":\"EntryPoint\",\"urlTemplate\":\"https:\/\/www.zensol.com\/?s={search_term_string}\"},\"query-input\":{\"@type\":\"PropertyValueSpecification\",\"valueRequired\":true,\"valueName\":\"search_term_string\"}}],\"inLanguage\":\"es\"}]}<\/script>\n<!-- \/ Yoast SEO plugin. -->","yoast_head_json":{"title":"Cat\u00e1logos - zensol","robots":{"index":"index","follow":"follow","max-snippet":"max-snippet:-1","max-image-preview":"max-image-preview:large","max-video-preview":"max-video-preview:-1"},"canonical":"https:\/\/www.zensol.com\/es\/catalogos\/","og_locale":"es_ES","og_type":"article","og_title":"Cat\u00e1logos - zensol","og_url":"https:\/\/www.zensol.com\/es\/catalogos\/","og_site_name":"zensol","article_modified_time":"2023-04-28T09:33:18+00:00","twitter_misc":{"Tiempo de lectura":"1 minuto"},"schema":{"@context":"https:\/\/schema.org","@graph":[{"@type":"WebPage","@id":"https:\/\/www.zensol.com\/es\/catalogos\/","url":"https:\/\/www.zensol.com\/es\/catalogos\/","name":"Cat\u00e1logos - zensol","isPartOf":{"@id":"https:\/\/www.zensol.com\/#website"},"datePublished":"2017-01-26T22:02:50+00:00","dateModified":"2023-04-28T09:33:18+00:00","inLanguage":"es","potentialAction":[{"@type":"ReadAction","target":["https:\/\/www.zensol.com\/es\/catalogos\/"]}]},{"@type":"WebSite","@id":"https:\/\/www.zensol.com\/#website","url":"https:\/\/www.zensol.com\/","name":"zensol","description":"The Circuit Breaker, Recloser and Tap-Changer Instrument Test Specialist","potentialAction":[{"@type":"SearchAction","target":{"@type":"EntryPoint","urlTemplate":"https:\/\/www.zensol.com\/?s={search_term_string}"},"query-input":{"@type":"PropertyValueSpecification","valueRequired":true,"valueName":"search_term_string"}}],"inLanguage":"es"}]}},"_links":{"self":[{"href":"https:\/\/www.zensol.com\/es\/wp-json\/wp\/v2\/pages\/6009","targetHints":{"allow":["GET"]}}],"collection":[{"href":"https:\/\/www.zensol.com\/es\/wp-json\/wp\/v2\/pages"}],"about":[{"href":"https:\/\/www.zensol.com\/es\/wp-json\/wp\/v2\/types\/page"}],"author":[{"embeddable":true,"href":"https:\/\/www.zensol.com\/es\/wp-json\/wp\/v2\/users\/1"}],"replies":[{"embeddable":true,"href":"https:\/\/www.zensol.com\/es\/wp-json\/wp\/v2\/comments?post=6009"}],"version-history":[{"count":13,"href":"https:\/\/www.zensol.com\/es\/wp-json\/wp\/v2\/pages\/6009\/revisions"}],"predecessor-version":[{"id":13104,"href":"https:\/\/www.zensol.com\/es\/wp-json\/wp\/v2\/pages\/6009\/revisions\/13104"}],"wp:attachment":[{"href":"https:\/\/www.zensol.com\/es\/wp-json\/wp\/v2\/media?parent=6009"}],"curies":[{"name":"wp","href":"https:\/\/api.w.org\/{rel}","templated":true}]}}