{"id":5189,"date":"2016-02-28T22:27:03","date_gmt":"2016-02-28T21:27:03","guid":{"rendered":"https:\/\/www.zensol.net\/es\/a-proposito-de-zensol\/what-have-we-accomplished\/"},"modified":"2021-08-10T17:09:49","modified_gmt":"2021-08-10T16:09:49","slug":"nuestras-realizaciones","status":"publish","type":"page","link":"https:\/\/www.zensol.com\/es\/a-proposito-de-zensol\/nuestras-realizaciones\/","title":{"rendered":"\u00bf Cuales son nuestras realizaciones ?"},"content":{"rendered":"<section  class='av_textblock_section av-av_textblock-0366cc7376be6c9e82a3e9cc8987b64f'  itemscope=\"itemscope\" itemtype=\"https:\/\/schema.org\/CreativeWork\" ><div class='avia_textblock'  itemprop=\"text\" ><h1 style=\"text-align: center;\"><span style=\"color: #008000;\">\u00bf Cuales son nuestras realizaciones ?<\/span><\/h1>\n<\/div><\/section>\n<\/div><\/div><\/div><!-- close content main div --><\/div><\/div>\n<style type=\"text\/css\" data-created_by=\"avia_inline_auto\" id=\"style-css-av-av_section-a36ec92cd225ce4146f169c46e1aa022\">\n.avia-section.av-av_section-a36ec92cd225ce4146f169c46e1aa022{\nbackground-color:#e5e5e5;\nbackground-image:unset;\n}\n<\/style>\n<div id='av_section_1'  class='avia-section av-av_section-a36ec92cd225ce4146f169c46e1aa022 main_color avia-section-default avia-no-shadow  avia-builder-el-1  el_after_av_textblock  el_before_av_one_third  avia-bg-style-scroll container_wrap sidebar_right'  ><div class='container av-section-cont-open' ><div class='template-page content  av-content-small alpha units'><div class='post-entry post-entry-type-page post-entry-5189'><div class='entry-content-wrapper clearfix'>\n<div class='flex_column av-av_two_third-2a9015ff38129c418a3f2eafba3e9512 av_two_third  avia-builder-el-2  el_before_av_one_third  avia-builder-el-first  first flex_column_div '     ><section  class='av_textblock_section av-av_textblock-0366cc7376be6c9e82a3e9cc8987b64f'  itemscope=\"itemscope\" itemtype=\"https:\/\/schema.org\/CreativeWork\" ><div class='avia_textblock'  itemprop=\"text\" ><h2><span style=\"color: #008000;\">Nuestro compromiso por la calidad\u00a0<\/span><\/h2>\n<p>Gracias a un labor de calidad y una gesti\u00f3n optimizada, estamos totalmente conforme con el sistema de gesti\u00f3n de calidad ISO desde 1999.<\/p>\n<p>En julio del 2018, Zensol ha conseguido la norma ISO 9001: 2015.<\/p>\n<p>La norma ISO 9001: 2015 es una prueba con\u00a0un nivel alto de exigencia relativo a la aplicaci\u00f3n de un sistema de gesti\u00f3n de la calidad.<\/p>\n<p>Para estar conforme con esta\u00a0certificaci\u00f3n, dentro de Zensol, ofrecemos a nuestros clientes:<br \/>\n&#8211; Instrumentos de alta calidad:<br \/>\n&#8211; Instrumentos fiablea y a la vanguardia de la tecnolog\u00eda<br \/>\n&#8211; Instrumentos compatibles con cualquier tipo de tecnolog\u00eda<br \/>\n&#8211; Instrumentos conocidos por su robustez y rendimiento<\/p>\n<p>Una atenci\u00f3n al cliente de calidad:<br \/>\n&#8211; Profesionales altamente cualificados para atender a\u00a0nuestros clientes<br \/>\n&#8211; Seminarios de mantenimiento y formaci\u00f3n te\u00f3rica y pr\u00e1ctica, as\u00ed como seminarios web<br \/>\n&#8211; Apoyo t\u00e9cnico on-line con respuestas dentro en un plazo m\u00e1ximo de\u00a048 horas, en cualquier pa\u00eds<\/p>\n<\/div><\/section><\/div>\n<style type=\"text\/css\" data-created_by=\"avia_inline_auto\" id=\"style-css-av-av_one_third-0aa7055fe62c3622faec82866afbaeb2\">\n.flex_column.av-av_one_third-0aa7055fe62c3622faec82866afbaeb2{\n-webkit-border-radius:0px 0px 0px 0px;\n-moz-border-radius:0px 0px 0px 0px;\nborder-radius:0px 0px 0px 0px;\npadding:0px 0px 0px 0px;\n}\n<\/style>\n<div class='flex_column av-av_one_third-0aa7055fe62c3622faec82866afbaeb2 av_one_third  avia-builder-el-4  el_after_av_two_third  avia-builder-el-last  flex_column_div av-zero-column-padding '     ><section  class='av_textblock_section av-av_textblock-0366cc7376be6c9e82a3e9cc8987b64f'  itemscope=\"itemscope\" itemtype=\"https:\/\/schema.org\/CreativeWork\" ><div class='avia_textblock'  itemprop=\"text\" ><p style=\"text-align: center;\"><strong>Certificado ISO 9001\u00a0: 2015<\/strong><\/p>\n<\/div><\/section><br \/>\n\n<style type=\"text\/css\" data-created_by=\"avia_inline_auto\" id=\"style-css-av-av_image-b4bdb2a365b961b999a32c4c204f4716\">\n.avia-image-container.av-av_image-b4bdb2a365b961b999a32c4c204f4716 img.avia_image{\nbox-shadow:none;\n}\n.avia-image-container.av-av_image-b4bdb2a365b961b999a32c4c204f4716 .av-image-caption-overlay-center{\ncolor:#ffffff;\n}\n<\/style>\n<div  class='avia-image-container av-av_image-b4bdb2a365b961b999a32c4c204f4716 av-styling- avia-align-center  avia-builder-el-6  el_after_av_textblock  el_before_av_image '   itemprop=\"image\" itemscope=\"itemscope\" itemtype=\"https:\/\/schema.org\/ImageObject\" ><div class=\"avia-image-container-inner\"><div class=\"avia-image-overlay-wrap\"><img decoding=\"async\" class='wp-image-10315 avia-img-lazy-loading-not-10315 avia_image ' src=\"https:\/\/www.zensol.com\/wp-content\/uploads\/2016\/02\/iso9001_logo_w.png\" alt='' title='iso9001_logo_w'  height=\"172\" width=\"170\"  itemprop=\"thumbnailUrl\" srcset=\"https:\/\/www.zensol.com\/wp-content\/uploads\/2016\/02\/iso9001_logo_w.png 170w, https:\/\/www.zensol.com\/wp-content\/uploads\/2016\/02\/iso9001_logo_w-80x80.png 80w, https:\/\/www.zensol.com\/wp-content\/uploads\/2016\/02\/iso9001_logo_w-36x36.png 36w, https:\/\/www.zensol.com\/wp-content\/uploads\/2016\/02\/iso9001_logo_w-120x120.png 120w\" sizes=\"(max-width: 170px) 100vw, 170px\" \/><\/div><\/div><\/div><br \/>\n\n<style type=\"text\/css\" data-created_by=\"avia_inline_auto\" id=\"style-css-av-ks69enc3-348a157dd309f59d07a201d0af3f825c\">\n.avia-image-container.av-ks69enc3-348a157dd309f59d07a201d0af3f825c img.avia_image{\nbox-shadow:none;\n}\n.avia-image-container.av-ks69enc3-348a157dd309f59d07a201d0af3f825c .av-image-caption-overlay-center{\ncolor:#ffffff;\n}\n<\/style>\n<div  class='avia-image-container av-ks69enc3-348a157dd309f59d07a201d0af3f825c av-styling- avia-align-center  avia-builder-el-7  el_after_av_image  avia-builder-el-last '   itemprop=\"image\" itemscope=\"itemscope\" itemtype=\"https:\/\/schema.org\/ImageObject\" ><div class=\"avia-image-container-inner\"><div class=\"avia-image-overlay-wrap\"><a href=\"https:\/\/www.zensol.com\/wp-content\/uploads\/2021\/08\/Zensol-Automation-Inc._CAQ1843_ISO-9k_issue-9_final-certificate.pdf\" class='avia_image' target=\"_blank\" rel=\"noopener noreferrer\"><img decoding=\"async\" class='wp-image-9769 avia-img-lazy-loading-not-9769 avia_image ' src=\"https:\/\/www.zensol.com\/wp-content\/uploads\/2016\/02\/iso-9001-1-232x300.jpg\" alt='' title='iso-9001'  height=\"300\" width=\"232\"  itemprop=\"thumbnailUrl\" srcset=\"https:\/\/www.zensol.com\/wp-content\/uploads\/2016\/02\/iso-9001-1-232x300.jpg 232w, https:\/\/www.zensol.com\/wp-content\/uploads\/2016\/02\/iso-9001-1-768x994.jpg 768w, https:\/\/www.zensol.com\/wp-content\/uploads\/2016\/02\/iso-9001-1-796x1030.jpg 796w, https:\/\/www.zensol.com\/wp-content\/uploads\/2016\/02\/iso-9001-1-545x705.jpg 545w, https:\/\/www.zensol.com\/wp-content\/uploads\/2016\/02\/iso-9001-1-450x582.jpg 450w, https:\/\/www.zensol.com\/wp-content\/uploads\/2016\/02\/iso-9001-1.jpg 850w\" sizes=\"(max-width: 232px) 100vw, 232px\" \/><\/a><\/div><\/div><\/div><\/p><\/div><\/div><\/div><\/div><!-- close content main div --><\/div><\/div><div id='after_section_1'  class='main_color av_default_container_wrap container_wrap sidebar_right'  ><div class='container av-section-cont-open' ><div class='template-page content  av-content-small alpha units'><div class='post-entry post-entry-type-page post-entry-5189'><div class='entry-content-wrapper clearfix'><div class='flex_column av-av_one_third-2a9015ff38129c418a3f2eafba3e9512 av_one_third  avia-builder-el-8  el_after_av_section  el_before_av_two_third  avia-builder-el-first  first flex_column_div '     ><section  class='av_textblock_section av-av_textblock-0366cc7376be6c9e82a3e9cc8987b64f'  itemscope=\"itemscope\" itemtype=\"https:\/\/schema.org\/CreativeWork\" ><div class='avia_textblock'  itemprop=\"text\" ><p><img loading=\"lazy\" decoding=\"async\" class=\"alignleft size-medium wp-image-5021\" src=\"https:\/\/www.zensol.com\/wp-content\/uploads\/2016\/02\/hydro-300x130.jpg\" alt=\"hydro\" width=\"300\" height=\"130\" srcset=\"https:\/\/www.zensol.com\/wp-content\/uploads\/2016\/02\/hydro-300x130.jpg 300w, https:\/\/www.zensol.com\/wp-content\/uploads\/2016\/02\/hydro.jpg 628w, https:\/\/www.zensol.com\/wp-content\/uploads\/2016\/02\/hydro-450x195.jpg 450w\" sizes=\"auto, (max-width: 300px) 100vw, 300px\" \/><\/p>\n<\/div><\/section><\/div><\/p>\n\n<style type=\"text\/css\" data-created_by=\"avia_inline_auto\" id=\"style-css-av-av_two_third-0aa7055fe62c3622faec82866afbaeb2\">\n.flex_column.av-av_two_third-0aa7055fe62c3622faec82866afbaeb2{\n-webkit-border-radius:0px 0px 0px 0px;\n-moz-border-radius:0px 0px 0px 0px;\nborder-radius:0px 0px 0px 0px;\npadding:0px 0px 0px 0px;\n}\n<\/style>\n<div class='flex_column av-av_two_third-0aa7055fe62c3622faec82866afbaeb2 av_two_third  avia-builder-el-10  el_after_av_one_third  el_before_av_section  avia-builder-el-last  flex_column_div av-zero-column-padding '     ><section  class='av_textblock_section av-av_textblock-0366cc7376be6c9e82a3e9cc8987b64f'  itemscope=\"itemscope\" itemtype=\"https:\/\/schema.org\/CreativeWork\" ><div class='avia_textblock'  itemprop=\"text\" ><h2><span style=\"color: #008000;\">Nuestra colaboraci\u00f3n con Hydro-Qu\u00e9bec<\/span><\/h2>\n<p>Socios y colaboradores desde hace m\u00e1s de 20 a\u00f1os, Zensol e Hydro-Qu\u00e9bec mantienen una relaci\u00f3n de confianza a largo plazo .<\/p>\n<p>Proveedor exclusivo de electricidad en Quebec, Hydro-Qu\u00e9bec requiere instrumentos fiables, s\u00f3lidos y f\u00e1ciles de usar que les permiten garantizar la distribuci\u00f3n de energ\u00eda limpia y renovable a sus clientes.<\/p>\n<p>El equipo de Zensol, con unos\u00a0ingenieros altamente cualificados, est\u00e1 constantemente trabajando para desarrollar instrumentos y software con el fin de\u00a0responder a las necesidades de Hydro-Qu\u00e9bec.<\/p>\n<p>Estos a\u00f1os de colaboraci\u00f3n han dado lugar a la creaci\u00f3n de m\u00e9todos innovadores, como la vibroac\u00fastica, reconocidos mundialmente por su soluci\u00f3n completa para cambiadores de tomas en l\u00ednea.<\/p>\n<p>Las temperaturas extremas con las cuales vivimos y trabajamos nos han llevado al desarrollo de estos m\u00e9todos, as\u00ed como de unos instrumentos de calidad capaces de resistir a\u00a0estas condiciones clim\u00e1ticas.<\/p>\n<\/div><\/section><\/div>\n<\/div><\/div><\/div><!-- close content main div --><\/div><\/div>\n<style type=\"text\/css\" data-created_by=\"avia_inline_auto\" id=\"style-css-av-av_section-a36ec92cd225ce4146f169c46e1aa022\">\n.avia-section.av-av_section-a36ec92cd225ce4146f169c46e1aa022{\nbackground-color:#e5e5e5;\nbackground-image:unset;\n}\n<\/style>\n<div id='av_section_2'  class='avia-section av-av_section-a36ec92cd225ce4146f169c46e1aa022 main_color avia-section-default avia-no-shadow  avia-builder-el-12  el_after_av_two_third  avia-builder-el-last  avia-bg-style-scroll container_wrap sidebar_right'  ><div class='container av-section-cont-open' ><div class='template-page content  av-content-small alpha units'><div class='post-entry post-entry-type-page post-entry-5189'><div class='entry-content-wrapper clearfix'>\n<div class='flex_column av-av_two_third-2a9015ff38129c418a3f2eafba3e9512 av_two_third  avia-builder-el-13  el_before_av_one_third  avia-builder-el-first  first flex_column_div '     ><section  class='av_textblock_section av-av_textblock-0366cc7376be6c9e82a3e9cc8987b64f'  itemscope=\"itemscope\" itemtype=\"https:\/\/schema.org\/CreativeWork\" ><div class='avia_textblock'  itemprop=\"text\" ><h2><span style=\"color: #339966;\">Nuestras\u00a0referencias<\/span><\/h2>\n<p><strong>Zensol<\/strong> Automation Inc, cuenta con\u00a0m\u00e1s de 1000 colaboraciones con los principales nombres de la electricidad en todo el mundo. Gracias a\u00a0esta experiencia, somos capaces de adaptarnos a sus exigencias para satisfacer\u00a0sus m\u00e1s altas expectativas.<\/p>\n<\/div><\/section><\/div><div class='flex_column av-av_one_third-f78fb3c186c5ceb3cf0bf54353219056 av_one_third  avia-builder-el-15  el_after_av_two_third  avia-builder-el-last  flex_column_div '     ><p>\n<style type=\"text\/css\" data-created_by=\"avia_inline_auto\" id=\"style-css-av-av_image-466227441c1230dff6ef3638ee49cf14\">\n.avia-image-container.av-av_image-466227441c1230dff6ef3638ee49cf14 img.avia_image{\nbox-shadow:none;\n}\n.avia-image-container.av-av_image-466227441c1230dff6ef3638ee49cf14 .av-image-caption-overlay-center{\ncolor:#ffffff;\n}\n<\/style>\n<div  class='avia-image-container av-av_image-466227441c1230dff6ef3638ee49cf14 av-styling- avia-align-center  avia-builder-el-16  el_before_av_image  avia-builder-el-first '   itemprop=\"image\" itemscope=\"itemscope\" itemtype=\"https:\/\/schema.org\/ImageObject\" ><div class=\"avia-image-container-inner\"><div class=\"avia-image-overlay-wrap\"><img decoding=\"async\" class='wp-image-8467 avia-img-lazy-loading-not-8467 avia_image ' src=\"https:\/\/www.zensol.com\/wp-content\/uploads\/2016\/02\/customers1-1-300x163.jpg\" alt='' title='customers1'  height=\"163\" width=\"300\"  itemprop=\"thumbnailUrl\" srcset=\"https:\/\/www.zensol.com\/wp-content\/uploads\/2016\/02\/customers1-1-300x163.jpg 300w, https:\/\/www.zensol.com\/wp-content\/uploads\/2016\/02\/customers1-1-450x244.jpg 450w, https:\/\/www.zensol.com\/wp-content\/uploads\/2016\/02\/customers1-1.jpg 639w\" sizes=\"(max-width: 300px) 100vw, 300px\" \/><\/div><\/div><\/div><br \/>\n\n<style type=\"text\/css\" data-created_by=\"avia_inline_auto\" id=\"style-css-av-av_image-efac5b17d86f7287ace8d777f119de84\">\n.avia-image-container.av-av_image-efac5b17d86f7287ace8d777f119de84 img.avia_image{\nbox-shadow:none;\n}\n.avia-image-container.av-av_image-efac5b17d86f7287ace8d777f119de84 .av-image-caption-overlay-center{\ncolor:#ffffff;\n}\n<\/style>\n<div  class='avia-image-container av-av_image-efac5b17d86f7287ace8d777f119de84 av-styling- avia-align-center  avia-builder-el-17  el_after_av_image  avia-builder-el-last '   itemprop=\"image\" itemscope=\"itemscope\" itemtype=\"https:\/\/schema.org\/ImageObject\" ><div class=\"avia-image-container-inner\"><div class=\"avia-image-overlay-wrap\"><img decoding=\"async\" class='wp-image-8464 avia-img-lazy-loading-not-8464 avia_image ' src=\"https:\/\/www.zensol.com\/wp-content\/uploads\/2016\/02\/customers2-300x148.jpg\" alt='' title='customers2'  height=\"148\" width=\"300\"  itemprop=\"thumbnailUrl\" srcset=\"https:\/\/www.zensol.com\/wp-content\/uploads\/2016\/02\/customers2-300x148.jpg 300w, https:\/\/www.zensol.com\/wp-content\/uploads\/2016\/02\/customers2-450x223.jpg 450w, https:\/\/www.zensol.com\/wp-content\/uploads\/2016\/02\/customers2.jpg 631w\" sizes=\"(max-width: 300px) 100vw, 300px\" \/><\/div><\/div><\/div><\/p><\/div>\n<\/div><\/div><\/div><!-- close content main div --><\/div><\/div><div id='after_section_2'  class='main_color av_default_container_wrap container_wrap sidebar_right'  ><div class='container av-section-cont-open' ><div class='template-page content  av-content-small alpha units'><div class='post-entry post-entry-type-page post-entry-5189'><div class='entry-content-wrapper clearfix'>\n","protected":false},"excerpt":{"rendered":"","protected":false},"author":1,"featured_media":0,"parent":5170,"menu_order":0,"comment_status":"closed","ping_status":"closed","template":"","meta":{"footnotes":""},"class_list":["post-5189","page","type-page","status-publish","hentry"],"yoast_head":"<!-- This site is optimized with the Yoast SEO plugin v26.3 - https:\/\/yoast.com\/wordpress\/plugins\/seo\/ -->\n<title>\u00bf Cuales son nuestras realizaciones ? - zensol<\/title>\n<meta name=\"description\" content=\"Zensol\u00a0cuenta con\u00a0m\u00e1s de 1000 colaboraciones con los principales nombres de la electricidad en todo el mundo, una experienciaque nos permite adaptarnos a sus\u00a0exigencias para satisfacer\u00a0sus m\u00e1s altas expectativas.\" \/>\n<meta name=\"robots\" content=\"index, follow, max-snippet:-1, max-image-preview:large, max-video-preview:-1\" \/>\n<link rel=\"canonical\" href=\"https:\/\/www.zensol.com\/es\/a-proposito-de-zensol\/nuestras-realizaciones\/\" \/>\n<meta property=\"og:locale\" content=\"es_ES\" \/>\n<meta property=\"og:type\" content=\"article\" \/>\n<meta property=\"og:title\" content=\"\u00bf Cuales son nuestras realizaciones ? - zensol\" \/>\n<meta property=\"og:description\" content=\"Zensol\u00a0cuenta con\u00a0m\u00e1s de 1000 colaboraciones con los principales nombres de la electricidad en todo el mundo, una experienciaque nos permite adaptarnos a sus\u00a0exigencias para satisfacer\u00a0sus m\u00e1s altas expectativas.\" \/>\n<meta property=\"og:url\" content=\"https:\/\/www.zensol.com\/es\/a-proposito-de-zensol\/nuestras-realizaciones\/\" \/>\n<meta property=\"og:site_name\" content=\"zensol\" \/>\n<meta property=\"article:modified_time\" content=\"2021-08-10T16:09:49+00:00\" \/>\n<meta property=\"og:image\" content=\"https:\/\/www.zensol.com\/wp-content\/uploads\/2016\/02\/hydro-300x130.jpg\" \/>\n<meta name=\"twitter:label1\" content=\"Tiempo de lectura\" \/>\n\t<meta name=\"twitter:data1\" content=\"4 minutos\" \/>\n<script type=\"application\/ld+json\" class=\"yoast-schema-graph\">{\"@context\":\"https:\/\/schema.org\",\"@graph\":[{\"@type\":\"WebPage\",\"@id\":\"https:\/\/www.zensol.com\/es\/a-proposito-de-zensol\/nuestras-realizaciones\/\",\"url\":\"https:\/\/www.zensol.com\/es\/a-proposito-de-zensol\/nuestras-realizaciones\/\",\"name\":\"\u00bf Cuales son nuestras realizaciones ? - zensol\",\"isPartOf\":{\"@id\":\"https:\/\/www.zensol.com\/#website\"},\"primaryImageOfPage\":{\"@id\":\"https:\/\/www.zensol.com\/es\/a-proposito-de-zensol\/nuestras-realizaciones\/#primaryimage\"},\"image\":{\"@id\":\"https:\/\/www.zensol.com\/es\/a-proposito-de-zensol\/nuestras-realizaciones\/#primaryimage\"},\"thumbnailUrl\":\"https:\/\/www.zensol.com\/wp-content\/uploads\/2016\/02\/hydro-300x130.jpg\",\"datePublished\":\"2016-02-28T21:27:03+00:00\",\"dateModified\":\"2021-08-10T16:09:49+00:00\",\"description\":\"Zensol\u00a0cuenta con\u00a0m\u00e1s de 1000 colaboraciones con los principales nombres de la electricidad en todo el mundo, una experienciaque nos permite adaptarnos a sus\u00a0exigencias para satisfacer\u00a0sus m\u00e1s altas expectativas.\",\"breadcrumb\":{\"@id\":\"https:\/\/www.zensol.com\/es\/a-proposito-de-zensol\/nuestras-realizaciones\/#breadcrumb\"},\"inLanguage\":\"es\",\"potentialAction\":[{\"@type\":\"ReadAction\",\"target\":[\"https:\/\/www.zensol.com\/es\/a-proposito-de-zensol\/nuestras-realizaciones\/\"]}]},{\"@type\":\"ImageObject\",\"inLanguage\":\"es\",\"@id\":\"https:\/\/www.zensol.com\/es\/a-proposito-de-zensol\/nuestras-realizaciones\/#primaryimage\",\"url\":\"https:\/\/www.zensol.com\/wp-content\/uploads\/2016\/02\/hydro-300x130.jpg\",\"contentUrl\":\"https:\/\/www.zensol.com\/wp-content\/uploads\/2016\/02\/hydro-300x130.jpg\"},{\"@type\":\"BreadcrumbList\",\"@id\":\"https:\/\/www.zensol.com\/es\/a-proposito-de-zensol\/nuestras-realizaciones\/#breadcrumb\",\"itemListElement\":[{\"@type\":\"ListItem\",\"position\":1,\"name\":\"A prop\u00f3sito de Zensol\",\"item\":\"https:\/\/www.zensol.com\/es\/a-proposito-de-zensol\/\"},{\"@type\":\"ListItem\",\"position\":2,\"name\":\"\u00bf Cuales son nuestras realizaciones ?\"}]},{\"@type\":\"WebSite\",\"@id\":\"https:\/\/www.zensol.com\/#website\",\"url\":\"https:\/\/www.zensol.com\/\",\"name\":\"zensol\",\"description\":\"The Circuit Breaker, Recloser and Tap-Changer Instrument Test Specialist\",\"potentialAction\":[{\"@type\":\"SearchAction\",\"target\":{\"@type\":\"EntryPoint\",\"urlTemplate\":\"https:\/\/www.zensol.com\/?s={search_term_string}\"},\"query-input\":{\"@type\":\"PropertyValueSpecification\",\"valueRequired\":true,\"valueName\":\"search_term_string\"}}],\"inLanguage\":\"es\"}]}<\/script>\n<!-- \/ Yoast SEO plugin. -->","yoast_head_json":{"title":"\u00bf Cuales son nuestras realizaciones ? - zensol","description":"Zensol\u00a0cuenta con\u00a0m\u00e1s de 1000 colaboraciones con los principales nombres de la electricidad en todo el mundo, una experienciaque nos permite adaptarnos a sus\u00a0exigencias para satisfacer\u00a0sus m\u00e1s altas expectativas.","robots":{"index":"index","follow":"follow","max-snippet":"max-snippet:-1","max-image-preview":"max-image-preview:large","max-video-preview":"max-video-preview:-1"},"canonical":"https:\/\/www.zensol.com\/es\/a-proposito-de-zensol\/nuestras-realizaciones\/","og_locale":"es_ES","og_type":"article","og_title":"\u00bf Cuales son nuestras realizaciones ? - zensol","og_description":"Zensol\u00a0cuenta con\u00a0m\u00e1s de 1000 colaboraciones con los principales nombres de la electricidad en todo el mundo, una experienciaque nos permite adaptarnos a sus\u00a0exigencias para satisfacer\u00a0sus m\u00e1s altas expectativas.","og_url":"https:\/\/www.zensol.com\/es\/a-proposito-de-zensol\/nuestras-realizaciones\/","og_site_name":"zensol","article_modified_time":"2021-08-10T16:09:49+00:00","og_image":[{"url":"https:\/\/www.zensol.com\/wp-content\/uploads\/2016\/02\/hydro-300x130.jpg","type":"","width":"","height":""}],"twitter_misc":{"Tiempo de lectura":"4 minutos"},"schema":{"@context":"https:\/\/schema.org","@graph":[{"@type":"WebPage","@id":"https:\/\/www.zensol.com\/es\/a-proposito-de-zensol\/nuestras-realizaciones\/","url":"https:\/\/www.zensol.com\/es\/a-proposito-de-zensol\/nuestras-realizaciones\/","name":"\u00bf Cuales son nuestras realizaciones ? - zensol","isPartOf":{"@id":"https:\/\/www.zensol.com\/#website"},"primaryImageOfPage":{"@id":"https:\/\/www.zensol.com\/es\/a-proposito-de-zensol\/nuestras-realizaciones\/#primaryimage"},"image":{"@id":"https:\/\/www.zensol.com\/es\/a-proposito-de-zensol\/nuestras-realizaciones\/#primaryimage"},"thumbnailUrl":"https:\/\/www.zensol.com\/wp-content\/uploads\/2016\/02\/hydro-300x130.jpg","datePublished":"2016-02-28T21:27:03+00:00","dateModified":"2021-08-10T16:09:49+00:00","description":"Zensol\u00a0cuenta con\u00a0m\u00e1s de 1000 colaboraciones con los principales nombres de la electricidad en todo el mundo, una experienciaque nos permite adaptarnos a sus\u00a0exigencias para satisfacer\u00a0sus m\u00e1s altas expectativas.","breadcrumb":{"@id":"https:\/\/www.zensol.com\/es\/a-proposito-de-zensol\/nuestras-realizaciones\/#breadcrumb"},"inLanguage":"es","potentialAction":[{"@type":"ReadAction","target":["https:\/\/www.zensol.com\/es\/a-proposito-de-zensol\/nuestras-realizaciones\/"]}]},{"@type":"ImageObject","inLanguage":"es","@id":"https:\/\/www.zensol.com\/es\/a-proposito-de-zensol\/nuestras-realizaciones\/#primaryimage","url":"https:\/\/www.zensol.com\/wp-content\/uploads\/2016\/02\/hydro-300x130.jpg","contentUrl":"https:\/\/www.zensol.com\/wp-content\/uploads\/2016\/02\/hydro-300x130.jpg"},{"@type":"BreadcrumbList","@id":"https:\/\/www.zensol.com\/es\/a-proposito-de-zensol\/nuestras-realizaciones\/#breadcrumb","itemListElement":[{"@type":"ListItem","position":1,"name":"A prop\u00f3sito de Zensol","item":"https:\/\/www.zensol.com\/es\/a-proposito-de-zensol\/"},{"@type":"ListItem","position":2,"name":"\u00bf Cuales son nuestras realizaciones ?"}]},{"@type":"WebSite","@id":"https:\/\/www.zensol.com\/#website","url":"https:\/\/www.zensol.com\/","name":"zensol","description":"The Circuit Breaker, Recloser and Tap-Changer Instrument Test Specialist","potentialAction":[{"@type":"SearchAction","target":{"@type":"EntryPoint","urlTemplate":"https:\/\/www.zensol.com\/?s={search_term_string}"},"query-input":{"@type":"PropertyValueSpecification","valueRequired":true,"valueName":"search_term_string"}}],"inLanguage":"es"}]}},"_links":{"self":[{"href":"https:\/\/www.zensol.com\/es\/wp-json\/wp\/v2\/pages\/5189","targetHints":{"allow":["GET"]}}],"collection":[{"href":"https:\/\/www.zensol.com\/es\/wp-json\/wp\/v2\/pages"}],"about":[{"href":"https:\/\/www.zensol.com\/es\/wp-json\/wp\/v2\/types\/page"}],"author":[{"embeddable":true,"href":"https:\/\/www.zensol.com\/es\/wp-json\/wp\/v2\/users\/1"}],"replies":[{"embeddable":true,"href":"https:\/\/www.zensol.com\/es\/wp-json\/wp\/v2\/comments?post=5189"}],"version-history":[{"count":9,"href":"https:\/\/www.zensol.com\/es\/wp-json\/wp\/v2\/pages\/5189\/revisions"}],"predecessor-version":[{"id":12507,"href":"https:\/\/www.zensol.com\/es\/wp-json\/wp\/v2\/pages\/5189\/revisions\/12507"}],"up":[{"embeddable":true,"href":"https:\/\/www.zensol.com\/es\/wp-json\/wp\/v2\/pages\/5170"}],"wp:attachment":[{"href":"https:\/\/www.zensol.com\/es\/wp-json\/wp\/v2\/media?parent=5189"}],"curies":[{"name":"wp","href":"https:\/\/api.w.org\/{rel}","templated":true}]}}