{"id":5186,"date":"2016-02-28T20:56:20","date_gmt":"2016-02-28T19:56:20","guid":{"rendered":"https:\/\/www.zensol.net\/es\/a-proposito-de-zensol\/where-are-we\/"},"modified":"2018-02-26T10:47:10","modified_gmt":"2018-02-26T09:47:10","slug":"donde-estamos","status":"publish","type":"page","link":"https:\/\/www.zensol.com\/es\/a-proposito-de-zensol\/donde-estamos\/","title":{"rendered":"\u00bf D\u00f3nde estamos ?"},"content":{"rendered":"<section  class='av_textblock_section av-av_textblock-0366cc7376be6c9e82a3e9cc8987b64f'  itemscope=\"itemscope\" itemtype=\"https:\/\/schema.org\/CreativeWork\" ><div class='avia_textblock'  itemprop=\"text\" ><h1 style=\"text-align: center;\"><span style=\"color: #008000;\">\u00bf D\u00f3nde estamos ?<\/span><\/h1>\n<\/div><\/section>\n<\/div><\/div><\/div><!-- close content main div --><\/div><\/div>\n<style type=\"text\/css\" data-created_by=\"avia_inline_auto\" id=\"style-css-av-av_section-0a36bba90a1820ee0e911fad6b533ba2\">\n.avia-section.av-av_section-0a36bba90a1820ee0e911fad6b533ba2{\nbackground-color:#ffffff;\nbackground-image:unset;\n}\n<\/style>\n<div id='av_section_1'  class='avia-section av-av_section-0a36bba90a1820ee0e911fad6b533ba2 main_color avia-section-default avia-no-shadow  avia-builder-el-1  el_after_av_textblock  el_before_av_section  avia-bg-style-scroll container_wrap sidebar_right'  ><div class='container av-section-cont-open' ><div class='template-page content  av-content-small alpha units'><div class='post-entry post-entry-type-page post-entry-5186'><div class='entry-content-wrapper clearfix'>\n<div class='flex_column av-av_two_fifth-2a9015ff38129c418a3f2eafba3e9512 av_two_fifth first flex_column_div '     ><p>\n<style type=\"text\/css\" data-created_by=\"avia_inline_auto\" id=\"style-css-av-av_textblock-bf8474c55b0e214cc4ae6a2aa919e5b9\">\n#top .av_textblock_section.av-av_textblock-bf8474c55b0e214cc4ae6a2aa919e5b9 .avia_textblock{\nfont-size:26px;\n}\n<\/style>\n<section  class='av_textblock_section av-av_textblock-bf8474c55b0e214cc4ae6a2aa919e5b9'  itemscope=\"itemscope\" itemtype=\"https:\/\/schema.org\/CreativeWork\" ><div class='avia_textblock'  itemprop=\"text\" ><p><span style=\"color: #008000;\"><strong>Zensol en\u00a0Quebec<\/strong><\/span><\/p>\n<\/div><\/section><br \/>\n<section  class='av_textblock_section av-av_textblock-0366cc7376be6c9e82a3e9cc8987b64f'  itemscope=\"itemscope\" itemtype=\"https:\/\/schema.org\/CreativeWork\" ><div class='avia_textblock'  itemprop=\"text\" ><p>\u00a1 Creado en la provincia de Quebec,<strong> Zensol<\/strong>\u00a0tiene una presencia fuerte en Quebec, desde hace m\u00e1s de 25 a\u00f1os\u00a0!<\/p>\n<\/div><\/section><\/p><\/div><div class='flex_column av-av_three_fifth-f78fb3c186c5ceb3cf0bf54353219056 av_three_fifth flex_column_div '     ><style type=\"text\/css\" data-created_by=\"avia_inline_auto\" id=\"style-css-av-av_image-5a5e3abfd30f1d90e3e6a30e6cfaeecc\">\n.avia-image-container.av-av_image-5a5e3abfd30f1d90e3e6a30e6cfaeecc img.avia_image{\nbox-shadow:none;\n}\n.avia-image-container.av-av_image-5a5e3abfd30f1d90e3e6a30e6cfaeecc .av-image-caption-overlay-center{\ncolor:#ffffff;\n}\n<\/style>\n<div  class='avia-image-container av-av_image-5a5e3abfd30f1d90e3e6a30e6cfaeecc av-styling- avia-align-center'   itemprop=\"image\" itemscope=\"itemscope\" itemtype=\"https:\/\/schema.org\/ImageObject\" ><div class=\"avia-image-container-inner\"><div class=\"avia-image-overlay-wrap\"><img decoding=\"async\" class='wp-image-8509 avia-img-lazy-loading-not-8509 avia_image ' src=\"https:\/\/www.zensol.com\/wp-content\/uploads\/2016\/02\/quebec-249x300.jpg\" alt='' title='quebec'  height=\"300\" width=\"249\"  itemprop=\"thumbnailUrl\" srcset=\"https:\/\/www.zensol.com\/wp-content\/uploads\/2016\/02\/quebec-249x300.jpg 249w, https:\/\/www.zensol.com\/wp-content\/uploads\/2016\/02\/quebec-768x924.jpg 768w, https:\/\/www.zensol.com\/wp-content\/uploads\/2016\/02\/quebec-586x705.jpg 586w, https:\/\/www.zensol.com\/wp-content\/uploads\/2016\/02\/quebec-450x541.jpg 450w, https:\/\/www.zensol.com\/wp-content\/uploads\/2016\/02\/quebec.jpg 851w\" sizes=\"(max-width: 249px) 100vw, 249px\" \/><\/div><\/div><\/div><\/div>\n\n<\/div><\/div><\/div><!-- close content main div --><\/div><\/div>\n<style type=\"text\/css\" data-created_by=\"avia_inline_auto\" id=\"style-css-av-av_section-0a36bba90a1820ee0e911fad6b533ba2\">\n.avia-section.av-av_section-0a36bba90a1820ee0e911fad6b533ba2{\nbackground-color:#ffffff;\nbackground-image:unset;\n}\n<\/style>\n<div id='av_section_2'  class='avia-section av-av_section-0a36bba90a1820ee0e911fad6b533ba2 main_color avia-section-default avia-no-shadow avia-bg-style-scroll container_wrap sidebar_right'  ><div class='container av-section-cont-open' ><div class='template-page content  av-content-small alpha units'><div class='post-entry post-entry-type-page post-entry-5186'><div class='entry-content-wrapper clearfix'>\n<div class='flex_column av-av_two_fifth-2a9015ff38129c418a3f2eafba3e9512 av_two_fifth first flex_column_div '     ><p>\n<style type=\"text\/css\" data-created_by=\"avia_inline_auto\" id=\"style-css-av-av_textblock-bf8474c55b0e214cc4ae6a2aa919e5b9\">\n#top .av_textblock_section.av-av_textblock-bf8474c55b0e214cc4ae6a2aa919e5b9 .avia_textblock{\nfont-size:26px;\n}\n<\/style>\n<section  class='av_textblock_section av-av_textblock-bf8474c55b0e214cc4ae6a2aa919e5b9'  itemscope=\"itemscope\" itemtype=\"https:\/\/schema.org\/CreativeWork\" ><div class='avia_textblock'  itemprop=\"text\" ><p><span style=\"color: #008000;\"><strong>Zensol\u00a0en el mundo<\/strong><\/span><\/p>\n<\/div><\/section><br \/>\n<section  class='av_textblock_section av-av_textblock-0366cc7376be6c9e82a3e9cc8987b64f'  itemscope=\"itemscope\" itemtype=\"https:\/\/schema.org\/CreativeWork\" ><div class='avia_textblock'  itemprop=\"text\" ><p><strong>Zensol<\/strong>\u00a0tiene presencia en m\u00e1s de 50 pa\u00edses y m\u00e1s de 6 continentes.<\/p>\n<p>Nuestra red de distribuidores est\u00e1 presente en todo el mundo y nos permite ofrecer servicios de proximidad a nuestros clientes, manteniendo una estrecha relaci\u00f3n con ellos a pesar de la distancia.<\/p>\n<\/div><\/section><\/p><\/div><div class='flex_column av-av_three_fifth-f78fb3c186c5ceb3cf0bf54353219056 av_three_fifth flex_column_div '     ><style type=\"text\/css\" data-created_by=\"avia_inline_auto\" id=\"style-css-av-av_image-fa186ff364ce2bc0a76fbb15d66ae903\">\n.avia-image-container.av-av_image-fa186ff364ce2bc0a76fbb15d66ae903 img.avia_image{\nbox-shadow:none;\n}\n.avia-image-container.av-av_image-fa186ff364ce2bc0a76fbb15d66ae903 .av-image-caption-overlay-center{\ncolor:#ffffff;\n}\n<\/style>\n<div  class='avia-image-container av-av_image-fa186ff364ce2bc0a76fbb15d66ae903 av-styling- avia-align-center'   itemprop=\"image\" itemscope=\"itemscope\" itemtype=\"https:\/\/schema.org\/ImageObject\" ><div class=\"avia-image-container-inner\"><div class=\"avia-image-overlay-wrap\"><img decoding=\"async\" class='wp-image-8506 avia-img-lazy-loading-not-8506 avia_image ' src=\"https:\/\/www.zensol.com\/wp-content\/uploads\/2016\/02\/google-maps-1030x427.jpg\" alt='' title='google-maps'  height=\"427\" width=\"1030\"  itemprop=\"thumbnailUrl\" srcset=\"https:\/\/www.zensol.com\/wp-content\/uploads\/2016\/02\/google-maps-1030x427.jpg 1030w, https:\/\/www.zensol.com\/wp-content\/uploads\/2016\/02\/google-maps-300x124.jpg 300w, https:\/\/www.zensol.com\/wp-content\/uploads\/2016\/02\/google-maps-768x319.jpg 768w, https:\/\/www.zensol.com\/wp-content\/uploads\/2016\/02\/google-maps-705x292.jpg 705w, https:\/\/www.zensol.com\/wp-content\/uploads\/2016\/02\/google-maps-450x187.jpg 450w, https:\/\/www.zensol.com\/wp-content\/uploads\/2016\/02\/google-maps.jpg 1355w\" sizes=\"(max-width: 1030px) 100vw, 1030px\" \/><\/div><\/div><\/div><\/div>\n<\/div><\/div><\/div><!-- close content main div --><\/div><\/div><div id='after_section_2'  class='main_color av_default_container_wrap container_wrap sidebar_right'  ><div class='container av-section-cont-open' ><div class='template-page content  av-content-small alpha units'><div class='post-entry post-entry-type-page post-entry-5186'><div class='entry-content-wrapper clearfix'>\n","protected":false},"excerpt":{"rendered":"","protected":false},"author":1,"featured_media":0,"parent":5170,"menu_order":0,"comment_status":"closed","ping_status":"closed","template":"","meta":{"footnotes":""},"class_list":["post-5186","page","type-page","status-publish","hentry"],"yoast_head":"<!-- This site is optimized with the Yoast SEO plugin v26.3 - https:\/\/yoast.com\/wordpress\/plugins\/seo\/ -->\n<title>\u00bf D\u00f3nde estamos ? - zensol<\/title>\n<meta name=\"description\" content=\"Zensol est\u00e1 presente en m\u00e1s de 50 pa\u00edses m\u00e1s de 6 continentes.\" \/>\n<meta name=\"robots\" content=\"index, follow, max-snippet:-1, max-image-preview:large, max-video-preview:-1\" \/>\n<link rel=\"canonical\" href=\"https:\/\/www.zensol.com\/es\/a-proposito-de-zensol\/donde-estamos\/\" \/>\n<meta property=\"og:locale\" content=\"es_ES\" \/>\n<meta property=\"og:type\" content=\"article\" \/>\n<meta property=\"og:title\" content=\"\u00bf D\u00f3nde estamos ? - zensol\" \/>\n<meta property=\"og:description\" content=\"Zensol est\u00e1 presente en m\u00e1s de 50 pa\u00edses m\u00e1s de 6 continentes.\" \/>\n<meta property=\"og:url\" content=\"https:\/\/www.zensol.com\/es\/a-proposito-de-zensol\/donde-estamos\/\" \/>\n<meta property=\"og:site_name\" content=\"zensol\" \/>\n<meta property=\"article:modified_time\" content=\"2018-02-26T09:47:10+00:00\" \/>\n<meta name=\"twitter:label1\" content=\"Tiempo de lectura\" \/>\n\t<meta name=\"twitter:data1\" content=\"2 minutos\" \/>\n<script type=\"application\/ld+json\" class=\"yoast-schema-graph\">{\"@context\":\"https:\/\/schema.org\",\"@graph\":[{\"@type\":\"WebPage\",\"@id\":\"https:\/\/www.zensol.com\/es\/a-proposito-de-zensol\/donde-estamos\/\",\"url\":\"https:\/\/www.zensol.com\/es\/a-proposito-de-zensol\/donde-estamos\/\",\"name\":\"\u00bf D\u00f3nde estamos ? - zensol\",\"isPartOf\":{\"@id\":\"https:\/\/www.zensol.com\/#website\"},\"datePublished\":\"2016-02-28T19:56:20+00:00\",\"dateModified\":\"2018-02-26T09:47:10+00:00\",\"description\":\"Zensol est\u00e1 presente en m\u00e1s de 50 pa\u00edses m\u00e1s de 6 continentes.\",\"breadcrumb\":{\"@id\":\"https:\/\/www.zensol.com\/es\/a-proposito-de-zensol\/donde-estamos\/#breadcrumb\"},\"inLanguage\":\"es\",\"potentialAction\":[{\"@type\":\"ReadAction\",\"target\":[\"https:\/\/www.zensol.com\/es\/a-proposito-de-zensol\/donde-estamos\/\"]}]},{\"@type\":\"BreadcrumbList\",\"@id\":\"https:\/\/www.zensol.com\/es\/a-proposito-de-zensol\/donde-estamos\/#breadcrumb\",\"itemListElement\":[{\"@type\":\"ListItem\",\"position\":1,\"name\":\"A prop\u00f3sito de Zensol\",\"item\":\"https:\/\/www.zensol.com\/es\/a-proposito-de-zensol\/\"},{\"@type\":\"ListItem\",\"position\":2,\"name\":\"\u00bf D\u00f3nde estamos ?\"}]},{\"@type\":\"WebSite\",\"@id\":\"https:\/\/www.zensol.com\/#website\",\"url\":\"https:\/\/www.zensol.com\/\",\"name\":\"zensol\",\"description\":\"The Circuit Breaker, Recloser and Tap-Changer Instrument Test Specialist\",\"potentialAction\":[{\"@type\":\"SearchAction\",\"target\":{\"@type\":\"EntryPoint\",\"urlTemplate\":\"https:\/\/www.zensol.com\/?s={search_term_string}\"},\"query-input\":{\"@type\":\"PropertyValueSpecification\",\"valueRequired\":true,\"valueName\":\"search_term_string\"}}],\"inLanguage\":\"es\"}]}<\/script>\n<!-- \/ Yoast SEO plugin. -->","yoast_head_json":{"title":"\u00bf D\u00f3nde estamos ? - zensol","description":"Zensol est\u00e1 presente en m\u00e1s de 50 pa\u00edses m\u00e1s de 6 continentes.","robots":{"index":"index","follow":"follow","max-snippet":"max-snippet:-1","max-image-preview":"max-image-preview:large","max-video-preview":"max-video-preview:-1"},"canonical":"https:\/\/www.zensol.com\/es\/a-proposito-de-zensol\/donde-estamos\/","og_locale":"es_ES","og_type":"article","og_title":"\u00bf D\u00f3nde estamos ? - zensol","og_description":"Zensol est\u00e1 presente en m\u00e1s de 50 pa\u00edses m\u00e1s de 6 continentes.","og_url":"https:\/\/www.zensol.com\/es\/a-proposito-de-zensol\/donde-estamos\/","og_site_name":"zensol","article_modified_time":"2018-02-26T09:47:10+00:00","twitter_misc":{"Tiempo de lectura":"2 minutos"},"schema":{"@context":"https:\/\/schema.org","@graph":[{"@type":"WebPage","@id":"https:\/\/www.zensol.com\/es\/a-proposito-de-zensol\/donde-estamos\/","url":"https:\/\/www.zensol.com\/es\/a-proposito-de-zensol\/donde-estamos\/","name":"\u00bf D\u00f3nde estamos ? - zensol","isPartOf":{"@id":"https:\/\/www.zensol.com\/#website"},"datePublished":"2016-02-28T19:56:20+00:00","dateModified":"2018-02-26T09:47:10+00:00","description":"Zensol est\u00e1 presente en m\u00e1s de 50 pa\u00edses m\u00e1s de 6 continentes.","breadcrumb":{"@id":"https:\/\/www.zensol.com\/es\/a-proposito-de-zensol\/donde-estamos\/#breadcrumb"},"inLanguage":"es","potentialAction":[{"@type":"ReadAction","target":["https:\/\/www.zensol.com\/es\/a-proposito-de-zensol\/donde-estamos\/"]}]},{"@type":"BreadcrumbList","@id":"https:\/\/www.zensol.com\/es\/a-proposito-de-zensol\/donde-estamos\/#breadcrumb","itemListElement":[{"@type":"ListItem","position":1,"name":"A prop\u00f3sito de Zensol","item":"https:\/\/www.zensol.com\/es\/a-proposito-de-zensol\/"},{"@type":"ListItem","position":2,"name":"\u00bf D\u00f3nde estamos ?"}]},{"@type":"WebSite","@id":"https:\/\/www.zensol.com\/#website","url":"https:\/\/www.zensol.com\/","name":"zensol","description":"The Circuit Breaker, Recloser and Tap-Changer Instrument Test Specialist","potentialAction":[{"@type":"SearchAction","target":{"@type":"EntryPoint","urlTemplate":"https:\/\/www.zensol.com\/?s={search_term_string}"},"query-input":{"@type":"PropertyValueSpecification","valueRequired":true,"valueName":"search_term_string"}}],"inLanguage":"es"}]}},"_links":{"self":[{"href":"https:\/\/www.zensol.com\/es\/wp-json\/wp\/v2\/pages\/5186","targetHints":{"allow":["GET"]}}],"collection":[{"href":"https:\/\/www.zensol.com\/es\/wp-json\/wp\/v2\/pages"}],"about":[{"href":"https:\/\/www.zensol.com\/es\/wp-json\/wp\/v2\/types\/page"}],"author":[{"embeddable":true,"href":"https:\/\/www.zensol.com\/es\/wp-json\/wp\/v2\/users\/1"}],"replies":[{"embeddable":true,"href":"https:\/\/www.zensol.com\/es\/wp-json\/wp\/v2\/comments?post=5186"}],"version-history":[{"count":4,"href":"https:\/\/www.zensol.com\/es\/wp-json\/wp\/v2\/pages\/5186\/revisions"}],"predecessor-version":[{"id":5187,"href":"https:\/\/www.zensol.com\/es\/wp-json\/wp\/v2\/pages\/5186\/revisions\/5187"}],"up":[{"embeddable":true,"href":"https:\/\/www.zensol.com\/es\/wp-json\/wp\/v2\/pages\/5170"}],"wp:attachment":[{"href":"https:\/\/www.zensol.com\/es\/wp-json\/wp\/v2\/media?parent=5186"}],"curies":[{"name":"wp","href":"https:\/\/api.w.org\/{rel}","templated":true}]}}