{"id":5183,"date":"2016-02-26T08:44:41","date_gmt":"2016-02-26T07:44:41","guid":{"rendered":"https:\/\/www.zensol.net\/es\/a-proposito-de-zensol\/what-we-do\/"},"modified":"2016-04-05T11:02:45","modified_gmt":"2016-04-05T10:02:45","slug":"que-hacemos","status":"publish","type":"page","link":"https:\/\/www.zensol.com\/es\/a-proposito-de-zensol\/que-hacemos\/","title":{"rendered":"\u00bf Que hacemos ?"},"content":{"rendered":"<section  class='av_textblock_section av-av_textblock-0366cc7376be6c9e82a3e9cc8987b64f'  itemscope=\"itemscope\" itemtype=\"https:\/\/schema.org\/CreativeWork\" ><div class='avia_textblock'  itemprop=\"text\" ><h1 style=\"text-align: center;\"><span style=\"color: #008000;\">\u00bf Que hacemos ?<\/span><\/h1>\n<\/div><\/section>\n\n<style type=\"text\/css\" data-created_by=\"avia_inline_auto\" id=\"style-css-av-av_hr-5ea7596238ed9f191e6b5e662093052f\">\n#top .hr.hr-invisible.av-av_hr-5ea7596238ed9f191e6b5e662093052f{\nheight:30px;\n}\n<\/style>\n<div  class='hr av-av_hr-5ea7596238ed9f191e6b5e662093052f hr-invisible  avia-builder-el-1  el_after_av_textblock  el_before_av_section  avia-builder-el-last '><span class='hr-inner '><span class=\"hr-inner-style\"><\/span><\/span><\/div>\n<\/div><\/div><\/div><!-- close content main div --><\/div><\/div>\n<style type=\"text\/css\" data-created_by=\"avia_inline_auto\" id=\"style-css-av-av_section-a36ec92cd225ce4146f169c46e1aa022\">\n.avia-section.av-av_section-a36ec92cd225ce4146f169c46e1aa022{\nbackground-color:#e5e5e5;\nbackground-image:unset;\n}\n<\/style>\n<div id='av_section_1'  class='avia-section av-av_section-a36ec92cd225ce4146f169c46e1aa022 main_color avia-section-default avia-no-shadow  avia-builder-el-2  el_after_av_hr  el_before_av_two_third  avia-bg-style-scroll container_wrap sidebar_right'  ><div class='container av-section-cont-open' ><div class='template-page content  av-content-small alpha units'><div class='post-entry post-entry-type-page post-entry-5183'><div class='entry-content-wrapper clearfix'>\n<div class='flex_column av-av_one_third-2a9015ff38129c418a3f2eafba3e9512 av_one_third  avia-builder-el-3  el_before_av_two_third  avia-builder-el-first  first flex_column_div '     ><style type=\"text\/css\" data-created_by=\"avia_inline_auto\" id=\"style-css-av-av_image-b7c40b54548533d4aeb76c680297ce2e\">\n.avia-image-container.av-av_image-b7c40b54548533d4aeb76c680297ce2e img.avia_image{\nbox-shadow:none;\n}\n.avia-image-container.av-av_image-b7c40b54548533d4aeb76c680297ce2e .av-image-caption-overlay-center{\ncolor:#ffffff;\n}\n<\/style>\n<div  class='avia-image-container av-av_image-b7c40b54548533d4aeb76c680297ce2e av-styling- avia-align-center  avia-builder-el-4  avia-builder-el-no-sibling '   itemprop=\"image\" itemscope=\"itemscope\" itemtype=\"https:\/\/schema.org\/ImageObject\" ><div class=\"avia-image-container-inner\"><div class=\"avia-image-overlay-wrap\"><img decoding=\"async\" class='wp-image-8482 avia-img-lazy-loading-not-8482 avia_image ' src=\"https:\/\/www.zensol.com\/wp-content\/uploads\/2016\/02\/Ce-que-nous-faisons-270x300.jpg\" alt='' title='Ce que nous faisons'  height=\"300\" width=\"270\"  itemprop=\"thumbnailUrl\" srcset=\"https:\/\/www.zensol.com\/wp-content\/uploads\/2016\/02\/Ce-que-nous-faisons-270x300.jpg 270w, https:\/\/www.zensol.com\/wp-content\/uploads\/2016\/02\/Ce-que-nous-faisons-450x501.jpg 450w, https:\/\/www.zensol.com\/wp-content\/uploads\/2016\/02\/Ce-que-nous-faisons.jpg 460w\" sizes=\"(max-width: 270px) 100vw, 270px\" \/><\/div><\/div><\/div><\/div><div class='flex_column av-av_two_third-f78fb3c186c5ceb3cf0bf54353219056 av_two_third  avia-builder-el-5  el_after_av_one_third  avia-builder-el-last  flex_column_div '     ><section  class='av_textblock_section av-av_textblock-0366cc7376be6c9e82a3e9cc8987b64f'  itemscope=\"itemscope\" itemtype=\"https:\/\/schema.org\/CreativeWork\" ><div class='avia_textblock'  itemprop=\"text\" ><h2><span style=\"color: #008000;\">Nuestros instrumentos<\/span><\/h2>\n<p><strong>Zensol<\/strong>\u00a0propone diversos instrumentos de vanguardia a sus clientes para la prueba y el an\u00e1lisis de los disyuntores (CBA-32P, CBV-X, SIM-CB6), cambiadores de tomas en l\u00ednea (TAP-4, OTM-X) y reconectadores (GEN-X) .<br \/>\nDise\u00f1ado por nuestros ingenieros, son port\u00e1tiles y dise\u00f1ado para entornos extremos (temperaturas que van desde -40 \u00b0 C a + 60 \u00b0 C). Nuestros instrumentos son conocidos por su robustez y su rendimiento. De hecho, su vida \u00fatil supera los\u00a015 a\u00f1os. No llevan componentes fr\u00e1giles, tcomo impresoras, teclados o pantallas integradas.<br \/>\nNuestro polietileno reforzado ofrece una m\u00e1xima protecci\u00f3n para las unidades que fabricamos.<\/p>\n<p><img loading=\"lazy\" decoding=\"async\" class=\"wp-image-5110 aligncenter\" src=\"https:\/\/www.zensol.com\/wp-content\/uploads\/2016\/02\/instruments-300x300.png\" alt=\"instruments\" width=\"219\" height=\"219\" srcset=\"https:\/\/www.zensol.com\/wp-content\/uploads\/2016\/02\/instruments-300x300.png 300w, https:\/\/www.zensol.com\/wp-content\/uploads\/2016\/02\/instruments-80x80.png 80w, https:\/\/www.zensol.com\/wp-content\/uploads\/2016\/02\/instruments-36x36.png 36w, https:\/\/www.zensol.com\/wp-content\/uploads\/2016\/02\/instruments-180x180.png 180w, https:\/\/www.zensol.com\/wp-content\/uploads\/2016\/02\/instruments-120x120.png 120w, https:\/\/www.zensol.com\/wp-content\/uploads\/2016\/02\/instruments.png 368w\" sizes=\"auto, (max-width: 219px) 100vw, 219px\" \/><\/p>\n<\/div><\/section><\/div><\/div><\/div><\/div><!-- close content main div --><\/div><\/div><div id='after_section_1'  class='main_color av_default_container_wrap container_wrap sidebar_right'  ><div class='container av-section-cont-open' ><div class='template-page content  av-content-small alpha units'><div class='post-entry post-entry-type-page post-entry-5183'><div class='entry-content-wrapper clearfix'><div class='flex_column av-av_two_third-2a9015ff38129c418a3f2eafba3e9512 av_two_third  avia-builder-el-7  el_after_av_section  el_before_av_one_third  avia-builder-el-first  first flex_column_div '     ><section  class='av_textblock_section av-av_textblock-0366cc7376be6c9e82a3e9cc8987b64f'  itemscope=\"itemscope\" itemtype=\"https:\/\/schema.org\/CreativeWork\" ><div class='avia_textblock'  itemprop=\"text\" ><h2><span style=\"color: #008000;\">Nuestro\u00a0software<\/span><\/h2>\n<p>Todos nuestros instrumentos lelvan\u00a0nuestro software gracias al uso de ordenadores port\u00e1tiles.<\/p>\n<p>Nuestro software, desarrollado para profesionales el\u00e9ctricos, permite un an\u00e1lisis en profundidad de las grabaciones realizadas en sus interruptores y transformadores.<\/p>\n<p>Comparten una interfaz com\u00fan, lo que reduce la curva de aprendizaje que se encuentra frecuentemente en los softwares especializados.<\/p>\n<\/div><\/section><\/div><div class='flex_column av-av_one_third-f78fb3c186c5ceb3cf0bf54353219056 av_one_third  avia-builder-el-9  el_after_av_two_third  el_before_av_section  avia-builder-el-last  flex_column_div '     ><section  class='av_textblock_section av-av_textblock-0366cc7376be6c9e82a3e9cc8987b64f'  itemscope=\"itemscope\" itemtype=\"https:\/\/schema.org\/CreativeWork\" ><div class='avia_textblock'  itemprop=\"text\" ><p><img loading=\"lazy\" decoding=\"async\" class=\" wp-image-4957 aligncenter\" src=\"https:\/\/www.zensol.com\/wp-content\/uploads\/2016\/02\/courbes-1.jpg\" alt=\"courbes\" width=\"401\" height=\"320\" srcset=\"https:\/\/www.zensol.com\/wp-content\/uploads\/2016\/02\/courbes-1.jpg 598w, https:\/\/www.zensol.com\/wp-content\/uploads\/2016\/02\/courbes-1-300x240.jpg 300w, https:\/\/www.zensol.com\/wp-content\/uploads\/2016\/02\/courbes-1-450x360.jpg 450w\" sizes=\"auto, (max-width: 401px) 100vw, 401px\" \/><\/p>\n<\/div><\/section><\/div><\/p>\n<\/div><\/div><\/div><!-- close content main div --><\/div><\/div>\n<style type=\"text\/css\" data-created_by=\"avia_inline_auto\" id=\"style-css-av-av_section-a36ec92cd225ce4146f169c46e1aa022\">\n.avia-section.av-av_section-a36ec92cd225ce4146f169c46e1aa022{\nbackground-color:#e5e5e5;\nbackground-image:unset;\n}\n<\/style>\n<div id='av_section_2'  class='avia-section av-av_section-a36ec92cd225ce4146f169c46e1aa022 main_color avia-section-default avia-no-shadow  avia-builder-el-11  el_after_av_one_third  avia-builder-el-last  avia-bg-style-scroll container_wrap sidebar_right'  ><div class='container av-section-cont-open' ><div class='template-page content  av-content-small alpha units'><div class='post-entry post-entry-type-page post-entry-5183'><div class='entry-content-wrapper clearfix'>\n<div class='flex_column av-av_one_third-2a9015ff38129c418a3f2eafba3e9512 av_one_third  avia-builder-el-12  el_before_av_two_third  avia-builder-el-first  first flex_column_div '     ><section  class='av_textblock_section av-av_textblock-0366cc7376be6c9e82a3e9cc8987b64f'  itemscope=\"itemscope\" itemtype=\"https:\/\/schema.org\/CreativeWork\" ><div class='avia_textblock'  itemprop=\"text\" ><p><img loading=\"lazy\" decoding=\"async\" class=\"alignleft wp-image-5108\" src=\"https:\/\/www.zensol.com\/wp-content\/uploads\/2016\/02\/services-1-300x84.jpg\" alt=\"services\" width=\"418\" height=\"117\" srcset=\"https:\/\/www.zensol.com\/wp-content\/uploads\/2016\/02\/services-1-300x84.jpg 300w, https:\/\/www.zensol.com\/wp-content\/uploads\/2016\/02\/services-1.jpg 443w\" sizes=\"auto, (max-width: 418px) 100vw, 418px\" \/><\/p>\n<\/div><\/section><\/div><div class='flex_column av-av_two_third-f78fb3c186c5ceb3cf0bf54353219056 av_two_third  avia-builder-el-14  el_after_av_one_third  avia-builder-el-last  flex_column_div '     ><section  class='av_textblock_section av-av_textblock-0366cc7376be6c9e82a3e9cc8987b64f'  itemscope=\"itemscope\" itemtype=\"https:\/\/schema.org\/CreativeWork\" ><div class='avia_textblock'  itemprop=\"text\" ><h2><span style=\"color: #008000;\">Nuestros\u00a0servicios<\/span><\/h2>\n<p>Nuestros profesionales cualificados ofrecen sus servicios en forma de seminarios adaptados a sus necesidades, as\u00ed como la formaci\u00f3n te\u00f3rica y pr\u00e1ctica, o incluso seminarios web.<\/p>\n<p>Gracias a nuestra\u00a0experiencia, tendr\u00e1 Ud.\u00a0los conocimientos necesarios para utilizar correctamente nuestros sistemas y realizar\u00a0sus diagn\u00f3sticos de manera eficiente.<\/p>\n<\/div><\/section><\/div><\/div><\/div><\/div><!-- close content main div --><\/div><\/div><div id='after_section_2'  class='main_color av_default_container_wrap container_wrap sidebar_right'  ><div class='container av-section-cont-open' ><div class='template-page content  av-content-small alpha units'><div class='post-entry post-entry-type-page post-entry-5183'><div class='entry-content-wrapper clearfix'>\n","protected":false},"excerpt":{"rendered":"","protected":false},"author":1,"featured_media":0,"parent":5170,"menu_order":0,"comment_status":"closed","ping_status":"closed","template":"","meta":{"footnotes":""},"class_list":["post-5183","page","type-page","status-publish","hentry"],"yoast_head":"<!-- This site is optimized with the Yoast SEO plugin v26.3 - https:\/\/yoast.com\/wordpress\/plugins\/seo\/ -->\n<title>\u00bf Que hacemos ? - zensol<\/title>\n<meta name=\"description\" content=\"Zensol\u00a0propone diversos instrumentos para la prueba y el an\u00e1lisis de los disyuntores (CBA-32P, CBV-X, SIM-CB6), cambiadores de tomas en l\u00ednea (TAP-4, OTM-X) y reconectadores (GEN-X) .\" \/>\n<meta name=\"robots\" content=\"index, follow, max-snippet:-1, max-image-preview:large, max-video-preview:-1\" \/>\n<link rel=\"canonical\" href=\"https:\/\/www.zensol.com\/es\/a-proposito-de-zensol\/que-hacemos\/\" \/>\n<meta property=\"og:locale\" content=\"es_ES\" \/>\n<meta property=\"og:type\" content=\"article\" \/>\n<meta property=\"og:title\" content=\"\u00bf Que hacemos ? - zensol\" \/>\n<meta property=\"og:description\" content=\"Zensol\u00a0propone diversos instrumentos para la prueba y el an\u00e1lisis de los disyuntores (CBA-32P, CBV-X, SIM-CB6), cambiadores de tomas en l\u00ednea (TAP-4, OTM-X) y reconectadores (GEN-X) .\" \/>\n<meta property=\"og:url\" content=\"https:\/\/www.zensol.com\/es\/a-proposito-de-zensol\/que-hacemos\/\" \/>\n<meta property=\"og:site_name\" content=\"zensol\" \/>\n<meta property=\"article:modified_time\" content=\"2016-04-05T10:02:45+00:00\" \/>\n<meta property=\"og:image\" content=\"https:\/\/www.zensol.com\/wp-content\/uploads\/2016\/02\/instruments-300x300.png\" \/>\n<meta name=\"twitter:label1\" content=\"Tiempo de lectura\" \/>\n\t<meta name=\"twitter:data1\" content=\"3 minutos\" \/>\n<script type=\"application\/ld+json\" class=\"yoast-schema-graph\">{\"@context\":\"https:\/\/schema.org\",\"@graph\":[{\"@type\":\"WebPage\",\"@id\":\"https:\/\/www.zensol.com\/es\/a-proposito-de-zensol\/que-hacemos\/\",\"url\":\"https:\/\/www.zensol.com\/es\/a-proposito-de-zensol\/que-hacemos\/\",\"name\":\"\u00bf Que hacemos ? - zensol\",\"isPartOf\":{\"@id\":\"https:\/\/www.zensol.com\/#website\"},\"primaryImageOfPage\":{\"@id\":\"https:\/\/www.zensol.com\/es\/a-proposito-de-zensol\/que-hacemos\/#primaryimage\"},\"image\":{\"@id\":\"https:\/\/www.zensol.com\/es\/a-proposito-de-zensol\/que-hacemos\/#primaryimage\"},\"thumbnailUrl\":\"https:\/\/www.zensol.com\/wp-content\/uploads\/2016\/02\/instruments-300x300.png\",\"datePublished\":\"2016-02-26T07:44:41+00:00\",\"dateModified\":\"2016-04-05T10:02:45+00:00\",\"description\":\"Zensol\u00a0propone diversos instrumentos para la prueba y el an\u00e1lisis de los disyuntores (CBA-32P, CBV-X, SIM-CB6), cambiadores de tomas en l\u00ednea (TAP-4, OTM-X) y reconectadores (GEN-X) .\",\"breadcrumb\":{\"@id\":\"https:\/\/www.zensol.com\/es\/a-proposito-de-zensol\/que-hacemos\/#breadcrumb\"},\"inLanguage\":\"es\",\"potentialAction\":[{\"@type\":\"ReadAction\",\"target\":[\"https:\/\/www.zensol.com\/es\/a-proposito-de-zensol\/que-hacemos\/\"]}]},{\"@type\":\"ImageObject\",\"inLanguage\":\"es\",\"@id\":\"https:\/\/www.zensol.com\/es\/a-proposito-de-zensol\/que-hacemos\/#primaryimage\",\"url\":\"https:\/\/www.zensol.com\/wp-content\/uploads\/2016\/02\/instruments-300x300.png\",\"contentUrl\":\"https:\/\/www.zensol.com\/wp-content\/uploads\/2016\/02\/instruments-300x300.png\"},{\"@type\":\"BreadcrumbList\",\"@id\":\"https:\/\/www.zensol.com\/es\/a-proposito-de-zensol\/que-hacemos\/#breadcrumb\",\"itemListElement\":[{\"@type\":\"ListItem\",\"position\":1,\"name\":\"A prop\u00f3sito de Zensol\",\"item\":\"https:\/\/www.zensol.com\/es\/a-proposito-de-zensol\/\"},{\"@type\":\"ListItem\",\"position\":2,\"name\":\"\u00bf Que hacemos ?\"}]},{\"@type\":\"WebSite\",\"@id\":\"https:\/\/www.zensol.com\/#website\",\"url\":\"https:\/\/www.zensol.com\/\",\"name\":\"zensol\",\"description\":\"The Circuit Breaker, Recloser and Tap-Changer Instrument Test Specialist\",\"potentialAction\":[{\"@type\":\"SearchAction\",\"target\":{\"@type\":\"EntryPoint\",\"urlTemplate\":\"https:\/\/www.zensol.com\/?s={search_term_string}\"},\"query-input\":{\"@type\":\"PropertyValueSpecification\",\"valueRequired\":true,\"valueName\":\"search_term_string\"}}],\"inLanguage\":\"es\"}]}<\/script>\n<!-- \/ Yoast SEO plugin. -->","yoast_head_json":{"title":"\u00bf Que hacemos ? - zensol","description":"Zensol\u00a0propone diversos instrumentos para la prueba y el an\u00e1lisis de los disyuntores (CBA-32P, CBV-X, SIM-CB6), cambiadores de tomas en l\u00ednea (TAP-4, OTM-X) y reconectadores (GEN-X) .","robots":{"index":"index","follow":"follow","max-snippet":"max-snippet:-1","max-image-preview":"max-image-preview:large","max-video-preview":"max-video-preview:-1"},"canonical":"https:\/\/www.zensol.com\/es\/a-proposito-de-zensol\/que-hacemos\/","og_locale":"es_ES","og_type":"article","og_title":"\u00bf Que hacemos ? - zensol","og_description":"Zensol\u00a0propone diversos instrumentos para la prueba y el an\u00e1lisis de los disyuntores (CBA-32P, CBV-X, SIM-CB6), cambiadores de tomas en l\u00ednea (TAP-4, OTM-X) y reconectadores (GEN-X) .","og_url":"https:\/\/www.zensol.com\/es\/a-proposito-de-zensol\/que-hacemos\/","og_site_name":"zensol","article_modified_time":"2016-04-05T10:02:45+00:00","og_image":[{"url":"https:\/\/www.zensol.com\/wp-content\/uploads\/2016\/02\/instruments-300x300.png","type":"","width":"","height":""}],"twitter_misc":{"Tiempo de lectura":"3 minutos"},"schema":{"@context":"https:\/\/schema.org","@graph":[{"@type":"WebPage","@id":"https:\/\/www.zensol.com\/es\/a-proposito-de-zensol\/que-hacemos\/","url":"https:\/\/www.zensol.com\/es\/a-proposito-de-zensol\/que-hacemos\/","name":"\u00bf Que hacemos ? - zensol","isPartOf":{"@id":"https:\/\/www.zensol.com\/#website"},"primaryImageOfPage":{"@id":"https:\/\/www.zensol.com\/es\/a-proposito-de-zensol\/que-hacemos\/#primaryimage"},"image":{"@id":"https:\/\/www.zensol.com\/es\/a-proposito-de-zensol\/que-hacemos\/#primaryimage"},"thumbnailUrl":"https:\/\/www.zensol.com\/wp-content\/uploads\/2016\/02\/instruments-300x300.png","datePublished":"2016-02-26T07:44:41+00:00","dateModified":"2016-04-05T10:02:45+00:00","description":"Zensol\u00a0propone diversos instrumentos para la prueba y el an\u00e1lisis de los disyuntores (CBA-32P, CBV-X, SIM-CB6), cambiadores de tomas en l\u00ednea (TAP-4, OTM-X) y reconectadores (GEN-X) .","breadcrumb":{"@id":"https:\/\/www.zensol.com\/es\/a-proposito-de-zensol\/que-hacemos\/#breadcrumb"},"inLanguage":"es","potentialAction":[{"@type":"ReadAction","target":["https:\/\/www.zensol.com\/es\/a-proposito-de-zensol\/que-hacemos\/"]}]},{"@type":"ImageObject","inLanguage":"es","@id":"https:\/\/www.zensol.com\/es\/a-proposito-de-zensol\/que-hacemos\/#primaryimage","url":"https:\/\/www.zensol.com\/wp-content\/uploads\/2016\/02\/instruments-300x300.png","contentUrl":"https:\/\/www.zensol.com\/wp-content\/uploads\/2016\/02\/instruments-300x300.png"},{"@type":"BreadcrumbList","@id":"https:\/\/www.zensol.com\/es\/a-proposito-de-zensol\/que-hacemos\/#breadcrumb","itemListElement":[{"@type":"ListItem","position":1,"name":"A prop\u00f3sito de Zensol","item":"https:\/\/www.zensol.com\/es\/a-proposito-de-zensol\/"},{"@type":"ListItem","position":2,"name":"\u00bf Que hacemos ?"}]},{"@type":"WebSite","@id":"https:\/\/www.zensol.com\/#website","url":"https:\/\/www.zensol.com\/","name":"zensol","description":"The Circuit Breaker, Recloser and Tap-Changer Instrument Test Specialist","potentialAction":[{"@type":"SearchAction","target":{"@type":"EntryPoint","urlTemplate":"https:\/\/www.zensol.com\/?s={search_term_string}"},"query-input":{"@type":"PropertyValueSpecification","valueRequired":true,"valueName":"search_term_string"}}],"inLanguage":"es"}]}},"_links":{"self":[{"href":"https:\/\/www.zensol.com\/es\/wp-json\/wp\/v2\/pages\/5183","targetHints":{"allow":["GET"]}}],"collection":[{"href":"https:\/\/www.zensol.com\/es\/wp-json\/wp\/v2\/pages"}],"about":[{"href":"https:\/\/www.zensol.com\/es\/wp-json\/wp\/v2\/types\/page"}],"author":[{"embeddable":true,"href":"https:\/\/www.zensol.com\/es\/wp-json\/wp\/v2\/users\/1"}],"replies":[{"embeddable":true,"href":"https:\/\/www.zensol.com\/es\/wp-json\/wp\/v2\/comments?post=5183"}],"version-history":[{"count":2,"href":"https:\/\/www.zensol.com\/es\/wp-json\/wp\/v2\/pages\/5183\/revisions"}],"predecessor-version":[{"id":5184,"href":"https:\/\/www.zensol.com\/es\/wp-json\/wp\/v2\/pages\/5183\/revisions\/5184"}],"up":[{"embeddable":true,"href":"https:\/\/www.zensol.com\/es\/wp-json\/wp\/v2\/pages\/5170"}],"wp:attachment":[{"href":"https:\/\/www.zensol.com\/es\/wp-json\/wp\/v2\/media?parent=5183"}],"curies":[{"name":"wp","href":"https:\/\/api.w.org\/{rel}","templated":true}]}}