{"id":5179,"date":"2016-02-25T13:29:01","date_gmt":"2016-02-25T12:29:01","guid":{"rendered":"https:\/\/www.zensol.net\/es\/a-proposito-de-zensol\/who-are-we\/"},"modified":"2020-12-12T16:56:51","modified_gmt":"2020-12-12T15:56:51","slug":"quienes-somos","status":"publish","type":"page","link":"https:\/\/www.zensol.com\/es\/a-proposito-de-zensol\/quienes-somos\/","title":{"rendered":"\u00bf Quienes somos ?"},"content":{"rendered":"<section  class='av_textblock_section av-ninksr-ae41bd919169ab8886e6312b8c4d634d'  itemscope=\"itemscope\" itemtype=\"https:\/\/schema.org\/CreativeWork\" ><div class='avia_textblock'  itemprop=\"text\" ><h1 style=\"text-align: center;\">\u00bf Quienes somos ?<\/h1>\n<\/div><\/section>\n<\/div><\/div><\/div><!-- close content main div --><\/div><\/div>\n<style type=\"text\/css\" data-created_by=\"avia_inline_auto\" id=\"style-css-av-lzg9l7-8b74cd1d024a46556357ef587b625796\">\n.avia-section.av-lzg9l7-8b74cd1d024a46556357ef587b625796{\nbackground-color:#e5e5e5;\nbackground-image:unset;\n}\n<\/style>\n<div id='av_section_1'  class='avia-section av-lzg9l7-8b74cd1d024a46556357ef587b625796 main_color avia-section-default avia-no-shadow  avia-builder-el-1  el_after_av_textblock  el_before_av_one_half  avia-bg-style-scroll container_wrap sidebar_right'  ><div class='container av-section-cont-open' ><div class='template-page content  av-content-small alpha units'><div class='post-entry post-entry-type-page post-entry-5179'><div class='entry-content-wrapper clearfix'>\n<div class='flex_column av-kr4z17-bef135eab8a34add619a3d1191853c5b av_one_half  avia-builder-el-2  el_before_av_one_half  avia-builder-el-first  first flex_column_div '     ><section  class='av_textblock_section av-kf844ep4-13c6464266788d4428dc7bb2bb6f8372'  itemscope=\"itemscope\" itemtype=\"https:\/\/schema.org\/CreativeWork\" ><div class='avia_textblock'  itemprop=\"text\" ><h2><span style=\"color: #008000;\">Nuestra historia<\/span><\/h2>\n<p>El Dr. Fouad Brikci cre\u00f3 Zensol en 1990 en la ciudad de Montreal.<\/p>\n<p>Durante m\u00e1s de 30 a\u00f1os, esta empresa se especializ\u00f3 principalmente en la fabricaci\u00f3n de instrumentos destinados a las empresas de energ\u00eda y de mantenimiento el\u00e9ctrico.<\/p>\n<p>Con los a\u00f1os,<strong> Zensol<\/strong> ha conocido \u00a0un gran \u00e9xito en todo el mundo gracias a la calidad y variedad de sus productos y servicios de altas especificaciones t\u00e9cnicas.<\/p>\n<\/div><\/section><\/div>\n<style type=\"text\/css\" data-created_by=\"avia_inline_auto\" id=\"style-css-av-j1ywcb-c0af67b8f27c40b681c5cdbabcb23d27\">\n.flex_column.av-j1ywcb-c0af67b8f27c40b681c5cdbabcb23d27{\n-webkit-border-radius:0px 0px 0px 0px;\n-moz-border-radius:0px 0px 0px 0px;\nborder-radius:0px 0px 0px 0px;\npadding:0px 0px 0px 0px;\n}\n<\/style>\n<div class='flex_column av-j1ywcb-c0af67b8f27c40b681c5cdbabcb23d27 av_one_half  avia-builder-el-4  el_after_av_one_half  avia-builder-el-last  flex_column_div av-zero-column-padding '     ><section  class='av_textblock_section av-1rbcgr-cf8efdcc83b623fca45a56c106be15ff'  itemscope=\"itemscope\" itemtype=\"https:\/\/schema.org\/CreativeWork\" ><div class='avia_textblock'  itemprop=\"text\" ><p><img loading=\"lazy\" decoding=\"async\" class=\"alignleft wp-image-5099\" src=\"https:\/\/www.zensol.com\/wp-content\/uploads\/2016\/02\/Notre-histoire-300x96.png\" alt=\"Notre histoire\" width=\"480\" height=\"152\" \/><\/p>\n<\/div><\/section><\/div><\/div><\/div><\/div><!-- close content main div --><\/div><\/div><div id='after_section_1'  class='main_color av_default_container_wrap container_wrap sidebar_right'  ><div class='container av-section-cont-open' ><div class='template-page content  av-content-small alpha units'><div class='post-entry post-entry-type-page post-entry-5179'><div class='entry-content-wrapper clearfix'><div class='flex_column av-1lqat7-3d6c63fea3b025a55c1da789d40aaee6 av_one_half  avia-builder-el-6  el_after_av_section  el_before_av_one_half  avia-builder-el-first  first flex_column_div '     ><section  class='av_textblock_section av-elxd7v-b04135b4499b632b20bd0a59e410a9f6'  itemscope=\"itemscope\" itemtype=\"https:\/\/schema.org\/CreativeWork\" ><div class='avia_textblock'  itemprop=\"text\" ><p><img loading=\"lazy\" decoding=\"async\" class=\"wp-image-4939 size-medium aligncenter\" src=\"https:\/\/www.zensol.com\/wp-content\/uploads\/2016\/02\/notre-equipe-300x300.jpg\" alt=\"notre-equipe\" width=\"300\" height=\"300\" srcset=\"https:\/\/www.zensol.com\/wp-content\/uploads\/2016\/02\/notre-equipe-300x300.jpg 300w, https:\/\/www.zensol.com\/wp-content\/uploads\/2016\/02\/notre-equipe-80x80.jpg 80w, https:\/\/www.zensol.com\/wp-content\/uploads\/2016\/02\/notre-equipe-36x36.jpg 36w, https:\/\/www.zensol.com\/wp-content\/uploads\/2016\/02\/notre-equipe-180x180.jpg 180w, https:\/\/www.zensol.com\/wp-content\/uploads\/2016\/02\/notre-equipe-705x705.jpg 705w, https:\/\/www.zensol.com\/wp-content\/uploads\/2016\/02\/notre-equipe-120x120.jpg 120w, https:\/\/www.zensol.com\/wp-content\/uploads\/2016\/02\/notre-equipe-450x450.jpg 450w, https:\/\/www.zensol.com\/wp-content\/uploads\/2016\/02\/notre-equipe.jpg 720w\" sizes=\"auto, (max-width: 300px) 100vw, 300px\" \/><\/p>\n<\/div><\/section><\/div><\/p>\n\n<style type=\"text\/css\" data-created_by=\"avia_inline_auto\" id=\"style-css-av-cn0fcr-bc9bf4f6861ba6f8a72c36ed9ab229aa\">\n.flex_column.av-cn0fcr-bc9bf4f6861ba6f8a72c36ed9ab229aa{\n-webkit-border-radius:0px 0px 0px 0px;\n-moz-border-radius:0px 0px 0px 0px;\nborder-radius:0px 0px 0px 0px;\npadding:0px 0px 0px 0px;\n}\n<\/style>\n<div class='flex_column av-cn0fcr-bc9bf4f6861ba6f8a72c36ed9ab229aa av_one_half  avia-builder-el-8  el_after_av_one_half  el_before_av_section  avia-builder-el-last  flex_column_div av-zero-column-padding '     ><section  class='av_textblock_section av-awpewb-c25d633cc92f9da6669b16de21141c1b'  itemscope=\"itemscope\" itemtype=\"https:\/\/schema.org\/CreativeWork\" ><div class='avia_textblock'  itemprop=\"text\" ><h2><span style=\"color: #008000;\">Nuestro equipo<\/span><\/h2>\n<p>Nuestro equipo est\u00e1 formado por ingenieros y t\u00e9cnicos cualificados, combinando conocimientos, experiencia y competencia.<\/p>\n<p>Estos valores son el n\u00facleo de nuestra visi\u00f3n, que combina innovaci\u00f3n y calidad.<\/p>\n<p>Trabajamos cada d\u00eda para desarrollar y comercializar productos y servicios que cumplan con las expectativas de nuestros clientes.<\/p>\n<p>Gracias a nuestro trabajo concienzudo y aplicado, cumplimos plenamente con el sistema de gesti\u00f3n de calidad ISO 9001 desde 1999 (ISO 9001-2015 desde 2018).<\/p>\n<\/div><\/section><\/div>\n<\/div><\/div><\/div><!-- close content main div --><\/div><\/div>\n<style type=\"text\/css\" data-created_by=\"avia_inline_auto\" id=\"style-css-av-9ax2x7-1b9b17ca61d2f7f8b00c13e1865dc2e7\">\n.avia-section.av-9ax2x7-1b9b17ca61d2f7f8b00c13e1865dc2e7{\nbackground-color:#e5e5e5;\nbackground-image:unset;\n}\n<\/style>\n<div id='av_section_2'  class='avia-section av-9ax2x7-1b9b17ca61d2f7f8b00c13e1865dc2e7 main_color avia-section-default avia-no-shadow  avia-builder-el-10  el_after_av_one_half  avia-builder-el-last  avia-bg-style-scroll container_wrap sidebar_right'  ><div class='container av-section-cont-open' ><div class='template-page content  av-content-small alpha units'><div class='post-entry post-entry-type-page post-entry-5179'><div class='entry-content-wrapper clearfix'>\n<div class='flex_column av-sd797-ef02affce88ca75d267694404d69eab0 av_one_half  avia-builder-el-11  el_before_av_one_half  avia-builder-el-first  first flex_column_div '     ><section  class='av_textblock_section av-5y6dfv-3bd330977048d98e62a83ae49529a532'  itemscope=\"itemscope\" itemtype=\"https:\/\/schema.org\/CreativeWork\" ><div class='avia_textblock'  itemprop=\"text\" ><h2><span style=\"color: #339966;\">Lo que nos distingue<\/span><\/h2>\n<p><strong>Zensol<\/strong> se ha convertido en el pionero de una nueva tecnolog\u00eda de\u00a0pruebas para detectar el mal funcionamiento de los cambiadores de toma en l\u00ednea y disyuntores.<\/p>\n<p>Sabemos c\u00f3mo utilizar esta tecnolog\u00eda innovadora, manteniendo\u00a0los transformadores y disyuntores \u00a0en servicio.<\/p>\n<p><strong>Zensol<\/strong> desarrolla sus productos y servicios en estrecha colaboraci\u00f3n con sus clientes. Esta estrecha relaci\u00f3n nos permite ofrecer alta calidad, \u00a0instrumentos confiables adaptados a los requisitos\u00a0de todos los continentes.<\/p>\n<p>Fabricamos nuestros instrumentos a nivel local, lo que garantiza una calidad impecable y un seguimiento.<\/p>\n<\/div><\/section><\/div><div class='flex_column av-434bkr-4fc80d42c09a05a97dc32d4065026a05 av_one_half  avia-builder-el-13  el_after_av_one_half  avia-builder-el-last  flex_column_div '     ><section  class='av_textblock_section av-1wedyz-516fd6f08e15ccfe847636a7e6c88326'  itemscope=\"itemscope\" itemtype=\"https:\/\/schema.org\/CreativeWork\" ><div class='avia_textblock'  itemprop=\"text\" ><p><img loading=\"lazy\" decoding=\"async\" class=\"alignleft wp-image-5102\" src=\"https:\/\/www.zensol.com\/wp-content\/uploads\/2016\/02\/Ce-qui-nous-d\u00e9marque-300x169.jpg\" alt=\"Ce qui nous d\u00e9marque\" width=\"474\" height=\"267\" srcset=\"https:\/\/www.zensol.com\/wp-content\/uploads\/2016\/02\/Ce-qui-nous-d\u00e9marque-300x169.jpg 300w, https:\/\/www.zensol.com\/wp-content\/uploads\/2016\/02\/Ce-qui-nous-d\u00e9marque-450x253.jpg 450w, https:\/\/www.zensol.com\/wp-content\/uploads\/2016\/02\/Ce-qui-nous-d\u00e9marque.jpg 490w\" sizes=\"auto, (max-width: 474px) 100vw, 474px\" \/><\/p>\n<\/div><\/section><\/div>\n<\/div><\/div><\/div><!-- close content main div --><\/div><\/div><div id='after_section_2'  class='main_color av_default_container_wrap container_wrap sidebar_right'  ><div class='container av-section-cont-open' ><div class='template-page content  av-content-small alpha units'><div class='post-entry post-entry-type-page post-entry-5179'><div class='entry-content-wrapper clearfix'>\n","protected":false},"excerpt":{"rendered":"","protected":false},"author":1,"featured_media":0,"parent":5170,"menu_order":0,"comment_status":"closed","ping_status":"closed","template":"","meta":{"footnotes":""},"class_list":["post-5179","page","type-page","status-publish","hentry"],"yoast_head":"<!-- This site is optimized with the Yoast SEO plugin v26.3 - https:\/\/yoast.com\/wordpress\/plugins\/seo\/ -->\n<title>\u00bf Quienes somos ? - zensol<\/title>\n<meta name=\"robots\" content=\"index, follow, max-snippet:-1, max-image-preview:large, max-video-preview:-1\" \/>\n<link rel=\"canonical\" href=\"https:\/\/www.zensol.com\/es\/a-proposito-de-zensol\/quienes-somos\/\" \/>\n<meta property=\"og:locale\" content=\"es_ES\" \/>\n<meta property=\"og:type\" content=\"article\" \/>\n<meta property=\"og:title\" content=\"\u00bf Quienes somos ? - zensol\" \/>\n<meta property=\"og:url\" content=\"https:\/\/www.zensol.com\/es\/a-proposito-de-zensol\/quienes-somos\/\" \/>\n<meta property=\"og:site_name\" content=\"zensol\" \/>\n<meta property=\"article:modified_time\" content=\"2020-12-12T15:56:51+00:00\" \/>\n<meta property=\"og:image\" content=\"https:\/\/www.zensol.com\/wp-content\/uploads\/2016\/02\/Notre-histoire-300x96.png\" \/>\n<meta name=\"twitter:label1\" content=\"Tiempo de lectura\" \/>\n\t<meta name=\"twitter:data1\" content=\"3 minutos\" \/>\n<script type=\"application\/ld+json\" class=\"yoast-schema-graph\">{\"@context\":\"https:\/\/schema.org\",\"@graph\":[{\"@type\":\"WebPage\",\"@id\":\"https:\/\/www.zensol.com\/es\/a-proposito-de-zensol\/quienes-somos\/\",\"url\":\"https:\/\/www.zensol.com\/es\/a-proposito-de-zensol\/quienes-somos\/\",\"name\":\"\u00bf Quienes somos ? - zensol\",\"isPartOf\":{\"@id\":\"https:\/\/www.zensol.com\/#website\"},\"primaryImageOfPage\":{\"@id\":\"https:\/\/www.zensol.com\/es\/a-proposito-de-zensol\/quienes-somos\/#primaryimage\"},\"image\":{\"@id\":\"https:\/\/www.zensol.com\/es\/a-proposito-de-zensol\/quienes-somos\/#primaryimage\"},\"thumbnailUrl\":\"https:\/\/www.zensol.com\/wp-content\/uploads\/2016\/02\/Notre-histoire-300x96.png\",\"datePublished\":\"2016-02-25T12:29:01+00:00\",\"dateModified\":\"2020-12-12T15:56:51+00:00\",\"breadcrumb\":{\"@id\":\"https:\/\/www.zensol.com\/es\/a-proposito-de-zensol\/quienes-somos\/#breadcrumb\"},\"inLanguage\":\"es\",\"potentialAction\":[{\"@type\":\"ReadAction\",\"target\":[\"https:\/\/www.zensol.com\/es\/a-proposito-de-zensol\/quienes-somos\/\"]}]},{\"@type\":\"ImageObject\",\"inLanguage\":\"es\",\"@id\":\"https:\/\/www.zensol.com\/es\/a-proposito-de-zensol\/quienes-somos\/#primaryimage\",\"url\":\"https:\/\/www.zensol.com\/wp-content\/uploads\/2016\/02\/Notre-histoire-300x96.png\",\"contentUrl\":\"https:\/\/www.zensol.com\/wp-content\/uploads\/2016\/02\/Notre-histoire-300x96.png\"},{\"@type\":\"BreadcrumbList\",\"@id\":\"https:\/\/www.zensol.com\/es\/a-proposito-de-zensol\/quienes-somos\/#breadcrumb\",\"itemListElement\":[{\"@type\":\"ListItem\",\"position\":1,\"name\":\"A prop\u00f3sito de Zensol\",\"item\":\"https:\/\/www.zensol.com\/es\/a-proposito-de-zensol\/\"},{\"@type\":\"ListItem\",\"position\":2,\"name\":\"\u00bf Quienes somos ?\"}]},{\"@type\":\"WebSite\",\"@id\":\"https:\/\/www.zensol.com\/#website\",\"url\":\"https:\/\/www.zensol.com\/\",\"name\":\"zensol\",\"description\":\"The Circuit Breaker, Recloser and Tap-Changer Instrument Test Specialist\",\"potentialAction\":[{\"@type\":\"SearchAction\",\"target\":{\"@type\":\"EntryPoint\",\"urlTemplate\":\"https:\/\/www.zensol.com\/?s={search_term_string}\"},\"query-input\":{\"@type\":\"PropertyValueSpecification\",\"valueRequired\":true,\"valueName\":\"search_term_string\"}}],\"inLanguage\":\"es\"}]}<\/script>\n<!-- \/ Yoast SEO plugin. -->","yoast_head_json":{"title":"\u00bf Quienes somos ? - zensol","robots":{"index":"index","follow":"follow","max-snippet":"max-snippet:-1","max-image-preview":"max-image-preview:large","max-video-preview":"max-video-preview:-1"},"canonical":"https:\/\/www.zensol.com\/es\/a-proposito-de-zensol\/quienes-somos\/","og_locale":"es_ES","og_type":"article","og_title":"\u00bf Quienes somos ? - zensol","og_url":"https:\/\/www.zensol.com\/es\/a-proposito-de-zensol\/quienes-somos\/","og_site_name":"zensol","article_modified_time":"2020-12-12T15:56:51+00:00","og_image":[{"url":"https:\/\/www.zensol.com\/wp-content\/uploads\/2016\/02\/Notre-histoire-300x96.png","type":"","width":"","height":""}],"twitter_misc":{"Tiempo de lectura":"3 minutos"},"schema":{"@context":"https:\/\/schema.org","@graph":[{"@type":"WebPage","@id":"https:\/\/www.zensol.com\/es\/a-proposito-de-zensol\/quienes-somos\/","url":"https:\/\/www.zensol.com\/es\/a-proposito-de-zensol\/quienes-somos\/","name":"\u00bf Quienes somos ? - zensol","isPartOf":{"@id":"https:\/\/www.zensol.com\/#website"},"primaryImageOfPage":{"@id":"https:\/\/www.zensol.com\/es\/a-proposito-de-zensol\/quienes-somos\/#primaryimage"},"image":{"@id":"https:\/\/www.zensol.com\/es\/a-proposito-de-zensol\/quienes-somos\/#primaryimage"},"thumbnailUrl":"https:\/\/www.zensol.com\/wp-content\/uploads\/2016\/02\/Notre-histoire-300x96.png","datePublished":"2016-02-25T12:29:01+00:00","dateModified":"2020-12-12T15:56:51+00:00","breadcrumb":{"@id":"https:\/\/www.zensol.com\/es\/a-proposito-de-zensol\/quienes-somos\/#breadcrumb"},"inLanguage":"es","potentialAction":[{"@type":"ReadAction","target":["https:\/\/www.zensol.com\/es\/a-proposito-de-zensol\/quienes-somos\/"]}]},{"@type":"ImageObject","inLanguage":"es","@id":"https:\/\/www.zensol.com\/es\/a-proposito-de-zensol\/quienes-somos\/#primaryimage","url":"https:\/\/www.zensol.com\/wp-content\/uploads\/2016\/02\/Notre-histoire-300x96.png","contentUrl":"https:\/\/www.zensol.com\/wp-content\/uploads\/2016\/02\/Notre-histoire-300x96.png"},{"@type":"BreadcrumbList","@id":"https:\/\/www.zensol.com\/es\/a-proposito-de-zensol\/quienes-somos\/#breadcrumb","itemListElement":[{"@type":"ListItem","position":1,"name":"A prop\u00f3sito de Zensol","item":"https:\/\/www.zensol.com\/es\/a-proposito-de-zensol\/"},{"@type":"ListItem","position":2,"name":"\u00bf Quienes somos ?"}]},{"@type":"WebSite","@id":"https:\/\/www.zensol.com\/#website","url":"https:\/\/www.zensol.com\/","name":"zensol","description":"The Circuit Breaker, Recloser and Tap-Changer Instrument Test Specialist","potentialAction":[{"@type":"SearchAction","target":{"@type":"EntryPoint","urlTemplate":"https:\/\/www.zensol.com\/?s={search_term_string}"},"query-input":{"@type":"PropertyValueSpecification","valueRequired":true,"valueName":"search_term_string"}}],"inLanguage":"es"}]}},"_links":{"self":[{"href":"https:\/\/www.zensol.com\/es\/wp-json\/wp\/v2\/pages\/5179","targetHints":{"allow":["GET"]}}],"collection":[{"href":"https:\/\/www.zensol.com\/es\/wp-json\/wp\/v2\/pages"}],"about":[{"href":"https:\/\/www.zensol.com\/es\/wp-json\/wp\/v2\/types\/page"}],"author":[{"embeddable":true,"href":"https:\/\/www.zensol.com\/es\/wp-json\/wp\/v2\/users\/1"}],"replies":[{"embeddable":true,"href":"https:\/\/www.zensol.com\/es\/wp-json\/wp\/v2\/comments?post=5179"}],"version-history":[{"count":8,"href":"https:\/\/www.zensol.com\/es\/wp-json\/wp\/v2\/pages\/5179\/revisions"}],"predecessor-version":[{"id":12315,"href":"https:\/\/www.zensol.com\/es\/wp-json\/wp\/v2\/pages\/5179\/revisions\/12315"}],"up":[{"embeddable":true,"href":"https:\/\/www.zensol.com\/es\/wp-json\/wp\/v2\/pages\/5170"}],"wp:attachment":[{"href":"https:\/\/www.zensol.com\/es\/wp-json\/wp\/v2\/media?parent=5179"}],"curies":[{"name":"wp","href":"https:\/\/api.w.org\/{rel}","templated":true}]}}