{"id":5044,"date":"2015-02-28T13:23:36","date_gmt":"2015-02-28T12:23:36","guid":{"rendered":"https:\/\/www.zensol.net\/es\/accessories-circuit-breaker-diagnosis\/"},"modified":"2022-05-16T18:23:47","modified_gmt":"2022-05-16T17:23:47","slug":"accesorios-diagnostico-interruptores","status":"publish","type":"page","link":"https:\/\/www.zensol.com\/es\/accesorios-diagnostico-interruptores\/","title":{"rendered":"Accessorios para diagn\u00f3stico de interruptores"},"content":{"rendered":"<h1>ACCESORIOS PARA DIAGN\u00d3STICO DE INTERRUPTORES<\/h1>\n<div  class='tabcontainer av-10nsjf8-b3d4996ddf86ab1f9500bb5afedc5a21 top_tab  avia-builder-el-0  el_before_av_promobox  avia-builder-el-first ' role='tablist'>\n<section class='av_tab_section av_tab_section av-105cj3o-8fb4bbc327771ff38e5c14d1d964fec4'  itemscope=\"itemscope\" itemtype=\"https:\/\/schema.org\/CreativeWork\" ><div class='tab active_tab' role='tab' tabindex='0' data-fake-id='#tab-id-1' aria-controls='tab-id-1-content'  itemprop=\"headline\" >Principales accesorios<\/div><div id='tab-id-1-content' class='tab_content active_tab_content' aria-hidden=\"false\"><div class='tab_inner_content invers-color'  itemprop=\"text\" ><div  id=\"av-sc-portfolio-1\"  class=\"av-portfolio-grid-sorting-container\"><div class='sort_width_container  av-sort-yes' data-portfolio-id='1' ><div id='js_sort_items' ><div class='sort_by_cat hidden'><a href=\"#\" data-filter=\"all_sort\" class=\"all_sort_button active_sort\"><span class=\"inner_sort_button\"><span>Todo<\/span><small class=\"av-cat-count\"> 3 <\/small><\/span><\/a><span class=\"text-sep accesorios-principales-es_sort_sep\">\/<\/span><a href=\"#\" data-filter=\"accesorios-principales-es_sort\" class=\"accesorios-principales-es_sort_button\" ><span class=\"inner_sort_button\"><span>Accesorios principales<\/span><small class=\"av-cat-count\"> 3 <\/small><\/span><\/a><\/div><\/div><\/div><div  class=' grid-sort-container isotope   no_margin-container with-excerpt-container grid-total-odd grid-col-4 grid-links-' data-portfolio-id='1'><div data-ajax-id='4786' class=' grid-entry flex_column isotope-item all_sort no_margin post-entry post-entry-4786 grid-entry-overview grid-loop-1 grid-parity-odd  accesorios-diagnostico-interruptores_sort accesorios-principales-es_sort transducers-es_sort  av_one_fourth first default_av_fullwidth '><article class='main_color inner-entry'  itemscope=\"itemscope\" itemtype=\"https:\/\/schema.org\/CreativeWork\" ><a href=\"https:\/\/www.zensol.com\/es\/product\/z-ft\/\" title='Z-FT'  data-rel='grid-1' class='grid-image avia-hover-fx'> <img decoding=\"async\" width=\"260\" height=\"185\" src=\"https:\/\/www.zensol.com\/wp-content\/uploads\/2015\/09\/image-16-sep-17h18-260x185.jpg\" class=\"wp-image-3891 avia-img-lazy-loading-not-3891 attachment-portfolio_small size-portfolio_small wp-post-image\" alt=\"\" \/><\/a><div class='grid-content'><div class='avia-arrow'><\/div><header class=\"entry-content-header\"><h3 class='grid-entry-title entry-title '  itemprop=\"headline\" ><a href='https:\/\/www.zensol.com\/es\/product\/z-ft\/' title='Z-FT'>Z-FT<\/a><\/h3><\/header><\/div><footer class=\"entry-footer\"><\/footer><\/article><\/div><div data-ajax-id='4694' class=' grid-entry flex_column isotope-item all_sort no_margin post-entry post-entry-4694 grid-entry-overview grid-loop-2 grid-parity-even  accesorios-diagnostico-interruptores_sort accesorios-principales-es_sort  av_one_fourth  default_av_fullwidth '><article class='main_color inner-entry'  itemscope=\"itemscope\" itemtype=\"https:\/\/schema.org\/CreativeWork\" ><a href=\"https:\/\/www.zensol.com\/es\/product\/modulo-de-medicion-de-la-resistencia-interna-res\/\" title='M\u00f3dulo de Medici\u00f3n de la Resistencia Interna &#8211; RES'  data-rel='grid-1' class='grid-image avia-hover-fx'> <img decoding=\"async\" width=\"260\" height=\"185\" src=\"https:\/\/www.zensol.com\/wp-content\/uploads\/2015\/03\/RES-8-260x185.gif\" class=\"wp-image-4152 avia-img-lazy-loading-not-4152 attachment-portfolio_small size-portfolio_small wp-post-image\" alt=\"\" \/><\/a><div class='grid-content'><div class='avia-arrow'><\/div><header class=\"entry-content-header\"><h3 class='grid-entry-title entry-title '  itemprop=\"headline\" ><a href='https:\/\/www.zensol.com\/es\/product\/modulo-de-medicion-de-la-resistencia-interna-res\/' title='M\u00f3dulo de Medici\u00f3n de la Resistencia Interna &#8211; RES'>M\u00f3dulo de Medici\u00f3n de la Resistencia Interna &#8211; RES<\/a><\/h3><\/header><\/div><footer class=\"entry-footer\"><\/footer><\/article><\/div><div data-ajax-id='4696' class=' grid-entry flex_column isotope-item all_sort no_margin post-entry post-entry-4696 grid-entry-overview grid-loop-3 grid-parity-odd  post-entry-last  accesorios-diagnostico-interruptores_sort accesorios-principales-es_sort  av_one_fourth  default_av_fullwidth '><article class='main_color inner-entry'  itemscope=\"itemscope\" itemtype=\"https:\/\/schema.org\/CreativeWork\" ><a href=\"https:\/\/www.zensol.com\/es\/product\/digital-inputs-for-optical-encoders-dig-inp\/\" title='Entradas Digitales para Codificadores \u00d3pticos &#8211; DIG-INP'  data-rel='grid-1' class='grid-image avia-hover-fx'> <img decoding=\"async\" width=\"260\" height=\"185\" src=\"https:\/\/www.zensol.com\/wp-content\/uploads\/2015\/03\/optical-encoder-digital-inp-260x185.jpg\" class=\"wp-image-4156 avia-img-lazy-loading-not-4156 attachment-portfolio_small size-portfolio_small wp-post-image\" alt=\"\" \/><\/a><div class='grid-content'><div class='avia-arrow'><\/div><header class=\"entry-content-header\"><h3 class='grid-entry-title entry-title '  itemprop=\"headline\" ><a href='https:\/\/www.zensol.com\/es\/product\/digital-inputs-for-optical-encoders-dig-inp\/' title='Entradas Digitales para Codificadores \u00d3pticos &#8211; DIG-INP'>Entradas Digitales para Codificadores \u00d3pticos &#8211; DIG-INP<\/a><\/h3><\/header><\/div><footer class=\"entry-footer\"><\/footer><\/article><\/div><\/div><\/div>   <!--   class=\"av-portfolio-grid-sorting-container\"  -->\n<\/div><\/div><\/section>\n<section class='av_tab_section av_tab_section av-vq8v44-30114999a4c763190e809122f62e37f0'  itemscope=\"itemscope\" itemtype=\"https:\/\/schema.org\/CreativeWork\" ><div class='tab' role='tab' tabindex='0' data-fake-id='#tab-id-2' aria-controls='tab-id-2-content'  itemprop=\"headline\" >Transductores<\/div><div id='tab-id-2-content' class='tab_content' aria-hidden=\"true\"><div class='tab_inner_content invers-color'  itemprop=\"text\" ><div  id=\"av-sc-portfolio-2\"  class=\"av-portfolio-grid-sorting-container\"><div class='sort_width_container  av-sort-yes' data-portfolio-id='2' ><div id='js_sort_items' ><div class='sort_by_cat hidden'><a href=\"#\" data-filter=\"all_sort\" class=\"all_sort_button active_sort\"><span class=\"inner_sort_button\"><span>Todo<\/span><small class=\"av-cat-count\"> 8 <\/small><\/span><\/a><span class=\"text-sep transducers-es_sort_sep\">\/<\/span><a href=\"#\" data-filter=\"transducers-es_sort\" class=\"transducers-es_sort_button\" ><span class=\"inner_sort_button\"><span>Transductores<\/span><small class=\"av-cat-count\"> 8 <\/small><\/span><\/a><\/div><\/div><\/div><div  class=' grid-sort-container isotope   no_margin-container with-excerpt-container grid-total-even grid-col-4 grid-links-' data-portfolio-id='2'><div data-ajax-id='4821' class=' grid-entry flex_column isotope-item all_sort no_margin post-entry post-entry-4821 grid-entry-overview grid-loop-1 grid-parity-odd  oltc-accessories-es_sort accesorios-diagnostico-interruptores_sort accesorios-principales_sort transducers-es_sort  av_one_fourth first default_av_fullwidth '><article class='main_color inner-entry'  itemscope=\"itemscope\" itemtype=\"https:\/\/schema.org\/CreativeWork\" ><a href=\"https:\/\/www.zensol.com\/es\/product\/ct-clamp-ac\/\" title='CT-CLAMP-AC'  data-rel='grid-2' class='grid-image avia-hover-fx'> <img decoding=\"async\" width=\"260\" height=\"185\" src=\"https:\/\/www.zensol.com\/wp-content\/uploads\/2015\/11\/pince_AC-260x185.jpg\" class=\"wp-image-4077 avia-img-lazy-loading-not-4077 attachment-portfolio_small size-portfolio_small wp-post-image\" alt=\"\" \/><\/a><div class='grid-content'><div class='avia-arrow'><\/div><header class=\"entry-content-header\"><h3 class='grid-entry-title entry-title '  itemprop=\"headline\" ><a href='https:\/\/www.zensol.com\/es\/product\/ct-clamp-ac\/' title='CT-CLAMP-AC'>CT-CLAMP-AC<\/a><\/h3><\/header><\/div><footer class=\"entry-footer\"><\/footer><\/article><\/div><div data-ajax-id='4700' class=' grid-entry flex_column isotope-item all_sort no_margin post-entry post-entry-4700 grid-entry-overview grid-loop-2 grid-parity-even  accesorios-diagnostico-interruptores_sort transducers-es_sort  av_one_fourth  default_av_fullwidth '><article class='main_color inner-entry'  itemscope=\"itemscope\" itemtype=\"https:\/\/schema.org\/CreativeWork\" ><a href=\"https:\/\/www.zensol.com\/es\/product\/zvs-300v\/\" title='M\u00f3dulo de Medici\u00f3n de Voltaje &#8211; ZVS-300V'  data-rel='grid-2' class='grid-image avia-hover-fx'> <img decoding=\"async\" width=\"260\" height=\"185\" src=\"https:\/\/www.zensol.com\/wp-content\/uploads\/2015\/12\/zvs-260x185.jpg\" class=\"wp-image-9283 avia-img-lazy-loading-not-9283 attachment-portfolio_small size-portfolio_small wp-post-image\" alt=\"\" \/><\/a><div class='grid-content'><div class='avia-arrow'><\/div><header class=\"entry-content-header\"><h3 class='grid-entry-title entry-title '  itemprop=\"headline\" ><a href='https:\/\/www.zensol.com\/es\/product\/zvs-300v\/' title='M\u00f3dulo de Medici\u00f3n de Voltaje &#8211; ZVS-300V'>M\u00f3dulo de Medici\u00f3n de Voltaje &#8211; ZVS-300V<\/a><\/h3><\/header><\/div><footer class=\"entry-footer\"><\/footer><\/article><\/div><div data-ajax-id='4786' class=' grid-entry flex_column isotope-item all_sort no_margin post-entry post-entry-4786 grid-entry-overview grid-loop-3 grid-parity-odd  accesorios-diagnostico-interruptores_sort accesorios-principales-es_sort transducers-es_sort  av_one_fourth  default_av_fullwidth '><article class='main_color inner-entry'  itemscope=\"itemscope\" itemtype=\"https:\/\/schema.org\/CreativeWork\" ><a href=\"https:\/\/www.zensol.com\/es\/product\/z-ft\/\" title='Z-FT'  data-rel='grid-2' class='grid-image avia-hover-fx'> <img decoding=\"async\" width=\"260\" height=\"185\" src=\"https:\/\/www.zensol.com\/wp-content\/uploads\/2015\/09\/image-16-sep-17h18-260x185.jpg\" class=\"wp-image-3891 avia-img-lazy-loading-not-3891 attachment-portfolio_small size-portfolio_small wp-post-image\" alt=\"\" \/><\/a><div class='grid-content'><div class='avia-arrow'><\/div><header class=\"entry-content-header\"><h3 class='grid-entry-title entry-title '  itemprop=\"headline\" ><a href='https:\/\/www.zensol.com\/es\/product\/z-ft\/' title='Z-FT'>Z-FT<\/a><\/h3><\/header><\/div><footer class=\"entry-footer\"><\/footer><\/article><\/div><div data-ajax-id='4787' class=' grid-entry flex_column isotope-item all_sort no_margin post-entry post-entry-4787 grid-entry-overview grid-loop-4 grid-parity-even  accesorios-diagnostico-interruptores_sort transducers-es_sort  av_one_fourth  default_av_fullwidth '><article class='main_color inner-entry'  itemscope=\"itemscope\" itemtype=\"https:\/\/schema.org\/CreativeWork\" ><a href=\"https:\/\/www.zensol.com\/es\/product\/zvs-ac-dc-300-contact\/\" title='Detector de Voltaje AC\/DC\u00a0'  data-rel='grid-2' class='grid-image avia-hover-fx'> <img decoding=\"async\" width=\"260\" height=\"185\" src=\"https:\/\/www.zensol.com\/wp-content\/uploads\/2015\/11\/WETCONTACT-260x185.jpg\" class=\"wp-image-4075 avia-img-lazy-loading-not-4075 attachment-portfolio_small size-portfolio_small wp-post-image\" alt=\"\" \/><\/a><div class='grid-content'><div class='avia-arrow'><\/div><header class=\"entry-content-header\"><h3 class='grid-entry-title entry-title '  itemprop=\"headline\" ><a href='https:\/\/www.zensol.com\/es\/product\/zvs-ac-dc-300-contact\/' title='Detector de Voltaje AC\/DC\u00a0'>Detector de Voltaje AC\/DC\u00a0<\/a><\/h3><\/header><\/div><footer class=\"entry-footer\"><\/footer><\/article><\/div><div data-ajax-id='4806' class=' grid-entry flex_column isotope-item all_sort no_margin post-entry post-entry-4806 grid-entry-overview grid-loop-5 grid-parity-odd  accesorios-diagnostico-interruptores_sort transducers-es_sort  av_one_fourth first default_av_fullwidth '><article class='main_color inner-entry'  itemscope=\"itemscope\" itemtype=\"https:\/\/schema.org\/CreativeWork\" ><a href=\"https:\/\/www.zensol.com\/es\/product\/zps\/\" title='ZPS'  data-rel='grid-2' class='grid-image avia-hover-fx'> <img decoding=\"async\" width=\"260\" height=\"185\" src=\"https:\/\/www.zensol.com\/wp-content\/uploads\/2016\/02\/ZPS-260x185.jpg\" class=\"wp-image-5258 avia-img-lazy-loading-not-5258 attachment-portfolio_small size-portfolio_small wp-post-image\" alt=\"\" \/><\/a><div class='grid-content'><div class='avia-arrow'><\/div><header class=\"entry-content-header\"><h3 class='grid-entry-title entry-title '  itemprop=\"headline\" ><a href='https:\/\/www.zensol.com\/es\/product\/zps\/' title='ZPS'>ZPS<\/a><\/h3><\/header><\/div><footer class=\"entry-footer\"><\/footer><\/article><\/div><div data-ajax-id='4788' class=' grid-entry flex_column isotope-item all_sort no_margin post-entry post-entry-4788 grid-entry-overview grid-loop-6 grid-parity-even  accesorios-diagnostico-interruptores_sort transducers-es_sort  av_one_fourth  default_av_fullwidth '><article class='main_color inner-entry'  itemscope=\"itemscope\" itemtype=\"https:\/\/schema.org\/CreativeWork\" ><a href=\"https:\/\/www.zensol.com\/es\/product\/zrt\/\" title='ZRT'  data-rel='grid-2' class='grid-image avia-hover-fx'> <img decoding=\"async\" width=\"212\" height=\"185\" src=\"https:\/\/www.zensol.com\/wp-content\/uploads\/2015\/11\/rotra-212x185.jpg\" class=\"wp-image-4070 avia-img-lazy-loading-not-4070 attachment-portfolio_small size-portfolio_small wp-post-image\" alt=\"\" \/><\/a><div class='grid-content'><div class='avia-arrow'><\/div><header class=\"entry-content-header\"><h3 class='grid-entry-title entry-title '  itemprop=\"headline\" ><a href='https:\/\/www.zensol.com\/es\/product\/zrt\/' title='ZRT'>ZRT<\/a><\/h3><\/header><\/div><footer class=\"entry-footer\"><\/footer><\/article><\/div><div data-ajax-id='4703' class=' grid-entry flex_column isotope-item all_sort no_margin post-entry post-entry-4703 grid-entry-overview grid-loop-7 grid-parity-odd  accesorios-diagnostico-interruptores_sort transducers-es_sort  av_one_fourth  default_av_fullwidth '><article class='main_color inner-entry'  itemscope=\"itemscope\" itemtype=\"https:\/\/schema.org\/CreativeWork\" ><a href=\"https:\/\/www.zensol.com\/es\/product\/zcs-100-200-600\/\" title='ZCS-100\/200\/600'  data-rel='grid-2' class='grid-image avia-hover-fx'> <img decoding=\"async\" width=\"260\" height=\"185\" src=\"https:\/\/www.zensol.com\/wp-content\/uploads\/2015\/12\/ZCS-2-260x185.jpg\" class=\"wp-image-9686 avia-img-lazy-loading-not-9686 attachment-portfolio_small size-portfolio_small wp-post-image\" alt=\"\" \/><\/a><div class='grid-content'><div class='avia-arrow'><\/div><header class=\"entry-content-header\"><h3 class='grid-entry-title entry-title '  itemprop=\"headline\" ><a href='https:\/\/www.zensol.com\/es\/product\/zcs-100-200-600\/' title='ZCS-100\/200\/600'>ZCS-100\/200\/600<\/a><\/h3><\/header><\/div><footer class=\"entry-footer\"><\/footer><\/article><\/div><div data-ajax-id='4705' class=' grid-entry flex_column isotope-item all_sort no_margin post-entry post-entry-4705 grid-entry-overview grid-loop-8 grid-parity-even  post-entry-last  oltc-accessories-es_sort accesorios-diagnostico-interruptores_sort accesorios-principales_sort transducers-es_sort  av_one_fourth  default_av_fullwidth '><article class='main_color inner-entry'  itemscope=\"itemscope\" itemtype=\"https:\/\/schema.org\/CreativeWork\" ><a href=\"https:\/\/www.zensol.com\/es\/product\/ct-clamp-ac-dc\/\" title='Pinza Amperim\u00e9trica AC\/DC 30A\u00a0'  data-rel='grid-2' class='grid-image avia-hover-fx'> <img decoding=\"async\" width=\"260\" height=\"185\" src=\"https:\/\/www.zensol.com\/wp-content\/uploads\/2015\/11\/fluke_acdc-260x185.jpg\" class=\"wp-image-4079 avia-img-lazy-loading-not-4079 attachment-portfolio_small size-portfolio_small wp-post-image\" alt=\"\" \/><\/a><div class='grid-content'><div class='avia-arrow'><\/div><header class=\"entry-content-header\"><h3 class='grid-entry-title entry-title '  itemprop=\"headline\" ><a href='https:\/\/www.zensol.com\/es\/product\/ct-clamp-ac-dc\/' title='Pinza Amperim\u00e9trica AC\/DC 30A\u00a0'>Pinza Amperim\u00e9trica AC\/DC 30A\u00a0<\/a><\/h3><\/header><\/div><footer class=\"entry-footer\"><\/footer><\/article><\/div><\/div><\/div>   <!--   class=\"av-portfolio-grid-sorting-container\"  -->\n<\/div><\/div><\/section>\n<section class='av_tab_section av_tab_section av-sgygxw-27791d53e8e3449aa9afc8aadfe181de'  itemscope=\"itemscope\" itemtype=\"https:\/\/schema.org\/CreativeWork\" ><div class='tab' role='tab' tabindex='0' data-fake-id='#tab-id-3' aria-controls='tab-id-3-content'  itemprop=\"headline\" >Adaptores mecanicos<\/div><div id='tab-id-3-content' class='tab_content' aria-hidden=\"true\"><div class='tab_inner_content invers-color'  itemprop=\"text\" ><div  id=\"av-sc-portfolio-3\"  class=\"av-portfolio-grid-sorting-container\"><div class='sort_width_container  av-sort-yes' data-portfolio-id='3' ><div id='js_sort_items' ><div class='sort_by_cat hidden'><a href=\"#\" data-filter=\"all_sort\" class=\"all_sort_button active_sort\"><span class=\"inner_sort_button\"><span>Todo<\/span><small class=\"av-cat-count\"> 1 <\/small><\/span><\/a><span class=\"text-sep adaptadores-mecanicos_sort_sep\">\/<\/span><a href=\"#\" data-filter=\"adaptadores-mecanicos_sort\" class=\"adaptadores-mecanicos_sort_button\" ><span class=\"inner_sort_button\"><span>Adaptadores mec\u00e1nicos<\/span><small class=\"av-cat-count\"> 1 <\/small><\/span><\/a><\/div><\/div><\/div><div  class=' grid-sort-container isotope   no_margin-container with-excerpt-container grid-total-odd grid-col-4 grid-links-' data-portfolio-id='3'><div data-ajax-id='4814' class=' grid-entry flex_column isotope-item all_sort no_margin post-entry post-entry-4814 grid-entry-overview grid-loop-1 grid-parity-odd  post-entry-last  accesorios-diagnostico-interruptores_sort adaptadores-mecanicos_sort  av_one_fourth first default_av_fullwidth '><article class='main_color inner-entry'  itemscope=\"itemscope\" itemtype=\"https:\/\/schema.org\/CreativeWork\" ><a href=\"https:\/\/www.zensol.com\/es\/product\/kit-zms-c\/\" title='Kit-ZMS-C'  data-rel='grid-3' class='grid-image avia-hover-fx'> <img decoding=\"async\" width=\"260\" height=\"185\" src=\"https:\/\/www.zensol.com\/wp-content\/uploads\/2015\/12\/ZMS-C-260x185.jpg\" class=\"wp-image-12131 avia-img-lazy-loading-not-12131 attachment-portfolio_small size-portfolio_small wp-post-image\" alt=\"\" \/><\/a><div class='grid-content'><div class='avia-arrow'><\/div><header class=\"entry-content-header\"><h3 class='grid-entry-title entry-title '  itemprop=\"headline\" ><a href='https:\/\/www.zensol.com\/es\/product\/kit-zms-c\/' title='Kit-ZMS-C'>Kit-ZMS-C<\/a><\/h3><\/header><\/div><footer class=\"entry-footer\"><\/footer><\/article><\/div><\/div><\/div>   <!--   class=\"av-portfolio-grid-sorting-container\"  -->\n<\/div><\/div><\/section>\n<\/div>\n<div  class='av_promobox av-mjl55w-8bb74ad8a6741fe431db064e2af25c69 avia-button-yes  avia-builder-el-4  el_after_av_tab_container  avia-builder-el-last '><div class='avia-promocontent'><\/p>\n<p>Zensol\u00a0suministra una gama completa para el diagn\u00f3stico de interruptores<\/p>\n<\/div><div  class='avia-button-wrap av-mjl55w-0830ef86a266a5a7c7401d4eb0f4abd3-wrap avia-button-right '><a href='https:\/\/www.zensol.com\/es\/diagnostico-interruptores\/'  class='avia-button av-mjl55w-0830ef86a266a5a7c7401d4eb0f4abd3 avia-icon_select-no avia-size-large avia-position-right avia-color-theme-color'  ><span class='avia_iconbox_title' >Diagn\u00f3stico de interruptores <\/span><\/a><\/div><\/div>\n","protected":false},"excerpt":{"rendered":"<p>ACCESORIOS PARA DIAGN\u00d3STICO DE INTERRUPTORES<\/p>\n","protected":false},"author":1,"featured_media":0,"parent":0,"menu_order":0,"comment_status":"closed","ping_status":"open","template":"","meta":{"footnotes":""},"class_list":["post-5044","page","type-page","status-publish","hentry"],"yoast_head":"<!-- This site is optimized with the Yoast SEO plugin v26.3 - https:\/\/yoast.com\/wordpress\/plugins\/seo\/ -->\n<title>ACCESORIOS PARA DIAGNOSTICO DE INTERRUPTORES<\/title>\n<meta name=\"robots\" content=\"index, follow, max-snippet:-1, max-image-preview:large, max-video-preview:-1\" \/>\n<link rel=\"canonical\" href=\"https:\/\/www.zensol.com\/es\/accesorios-diagnostico-interruptores\/\" \/>\n<meta property=\"og:locale\" content=\"es_ES\" \/>\n<meta property=\"og:type\" content=\"article\" \/>\n<meta property=\"og:title\" content=\"ACCESORIOS PARA DIAGNOSTICO DE INTERRUPTORES\" \/>\n<meta property=\"og:description\" content=\"ACCESORIOS PARA DIAGN\u00d3STICO DE INTERRUPTORES\" \/>\n<meta property=\"og:url\" content=\"https:\/\/www.zensol.com\/es\/accesorios-diagnostico-interruptores\/\" \/>\n<meta property=\"og:site_name\" content=\"zensol\" \/>\n<meta property=\"article:modified_time\" content=\"2022-05-16T17:23:47+00:00\" \/>\n<meta name=\"twitter:label1\" content=\"Tiempo de lectura\" \/>\n\t<meta name=\"twitter:data1\" content=\"1 minuto\" \/>\n<script type=\"application\/ld+json\" class=\"yoast-schema-graph\">{\"@context\":\"https:\/\/schema.org\",\"@graph\":[{\"@type\":\"WebPage\",\"@id\":\"https:\/\/www.zensol.com\/es\/accesorios-diagnostico-interruptores\/\",\"url\":\"https:\/\/www.zensol.com\/es\/accesorios-diagnostico-interruptores\/\",\"name\":\"ACCESORIOS PARA DIAGNOSTICO DE INTERRUPTORES\",\"isPartOf\":{\"@id\":\"https:\/\/www.zensol.com\/#website\"},\"datePublished\":\"2015-02-28T12:23:36+00:00\",\"dateModified\":\"2022-05-16T17:23:47+00:00\",\"inLanguage\":\"es\",\"potentialAction\":[{\"@type\":\"ReadAction\",\"target\":[\"https:\/\/www.zensol.com\/es\/accesorios-diagnostico-interruptores\/\"]}]},{\"@type\":\"WebSite\",\"@id\":\"https:\/\/www.zensol.com\/#website\",\"url\":\"https:\/\/www.zensol.com\/\",\"name\":\"zensol\",\"description\":\"The Circuit Breaker, Recloser and Tap-Changer Instrument Test Specialist\",\"potentialAction\":[{\"@type\":\"SearchAction\",\"target\":{\"@type\":\"EntryPoint\",\"urlTemplate\":\"https:\/\/www.zensol.com\/?s={search_term_string}\"},\"query-input\":{\"@type\":\"PropertyValueSpecification\",\"valueRequired\":true,\"valueName\":\"search_term_string\"}}],\"inLanguage\":\"es\"}]}<\/script>\n<!-- \/ Yoast SEO plugin. -->","yoast_head_json":{"title":"ACCESORIOS PARA DIAGNOSTICO DE INTERRUPTORES","robots":{"index":"index","follow":"follow","max-snippet":"max-snippet:-1","max-image-preview":"max-image-preview:large","max-video-preview":"max-video-preview:-1"},"canonical":"https:\/\/www.zensol.com\/es\/accesorios-diagnostico-interruptores\/","og_locale":"es_ES","og_type":"article","og_title":"ACCESORIOS PARA DIAGNOSTICO DE INTERRUPTORES","og_description":"ACCESORIOS PARA DIAGN\u00d3STICO DE INTERRUPTORES","og_url":"https:\/\/www.zensol.com\/es\/accesorios-diagnostico-interruptores\/","og_site_name":"zensol","article_modified_time":"2022-05-16T17:23:47+00:00","twitter_misc":{"Tiempo de lectura":"1 minuto"},"schema":{"@context":"https:\/\/schema.org","@graph":[{"@type":"WebPage","@id":"https:\/\/www.zensol.com\/es\/accesorios-diagnostico-interruptores\/","url":"https:\/\/www.zensol.com\/es\/accesorios-diagnostico-interruptores\/","name":"ACCESORIOS PARA DIAGNOSTICO DE INTERRUPTORES","isPartOf":{"@id":"https:\/\/www.zensol.com\/#website"},"datePublished":"2015-02-28T12:23:36+00:00","dateModified":"2022-05-16T17:23:47+00:00","inLanguage":"es","potentialAction":[{"@type":"ReadAction","target":["https:\/\/www.zensol.com\/es\/accesorios-diagnostico-interruptores\/"]}]},{"@type":"WebSite","@id":"https:\/\/www.zensol.com\/#website","url":"https:\/\/www.zensol.com\/","name":"zensol","description":"The Circuit Breaker, Recloser and Tap-Changer Instrument Test Specialist","potentialAction":[{"@type":"SearchAction","target":{"@type":"EntryPoint","urlTemplate":"https:\/\/www.zensol.com\/?s={search_term_string}"},"query-input":{"@type":"PropertyValueSpecification","valueRequired":true,"valueName":"search_term_string"}}],"inLanguage":"es"}]}},"_links":{"self":[{"href":"https:\/\/www.zensol.com\/es\/wp-json\/wp\/v2\/pages\/5044","targetHints":{"allow":["GET"]}}],"collection":[{"href":"https:\/\/www.zensol.com\/es\/wp-json\/wp\/v2\/pages"}],"about":[{"href":"https:\/\/www.zensol.com\/es\/wp-json\/wp\/v2\/types\/page"}],"author":[{"embeddable":true,"href":"https:\/\/www.zensol.com\/es\/wp-json\/wp\/v2\/users\/1"}],"replies":[{"embeddable":true,"href":"https:\/\/www.zensol.com\/es\/wp-json\/wp\/v2\/comments?post=5044"}],"version-history":[{"count":8,"href":"https:\/\/www.zensol.com\/es\/wp-json\/wp\/v2\/pages\/5044\/revisions"}],"predecessor-version":[{"id":12702,"href":"https:\/\/www.zensol.com\/es\/wp-json\/wp\/v2\/pages\/5044\/revisions\/12702"}],"wp:attachment":[{"href":"https:\/\/www.zensol.com\/es\/wp-json\/wp\/v2\/media?parent=5044"}],"curies":[{"name":"wp","href":"https:\/\/api.w.org\/{rel}","templated":true}]}}