{"id":5039,"date":"2015-05-24T15:54:04","date_gmt":"2015-05-24T14:54:04","guid":{"rendered":"https:\/\/www.zensol.net\/es\/general-articles-about-oltc-testing-tap-changer-testing\/"},"modified":"2021-05-07T08:47:36","modified_gmt":"2021-05-07T07:47:36","slug":"articulos-generales-sobre-diagnostico-de-oltc","status":"publish","type":"page","link":"https:\/\/www.zensol.com\/es\/articulos-generales-sobre-diagnostico-de-oltc\/","title":{"rendered":"Articulos generales sobre diagn\u00f3stico de OLTC"},"content":{"rendered":"<section  class='av_textblock_section av-av_textblock-0366cc7376be6c9e82a3e9cc8987b64f'  itemscope=\"itemscope\" itemtype=\"https:\/\/schema.org\/CreativeWork\" ><div class='avia_textblock'  itemprop=\"text\" ><h1 style=\"text-align: center;\">COMPARTIENDO CONOCIMIENTOS<\/h1>\n<\/div><\/section>\n<\/div><\/div><\/div><!-- close content main div --><\/div><\/div><div class='clear'><\/div><div id='sub_menu1'  class='av-submenu-container av-av_submenu-f51fbf9b4b3992acf5ebed1867bbade4 main_color  avia-builder-el-1  el_after_av_textblock  el_before_av_textblock  av-sticky-submenu submenu-not-first container_wrap sidebar_right' style='z-index:301' ><div class='container av-menu-mobile-disabled av-submenu-pos-center'><ul id=\"menu-menu-sharing-es\" class=\"av-subnav-menu\"><li role=\"menuitem\" id=\"menu-item-5040\" class=\"menu-item menu-item-type-post_type menu-item-object-page menu-item-top-level menu-item-top-level-1\"><a href=\"https:\/\/www.zensol.com\/es\/articulos-generales-sobre-diagnostico-de-oltc\/\" itemprop=\"url\" tabindex=\"0\"><span class=\"avia-bullet\"><\/span><span class=\"avia-menu-text\">Diagn\u00f3stico de OLTC<\/span><span class=\"avia-menu-fx\"><span class=\"avia-arrow-wrap\"><span class=\"avia-arrow\"><\/span><\/span><\/span><\/a><\/li>\n<li role=\"menuitem\" id=\"menu-item-5041\" class=\"menu-item menu-item-type-post_type menu-item-object-page menu-item-top-level menu-item-top-level-2\"><a href=\"https:\/\/www.zensol.com\/es\/?page_id=5038\" itemprop=\"url\" tabindex=\"0\"><span class=\"avia-bullet\"><\/span><span class=\"avia-menu-text\">Diagn\u00f3stico de reconectadores<\/span><span class=\"avia-menu-fx\"><span class=\"avia-arrow-wrap\"><span class=\"avia-arrow\"><\/span><\/span><\/span><\/a><\/li>\n<li role=\"menuitem\" id=\"menu-item-5042\" class=\"menu-item menu-item-type-post_type menu-item-object-page menu-item-top-level menu-item-top-level-3\"><a href=\"https:\/\/www.zensol.com\/es\/articulos-sobre-diagnostico-de-interruptores\/\" itemprop=\"url\" tabindex=\"0\"><span class=\"avia-bullet\"><\/span><span class=\"avia-menu-text\">Diagn\u00f3stico de interruptores<\/span><span class=\"avia-menu-fx\"><span class=\"avia-arrow-wrap\"><span class=\"avia-arrow\"><\/span><\/span><\/span><\/a><\/li>\n<\/ul><\/div><\/div><div class='sticky_placeholder'><\/div><div id='after_submenu_1'  class='main_color av_default_container_wrap container_wrap sidebar_right'  ><div class='container av-section-cont-open' ><div class='template-page content  av-content-small alpha units'><div class='post-entry post-entry-type-page post-entry-5039'><div class='entry-content-wrapper clearfix'>\n<section  class='av_textblock_section av-av_textblock-0366cc7376be6c9e82a3e9cc8987b64f'  itemscope=\"itemscope\" itemtype=\"https:\/\/schema.org\/CreativeWork\" ><div class='avia_textblock'  itemprop=\"text\" ><h3><span style=\"color: #008000;\">ARTICULOS GENERALES SOBRE\u00a0DIAGN\u00d3STICO DE OLTC<\/span><\/h3>\n<\/div><\/section>\n<div class='flex_column av-av_three_fourth-2a9015ff38129c418a3f2eafba3e9512 av_three_fourth  avia-builder-el-3  el_after_av_textblock  el_before_av_one_fourth  first flex_column_div column-top-margin'     ><section  class='av_textblock_section av-av_textblock-0366cc7376be6c9e82a3e9cc8987b64f'  itemscope=\"itemscope\" itemtype=\"https:\/\/schema.org\/CreativeWork\" ><div class='avia_textblock'  itemprop=\"text\" ><h3>Vibro-Acoustic Testing Applied on Tap Changers and Circuit Breakers (pdf)<\/h3>\n<p>Article describing a method to detect problems on high voltage circuit breakers and tap changers using vibro-acoustic analysis.<\/p>\n<p><a title=\"Maintenance of MV and HV Power Circuit Breakers\" href=\"https:\/\/www.zensol.com\/pdf\/Article-TechCon-2010_.PDF\">Read more &gt;&gt;<\/a><\/p>\n<\/div><\/section><\/div>\n\n<style type=\"text\/css\" data-created_by=\"avia_inline_auto\" id=\"style-css-av-av_one_fourth-0aa7055fe62c3622faec82866afbaeb2\">\n.flex_column.av-av_one_fourth-0aa7055fe62c3622faec82866afbaeb2{\n-webkit-border-radius:0px 0px 0px 0px;\n-moz-border-radius:0px 0px 0px 0px;\nborder-radius:0px 0px 0px 0px;\npadding:0px 0px 0px 0px;\n}\n<\/style>\n<div class='flex_column av-av_one_fourth-0aa7055fe62c3622faec82866afbaeb2 av_one_fourth  avia-builder-el-5  el_after_av_three_fourth  el_before_av_three_fourth  flex_column_div av-zero-column-padding column-top-margin'     ><section  class='av_textblock_section av-av_textblock-0366cc7376be6c9e82a3e9cc8987b64f'  itemscope=\"itemscope\" itemtype=\"https:\/\/schema.org\/CreativeWork\" ><div class='avia_textblock'  itemprop=\"text\" ><article  class='iconbox iconbox_left av-av_icon_box-bb8f308a886800da49e8972394182060  avia-builder-el-7  avia-builder-el-no-sibling '  itemscope=\"itemscope\" itemtype=\"https:\/\/schema.org\/CreativeWork\" ><div class=\"iconbox_content\"><header class=\"entry-content-header\"><div class=\"iconbox_icon heading-color\" aria-hidden='true' data-av_icon='\ue871' data-av_iconfont='entypo-fontello'><\/div><h3 class='iconbox_content_title '  itemprop=\"headline\" >Related products: TAP-4, CBV-17 and CBV-19, CBV-26, CBV-27  <\/h3><\/header><div class='iconbox_content_container '  itemprop=\"text\" ><\/div><\/div><footer class=\"entry-footer\"><\/footer><\/article>\n<\/div><\/section><\/div>\n<div class='flex_column av-av_three_fourth-2a9015ff38129c418a3f2eafba3e9512 av_three_fourth  avia-builder-el-8  el_after_av_one_fourth  el_before_av_one_fourth  first flex_column_div column-top-margin'     ><section  class='av_textblock_section av-av_textblock-0366cc7376be6c9e82a3e9cc8987b64f'  itemscope=\"itemscope\" itemtype=\"https:\/\/schema.org\/CreativeWork\" ><div class='avia_textblock'  itemprop=\"text\" ><h3>Condition Analysis and Assessment of On Load Tap Changer Acoustic Monitoring Principles and Techniques (pdf)<\/h3>\n<p>This paper presents an effective, easy to use and safe data acquisition collection process which can be applied to the 9 makes of in service OLTCs.<\/p>\n<p><a title=\"Maintenance of MV and HV Power Circuit Breakers\" href=\"https:\/\/www.zensol.com\/pdf\/Condition-Analysis-and-Assessment-of-On-Load-Tap-Changer-Acoustic-Monitoring-Principles-and%20Techniques_.PDF\">Read more &gt;&gt;<\/a><\/p>\n<\/div><\/section><\/div>\n\n<style type=\"text\/css\" data-created_by=\"avia_inline_auto\" id=\"style-css-av-av_one_fourth-0aa7055fe62c3622faec82866afbaeb2\">\n.flex_column.av-av_one_fourth-0aa7055fe62c3622faec82866afbaeb2{\n-webkit-border-radius:0px 0px 0px 0px;\n-moz-border-radius:0px 0px 0px 0px;\nborder-radius:0px 0px 0px 0px;\npadding:0px 0px 0px 0px;\n}\n<\/style>\n<div class='flex_column av-av_one_fourth-0aa7055fe62c3622faec82866afbaeb2 av_one_fourth  avia-builder-el-10  el_after_av_three_fourth  el_before_av_three_fourth  flex_column_div av-zero-column-padding column-top-margin'     ><section  class='av_textblock_section av-av_textblock-0366cc7376be6c9e82a3e9cc8987b64f'  itemscope=\"itemscope\" itemtype=\"https:\/\/schema.org\/CreativeWork\" ><div class='avia_textblock'  itemprop=\"text\" ><article  class='iconbox iconbox_left av-av_icon_box-be4b160e9023cbe4ae61dd0920a6ce9f  avia-builder-el-12  avia-builder-el-no-sibling '  itemscope=\"itemscope\" itemtype=\"https:\/\/schema.org\/CreativeWork\" ><div class=\"iconbox_content\"><header class=\"entry-content-header\"><div class=\"iconbox_icon heading-color\" aria-hidden='true' data-av_icon='\ue871' data-av_iconfont='entypo-fontello'><\/div><h3 class='iconbox_content_title '  itemprop=\"headline\" >Related products:<a href=\"https:\/\/www.zensol.com\/en\/product\/on-load-tap-changer-analyzer-tap-4\/\"> TAP-4<\/a>  <\/h3><\/header><div class='iconbox_content_container '  itemprop=\"text\" ><\/div><\/div><footer class=\"entry-footer\"><\/footer><\/article>\n<\/div><\/section><\/div>\n<div class='flex_column av-av_three_fourth-2a9015ff38129c418a3f2eafba3e9512 av_three_fourth  avia-builder-el-13  el_after_av_one_fourth  el_before_av_one_fourth  first flex_column_div column-top-margin'     ><section  class='av_textblock_section av-av_textblock-0366cc7376be6c9e82a3e9cc8987b64f'  itemscope=\"itemscope\" itemtype=\"https:\/\/schema.org\/CreativeWork\" ><div class='avia_textblock'  itemprop=\"text\" ><h3>Application Note for vibration method applied on voltage regulator<\/h3>\n<p>Article for know what kind of voltage regulator signature we obtain and see if we can use the TAP-4 as a diagnostic instrument as it is commonly used for on load tap changers in transformers.<\/p>\n<p><a title=\"Maintenance Programs for MV &amp; HV Power Circuit Breakers\" href=\"https:\/\/www.zensol.com\/pdf\/Application_Note_Vibration_method_applied_on_voltage_regulator.PDF\">Read more &gt;&gt;<\/a><\/p>\n<\/div><\/section><\/div>\n\n<style type=\"text\/css\" data-created_by=\"avia_inline_auto\" id=\"style-css-av-av_one_fourth-0aa7055fe62c3622faec82866afbaeb2\">\n.flex_column.av-av_one_fourth-0aa7055fe62c3622faec82866afbaeb2{\n-webkit-border-radius:0px 0px 0px 0px;\n-moz-border-radius:0px 0px 0px 0px;\nborder-radius:0px 0px 0px 0px;\npadding:0px 0px 0px 0px;\n}\n<\/style>\n<div class='flex_column av-av_one_fourth-0aa7055fe62c3622faec82866afbaeb2 av_one_fourth  avia-builder-el-15  el_after_av_three_fourth  el_before_av_three_fourth  flex_column_div av-zero-column-padding column-top-margin'     ><section  class='av_textblock_section av-av_textblock-0366cc7376be6c9e82a3e9cc8987b64f'  itemscope=\"itemscope\" itemtype=\"https:\/\/schema.org\/CreativeWork\" ><div class='avia_textblock'  itemprop=\"text\" ><article  class='iconbox iconbox_left av-av_icon_box-5484f609a218a59aac8895bb279e41cb  avia-builder-el-17  avia-builder-el-no-sibling '  itemscope=\"itemscope\" itemtype=\"https:\/\/schema.org\/CreativeWork\" ><div class=\"iconbox_content\"><header class=\"entry-content-header\"><div class=\"iconbox_icon heading-color\" aria-hidden='true' data-av_icon='\ue871' data-av_iconfont='entypo-fontello'><\/div><h3 class='iconbox_content_title '  itemprop=\"headline\" >Related products: <a href=\"https:\/\/www.zensol.com\/en\/product\/on-load-tap-changer-analyzer-tap-4\/\">TAP4 <\/a>   <\/h3><\/header><div class='iconbox_content_container '  itemprop=\"text\" ><\/div><\/div><footer class=\"entry-footer\"><\/footer><\/article>\n<\/div><\/section><\/div>\n<div class='flex_column av-av_three_fourth-2a9015ff38129c418a3f2eafba3e9512 av_three_fourth  avia-builder-el-18  el_after_av_one_fourth  el_before_av_three_fourth  first flex_column_div column-top-margin'     ><section  class='av_textblock_section av-av_textblock-0366cc7376be6c9e82a3e9cc8987b64f'  itemscope=\"itemscope\" itemtype=\"https:\/\/schema.org\/CreativeWork\" ><div class='avia_textblock'  itemprop=\"text\" ><h3>Expert Systems With Applications<\/h3>\n<p>An expert system for acoustic diagnosis of power circuit breakers and on-load tap changers.<\/p>\n<p><a title=\"Maintenance Programs for MV &amp; HV Power Circuit Breakers\" href=\"https:\/\/www.zensol.com\/wp-content\/uploads\/2017\/12\/1-s2.0-S0957417415005436-main-1.pdf\">Read more &gt;&gt;<\/a><\/p>\n<\/div><\/section><\/div>\n<div class='flex_column av-av_three_fourth-2a9015ff38129c418a3f2eafba3e9512 av_three_fourth  avia-builder-el-20  el_after_av_three_fourth  el_before_av_hr  first flex_column_div column-top-margin'     ><section  class='av_textblock_section av-koe0mq92-0b78d0ae4a6ace26a07d9c47cad3a610'  itemscope=\"itemscope\" itemtype=\"https:\/\/schema.org\/CreativeWork\" ><div class='avia_textblock'  itemprop=\"text\" ><h3>Nuevo instrumento de Zensol para probar los cambiadores de tomas (publicado en Electricity Today, Reliable Power testing SE 2021 Volume 34 No. 1 bajo el t\u00edtulo &#8216;Zensol new instrument for OLTC testing&#8217;)<\/h3>\n<p style=\"font-weight: 400;\">El TAP-4-PLUS con el accesorio TAP-DRM permite registrar simult\u00e1neamente la resistencia din\u00e1mica, la vibraci\u00f3n y la corriente del motor. De este modo, podr\u00e1 entender f\u00e1cilmente el impacto de las vibraciones.<\/p>\n<p><a title=\"Maintenance Programs for MV &amp; HV Power Circuit Breakers\" href=\"https:\/\/www.zensol.com\/wp-content\/uploads\/2021\/04\/et_Reliable-power-testing_jan_feb_2021_ZENSOL.pdf\">M\u00e1s\u00a0 &gt;&gt;<\/a><\/p>\n<\/div><\/section><\/div><div  class='hr av-av_hr-dcd2069817a0e3d34ae04cad8f3443c7 hr-default  avia-builder-el-22  el_after_av_three_fourth  avia-builder-el-last '><span class='hr-inner '><span class=\"hr-inner-style\"><\/span><\/span><\/div><\/p>\n","protected":false},"excerpt":{"rendered":"","protected":false},"author":1,"featured_media":0,"parent":0,"menu_order":0,"comment_status":"closed","ping_status":"closed","template":"","meta":{"footnotes":""},"class_list":["post-5039","page","type-page","status-publish","hentry"],"yoast_head":"<!-- This site is optimized with the Yoast SEO plugin v26.3 - https:\/\/yoast.com\/wordpress\/plugins\/seo\/ -->\n<title>Articulos generales sobre diagn\u00f3stico de OLTC - zensol<\/title>\n<meta name=\"robots\" content=\"index, follow, max-snippet:-1, max-image-preview:large, max-video-preview:-1\" \/>\n<link rel=\"canonical\" href=\"https:\/\/www.zensol.com\/es\/articulos-generales-sobre-diagnostico-de-oltc\/\" \/>\n<meta property=\"og:locale\" content=\"es_ES\" \/>\n<meta property=\"og:type\" content=\"article\" \/>\n<meta property=\"og:title\" content=\"Articulos generales sobre diagn\u00f3stico de OLTC - zensol\" \/>\n<meta property=\"og:url\" content=\"https:\/\/www.zensol.com\/es\/articulos-generales-sobre-diagnostico-de-oltc\/\" \/>\n<meta property=\"og:site_name\" content=\"zensol\" \/>\n<meta property=\"article:modified_time\" content=\"2021-05-07T07:47:36+00:00\" \/>\n<meta name=\"twitter:label1\" content=\"Tiempo de lectura\" \/>\n\t<meta name=\"twitter:data1\" content=\"4 minutos\" \/>\n<script type=\"application\/ld+json\" class=\"yoast-schema-graph\">{\"@context\":\"https:\/\/schema.org\",\"@graph\":[{\"@type\":\"WebPage\",\"@id\":\"https:\/\/www.zensol.com\/es\/articulos-generales-sobre-diagnostico-de-oltc\/\",\"url\":\"https:\/\/www.zensol.com\/es\/articulos-generales-sobre-diagnostico-de-oltc\/\",\"name\":\"Articulos generales sobre diagn\u00f3stico de OLTC - zensol\",\"isPartOf\":{\"@id\":\"https:\/\/www.zensol.com\/#website\"},\"datePublished\":\"2015-05-24T14:54:04+00:00\",\"dateModified\":\"2021-05-07T07:47:36+00:00\",\"inLanguage\":\"es\",\"potentialAction\":[{\"@type\":\"ReadAction\",\"target\":[\"https:\/\/www.zensol.com\/es\/articulos-generales-sobre-diagnostico-de-oltc\/\"]}]},{\"@type\":\"WebSite\",\"@id\":\"https:\/\/www.zensol.com\/#website\",\"url\":\"https:\/\/www.zensol.com\/\",\"name\":\"zensol\",\"description\":\"The Circuit Breaker, Recloser and Tap-Changer Instrument Test Specialist\",\"potentialAction\":[{\"@type\":\"SearchAction\",\"target\":{\"@type\":\"EntryPoint\",\"urlTemplate\":\"https:\/\/www.zensol.com\/?s={search_term_string}\"},\"query-input\":{\"@type\":\"PropertyValueSpecification\",\"valueRequired\":true,\"valueName\":\"search_term_string\"}}],\"inLanguage\":\"es\"}]}<\/script>\n<!-- \/ Yoast SEO plugin. -->","yoast_head_json":{"title":"Articulos generales sobre diagn\u00f3stico de OLTC - zensol","robots":{"index":"index","follow":"follow","max-snippet":"max-snippet:-1","max-image-preview":"max-image-preview:large","max-video-preview":"max-video-preview:-1"},"canonical":"https:\/\/www.zensol.com\/es\/articulos-generales-sobre-diagnostico-de-oltc\/","og_locale":"es_ES","og_type":"article","og_title":"Articulos generales sobre diagn\u00f3stico de OLTC - zensol","og_url":"https:\/\/www.zensol.com\/es\/articulos-generales-sobre-diagnostico-de-oltc\/","og_site_name":"zensol","article_modified_time":"2021-05-07T07:47:36+00:00","twitter_misc":{"Tiempo de lectura":"4 minutos"},"schema":{"@context":"https:\/\/schema.org","@graph":[{"@type":"WebPage","@id":"https:\/\/www.zensol.com\/es\/articulos-generales-sobre-diagnostico-de-oltc\/","url":"https:\/\/www.zensol.com\/es\/articulos-generales-sobre-diagnostico-de-oltc\/","name":"Articulos generales sobre diagn\u00f3stico de OLTC - zensol","isPartOf":{"@id":"https:\/\/www.zensol.com\/#website"},"datePublished":"2015-05-24T14:54:04+00:00","dateModified":"2021-05-07T07:47:36+00:00","inLanguage":"es","potentialAction":[{"@type":"ReadAction","target":["https:\/\/www.zensol.com\/es\/articulos-generales-sobre-diagnostico-de-oltc\/"]}]},{"@type":"WebSite","@id":"https:\/\/www.zensol.com\/#website","url":"https:\/\/www.zensol.com\/","name":"zensol","description":"The Circuit Breaker, Recloser and Tap-Changer Instrument Test Specialist","potentialAction":[{"@type":"SearchAction","target":{"@type":"EntryPoint","urlTemplate":"https:\/\/www.zensol.com\/?s={search_term_string}"},"query-input":{"@type":"PropertyValueSpecification","valueRequired":true,"valueName":"search_term_string"}}],"inLanguage":"es"}]}},"_links":{"self":[{"href":"https:\/\/www.zensol.com\/es\/wp-json\/wp\/v2\/pages\/5039","targetHints":{"allow":["GET"]}}],"collection":[{"href":"https:\/\/www.zensol.com\/es\/wp-json\/wp\/v2\/pages"}],"about":[{"href":"https:\/\/www.zensol.com\/es\/wp-json\/wp\/v2\/types\/page"}],"author":[{"embeddable":true,"href":"https:\/\/www.zensol.com\/es\/wp-json\/wp\/v2\/users\/1"}],"replies":[{"embeddable":true,"href":"https:\/\/www.zensol.com\/es\/wp-json\/wp\/v2\/comments?post=5039"}],"version-history":[{"count":4,"href":"https:\/\/www.zensol.com\/es\/wp-json\/wp\/v2\/pages\/5039\/revisions"}],"predecessor-version":[{"id":12434,"href":"https:\/\/www.zensol.com\/es\/wp-json\/wp\/v2\/pages\/5039\/revisions\/12434"}],"wp:attachment":[{"href":"https:\/\/www.zensol.com\/es\/wp-json\/wp\/v2\/media?parent=5039"}],"curies":[{"name":"wp","href":"https:\/\/api.w.org\/{rel}","templated":true}]}}