{"id":3102,"date":"2014-09-17T12:31:13","date_gmt":"2014-09-17T11:31:13","guid":{"rendered":"https:\/\/www.zensol.net\/?page_id=3102"},"modified":"2016-11-30T20:50:57","modified_gmt":"2016-11-30T19:50:57","slug":"servicios-2","status":"publish","type":"page","link":"https:\/\/www.zensol.com\/es\/servicios-2\/","title":{"rendered":"Servicios"},"content":{"rendered":"<section  class='av_textblock_section av-av_textblock-0366cc7376be6c9e82a3e9cc8987b64f'  itemscope=\"itemscope\" itemtype=\"https:\/\/schema.org\/CreativeWork\" ><div class='avia_textblock'  itemprop=\"text\" ><h1>Servicios<\/h1>\n<\/div><\/section>\n<div  class='tabcontainer av-av_tab_container-0bacd910096d11a3cec6dfb538798966 top_tab  avia-builder-el-1  el_after_av_textblock  avia-builder-el-last ' role='tablist'>\n<section class='av_tab_section av_tab_section av-av_tab-19c32599cd69cec842f09532331f428f'  itemscope=\"itemscope\" itemtype=\"https:\/\/schema.org\/CreativeWork\" ><div class='tab active_tab' role='tab' tabindex='0' data-fake-id='#tab-id-1' aria-controls='tab-id-1-content'  itemprop=\"headline\" ><span class='tab_icon' aria-hidden='true' data-av_icon='\ue885' data-av_iconfont='entypo-fontello'><\/span>WEBINARS OLTC<\/div><div id='tab-id-1-content' class='tab_content active_tab_content' aria-hidden=\"false\"><div class='tab_inner_content invers-color'  itemprop=\"text\" ><h3><strong>METODO VIBRO-AC\u00daSTICO APLICADO A OLTC<\/strong><\/h3>\n<p style=\"text-align: left;\"><img decoding=\"async\" class=\"alignright\" src=\"https:\/\/www.zensol.com\/images\/webinar.jpg\" alt=\"\" width=\"500px\" height=\"285\" \/>Idiomas : Franc\u00e9s, Ingl\u00e9s Espa\u00f1ol,Chino<br \/>\nDuraci\u00f3n: 30 min de presentaci\u00f3n y 15 min de preguntas y respuestas.<\/p>\n<p style=\"text-align: left;\"><strong>Descripci\u00f3n:<\/strong><\/p>\n<p style=\"text-align: left;\">El diagn\u00f3stico vibro-ac\u00fastico para OLTC es una tecnolog\u00eda relativamente nueva cuyo desarrollo inicial comenz\u00f3 hace unos 15 a\u00f1os. Permite la ejecuci\u00f3n de las pruebas en l\u00ednea y fuera de l\u00ednea en cualquier tipo de cambiador de tomas y prioritiza las intervenciones de mantenimiento gracias al enfoque predictivo, el cual consiste en el an\u00e1lisis del comportamiento del OLTC\u00b4s en el tiempo (tendencia).<\/p>\n<p style=\"text-align: left;\"><strong>Aspectos m\u00e1s Destacados del Seminario:<\/strong><\/p>\n<p>\u2022 \u00bfPor qu\u00e9 \/ C\u00f3mo \/ Cu\u00e1ndo utilizar el m\u00e9todo de vibro-ac\u00fastico?<br \/>\n\u2022 Ejemplo de fallas: desgaste de los contactos, asincronismo, arco en los contactos, etc<br \/>\n\u2022 Otras aplicaciones: Interruptores, compresores y reguladores de voltaje<\/p>\n<p><strong>\u00bfQui\u00e9n Debe Asistir? <\/strong><\/p>\n<p>Este seminario beneficiar\u00e1 a una amplia variedad de empresas de la Industria y de energ\u00eda el\u00e9ctrica los cuales van a adquirir valiosos conocimientos sobre el M\u00e9todo Vibro-Ac\u00fastico<\/p>\n<h3><span style=\"text-decoration: underline; color: #488113;\"><span style=\"color: #488113;\">\u00a1 INSCRIBASE AHORA<a title=\"Contact Us\" href=\"https:\/\/www.zensol.com\/contact-zensol\/\" target=\"_blank\" rel=\"noopener\">\u00a0!<\/a><\/span><\/span><\/h3>\n<\/div><\/div><\/section>\n<section class='av_tab_section av_tab_section av-av_tab-108d42be77c53cc695b4d7d73e2a60be'  itemscope=\"itemscope\" itemtype=\"https:\/\/schema.org\/CreativeWork\" ><div class='tab' role='tab' tabindex='0' data-fake-id='#tab-id-2' aria-controls='tab-id-2-content'  itemprop=\"headline\" ><span class='tab_icon' aria-hidden='true' data-av_icon='\ue885' data-av_iconfont='entypo-fontello'><\/span>WEBINAR INTERRUPTORES<\/div><div id='tab-id-2-content' class='tab_content' aria-hidden=\"true\"><div class='tab_inner_content invers-color'  itemprop=\"text\" ><h3 style=\"text-align: left;\"><img decoding=\"async\" class=\"alignright\" src=\"https:\/\/www.zensol.com\/images\/webinar_cb.jpg\" alt=\"\" width=\"320px\" height=\"476\" \/>M\u00c9TODO VIBRO-AC\u00daSTICO\u00a0\u00a0 APLICADO A INTERRUPTORES<\/h3>\n<p style=\"text-align: left;\">Idioma: Ingl\u00e9s<br \/>\nDuraci\u00f3n: 30 minutos de presentaci\u00f3n y 15 minutos de preguntas y respuestas.<\/p>\n<p><strong>Descripci\u00f3n: <\/strong><\/p>\n<p style=\"text-align: left;\">Los problemas mec\u00e1nicos son la causa del 40% de las principales fallas en los interruptores. Las pruebas cl\u00e1sicas como de sincronizaci\u00f3n, desplazamiento de los contactos y resistencia din\u00e1mica \/ est\u00e1tica de los contactos son a menudo incapaces de detectar este tipo de problemas. Con ell m\u00e9todo de vibro-ac\u00fastico usted puede detectarlo inclusive \u00a0con la posibilidad de realizar sus pruebas en L\u00ednea.<\/p>\n<h3 style=\"text-align: left;\">Aspectos m\u00e1s destacados del seminario:<\/h3>\n<ul>\n<li>\u00bfPor qu\u00e9\/C\u00f3Mo\/Cu\u00e1ndo se debe utilizarel m\u00e9todo devibro-ac\u00fastico<\/li>\n<li>\u00bfCu\u00e1l es la contribuci\u00f3n en comparaci\u00f3n con las pruebas cl\u00e1sicas<\/li>\n<li>Ejemplo de fallas en los interruptores: piezas mec\u00e1nicas montadas a la inversa, asincron\u00edsmo (en l\u00ednea y fuera de l\u00ednea), malos ajustes.<\/li>\n<li>Otras aplicaciones: OLTC, reguladores de voltaje y compresores.<\/li>\n<\/ul>\n<p><strong>\u00bfQui\u00e9n Debe Asistir? <\/strong><\/p>\n<ul>\n<li style=\"text-align: left;\">Este seminario beneficiar\u00e1 a una amplia variedad de empresas\u00a0 de la Industria\u00a0 y de energ\u00eda el\u00e9ctrica los cuales van a adquirir valiosos conocimientos sobre el M\u00e9todo Vibro-Ac\u00fastico<\/li>\n<li style=\"text-align: left;\">Why \/ How \/ When to use the vibro-acoustic method?<\/li>\n<li style=\"text-align: left;\">What is the contribution compared to classical tests?<\/li>\n<li style=\"text-align: left;\">Example of failures in breakers: mechanical parts mounted in reverse, asynchronism (online and offline), bad adjustments.<\/li>\n<li style=\"text-align: left;\">Other applications: OLTC, voltage regulators and compressors.<\/li>\n<\/ul>\n<h3><strong>\u00bfQui\u00e9n Debe Asistir?<\/strong><\/h3>\n<p>Este seminario beneficiar\u00e1 a una amplia variedad de empresas\u00a0 de la Industria\u00a0 y de energ\u00eda el\u00e9ctrica los cuales van a adquirir valiosos conocimientos sobre el M\u00e9todo Vibro-Ac\u00fastico<\/p>\n<p><a title=\"Contactar Zensol\" href=\"https:\/\/www.zensol.com\/es\/contactar-zensol\/\"><strong>INSCRIBASE AHORA<\/strong><strong> !<\/strong><\/a><\/p>\n<\/div><\/div><\/section>\n<section class='av_tab_section av_tab_section av-av_tab-825c461df28a40257233d8d3165f83aa'  itemscope=\"itemscope\" itemtype=\"https:\/\/schema.org\/CreativeWork\" ><div class='tab' role='tab' tabindex='0' data-fake-id='#tab-id-3' aria-controls='tab-id-3-content'  itemprop=\"headline\" ><span class='tab_icon' aria-hidden='true' data-av_icon='\ue885' data-av_iconfont='entypo-fontello'><\/span>WEBINAR RESTAURADORES<\/div><div id='tab-id-3-content' class='tab_content' aria-hidden=\"true\"><div class='tab_inner_content invers-color'  itemprop=\"text\" ><h3>SIMULACI\u00d3N Y ANALISIS DE RESTAURADORES<\/h3>\n<p><strong>Idioma: Ingl\u00e9s<\/strong><\/p>\n<p>Duraci\u00f3n: 15 minutos de presentaci\u00f3n y 15 minutos de preguntas abiertas.<\/p>\n<p>Descripci\u00f3n:<\/p>\n<p>Los restauradores son peque\u00f1os dispositivos de protecci\u00f3n instalados en las l\u00edneas de distribuci\u00f3n. Sus gabinetes de control est\u00e1n programados para reaccionar de cierta manera de acuerdo a\u00a0 las curvas de protecci\u00f3n espec\u00edficas.<\/p>\n<p>Los Equipos de Prueba \u00a0GEN-X han sido dise\u00f1ados para simular la parte mec\u00e1nica del restaurador \u00a0(a trav\u00e9s de \u00a0contactos auxiliares internos) y verificar la funcionalidad \u00a0de la caja de control a trav\u00e9s de la inyecci\u00f3n de corriente y tensi\u00f3n.<\/p>\n<p>Aspectos m\u00e1s destacados del seminario:<br \/>\n\u2022 \u00bfPor qu\u00e9 \/ C\u00f3mo \/ Cu\u00e1ndo utilizar el GEN-X?<br \/>\n\u2022 Principales caracter\u00edsticas del software y la contribuci\u00f3n en comparaci\u00f3n con los equipos cl\u00e1sicos (informe de Excel).<br \/>\n\u2022 Ejemplo de fallas en los restauradores: tiempos de reacci\u00f3n err\u00f3nea en \u00a0una fase, tiempo de reacci\u00f3n err\u00f3nea\u00a0 en la tierra.<\/p>\n<h3 style=\"text-align: center;\"><span style=\"text-decoration: underline; color: #488113;\"><a title=\"Contact Us\" href=\"https:\/\/www.zensol.com\/contact-zensol\/\" target=\"_blank\" rel=\"noopener\"><span style=\"color: #488113;\">INSCRIBASE AHORA\u00a0!<\/span><\/a><\/span><\/h3>\n<\/div><\/div><\/section>\n<section class='av_tab_section av_tab_section av-av_tab-48cc3b7b9b8ed60e88a1cd036fba5fb0'  itemscope=\"itemscope\" itemtype=\"https:\/\/schema.org\/CreativeWork\" ><div class='tab' role='tab' tabindex='0' data-fake-id='#tab-id-4' aria-controls='tab-id-4-content'  itemprop=\"headline\" ><span class='tab_icon' aria-hidden='true' data-av_icon='\ue885' data-av_iconfont='entypo-fontello'><\/span>PRUEBAS OLTC<\/div><div id='tab-id-4-content' class='tab_content' aria-hidden=\"true\"><div class='tab_inner_content invers-color'  itemprop=\"text\" ><h3>PRUEBAS OLTC<\/h3>\n<p>Zensol pone su experiencia a su servicio y soportado con su plan de mantenimiento preventivo.<\/p>\n<p><strong>Servicio de An\u00e1lisis y Pruebas:<img loading=\"lazy\" decoding=\"async\" class=\"size-medium wp-image-2630 alignright\" src=\"https:\/\/www.zensol.com\/wp-content\/uploads\/2014\/03\/Interpretation_training-300x240.jpg\" alt=\"Interpretation_training\" width=\"300\" height=\"240\" srcset=\"https:\/\/www.zensol.com\/wp-content\/uploads\/2014\/03\/Interpretation_training-300x240.jpg 300w, https:\/\/www.zensol.com\/wp-content\/uploads\/2014\/03\/Interpretation_training-705x564.jpg 705w, https:\/\/www.zensol.com\/wp-content\/uploads\/2014\/03\/Interpretation_training-450x360.jpg 450w, https:\/\/www.zensol.com\/wp-content\/uploads\/2014\/03\/Interpretation_training.jpg 1000w\" sizes=\"auto, (max-width: 300px) 100vw, 300px\" \/><\/strong><\/p>\n<p>Para su tranquilidad, vamos a manejar su OLTC con nuestro TAP-4, Zensol realizar\u00e1 las\u00a0pruebas anualmente y le proporcionar\u00e1 un reporte completo de su transformador.<\/p>\n<p><strong>Servicio de An\u00e1lisis:<\/strong><\/p>\n<p>S\u00ed usted ya realiz\u00f3 una prueba de vibro-ac\u00fastica con el TAP-4 en sus OLTC\u2019 y desea que\u00a0nosotros analicemos los resultados? Usted puede confiar en nuestra s\u00f3lida experiencia en el\u00a0campo de vibro-ac\u00fastica!<\/p>\n<p><strong>Entrenamiento avanzado:<\/strong><\/p>\n<p>Usted desea convertirse en un maestro en el an\u00e1lisis de las se\u00f1ales vibro-ac\u00fasticas\u00a0registradas con el TAP-4? Zensol le ayudar\u00e1 a convertirse en uno!<\/p>\n<h3 style=\"text-align: center;\"><span style=\"text-decoration: underline; color: #488113;\"><a title=\"Contactar Zensol\" href=\"https:\/\/www.zensol.com\/es\/contactar-zensol\/\" target=\"_blank\"><span style=\"color: #488113;\">COMUNIQUESE CON NOSOTROS AHORA \u00a0!<\/span><\/a><\/span><\/h3>\n<\/div><\/div><\/section>\n<section class='av_tab_section av_tab_section av-av_tab-f39d5dece178e46b967783a03cd052a5'  itemscope=\"itemscope\" itemtype=\"https:\/\/schema.org\/CreativeWork\" ><div class='tab' role='tab' tabindex='0' data-fake-id='#tab-id-5' aria-controls='tab-id-5-content'  itemprop=\"headline\" ><span class='tab_icon' aria-hidden='true' data-av_icon='\ue885' data-av_iconfont='entypo-fontello'><\/span>PRUEBA DE INTERRUPTORES<\/div><div id='tab-id-5-content' class='tab_content' aria-hidden=\"true\"><div class='tab_inner_content invers-color'  itemprop=\"text\" ><h3>PRUEBA DE INTERRUPTORES<br \/>\n<a href=\"https:\/\/www.zensol.com\/wp-content\/uploads\/2014\/03\/circuit_breaker_testing.jpg\"><img loading=\"lazy\" decoding=\"async\" class=\"size-medium wp-image-2634 alignright\" src=\"https:\/\/www.zensol.com\/wp-content\/uploads\/2014\/03\/circuit_breaker_testing-267x300.jpg\" alt=\"circuit_breaker_testing\" width=\"267\" height=\"300\" srcset=\"https:\/\/www.zensol.com\/wp-content\/uploads\/2014\/03\/circuit_breaker_testing-267x300.jpg 267w, https:\/\/www.zensol.com\/wp-content\/uploads\/2014\/03\/circuit_breaker_testing-917x1030.jpg 917w, https:\/\/www.zensol.com\/wp-content\/uploads\/2014\/03\/circuit_breaker_testing-627x705.jpg 627w, https:\/\/www.zensol.com\/wp-content\/uploads\/2014\/03\/circuit_breaker_testing-450x505.jpg 450w, https:\/\/www.zensol.com\/wp-content\/uploads\/2014\/03\/circuit_breaker_testing.jpg 1221w\" sizes=\"auto, (max-width: 267px) 100vw, 267px\" \/><\/a><\/h3>\n<p>Zensol pone su experiencia a su servicio y soportado con su plan de mantenimiento preventivo.<br \/>\n<strong>Servicio de An\u00e1lisis y Pruebas:<\/strong><\/p>\n<p>Para su tranquilidad, vamos a manejar su Interruptor! Con nuestro\u00a0\u00a0 Zensol CBV, el cual\u00a0 llevar\u00e1 a cabo las pruebas y le proporcionar\u00e1 un informe completo.<br \/>\n<strong>Servicio de An\u00e1lisis:<\/strong><\/p>\n<p>S\u00ed usted ya realiz\u00f3 una prueba de vibro-ac\u00fastica con el\u00a0 CBV en sus interruptores y usted quiere que nosotros analicemos los resultados? Usted puede confiar en nuestra s\u00f3lida experiencia en el campo de vibro-ac\u00fastica!<\/p>\n<p><strong>Entrenamiento avanzado:<\/strong><\/p>\n<p>Usted desea convertirse en un maestro en el an\u00e1lisis de las se\u00f1ales vibro-ac\u00fasticas\u00a0 registradas por el CBV? Zensol le ayudar\u00e1 a convertirse en uno!<\/p>\n<h3><a title=\"Contactar Zensol\" href=\"https:\/\/www.zensol.com\/es\/contactar-zensol\/\"><span style=\"font-size: 13px;\">\u00a0<\/span><span style=\"color: #488113;\">COMUN\u00cdQUESE CON NOSOTROS AHORA!<\/span><\/a><\/h3>\n<\/div><\/div><\/section>\n<section class='av_tab_section av_tab_section av-av_tab-7651f0c30b752d41c6c9b6ba72572221'  itemscope=\"itemscope\" itemtype=\"https:\/\/schema.org\/CreativeWork\" ><div class='tab' role='tab' tabindex='0' data-fake-id='#tab-id-6' aria-controls='tab-id-6-content'  itemprop=\"headline\" ><span class='tab_icon' aria-hidden='true' data-av_icon='\ue881' data-av_iconfont='entypo-fontello'><\/span>SEMINARIOS &amp;TRAININGS<\/div><div id='tab-id-6-content' class='tab_content' aria-hidden=\"true\"><div class='tab_inner_content invers-color'  itemprop=\"text\" ><p><div id='avia-messagebox-' class='avia_message_box av_notification av-av_notification-1c5e9e89b09ad75dd3143ff1cf053fac avia-color-silver avia-size-large avia-icon_select-no avia-border-silver  avia-builder-el-2  el_before_av_notification  avia-builder-el-first ' ><div class=\"avia_message_box_content\"><p><a href=\"https:\/\/www.zensol.com\/en\/seminars\/\">DESCRIPCI\u00d3N DE LOS SEMINARIOS<\/a><\/p>\n<\/div><\/div><br \/>\n<div id='avia-messagebox-' class='avia_message_box av_notification av-av_notification-20835ddbea9e08309a5fff62646559ff avia-color-green avia-size-large avia-icon_select-yes avia-border-  avia-builder-el-3  el_after_av_notification  el_before_av_notification ' ><span class='avia_message_box_title' >Seminar 1<\/span><div class=\"avia_message_box_content\"><span class='avia_message_box_icon' aria-hidden='true' data-av_icon='\ue812' data-av_iconfont='entypo-fontello'><\/span><p><a href=\"https:\/\/www.zensol.com\/en\/seminars\/circuit-breaker-timing-and-motion-analyzer-seminar\/\">Circuit Breaker\u00a0Seminar<\/a><\/p>\n<\/div><\/div><br \/>\n<div id='avia-messagebox-' class='avia_message_box av_notification av-av_notification-3d1cef2ebba18d07c163dd1b90d5af72 avia-color-green avia-size-large avia-icon_select-yes avia-border-  avia-builder-el-4  el_after_av_notification  el_before_av_notification ' ><span class='avia_message_box_title' >Seminar 2<\/span><div class=\"avia_message_box_content\"><span class='avia_message_box_icon' aria-hidden='true' data-av_icon='\ue812' data-av_iconfont='entypo-fontello'><\/span><p><a href=\"https:\/\/www.zensol.com\/en\/seminars\/seminar-maintenance-on-circuit-breaker\/\">Maintenance seminar<\/a><\/p>\n<\/div><\/div><br \/>\n<div id='avia-messagebox-' class='avia_message_box av_notification av-av_notification-3df1b7a24cf12f583d34a8bedad5fd37 avia-color-green avia-size-large avia-icon_select-yes avia-border-  avia-builder-el-5  el_after_av_notification  el_before_av_notification ' ><span class='avia_message_box_title' >Seminar 3<\/span><div class=\"avia_message_box_content\"><span class='avia_message_box_icon' aria-hidden='true' data-av_icon='\ue812' data-av_iconfont='entypo-fontello'><\/span><p><a href=\"https:\/\/www.zensol.com\/en\/seminars\/circuit-breaker-timing-seminar\/\">Circuit breaker testing\u00a0seminar<\/a><\/p>\n<\/div><\/div><br \/>\n<div id='avia-messagebox-' class='avia_message_box av_notification av-av_notification-e6d3a11c852ffff35143b9c02a17888b avia-color-green avia-size-large avia-icon_select-yes avia-border-  avia-builder-el-6  el_after_av_notification  el_before_av_notification ' ><span class='avia_message_box_title' >Seminar 4<\/span><div class=\"avia_message_box_content\"><span class='avia_message_box_icon' aria-hidden='true' data-av_icon='\ue812' data-av_iconfont='entypo-fontello'><\/span><p><a href=\"https:\/\/www.zensol.com\/en\/seminars\/seminaire-sur-les-tests-de-reenclencheur\/\">Recloser testing seminar<\/a><\/p>\n<\/div><\/div><br \/>\n<div id='avia-messagebox-' class='avia_message_box av_notification av-av_notification-377131e0d7dd52c361792d25087f1cd2 avia-color-green avia-size-large avia-icon_select-yes avia-border-  avia-builder-el-7  el_after_av_notification  avia-builder-el-last ' ><span class='avia_message_box_title' >Seminar 5<\/span><div class=\"avia_message_box_content\"><span class='avia_message_box_icon' aria-hidden='true' data-av_icon='\ue812' data-av_iconfont='entypo-fontello'><\/span><p><a href=\"https:\/\/www.zensol.com\/en\/seminars\/analysis-and-customizing-of-the-calculus-in-cbawin-seminar\/\">Cbawin\u00a0calculus seminar<\/a><\/p>\n<\/div><\/div><\/p>\n<\/div><\/div><\/section>\n<\/div>\n","protected":false},"excerpt":{"rendered":"","protected":false},"author":1,"featured_media":0,"parent":0,"menu_order":0,"comment_status":"closed","ping_status":"closed","template":"","meta":{"footnotes":""},"class_list":["post-3102","page","type-page","status-publish","hentry"],"yoast_head":"<!-- This site is optimized with the Yoast SEO plugin v26.3 - https:\/\/yoast.com\/wordpress\/plugins\/seo\/ -->\n<title>Servicios - zensol<\/title>\n<meta name=\"robots\" content=\"index, follow, max-snippet:-1, max-image-preview:large, max-video-preview:-1\" \/>\n<link rel=\"canonical\" href=\"https:\/\/www.zensol.com\/es\/servicios-2\/\" \/>\n<meta property=\"og:locale\" content=\"es_ES\" \/>\n<meta property=\"og:type\" content=\"article\" \/>\n<meta property=\"og:title\" content=\"Servicios - zensol\" \/>\n<meta property=\"og:url\" content=\"https:\/\/www.zensol.com\/es\/servicios-2\/\" \/>\n<meta property=\"og:site_name\" content=\"zensol\" \/>\n<meta property=\"article:modified_time\" content=\"2016-11-30T19:50:57+00:00\" \/>\n<meta property=\"og:image\" content=\"https:\/\/www.zensol.com\/images\/webinar.jpg\" \/>\n<meta name=\"twitter:label1\" content=\"Tiempo de lectura\" \/>\n\t<meta name=\"twitter:data1\" content=\"6 minutos\" \/>\n<script type=\"application\/ld+json\" class=\"yoast-schema-graph\">{\"@context\":\"https:\/\/schema.org\",\"@graph\":[{\"@type\":\"WebPage\",\"@id\":\"https:\/\/www.zensol.com\/es\/servicios-2\/\",\"url\":\"https:\/\/www.zensol.com\/es\/servicios-2\/\",\"name\":\"Servicios - zensol\",\"isPartOf\":{\"@id\":\"https:\/\/www.zensol.com\/#website\"},\"primaryImageOfPage\":{\"@id\":\"https:\/\/www.zensol.com\/es\/servicios-2\/#primaryimage\"},\"image\":{\"@id\":\"https:\/\/www.zensol.com\/es\/servicios-2\/#primaryimage\"},\"thumbnailUrl\":\"https:\/\/www.zensol.com\/images\/webinar.jpg\",\"datePublished\":\"2014-09-17T11:31:13+00:00\",\"dateModified\":\"2016-11-30T19:50:57+00:00\",\"inLanguage\":\"es\",\"potentialAction\":[{\"@type\":\"ReadAction\",\"target\":[\"https:\/\/www.zensol.com\/es\/servicios-2\/\"]}]},{\"@type\":\"ImageObject\",\"inLanguage\":\"es\",\"@id\":\"https:\/\/www.zensol.com\/es\/servicios-2\/#primaryimage\",\"url\":\"https:\/\/www.zensol.com\/images\/webinar.jpg\",\"contentUrl\":\"https:\/\/www.zensol.com\/images\/webinar.jpg\"},{\"@type\":\"WebSite\",\"@id\":\"https:\/\/www.zensol.com\/#website\",\"url\":\"https:\/\/www.zensol.com\/\",\"name\":\"zensol\",\"description\":\"The Circuit Breaker, Recloser and Tap-Changer Instrument Test Specialist\",\"potentialAction\":[{\"@type\":\"SearchAction\",\"target\":{\"@type\":\"EntryPoint\",\"urlTemplate\":\"https:\/\/www.zensol.com\/?s={search_term_string}\"},\"query-input\":{\"@type\":\"PropertyValueSpecification\",\"valueRequired\":true,\"valueName\":\"search_term_string\"}}],\"inLanguage\":\"es\"}]}<\/script>\n<!-- \/ Yoast SEO plugin. -->","yoast_head_json":{"title":"Servicios - zensol","robots":{"index":"index","follow":"follow","max-snippet":"max-snippet:-1","max-image-preview":"max-image-preview:large","max-video-preview":"max-video-preview:-1"},"canonical":"https:\/\/www.zensol.com\/es\/servicios-2\/","og_locale":"es_ES","og_type":"article","og_title":"Servicios - zensol","og_url":"https:\/\/www.zensol.com\/es\/servicios-2\/","og_site_name":"zensol","article_modified_time":"2016-11-30T19:50:57+00:00","og_image":[{"url":"https:\/\/www.zensol.com\/images\/webinar.jpg","type":"","width":"","height":""}],"twitter_misc":{"Tiempo de lectura":"6 minutos"},"schema":{"@context":"https:\/\/schema.org","@graph":[{"@type":"WebPage","@id":"https:\/\/www.zensol.com\/es\/servicios-2\/","url":"https:\/\/www.zensol.com\/es\/servicios-2\/","name":"Servicios - zensol","isPartOf":{"@id":"https:\/\/www.zensol.com\/#website"},"primaryImageOfPage":{"@id":"https:\/\/www.zensol.com\/es\/servicios-2\/#primaryimage"},"image":{"@id":"https:\/\/www.zensol.com\/es\/servicios-2\/#primaryimage"},"thumbnailUrl":"https:\/\/www.zensol.com\/images\/webinar.jpg","datePublished":"2014-09-17T11:31:13+00:00","dateModified":"2016-11-30T19:50:57+00:00","inLanguage":"es","potentialAction":[{"@type":"ReadAction","target":["https:\/\/www.zensol.com\/es\/servicios-2\/"]}]},{"@type":"ImageObject","inLanguage":"es","@id":"https:\/\/www.zensol.com\/es\/servicios-2\/#primaryimage","url":"https:\/\/www.zensol.com\/images\/webinar.jpg","contentUrl":"https:\/\/www.zensol.com\/images\/webinar.jpg"},{"@type":"WebSite","@id":"https:\/\/www.zensol.com\/#website","url":"https:\/\/www.zensol.com\/","name":"zensol","description":"The Circuit Breaker, Recloser and Tap-Changer Instrument Test Specialist","potentialAction":[{"@type":"SearchAction","target":{"@type":"EntryPoint","urlTemplate":"https:\/\/www.zensol.com\/?s={search_term_string}"},"query-input":{"@type":"PropertyValueSpecification","valueRequired":true,"valueName":"search_term_string"}}],"inLanguage":"es"}]}},"_links":{"self":[{"href":"https:\/\/www.zensol.com\/es\/wp-json\/wp\/v2\/pages\/3102","targetHints":{"allow":["GET"]}}],"collection":[{"href":"https:\/\/www.zensol.com\/es\/wp-json\/wp\/v2\/pages"}],"about":[{"href":"https:\/\/www.zensol.com\/es\/wp-json\/wp\/v2\/types\/page"}],"author":[{"embeddable":true,"href":"https:\/\/www.zensol.com\/es\/wp-json\/wp\/v2\/users\/1"}],"replies":[{"embeddable":true,"href":"https:\/\/www.zensol.com\/es\/wp-json\/wp\/v2\/comments?post=3102"}],"version-history":[{"count":9,"href":"https:\/\/www.zensol.com\/es\/wp-json\/wp\/v2\/pages\/3102\/revisions"}],"predecessor-version":[{"id":5678,"href":"https:\/\/www.zensol.com\/es\/wp-json\/wp\/v2\/pages\/3102\/revisions\/5678"}],"wp:attachment":[{"href":"https:\/\/www.zensol.com\/es\/wp-json\/wp\/v2\/media?parent=3102"}],"curies":[{"name":"wp","href":"https:\/\/api.w.org\/{rel}","templated":true}]}}