{"id":2991,"date":"2014-09-09T21:08:47","date_gmt":"2014-09-09T20:08:47","guid":{"rendered":"https:\/\/www.zensol.net\/?page_id=2991"},"modified":"2023-04-28T10:52:23","modified_gmt":"2023-04-28T09:52:23","slug":"home","status":"publish","type":"page","link":"https:\/\/www.zensol.com\/es\/","title":{"rendered":"Home Zensol Es"},"content":{"rendered":"<div id='full_slider_1'  class='avia-fullwidth-slider main_color avia-shadow av-mini-hide  avia-builder-el-0  el_before_av_section  avia-builder-el-first   container_wrap sidebar_right'  ><div  class='avia-slideshow av-l3vuwx42-15cb6177424fdf533c57fc9862cbf208 avia-slideshow-featured av_slideshow_full avia-slide-slider av-mini-hide av-slideshow-ui av-control-default av-slideshow-manual av-loop-once av-loop-manual-endless av-default-height-applied   avia-slideshow-1' data-slideshow-options=\"{&quot;animation&quot;:&quot;slide&quot;,&quot;autoplay&quot;:false,&quot;loop_autoplay&quot;:&quot;once&quot;,&quot;interval&quot;:5,&quot;loop_manual&quot;:&quot;manual-endless&quot;,&quot;autoplay_stopper&quot;:false,&quot;noNavigation&quot;:false,&quot;bg_slider&quot;:false,&quot;keep_padding&quot;:false,&quot;hoverpause&quot;:false,&quot;show_slide_delay&quot;:0}\"  itemprop=\"image\" itemscope=\"itemscope\" itemtype=\"https:\/\/schema.org\/ImageObject\" ><ul class='avia-slideshow-inner ' style='padding-bottom: 36.6%;'><li  class='avia-slideshow-slide av-l3vuwx42-15cb6177424fdf533c57fc9862cbf208__0  av-single-slide slide-1 slide-odd'><div data-rel='slideshow-1' class='avia-slide-wrap '   ><img decoding=\"async\" class=\"wp-image-9268 avia-img-lazy-loading-not-9268\"  src=\"https:\/\/www.zensol.com\/wp-content\/uploads\/2018\/03\/cbv32_anglais2.jpg\" width=\"1000\" height=\"366\" title='cbv32_anglais2' alt=''  itemprop=\"thumbnailUrl\" srcset=\"https:\/\/www.zensol.com\/wp-content\/uploads\/2018\/03\/cbv32_anglais2.jpg 1000w, https:\/\/www.zensol.com\/wp-content\/uploads\/2018\/03\/cbv32_anglais2-300x110.jpg 300w, https:\/\/www.zensol.com\/wp-content\/uploads\/2018\/03\/cbv32_anglais2-768x281.jpg 768w, https:\/\/www.zensol.com\/wp-content\/uploads\/2018\/03\/cbv32_anglais2-705x258.jpg 705w, https:\/\/www.zensol.com\/wp-content\/uploads\/2018\/03\/cbv32_anglais2-450x165.jpg 450w\" sizes=\"(max-width: 1000px) 100vw, 1000px\" \/><\/div><\/li><\/ul><\/div><\/div>\n<div id='portfolio'  class='avia-section av-2rpb9r-8ae471693f51096f9ef5c63a18bbb133 alternate_color avia-section-large avia-shadow  avia-builder-el-1  el_after_av_slideshow_full  el_before_av_section  avia-bg-style-scroll container_wrap sidebar_right'  ><div class='container av-section-cont-open' ><div class='template-page content  av-content-small alpha units'><div class='post-entry post-entry-type-page post-entry-2991'><div class='entry-content-wrapper clearfix'>\n<div class='flex_column av-p6ig9r-31b55f255b8cc205ef25b17850e33697 av_one_full  avia-builder-el-2  avia-builder-el-no-sibling  first flex_column_div '     ><section  class='av_textblock_section av-ok2mhb-102357927fbdb4e768efeee737739ed9'  itemscope=\"itemscope\" itemtype=\"https:\/\/schema.org\/CreativeWork\" ><div class='avia_textblock'  itemprop=\"text\" ><h3 style=\"text-align: center;\"><span style=\"color: #000000;\">Zensol Automation Inc. es una empresa \u00a0canadiense especializada en el desarrollo, producci\u00f3n y venta de instrumentos para las empresas de energ\u00eda el\u00e9ctrica, servicios de mantenimiento \u00a0y \u00a0universidades.<\/span><\/h3>\n<\/div><\/section><br \/>\n<div  class='hr av-mo8pj3-5357faf27dac68bd1b48422ebaa232bc hr-short  avia-builder-el-4  el_after_av_textblock  el_before_av_textblock  hr-center'><span class='hr-inner '><span class=\"hr-inner-style\"><\/span><\/span><\/div><br \/>\n<section  class='av_textblock_section av-kc1svj-8c8980e274b93754bd422e8077cb2d57'  itemscope=\"itemscope\" itemtype=\"https:\/\/schema.org\/CreativeWork\" ><div class='avia_textblock'  itemprop=\"text\" ><p style=\"text-align: center;\"><span style=\"font-size: 14px; line-height: 1.5em;\">Con los a\u00f1os, Zensol ha desarrollado varios productos de vanguardia para probar y analizar los interruptores (CBA-32P, CBV-X, SIM-CB6), cambiadores de tomas bajo carga (TAP-4) y restauradores (GEN-X) dise\u00f1ados para garantizar el mejor rendimiento en ambientes dif\u00edciles.\u00a0<\/span><\/p>\n<p style=\"text-align: center;\">En el desarrollo del diagn\u00f3stico por el m\u00e9todo vibro-ac\u00fastico, Zensol se convirti\u00f3 en el pionero de un nuevo enfoque de pruebas para detectar fallas en los cambiadores de tomas bajo carga e interruptores. Esta tecnolog\u00eda permite diagnosticar a los transformadores e interruptores aun cuando est\u00e9n en servicio.<\/p>\n<\/div><\/section><\/p><\/div>\n\n<\/div><\/div><\/div><!-- close content main div --><\/div><\/div>\n<style type=\"text\/css\" data-created_by=\"avia_inline_auto\" id=\"style-css-av-ie8arj-0a4552a6aa05bcd34ad35f06d4d9cc3a\">\n.avia-section.av-ie8arj-0a4552a6aa05bcd34ad35f06d4d9cc3a{\nbackground-color:#f7f7f7;\nbackground-image:unset;\n}\n<\/style>\n<div id='about-us'  class='avia-section av-ie8arj-0a4552a6aa05bcd34ad35f06d4d9cc3a alternate_color avia-section-small avia-shadow  avia-builder-el-6  el_after_av_section  avia-builder-el-last  avia-bg-style-scroll container_wrap sidebar_right'  ><div class='container av-section-cont-open' ><div class='template-page content  av-content-small alpha units'><div class='post-entry post-entry-type-page post-entry-2991'><div class='entry-content-wrapper clearfix'>\n<div class='flex_column av-i6o3dr-016ab2b01f08cdad38b1f04ab43c23fc av_one_half  avia-builder-el-7  el_before_av_one_half  avia-builder-el-first  first flex_column_div '     ><section  class='av_textblock_section av-ghug7z-c5e01e7a3ae86f3f569ccd990559ec31'  itemscope=\"itemscope\" itemtype=\"https:\/\/schema.org\/CreativeWork\" ><div class='avia_textblock'  itemprop=\"text\" ><h2 style=\"text-align: right;\">\u00bf Qui\u00e9nes somos ?<\/h2>\n<\/div><\/section><br \/>\n<div  class='hr av-dh0mjz-8c6c6d296feca8542e89b3aaea35cfa1 hr-short  avia-builder-el-9  el_after_av_textblock  el_before_av_textblock  hr-right'><span class='hr-inner '><span class=\"hr-inner-style\"><\/span><\/span><\/div><br \/>\n<section  class='av_textblock_section av-cjex67-2a8179e967eeefc224d6a5d90f89043d'  itemscope=\"itemscope\" itemtype=\"https:\/\/schema.org\/CreativeWork\" ><div class='avia_textblock'  itemprop=\"text\" ><p style=\"text-align: right;\"><span style=\"font-size: 14px; line-height: 1.5em;\">Fundada en 1990, Zensol Automation Inc. es una compa\u00f1\u00eda canadiense especializada en el desarrollo, producci\u00f3n y venta de instrumentos para la Industria El\u00e9ctrica.<\/span><\/p>\n<p style=\"text-align: right;\">Con los a\u00f1os, hemos desarrollado varios productos de punta para probar y analizar los interruptores, cambiadores de tomas bajo carga y restauradores, est\u00e1n dise\u00f1ados para garantizar el mejor rendimiento en ambientes dif\u00edciles.<\/p>\n<p style=\"text-align: right;\">Durante casi 25 a\u00f1os, todos nuestros instrumentos han sido acompa\u00f1ados por un soporte de servicio de calidad en forma de seminarios, entrenamiento (en persona o v\u00eda remota) y webinars. Somos un equipo apasionado por lo que hacemos y trabajamos incansablemente para que Zensol se convierta en el est\u00e1ndar mundial en el diagn\u00f3stico de los equipos el\u00e9ctricos.<\/p>\n<\/div><\/section><br \/>\n<div  class='hr av-12kqlb-c85d02b2720328d4cbec434063421f29 hr-short  avia-builder-el-11  el_after_av_textblock  avia-builder-el-last  hr-right'><span class='hr-inner '><span class=\"hr-inner-style\"><\/span><\/span><\/div><\/p><\/div>\n<style type=\"text\/css\" data-created_by=\"avia_inline_auto\" id=\"style-css-av-8ws7bz-cd9a9904c507f7715edbb85637ece86c\">\n.flex_column.av-8ws7bz-cd9a9904c507f7715edbb85637ece86c{\n-webkit-border-radius:0px 0px 0px 0px;\n-moz-border-radius:0px 0px 0px 0px;\nborder-radius:0px 0px 0px 0px;\npadding:0px 0px 0px 0px;\n}\n<\/style>\n<div class='flex_column av-8ws7bz-cd9a9904c507f7715edbb85637ece86c av_one_half  avia-builder-el-12  el_after_av_one_half  avia-builder-el-last  flex_column_div av-zero-column-padding '     ><div  class='avia-icon-list-container av-86xcj3-f40b32a73b6ec4c472d9fd73b16feaf5  avia-builder-el-13  avia-builder-el-no-sibling '><ul class='avia-icon-list avia_animate_when_almost_visible avia-icon-list-left av-iconlist-big av-86xcj3-f40b32a73b6ec4c472d9fd73b16feaf5 avia-iconlist-animate'>\n<li><div class='iconlist_icon av-5k4xb3-51e1cd6a9a6f23244b8f5e0b726cb23b avia-font-entypo-fontello'><span class='iconlist-char' aria-hidden='true' data-av_icon='\ue812' data-av_iconfont='entypo-fontello'><\/span><\/div><article class=\"article-icon-entry \"  itemscope=\"itemscope\" itemtype=\"https:\/\/schema.org\/CreativeWork\" ><div class=\"iconlist_content_wrap\"><header class=\"entry-content-header\"><h4 class='av_iconlist_title iconlist_title  '  itemprop=\"headline\" >Zensol est\u00e1 certificado bajo la norma ISO 9001<\/h4><\/header><div class='iconlist_content '  itemprop=\"text\" ><p>Desde julio del 2018, Zensol ha pasado con \u00e9xito la norma ISO 9001: 2015.<\/p>\n<\/div><\/div><footer class=\"entry-footer\"><\/footer><\/article><div class=\"iconlist-timeline\"><\/div><\/li>\n<li><div class='iconlist_icon av-3vi527-14b3838faf1fea706942dae6cec55656 avia-font-entypo-fontello'><span class='iconlist-char' aria-hidden='true' data-av_icon='\ue812' data-av_iconfont='entypo-fontello'><\/span><\/div><article class=\"article-icon-entry \"  itemscope=\"itemscope\" itemtype=\"https:\/\/schema.org\/CreativeWork\" ><div class=\"iconlist_content_wrap\"><header class=\"entry-content-header\"><h4 class='av_iconlist_title iconlist_title  '  itemprop=\"headline\" >Servicios de I + D ( Investigaci\u00f3n y Desarrollo) <\/h4><\/header><div class='iconlist_content '  itemprop=\"text\" ><p>Zensol tambi\u00e9n ofrece servicios de Investigaci\u00f3n y Desarrollo, adem\u00e1s de las pruebas y entrenamiento.<\/p>\n<\/div><\/div><footer class=\"entry-footer\"><\/footer><\/article><div class=\"iconlist-timeline\"><\/div><\/li>\n<li><div class='iconlist_icon av-36isin-f50d53e7f611e6839a429b546b7b5b2b avia-font-entypo-fontello'><span class='iconlist-char' aria-hidden='true' data-av_icon='\ue812' data-av_iconfont='entypo-fontello'><\/span><\/div><article class=\"article-icon-entry \"  itemscope=\"itemscope\" itemtype=\"https:\/\/schema.org\/CreativeWork\" ><div class=\"iconlist_content_wrap\"><header class=\"entry-content-header\"><h4 class='av_iconlist_title iconlist_title  '  itemprop=\"headline\" >Servicio al cliente<\/h4><\/header><div class='iconlist_content '  itemprop=\"text\" ><p>Zensol desarrollo durante casi 25 a\u00f1os, sus instrumentos, ofreciendo sus servicios de calidad en forma de seminarios,entrenamiento (en persona o v\u00eda remota) y webinars.<br \/>\nNuestra asistencia est\u00e1 disponible en todo el mundo y garantizamos una respuesta a nuestros clientes en 48 horas.<\/p>\n<\/div><\/div><footer class=\"entry-footer\"><\/footer><\/article><div class=\"iconlist-timeline\"><\/div><\/li>\n<\/ul><\/div><\/div>\n<\/div><\/div><\/div><!-- close content main div --><\/div><\/div><div id='after_section_2'  class='main_color av_default_container_wrap container_wrap sidebar_right'  ><div class='container av-section-cont-open' ><div class='template-page content  av-content-small alpha units'><div class='post-entry post-entry-type-page post-entry-2991'><div class='entry-content-wrapper clearfix'>\n","protected":false},"excerpt":{"rendered":"","protected":false},"author":1,"featured_media":0,"parent":0,"menu_order":0,"comment_status":"closed","ping_status":"closed","template":"","meta":{"footnotes":""},"class_list":["post-2991","page","type-page","status-publish","hentry"],"yoast_head":"<!-- This site is optimized with the Yoast SEO plugin v26.3 - https:\/\/yoast.com\/wordpress\/plugins\/seo\/ -->\n<title>Fabricante de instrumentos de diagn\u00f3stico OLTC - Zensol<\/title>\n<meta name=\"description\" content=\"Producci\u00f3n y venta de instrumentos de diagn\u00f3stico para las empresas de energ\u00eda el\u00e9ctrica, sde ervicios de mantenimiento y las universidades.\" \/>\n<meta name=\"robots\" content=\"index, follow, max-snippet:-1, max-image-preview:large, max-video-preview:-1\" \/>\n<link rel=\"canonical\" href=\"https:\/\/www.zensol.com\/es\/\" \/>\n<meta property=\"og:locale\" content=\"es_ES\" \/>\n<meta property=\"og:type\" content=\"article\" \/>\n<meta property=\"og:title\" content=\"Fabricante de instrumentos de diagn\u00f3stico OLTC - Zensol\" \/>\n<meta property=\"og:description\" content=\"Producci\u00f3n y venta de instrumentos de diagn\u00f3stico para las empresas de energ\u00eda el\u00e9ctrica, sde ervicios de mantenimiento y las universidades.\" \/>\n<meta property=\"og:url\" content=\"https:\/\/www.zensol.com\/es\/\" \/>\n<meta property=\"og:site_name\" content=\"zensol\" \/>\n<meta property=\"article:modified_time\" content=\"2023-04-28T09:52:23+00:00\" \/>\n<meta name=\"twitter:label1\" content=\"Tiempo de lectura\" \/>\n\t<meta name=\"twitter:data1\" content=\"3 minutos\" \/>\n<script type=\"application\/ld+json\" class=\"yoast-schema-graph\">{\"@context\":\"https:\/\/schema.org\",\"@graph\":[{\"@type\":\"WebPage\",\"@id\":\"https:\/\/www.zensol.com\/es\/\",\"url\":\"https:\/\/www.zensol.com\/es\/\",\"name\":\"Fabricante de instrumentos de diagn\u00f3stico OLTC - Zensol\",\"isPartOf\":{\"@id\":\"https:\/\/www.zensol.com\/#website\"},\"datePublished\":\"2014-09-09T20:08:47+00:00\",\"dateModified\":\"2023-04-28T09:52:23+00:00\",\"description\":\"Producci\u00f3n y venta de instrumentos de diagn\u00f3stico para las empresas de energ\u00eda el\u00e9ctrica, sde ervicios de mantenimiento y las universidades.\",\"inLanguage\":\"es\",\"potentialAction\":[{\"@type\":\"ReadAction\",\"target\":[\"https:\/\/www.zensol.com\/es\/\"]}]},{\"@type\":\"WebSite\",\"@id\":\"https:\/\/www.zensol.com\/#website\",\"url\":\"https:\/\/www.zensol.com\/\",\"name\":\"zensol\",\"description\":\"The Circuit Breaker, Recloser and Tap-Changer Instrument Test Specialist\",\"potentialAction\":[{\"@type\":\"SearchAction\",\"target\":{\"@type\":\"EntryPoint\",\"urlTemplate\":\"https:\/\/www.zensol.com\/?s={search_term_string}\"},\"query-input\":{\"@type\":\"PropertyValueSpecification\",\"valueRequired\":true,\"valueName\":\"search_term_string\"}}],\"inLanguage\":\"es\"}]}<\/script>\n<!-- \/ Yoast SEO plugin. -->","yoast_head_json":{"title":"Fabricante de instrumentos de diagn\u00f3stico OLTC - Zensol","description":"Producci\u00f3n y venta de instrumentos de diagn\u00f3stico para las empresas de energ\u00eda el\u00e9ctrica, sde ervicios de mantenimiento y las universidades.","robots":{"index":"index","follow":"follow","max-snippet":"max-snippet:-1","max-image-preview":"max-image-preview:large","max-video-preview":"max-video-preview:-1"},"canonical":"https:\/\/www.zensol.com\/es\/","og_locale":"es_ES","og_type":"article","og_title":"Fabricante de instrumentos de diagn\u00f3stico OLTC - Zensol","og_description":"Producci\u00f3n y venta de instrumentos de diagn\u00f3stico para las empresas de energ\u00eda el\u00e9ctrica, sde ervicios de mantenimiento y las universidades.","og_url":"https:\/\/www.zensol.com\/es\/","og_site_name":"zensol","article_modified_time":"2023-04-28T09:52:23+00:00","twitter_misc":{"Tiempo de lectura":"3 minutos"},"schema":{"@context":"https:\/\/schema.org","@graph":[{"@type":"WebPage","@id":"https:\/\/www.zensol.com\/es\/","url":"https:\/\/www.zensol.com\/es\/","name":"Fabricante de instrumentos de diagn\u00f3stico OLTC - Zensol","isPartOf":{"@id":"https:\/\/www.zensol.com\/#website"},"datePublished":"2014-09-09T20:08:47+00:00","dateModified":"2023-04-28T09:52:23+00:00","description":"Producci\u00f3n y venta de instrumentos de diagn\u00f3stico para las empresas de energ\u00eda el\u00e9ctrica, sde ervicios de mantenimiento y las universidades.","inLanguage":"es","potentialAction":[{"@type":"ReadAction","target":["https:\/\/www.zensol.com\/es\/"]}]},{"@type":"WebSite","@id":"https:\/\/www.zensol.com\/#website","url":"https:\/\/www.zensol.com\/","name":"zensol","description":"The Circuit Breaker, Recloser and Tap-Changer Instrument Test Specialist","potentialAction":[{"@type":"SearchAction","target":{"@type":"EntryPoint","urlTemplate":"https:\/\/www.zensol.com\/?s={search_term_string}"},"query-input":{"@type":"PropertyValueSpecification","valueRequired":true,"valueName":"search_term_string"}}],"inLanguage":"es"}]}},"_links":{"self":[{"href":"https:\/\/www.zensol.com\/es\/wp-json\/wp\/v2\/pages\/2991","targetHints":{"allow":["GET"]}}],"collection":[{"href":"https:\/\/www.zensol.com\/es\/wp-json\/wp\/v2\/pages"}],"about":[{"href":"https:\/\/www.zensol.com\/es\/wp-json\/wp\/v2\/types\/page"}],"author":[{"embeddable":true,"href":"https:\/\/www.zensol.com\/es\/wp-json\/wp\/v2\/users\/1"}],"replies":[{"embeddable":true,"href":"https:\/\/www.zensol.com\/es\/wp-json\/wp\/v2\/comments?post=2991"}],"version-history":[{"count":25,"href":"https:\/\/www.zensol.com\/es\/wp-json\/wp\/v2\/pages\/2991\/revisions"}],"predecessor-version":[{"id":13115,"href":"https:\/\/www.zensol.com\/es\/wp-json\/wp\/v2\/pages\/2991\/revisions\/13115"}],"wp:attachment":[{"href":"https:\/\/www.zensol.com\/es\/wp-json\/wp\/v2\/media?parent=2991"}],"curies":[{"name":"wp","href":"https:\/\/api.w.org\/{rel}","templated":true}]}}